{"id":39132,"date":"2026-03-30T12:04:04","date_gmt":"2026-03-30T10:04:04","guid":{"rendered":"https:\/\/bigbuy.tupique.com\/produto\/uninterruptible-power-supply-system-interactive-ups-riello-vsd-3000-3000-va-refurbished-a\/"},"modified":"2026-05-09T02:14:16","modified_gmt":"2026-05-09T00:14:16","slug":"uninterruptible-power-supply-system-interactive-ups-riello-vsd-3000-3000-va-refurbished-a","status":"publish","type":"product","link":"https:\/\/tupique.com\/pt\/product\/uninterruptible-power-supply-system-interactive-ups-riello-vsd-3000-3000-va-refurbished-a\/","title":{"rendered":"Sistema de Alimenta\u00e7\u00e3o Ininterrupta Interativo Riello VSD 3000 3000 VA (Recondicionado A)"},"content":{"rendered":"<p>Si vous \u00eates \u00e0 la recherche de nouvelles tendances sur le march\u00e9, nous vous pr\u00e9sentons <b>Sistema de Alimenta\u00e7\u00e3o Ininterrupta Interativo Riello VSD 3000 3000 VA (Recondicionado A)<\/b> !<\/p>\n<p>Ler <b>SAI Interactif Riello VSD 3000<\/b> est une solution avanc\u00e9e con\u00e7ue pour offrir une <b>protection \u00e9lectrique sup\u00e9rieure<\/b> dans les environnements professionnels n\u00e9cessitant continuit\u00e9 et s\u00e9curit\u00e9 d\u2019alimentation, tels que les <b>salles serveurs<\/b>, syst\u00e8mes informatiques ou centres de donn\u00e9es. Dot\u00e9 d\u2019une <b>puissance de sortie de 2700 W (3000 VA)<\/b>, ce mod\u00e8le g\u00e8re les charges critiques et appareils sensibles face aux variations et coupures du r\u00e9seau. Son <b>r\u00e9gulateur automatique de tension (AVR)<\/b> stabilise l\u2019alimentation et prot\u00e8ge contre les surintensit\u00e9s, surtensions, sous-tensions et courts-circuits, r\u00e9duisant l\u2019usage inutile de la batterie et prolongeant l\u2019autonomie. Le format <b>tour\/rack<\/b> de la s\u00e9rie Vision Dual offre une installation flexible et un design fonctionnel en <b>noir<\/b>, avec des dimensions de 625 x 450 x 87 mm et un poids de 31,5 kg, s\u2019adaptant aux armoires 19\u201d ou \u00e0 une installation au sol. Ce SAI dispose de <b>9 sorties AC<\/b> (8 x C13 et 1 x C19), connectivit\u00e9 avanc\u00e9e via <b>USB 2.0<\/b>, <b>RJ45<\/b> e <b>RS-232<\/b>, ainsi qu\u2019un panneau digital frontal amovible et orientable pour une accessibilit\u00e9 optimale. Il offre un <b>facteur de puissance de 0,98<\/b>, une efficacit\u00e9 de 98 % et un faible niveau sonore (40 dB), id\u00e9al pour les espaces sensibles au bruit. Prend en charge les batteries \u00e9changeables \u00e0 chaud, extension d\u2019autonomie avec armoires externes (mod\u00e8le ER), et la fonction \u201c<b>cold start<\/b>\u201d permet l\u2019allumage sans r\u00e9seau. Filtre EMI int\u00e9gr\u00e9 contre les pics et transitoires, syst\u00e8me de protection contre la d\u00e9charge profonde pour maximiser la dur\u00e9e de vie des batteries. Plage de fonctionnement 220\u2013240 V, compatible avec le r\u00e9seau europ\u00e9en, et syst\u00e8me EnergyShare pour la priorit\u00e9 des charges critiques, font du Riello VSD 3000 une solution fiable, polyvalente et facile \u00e0 g\u00e9rer pour les installations exigeant continuit\u00e9 et s\u00e9curit\u00e9 des donn\u00e9es.<\/p>\n<ul>\n<li>Type de prise: Prise EU<\/li>\n<li>Tipo:\n<ul>\n<li>Syst\u00e8me d&#8217;Alimentation Sans Interruption Interactif<\/li>\n<li>SAI<\/li>\n<li>C19<\/li>\n<li>Tour<\/li>\n<\/ul>\n<\/li>\n<li>Produit \u00e0 brancher: Oui<\/li>\n<li>Connexions:\n<ul>\n<li>C13<\/li>\n<li>USB 2.0<\/li>\n<li>RJ45<\/li>\n<li>AC x 9<\/li>\n<li>C20 coupler<\/li>\n<\/ul>\n<\/li>\n<li>Volume sonore: 40 dB<\/li>\n<li>puissance:\n<ul>\n<li>3000 VA<\/li>\n<li>2700 W<\/li>\n<\/ul>\n<\/li>\n<li>Largeur:\n<ul>\n<li>450 mm<\/li>\n<li>61 cm<\/li>\n<\/ul>\n<\/li>\n<li>Puissance nominale: 3 kVA<\/li>\n<li>Couleur: Noir<\/li>\n<li>Tension: 220 V<\/li>\n<li>Tension d&#8217;entr\u00e9e AC: 240 V<\/li>\n<li>Temps de charge approx.: 4 heures<\/li>\n<li>Niveau sonore: 40 dB<\/li>\n<li>Fr\u00e9quence: 50\/60 Hz<\/li>\n<\/ul>\n<p><\/p>\n<p>Riello Vision Dual 3000. capacit\u00e9 de la puissance de sortie: 3 kVA, Puissance de sortie: 2700 W, Tension de voltage \u00e0 l&#8217;entr\u00e9e (min): 220 V. Types de sortie AC: Coupleur C13, Coupleur C19, Prise m\u00e2le: Coupleur C20, Nombre de prises en sortie: 9 sortie(s) CA. Temps de rechargement de la batterie: 4 h. Format: Rack\/Tour, Couleur du produit: Noir. Largeur: 450 mm, Profondeur: 625 mm, Hauteur: 87 mm<\/p>\n<p><\/p>\n<ul>\n<li>capacit\u00e9 de la puissance de sortie: 3 kVA<\/li>\n<li>Puissance de sortie: 2700 W<\/li>\n<li>Tension de voltage \u00e0 l&#8217;entr\u00e9e (min): 220 V<\/li>\n<li>Tension de voltage \u00e0 l&#8217;entr\u00e9e (max): 240 V<\/li>\n<li>Fr\u00e9quence d&#8217;entr\u00e9e: 50\/60 Hz<\/li>\n<li>Estimation de mont\u00e9e subite d&#8217;\u00e9nergie: 300 J<\/li>\n<li>Facteur de puissance: 0,98<\/li>\n<li>Facteur de cr\u00eate: 2,5:1<\/li>\n<li>Niveau sonore: 40 dB<\/li>\n<li>Dispositifs de protection \u00e9lectrique: Sur-courant, Surtension, Court-circuit, Sous-tension<\/li>\n<li>Types de sortie AC: Coupleur C13, Coupleur C19<\/li>\n<li>Prise m\u00e2le: Coupleur C20<\/li>\n<li>Nombre de prises en sortie: 9 sortie(s) CA<\/li>\n<li>Quantit\u00e9 de Ports USB 2.0: 1<\/li>\n<li>Port RS-232: 1<\/li>\n<li>Temps de rechargement de la batterie: 4 h<\/li>\n<li>Format: Rack\/Tour<\/li>\n<li>Couleur du produit: Noir<\/li>\n<li>Temp\u00e9rature d&#8217;op\u00e9ration: 0 &#8211; 40 \u00b0C<\/li>\n<li>Humidit\u00e9 relative de fonctionnement (H-H): 0 &#8211; 95%<\/li>\n<li>Largeur: 450 mm<\/li>\n<li>Profondeur: 625 mm<\/li>\n<li>Hauteur: 87 mm<\/li>\n<li>Poids: 31,5 kg<\/li>\n<li>Poids du paquet: 36,5 kg<\/li>\n<li>Dimensions du colis (LxPxH): 600 x 760 x 240 mm<\/li>\n<\/ul>\n<p>RECONDITIONN\u00c9S: Il s\u00b4agit de produits renvoy\u00e9s pendant la p\u00e9riode de d\u00e9sistement ou d\u00b4exposition qui ont pu \u00eatre utilis\u00e9s pour effectuer des tests ; certains se vendent avec l\u00b4emballage en mauvaise \u00e9tat ou avec l\u00b4emballage original visiblement ouvert. Tous les produits ont subi une r\u00e9vision, ils contiennent la garantie officielle de la marque et fonctionnent parfaitement. Classification selon leur \u00e9tat: <\/p>\n<ul>\n<li>A+\/ Impeccable : produits en \u00e9tat impeccable dont l\u00b4emballage original peut se trouver ouvert ou a \u00e9t\u00e9 remplac\u00e9 par un autre en parfaites conditions.<\/li>\n<li>A\/ Comme neuf : produits en parfait \u00e9tat comme neuf dont l\u00b4emballage original peut se trouver ouvert ou l\u00e9g\u00e8rement d\u00e9t\u00e9rior\u00e9, ou a \u00e9t\u00e9 remplac\u00e9 par un autre.<\/li>\n<li>B\/ Tr\u00e8s bien : produits en tr\u00e8s bon \u00e9tat, avec de possibles d\u00e9fauts esth\u00e9tiques l\u00e9gers, qui fonctionnent parfaitement et dont l\u00b4emballage original peut se trouver ouvert ou l\u00e9g\u00e8rement d\u00e9t\u00e9rior\u00e9.<\/li>\n<li>C\/ Bon \u00e9tat : produits en bon \u00e9tat, avec de possibles d\u00e9fauts esth\u00e9tiques, qui fonctionnent parfaitement et dont l\u00b4emballage original peut se trouver ouvert ou l\u00e9g\u00e8rement d\u00e9t\u00e9rior\u00e9.<\/li>\n<li>D\/ Correct : produits en correct \u00e9tat, avec de possibles d\u00e9fauts esth\u00e9tiques ou manque d\u00b4un accessoires quelconques, qui fonctionnent parfaitement et dont l\u00b4emballage original peut se trouver ouvert ou l\u00e9g\u00e8rement d\u00e9t\u00e9rior\u00e9.<\/li>\n<\/ul>","protected":false},"excerpt":{"rendered":"<p>Si vous \u00eates \u00e0 la recherche de nouvelles tendances sur le march\u00e9, nous vous pr\u00e9sentons Syst\u00e8me d&#8217;Alimentation Sans Interruption Interactif Riello VSD 3000 3000 VA (Reconditionn\u00e9 A) ! Le SAI Interactif Riello VSD 3000 est une solution avanc\u00e9e con\u00e7ue pour offrir une protection \u00e9lectrique sup\u00e9rieure dans les environnements professionnels n\u00e9cessitant continuit\u00e9 et s\u00e9curit\u00e9 d\u2019alimentation, tels [&hellip;]<\/p>\n","protected":false},"featured_media":39123,"comment_status":"open","ping_status":"closed","template":"","meta":[],"product_brand":[651],"product_cat":[65,581,173,174,603],"product_tag":[166,106],"class_list":{"0":"post-39132","1":"product","2":"type-product","3":"status-publish","4":"has-post-thumbnail","6":"product_brand-brandp_4825","7":"product_cat-informatique-electronique","8":"product_cat-informatique-peripheriques-et-consommables","9":"product_cat-promos-reconditionnes","10":"product_cat-reconditionnes-openbox","11":"product_cat-ups","12":"product_tag-tag_1297","13":"product_tag-tag_1295","15":"first","16":"instock","17":"taxable","18":"shipping-taxable","19":"purchasable","20":"product-type-simple"},"yoast_head":"<!-- This site is optimized with the Yoast SEO plugin v27.5 - https:\/\/yoast.com\/product\/yoast-seo-wordpress\/ -->\n<title>Syst\u00e8me d&#039;Alimentation Sans Interruption Interactif Riello VSD 3000 3000 VA (Reconditionn\u00e9 A) - Tupique<\/title>\n<meta name=\"robots\" content=\"index, follow, max-snippet:-1, max-image-preview:large, max-video-preview:-1\" \/>\n<link rel=\"canonical\" href=\"https:\/\/tupique.com\/pt\/product\/uninterruptible-power-supply-system-interactive-ups-riello-vsd-3000-3000-va-refurbished-a\/\" \/>\n<meta property=\"og:locale\" content=\"pt_PT\" \/>\n<meta property=\"og:type\" content=\"article\" \/>\n<meta property=\"og:title\" content=\"Syst\u00e8me d&#039;Alimentation Sans Interruption Interactif Riello VSD 3000 3000 VA (Reconditionn\u00e9 A) - Tupique\" \/>\n<meta property=\"og:description\" content=\"Si vous \u00eates \u00e0 la recherche de nouvelles tendances sur le march\u00e9, nous vous pr\u00e9sentons Syst\u00e8me d&#8217;Alimentation Sans Interruption Interactif Riello VSD 3000 3000 VA (Reconditionn\u00e9 A) ! Le SAI Interactif Riello VSD 3000 est une solution avanc\u00e9e con\u00e7ue pour offrir une protection \u00e9lectrique sup\u00e9rieure dans les environnements professionnels n\u00e9cessitant continuit\u00e9 et s\u00e9curit\u00e9 d\u2019alimentation, tels [&hellip;]\" \/>\n<meta property=\"og:url\" content=\"https:\/\/tupique.com\/pt\/product\/uninterruptible-power-supply-system-interactive-ups-riello-vsd-3000-3000-va-refurbished-a\/\" \/>\n<meta property=\"og:site_name\" content=\"Tupique\" \/>\n<meta property=\"article:modified_time\" content=\"2026-05-09T00:14:16+00:00\" \/>\n<meta property=\"og:image\" content=\"https:\/\/tupique.com\/wp-content\/uploads\/2026\/03\/8023251004490_M0517802_P00.jpg\" \/>\n\t<meta property=\"og:image:width\" content=\"1200\" \/>\n\t<meta property=\"og:image:height\" content=\"1200\" \/>\n\t<meta property=\"og:image:type\" content=\"image\/jpeg\" \/>\n<meta name=\"twitter:card\" content=\"summary_large_image\" \/>\n<meta name=\"twitter:label1\" content=\"Tempo estimado de leitura\" \/>\n\t<meta name=\"twitter:data1\" content=\"4 minutos\" \/>\n<script type=\"application\/ld+json\" class=\"yoast-schema-graph\">{\"@context\":\"https:\\\/\\\/schema.org\",\"@graph\":[{\"@type\":\"WebPage\",\"@id\":\"https:\\\/\\\/tupique.com\\\/product\\\/uninterruptible-power-supply-system-interactive-ups-riello-vsd-3000-3000-va-refurbished-a\\\/\",\"url\":\"https:\\\/\\\/tupique.com\\\/product\\\/uninterruptible-power-supply-system-interactive-ups-riello-vsd-3000-3000-va-refurbished-a\\\/\",\"name\":\"Syst\u00e8me d'Alimentation Sans Interruption Interactif Riello VSD 3000 3000 VA (Reconditionn\u00e9 A) - Tupique\",\"isPartOf\":{\"@id\":\"https:\\\/\\\/tupique.com\\\/#website\"},\"primaryImageOfPage\":{\"@id\":\"https:\\\/\\\/tupique.com\\\/product\\\/uninterruptible-power-supply-system-interactive-ups-riello-vsd-3000-3000-va-refurbished-a\\\/#primaryimage\"},\"image\":{\"@id\":\"https:\\\/\\\/tupique.com\\\/product\\\/uninterruptible-power-supply-system-interactive-ups-riello-vsd-3000-3000-va-refurbished-a\\\/#primaryimage\"},\"thumbnailUrl\":\"https:\\\/\\\/tupique.com\\\/wp-content\\\/uploads\\\/2026\\\/03\\\/8023251004490_M0517802_P00.jpg\",\"datePublished\":\"2026-03-30T10:04:04+00:00\",\"dateModified\":\"2026-05-09T00:14:16+00:00\",\"breadcrumb\":{\"@id\":\"https:\\\/\\\/tupique.com\\\/product\\\/uninterruptible-power-supply-system-interactive-ups-riello-vsd-3000-3000-va-refurbished-a\\\/#breadcrumb\"},\"inLanguage\":\"pt-PT\",\"potentialAction\":[{\"@type\":\"ReadAction\",\"target\":[\"https:\\\/\\\/tupique.com\\\/product\\\/uninterruptible-power-supply-system-interactive-ups-riello-vsd-3000-3000-va-refurbished-a\\\/\"]}]},{\"@type\":\"ImageObject\",\"inLanguage\":\"pt-PT\",\"@id\":\"https:\\\/\\\/tupique.com\\\/product\\\/uninterruptible-power-supply-system-interactive-ups-riello-vsd-3000-3000-va-refurbished-a\\\/#primaryimage\",\"url\":\"https:\\\/\\\/tupique.com\\\/wp-content\\\/uploads\\\/2026\\\/03\\\/8023251004490_M0517802_P00.jpg\",\"contentUrl\":\"https:\\\/\\\/tupique.com\\\/wp-content\\\/uploads\\\/2026\\\/03\\\/8023251004490_M0517802_P00.jpg\",\"width\":1200,\"height\":1200,\"caption\":\"V0709550_0\"},{\"@type\":\"BreadcrumbList\",\"@id\":\"https:\\\/\\\/tupique.com\\\/product\\\/uninterruptible-power-supply-system-interactive-ups-riello-vsd-3000-3000-va-refurbished-a\\\/#breadcrumb\",\"itemListElement\":[{\"@type\":\"ListItem\",\"position\":1,\"name\":\"commencer\",\"item\":\"https:\\\/\\\/tupique.com\\\/\"},{\"@type\":\"ListItem\",\"position\":2,\"name\":\"Loja\",\"item\":\"https:\\\/\\\/tupique.com\\\/loja\\\/\"},{\"@type\":\"ListItem\",\"position\":3,\"name\":\"Syst\u00e8me d&#8217;Alimentation Sans Interruption Interactif Riello VSD 3000 3000 VA (Reconditionn\u00e9 A)\"}]},{\"@type\":\"WebSite\",\"@id\":\"https:\\\/\\\/tupique.com\\\/#website\",\"url\":\"https:\\\/\\\/tupique.com\\\/\",\"name\":\"Tupique\",\"description\":\"\",\"publisher\":{\"@id\":\"https:\\\/\\\/tupique.com\\\/#organization\"},\"potentialAction\":[{\"@type\":\"SearchAction\",\"target\":{\"@type\":\"EntryPoint\",\"urlTemplate\":\"https:\\\/\\\/tupique.com\\\/?s={search_term_string}\"},\"query-input\":{\"@type\":\"PropertyValueSpecification\",\"valueRequired\":true,\"valueName\":\"search_term_string\"}}],\"inLanguage\":\"pt-PT\"},{\"@type\":\"Organization\",\"@id\":\"https:\\\/\\\/tupique.com\\\/#organization\",\"name\":\"Tupique\",\"url\":\"https:\\\/\\\/tupique.com\\\/\",\"logo\":{\"@type\":\"ImageObject\",\"inLanguage\":\"pt-PT\",\"@id\":\"https:\\\/\\\/tupique.com\\\/#\\\/schema\\\/logo\\\/image\\\/\",\"url\":\"https:\\\/\\\/tupique.com\\\/wp-content\\\/uploads\\\/2026\\\/03\\\/logo-tupique-1.webp\",\"contentUrl\":\"https:\\\/\\\/tupique.com\\\/wp-content\\\/uploads\\\/2026\\\/03\\\/logo-tupique-1.webp\",\"width\":500,\"height\":67,\"caption\":\"Tupique\"},\"image\":{\"@id\":\"https:\\\/\\\/tupique.com\\\/#\\\/schema\\\/logo\\\/image\\\/\"}}]}<\/script>\n<!-- \/ Yoast SEO plugin. -->","yoast_head_json":{"title":"Syst\u00e8me d'Alimentation Sans Interruption Interactif Riello VSD 3000 3000 VA (Reconditionn\u00e9 A) - Tupique","robots":{"index":"index","follow":"follow","max-snippet":"max-snippet:-1","max-image-preview":"max-image-preview:large","max-video-preview":"max-video-preview:-1"},"canonical":"https:\/\/tupique.com\/pt\/product\/uninterruptible-power-supply-system-interactive-ups-riello-vsd-3000-3000-va-refurbished-a\/","og_locale":"pt_PT","og_type":"article","og_title":"Syst\u00e8me d'Alimentation Sans Interruption Interactif Riello VSD 3000 3000 VA (Reconditionn\u00e9 A) - Tupique","og_description":"Si vous \u00eates \u00e0 la recherche de nouvelles tendances sur le march\u00e9, nous vous pr\u00e9sentons Syst\u00e8me d&#8217;Alimentation Sans Interruption Interactif Riello VSD 3000 3000 VA (Reconditionn\u00e9 A) ! Le SAI Interactif Riello VSD 3000 est une solution avanc\u00e9e con\u00e7ue pour offrir une protection \u00e9lectrique sup\u00e9rieure dans les environnements professionnels n\u00e9cessitant continuit\u00e9 et s\u00e9curit\u00e9 d\u2019alimentation, tels [&hellip;]","og_url":"https:\/\/tupique.com\/pt\/product\/uninterruptible-power-supply-system-interactive-ups-riello-vsd-3000-3000-va-refurbished-a\/","og_site_name":"Tupique","article_modified_time":"2026-05-09T00:14:16+00:00","og_image":[{"width":1200,"height":1200,"url":"https:\/\/tupique.com\/wp-content\/uploads\/2026\/03\/8023251004490_M0517802_P00.jpg","type":"image\/jpeg"}],"twitter_card":"summary_large_image","twitter_misc":{"Tempo estimado de leitura":"4 minutos"},"schema":{"@context":"https:\/\/schema.org","@graph":[{"@type":"WebPage","@id":"https:\/\/tupique.com\/product\/uninterruptible-power-supply-system-interactive-ups-riello-vsd-3000-3000-va-refurbished-a\/","url":"https:\/\/tupique.com\/product\/uninterruptible-power-supply-system-interactive-ups-riello-vsd-3000-3000-va-refurbished-a\/","name":"Syst\u00e8me d'Alimentation Sans Interruption Interactif Riello VSD 3000 3000 VA (Reconditionn\u00e9 A) - Tupique","isPartOf":{"@id":"https:\/\/tupique.com\/#website"},"primaryImageOfPage":{"@id":"https:\/\/tupique.com\/product\/uninterruptible-power-supply-system-interactive-ups-riello-vsd-3000-3000-va-refurbished-a\/#primaryimage"},"image":{"@id":"https:\/\/tupique.com\/product\/uninterruptible-power-supply-system-interactive-ups-riello-vsd-3000-3000-va-refurbished-a\/#primaryimage"},"thumbnailUrl":"https:\/\/tupique.com\/wp-content\/uploads\/2026\/03\/8023251004490_M0517802_P00.jpg","datePublished":"2026-03-30T10:04:04+00:00","dateModified":"2026-05-09T00:14:16+00:00","breadcrumb":{"@id":"https:\/\/tupique.com\/product\/uninterruptible-power-supply-system-interactive-ups-riello-vsd-3000-3000-va-refurbished-a\/#breadcrumb"},"inLanguage":"pt-PT","potentialAction":[{"@type":"ReadAction","target":["https:\/\/tupique.com\/product\/uninterruptible-power-supply-system-interactive-ups-riello-vsd-3000-3000-va-refurbished-a\/"]}]},{"@type":"ImageObject","inLanguage":"pt-PT","@id":"https:\/\/tupique.com\/product\/uninterruptible-power-supply-system-interactive-ups-riello-vsd-3000-3000-va-refurbished-a\/#primaryimage","url":"https:\/\/tupique.com\/wp-content\/uploads\/2026\/03\/8023251004490_M0517802_P00.jpg","contentUrl":"https:\/\/tupique.com\/wp-content\/uploads\/2026\/03\/8023251004490_M0517802_P00.jpg","width":1200,"height":1200,"caption":"V0709550_0"},{"@type":"BreadcrumbList","@id":"https:\/\/tupique.com\/product\/uninterruptible-power-supply-system-interactive-ups-riello-vsd-3000-3000-va-refurbished-a\/#breadcrumb","itemListElement":[{"@type":"ListItem","position":1,"name":"commencer","item":"https:\/\/tupique.com\/"},{"@type":"ListItem","position":2,"name":"Loja","item":"https:\/\/tupique.com\/loja\/"},{"@type":"ListItem","position":3,"name":"Syst\u00e8me d&#8217;Alimentation Sans Interruption Interactif Riello VSD 3000 3000 VA (Reconditionn\u00e9 A)"}]},{"@type":"WebSite","@id":"https:\/\/tupique.com\/#website","url":"https:\/\/tupique.com\/","name":"Tupique","description":"","publisher":{"@id":"https:\/\/tupique.com\/#organization"},"potentialAction":[{"@type":"SearchAction","target":{"@type":"EntryPoint","urlTemplate":"https:\/\/tupique.com\/?s={search_term_string}"},"query-input":{"@type":"PropertyValueSpecification","valueRequired":true,"valueName":"search_term_string"}}],"inLanguage":"pt-PT"},{"@type":"Organization","@id":"https:\/\/tupique.com\/#organization","name":"Tupique","url":"https:\/\/tupique.com\/","logo":{"@type":"ImageObject","inLanguage":"pt-PT","@id":"https:\/\/tupique.com\/#\/schema\/logo\/image\/","url":"https:\/\/tupique.com\/wp-content\/uploads\/2026\/03\/logo-tupique-1.webp","contentUrl":"https:\/\/tupique.com\/wp-content\/uploads\/2026\/03\/logo-tupique-1.webp","width":500,"height":67,"caption":"Tupique"},"image":{"@id":"https:\/\/tupique.com\/#\/schema\/logo\/image\/"}}]}},"_links":{"self":[{"href":"https:\/\/tupique.com\/pt\/wp-json\/wp\/v2\/product\/39132","targetHints":{"allow":["GET"]}}],"collection":[{"href":"https:\/\/tupique.com\/pt\/wp-json\/wp\/v2\/product"}],"about":[{"href":"https:\/\/tupique.com\/pt\/wp-json\/wp\/v2\/types\/product"}],"replies":[{"embeddable":true,"href":"https:\/\/tupique.com\/pt\/wp-json\/wp\/v2\/comments?post=39132"}],"wp:featuredmedia":[{"embeddable":true,"href":"https:\/\/tupique.com\/pt\/wp-json\/wp\/v2\/media\/39123"}],"wp:attachment":[{"href":"https:\/\/tupique.com\/pt\/wp-json\/wp\/v2\/media?parent=39132"}],"wp:term":[{"taxonomy":"product_brand","embeddable":true,"href":"https:\/\/tupique.com\/pt\/wp-json\/wp\/v2\/product_brand?post=39132"},{"taxonomy":"product_cat","embeddable":true,"href":"https:\/\/tupique.com\/pt\/wp-json\/wp\/v2\/product_cat?post=39132"},{"taxonomy":"product_tag","embeddable":true,"href":"https:\/\/tupique.com\/pt\/wp-json\/wp\/v2\/product_tag?post=39132"}],"curies":[{"name":"wp","href":"https:\/\/api.w.org\/{rel}","templated":true}]}}