{"id":43509,"date":"2026-03-30T16:29:35","date_gmt":"2026-03-30T15:29:35","guid":{"rendered":"https:\/\/bigbuy.tupique.com\/produto\/monitor-lg-34u601sa-w-ultrawide-quad-hd-34\/"},"modified":"2026-04-11T18:51:42","modified_gmt":"2026-04-11T17:51:42","slug":"monitor-lg-34u601sa-w-ultrawide-quad-hd-34","status":"publish","type":"product","link":"https:\/\/tupique.com\/pt\/product\/monitor-lg-34u601sa-w-ultrawide-quad-hd-34\/","title":{"rendered":"Monitor LG 34U601SA-W UltraWide Quad HD 34&#8243;"},"content":{"rendered":"<p>Se procura artigos em voga no mercado, apresentamos o <b>Monitor LG 34U601SA-W UltraWide Quad HD 34&#8243;<\/b>!<\/p>\n<ul>\n<li>Type: Monitor<\/li>\n<li>Produto com ficha: Sim<\/li>\n<li>Energy classification: F<\/li>\n<li>Tipo de ficha: Ficha UE<\/li>\n<li>Alimenta\u00e7\u00e3o: Rede El\u00e9trica<\/li>\n<li>Colour: White<\/li>\n<li>Response Time: 5 ms<\/li>\n<li>VESA:\n<ul>\n<li>10 x 10 cm<\/li>\n<li>7,5 x 7,5 cm<\/li>\n<\/ul>\n<\/li>\n<li>Shine: 300 cd\/m\u00b2<\/li>\n<li>Resolution (px): 3440 x 1440 px<\/li>\n<li>Voltage: 100-240 V<\/li>\n<li>Screen: 34&#8243;<\/li>\n<li>Aspect ratio: 21:9<\/li>\n<li>Conex\u00f5es:\n<ul>\n<li>HDMI<\/li>\n<li>HDMI x 2<\/li>\n<li>USB 2.0 x 2<\/li>\n<\/ul>\n<\/li>\n<li>Tecnologia:\n<ul>\n<li>LCD<\/li>\n<li>VA<\/li>\n<li>LFD<\/li>\n<\/ul>\n<\/li>\n<li>Frequency:\n<ul>\n<li>100 Hz<\/li>\n<li>50 &#8211; 60 Hz<\/li>\n<\/ul>\n<\/li>\n<li>Caracter\u00edsticas:\n<ul>\n<li>LCD Screen<\/li>\n<li>Screen<\/li>\n<li>With support<\/li>\n<li>Ecr\u00e3 plano<\/li>\n<\/ul>\n<\/li>\n<li>Connectivity: HDMI<\/li>\n<li>Assembly:\n<ul>\n<li>Independent<\/li>\n<li>Wall mounting<\/li>\n<\/ul>\n<\/li>\n<li>Energy consumption: 45 W<\/li>\n<li>Recommended use: Desktop PC<\/li>\n<li>Resolution: UltraWide Quad HD<\/li>\n<li>Diagonal of the screen (cm): 86,4 cm<\/li>\n<\/ul>","protected":false},"excerpt":{"rendered":"<p>If you are looking for new market trending items, we present the Monitor LG 34U601SA-W UltraWide Quad HD 34&#8243;! Type: Monitor Product with plug: Yes Energy classification: F Type of plug: Plug EU Power supply: Electric Network Colour: White Response Time: 5 ms VESA: 10 x 10 cm 7,5 x 7,5 cm Shine: 300 cd\/m\u00b2 [&hellip;]<\/p>\n","protected":false},"featured_media":43492,"comment_status":"open","ping_status":"closed","template":"","meta":[],"product_brand":[662],"product_cat":[65,581,616],"product_tag":[213,106],"class_list":{"0":"post-43509","1":"product","2":"type-product","3":"status-publish","4":"has-post-thumbnail","6":"product_brand-brandp_559","7":"product_cat-computers-electronics","8":"product_cat-electronics-peripherals-and-spares","9":"product_cat-monitors","10":"product_tag-tag_933","11":"product_tag-tag_1295","13":"first","14":"instock","15":"taxable","16":"shipping-taxable","17":"purchasable","18":"product-type-simple"},"yoast_head":"<!-- This site is optimized with the Yoast SEO plugin v27.5 - https:\/\/yoast.com\/product\/yoast-seo-wordpress\/ -->\n<title>Monitor LG 34U601SA-W UltraWide Quad HD 34&quot; - Tupique<\/title>\n<meta name=\"robots\" content=\"index, follow, max-snippet:-1, max-image-preview:large, max-video-preview:-1\" \/>\n<link rel=\"canonical\" href=\"https:\/\/tupique.com\/pt\/product\/monitor-lg-34u601sa-w-ultrawide-quad-hd-34\/\" \/>\n<meta property=\"og:locale\" content=\"pt_PT\" \/>\n<meta property=\"og:type\" content=\"article\" \/>\n<meta property=\"og:title\" content=\"Monitor LG 34U601SA-W UltraWide Quad HD 34&quot; - Tupique\" \/>\n<meta property=\"og:description\" content=\"If you are looking for new market trending items, we present the Monitor LG 34U601SA-W UltraWide Quad HD 34&#8243;! Type: Monitor Product with plug: Yes Energy classification: F Type of plug: Plug EU Power supply: Electric Network Colour: White Response Time: 5 ms VESA: 10 x 10 cm 7,5 x 7,5 cm Shine: 300 cd\/m\u00b2 [&hellip;]\" \/>\n<meta property=\"og:url\" content=\"https:\/\/tupique.com\/pt\/product\/monitor-lg-34u601sa-w-ultrawide-quad-hd-34\/\" \/>\n<meta property=\"og:site_name\" content=\"Tupique\" \/>\n<meta property=\"article:modified_time\" content=\"2026-04-11T17:51:42+00:00\" \/>\n<meta property=\"og:image\" content=\"https:\/\/tupique.com\/wp-content\/uploads\/2026\/03\/8806096574409_R00.jpg\" \/>\n\t<meta property=\"og:image:width\" content=\"1200\" \/>\n\t<meta property=\"og:image:height\" content=\"1200\" \/>\n\t<meta property=\"og:image:type\" content=\"image\/jpeg\" \/>\n<meta name=\"twitter:card\" content=\"summary_large_image\" \/>\n<script type=\"application\/ld+json\" class=\"yoast-schema-graph\">{\"@context\":\"https:\\\/\\\/schema.org\",\"@graph\":[{\"@type\":\"WebPage\",\"@id\":\"https:\\\/\\\/tupique.com\\\/product\\\/monitor-lg-34u601sa-w-ultrawide-quad-hd-34\\\/\",\"url\":\"https:\\\/\\\/tupique.com\\\/product\\\/monitor-lg-34u601sa-w-ultrawide-quad-hd-34\\\/\",\"name\":\"Monitor LG 34U601SA-W UltraWide Quad HD 34\\\" - Tupique\",\"isPartOf\":{\"@id\":\"https:\\\/\\\/tupique.com\\\/#website\"},\"primaryImageOfPage\":{\"@id\":\"https:\\\/\\\/tupique.com\\\/product\\\/monitor-lg-34u601sa-w-ultrawide-quad-hd-34\\\/#primaryimage\"},\"image\":{\"@id\":\"https:\\\/\\\/tupique.com\\\/product\\\/monitor-lg-34u601sa-w-ultrawide-quad-hd-34\\\/#primaryimage\"},\"thumbnailUrl\":\"https:\\\/\\\/tupique.com\\\/wp-content\\\/uploads\\\/2026\\\/03\\\/8806096574409_R00.jpg\",\"datePublished\":\"2026-03-30T15:29:35+00:00\",\"dateModified\":\"2026-04-11T17:51:42+00:00\",\"breadcrumb\":{\"@id\":\"https:\\\/\\\/tupique.com\\\/product\\\/monitor-lg-34u601sa-w-ultrawide-quad-hd-34\\\/#breadcrumb\"},\"inLanguage\":\"pt-PT\",\"potentialAction\":[{\"@type\":\"ReadAction\",\"target\":[\"https:\\\/\\\/tupique.com\\\/product\\\/monitor-lg-34u601sa-w-ultrawide-quad-hd-34\\\/\"]}]},{\"@type\":\"ImageObject\",\"inLanguage\":\"pt-PT\",\"@id\":\"https:\\\/\\\/tupique.com\\\/product\\\/monitor-lg-34u601sa-w-ultrawide-quad-hd-34\\\/#primaryimage\",\"url\":\"https:\\\/\\\/tupique.com\\\/wp-content\\\/uploads\\\/2026\\\/03\\\/8806096574409_R00.jpg\",\"contentUrl\":\"https:\\\/\\\/tupique.com\\\/wp-content\\\/uploads\\\/2026\\\/03\\\/8806096574409_R00.jpg\",\"width\":1200,\"height\":1200,\"caption\":\"S55315405_0\"},{\"@type\":\"BreadcrumbList\",\"@id\":\"https:\\\/\\\/tupique.com\\\/product\\\/monitor-lg-34u601sa-w-ultrawide-quad-hd-34\\\/#breadcrumb\",\"itemListElement\":[{\"@type\":\"ListItem\",\"position\":1,\"name\":\"commencer\",\"item\":\"https:\\\/\\\/tupique.com\\\/\"},{\"@type\":\"ListItem\",\"position\":2,\"name\":\"Loja\",\"item\":\"https:\\\/\\\/tupique.com\\\/loja\\\/\"},{\"@type\":\"ListItem\",\"position\":3,\"name\":\"Monitor LG 34U601SA-W UltraWide Quad HD 34&#8243;\"}]},{\"@type\":\"WebSite\",\"@id\":\"https:\\\/\\\/tupique.com\\\/#website\",\"url\":\"https:\\\/\\\/tupique.com\\\/\",\"name\":\"Tupique\",\"description\":\"\",\"publisher\":{\"@id\":\"https:\\\/\\\/tupique.com\\\/#organization\"},\"potentialAction\":[{\"@type\":\"SearchAction\",\"target\":{\"@type\":\"EntryPoint\",\"urlTemplate\":\"https:\\\/\\\/tupique.com\\\/?s={search_term_string}\"},\"query-input\":{\"@type\":\"PropertyValueSpecification\",\"valueRequired\":true,\"valueName\":\"search_term_string\"}}],\"inLanguage\":\"pt-PT\"},{\"@type\":\"Organization\",\"@id\":\"https:\\\/\\\/tupique.com\\\/#organization\",\"name\":\"Tupique\",\"url\":\"https:\\\/\\\/tupique.com\\\/\",\"logo\":{\"@type\":\"ImageObject\",\"inLanguage\":\"pt-PT\",\"@id\":\"https:\\\/\\\/tupique.com\\\/#\\\/schema\\\/logo\\\/image\\\/\",\"url\":\"https:\\\/\\\/tupique.com\\\/wp-content\\\/uploads\\\/2026\\\/03\\\/logo-tupique-1.webp\",\"contentUrl\":\"https:\\\/\\\/tupique.com\\\/wp-content\\\/uploads\\\/2026\\\/03\\\/logo-tupique-1.webp\",\"width\":500,\"height\":67,\"caption\":\"Tupique\"},\"image\":{\"@id\":\"https:\\\/\\\/tupique.com\\\/#\\\/schema\\\/logo\\\/image\\\/\"}}]}<\/script>\n<!-- \/ Yoast SEO plugin. -->","yoast_head_json":{"title":"Monitor LG 34U601SA-W UltraWide Quad HD 34\" - Tupique","robots":{"index":"index","follow":"follow","max-snippet":"max-snippet:-1","max-image-preview":"max-image-preview:large","max-video-preview":"max-video-preview:-1"},"canonical":"https:\/\/tupique.com\/pt\/product\/monitor-lg-34u601sa-w-ultrawide-quad-hd-34\/","og_locale":"pt_PT","og_type":"article","og_title":"Monitor LG 34U601SA-W UltraWide Quad HD 34\" - Tupique","og_description":"If you are looking for new market trending items, we present the Monitor LG 34U601SA-W UltraWide Quad HD 34&#8243;! Type: Monitor Product with plug: Yes Energy classification: F Type of plug: Plug EU Power supply: Electric Network Colour: White Response Time: 5 ms VESA: 10 x 10 cm 7,5 x 7,5 cm Shine: 300 cd\/m\u00b2 [&hellip;]","og_url":"https:\/\/tupique.com\/pt\/product\/monitor-lg-34u601sa-w-ultrawide-quad-hd-34\/","og_site_name":"Tupique","article_modified_time":"2026-04-11T17:51:42+00:00","og_image":[{"width":1200,"height":1200,"url":"https:\/\/tupique.com\/wp-content\/uploads\/2026\/03\/8806096574409_R00.jpg","type":"image\/jpeg"}],"twitter_card":"summary_large_image","schema":{"@context":"https:\/\/schema.org","@graph":[{"@type":"WebPage","@id":"https:\/\/tupique.com\/product\/monitor-lg-34u601sa-w-ultrawide-quad-hd-34\/","url":"https:\/\/tupique.com\/product\/monitor-lg-34u601sa-w-ultrawide-quad-hd-34\/","name":"Monitor LG 34U601SA-W UltraWide Quad HD 34\" - Tupique","isPartOf":{"@id":"https:\/\/tupique.com\/#website"},"primaryImageOfPage":{"@id":"https:\/\/tupique.com\/product\/monitor-lg-34u601sa-w-ultrawide-quad-hd-34\/#primaryimage"},"image":{"@id":"https:\/\/tupique.com\/product\/monitor-lg-34u601sa-w-ultrawide-quad-hd-34\/#primaryimage"},"thumbnailUrl":"https:\/\/tupique.com\/wp-content\/uploads\/2026\/03\/8806096574409_R00.jpg","datePublished":"2026-03-30T15:29:35+00:00","dateModified":"2026-04-11T17:51:42+00:00","breadcrumb":{"@id":"https:\/\/tupique.com\/product\/monitor-lg-34u601sa-w-ultrawide-quad-hd-34\/#breadcrumb"},"inLanguage":"pt-PT","potentialAction":[{"@type":"ReadAction","target":["https:\/\/tupique.com\/product\/monitor-lg-34u601sa-w-ultrawide-quad-hd-34\/"]}]},{"@type":"ImageObject","inLanguage":"pt-PT","@id":"https:\/\/tupique.com\/product\/monitor-lg-34u601sa-w-ultrawide-quad-hd-34\/#primaryimage","url":"https:\/\/tupique.com\/wp-content\/uploads\/2026\/03\/8806096574409_R00.jpg","contentUrl":"https:\/\/tupique.com\/wp-content\/uploads\/2026\/03\/8806096574409_R00.jpg","width":1200,"height":1200,"caption":"S55315405_0"},{"@type":"BreadcrumbList","@id":"https:\/\/tupique.com\/product\/monitor-lg-34u601sa-w-ultrawide-quad-hd-34\/#breadcrumb","itemListElement":[{"@type":"ListItem","position":1,"name":"commencer","item":"https:\/\/tupique.com\/"},{"@type":"ListItem","position":2,"name":"Loja","item":"https:\/\/tupique.com\/loja\/"},{"@type":"ListItem","position":3,"name":"Monitor LG 34U601SA-W UltraWide Quad HD 34&#8243;"}]},{"@type":"WebSite","@id":"https:\/\/tupique.com\/#website","url":"https:\/\/tupique.com\/","name":"Tupique","description":"","publisher":{"@id":"https:\/\/tupique.com\/#organization"},"potentialAction":[{"@type":"SearchAction","target":{"@type":"EntryPoint","urlTemplate":"https:\/\/tupique.com\/?s={search_term_string}"},"query-input":{"@type":"PropertyValueSpecification","valueRequired":true,"valueName":"search_term_string"}}],"inLanguage":"pt-PT"},{"@type":"Organization","@id":"https:\/\/tupique.com\/#organization","name":"Tupique","url":"https:\/\/tupique.com\/","logo":{"@type":"ImageObject","inLanguage":"pt-PT","@id":"https:\/\/tupique.com\/#\/schema\/logo\/image\/","url":"https:\/\/tupique.com\/wp-content\/uploads\/2026\/03\/logo-tupique-1.webp","contentUrl":"https:\/\/tupique.com\/wp-content\/uploads\/2026\/03\/logo-tupique-1.webp","width":500,"height":67,"caption":"Tupique"},"image":{"@id":"https:\/\/tupique.com\/#\/schema\/logo\/image\/"}}]}},"_links":{"self":[{"href":"https:\/\/tupique.com\/pt\/wp-json\/wp\/v2\/product\/43509","targetHints":{"allow":["GET"]}}],"collection":[{"href":"https:\/\/tupique.com\/pt\/wp-json\/wp\/v2\/product"}],"about":[{"href":"https:\/\/tupique.com\/pt\/wp-json\/wp\/v2\/types\/product"}],"replies":[{"embeddable":true,"href":"https:\/\/tupique.com\/pt\/wp-json\/wp\/v2\/comments?post=43509"}],"wp:featuredmedia":[{"embeddable":true,"href":"https:\/\/tupique.com\/pt\/wp-json\/wp\/v2\/media\/43492"}],"wp:attachment":[{"href":"https:\/\/tupique.com\/pt\/wp-json\/wp\/v2\/media?parent=43509"}],"wp:term":[{"taxonomy":"product_brand","embeddable":true,"href":"https:\/\/tupique.com\/pt\/wp-json\/wp\/v2\/product_brand?post=43509"},{"taxonomy":"product_cat","embeddable":true,"href":"https:\/\/tupique.com\/pt\/wp-json\/wp\/v2\/product_cat?post=43509"},{"taxonomy":"product_tag","embeddable":true,"href":"https:\/\/tupique.com\/pt\/wp-json\/wp\/v2\/product_tag?post=43509"}],"curies":[{"name":"wp","href":"https:\/\/api.w.org\/{rel}","templated":true}]}}