{"id":4370861,"date":"2026-03-23T19:25:15","date_gmt":"2026-03-23T18:25:15","guid":{"rendered":"https:\/\/tupique.com\/produit\/smartphone-xiaomi-25080rabdg-683-octa-core-8-gb-ram-512-gb-argente\/"},"modified":"2026-03-31T16:57:34","modified_gmt":"2026-03-31T15:57:34","slug":"smartphone-xiaomi-25080rabdg-683-octa-core-8-gb-ram-512-gb-argente","status":"publish","type":"product","link":"https:\/\/tupique.com\/pt\/produto\/smartphone-xiaomi-25080rabdg-683-octa-core-8-gb-ram-512-gb-argente\/","title":{"rendered":"Smartphone Xiaomi 25080RABDG 6,83&#8243; Octa Core 8 GB RAM 512 GB Argent\u00e9"},"content":{"rendered":"<p>Se est\u00e1 \u00e0 procura das \u00faltimas tend\u00eancias do mercado, temos tudo o que precisa. <b>Smartphone Xiaomi 25080RABDG 6,83&#8243; Octa Core 8 GB RAM 512 GB Argent\u00e9<\/b> !<\/p>\n<ul>\n<li>Tipo: Smartphone<\/li>\n<li>Produto de encaixe: Sim<\/li>\n<li>Bloc d\u2019Alimentation: r\u00e9seau \u00e9lectrique<\/li>\n<li>Tecnologia: AMOLED<\/li>\n<li>Ecran: 6,83&#8243;<\/li>\n<li>Sistema operativo: Android<\/li>\n<li>puissance: 45 W<\/li>\n<li>Connectivit\u00e9: NFC<\/li>\n<li>Cam\u00e9ra\/Appareil Photo: 20 mpx<\/li>\n<li>Liga\u00e7\u00f5es: USB-C<\/li>\n<li>Processeur: Octa Core<\/li>\n<li>Mem\u00f3ria RAM: 8 GB de RAM<\/li>\n<li>Mem\u00f3ria interna: 512 GB<\/li>\n<li>Cor: Prateado<\/li>\n<\/ul>","protected":false},"excerpt":{"rendered":"<p>Si vous \u00eates \u00e0 la recherche de nouvelles tendances sur le march\u00e9, nous vous pr\u00e9sentons Smartphone Xiaomi 25080RABDG 6,83&#8243; Octa<\/p>","protected":false},"featured_media":4374720,"comment_status":"open","ping_status":"open","template":"","meta":{"_joinchat":[]},"product_brand":[],"product_cat":[157523,157516,157524],"product_tag":[157514,157522,157515],"class_list":{"0":"post-4370861","1":"product","2":"type-product","3":"status-publish","4":"has-post-thumbnail","6":"product_cat-electronique-telephonie-et-tablettes","7":"product_cat-informatique-electronique","8":"product_cat-telephones-portables","9":"product_tag-tag_933","10":"product_tag-tag_547","11":"product_tag-tag_1295","13":"first","14":"instock","15":"taxable","16":"shipping-taxable","17":"purchasable","18":"product-type-simple"},"yoast_head":"<!-- This site is optimized with the Yoast SEO plugin v27.2 - https:\/\/yoast.com\/product\/yoast-seo-wordpress\/ -->\n<title>Smartphone Xiaomi 25080RABDG 6,83&quot; Octa Core 8 GB RAM 512 GB Argent\u00e9 - Tupique<\/title>\n<meta name=\"description\" content=\"Vous cherchez Smartphone Xiaomi 25080RABDG 6,83&quot; Octa Core 8 GB RAM 512 GB Argent\u00e9 ? Achetez des produits chez Tupique. Profitez de la livraison gratuite pour obtenir Smartphone Xiaomi 25080RABDG 6,83&quot; Octa Core 8 GB RAM 512 GB Argent\u00e9 d\u00e8s maintenant.\" \/>\n<meta name=\"robots\" content=\"index, follow, max-snippet:-1, max-image-preview:large, max-video-preview:-1\" \/>\n<link rel=\"canonical\" href=\"https:\/\/tupique.com\/pt\/produto\/smartphone-xiaomi-25080rabdg-683-octa-core-8-gb-ram-512-gb-argente\/\" \/>\n<meta property=\"og:locale\" content=\"pt_PT\" \/>\n<meta property=\"og:type\" content=\"article\" \/>\n<meta property=\"og:title\" content=\"Smartphone Xiaomi 25080RABDG 6,83&quot; Octa Core 8 GB RAM 512 GB Argent\u00e9 - Tupique\" \/>\n<meta property=\"og:description\" content=\"Vous cherchez Smartphone Xiaomi 25080RABDG 6,83&quot; Octa Core 8 GB RAM 512 GB Argent\u00e9 ? Achetez des produits chez Tupique. Profitez de la livraison gratuite pour obtenir Smartphone Xiaomi 25080RABDG 6,83&quot; Octa Core 8 GB RAM 512 GB Argent\u00e9 d\u00e8s maintenant.\" \/>\n<meta property=\"og:url\" content=\"https:\/\/tupique.com\/pt\/produto\/smartphone-xiaomi-25080rabdg-683-octa-core-8-gb-ram-512-gb-argente\/\" \/>\n<meta property=\"og:site_name\" content=\"Tupique\" \/>\n<meta property=\"article:modified_time\" content=\"2026-03-31T15:57:34+00:00\" \/>\n<meta name=\"twitter:card\" content=\"summary_large_image\" \/>\n<script type=\"application\/ld+json\" class=\"yoast-schema-graph\">{\"@context\":\"https:\/\/schema.org\",\"@graph\":[{\"@type\":\"WebPage\",\"@id\":\"https:\/\/tupique.com\/produit\/smartphone-xiaomi-25080rabdg-683-octa-core-8-gb-ram-512-gb-argente\/\",\"url\":\"https:\/\/tupique.com\/produit\/smartphone-xiaomi-25080rabdg-683-octa-core-8-gb-ram-512-gb-argente\/\",\"name\":\"Smartphone Xiaomi 25080RABDG 6,83\\\" Octa Core 8 GB RAM 512 GB Argent\u00e9 - Tupique\",\"isPartOf\":{\"@id\":\"https:\/\/tupique.com\/#website\"},\"primaryImageOfPage\":{\"@id\":\"https:\/\/tupique.com\/produit\/smartphone-xiaomi-25080rabdg-683-octa-core-8-gb-ram-512-gb-argente\/#primaryimage\"},\"image\":{\"@id\":\"https:\/\/tupique.com\/produit\/smartphone-xiaomi-25080rabdg-683-octa-core-8-gb-ram-512-gb-argente\/#primaryimage\"},\"thumbnailUrl\":\"https:\/\/tupique.com\/wp-content\/uploads\/2026\/03\/6932554478612_M0807400_P00.jpg\",\"datePublished\":\"2026-03-23T18:25:15+00:00\",\"dateModified\":\"2026-03-31T15:57:34+00:00\",\"description\":\"Vous cherchez Smartphone Xiaomi 25080RABDG 6,83\\\" Octa Core 8 GB RAM 512 GB Argent\u00e9 ? Achetez des produits chez Tupique. Profitez de la livraison gratuite pour obtenir Smartphone Xiaomi 25080RABDG 6,83\\\" Octa Core 8 GB RAM 512 GB Argent\u00e9 d\u00e8s maintenant.\",\"breadcrumb\":{\"@id\":\"https:\/\/tupique.com\/produit\/smartphone-xiaomi-25080rabdg-683-octa-core-8-gb-ram-512-gb-argente\/#breadcrumb\"},\"inLanguage\":\"pt-PT\",\"potentialAction\":[{\"@type\":\"ReadAction\",\"target\":[\"https:\/\/tupique.com\/produit\/smartphone-xiaomi-25080rabdg-683-octa-core-8-gb-ram-512-gb-argente\/\"]}]},{\"@type\":\"ImageObject\",\"inLanguage\":\"pt-PT\",\"@id\":\"https:\/\/tupique.com\/produit\/smartphone-xiaomi-25080rabdg-683-octa-core-8-gb-ram-512-gb-argente\/#primaryimage\",\"url\":\"https:\/\/tupique.com\/wp-content\/uploads\/2026\/03\/6932554478612_M0807400_P00.jpg\",\"contentUrl\":\"https:\/\/tupique.com\/wp-content\/uploads\/2026\/03\/6932554478612_M0807400_P00.jpg\",\"width\":1200,\"height\":1200,\"caption\":\"M0807400_0\"},{\"@type\":\"BreadcrumbList\",\"@id\":\"https:\/\/tupique.com\/produit\/smartphone-xiaomi-25080rabdg-683-octa-core-8-gb-ram-512-gb-argente\/#breadcrumb\",\"itemListElement\":[{\"@type\":\"ListItem\",\"position\":1,\"name\":\"In\u00edcio\",\"item\":\"https:\/\/tupique.com\/\"},{\"@type\":\"ListItem\",\"position\":2,\"name\":\"Boutique\",\"item\":\"https:\/\/tupique.com\/en\/boutique\/\"},{\"@type\":\"ListItem\",\"position\":3,\"name\":\"Smartphone Xiaomi 25080RABDG 6,83&#8243; Octa Core 8 GB RAM 512 GB Argent\u00e9\"}]},{\"@type\":\"WebSite\",\"@id\":\"https:\/\/tupique.com\/#website\",\"url\":\"https:\/\/tupique.com\/\",\"name\":\"Tupique\",\"description\":\"Marketplace\",\"publisher\":{\"@id\":\"https:\/\/tupique.com\/#organization\"},\"potentialAction\":[{\"@type\":\"SearchAction\",\"target\":{\"@type\":\"EntryPoint\",\"urlTemplate\":\"https:\/\/tupique.com\/?s={search_term_string}\"},\"query-input\":{\"@type\":\"PropertyValueSpecification\",\"valueRequired\":true,\"valueName\":\"search_term_string\"}}],\"inLanguage\":\"pt-PT\"},{\"@type\":\"Organization\",\"@id\":\"https:\/\/tupique.com\/#organization\",\"name\":\"Tupique\",\"url\":\"https:\/\/tupique.com\/\",\"logo\":{\"@type\":\"ImageObject\",\"inLanguage\":\"pt-PT\",\"@id\":\"https:\/\/tupique.com\/#\/schema\/logo\/image\/\",\"url\":\"https:\/\/tupique.com\/wp-content\/uploads\/2024\/09\/logo.png\",\"contentUrl\":\"https:\/\/tupique.com\/wp-content\/uploads\/2024\/09\/logo.png\",\"width\":1118,\"height\":310,\"caption\":\"Tupique\"},\"image\":{\"@id\":\"https:\/\/tupique.com\/#\/schema\/logo\/image\/\"}}]}<\/script>\n<!-- \/ Yoast SEO plugin. -->","yoast_head_json":{"title":"Smartphone Xiaomi 25080RABDG 6,83\" Octa Core 8 GB RAM 512 GB Argent\u00e9 - Tupique","description":"Vous cherchez Smartphone Xiaomi 25080RABDG 6,83\" Octa Core 8 GB RAM 512 GB Argent\u00e9 ? Achetez des produits chez Tupique. Profitez de la livraison gratuite pour obtenir Smartphone Xiaomi 25080RABDG 6,83\" Octa Core 8 GB RAM 512 GB Argent\u00e9 d\u00e8s maintenant.","robots":{"index":"index","follow":"follow","max-snippet":"max-snippet:-1","max-image-preview":"max-image-preview:large","max-video-preview":"max-video-preview:-1"},"canonical":"https:\/\/tupique.com\/pt\/produto\/smartphone-xiaomi-25080rabdg-683-octa-core-8-gb-ram-512-gb-argente\/","og_locale":"pt_PT","og_type":"article","og_title":"Smartphone Xiaomi 25080RABDG 6,83\" Octa Core 8 GB RAM 512 GB Argent\u00e9 - Tupique","og_description":"Vous cherchez Smartphone Xiaomi 25080RABDG 6,83\" Octa Core 8 GB RAM 512 GB Argent\u00e9 ? Achetez des produits chez Tupique. Profitez de la livraison gratuite pour obtenir Smartphone Xiaomi 25080RABDG 6,83\" Octa Core 8 GB RAM 512 GB Argent\u00e9 d\u00e8s maintenant.","og_url":"https:\/\/tupique.com\/pt\/produto\/smartphone-xiaomi-25080rabdg-683-octa-core-8-gb-ram-512-gb-argente\/","og_site_name":"Tupique","article_modified_time":"2026-03-31T15:57:34+00:00","twitter_card":"summary_large_image","schema":{"@context":"https:\/\/schema.org","@graph":[{"@type":"WebPage","@id":"https:\/\/tupique.com\/produit\/smartphone-xiaomi-25080rabdg-683-octa-core-8-gb-ram-512-gb-argente\/","url":"https:\/\/tupique.com\/produit\/smartphone-xiaomi-25080rabdg-683-octa-core-8-gb-ram-512-gb-argente\/","name":"Smartphone Xiaomi 25080RABDG 6,83\" Octa Core 8 GB RAM 512 GB Argent\u00e9 - Tupique","isPartOf":{"@id":"https:\/\/tupique.com\/#website"},"primaryImageOfPage":{"@id":"https:\/\/tupique.com\/produit\/smartphone-xiaomi-25080rabdg-683-octa-core-8-gb-ram-512-gb-argente\/#primaryimage"},"image":{"@id":"https:\/\/tupique.com\/produit\/smartphone-xiaomi-25080rabdg-683-octa-core-8-gb-ram-512-gb-argente\/#primaryimage"},"thumbnailUrl":"https:\/\/tupique.com\/wp-content\/uploads\/2026\/03\/6932554478612_M0807400_P00.jpg","datePublished":"2026-03-23T18:25:15+00:00","dateModified":"2026-03-31T15:57:34+00:00","description":"Vous cherchez Smartphone Xiaomi 25080RABDG 6,83\" Octa Core 8 GB RAM 512 GB Argent\u00e9 ? Achetez des produits chez Tupique. Profitez de la livraison gratuite pour obtenir Smartphone Xiaomi 25080RABDG 6,83\" Octa Core 8 GB RAM 512 GB Argent\u00e9 d\u00e8s maintenant.","breadcrumb":{"@id":"https:\/\/tupique.com\/produit\/smartphone-xiaomi-25080rabdg-683-octa-core-8-gb-ram-512-gb-argente\/#breadcrumb"},"inLanguage":"pt-PT","potentialAction":[{"@type":"ReadAction","target":["https:\/\/tupique.com\/produit\/smartphone-xiaomi-25080rabdg-683-octa-core-8-gb-ram-512-gb-argente\/"]}]},{"@type":"ImageObject","inLanguage":"pt-PT","@id":"https:\/\/tupique.com\/produit\/smartphone-xiaomi-25080rabdg-683-octa-core-8-gb-ram-512-gb-argente\/#primaryimage","url":"https:\/\/tupique.com\/wp-content\/uploads\/2026\/03\/6932554478612_M0807400_P00.jpg","contentUrl":"https:\/\/tupique.com\/wp-content\/uploads\/2026\/03\/6932554478612_M0807400_P00.jpg","width":1200,"height":1200,"caption":"M0807400_0"},{"@type":"BreadcrumbList","@id":"https:\/\/tupique.com\/produit\/smartphone-xiaomi-25080rabdg-683-octa-core-8-gb-ram-512-gb-argente\/#breadcrumb","itemListElement":[{"@type":"ListItem","position":1,"name":"In\u00edcio","item":"https:\/\/tupique.com\/"},{"@type":"ListItem","position":2,"name":"Boutique","item":"https:\/\/tupique.com\/en\/boutique\/"},{"@type":"ListItem","position":3,"name":"Smartphone Xiaomi 25080RABDG 6,83&#8243; Octa Core 8 GB RAM 512 GB Argent\u00e9"}]},{"@type":"WebSite","@id":"https:\/\/tupique.com\/#website","url":"https:\/\/tupique.com\/","name":"Tupique","description":"Marketplace","publisher":{"@id":"https:\/\/tupique.com\/#organization"},"potentialAction":[{"@type":"SearchAction","target":{"@type":"EntryPoint","urlTemplate":"https:\/\/tupique.com\/?s={search_term_string}"},"query-input":{"@type":"PropertyValueSpecification","valueRequired":true,"valueName":"search_term_string"}}],"inLanguage":"pt-PT"},{"@type":"Organization","@id":"https:\/\/tupique.com\/#organization","name":"Tupique","url":"https:\/\/tupique.com\/","logo":{"@type":"ImageObject","inLanguage":"pt-PT","@id":"https:\/\/tupique.com\/#\/schema\/logo\/image\/","url":"https:\/\/tupique.com\/wp-content\/uploads\/2024\/09\/logo.png","contentUrl":"https:\/\/tupique.com\/wp-content\/uploads\/2024\/09\/logo.png","width":1118,"height":310,"caption":"Tupique"},"image":{"@id":"https:\/\/tupique.com\/#\/schema\/logo\/image\/"}}]}},"jetpack_sharing_enabled":true,"_links":{"self":[{"href":"https:\/\/tupique.com\/pt\/wp-json\/wp\/v2\/product\/4370861","targetHints":{"allow":["GET"]}}],"collection":[{"href":"https:\/\/tupique.com\/pt\/wp-json\/wp\/v2\/product"}],"about":[{"href":"https:\/\/tupique.com\/pt\/wp-json\/wp\/v2\/types\/product"}],"replies":[{"embeddable":true,"href":"https:\/\/tupique.com\/pt\/wp-json\/wp\/v2\/comments?post=4370861"}],"wp:featuredmedia":[{"embeddable":true,"href":"https:\/\/tupique.com\/pt\/wp-json\/wp\/v2\/media\/4374720"}],"wp:attachment":[{"href":"https:\/\/tupique.com\/pt\/wp-json\/wp\/v2\/media?parent=4370861"}],"wp:term":[{"taxonomy":"product_brand","embeddable":true,"href":"https:\/\/tupique.com\/pt\/wp-json\/wp\/v2\/product_brand?post=4370861"},{"taxonomy":"product_cat","embeddable":true,"href":"https:\/\/tupique.com\/pt\/wp-json\/wp\/v2\/product_cat?post=4370861"},{"taxonomy":"product_tag","embeddable":true,"href":"https:\/\/tupique.com\/pt\/wp-json\/wp\/v2\/product_tag?post=4370861"}],"curies":[{"name":"wp","href":"https:\/\/api.w.org\/{rel}","templated":true}]}}