{"id":4371100,"date":"2026-03-23T19:46:41","date_gmt":"2026-03-23T18:46:41","guid":{"rendered":"https:\/\/tupique.com\/produit\/disque-dur-kingston-sedc600m-3840g-tlc-3d-nand-384-tb-ssd\/"},"modified":"2026-04-08T01:55:32","modified_gmt":"2026-04-08T00:55:32","slug":"disque-dur-kingston-sedc600m-3840g-tlc-3d-nand-384-tb-ssd","status":"publish","type":"product","link":"https:\/\/tupique.com\/pt\/produto\/disque-dur-kingston-sedc600m-3840g-tlc-3d-nand-384-tb-ssd\/","title":{"rendered":"Disco r\u00edgido SSD Kingston SEDC600M\/3840G TLC 3D NAND de 3,84 TB"},"content":{"rendered":"<p>Se \u00e9 apaixonado por\u2019<b>inform\u00e1tica e eletr\u00f3nica<\/b>, Se est\u00e1 na vanguarda da tecnologia e n\u00e3o quer perder nada, compre <b>Disco r\u00edgido SSD Kingston SEDC600M\/3840G TLC 3D NAND de 3,84 TB<\/b> ao melhor pre\u00e7o.<\/p>\n<p>Le <b>DC600M de Kingston<\/b> \u00e9 um <b>disque SSD<\/b> professionnel au format <b>2,5&#8243;<\/b> sp\u00e9cialement con\u00e7u pour les environnements de centres de donn\u00e9es n\u00e9cessitant un stockage efficace et robuste. Ce mod\u00e8le int\u00e8gre une interface avanc\u00e9e <b>SATA III<\/b> prenant en charge des vitesses de transfert allant jusqu\u2019\u00e0 <b>6 Gbit\/s<\/b> et atteint des taux de lecture s\u00e9quentielle jusqu\u2019\u00e0 <b>530 Mo\/s<\/b>, garantissant un flux de donn\u00e9es stable et un acc\u00e8s rapide \u00e0 l\u2019information, essentiels pour les infrastructures de serveurs et les solutions de stockage cloud. Sa <b>capacit\u00e9 g\u00e9n\u00e9reuse de 3,84 To<\/b> permet aux entreprises et prestataires de services de g\u00e9rer de grands volumes de fichiers et de bases de donn\u00e9es sans compromettre les performances. Le DC600M est \u00e9quip\u00e9 d\u2019un chiffrement <b>AES 256 bits<\/b> pour une protection renforc\u00e9e des donn\u00e9es sensibles stock\u00e9es, r\u00e9pondant ainsi aux politiques de s\u00e9curit\u00e9 strictes et aux normes internationales. Une caract\u00e9ristique cl\u00e9 de ce mod\u00e8le est le syst\u00e8me de <b>protection interne contre les pertes d\u2019alimentation (PLP)<\/b>, int\u00e9gr\u00e9 mat\u00e9riellement, qui utilise des condensateurs pour pr\u00e9server l\u2019int\u00e9grit\u00e9 des donn\u00e9es lors de coupures inattendues, \u00e9vitant toute corruption et assurant un red\u00e9marrage s\u00e9curis\u00e9 apr\u00e8s une interruption \u00e9lectrique. Ses performances constantes et sa faible latence, associ\u00e9es \u00e0 une qualit\u00e9 de service (QoS) optimis\u00e9e, font de ce disque une solution fiable pour les infrastructures exigeantes et les charges de travail mixtes. En r\u00e9sum\u00e9, le Kingston DC600M r\u00e9pond aux attentes des entreprises recherchant fiabilit\u00e9, s\u00e9curit\u00e9 et efficacit\u00e9 \u00e9lev\u00e9e pour le stockage SSD dans des applications critiques et des syst\u00e8mes professionnels.<\/p>\n<ul>\n<li>Taille: 2,5&#8243;<\/li>\n<li>Liga\u00e7\u00f5es:\n<ul>\n<li>SATA<\/li>\n<li>Sata III<\/li>\n<\/ul>\n<\/li>\n<li>Type de m\u00e9moire: 3D TLC NAND<\/li>\n<li>vitesse:\n<ul>\n<li>6 Gbit\/s<\/li>\n<li>530 MB\/s<\/li>\n<li>560 MB\/s<\/li>\n<li>6 Gbps<\/li>\n<\/ul>\n<\/li>\n<li>Disque dur: 3,84 TB SSD<\/li>\n<li>S\u00e9curit\u00e9: AES 256-bits<\/li>\n<li>Compatible:\n<ul>\n<li>PC<\/li>\n<li>Hot-Plug<\/li>\n<\/ul>\n<\/li>\n<li>Plage de temp\u00e9ratures de travail: 0\u00ba \/ 70\u00ba<\/li>\n<li>Type: TLC 3D NAND<\/li>\n<\/ul>","protected":false},"excerpt":{"rendered":"<p>Si vous \u00eates passionn\u00e9 d&#8217;informatique et d&#8217;\u00e9lectronique, si vous \u00eates \u00e0 la pointe de la technologie et qu&#8217;aucun d\u00e9tail ne<\/p>","protected":false},"featured_media":4382356,"comment_status":"open","ping_status":"open","template":"","meta":{"_joinchat":[]},"product_brand":[157935],"product_cat":[157521,157516,157520],"product_tag":[157515],"class_list":{"0":"post-4371100","1":"product","2":"type-product","3":"status-publish","4":"has-post-thumbnail","6":"product_brand-brandp_557","7":"product_cat-disques-durs","8":"product_cat-informatique-electronique","9":"product_cat-informatique-reseaux-et-composants","10":"product_tag-tag_1295","12":"first","13":"outofstock","14":"taxable","15":"shipping-taxable","16":"purchasable","17":"product-type-simple"},"yoast_head":"<!-- This site is optimized with the Yoast SEO plugin v27.2 - https:\/\/yoast.com\/product\/yoast-seo-wordpress\/ -->\n<title>Disque dur Kingston SEDC600M\/3840G TLC 3D NAND 3,84 TB SSD - Tupique<\/title>\n<meta name=\"description\" content=\"Vous cherchez Disque dur Kingston SEDC600M\/3840G TLC 3D NAND 3,84 TB SSD ? Achetez des produits chez Tupique. Profitez de la livraison gratuite pour obtenir Disque dur Kingston SEDC600M\/3840G TLC 3D NAND 3,84 TB SSD d\u00e8s maintenant.\" \/>\n<meta name=\"robots\" content=\"index, follow, max-snippet:-1, max-image-preview:large, max-video-preview:-1\" \/>\n<link rel=\"canonical\" href=\"https:\/\/tupique.com\/pt\/produto\/disque-dur-kingston-sedc600m-3840g-tlc-3d-nand-384-tb-ssd\/\" \/>\n<meta property=\"og:locale\" content=\"pt_PT\" \/>\n<meta property=\"og:type\" content=\"article\" \/>\n<meta property=\"og:title\" content=\"Disque dur Kingston SEDC600M\/3840G TLC 3D NAND 3,84 TB SSD - Tupique\" \/>\n<meta property=\"og:description\" content=\"Vous cherchez Disque dur Kingston SEDC600M\/3840G TLC 3D NAND 3,84 TB SSD ? Achetez des produits chez Tupique. Profitez de la livraison gratuite pour obtenir Disque dur Kingston SEDC600M\/3840G TLC 3D NAND 3,84 TB SSD d\u00e8s maintenant.\" \/>\n<meta property=\"og:url\" content=\"https:\/\/tupique.com\/pt\/produto\/disque-dur-kingston-sedc600m-3840g-tlc-3d-nand-384-tb-ssd\/\" \/>\n<meta property=\"og:site_name\" content=\"Tupique\" \/>\n<meta property=\"article:modified_time\" content=\"2026-04-08T00:55:32+00:00\" \/>\n<meta name=\"twitter:card\" content=\"summary_large_image\" \/>\n<meta name=\"twitter:label1\" content=\"Tempo estimado de leitura\" \/>\n\t<meta name=\"twitter:data1\" content=\"2 minutos\" \/>\n<script type=\"application\/ld+json\" class=\"yoast-schema-graph\">{\"@context\":\"https:\/\/schema.org\",\"@graph\":[{\"@type\":\"WebPage\",\"@id\":\"https:\/\/tupique.com\/produit\/disque-dur-kingston-sedc600m-3840g-tlc-3d-nand-384-tb-ssd\/\",\"url\":\"https:\/\/tupique.com\/produit\/disque-dur-kingston-sedc600m-3840g-tlc-3d-nand-384-tb-ssd\/\",\"name\":\"Disque dur Kingston SEDC600M\/3840G TLC 3D NAND 3,84 TB SSD - Tupique\",\"isPartOf\":{\"@id\":\"https:\/\/tupique.com\/#website\"},\"primaryImageOfPage\":{\"@id\":\"https:\/\/tupique.com\/produit\/disque-dur-kingston-sedc600m-3840g-tlc-3d-nand-384-tb-ssd\/#primaryimage\"},\"image\":{\"@id\":\"https:\/\/tupique.com\/produit\/disque-dur-kingston-sedc600m-3840g-tlc-3d-nand-384-tb-ssd\/#primaryimage\"},\"thumbnailUrl\":\"https:\/\/tupique.com\/wp-content\/uploads\/2026\/04\/0740617334975_I01.jpg\",\"datePublished\":\"2026-03-23T18:46:41+00:00\",\"dateModified\":\"2026-04-08T00:55:32+00:00\",\"description\":\"Vous cherchez Disque dur Kingston SEDC600M\/3840G TLC 3D NAND 3,84 TB SSD ? Achetez des produits chez Tupique. Profitez de la livraison gratuite pour obtenir Disque dur Kingston SEDC600M\/3840G TLC 3D NAND 3,84 TB SSD d\u00e8s maintenant.\",\"breadcrumb\":{\"@id\":\"https:\/\/tupique.com\/produit\/disque-dur-kingston-sedc600m-3840g-tlc-3d-nand-384-tb-ssd\/#breadcrumb\"},\"inLanguage\":\"pt-PT\",\"potentialAction\":[{\"@type\":\"ReadAction\",\"target\":[\"https:\/\/tupique.com\/produit\/disque-dur-kingston-sedc600m-3840g-tlc-3d-nand-384-tb-ssd\/\"]}]},{\"@type\":\"ImageObject\",\"inLanguage\":\"pt-PT\",\"@id\":\"https:\/\/tupique.com\/produit\/disque-dur-kingston-sedc600m-3840g-tlc-3d-nand-384-tb-ssd\/#primaryimage\",\"url\":\"https:\/\/tupique.com\/wp-content\/uploads\/2026\/04\/0740617334975_I01.jpg\",\"contentUrl\":\"https:\/\/tupique.com\/wp-content\/uploads\/2026\/04\/0740617334975_I01.jpg\",\"width\":1200,\"height\":1200,\"caption\":\"S55180880_0\"},{\"@type\":\"BreadcrumbList\",\"@id\":\"https:\/\/tupique.com\/produit\/disque-dur-kingston-sedc600m-3840g-tlc-3d-nand-384-tb-ssd\/#breadcrumb\",\"itemListElement\":[{\"@type\":\"ListItem\",\"position\":1,\"name\":\"In\u00edcio\",\"item\":\"https:\/\/tupique.com\/\"},{\"@type\":\"ListItem\",\"position\":2,\"name\":\"Boutique\",\"item\":\"https:\/\/tupique.com\/en\/boutique\/\"},{\"@type\":\"ListItem\",\"position\":3,\"name\":\"Disque dur Kingston SEDC600M\/3840G TLC 3D NAND 3,84 TB SSD\"}]},{\"@type\":\"WebSite\",\"@id\":\"https:\/\/tupique.com\/#website\",\"url\":\"https:\/\/tupique.com\/\",\"name\":\"Tupique\",\"description\":\"Marketplace\",\"publisher\":{\"@id\":\"https:\/\/tupique.com\/#organization\"},\"potentialAction\":[{\"@type\":\"SearchAction\",\"target\":{\"@type\":\"EntryPoint\",\"urlTemplate\":\"https:\/\/tupique.com\/?s={search_term_string}\"},\"query-input\":{\"@type\":\"PropertyValueSpecification\",\"valueRequired\":true,\"valueName\":\"search_term_string\"}}],\"inLanguage\":\"pt-PT\"},{\"@type\":\"Organization\",\"@id\":\"https:\/\/tupique.com\/#organization\",\"name\":\"Tupique\",\"url\":\"https:\/\/tupique.com\/\",\"logo\":{\"@type\":\"ImageObject\",\"inLanguage\":\"pt-PT\",\"@id\":\"https:\/\/tupique.com\/#\/schema\/logo\/image\/\",\"url\":\"https:\/\/tupique.com\/wp-content\/uploads\/2024\/09\/logo.png\",\"contentUrl\":\"https:\/\/tupique.com\/wp-content\/uploads\/2024\/09\/logo.png\",\"width\":1118,\"height\":310,\"caption\":\"Tupique\"},\"image\":{\"@id\":\"https:\/\/tupique.com\/#\/schema\/logo\/image\/\"}}]}<\/script>\n<!-- \/ Yoast SEO plugin. -->","yoast_head_json":{"title":"Disque dur Kingston SEDC600M\/3840G TLC 3D NAND 3,84 TB SSD - Tupique","description":"Vous cherchez Disque dur Kingston SEDC600M\/3840G TLC 3D NAND 3,84 TB SSD ? Achetez des produits chez Tupique. Profitez de la livraison gratuite pour obtenir Disque dur Kingston SEDC600M\/3840G TLC 3D NAND 3,84 TB SSD d\u00e8s maintenant.","robots":{"index":"index","follow":"follow","max-snippet":"max-snippet:-1","max-image-preview":"max-image-preview:large","max-video-preview":"max-video-preview:-1"},"canonical":"https:\/\/tupique.com\/pt\/produto\/disque-dur-kingston-sedc600m-3840g-tlc-3d-nand-384-tb-ssd\/","og_locale":"pt_PT","og_type":"article","og_title":"Disque dur Kingston SEDC600M\/3840G TLC 3D NAND 3,84 TB SSD - Tupique","og_description":"Vous cherchez Disque dur Kingston SEDC600M\/3840G TLC 3D NAND 3,84 TB SSD ? Achetez des produits chez Tupique. Profitez de la livraison gratuite pour obtenir Disque dur Kingston SEDC600M\/3840G TLC 3D NAND 3,84 TB SSD d\u00e8s maintenant.","og_url":"https:\/\/tupique.com\/pt\/produto\/disque-dur-kingston-sedc600m-3840g-tlc-3d-nand-384-tb-ssd\/","og_site_name":"Tupique","article_modified_time":"2026-04-08T00:55:32+00:00","twitter_card":"summary_large_image","twitter_misc":{"Tempo estimado de leitura":"2 minutos"},"schema":{"@context":"https:\/\/schema.org","@graph":[{"@type":"WebPage","@id":"https:\/\/tupique.com\/produit\/disque-dur-kingston-sedc600m-3840g-tlc-3d-nand-384-tb-ssd\/","url":"https:\/\/tupique.com\/produit\/disque-dur-kingston-sedc600m-3840g-tlc-3d-nand-384-tb-ssd\/","name":"Disque dur Kingston SEDC600M\/3840G TLC 3D NAND 3,84 TB SSD - Tupique","isPartOf":{"@id":"https:\/\/tupique.com\/#website"},"primaryImageOfPage":{"@id":"https:\/\/tupique.com\/produit\/disque-dur-kingston-sedc600m-3840g-tlc-3d-nand-384-tb-ssd\/#primaryimage"},"image":{"@id":"https:\/\/tupique.com\/produit\/disque-dur-kingston-sedc600m-3840g-tlc-3d-nand-384-tb-ssd\/#primaryimage"},"thumbnailUrl":"https:\/\/tupique.com\/wp-content\/uploads\/2026\/04\/0740617334975_I01.jpg","datePublished":"2026-03-23T18:46:41+00:00","dateModified":"2026-04-08T00:55:32+00:00","description":"Vous cherchez Disque dur Kingston SEDC600M\/3840G TLC 3D NAND 3,84 TB SSD ? Achetez des produits chez Tupique. Profitez de la livraison gratuite pour obtenir Disque dur Kingston SEDC600M\/3840G TLC 3D NAND 3,84 TB SSD d\u00e8s maintenant.","breadcrumb":{"@id":"https:\/\/tupique.com\/produit\/disque-dur-kingston-sedc600m-3840g-tlc-3d-nand-384-tb-ssd\/#breadcrumb"},"inLanguage":"pt-PT","potentialAction":[{"@type":"ReadAction","target":["https:\/\/tupique.com\/produit\/disque-dur-kingston-sedc600m-3840g-tlc-3d-nand-384-tb-ssd\/"]}]},{"@type":"ImageObject","inLanguage":"pt-PT","@id":"https:\/\/tupique.com\/produit\/disque-dur-kingston-sedc600m-3840g-tlc-3d-nand-384-tb-ssd\/#primaryimage","url":"https:\/\/tupique.com\/wp-content\/uploads\/2026\/04\/0740617334975_I01.jpg","contentUrl":"https:\/\/tupique.com\/wp-content\/uploads\/2026\/04\/0740617334975_I01.jpg","width":1200,"height":1200,"caption":"S55180880_0"},{"@type":"BreadcrumbList","@id":"https:\/\/tupique.com\/produit\/disque-dur-kingston-sedc600m-3840g-tlc-3d-nand-384-tb-ssd\/#breadcrumb","itemListElement":[{"@type":"ListItem","position":1,"name":"In\u00edcio","item":"https:\/\/tupique.com\/"},{"@type":"ListItem","position":2,"name":"Boutique","item":"https:\/\/tupique.com\/en\/boutique\/"},{"@type":"ListItem","position":3,"name":"Disque dur Kingston SEDC600M\/3840G TLC 3D NAND 3,84 TB SSD"}]},{"@type":"WebSite","@id":"https:\/\/tupique.com\/#website","url":"https:\/\/tupique.com\/","name":"Tupique","description":"Marketplace","publisher":{"@id":"https:\/\/tupique.com\/#organization"},"potentialAction":[{"@type":"SearchAction","target":{"@type":"EntryPoint","urlTemplate":"https:\/\/tupique.com\/?s={search_term_string}"},"query-input":{"@type":"PropertyValueSpecification","valueRequired":true,"valueName":"search_term_string"}}],"inLanguage":"pt-PT"},{"@type":"Organization","@id":"https:\/\/tupique.com\/#organization","name":"Tupique","url":"https:\/\/tupique.com\/","logo":{"@type":"ImageObject","inLanguage":"pt-PT","@id":"https:\/\/tupique.com\/#\/schema\/logo\/image\/","url":"https:\/\/tupique.com\/wp-content\/uploads\/2024\/09\/logo.png","contentUrl":"https:\/\/tupique.com\/wp-content\/uploads\/2024\/09\/logo.png","width":1118,"height":310,"caption":"Tupique"},"image":{"@id":"https:\/\/tupique.com\/#\/schema\/logo\/image\/"}}]}},"jetpack_sharing_enabled":true,"_links":{"self":[{"href":"https:\/\/tupique.com\/pt\/wp-json\/wp\/v2\/product\/4371100","targetHints":{"allow":["GET"]}}],"collection":[{"href":"https:\/\/tupique.com\/pt\/wp-json\/wp\/v2\/product"}],"about":[{"href":"https:\/\/tupique.com\/pt\/wp-json\/wp\/v2\/types\/product"}],"replies":[{"embeddable":true,"href":"https:\/\/tupique.com\/pt\/wp-json\/wp\/v2\/comments?post=4371100"}],"wp:featuredmedia":[{"embeddable":true,"href":"https:\/\/tupique.com\/pt\/wp-json\/wp\/v2\/media\/4382356"}],"wp:attachment":[{"href":"https:\/\/tupique.com\/pt\/wp-json\/wp\/v2\/media?parent=4371100"}],"wp:term":[{"taxonomy":"product_brand","embeddable":true,"href":"https:\/\/tupique.com\/pt\/wp-json\/wp\/v2\/product_brand?post=4371100"},{"taxonomy":"product_cat","embeddable":true,"href":"https:\/\/tupique.com\/pt\/wp-json\/wp\/v2\/product_cat?post=4371100"},{"taxonomy":"product_tag","embeddable":true,"href":"https:\/\/tupique.com\/pt\/wp-json\/wp\/v2\/product_tag?post=4371100"}],"curies":[{"name":"wp","href":"https:\/\/api.w.org\/{rel}","templated":true}]}}