{"id":4373508,"date":"2026-03-25T21:55:26","date_gmt":"2026-03-25T20:55:26","guid":{"rendered":"https:\/\/tupique.com\/produit\/systeme-dalimentation-sans-interruption-interactif-salicru-699ca000009\/"},"modified":"2026-03-25T21:55:26","modified_gmt":"2026-03-25T20:55:26","slug":"systeme-dalimentation-sans-interruption-interactif-salicru-699ca000009","status":"publish","type":"product","link":"https:\/\/tupique.com\/pt\/produto\/systeme-dalimentation-sans-interruption-interactif-salicru-699ca000009\/","title":{"rendered":"Syst\u00e8me d&#8217;Alimentation Sans Interruption Interactif Salicru 699CA000009"},"content":{"rendered":"<p>Se \u00e9 apaixonado por\u2019<b>inform\u00e1tica e eletr\u00f3nica<\/b>, Se est\u00e1 na vanguarda da tecnologia e n\u00e3o quer perder nada, compre <b>Syst\u00e8me d&#8217;Alimentation Sans Interruption Interactif Salicru 699CA000009         <\/b> ao melhor pre\u00e7o.<\/p>\n<p>Le <b>Salicru SLC-3000-TWIN PRO2<\/b> \u00e9 um <b>onduleur interactif<\/b> en format tour con\u00e7u pour offrir une protection fiable et continue des \u00e9quipements \u00e9lectriques contre les coupures de courant. Ce mod\u00e8le se distingue par sa <b>technologie On-line \u00e0 double conversion<\/b>, garantissant une alimentation propre et stable avec une onde sinuso\u00efdale pure, une pr\u00e9cision de tension de \u00b11 % et une distorsion harmonique totale (THDv) inf\u00e9rieure \u00e0 2 %. Avec une <b>puissance nominale de 3000 VA et 2700 W<\/b>, il convient aux charges moyennes et \u00e9lev\u00e9es, assurant un <b>facteur de puissance en sortie de 0,9<\/b> qui optimise l\u2019utilisation de l\u2019\u00e9nergie. Sa large plage de tension accept\u00e9e (de 100 \u00e0 300 V selon la charge) et une fr\u00e9quence tol\u00e9r\u00e9e de \u00b110 % permettent un fonctionnement dans des environnements avec variations \u00e9lectriques courantes. Il dispose d\u2019un panneau de contr\u00f4le avec <b>\u00e9cran LCD<\/b> et clavier, facilitant la supervision et la configuration, ainsi que d\u2019indicateurs LED et d\u2019une alarme sonore pour les alertes d\u2019\u00e9tat et de surcharge. De plus, il int\u00e8gre des fonctions avanc\u00e9es telles que le mode Eco pour am\u00e9liorer l\u2019efficacit\u00e9 \u00e9nerg\u00e9tique avec un rendement sup\u00e9rieur \u00e0 98 %, des d\u00e9tecteurs automatiques de fr\u00e9quence et un convertisseur de fr\u00e9quence (CVCF), utiles dans les installations aux normes \u00e9lectriques vari\u00e9es. Les batteries sont des Pb-Ca scell\u00e9es AGM, sans entretien, prot\u00e9g\u00e9es contre les surtensions et avec test de batterie programmable (manuel et\/ou automatique), garantissant durabilit\u00e9 et s\u00e9curit\u00e9. Son chargeur intelligent r\u00e9duit le temps de recharge \u00e0 4 heures pour atteindre 90 %, m\u00eame hors tension, facilitant l\u2019extension d\u2019autonomie via un chargeur suppl\u00e9mentaire. La connectivit\u00e9 comprend une interface USB HID de s\u00e9rie et un slot intelligent pour SNMP ou relais, permettant l\u2019int\u00e9gration \u00e0 des syst\u00e8mes de supervision avanc\u00e9s compatibles Windows, Linux, Unix et Mac. C\u00f4t\u00e9 sorties, il offre 4 prises Schuko (option IEC disponible), supportant des surcharges variables selon le mode de fonctionnement. Sa construction robuste aux <b>dimensions 399 x 190 x 327 mm et un poids de 22,7 kg<\/b> est con\u00e7ue pour un fonctionnement optimal entre 0 et 40 \u00b0C et jusqu\u2019\u00e0 2400 m\u00e8tres d\u2019altitude, avec un niveau sonore maximal de 49 dB en pleine charge. Il respecte les normes europ\u00e9ennes de s\u00e9curit\u00e9, compatibilit\u00e9 \u00e9lectromagn\u00e9tique et qualit\u00e9 environnementale (EN 62040-1:2008, EN 62040-2, ISO-9001, ISO-14001), garantissant fiabilit\u00e9 et respect de l\u2019environnement. Le <b>Salicru SLC-3000-TWIN PRO2<\/b> est une solution professionnelle et polyvalente pour prot\u00e9ger les infrastructures critiques n\u00e9cessitant une alimentation de secours avec stabilit\u00e9, efficacit\u00e9 et contr\u00f4le \u00e9lev\u00e9s.<\/p>\n<ul>\n<li>Tecnologia: LCD<\/li>\n<li>Produto de encaixe: Sim<\/li>\n<li>Type de prise:\n<ul>\n<li>Prise EU<\/li>\n<li>F<\/li>\n<\/ul>\n<\/li>\n<li>Tipo:\n<ul>\n<li>Tour<\/li>\n<li>Syst\u00e8me d&#8217;Alimentation Sans Interruption Interactif<\/li>\n<li>Protection contre la surcharge de courant<\/li>\n<\/ul>\n<\/li>\n<li>Temps de charge approx.: 4 heures<\/li>\n<li>Bloc d\u2019Alimentation: r\u00e9seau \u00e9lectrique<\/li>\n<li>Cor: preto<\/li>\n<li>Largeur: 190 mm<\/li>\n<li>Liga\u00e7\u00f5es:\n<ul>\n<li>USB 2.0<\/li>\n<li>AC x 4<\/li>\n<li>USB<\/li>\n<\/ul>\n<\/li>\n<li>puissance: 2700 W<\/li>\n<li>Puissance nominale: 3 kVA<\/li>\n<li>Fr\u00e9quence: 50\/60 Hz<\/li>\n<li>Niveau sonore: 49 dB<\/li>\n<li>Carater\u00edsticas:\n<ul>\n<li>Ecr\u00e3 LCD<\/li>\n<li>Alarme<\/li>\n<li>Indicador LED<\/li>\n<li>Indicateur de surcharge<\/li>\n<\/ul>\n<\/li>\n<li>Ann\u00e9e: 2017<\/li>\n<li>Tens\u00e3o:\n<ul>\n<li>220 V<\/li>\n<li>230 V<\/li>\n<\/ul>\n<\/li>\n<li>Tension de sortie: 240 V<\/li>\n<li>Tension d&#8217;entr\u00e9e AC: 240 V<\/li>\n<li>Fonctions: ECO<\/li>\n<li>Amperagem: 2 A<\/li>\n<li>Facteur de forme: Tower<\/li>\n<\/ul>\n<p><\/p>\n<p>La gamme SLC TWIN PRO2 de Salicru est un syst\u00e8me d&#8217;alimentation ininterrompue (SAI\/UPS) de technologie On-line \u00e0 double conversion au format tour qui int\u00e8gre les toutes derni\u00e8res prestations afin de le convertir en un syst\u00e8me de protection avanc\u00e9e pour les charges sensibles et critiques. Facteur de puissance de sortie \u00e9lev\u00e9 (FP = 0,9) qui permet de garantir une disponibilit\u00e9 pour tous les types de charges. Contr\u00f4le total au moyen des informations d&#8217;\u00e9tat via display LCD et clavier. Mais \u00e9galement de nombreuses options de monitorage et de communication gr\u00e2ce \u00e0 l&#8217;interface USB HID int\u00e9gr\u00e9e, le slot intelligent pour cartes de communication SNMP ou relais, et une vaste gamme de paquets de logiciels disponibles ; version gratuite de monitorage t\u00e9l\u00e9chargeable pour Windows, Linux, Unix et Mac et paquets disponibles pour multiserveurs ou syst\u00e8mes virtuels. Toutes les installations exigeant un temps de back-up plus important peuvent b\u00e9n\u00e9ficier d&#8217;une plus grande autonomie gr\u00e2ce aux onduleurs avec chargeur suppl\u00e9mentaire et aux modules de batteries suppl\u00e9mentaires. Souligner \u00e9galement la possibilit\u00e9 de fonctionnement en Eco-mode qui permet d&#8217;optimiser l&#8217;efficacit\u00e9 du syst\u00e8me, mais \u00e9galement les fonctionnalit\u00e9s EPO (arr\u00eat d&#8217;urgence), le fonctionnement avec convertisseur de fr\u00e9quence et le test de batteries incorpor\u00e9. La gamme de puissances offerte par la s\u00e9rie SLC TWIN PRO2 de Salicru est de 700, 1000, 1500, 2000 et 3000 VA.<\/p>\n<p><\/p>\n<ul>\n<li>Topologie UPS: Double-conversion (en ligne)<\/li>\n<li>capacit\u00e9 de la puissance de sortie: 3 kVA<\/li>\n<li>Puissance de sortie: 2700 W<\/li>\n<li>Forme d&#8217;onde: Pure sine<\/li>\n<li>Tension de voltage \u00e0 l&#8217;entr\u00e9e (min): 220 V<\/li>\n<li>Tension de voltage \u00e0 l&#8217;entr\u00e9e (max): 240 V<\/li>\n<li>Fr\u00e9quence d&#8217;entr\u00e9e: 50\/60 Hz<\/li>\n<li>tension de voltage \u00e0 la sortie (min): 220 V<\/li>\n<li>Tension de voltage \u00e0 la sortie (max): 240 V<\/li>\n<li>R\u00e9gulation de la fr\u00e9quence de sortie: 0.05 Hz<\/li>\n<li>R\u00e9gulation de la tension de sortie: 1%<\/li>\n<li>Nombre de phases d&#8217;entr\u00e9e: 1<\/li>\n<li>Nombre de phases de sortie: 1<\/li>\n<li>Efficacit\u00e9 (monde En ligne): 92%<\/li>\n<li>Rendement (Mode ECO): 98%<\/li>\n<li>Facteur de puissance d&#8217;entr\u00e9e: 0,99<\/li>\n<li>Facteur de puissance de sortie: 0,9<\/li>\n<li>Le mode ECO: Oui<\/li>\n<li>Bouton de coupure d&#8217;urgence d&#8217;alimentation (EPO): Oui<\/li>\n<li>Capacit\u00e9 en surcharge (1 minute): 130%<\/li>\n<li>Tension de sortie THD: 2%<\/li>\n<li>Courant d&#8217;entr\u00e9e THD: 2%<\/li>\n<li>Niveau sonore: 49 dB<\/li>\n<li>Protection contre les surtensions: Oui<\/li>\n<li>Dispositifs de protection \u00e9lectrique: Sur-courant, Court-circuit, Sous-courant, Sous-tension<\/li>\n<li>Alarmes sonores: Oui<\/li>\n<li>Modes d&#8217;alarme sonore: Panne, Alarme de batterie faible, Alarme de surcharge, Remplacement de batterie<\/li>\n<li>Types de sortie AC: Type F<\/li>\n<li>Nombre de prises en sortie: 4 sortie(s) CA<\/li>\n<li>Nombre de sorties de type F: 4<\/li>\n<li>Port USB: Oui<\/li>\n<li>Quantit\u00e9 de Ports USB 2.0: 1<\/li>\n<li>Connecteur de coupure d&#8217;alimentation d&#8217;urgence: Oui<\/li>\n<li>Technologie batterie: Plomb-Calcium (Pb-Ca)<\/li>\n<li>Temps de rechargement de la batterie: 4 h<\/li>\n<li>Test de batterie automatique: Oui<\/li>\n<li>Le mode arr\u00eat en charge: Oui<\/li>\n<li>Format: Tower<\/li>\n<li>Couleur du produit: Noir<\/li>\n<li>Type de refroidissement: Actif<\/li>\n<li>Voyants: Remplacement de batterie<\/li>\n<li>\u00c9cran: LCD<\/li>\n<li>S\u00e9curit\u00e9: EN 62040-1:2008+A1:2013<\/li>\n<li>Temp\u00e9rature d&#8217;op\u00e9ration: 0 &#8211; 40 \u00b0C<\/li>\n<li>Humidit\u00e9 relative de fonctionnement (H-H): 0 &#8211; 95%<\/li>\n<li>Altitude de fonctionnement: 0 &#8211; 5000 m<\/li>\n<li>Largeur: 190 mm<\/li>\n<li>Profondeur: 399 mm<\/li>\n<li>Hauteur: 327 mm<\/li>\n<li>Poids: 22,7 kg<\/li>\n<li>Type de batterie: AGM<\/li>\n<\/ul>","protected":false},"excerpt":{"rendered":"<p>Si vous \u00eates passionn\u00e9 d&#8217;informatique et d&#8217;\u00e9lectronique, si vous \u00eates \u00e0 la pointe de la technologie et qu&#8217;aucun d\u00e9tail ne<\/p>","protected":false},"featured_media":4373507,"comment_status":"open","ping_status":"closed","template":"","meta":{"_joinchat":[]},"product_brand":[],"product_cat":[157516,157517,157526],"product_tag":[157515],"class_list":{"0":"post-4373508","1":"product","2":"type-product","3":"status-publish","4":"has-post-thumbnail","6":"product_cat-informatique-electronique","7":"product_cat-informatique-peripheriques-et-consommables","8":"product_cat-ups","9":"product_tag-tag_1295","11":"first","12":"instock","13":"taxable","14":"shipping-taxable","15":"purchasable","16":"product-type-simple"},"yoast_head":"<!-- This site is optimized with the Yoast SEO plugin v27.2 - https:\/\/yoast.com\/product\/yoast-seo-wordpress\/ -->\n<title>Syst\u00e8me d&#039;Alimentation Sans Interruption Interactif Salicru 699CA000009 - Tupique<\/title>\n<meta name=\"description\" content=\"Vous cherchez Syst\u00e8me d&#039;Alimentation Sans Interruption Interactif Salicru 699CA000009 ? Achetez des produits chez Tupique. Profitez de la livraison gratuite pour obtenir Syst\u00e8me d&#039;Alimentation Sans Interruption Interactif Salicru 699CA000009 d\u00e8s maintenant.\" \/>\n<meta name=\"robots\" content=\"index, follow, max-snippet:-1, max-image-preview:large, max-video-preview:-1\" \/>\n<link rel=\"canonical\" href=\"https:\/\/tupique.com\/pt\/produto\/systeme-dalimentation-sans-interruption-interactif-salicru-699ca000009\/\" \/>\n<meta property=\"og:locale\" content=\"pt_PT\" \/>\n<meta property=\"og:type\" content=\"article\" \/>\n<meta property=\"og:title\" content=\"Syst\u00e8me d&#039;Alimentation Sans Interruption Interactif Salicru 699CA000009 - Tupique\" \/>\n<meta property=\"og:description\" content=\"Vous cherchez Syst\u00e8me d&#039;Alimentation Sans Interruption Interactif Salicru 699CA000009 ? Achetez des produits chez Tupique. Profitez de la livraison gratuite pour obtenir Syst\u00e8me d&#039;Alimentation Sans Interruption Interactif Salicru 699CA000009 d\u00e8s maintenant.\" \/>\n<meta property=\"og:url\" content=\"https:\/\/tupique.com\/pt\/produto\/systeme-dalimentation-sans-interruption-interactif-salicru-699ca000009\/\" \/>\n<meta property=\"og:site_name\" content=\"Tupique\" \/>\n<meta name=\"twitter:card\" content=\"summary_large_image\" \/>\n<meta name=\"twitter:label1\" content=\"Tempo estimado de leitura\" \/>\n\t<meta name=\"twitter:data1\" content=\"5 minutos\" \/>\n<script type=\"application\/ld+json\" class=\"yoast-schema-graph\">{\"@context\":\"https:\/\/schema.org\",\"@graph\":[{\"@type\":\"WebPage\",\"@id\":\"https:\/\/tupique.com\/produit\/systeme-dalimentation-sans-interruption-interactif-salicru-699ca000009\/\",\"url\":\"https:\/\/tupique.com\/produit\/systeme-dalimentation-sans-interruption-interactif-salicru-699ca000009\/\",\"name\":\"Syst\u00e8me d'Alimentation Sans Interruption Interactif Salicru 699CA000009 - Tupique\",\"isPartOf\":{\"@id\":\"https:\/\/tupique.com\/#website\"},\"primaryImageOfPage\":{\"@id\":\"https:\/\/tupique.com\/produit\/systeme-dalimentation-sans-interruption-interactif-salicru-699ca000009\/#primaryimage\"},\"image\":{\"@id\":\"https:\/\/tupique.com\/produit\/systeme-dalimentation-sans-interruption-interactif-salicru-699ca000009\/#primaryimage\"},\"thumbnailUrl\":\"https:\/\/tupique.com\/wp-content\/uploads\/2026\/03\/8436035921751_A01.jpg\",\"datePublished\":\"2026-03-25T20:55:26+00:00\",\"description\":\"Vous cherchez Syst\u00e8me d'Alimentation Sans Interruption Interactif Salicru 699CA000009 ? Achetez des produits chez Tupique. Profitez de la livraison gratuite pour obtenir Syst\u00e8me d'Alimentation Sans Interruption Interactif Salicru 699CA000009 d\u00e8s maintenant.\",\"breadcrumb\":{\"@id\":\"https:\/\/tupique.com\/produit\/systeme-dalimentation-sans-interruption-interactif-salicru-699ca000009\/#breadcrumb\"},\"inLanguage\":\"pt-PT\",\"potentialAction\":[{\"@type\":\"ReadAction\",\"target\":[\"https:\/\/tupique.com\/produit\/systeme-dalimentation-sans-interruption-interactif-salicru-699ca000009\/\"]}]},{\"@type\":\"ImageObject\",\"inLanguage\":\"pt-PT\",\"@id\":\"https:\/\/tupique.com\/produit\/systeme-dalimentation-sans-interruption-interactif-salicru-699ca000009\/#primaryimage\",\"url\":\"https:\/\/tupique.com\/wp-content\/uploads\/2026\/03\/8436035921751_A01.jpg\",\"contentUrl\":\"https:\/\/tupique.com\/wp-content\/uploads\/2026\/03\/8436035921751_A01.jpg\",\"width\":1200,\"height\":1200,\"caption\":\"S55075541_0\"},{\"@type\":\"BreadcrumbList\",\"@id\":\"https:\/\/tupique.com\/produit\/systeme-dalimentation-sans-interruption-interactif-salicru-699ca000009\/#breadcrumb\",\"itemListElement\":[{\"@type\":\"ListItem\",\"position\":1,\"name\":\"In\u00edcio\",\"item\":\"https:\/\/tupique.com\/\"},{\"@type\":\"ListItem\",\"position\":2,\"name\":\"Boutique\",\"item\":\"https:\/\/tupique.com\/en\/boutique\/\"},{\"@type\":\"ListItem\",\"position\":3,\"name\":\"Syst\u00e8me d&#8217;Alimentation Sans Interruption Interactif Salicru 699CA000009\"}]},{\"@type\":\"WebSite\",\"@id\":\"https:\/\/tupique.com\/#website\",\"url\":\"https:\/\/tupique.com\/\",\"name\":\"Tupique\",\"description\":\"Marketplace\",\"publisher\":{\"@id\":\"https:\/\/tupique.com\/#organization\"},\"potentialAction\":[{\"@type\":\"SearchAction\",\"target\":{\"@type\":\"EntryPoint\",\"urlTemplate\":\"https:\/\/tupique.com\/?s={search_term_string}\"},\"query-input\":{\"@type\":\"PropertyValueSpecification\",\"valueRequired\":true,\"valueName\":\"search_term_string\"}}],\"inLanguage\":\"pt-PT\"},{\"@type\":\"Organization\",\"@id\":\"https:\/\/tupique.com\/#organization\",\"name\":\"Tupique\",\"url\":\"https:\/\/tupique.com\/\",\"logo\":{\"@type\":\"ImageObject\",\"inLanguage\":\"pt-PT\",\"@id\":\"https:\/\/tupique.com\/#\/schema\/logo\/image\/\",\"url\":\"https:\/\/tupique.com\/wp-content\/uploads\/2024\/09\/logo.png\",\"contentUrl\":\"https:\/\/tupique.com\/wp-content\/uploads\/2024\/09\/logo.png\",\"width\":1118,\"height\":310,\"caption\":\"Tupique\"},\"image\":{\"@id\":\"https:\/\/tupique.com\/#\/schema\/logo\/image\/\"}}]}<\/script>\n<!-- \/ Yoast SEO plugin. -->","yoast_head_json":{"title":"Syst\u00e8me d'Alimentation Sans Interruption Interactif Salicru 699CA000009 - Tupique","description":"Vous cherchez Syst\u00e8me d'Alimentation Sans Interruption Interactif Salicru 699CA000009 ? Achetez des produits chez Tupique. Profitez de la livraison gratuite pour obtenir Syst\u00e8me d'Alimentation Sans Interruption Interactif Salicru 699CA000009 d\u00e8s maintenant.","robots":{"index":"index","follow":"follow","max-snippet":"max-snippet:-1","max-image-preview":"max-image-preview:large","max-video-preview":"max-video-preview:-1"},"canonical":"https:\/\/tupique.com\/pt\/produto\/systeme-dalimentation-sans-interruption-interactif-salicru-699ca000009\/","og_locale":"pt_PT","og_type":"article","og_title":"Syst\u00e8me d'Alimentation Sans Interruption Interactif Salicru 699CA000009 - Tupique","og_description":"Vous cherchez Syst\u00e8me d'Alimentation Sans Interruption Interactif Salicru 699CA000009 ? Achetez des produits chez Tupique. Profitez de la livraison gratuite pour obtenir Syst\u00e8me d'Alimentation Sans Interruption Interactif Salicru 699CA000009 d\u00e8s maintenant.","og_url":"https:\/\/tupique.com\/pt\/produto\/systeme-dalimentation-sans-interruption-interactif-salicru-699ca000009\/","og_site_name":"Tupique","twitter_card":"summary_large_image","twitter_misc":{"Tempo estimado de leitura":"5 minutos"},"schema":{"@context":"https:\/\/schema.org","@graph":[{"@type":"WebPage","@id":"https:\/\/tupique.com\/produit\/systeme-dalimentation-sans-interruption-interactif-salicru-699ca000009\/","url":"https:\/\/tupique.com\/produit\/systeme-dalimentation-sans-interruption-interactif-salicru-699ca000009\/","name":"Syst\u00e8me d'Alimentation Sans Interruption Interactif Salicru 699CA000009 - Tupique","isPartOf":{"@id":"https:\/\/tupique.com\/#website"},"primaryImageOfPage":{"@id":"https:\/\/tupique.com\/produit\/systeme-dalimentation-sans-interruption-interactif-salicru-699ca000009\/#primaryimage"},"image":{"@id":"https:\/\/tupique.com\/produit\/systeme-dalimentation-sans-interruption-interactif-salicru-699ca000009\/#primaryimage"},"thumbnailUrl":"https:\/\/tupique.com\/wp-content\/uploads\/2026\/03\/8436035921751_A01.jpg","datePublished":"2026-03-25T20:55:26+00:00","description":"Vous cherchez Syst\u00e8me d'Alimentation Sans Interruption Interactif Salicru 699CA000009 ? Achetez des produits chez Tupique. Profitez de la livraison gratuite pour obtenir Syst\u00e8me d'Alimentation Sans Interruption Interactif Salicru 699CA000009 d\u00e8s maintenant.","breadcrumb":{"@id":"https:\/\/tupique.com\/produit\/systeme-dalimentation-sans-interruption-interactif-salicru-699ca000009\/#breadcrumb"},"inLanguage":"pt-PT","potentialAction":[{"@type":"ReadAction","target":["https:\/\/tupique.com\/produit\/systeme-dalimentation-sans-interruption-interactif-salicru-699ca000009\/"]}]},{"@type":"ImageObject","inLanguage":"pt-PT","@id":"https:\/\/tupique.com\/produit\/systeme-dalimentation-sans-interruption-interactif-salicru-699ca000009\/#primaryimage","url":"https:\/\/tupique.com\/wp-content\/uploads\/2026\/03\/8436035921751_A01.jpg","contentUrl":"https:\/\/tupique.com\/wp-content\/uploads\/2026\/03\/8436035921751_A01.jpg","width":1200,"height":1200,"caption":"S55075541_0"},{"@type":"BreadcrumbList","@id":"https:\/\/tupique.com\/produit\/systeme-dalimentation-sans-interruption-interactif-salicru-699ca000009\/#breadcrumb","itemListElement":[{"@type":"ListItem","position":1,"name":"In\u00edcio","item":"https:\/\/tupique.com\/"},{"@type":"ListItem","position":2,"name":"Boutique","item":"https:\/\/tupique.com\/en\/boutique\/"},{"@type":"ListItem","position":3,"name":"Syst\u00e8me d&#8217;Alimentation Sans Interruption Interactif Salicru 699CA000009"}]},{"@type":"WebSite","@id":"https:\/\/tupique.com\/#website","url":"https:\/\/tupique.com\/","name":"Tupique","description":"Marketplace","publisher":{"@id":"https:\/\/tupique.com\/#organization"},"potentialAction":[{"@type":"SearchAction","target":{"@type":"EntryPoint","urlTemplate":"https:\/\/tupique.com\/?s={search_term_string}"},"query-input":{"@type":"PropertyValueSpecification","valueRequired":true,"valueName":"search_term_string"}}],"inLanguage":"pt-PT"},{"@type":"Organization","@id":"https:\/\/tupique.com\/#organization","name":"Tupique","url":"https:\/\/tupique.com\/","logo":{"@type":"ImageObject","inLanguage":"pt-PT","@id":"https:\/\/tupique.com\/#\/schema\/logo\/image\/","url":"https:\/\/tupique.com\/wp-content\/uploads\/2024\/09\/logo.png","contentUrl":"https:\/\/tupique.com\/wp-content\/uploads\/2024\/09\/logo.png","width":1118,"height":310,"caption":"Tupique"},"image":{"@id":"https:\/\/tupique.com\/#\/schema\/logo\/image\/"}}]}},"jetpack_sharing_enabled":true,"_links":{"self":[{"href":"https:\/\/tupique.com\/pt\/wp-json\/wp\/v2\/product\/4373508","targetHints":{"allow":["GET"]}}],"collection":[{"href":"https:\/\/tupique.com\/pt\/wp-json\/wp\/v2\/product"}],"about":[{"href":"https:\/\/tupique.com\/pt\/wp-json\/wp\/v2\/types\/product"}],"replies":[{"embeddable":true,"href":"https:\/\/tupique.com\/pt\/wp-json\/wp\/v2\/comments?post=4373508"}],"wp:featuredmedia":[{"embeddable":true,"href":"https:\/\/tupique.com\/pt\/wp-json\/wp\/v2\/media\/4373507"}],"wp:attachment":[{"href":"https:\/\/tupique.com\/pt\/wp-json\/wp\/v2\/media?parent=4373508"}],"wp:term":[{"taxonomy":"product_brand","embeddable":true,"href":"https:\/\/tupique.com\/pt\/wp-json\/wp\/v2\/product_brand?post=4373508"},{"taxonomy":"product_cat","embeddable":true,"href":"https:\/\/tupique.com\/pt\/wp-json\/wp\/v2\/product_cat?post=4373508"},{"taxonomy":"product_tag","embeddable":true,"href":"https:\/\/tupique.com\/pt\/wp-json\/wp\/v2\/product_tag?post=4373508"}],"curies":[{"name":"wp","href":"https:\/\/api.w.org\/{rel}","templated":true}]}}