{"id":4373710,"date":"2026-03-28T00:55:29","date_gmt":"2026-03-27T23:55:29","guid":{"rendered":"https:\/\/tupique.com\/produit\/webcam-logitech-960-001186-full-hd-usb\/"},"modified":"2026-04-02T07:55:30","modified_gmt":"2026-04-02T06:55:30","slug":"webcam-logitech-960-001186-full-hd-usb","status":"publish","type":"product","link":"https:\/\/tupique.com\/pt\/produto\/webcam-logitech-960-001186-full-hd-usb\/","title":{"rendered":"Webcam Logitech 960-001186           Full HD USB"},"content":{"rendered":"<p>Se \u00e9 apaixonado por\u2019<b>inform\u00e1tica e eletr\u00f3nica<\/b>, Se est\u00e1 na vanguarda da tecnologia e n\u00e3o quer perder nada, compre <b>Webcam Logitech 960-001186           Full HD USB<\/b> ao melhor pre\u00e7o.<\/p>\n<ul>\n<li>R\u00e9solution vid\u00e9o:\n<ul>\n<li>1080 px<\/li>\n<li>Full HD<\/li>\n<\/ul>\n<\/li>\n<li>Angle:\n<ul>\n<li>90\u00ba\/130\u00ba\/230\u00ba<\/li>\n<li>90\u00ba<\/li>\n<\/ul>\n<\/li>\n<li>Alimenta\u00e7\u00e3o el\u00e9ctrica:\n<ul>\n<li>r\u00e9seau \u00e9lectrique<\/li>\n<li>Bateria<\/li>\n<\/ul>\n<\/li>\n<li>Exigences:\n<ul>\n<li>Windows\u00ae 7, 8.1, 10<\/li>\n<li>macOS 10<\/li>\n<\/ul>\n<\/li>\n<li>Inclui:\n<ul>\n<li>T\u00e9l\u00e9commande<\/li>\n<li>Apoio<\/li>\n<li>Kit de Montage<\/li>\n<li>Cabo USB<\/li>\n<\/ul>\n<\/li>\n<li>R\u00e9solution:\n<ul>\n<li>Full HD<\/li>\n<li>1080 p<\/li>\n<\/ul>\n<\/li>\n<li>R\u00e9solution d&#8217;enregistrement de vid\u00e9o: 30 fps<\/li>\n<li>Produto de encaixe: Sim<\/li>\n<li>Tipo de tomada: tomada UE<\/li>\n<li>Cor:\n<ul>\n<li>Preto<\/li>\n<li>Cinzento<\/li>\n<\/ul>\n<\/li>\n<li>Tension: 1,5 V<\/li>\n<li>Liga\u00e7\u00f5es:\n<ul>\n<li>USB<\/li>\n<li>DIMM x 4<\/li>\n<li>USB x 3<\/li>\n<\/ul>\n<\/li>\n<li>R\u00e9solution (px): 1080 px<\/li>\n<li>Type: Webcam<\/li>\n<li>Carater\u00edsticas:\n<ul>\n<li>Autofocus<\/li>\n<li>Plug and play<\/li>\n<li>T\u00e9l\u00e9commande<\/li>\n<li>Guia de instala\u00e7\u00e3o inclu\u00eddo<\/li>\n<\/ul>\n<\/li>\n<li>Zoom Num\u00e9rique: 10x<\/li>\n<li>Zoom Optique: 3x<\/li>\n<li>R\u00e1cio de aspeto: 16:9<\/li>\n<li>Conectividade: Wi-Fi<\/li>\n<li>Ann\u00e9e: 2017<\/li>\n<li>Ecran: 2&#8243;<\/li>\n<li>N\u00e3o inclu\u00eddo: adaptador AC<\/li>\n<li>Fonctionne \u00e0 piles: 1 CR2<\/li>\n<li>Noyaux: 1 c\u0153ur<\/li>\n<\/ul>","protected":false},"excerpt":{"rendered":"<p>Si vous \u00eates passionn\u00e9 d&#8217;informatique et d&#8217;\u00e9lectronique, si vous \u00eates \u00e0 la pointe de la technologie et qu&#8217;aucun d\u00e9tail ne<\/p>","protected":false},"featured_media":4373709,"comment_status":"open","ping_status":"closed","template":"","meta":{"_joinchat":[]},"product_brand":[157873],"product_cat":[157516,157517,157815],"product_tag":[],"class_list":{"0":"post-4373710","1":"product","2":"type-product","3":"status-publish","4":"has-post-thumbnail","6":"product_brand-brandp_561","7":"product_cat-informatique-electronique","8":"product_cat-informatique-peripheriques-et-consommables","9":"product_cat-webcam","11":"first","12":"instock","13":"taxable","14":"shipping-taxable","15":"purchasable","16":"product-type-simple"},"yoast_head":"<!-- This site is optimized with the Yoast SEO plugin v27.2 - https:\/\/yoast.com\/product\/yoast-seo-wordpress\/ -->\n<title>Webcam Logitech 960-001186      Full HD USB - Tupique<\/title>\n<meta name=\"description\" content=\"Vous cherchez Webcam Logitech 960-001186      Full HD USB ? Achetez des produits chez Tupique. Profitez de la livraison gratuite pour obtenir Webcam Logitech 960-001186      Full HD USB d\u00e8s maintenant.\" \/>\n<meta name=\"robots\" content=\"index, follow, max-snippet:-1, max-image-preview:large, max-video-preview:-1\" \/>\n<link rel=\"canonical\" href=\"https:\/\/tupique.com\/pt\/produto\/webcam-logitech-960-001186-full-hd-usb\/\" \/>\n<meta property=\"og:locale\" content=\"pt_PT\" \/>\n<meta property=\"og:type\" content=\"article\" \/>\n<meta property=\"og:title\" content=\"Webcam Logitech 960-001186      Full HD USB - Tupique\" \/>\n<meta property=\"og:description\" content=\"Vous cherchez Webcam Logitech 960-001186      Full HD USB ? Achetez des produits chez Tupique. Profitez de la livraison gratuite pour obtenir Webcam Logitech 960-001186      Full HD USB d\u00e8s maintenant.\" \/>\n<meta property=\"og:url\" content=\"https:\/\/tupique.com\/pt\/produto\/webcam-logitech-960-001186-full-hd-usb\/\" \/>\n<meta property=\"og:site_name\" content=\"Tupique\" \/>\n<meta property=\"article:modified_time\" content=\"2026-04-02T06:55:30+00:00\" \/>\n<meta property=\"og:image\" content=\"https:\/\/tupique.com\/wp-content\/uploads\/2026\/03\/5099206070455_S5580463_P01.jpg\" \/>\n\t<meta property=\"og:image:width\" content=\"1200\" \/>\n\t<meta property=\"og:image:height\" content=\"1200\" \/>\n\t<meta property=\"og:image:type\" content=\"image\/jpeg\" \/>\n<meta name=\"twitter:card\" content=\"summary_large_image\" \/>\n<meta name=\"twitter:label1\" content=\"Tempo estimado de leitura\" \/>\n\t<meta name=\"twitter:data1\" content=\"1 minuto\" \/>\n<script type=\"application\/ld+json\" class=\"yoast-schema-graph\">{\"@context\":\"https:\/\/schema.org\",\"@graph\":[{\"@type\":\"WebPage\",\"@id\":\"https:\/\/tupique.com\/produit\/webcam-logitech-960-001186-full-hd-usb\/\",\"url\":\"https:\/\/tupique.com\/produit\/webcam-logitech-960-001186-full-hd-usb\/\",\"name\":\"Webcam Logitech 960-001186 Full HD USB - Tupique\",\"isPartOf\":{\"@id\":\"https:\/\/tupique.com\/#website\"},\"primaryImageOfPage\":{\"@id\":\"https:\/\/tupique.com\/produit\/webcam-logitech-960-001186-full-hd-usb\/#primaryimage\"},\"image\":{\"@id\":\"https:\/\/tupique.com\/produit\/webcam-logitech-960-001186-full-hd-usb\/#primaryimage\"},\"thumbnailUrl\":\"https:\/\/tupique.com\/wp-content\/uploads\/2026\/03\/5099206070455_S5580463_P01.jpg\",\"datePublished\":\"2026-03-27T23:55:29+00:00\",\"dateModified\":\"2026-04-02T06:55:30+00:00\",\"description\":\"Vous cherchez Webcam Logitech 960-001186 Full HD USB ? Achetez des produits chez Tupique. Profitez de la livraison gratuite pour obtenir Webcam Logitech 960-001186 Full HD USB d\u00e8s maintenant.\",\"breadcrumb\":{\"@id\":\"https:\/\/tupique.com\/produit\/webcam-logitech-960-001186-full-hd-usb\/#breadcrumb\"},\"inLanguage\":\"pt-PT\",\"potentialAction\":[{\"@type\":\"ReadAction\",\"target\":[\"https:\/\/tupique.com\/produit\/webcam-logitech-960-001186-full-hd-usb\/\"]}]},{\"@type\":\"ImageObject\",\"inLanguage\":\"pt-PT\",\"@id\":\"https:\/\/tupique.com\/produit\/webcam-logitech-960-001186-full-hd-usb\/#primaryimage\",\"url\":\"https:\/\/tupique.com\/wp-content\/uploads\/2026\/03\/5099206070455_S5580463_P01.jpg\",\"contentUrl\":\"https:\/\/tupique.com\/wp-content\/uploads\/2026\/03\/5099206070455_S5580463_P01.jpg\",\"width\":1200,\"height\":1200,\"caption\":\"S55080463_0\"},{\"@type\":\"BreadcrumbList\",\"@id\":\"https:\/\/tupique.com\/produit\/webcam-logitech-960-001186-full-hd-usb\/#breadcrumb\",\"itemListElement\":[{\"@type\":\"ListItem\",\"position\":1,\"name\":\"In\u00edcio\",\"item\":\"https:\/\/tupique.com\/\"},{\"@type\":\"ListItem\",\"position\":2,\"name\":\"Boutique\",\"item\":\"https:\/\/tupique.com\/en\/boutique\/\"},{\"@type\":\"ListItem\",\"position\":3,\"name\":\"Webcam Logitech 960-001186 Full HD USB\"}]},{\"@type\":\"WebSite\",\"@id\":\"https:\/\/tupique.com\/#website\",\"url\":\"https:\/\/tupique.com\/\",\"name\":\"Tupique\",\"description\":\"Marketplace\",\"publisher\":{\"@id\":\"https:\/\/tupique.com\/#organization\"},\"potentialAction\":[{\"@type\":\"SearchAction\",\"target\":{\"@type\":\"EntryPoint\",\"urlTemplate\":\"https:\/\/tupique.com\/?s={search_term_string}\"},\"query-input\":{\"@type\":\"PropertyValueSpecification\",\"valueRequired\":true,\"valueName\":\"search_term_string\"}}],\"inLanguage\":\"pt-PT\"},{\"@type\":\"Organization\",\"@id\":\"https:\/\/tupique.com\/#organization\",\"name\":\"Tupique\",\"url\":\"https:\/\/tupique.com\/\",\"logo\":{\"@type\":\"ImageObject\",\"inLanguage\":\"pt-PT\",\"@id\":\"https:\/\/tupique.com\/#\/schema\/logo\/image\/\",\"url\":\"https:\/\/tupique.com\/wp-content\/uploads\/2024\/09\/logo.png\",\"contentUrl\":\"https:\/\/tupique.com\/wp-content\/uploads\/2024\/09\/logo.png\",\"width\":1118,\"height\":310,\"caption\":\"Tupique\"},\"image\":{\"@id\":\"https:\/\/tupique.com\/#\/schema\/logo\/image\/\"}}]}<\/script>\n<!-- \/ Yoast SEO plugin. -->","yoast_head_json":{"title":"Webcam Logitech 960-001186      Full HD USB - Tupique","description":"Vous cherchez Webcam Logitech 960-001186      Full HD USB ? Achetez des produits chez Tupique. Profitez de la livraison gratuite pour obtenir Webcam Logitech 960-001186      Full HD USB d\u00e8s maintenant.","robots":{"index":"index","follow":"follow","max-snippet":"max-snippet:-1","max-image-preview":"max-image-preview:large","max-video-preview":"max-video-preview:-1"},"canonical":"https:\/\/tupique.com\/pt\/produto\/webcam-logitech-960-001186-full-hd-usb\/","og_locale":"pt_PT","og_type":"article","og_title":"Webcam Logitech 960-001186      Full HD USB - Tupique","og_description":"Vous cherchez Webcam Logitech 960-001186      Full HD USB ? Achetez des produits chez Tupique. Profitez de la livraison gratuite pour obtenir Webcam Logitech 960-001186      Full HD USB d\u00e8s maintenant.","og_url":"https:\/\/tupique.com\/pt\/produto\/webcam-logitech-960-001186-full-hd-usb\/","og_site_name":"Tupique","article_modified_time":"2026-04-02T06:55:30+00:00","og_image":[{"width":1200,"height":1200,"url":"https:\/\/tupique.com\/wp-content\/uploads\/2026\/03\/5099206070455_S5580463_P01.jpg","type":"image\/jpeg"}],"twitter_card":"summary_large_image","twitter_misc":{"Tempo estimado de leitura":"1 minuto"},"schema":{"@context":"https:\/\/schema.org","@graph":[{"@type":"WebPage","@id":"https:\/\/tupique.com\/produit\/webcam-logitech-960-001186-full-hd-usb\/","url":"https:\/\/tupique.com\/produit\/webcam-logitech-960-001186-full-hd-usb\/","name":"Webcam Logitech 960-001186 Full HD USB - Tupique","isPartOf":{"@id":"https:\/\/tupique.com\/#website"},"primaryImageOfPage":{"@id":"https:\/\/tupique.com\/produit\/webcam-logitech-960-001186-full-hd-usb\/#primaryimage"},"image":{"@id":"https:\/\/tupique.com\/produit\/webcam-logitech-960-001186-full-hd-usb\/#primaryimage"},"thumbnailUrl":"https:\/\/tupique.com\/wp-content\/uploads\/2026\/03\/5099206070455_S5580463_P01.jpg","datePublished":"2026-03-27T23:55:29+00:00","dateModified":"2026-04-02T06:55:30+00:00","description":"Vous cherchez Webcam Logitech 960-001186 Full HD USB ? Achetez des produits chez Tupique. Profitez de la livraison gratuite pour obtenir Webcam Logitech 960-001186 Full HD USB d\u00e8s maintenant.","breadcrumb":{"@id":"https:\/\/tupique.com\/produit\/webcam-logitech-960-001186-full-hd-usb\/#breadcrumb"},"inLanguage":"pt-PT","potentialAction":[{"@type":"ReadAction","target":["https:\/\/tupique.com\/produit\/webcam-logitech-960-001186-full-hd-usb\/"]}]},{"@type":"ImageObject","inLanguage":"pt-PT","@id":"https:\/\/tupique.com\/produit\/webcam-logitech-960-001186-full-hd-usb\/#primaryimage","url":"https:\/\/tupique.com\/wp-content\/uploads\/2026\/03\/5099206070455_S5580463_P01.jpg","contentUrl":"https:\/\/tupique.com\/wp-content\/uploads\/2026\/03\/5099206070455_S5580463_P01.jpg","width":1200,"height":1200,"caption":"S55080463_0"},{"@type":"BreadcrumbList","@id":"https:\/\/tupique.com\/produit\/webcam-logitech-960-001186-full-hd-usb\/#breadcrumb","itemListElement":[{"@type":"ListItem","position":1,"name":"In\u00edcio","item":"https:\/\/tupique.com\/"},{"@type":"ListItem","position":2,"name":"Boutique","item":"https:\/\/tupique.com\/en\/boutique\/"},{"@type":"ListItem","position":3,"name":"Webcam Logitech 960-001186 Full HD USB"}]},{"@type":"WebSite","@id":"https:\/\/tupique.com\/#website","url":"https:\/\/tupique.com\/","name":"Tupique","description":"Marketplace","publisher":{"@id":"https:\/\/tupique.com\/#organization"},"potentialAction":[{"@type":"SearchAction","target":{"@type":"EntryPoint","urlTemplate":"https:\/\/tupique.com\/?s={search_term_string}"},"query-input":{"@type":"PropertyValueSpecification","valueRequired":true,"valueName":"search_term_string"}}],"inLanguage":"pt-PT"},{"@type":"Organization","@id":"https:\/\/tupique.com\/#organization","name":"Tupique","url":"https:\/\/tupique.com\/","logo":{"@type":"ImageObject","inLanguage":"pt-PT","@id":"https:\/\/tupique.com\/#\/schema\/logo\/image\/","url":"https:\/\/tupique.com\/wp-content\/uploads\/2024\/09\/logo.png","contentUrl":"https:\/\/tupique.com\/wp-content\/uploads\/2024\/09\/logo.png","width":1118,"height":310,"caption":"Tupique"},"image":{"@id":"https:\/\/tupique.com\/#\/schema\/logo\/image\/"}}]}},"jetpack_sharing_enabled":true,"_links":{"self":[{"href":"https:\/\/tupique.com\/pt\/wp-json\/wp\/v2\/product\/4373710","targetHints":{"allow":["GET"]}}],"collection":[{"href":"https:\/\/tupique.com\/pt\/wp-json\/wp\/v2\/product"}],"about":[{"href":"https:\/\/tupique.com\/pt\/wp-json\/wp\/v2\/types\/product"}],"replies":[{"embeddable":true,"href":"https:\/\/tupique.com\/pt\/wp-json\/wp\/v2\/comments?post=4373710"}],"wp:featuredmedia":[{"embeddable":true,"href":"https:\/\/tupique.com\/pt\/wp-json\/wp\/v2\/media\/4373709"}],"wp:attachment":[{"href":"https:\/\/tupique.com\/pt\/wp-json\/wp\/v2\/media?parent=4373710"}],"wp:term":[{"taxonomy":"product_brand","embeddable":true,"href":"https:\/\/tupique.com\/pt\/wp-json\/wp\/v2\/product_brand?post=4373710"},{"taxonomy":"product_cat","embeddable":true,"href":"https:\/\/tupique.com\/pt\/wp-json\/wp\/v2\/product_cat?post=4373710"},{"taxonomy":"product_tag","embeddable":true,"href":"https:\/\/tupique.com\/pt\/wp-json\/wp\/v2\/product_tag?post=4373710"}],"curies":[{"name":"wp","href":"https:\/\/api.w.org\/{rel}","templated":true}]}}