{"id":4373767,"date":"2026-03-28T19:55:56","date_gmt":"2026-03-28T18:55:56","guid":{"rendered":"https:\/\/tupique.com\/produit\/montre-intelligente-garmin-010-02805-00-noir-11-o-50-mm\/"},"modified":"2026-03-29T04:56:03","modified_gmt":"2026-03-29T03:56:03","slug":"montre-intelligente-garmin-010-02805-00-noir-11-o-50-mm","status":"publish","type":"product","link":"https:\/\/tupique.com\/pt\/produto\/montre-intelligente-garmin-010-02805-00-noir-11-o-50-mm\/","title":{"rendered":"Montre intelligente GARMIN 010-02805-00 Noir 1,1&#8243; \u00d8 50 mm"},"content":{"rendered":"<p>Se \u00e9 apaixonado por\u2019<b>inform\u00e1tica e eletr\u00f3nica<\/b>, Se est\u00e1 na vanguarda da tecnologia e n\u00e3o quer perder nada, compre <b>Montre intelligente GARMIN 010-02805-00 Noir 1,1&#8243; \u00d8 50 mm<\/b> ao melhor pre\u00e7o.<\/p>\n<p>Le <b>smartwatch<\/b> Garmin mod\u00e8le <b>010-02805-00<\/b> se distingue par son design robuste et ses fonctionnalit\u00e9s avanc\u00e9es, r\u00e9pondant aux besoins des utilisateurs actifs et technophiles. Sa fabrication combine des <b>mat\u00e9riaux en silicone et polym\u00e8re<\/b>, assurant une structure l\u00e9g\u00e8re et r\u00e9sistante, adapt\u00e9e \u00e0 un usage prolong\u00e9 ainsi qu\u2019aux activit\u00e9s sportives ou quotidiennes. Disponible en tons sobres tels que <b>noir, gris et graphite<\/b>, il offre une esth\u00e9tique polyvalente qui s\u2019accorde avec diff\u00e9rents styles personnels. Cette montre connect\u00e9e est id\u00e9ale pour le suivi de l\u2019activit\u00e9 physique comme pour la gestion des notifications et fonctions intelligentes, offrant un \u00e9quilibre entre confort et technologie. L\u2019utilisation de mat\u00e9riaux polym\u00e8res garantit durabilit\u00e9 et r\u00e9sistance \u00e0 l\u2019usure, tandis que le bracelet en silicone apporte douceur et ajustement flexible, facilitant le confort lors d\u2019un port prolong\u00e9. Son design est pens\u00e9 pour les utilisateurs recherchant un appareil fiable, aussi bien au quotidien que lors d\u2019entra\u00eenements exigeants. L\u2019association de couleurs neutres renforce sa polyvalence esth\u00e9tique, permettant une int\u00e9gration ais\u00e9e dans divers environnements professionnels ou de loisirs. En r\u00e9sum\u00e9, le Garmin 010-02805-00 se positionne comme une option \u00e9quilibr\u00e9e pour ceux qui souhaitent un smartwatch avec des mat\u00e9riaux de qualit\u00e9, une bonne r\u00e9sistance et un design sobre adapt\u00e9 \u00e0 plusieurs usages et styles.<\/p>\n<ul>\n<li>Genre:\n<ul>\n<li>Homme<\/li>\n<li>cualquier g\u00e9nero<\/li>\n<li>Unisexe<\/li>\n<\/ul>\n<\/li>\n<li>Liga\u00e7\u00f5es adicionais: N\u00e3o<\/li>\n<li>Bloc d\u2019Alimentation: r\u00e9seau \u00e9lectrique<\/li>\n<li>Tipo de rel\u00f3gio: Rel\u00f3gio inteligente<\/li>\n<li>Produto de encaixe: Sim<\/li>\n<li>Carater\u00edsticas:\n<ul>\n<li>Monitor do sono<\/li>\n<li>Monitor do ritmo card\u00edaco<\/li>\n<li>Aceler\u00f3metro<\/li>\n<li>Ecr\u00e3 t\u00e1til<\/li>\n<li>Girosc\u00f3pio<\/li>\n<li>Resistente \u00e0 \u00e1gua<\/li>\n<li>Alarme<\/li>\n<li>Commande par boutons<\/li>\n<li>Term\u00f3metro<\/li>\n<li>SMS<\/li>\n<li>Notifica\u00e7\u00f5es de chamadas e mensagens<\/li>\n<li>Formato 12h \/ 24h<\/li>\n<li>Sensor do n\u00edvel de oxig\u00e9nio no sangue<\/li>\n<li>Ecr\u00e3 com cantos arredondados<\/li>\n<\/ul>\n<\/li>\n<li>Fun\u00e7\u00f5es:\n<ul>\n<li>Aceler\u00f3metro<\/li>\n<li>Alarme<\/li>\n<li>Bar\u00f3metro<\/li>\n<li>Ped\u00f3metro<\/li>\n<li>Consumo de calorias<\/li>\n<li>Monitor do sono<\/li>\n<li>Procurar um dispositivo<\/li>\n<li>Monitor do ritmo card\u00edaco<\/li>\n<\/ul>\n<\/li>\n<li>Podom\u00e8tre: Oui<\/li>\n<li>Thermom\u00e8tre: Oui<\/li>\n<li>Ecran tactile: Oui<\/li>\n<li>Tipo:\n<ul>\n<li>Num\u00e9rique<\/li>\n<li>Montre-bracelet<\/li>\n<\/ul>\n<\/li>\n<li>Microphone int\u00e9gr\u00e9: Non<\/li>\n<li>Mat\u00e9riau du bracelet: Silicone<\/li>\n<li>Imperm\u00e9abilit\u00e9: 10 atm<\/li>\n<li>Cor:\n<ul>\n<li>Non<\/li>\n<li>Preto<\/li>\n<li>Cinzento<\/li>\n<li>Graphite<\/li>\n<\/ul>\n<\/li>\n<li>Largeur: 5 cm<\/li>\n<li>Caisse: 50 mm<\/li>\n<li>Poids approx.: 67 g<\/li>\n<li>Long: 5 cm<\/li>\n<li>Idade recomendada: Adultos<\/li>\n<li>Tamanho:\n<ul>\n<li>Taille unique<\/li>\n<li>50 mm<\/li>\n<\/ul>\n<\/li>\n<li>Tipo de tomada: tomada UE<\/li>\n<li>Liga\u00e7\u00f5es:\n<ul>\n<li>USB<\/li>\n<li>USB-C<\/li>\n<\/ul>\n<\/li>\n<li>Conectividade:\n<ul>\n<li>Wi-Fi<\/li>\n<li>Bluetooth<\/li>\n<li>GPS<\/li>\n<li>NFC<\/li>\n<li>Glonass<\/li>\n<li>Galileu<\/li>\n<\/ul>\n<\/li>\n<li>Sistema operativo:\n<ul>\n<li>Android<\/li>\n<li>Garmin OS<\/li>\n<\/ul>\n<\/li>\n<li>Ecran: 1,1&#8243;<\/li>\n<li>Material:\n<ul>\n<li>Silicone<\/li>\n<li>Pol\u00edmero<\/li>\n<li>Plastique<\/li>\n<\/ul>\n<\/li>\n<li>Tipo de bateria:\n<ul>\n<li>Integrado<\/li>\n<li>Litio Ion<\/li>\n<\/ul>\n<\/li>\n<li>Cor da bracelete: Preto<\/li>\n<li>Forma:\n<ul>\n<li>Redondo<\/li>\n<li>Redondo<\/li>\n<\/ul>\n<\/li>\n<li>Tecnologia:\n<ul>\n<li>GPS<\/li>\n<li>Tato<\/li>\n<li>LCD<\/li>\n<\/ul>\n<\/li>\n<li>Couleur du bo\u00eetier de l&#8217;horloge: Noir<\/li>\n<li>Cor do mostrador: Preto<\/li>\n<li>Inclui:\n<ul>\n<li>Bateria<\/li>\n<li>Temporizador<\/li>\n<li>Manual do utilizador<\/li>\n<\/ul>\n<\/li>\n<li>GPS: Sim<\/li>\n<li>Compat\u00edvel: iOS, Android<\/li>\n<li>C\u00e2mara: N\u00e3o<\/li>\n<li>R\u00e9solution: 176 x 176 px<\/li>\n<li>Fonctionne \u00e0 piles: AA x 1, incluses<\/li>\n<li>Version: Europe<\/li>\n<li>Bracelet: R\u00e9glable<\/li>\n<li>Bracelet \u00e0 montre: Silicone<\/li>\n<li>Non Inclus:\n<ul>\n<li>Wi-Fi<\/li>\n<li>Liga\u00e7\u00e3o \u00e0 rede m\u00f3vel<\/li>\n<\/ul>\n<\/li>\n<li>Resistente \u00e0 \u00e1gua: 10 atm<\/li>\n<li>Diam\u00e8tre du bo\u00eetier de la montre: \u00d8 50 mm<\/li>\n<\/ul>","protected":false},"excerpt":{"rendered":"<p><span class=\"unit-info\">6359.8000 &euro; \/ 1 m<\/span><\/p>","protected":false},"featured_media":4373762,"comment_status":"open","ping_status":"closed","template":"","meta":{"_joinchat":[]},"product_brand":[],"product_cat":[157523,157516,157601],"product_tag":[157530,157522,157515],"class_list":{"0":"post-4373767","1":"product","2":"type-product","3":"status-publish","4":"has-post-thumbnail","6":"product_cat-electronique-telephonie-et-tablettes","7":"product_cat-informatique-electronique","8":"product_cat-smartwatches","9":"product_tag-tag_1261","10":"product_tag-tag_547","11":"product_tag-tag_1295","13":"first","14":"instock","15":"taxable","16":"shipping-taxable","17":"purchasable","18":"product-type-simple"},"yoast_head":"<!-- This site is optimized with the Yoast SEO plugin v27.2 - https:\/\/yoast.com\/product\/yoast-seo-wordpress\/ -->\n<title>Montre intelligente GARMIN 010-02805-00 Noir 1,1&quot; \u00d8 50 mm - Tupique<\/title>\n<meta name=\"description\" content=\"Vous cherchez Montre intelligente GARMIN 010-02805-00 Noir 1,1&quot; \u00d8 50 mm ? Achetez des produits chez Tupique. Profitez de la livraison gratuite pour obtenir Montre intelligente GARMIN 010-02805-00 Noir 1,1&quot; \u00d8 50 mm d\u00e8s maintenant.\" \/>\n<meta name=\"robots\" content=\"index, follow, max-snippet:-1, max-image-preview:large, max-video-preview:-1\" \/>\n<link rel=\"canonical\" href=\"https:\/\/tupique.com\/pt\/produto\/montre-intelligente-garmin-010-02805-00-noir-11-o-50-mm\/\" \/>\n<meta property=\"og:locale\" content=\"pt_PT\" \/>\n<meta property=\"og:type\" content=\"article\" \/>\n<meta property=\"og:title\" content=\"Montre intelligente GARMIN 010-02805-00 Noir 1,1&quot; \u00d8 50 mm - Tupique\" \/>\n<meta property=\"og:description\" content=\"Vous cherchez Montre intelligente GARMIN 010-02805-00 Noir 1,1&quot; \u00d8 50 mm ? Achetez des produits chez Tupique. Profitez de la livraison gratuite pour obtenir Montre intelligente GARMIN 010-02805-00 Noir 1,1&quot; \u00d8 50 mm d\u00e8s maintenant.\" \/>\n<meta property=\"og:url\" content=\"https:\/\/tupique.com\/pt\/produto\/montre-intelligente-garmin-010-02805-00-noir-11-o-50-mm\/\" \/>\n<meta property=\"og:site_name\" content=\"Tupique\" \/>\n<meta property=\"article:modified_time\" content=\"2026-03-29T03:56:03+00:00\" \/>\n<meta property=\"og:image\" content=\"https:\/\/tupique.com\/wp-content\/uploads\/2026\/03\/0753759319328_M0807416_P00.jpg\" \/>\n\t<meta property=\"og:image:width\" content=\"1200\" \/>\n\t<meta property=\"og:image:height\" content=\"1200\" \/>\n\t<meta property=\"og:image:type\" content=\"image\/jpeg\" \/>\n<meta name=\"twitter:card\" content=\"summary_large_image\" \/>\n<meta name=\"twitter:label1\" content=\"Tempo estimado de leitura\" \/>\n\t<meta name=\"twitter:data1\" content=\"2 minutos\" \/>\n<script type=\"application\/ld+json\" class=\"yoast-schema-graph\">{\"@context\":\"https:\/\/schema.org\",\"@graph\":[{\"@type\":\"WebPage\",\"@id\":\"https:\/\/tupique.com\/produit\/montre-intelligente-garmin-010-02805-00-noir-11-o-50-mm\/\",\"url\":\"https:\/\/tupique.com\/produit\/montre-intelligente-garmin-010-02805-00-noir-11-o-50-mm\/\",\"name\":\"Montre intelligente GARMIN 010-02805-00 Noir 1,1\\\" \u00d8 50 mm - Tupique\",\"isPartOf\":{\"@id\":\"https:\/\/tupique.com\/#website\"},\"primaryImageOfPage\":{\"@id\":\"https:\/\/tupique.com\/produit\/montre-intelligente-garmin-010-02805-00-noir-11-o-50-mm\/#primaryimage\"},\"image\":{\"@id\":\"https:\/\/tupique.com\/produit\/montre-intelligente-garmin-010-02805-00-noir-11-o-50-mm\/#primaryimage\"},\"thumbnailUrl\":\"https:\/\/tupique.com\/wp-content\/uploads\/2026\/03\/0753759319328_M0807416_P00.jpg\",\"datePublished\":\"2026-03-28T18:55:56+00:00\",\"dateModified\":\"2026-03-29T03:56:03+00:00\",\"description\":\"Vous cherchez Montre intelligente GARMIN 010-02805-00 Noir 1,1\\\" \u00d8 50 mm ? Achetez des produits chez Tupique. Profitez de la livraison gratuite pour obtenir Montre intelligente GARMIN 010-02805-00 Noir 1,1\\\" \u00d8 50 mm d\u00e8s maintenant.\",\"breadcrumb\":{\"@id\":\"https:\/\/tupique.com\/produit\/montre-intelligente-garmin-010-02805-00-noir-11-o-50-mm\/#breadcrumb\"},\"inLanguage\":\"pt-PT\",\"potentialAction\":[{\"@type\":\"ReadAction\",\"target\":[\"https:\/\/tupique.com\/produit\/montre-intelligente-garmin-010-02805-00-noir-11-o-50-mm\/\"]}]},{\"@type\":\"ImageObject\",\"inLanguage\":\"pt-PT\",\"@id\":\"https:\/\/tupique.com\/produit\/montre-intelligente-garmin-010-02805-00-noir-11-o-50-mm\/#primaryimage\",\"url\":\"https:\/\/tupique.com\/wp-content\/uploads\/2026\/03\/0753759319328_M0807416_P00.jpg\",\"contentUrl\":\"https:\/\/tupique.com\/wp-content\/uploads\/2026\/03\/0753759319328_M0807416_P00.jpg\",\"width\":1200,\"height\":1200,\"caption\":\"M0807416_0\"},{\"@type\":\"BreadcrumbList\",\"@id\":\"https:\/\/tupique.com\/produit\/montre-intelligente-garmin-010-02805-00-noir-11-o-50-mm\/#breadcrumb\",\"itemListElement\":[{\"@type\":\"ListItem\",\"position\":1,\"name\":\"In\u00edcio\",\"item\":\"https:\/\/tupique.com\/\"},{\"@type\":\"ListItem\",\"position\":2,\"name\":\"Boutique\",\"item\":\"https:\/\/tupique.com\/en\/boutique\/\"},{\"@type\":\"ListItem\",\"position\":3,\"name\":\"Montre intelligente GARMIN 010-02805-00 Noir 1,1&#8243; \u00d8 50 mm\"}]},{\"@type\":\"WebSite\",\"@id\":\"https:\/\/tupique.com\/#website\",\"url\":\"https:\/\/tupique.com\/\",\"name\":\"Tupique\",\"description\":\"Marketplace\",\"publisher\":{\"@id\":\"https:\/\/tupique.com\/#organization\"},\"potentialAction\":[{\"@type\":\"SearchAction\",\"target\":{\"@type\":\"EntryPoint\",\"urlTemplate\":\"https:\/\/tupique.com\/?s={search_term_string}\"},\"query-input\":{\"@type\":\"PropertyValueSpecification\",\"valueRequired\":true,\"valueName\":\"search_term_string\"}}],\"inLanguage\":\"pt-PT\"},{\"@type\":\"Organization\",\"@id\":\"https:\/\/tupique.com\/#organization\",\"name\":\"Tupique\",\"url\":\"https:\/\/tupique.com\/\",\"logo\":{\"@type\":\"ImageObject\",\"inLanguage\":\"pt-PT\",\"@id\":\"https:\/\/tupique.com\/#\/schema\/logo\/image\/\",\"url\":\"https:\/\/tupique.com\/wp-content\/uploads\/2024\/09\/logo.png\",\"contentUrl\":\"https:\/\/tupique.com\/wp-content\/uploads\/2024\/09\/logo.png\",\"width\":1118,\"height\":310,\"caption\":\"Tupique\"},\"image\":{\"@id\":\"https:\/\/tupique.com\/#\/schema\/logo\/image\/\"}}]}<\/script>\n<!-- \/ Yoast SEO plugin. -->","yoast_head_json":{"title":"Montre intelligente GARMIN 010-02805-00 Noir 1,1\" \u00d8 50 mm - Tupique","description":"Vous cherchez Montre intelligente GARMIN 010-02805-00 Noir 1,1\" \u00d8 50 mm ? Achetez des produits chez Tupique. Profitez de la livraison gratuite pour obtenir Montre intelligente GARMIN 010-02805-00 Noir 1,1\" \u00d8 50 mm d\u00e8s maintenant.","robots":{"index":"index","follow":"follow","max-snippet":"max-snippet:-1","max-image-preview":"max-image-preview:large","max-video-preview":"max-video-preview:-1"},"canonical":"https:\/\/tupique.com\/pt\/produto\/montre-intelligente-garmin-010-02805-00-noir-11-o-50-mm\/","og_locale":"pt_PT","og_type":"article","og_title":"Montre intelligente GARMIN 010-02805-00 Noir 1,1\" \u00d8 50 mm - Tupique","og_description":"Vous cherchez Montre intelligente GARMIN 010-02805-00 Noir 1,1\" \u00d8 50 mm ? Achetez des produits chez Tupique. Profitez de la livraison gratuite pour obtenir Montre intelligente GARMIN 010-02805-00 Noir 1,1\" \u00d8 50 mm d\u00e8s maintenant.","og_url":"https:\/\/tupique.com\/pt\/produto\/montre-intelligente-garmin-010-02805-00-noir-11-o-50-mm\/","og_site_name":"Tupique","article_modified_time":"2026-03-29T03:56:03+00:00","og_image":[{"width":1200,"height":1200,"url":"https:\/\/tupique.com\/wp-content\/uploads\/2026\/03\/0753759319328_M0807416_P00.jpg","type":"image\/jpeg"}],"twitter_card":"summary_large_image","twitter_misc":{"Tempo estimado de leitura":"2 minutos"},"schema":{"@context":"https:\/\/schema.org","@graph":[{"@type":"WebPage","@id":"https:\/\/tupique.com\/produit\/montre-intelligente-garmin-010-02805-00-noir-11-o-50-mm\/","url":"https:\/\/tupique.com\/produit\/montre-intelligente-garmin-010-02805-00-noir-11-o-50-mm\/","name":"Montre intelligente GARMIN 010-02805-00 Noir 1,1\" \u00d8 50 mm - Tupique","isPartOf":{"@id":"https:\/\/tupique.com\/#website"},"primaryImageOfPage":{"@id":"https:\/\/tupique.com\/produit\/montre-intelligente-garmin-010-02805-00-noir-11-o-50-mm\/#primaryimage"},"image":{"@id":"https:\/\/tupique.com\/produit\/montre-intelligente-garmin-010-02805-00-noir-11-o-50-mm\/#primaryimage"},"thumbnailUrl":"https:\/\/tupique.com\/wp-content\/uploads\/2026\/03\/0753759319328_M0807416_P00.jpg","datePublished":"2026-03-28T18:55:56+00:00","dateModified":"2026-03-29T03:56:03+00:00","description":"Vous cherchez Montre intelligente GARMIN 010-02805-00 Noir 1,1\" \u00d8 50 mm ? Achetez des produits chez Tupique. Profitez de la livraison gratuite pour obtenir Montre intelligente GARMIN 010-02805-00 Noir 1,1\" \u00d8 50 mm d\u00e8s maintenant.","breadcrumb":{"@id":"https:\/\/tupique.com\/produit\/montre-intelligente-garmin-010-02805-00-noir-11-o-50-mm\/#breadcrumb"},"inLanguage":"pt-PT","potentialAction":[{"@type":"ReadAction","target":["https:\/\/tupique.com\/produit\/montre-intelligente-garmin-010-02805-00-noir-11-o-50-mm\/"]}]},{"@type":"ImageObject","inLanguage":"pt-PT","@id":"https:\/\/tupique.com\/produit\/montre-intelligente-garmin-010-02805-00-noir-11-o-50-mm\/#primaryimage","url":"https:\/\/tupique.com\/wp-content\/uploads\/2026\/03\/0753759319328_M0807416_P00.jpg","contentUrl":"https:\/\/tupique.com\/wp-content\/uploads\/2026\/03\/0753759319328_M0807416_P00.jpg","width":1200,"height":1200,"caption":"M0807416_0"},{"@type":"BreadcrumbList","@id":"https:\/\/tupique.com\/produit\/montre-intelligente-garmin-010-02805-00-noir-11-o-50-mm\/#breadcrumb","itemListElement":[{"@type":"ListItem","position":1,"name":"In\u00edcio","item":"https:\/\/tupique.com\/"},{"@type":"ListItem","position":2,"name":"Boutique","item":"https:\/\/tupique.com\/en\/boutique\/"},{"@type":"ListItem","position":3,"name":"Montre intelligente GARMIN 010-02805-00 Noir 1,1&#8243; \u00d8 50 mm"}]},{"@type":"WebSite","@id":"https:\/\/tupique.com\/#website","url":"https:\/\/tupique.com\/","name":"Tupique","description":"Marketplace","publisher":{"@id":"https:\/\/tupique.com\/#organization"},"potentialAction":[{"@type":"SearchAction","target":{"@type":"EntryPoint","urlTemplate":"https:\/\/tupique.com\/?s={search_term_string}"},"query-input":{"@type":"PropertyValueSpecification","valueRequired":true,"valueName":"search_term_string"}}],"inLanguage":"pt-PT"},{"@type":"Organization","@id":"https:\/\/tupique.com\/#organization","name":"Tupique","url":"https:\/\/tupique.com\/","logo":{"@type":"ImageObject","inLanguage":"pt-PT","@id":"https:\/\/tupique.com\/#\/schema\/logo\/image\/","url":"https:\/\/tupique.com\/wp-content\/uploads\/2024\/09\/logo.png","contentUrl":"https:\/\/tupique.com\/wp-content\/uploads\/2024\/09\/logo.png","width":1118,"height":310,"caption":"Tupique"},"image":{"@id":"https:\/\/tupique.com\/#\/schema\/logo\/image\/"}}]}},"jetpack_sharing_enabled":true,"_links":{"self":[{"href":"https:\/\/tupique.com\/pt\/wp-json\/wp\/v2\/product\/4373767","targetHints":{"allow":["GET"]}}],"collection":[{"href":"https:\/\/tupique.com\/pt\/wp-json\/wp\/v2\/product"}],"about":[{"href":"https:\/\/tupique.com\/pt\/wp-json\/wp\/v2\/types\/product"}],"replies":[{"embeddable":true,"href":"https:\/\/tupique.com\/pt\/wp-json\/wp\/v2\/comments?post=4373767"}],"wp:featuredmedia":[{"embeddable":true,"href":"https:\/\/tupique.com\/pt\/wp-json\/wp\/v2\/media\/4373762"}],"wp:attachment":[{"href":"https:\/\/tupique.com\/pt\/wp-json\/wp\/v2\/media?parent=4373767"}],"wp:term":[{"taxonomy":"product_brand","embeddable":true,"href":"https:\/\/tupique.com\/pt\/wp-json\/wp\/v2\/product_brand?post=4373767"},{"taxonomy":"product_cat","embeddable":true,"href":"https:\/\/tupique.com\/pt\/wp-json\/wp\/v2\/product_cat?post=4373767"},{"taxonomy":"product_tag","embeddable":true,"href":"https:\/\/tupique.com\/pt\/wp-json\/wp\/v2\/product_tag?post=4373767"}],"curies":[{"name":"wp","href":"https:\/\/api.w.org\/{rel}","templated":true}]}}