{"id":4373789,"date":"2026-03-28T19:56:25","date_gmt":"2026-03-28T18:56:25","guid":{"rendered":"https:\/\/tupique.com\/produit\/montre-intelligente-garmin-instinct-2x-solar-blanc-11\/"},"modified":"2026-03-29T04:56:04","modified_gmt":"2026-03-29T03:56:04","slug":"montre-intelligente-garmin-instinct-2x-solar-blanc-11","status":"publish","type":"product","link":"https:\/\/tupique.com\/pt\/produto\/montre-intelligente-garmin-instinct-2x-solar-blanc-11\/","title":{"rendered":"Montre intelligente GARMIN Instinct 2X Solar Blanc 1,1&#8243;"},"content":{"rendered":"<p>Se \u00e9 apaixonado por\u2019<b>inform\u00e1tica e eletr\u00f3nica<\/b>, Se est\u00e1 na vanguarda da tecnologia e n\u00e3o quer perder nada, compre <b>Montre intelligente GARMIN Instinct 2X Solar Blanc 1,1&#8243;<\/b> ao melhor pre\u00e7o.<\/p>\n<p>La <b>smartwatch<\/b> Garmin mod\u00e8le 010-02805-04 offre une combinaison polyvalente de fonctionnalit\u00e9s et de confort gr\u00e2ce \u00e0 ses mat\u00e9riaux soigneusement s\u00e9lectionn\u00e9s et son design pens\u00e9 pour un usage quotidien. Cet appareil int\u00e8gre un bracelet en <b>silicone et polym\u00e8re<\/b>, des mat\u00e9riaux garantissant une sensation agr\u00e9able sur la peau, une r\u00e9sistance \u00e0 l\u2019usure et une flexibilit\u00e9 lors d\u2019activit\u00e9s physiques ou de longues journ\u00e9es d\u2019utilisation. Disponible en tons <b>blanc et gris<\/b>, il propose des options stylistiques adapt\u00e9es \u00e0 diff\u00e9rents go\u00fbts et styles personnels. \u00c9quip\u00e9e d\u2019un <b>aceler\u00f3metro<\/b>, cette montre digitale permet d\u2019enregistrer avec pr\u00e9cision les mouvements et les pas, facilitant le suivi de l\u2019activit\u00e9 physique et contribuant \u00e0 un contr\u00f4le plus d\u00e9taill\u00e9 de la sant\u00e9 et des performances. Sa nature digitale assure une interface intuitive, avec des mesures et fonctions destin\u00e9es aux utilisateurs cherchant un accessoire intelligent pour surveiller leur activit\u00e9 quotidienne sans renoncer \u00e0 la l\u00e9g\u00e8ret\u00e9 et au confort apport\u00e9s par ses composants. L\u2019alliance d\u2019un design fonctionnel, de mat\u00e9riaux durables et de la technologie int\u00e9gr\u00e9e fait de cette smartwatch Garmin une option \u00e9quilibr\u00e9e pour ceux qui souhaitent un appareil fiable, aussi bien au quotidien que pour le sport. En r\u00e9sum\u00e9, la Garmin 010-02805-04 repr\u00e9sente une proposition efficace dans le segment des montres connect\u00e9es, avec un accent pr\u00e9cis sur le confort, la durabilit\u00e9 et la surveillance simple de l\u2019activit\u00e9 physique.<\/p>\n<ul>\n<li>Tipo de tomada: tomada UE<\/li>\n<li>Tipo de rel\u00f3gio: Rel\u00f3gio inteligente<\/li>\n<li>Produto de encaixe: Sim<\/li>\n<li>Bloc d\u2019Alimentation: r\u00e9seau \u00e9lectrique<\/li>\n<li>Carater\u00edsticas:\n<ul>\n<li>Monitor do sono<\/li>\n<li>Monitor do ritmo card\u00edaco<\/li>\n<li>Aceler\u00f3metro<\/li>\n<li>Ecr\u00e3 t\u00e1til<\/li>\n<li>Girosc\u00f3pio<\/li>\n<li>Resistente \u00e0 \u00e1gua<\/li>\n<li>Alarme<\/li>\n<li>Term\u00f3metro<\/li>\n<li>Dist\u00e2ncia percorrida<\/li>\n<li>Cron\u00f3metro<\/li>\n<li>SMS<\/li>\n<li>Notifica\u00e7\u00f5es de chamadas e mensagens<\/li>\n<li>Formato 12h \/ 24h<\/li>\n<li>Sensor do n\u00edvel de oxig\u00e9nio no sangue<\/li>\n<li>Ecr\u00e3 com cantos arredondados<\/li>\n<\/ul>\n<\/li>\n<li>Fun\u00e7\u00f5es:\n<ul>\n<li>Aceler\u00f3metro<\/li>\n<li>Alarme<\/li>\n<li>Bar\u00f3metro<\/li>\n<li>Cron\u00f3metro<\/li>\n<li>Ped\u00f3metro<\/li>\n<li>Consumo de calorias<\/li>\n<li>Monitor do sono<\/li>\n<li>Procurar um dispositivo<\/li>\n<li>Monitor do ritmo card\u00edaco<\/li>\n<\/ul>\n<\/li>\n<li>Podom\u00e8tre: Oui<\/li>\n<li>Utilisation recommand\u00e9e:\n<ul>\n<li>Courir<\/li>\n<li>Montagne<\/li>\n<li>Ciclismo<\/li>\n<li>Nata\u00e7\u00e3o<\/li>\n<li>Rame<\/li>\n<li>Randonn\u00e9e<\/li>\n<li>Ski<\/li>\n<\/ul>\n<\/li>\n<li>Thermom\u00e8tre: Oui<\/li>\n<li>Desporto: Fitness<\/li>\n<li>Ecran tactile: Oui<\/li>\n<li>Type: Num\u00e9rique<\/li>\n<li>Microphone int\u00e9gr\u00e9: Non<\/li>\n<li>Imperm\u00e9abilit\u00e9: 10 atm<\/li>\n<li>Genre:\n<ul>\n<li>cualquier g\u00e9nero<\/li>\n<li>Unisexe<\/li>\n<\/ul>\n<\/li>\n<li>Cor:\n<ul>\n<li>Non<\/li>\n<li>Branco<\/li>\n<li>Cinzento<\/li>\n<\/ul>\n<\/li>\n<li>Largeur: 5 cm<\/li>\n<li>Caisse: 50 mm<\/li>\n<li>Poids approx.: 67 g<\/li>\n<li>Long: 5 cm<\/li>\n<li>Idade recomendada: Adultos<\/li>\n<li>Taille: Taille unique<\/li>\n<li>Liga\u00e7\u00f5es:\n<ul>\n<li>USB<\/li>\n<li>USB-C<\/li>\n<\/ul>\n<\/li>\n<li>Conectividade:\n<ul>\n<li>Wi-Fi<\/li>\n<li>Bluetooth<\/li>\n<li>GPS<\/li>\n<li>NFC<\/li>\n<li>Glonass<\/li>\n<li>Galileu<\/li>\n<\/ul>\n<\/li>\n<li>Sistema operativo: Android<\/li>\n<li>Ecran: 1,1&#8243;<\/li>\n<li>Material:\n<ul>\n<li>Silicone<\/li>\n<li>Pol\u00edmero<\/li>\n<li>Plastique<\/li>\n<\/ul>\n<\/li>\n<li>Tipo de bateria:\n<ul>\n<li>Integrado<\/li>\n<li>Litio Ion<\/li>\n<\/ul>\n<\/li>\n<li>Forma: redonda<\/li>\n<li>Inclui:\n<ul>\n<li>Bateria<\/li>\n<li>Temporizador<\/li>\n<li>Manual do utilizador<\/li>\n<\/ul>\n<\/li>\n<li>C\u00e2mara: N\u00e3o<\/li>\n<li>R\u00e9solution: 176 x 176 px<\/li>\n<li>Non Inclus:\n<ul>\n<li>Wi-Fi<\/li>\n<li>Liga\u00e7\u00e3o \u00e0 rede m\u00f3vel<\/li>\n<\/ul>\n<\/li>\n<li>Resistente \u00e0 \u00e1gua: 10 atm<\/li>\n<\/ul>","protected":false},"excerpt":{"rendered":"<p>Si vous \u00eates passionn\u00e9 d&#8217;informatique et d&#8217;\u00e9lectronique, si vous \u00eates \u00e0 la pointe de la technologie et qu&#8217;aucun d\u00e9tail ne<\/p>","protected":false},"featured_media":4373784,"comment_status":"open","ping_status":"closed","template":"","meta":{"_joinchat":[]},"product_brand":[],"product_cat":[157523,157516,157601],"product_tag":[157530,157522,157515],"class_list":{"0":"post-4373789","1":"product","2":"type-product","3":"status-publish","4":"has-post-thumbnail","6":"product_cat-electronique-telephonie-et-tablettes","7":"product_cat-informatique-electronique","8":"product_cat-smartwatches","9":"product_tag-tag_1261","10":"product_tag-tag_547","11":"product_tag-tag_1295","13":"first","14":"instock","15":"taxable","16":"shipping-taxable","17":"purchasable","18":"product-type-simple"},"yoast_head":"<!-- This site is optimized with the Yoast SEO plugin v27.2 - https:\/\/yoast.com\/product\/yoast-seo-wordpress\/ -->\n<title>Montre intelligente GARMIN Instinct 2X Solar Blanc 1,1&quot; - Tupique<\/title>\n<meta name=\"description\" content=\"Vous cherchez Montre intelligente GARMIN Instinct 2X Solar Blanc 1,1&quot; ? Achetez des produits chez Tupique. Profitez de la livraison gratuite pour obtenir Montre intelligente GARMIN Instinct 2X Solar Blanc 1,1&quot; d\u00e8s maintenant.\" \/>\n<meta name=\"robots\" content=\"index, follow, max-snippet:-1, max-image-preview:large, max-video-preview:-1\" \/>\n<link rel=\"canonical\" href=\"https:\/\/tupique.com\/pt\/produto\/montre-intelligente-garmin-instinct-2x-solar-blanc-11\/\" \/>\n<meta property=\"og:locale\" content=\"pt_PT\" \/>\n<meta property=\"og:type\" content=\"article\" \/>\n<meta property=\"og:title\" content=\"Montre intelligente GARMIN Instinct 2X Solar Blanc 1,1&quot; - Tupique\" \/>\n<meta property=\"og:description\" content=\"Vous cherchez Montre intelligente GARMIN Instinct 2X Solar Blanc 1,1&quot; ? Achetez des produits chez Tupique. Profitez de la livraison gratuite pour obtenir Montre intelligente GARMIN Instinct 2X Solar Blanc 1,1&quot; d\u00e8s maintenant.\" \/>\n<meta property=\"og:url\" content=\"https:\/\/tupique.com\/pt\/produto\/montre-intelligente-garmin-instinct-2x-solar-blanc-11\/\" \/>\n<meta property=\"og:site_name\" content=\"Tupique\" \/>\n<meta property=\"article:modified_time\" content=\"2026-03-29T03:56:04+00:00\" \/>\n<meta property=\"og:image\" content=\"https:\/\/tupique.com\/wp-content\/uploads\/2026\/03\/0753759319366_M0807417_P00.jpg\" \/>\n\t<meta property=\"og:image:width\" content=\"1200\" \/>\n\t<meta property=\"og:image:height\" content=\"1200\" \/>\n\t<meta property=\"og:image:type\" content=\"image\/jpeg\" \/>\n<meta name=\"twitter:card\" content=\"summary_large_image\" \/>\n<meta name=\"twitter:label1\" content=\"Tempo estimado de leitura\" \/>\n\t<meta name=\"twitter:data1\" content=\"2 minutos\" \/>\n<script type=\"application\/ld+json\" class=\"yoast-schema-graph\">{\"@context\":\"https:\/\/schema.org\",\"@graph\":[{\"@type\":\"WebPage\",\"@id\":\"https:\/\/tupique.com\/produit\/montre-intelligente-garmin-instinct-2x-solar-blanc-11\/\",\"url\":\"https:\/\/tupique.com\/produit\/montre-intelligente-garmin-instinct-2x-solar-blanc-11\/\",\"name\":\"Montre intelligente GARMIN Instinct 2X Solar Blanc 1,1\\\" - Tupique\",\"isPartOf\":{\"@id\":\"https:\/\/tupique.com\/#website\"},\"primaryImageOfPage\":{\"@id\":\"https:\/\/tupique.com\/produit\/montre-intelligente-garmin-instinct-2x-solar-blanc-11\/#primaryimage\"},\"image\":{\"@id\":\"https:\/\/tupique.com\/produit\/montre-intelligente-garmin-instinct-2x-solar-blanc-11\/#primaryimage\"},\"thumbnailUrl\":\"https:\/\/tupique.com\/wp-content\/uploads\/2026\/03\/0753759319366_M0807417_P00.jpg\",\"datePublished\":\"2026-03-28T18:56:25+00:00\",\"dateModified\":\"2026-03-29T03:56:04+00:00\",\"description\":\"Vous cherchez Montre intelligente GARMIN Instinct 2X Solar Blanc 1,1\\\" ? Achetez des produits chez Tupique. Profitez de la livraison gratuite pour obtenir Montre intelligente GARMIN Instinct 2X Solar Blanc 1,1\\\" d\u00e8s maintenant.\",\"breadcrumb\":{\"@id\":\"https:\/\/tupique.com\/produit\/montre-intelligente-garmin-instinct-2x-solar-blanc-11\/#breadcrumb\"},\"inLanguage\":\"pt-PT\",\"potentialAction\":[{\"@type\":\"ReadAction\",\"target\":[\"https:\/\/tupique.com\/produit\/montre-intelligente-garmin-instinct-2x-solar-blanc-11\/\"]}]},{\"@type\":\"ImageObject\",\"inLanguage\":\"pt-PT\",\"@id\":\"https:\/\/tupique.com\/produit\/montre-intelligente-garmin-instinct-2x-solar-blanc-11\/#primaryimage\",\"url\":\"https:\/\/tupique.com\/wp-content\/uploads\/2026\/03\/0753759319366_M0807417_P00.jpg\",\"contentUrl\":\"https:\/\/tupique.com\/wp-content\/uploads\/2026\/03\/0753759319366_M0807417_P00.jpg\",\"width\":1200,\"height\":1200,\"caption\":\"M0807417_0\"},{\"@type\":\"BreadcrumbList\",\"@id\":\"https:\/\/tupique.com\/produit\/montre-intelligente-garmin-instinct-2x-solar-blanc-11\/#breadcrumb\",\"itemListElement\":[{\"@type\":\"ListItem\",\"position\":1,\"name\":\"In\u00edcio\",\"item\":\"https:\/\/tupique.com\/\"},{\"@type\":\"ListItem\",\"position\":2,\"name\":\"Boutique\",\"item\":\"https:\/\/tupique.com\/en\/boutique\/\"},{\"@type\":\"ListItem\",\"position\":3,\"name\":\"Montre intelligente GARMIN Instinct 2X Solar Blanc 1,1&#8243;\"}]},{\"@type\":\"WebSite\",\"@id\":\"https:\/\/tupique.com\/#website\",\"url\":\"https:\/\/tupique.com\/\",\"name\":\"Tupique\",\"description\":\"Marketplace\",\"publisher\":{\"@id\":\"https:\/\/tupique.com\/#organization\"},\"potentialAction\":[{\"@type\":\"SearchAction\",\"target\":{\"@type\":\"EntryPoint\",\"urlTemplate\":\"https:\/\/tupique.com\/?s={search_term_string}\"},\"query-input\":{\"@type\":\"PropertyValueSpecification\",\"valueRequired\":true,\"valueName\":\"search_term_string\"}}],\"inLanguage\":\"pt-PT\"},{\"@type\":\"Organization\",\"@id\":\"https:\/\/tupique.com\/#organization\",\"name\":\"Tupique\",\"url\":\"https:\/\/tupique.com\/\",\"logo\":{\"@type\":\"ImageObject\",\"inLanguage\":\"pt-PT\",\"@id\":\"https:\/\/tupique.com\/#\/schema\/logo\/image\/\",\"url\":\"https:\/\/tupique.com\/wp-content\/uploads\/2024\/09\/logo.png\",\"contentUrl\":\"https:\/\/tupique.com\/wp-content\/uploads\/2024\/09\/logo.png\",\"width\":1118,\"height\":310,\"caption\":\"Tupique\"},\"image\":{\"@id\":\"https:\/\/tupique.com\/#\/schema\/logo\/image\/\"}}]}<\/script>\n<!-- \/ Yoast SEO plugin. -->","yoast_head_json":{"title":"Montre intelligente GARMIN Instinct 2X Solar Blanc 1,1\" - Tupique","description":"Vous cherchez Montre intelligente GARMIN Instinct 2X Solar Blanc 1,1\" ? Achetez des produits chez Tupique. Profitez de la livraison gratuite pour obtenir Montre intelligente GARMIN Instinct 2X Solar Blanc 1,1\" d\u00e8s maintenant.","robots":{"index":"index","follow":"follow","max-snippet":"max-snippet:-1","max-image-preview":"max-image-preview:large","max-video-preview":"max-video-preview:-1"},"canonical":"https:\/\/tupique.com\/pt\/produto\/montre-intelligente-garmin-instinct-2x-solar-blanc-11\/","og_locale":"pt_PT","og_type":"article","og_title":"Montre intelligente GARMIN Instinct 2X Solar Blanc 1,1\" - Tupique","og_description":"Vous cherchez Montre intelligente GARMIN Instinct 2X Solar Blanc 1,1\" ? Achetez des produits chez Tupique. Profitez de la livraison gratuite pour obtenir Montre intelligente GARMIN Instinct 2X Solar Blanc 1,1\" d\u00e8s maintenant.","og_url":"https:\/\/tupique.com\/pt\/produto\/montre-intelligente-garmin-instinct-2x-solar-blanc-11\/","og_site_name":"Tupique","article_modified_time":"2026-03-29T03:56:04+00:00","og_image":[{"width":1200,"height":1200,"url":"https:\/\/tupique.com\/wp-content\/uploads\/2026\/03\/0753759319366_M0807417_P00.jpg","type":"image\/jpeg"}],"twitter_card":"summary_large_image","twitter_misc":{"Tempo estimado de leitura":"2 minutos"},"schema":{"@context":"https:\/\/schema.org","@graph":[{"@type":"WebPage","@id":"https:\/\/tupique.com\/produit\/montre-intelligente-garmin-instinct-2x-solar-blanc-11\/","url":"https:\/\/tupique.com\/produit\/montre-intelligente-garmin-instinct-2x-solar-blanc-11\/","name":"Montre intelligente GARMIN Instinct 2X Solar Blanc 1,1\" - Tupique","isPartOf":{"@id":"https:\/\/tupique.com\/#website"},"primaryImageOfPage":{"@id":"https:\/\/tupique.com\/produit\/montre-intelligente-garmin-instinct-2x-solar-blanc-11\/#primaryimage"},"image":{"@id":"https:\/\/tupique.com\/produit\/montre-intelligente-garmin-instinct-2x-solar-blanc-11\/#primaryimage"},"thumbnailUrl":"https:\/\/tupique.com\/wp-content\/uploads\/2026\/03\/0753759319366_M0807417_P00.jpg","datePublished":"2026-03-28T18:56:25+00:00","dateModified":"2026-03-29T03:56:04+00:00","description":"Vous cherchez Montre intelligente GARMIN Instinct 2X Solar Blanc 1,1\" ? Achetez des produits chez Tupique. Profitez de la livraison gratuite pour obtenir Montre intelligente GARMIN Instinct 2X Solar Blanc 1,1\" d\u00e8s maintenant.","breadcrumb":{"@id":"https:\/\/tupique.com\/produit\/montre-intelligente-garmin-instinct-2x-solar-blanc-11\/#breadcrumb"},"inLanguage":"pt-PT","potentialAction":[{"@type":"ReadAction","target":["https:\/\/tupique.com\/produit\/montre-intelligente-garmin-instinct-2x-solar-blanc-11\/"]}]},{"@type":"ImageObject","inLanguage":"pt-PT","@id":"https:\/\/tupique.com\/produit\/montre-intelligente-garmin-instinct-2x-solar-blanc-11\/#primaryimage","url":"https:\/\/tupique.com\/wp-content\/uploads\/2026\/03\/0753759319366_M0807417_P00.jpg","contentUrl":"https:\/\/tupique.com\/wp-content\/uploads\/2026\/03\/0753759319366_M0807417_P00.jpg","width":1200,"height":1200,"caption":"M0807417_0"},{"@type":"BreadcrumbList","@id":"https:\/\/tupique.com\/produit\/montre-intelligente-garmin-instinct-2x-solar-blanc-11\/#breadcrumb","itemListElement":[{"@type":"ListItem","position":1,"name":"In\u00edcio","item":"https:\/\/tupique.com\/"},{"@type":"ListItem","position":2,"name":"Boutique","item":"https:\/\/tupique.com\/en\/boutique\/"},{"@type":"ListItem","position":3,"name":"Montre intelligente GARMIN Instinct 2X Solar Blanc 1,1&#8243;"}]},{"@type":"WebSite","@id":"https:\/\/tupique.com\/#website","url":"https:\/\/tupique.com\/","name":"Tupique","description":"Marketplace","publisher":{"@id":"https:\/\/tupique.com\/#organization"},"potentialAction":[{"@type":"SearchAction","target":{"@type":"EntryPoint","urlTemplate":"https:\/\/tupique.com\/?s={search_term_string}"},"query-input":{"@type":"PropertyValueSpecification","valueRequired":true,"valueName":"search_term_string"}}],"inLanguage":"pt-PT"},{"@type":"Organization","@id":"https:\/\/tupique.com\/#organization","name":"Tupique","url":"https:\/\/tupique.com\/","logo":{"@type":"ImageObject","inLanguage":"pt-PT","@id":"https:\/\/tupique.com\/#\/schema\/logo\/image\/","url":"https:\/\/tupique.com\/wp-content\/uploads\/2024\/09\/logo.png","contentUrl":"https:\/\/tupique.com\/wp-content\/uploads\/2024\/09\/logo.png","width":1118,"height":310,"caption":"Tupique"},"image":{"@id":"https:\/\/tupique.com\/#\/schema\/logo\/image\/"}}]}},"jetpack_sharing_enabled":true,"_links":{"self":[{"href":"https:\/\/tupique.com\/pt\/wp-json\/wp\/v2\/product\/4373789","targetHints":{"allow":["GET"]}}],"collection":[{"href":"https:\/\/tupique.com\/pt\/wp-json\/wp\/v2\/product"}],"about":[{"href":"https:\/\/tupique.com\/pt\/wp-json\/wp\/v2\/types\/product"}],"replies":[{"embeddable":true,"href":"https:\/\/tupique.com\/pt\/wp-json\/wp\/v2\/comments?post=4373789"}],"wp:featuredmedia":[{"embeddable":true,"href":"https:\/\/tupique.com\/pt\/wp-json\/wp\/v2\/media\/4373784"}],"wp:attachment":[{"href":"https:\/\/tupique.com\/pt\/wp-json\/wp\/v2\/media?parent=4373789"}],"wp:term":[{"taxonomy":"product_brand","embeddable":true,"href":"https:\/\/tupique.com\/pt\/wp-json\/wp\/v2\/product_brand?post=4373789"},{"taxonomy":"product_cat","embeddable":true,"href":"https:\/\/tupique.com\/pt\/wp-json\/wp\/v2\/product_cat?post=4373789"},{"taxonomy":"product_tag","embeddable":true,"href":"https:\/\/tupique.com\/pt\/wp-json\/wp\/v2\/product_tag?post=4373789"}],"curies":[{"name":"wp","href":"https:\/\/api.w.org\/{rel}","templated":true}]}}