{"id":4374208,"date":"2026-03-30T23:56:06","date_gmt":"2026-03-30T22:56:06","guid":{"rendered":"https:\/\/tupique.com\/produit\/ecran-elo-touch-systems-2094l-full-hd-195-50-hz\/"},"modified":"2026-03-30T23:56:06","modified_gmt":"2026-03-30T22:56:06","slug":"ecran-elo-touch-systems-2094l-full-hd-195-50-hz","status":"publish","type":"product","link":"https:\/\/tupique.com\/pt\/produto\/ecran-elo-touch-systems-2094l-full-hd-195-50-hz\/","title":{"rendered":"\u00c9cran Elo Touch Systems 2094L Full HD 19,5&#8243; 50 Hz"},"content":{"rendered":"<p>Se \u00e9 apaixonado por\u2019<b>inform\u00e1tica e eletr\u00f3nica<\/b>, Se est\u00e1 na vanguarda da tecnologia e n\u00e3o quer perder nada, compre <b>\u00c9cran Elo Touch Systems 2094L Full HD 19,5&#8243; 50 Hz<\/b> ao melhor pre\u00e7o.<\/p>\n<ul>\n<li>Produto de encaixe: Sim<\/li>\n<li>Tipo de tomada: tomada UE<\/li>\n<li>R\u00e9solution (px): 1920 x 1080 px<\/li>\n<li>Resolu\u00e7\u00e3o: Full HD<\/li>\n<li>Diagonale de l&#8217;\u00e9cran (cm): 49,5 cm<\/li>\n<li>Liga\u00e7\u00f5es:\n<ul>\n<li>HDMI<\/li>\n<li>VGA D-sub<\/li>\n<li>SATA<\/li>\n<li>DisplayPort x 1<\/li>\n<\/ul>\n<\/li>\n<li>Tecnologia:\n<ul>\n<li>LCD<\/li>\n<li>LED<\/li>\n<li>TFT<\/li>\n<\/ul>\n<\/li>\n<li>Type: \u00c9cran<\/li>\n<li>Classifica\u00e7\u00e3o energ\u00e9tica: G<\/li>\n<li>Alimenta\u00e7\u00e3o el\u00e9ctrica:\n<ul>\n<li>r\u00e9seau \u00e9lectrique<\/li>\n<li>CA<\/li>\n<\/ul>\n<\/li>\n<li>Cor: preto<\/li>\n<li>VESA: 10 x 10 cm<\/li>\n<li>Ecran: 19,5&#8243;<\/li>\n<li>puissance: 5 W<\/li>\n<li>R\u00e1cio de aspeto: 16:9<\/li>\n<li>Carater\u00edsticas:\n<ul>\n<li>Ecr\u00e3 t\u00e1til<\/li>\n<li>Montage mural<\/li>\n<li>Guia de instala\u00e7\u00e3o inclu\u00eddo<\/li>\n<\/ul>\n<\/li>\n<li>Frequ\u00eancia: 50 Hz<\/li>\n<li>Tension: 240 V<\/li>\n<li>Rapport de contraste: 3000:1<\/li>\n<li>Inclui: Controlo remoto<\/li>\n<li>Certificado: RoHS<\/li>\n<li>Angle: 178\u00ba<\/li>\n<li>Precis\u00e3o (humidade relativa): 20 % - 80 %<\/li>\n<li>Montagem: VESA<\/li>\n<li>Compatible: VESA 100 x 100<\/li>\n<li>Tension d&#8217;entr\u00e9e AC: 230 V<\/li>\n<\/ul>","protected":false},"excerpt":{"rendered":"<p>Si vous \u00eates passionn\u00e9 d&#8217;informatique et d&#8217;\u00e9lectronique, si vous \u00eates \u00e0 la pointe de la technologie et qu&#8217;aucun d\u00e9tail ne<\/p>","protected":false},"featured_media":4374201,"comment_status":"open","ping_status":"closed","template":"","meta":{"_joinchat":[]},"product_brand":[],"product_cat":[157516,157517,157816],"product_tag":[157514,157515],"class_list":{"0":"post-4374208","1":"product","2":"type-product","3":"status-publish","4":"has-post-thumbnail","6":"product_cat-informatique-electronique","7":"product_cat-informatique-peripheriques-et-consommables","8":"product_cat-moniteurs","9":"product_tag-tag_933","10":"product_tag-tag_1295","12":"first","13":"instock","14":"taxable","15":"shipping-taxable","16":"purchasable","17":"product-type-simple"},"yoast_head":"<!-- This site is optimized with the Yoast SEO plugin v27.2 - https:\/\/yoast.com\/product\/yoast-seo-wordpress\/ -->\n<title>\u00c9cran Elo Touch Systems 2094L Full HD 19,5&quot; 50 Hz - Tupique<\/title>\n<meta name=\"description\" content=\"Vous cherchez \u00c9cran Elo Touch Systems 2094L Full HD 19,5&quot; 50 Hz ? Achetez des produits chez Tupique. Profitez de la livraison gratuite pour obtenir \u00c9cran Elo Touch Systems 2094L Full HD 19,5&quot; 50 Hz d\u00e8s maintenant.\" \/>\n<meta name=\"robots\" content=\"index, follow, max-snippet:-1, max-image-preview:large, max-video-preview:-1\" \/>\n<link rel=\"canonical\" href=\"https:\/\/tupique.com\/pt\/produto\/ecran-elo-touch-systems-2094l-full-hd-195-50-hz\/\" \/>\n<meta property=\"og:locale\" content=\"pt_PT\" \/>\n<meta property=\"og:type\" content=\"article\" \/>\n<meta property=\"og:title\" content=\"\u00c9cran Elo Touch Systems 2094L Full HD 19,5&quot; 50 Hz - Tupique\" \/>\n<meta property=\"og:description\" content=\"Vous cherchez \u00c9cran Elo Touch Systems 2094L Full HD 19,5&quot; 50 Hz ? Achetez des produits chez Tupique. Profitez de la livraison gratuite pour obtenir \u00c9cran Elo Touch Systems 2094L Full HD 19,5&quot; 50 Hz d\u00e8s maintenant.\" \/>\n<meta property=\"og:url\" content=\"https:\/\/tupique.com\/pt\/produto\/ecran-elo-touch-systems-2094l-full-hd-195-50-hz\/\" \/>\n<meta property=\"og:site_name\" content=\"Tupique\" \/>\n<meta name=\"twitter:card\" content=\"summary_large_image\" \/>\n<meta name=\"twitter:label1\" content=\"Tempo estimado de leitura\" \/>\n\t<meta name=\"twitter:data1\" content=\"1 minuto\" \/>\n<script type=\"application\/ld+json\" class=\"yoast-schema-graph\">{\"@context\":\"https:\/\/schema.org\",\"@graph\":[{\"@type\":\"WebPage\",\"@id\":\"https:\/\/tupique.com\/produit\/ecran-elo-touch-systems-2094l-full-hd-195-50-hz\/\",\"url\":\"https:\/\/tupique.com\/produit\/ecran-elo-touch-systems-2094l-full-hd-195-50-hz\/\",\"name\":\"\u00c9cran Elo Touch Systems 2094L Full HD 19,5\\\" 50 Hz - Tupique\",\"isPartOf\":{\"@id\":\"https:\/\/tupique.com\/#website\"},\"primaryImageOfPage\":{\"@id\":\"https:\/\/tupique.com\/produit\/ecran-elo-touch-systems-2094l-full-hd-195-50-hz\/#primaryimage\"},\"image\":{\"@id\":\"https:\/\/tupique.com\/produit\/ecran-elo-touch-systems-2094l-full-hd-195-50-hz\/#primaryimage\"},\"thumbnailUrl\":\"https:\/\/tupique.com\/wp-content\/uploads\/2026\/03\/209327422.jpg\",\"datePublished\":\"2026-03-30T22:56:06+00:00\",\"description\":\"Vous cherchez \u00c9cran Elo Touch Systems 2094L Full HD 19,5\\\" 50 Hz ? Achetez des produits chez Tupique. Profitez de la livraison gratuite pour obtenir \u00c9cran Elo Touch Systems 2094L Full HD 19,5\\\" 50 Hz d\u00e8s maintenant.\",\"breadcrumb\":{\"@id\":\"https:\/\/tupique.com\/produit\/ecran-elo-touch-systems-2094l-full-hd-195-50-hz\/#breadcrumb\"},\"inLanguage\":\"pt-PT\",\"potentialAction\":[{\"@type\":\"ReadAction\",\"target\":[\"https:\/\/tupique.com\/produit\/ecran-elo-touch-systems-2094l-full-hd-195-50-hz\/\"]}]},{\"@type\":\"ImageObject\",\"inLanguage\":\"pt-PT\",\"@id\":\"https:\/\/tupique.com\/produit\/ecran-elo-touch-systems-2094l-full-hd-195-50-hz\/#primaryimage\",\"url\":\"https:\/\/tupique.com\/wp-content\/uploads\/2026\/03\/209327422.jpg\",\"contentUrl\":\"https:\/\/tupique.com\/wp-content\/uploads\/2026\/03\/209327422.jpg\",\"width\":1200,\"height\":1200,\"caption\":\"S55068375_0\"},{\"@type\":\"BreadcrumbList\",\"@id\":\"https:\/\/tupique.com\/produit\/ecran-elo-touch-systems-2094l-full-hd-195-50-hz\/#breadcrumb\",\"itemListElement\":[{\"@type\":\"ListItem\",\"position\":1,\"name\":\"In\u00edcio\",\"item\":\"https:\/\/tupique.com\/\"},{\"@type\":\"ListItem\",\"position\":2,\"name\":\"Boutique\",\"item\":\"https:\/\/tupique.com\/en\/boutique\/\"},{\"@type\":\"ListItem\",\"position\":3,\"name\":\"\u00c9cran Elo Touch Systems 2094L Full HD 19,5&#8243; 50 Hz\"}]},{\"@type\":\"WebSite\",\"@id\":\"https:\/\/tupique.com\/#website\",\"url\":\"https:\/\/tupique.com\/\",\"name\":\"Tupique\",\"description\":\"Marketplace\",\"publisher\":{\"@id\":\"https:\/\/tupique.com\/#organization\"},\"potentialAction\":[{\"@type\":\"SearchAction\",\"target\":{\"@type\":\"EntryPoint\",\"urlTemplate\":\"https:\/\/tupique.com\/?s={search_term_string}\"},\"query-input\":{\"@type\":\"PropertyValueSpecification\",\"valueRequired\":true,\"valueName\":\"search_term_string\"}}],\"inLanguage\":\"pt-PT\"},{\"@type\":\"Organization\",\"@id\":\"https:\/\/tupique.com\/#organization\",\"name\":\"Tupique\",\"url\":\"https:\/\/tupique.com\/\",\"logo\":{\"@type\":\"ImageObject\",\"inLanguage\":\"pt-PT\",\"@id\":\"https:\/\/tupique.com\/#\/schema\/logo\/image\/\",\"url\":\"https:\/\/tupique.com\/wp-content\/uploads\/2024\/09\/logo.png\",\"contentUrl\":\"https:\/\/tupique.com\/wp-content\/uploads\/2024\/09\/logo.png\",\"width\":1118,\"height\":310,\"caption\":\"Tupique\"},\"image\":{\"@id\":\"https:\/\/tupique.com\/#\/schema\/logo\/image\/\"}}]}<\/script>\n<!-- \/ Yoast SEO plugin. -->","yoast_head_json":{"title":"\u00c9cran Elo Touch Systems 2094L Full HD 19,5\" 50 Hz - Tupique","description":"Vous cherchez \u00c9cran Elo Touch Systems 2094L Full HD 19,5\" 50 Hz ? Achetez des produits chez Tupique. Profitez de la livraison gratuite pour obtenir \u00c9cran Elo Touch Systems 2094L Full HD 19,5\" 50 Hz d\u00e8s maintenant.","robots":{"index":"index","follow":"follow","max-snippet":"max-snippet:-1","max-image-preview":"max-image-preview:large","max-video-preview":"max-video-preview:-1"},"canonical":"https:\/\/tupique.com\/pt\/produto\/ecran-elo-touch-systems-2094l-full-hd-195-50-hz\/","og_locale":"pt_PT","og_type":"article","og_title":"\u00c9cran Elo Touch Systems 2094L Full HD 19,5\" 50 Hz - Tupique","og_description":"Vous cherchez \u00c9cran Elo Touch Systems 2094L Full HD 19,5\" 50 Hz ? Achetez des produits chez Tupique. Profitez de la livraison gratuite pour obtenir \u00c9cran Elo Touch Systems 2094L Full HD 19,5\" 50 Hz d\u00e8s maintenant.","og_url":"https:\/\/tupique.com\/pt\/produto\/ecran-elo-touch-systems-2094l-full-hd-195-50-hz\/","og_site_name":"Tupique","twitter_card":"summary_large_image","twitter_misc":{"Tempo estimado de leitura":"1 minuto"},"schema":{"@context":"https:\/\/schema.org","@graph":[{"@type":"WebPage","@id":"https:\/\/tupique.com\/produit\/ecran-elo-touch-systems-2094l-full-hd-195-50-hz\/","url":"https:\/\/tupique.com\/produit\/ecran-elo-touch-systems-2094l-full-hd-195-50-hz\/","name":"\u00c9cran Elo Touch Systems 2094L Full HD 19,5\" 50 Hz - Tupique","isPartOf":{"@id":"https:\/\/tupique.com\/#website"},"primaryImageOfPage":{"@id":"https:\/\/tupique.com\/produit\/ecran-elo-touch-systems-2094l-full-hd-195-50-hz\/#primaryimage"},"image":{"@id":"https:\/\/tupique.com\/produit\/ecran-elo-touch-systems-2094l-full-hd-195-50-hz\/#primaryimage"},"thumbnailUrl":"https:\/\/tupique.com\/wp-content\/uploads\/2026\/03\/209327422.jpg","datePublished":"2026-03-30T22:56:06+00:00","description":"Vous cherchez \u00c9cran Elo Touch Systems 2094L Full HD 19,5\" 50 Hz ? Achetez des produits chez Tupique. Profitez de la livraison gratuite pour obtenir \u00c9cran Elo Touch Systems 2094L Full HD 19,5\" 50 Hz d\u00e8s maintenant.","breadcrumb":{"@id":"https:\/\/tupique.com\/produit\/ecran-elo-touch-systems-2094l-full-hd-195-50-hz\/#breadcrumb"},"inLanguage":"pt-PT","potentialAction":[{"@type":"ReadAction","target":["https:\/\/tupique.com\/produit\/ecran-elo-touch-systems-2094l-full-hd-195-50-hz\/"]}]},{"@type":"ImageObject","inLanguage":"pt-PT","@id":"https:\/\/tupique.com\/produit\/ecran-elo-touch-systems-2094l-full-hd-195-50-hz\/#primaryimage","url":"https:\/\/tupique.com\/wp-content\/uploads\/2026\/03\/209327422.jpg","contentUrl":"https:\/\/tupique.com\/wp-content\/uploads\/2026\/03\/209327422.jpg","width":1200,"height":1200,"caption":"S55068375_0"},{"@type":"BreadcrumbList","@id":"https:\/\/tupique.com\/produit\/ecran-elo-touch-systems-2094l-full-hd-195-50-hz\/#breadcrumb","itemListElement":[{"@type":"ListItem","position":1,"name":"In\u00edcio","item":"https:\/\/tupique.com\/"},{"@type":"ListItem","position":2,"name":"Boutique","item":"https:\/\/tupique.com\/en\/boutique\/"},{"@type":"ListItem","position":3,"name":"\u00c9cran Elo Touch Systems 2094L Full HD 19,5&#8243; 50 Hz"}]},{"@type":"WebSite","@id":"https:\/\/tupique.com\/#website","url":"https:\/\/tupique.com\/","name":"Tupique","description":"Marketplace","publisher":{"@id":"https:\/\/tupique.com\/#organization"},"potentialAction":[{"@type":"SearchAction","target":{"@type":"EntryPoint","urlTemplate":"https:\/\/tupique.com\/?s={search_term_string}"},"query-input":{"@type":"PropertyValueSpecification","valueRequired":true,"valueName":"search_term_string"}}],"inLanguage":"pt-PT"},{"@type":"Organization","@id":"https:\/\/tupique.com\/#organization","name":"Tupique","url":"https:\/\/tupique.com\/","logo":{"@type":"ImageObject","inLanguage":"pt-PT","@id":"https:\/\/tupique.com\/#\/schema\/logo\/image\/","url":"https:\/\/tupique.com\/wp-content\/uploads\/2024\/09\/logo.png","contentUrl":"https:\/\/tupique.com\/wp-content\/uploads\/2024\/09\/logo.png","width":1118,"height":310,"caption":"Tupique"},"image":{"@id":"https:\/\/tupique.com\/#\/schema\/logo\/image\/"}}]}},"jetpack_sharing_enabled":true,"_links":{"self":[{"href":"https:\/\/tupique.com\/pt\/wp-json\/wp\/v2\/product\/4374208","targetHints":{"allow":["GET"]}}],"collection":[{"href":"https:\/\/tupique.com\/pt\/wp-json\/wp\/v2\/product"}],"about":[{"href":"https:\/\/tupique.com\/pt\/wp-json\/wp\/v2\/types\/product"}],"replies":[{"embeddable":true,"href":"https:\/\/tupique.com\/pt\/wp-json\/wp\/v2\/comments?post=4374208"}],"wp:featuredmedia":[{"embeddable":true,"href":"https:\/\/tupique.com\/pt\/wp-json\/wp\/v2\/media\/4374201"}],"wp:attachment":[{"href":"https:\/\/tupique.com\/pt\/wp-json\/wp\/v2\/media?parent=4374208"}],"wp:term":[{"taxonomy":"product_brand","embeddable":true,"href":"https:\/\/tupique.com\/pt\/wp-json\/wp\/v2\/product_brand?post=4374208"},{"taxonomy":"product_cat","embeddable":true,"href":"https:\/\/tupique.com\/pt\/wp-json\/wp\/v2\/product_cat?post=4374208"},{"taxonomy":"product_tag","embeddable":true,"href":"https:\/\/tupique.com\/pt\/wp-json\/wp\/v2\/product_tag?post=4374208"}],"curies":[{"name":"wp","href":"https:\/\/api.w.org\/{rel}","templated":true}]}}