{"id":4374583,"date":"2026-03-31T11:01:33","date_gmt":"2026-03-31T10:01:33","guid":{"rendered":"https:\/\/tupique.com\/produit\/smartphone-apple-mg6q4ql-a-63-hexa-core-8-gb-ram-512-gb-blanc\/"},"modified":"2026-03-31T11:01:33","modified_gmt":"2026-03-31T10:01:33","slug":"smartphone-apple-mg6q4ql-a-63-hexa-core-8-gb-ram-512-gb-blanc","status":"publish","type":"product","link":"https:\/\/tupique.com\/pt\/produto\/smartphone-apple-mg6q4ql-a-63-hexa-core-8-gb-ram-512-gb-blanc\/","title":{"rendered":"Smartphone Apple MG6Q4QL\/A 6,3&#8243; Hexa Core 8 GB RAM 512 GB Blanc"},"content":{"rendered":"<p>Se est\u00e1 \u00e0 procura das \u00faltimas tend\u00eancias do mercado, temos tudo o que precisa. <b>Smartphone Apple MG6Q4QL\/A 6,3&#8243; Hexa Core 8 GB RAM 512 GB Blanc<\/b> !<\/p>\n<ul>\n<li>Tipo:\n<ul>\n<li>Smartphone<\/li>\n<li>Dual SIM<\/li>\n<\/ul>\n<\/li>\n<li>Produto de encaixe: Sim<\/li>\n<li>Diagonale de l&#8217;\u00e9cran (cm): 16 cm<\/li>\n<li>Tipo de tomada: tomada UE<\/li>\n<li>Classifica\u00e7\u00e3o IP: IP68<\/li>\n<li>Ecran: 6,3&#8243;<\/li>\n<li>Sistema operativo: iOS<\/li>\n<li>pot\u00eancia: 40 W<\/li>\n<li>Conectividade:\n<ul>\n<li>NFC<\/li>\n<li>Bluetooth<\/li>\n<li>Wi-Fi<\/li>\n<li>BeiDou<\/li>\n<li>5G<\/li>\n<li>Positionnement de Wi-Fi<\/li>\n<\/ul>\n<\/li>\n<li>C\u00e2mara:\n<ul>\n<li>48 MP<\/li>\n<li>Dual<\/li>\n<li>Frente<\/li>\n<\/ul>\n<\/li>\n<li>Liga\u00e7\u00f5es:\n<ul>\n<li>USB-C<\/li>\n<li>USB<\/li>\n<li>USB 2.0<\/li>\n<\/ul>\n<\/li>\n<li>Processeur:\n<ul>\n<li>Hexa Core<\/li>\n<li>A19<\/li>\n<\/ul>\n<\/li>\n<li>Mem\u00f3ria RAM: 8 GB de RAM<\/li>\n<li>Mem\u00f3ria interna: 512 GB<\/li>\n<li>Cor: Branco<\/li>\n<li>Carater\u00edsticas:\n<ul>\n<li>GPS<\/li>\n<li>Bar\u00f3metro<\/li>\n<li>Sensor de luz ambiente<\/li>\n<li>Videochamada<\/li>\n<li>HDR<\/li>\n<li>Autofocus<\/li>\n<li>Activation vocale<\/li>\n<li>Guia de instala\u00e7\u00e3o inclu\u00eddo<\/li>\n<li>Carregamento r\u00e1pido e fi\u00e1vel<\/li>\n<li>Chargeur sans fil<\/li>\n<li>Estabilizador de imagem<\/li>\n<li>Sensor de proximidade<\/li>\n<li>Ecr\u00e3 com cantos arredondados<\/li>\n<li>Ecr\u00e3 plano<\/li>\n<\/ul>\n<\/li>\n<li>Zoom Num\u00e9rique: 10x<\/li>\n<li>Classifica\u00e7\u00e3o energ\u00e9tica: A<\/li>\n<li>Capteurs:\n<ul>\n<li>Aceler\u00f3metro<\/li>\n<li>Girosc\u00f3pio<\/li>\n<li>Magn\u00e9tique<\/li>\n<\/ul>\n<\/li>\n<li>Inclut: Haut-parleur<\/li>\n<li>3D: Non<\/li>\n<li>Fun\u00e7\u00f5es:\n<ul>\n<li>ECO<\/li>\n<li>Geolocaliza\u00e7\u00e3o<\/li>\n<li>Vibra\u00e7\u00e3o<\/li>\n<\/ul>\n<\/li>\n<li>Tecnologia:\n<ul>\n<li>M\u00edmica<\/li>\n<li>Glonass<\/li>\n<li>OLED<\/li>\n<\/ul>\n<\/li>\n<li>Brille: 1000 cd\/m\u00b2<\/li>\n<li>N\u00e3o inclu\u00eddo: adaptador AC<\/li>\n<li>Fr\u00e9quence: 120 Hz<\/li>\n<li>Angle: 120\u00ba<\/li>\n<li>Flash: Non<\/li>\n<li>Tipo de bateria: i\u00f5es de l\u00edtio<\/li>\n<li>N\u00facleos:\n<ul>\n<li>6 Noyaux<\/li>\n<li>16 n\u00facleos<\/li>\n<\/ul>\n<\/li>\n<li>Resolu\u00e7\u00e3o (px):\n<ul>\n<li>3840 x 2160 px<\/li>\n<li>2160 px<\/li>\n<\/ul>\n<\/li>\n<\/ul>","protected":false},"excerpt":{"rendered":"<p>Si vous \u00eates \u00e0 la recherche de nouvelles tendances sur le march\u00e9, nous vous pr\u00e9sentons Smartphone Apple MG6Q4QL\/A 6,3&#8243; Hexa<\/p>","protected":false},"featured_media":4374567,"comment_status":"open","ping_status":"closed","template":"","meta":{"_joinchat":[]},"product_brand":[],"product_cat":[157523,157516,157524],"product_tag":[157514,157522,157515],"class_list":{"0":"post-4374583","1":"product","2":"type-product","3":"status-publish","4":"has-post-thumbnail","6":"product_cat-electronique-telephonie-et-tablettes","7":"product_cat-informatique-electronique","8":"product_cat-telephones-portables","9":"product_tag-tag_933","10":"product_tag-tag_547","11":"product_tag-tag_1295","13":"first","14":"instock","15":"taxable","16":"shipping-taxable","17":"purchasable","18":"product-type-simple"},"yoast_head":"<!-- This site is optimized with the Yoast SEO plugin v27.2 - https:\/\/yoast.com\/product\/yoast-seo-wordpress\/ -->\n<title>Smartphone Apple MG6Q4QL\/A 6,3&quot; Hexa Core 8 GB RAM 512 GB Blanc - Tupique<\/title>\n<meta name=\"description\" content=\"Vous cherchez Smartphone Apple MG6Q4QL\/A 6,3&quot; Hexa Core 8 GB RAM 512 GB Blanc ? Achetez des produits chez Tupique. Profitez de la livraison gratuite pour obtenir Smartphone Apple MG6Q4QL\/A 6,3&quot; Hexa Core 8 GB RAM 512 GB Blanc d\u00e8s maintenant.\" \/>\n<meta name=\"robots\" content=\"index, follow, max-snippet:-1, max-image-preview:large, max-video-preview:-1\" \/>\n<link rel=\"canonical\" href=\"https:\/\/tupique.com\/pt\/produto\/smartphone-apple-mg6q4ql-a-63-hexa-core-8-gb-ram-512-gb-blanc\/\" \/>\n<meta property=\"og:locale\" content=\"pt_PT\" \/>\n<meta property=\"og:type\" content=\"article\" \/>\n<meta property=\"og:title\" content=\"Smartphone Apple MG6Q4QL\/A 6,3&quot; Hexa Core 8 GB RAM 512 GB Blanc - Tupique\" \/>\n<meta property=\"og:description\" content=\"Vous cherchez Smartphone Apple MG6Q4QL\/A 6,3&quot; Hexa Core 8 GB RAM 512 GB Blanc ? Achetez des produits chez Tupique. Profitez de la livraison gratuite pour obtenir Smartphone Apple MG6Q4QL\/A 6,3&quot; Hexa Core 8 GB RAM 512 GB Blanc d\u00e8s maintenant.\" \/>\n<meta property=\"og:url\" content=\"https:\/\/tupique.com\/pt\/produto\/smartphone-apple-mg6q4ql-a-63-hexa-core-8-gb-ram-512-gb-blanc\/\" \/>\n<meta property=\"og:site_name\" content=\"Tupique\" \/>\n<meta name=\"twitter:card\" content=\"summary_large_image\" \/>\n<meta name=\"twitter:label1\" content=\"Tempo estimado de leitura\" \/>\n\t<meta name=\"twitter:data1\" content=\"1 minuto\" \/>\n<script type=\"application\/ld+json\" class=\"yoast-schema-graph\">{\"@context\":\"https:\/\/schema.org\",\"@graph\":[{\"@type\":\"WebPage\",\"@id\":\"https:\/\/tupique.com\/produit\/smartphone-apple-mg6q4ql-a-63-hexa-core-8-gb-ram-512-gb-blanc\/\",\"url\":\"https:\/\/tupique.com\/produit\/smartphone-apple-mg6q4ql-a-63-hexa-core-8-gb-ram-512-gb-blanc\/\",\"name\":\"Smartphone Apple MG6Q4QL\/A 6,3\\\" Hexa Core 8 GB RAM 512 GB Blanc - Tupique\",\"isPartOf\":{\"@id\":\"https:\/\/tupique.com\/#website\"},\"primaryImageOfPage\":{\"@id\":\"https:\/\/tupique.com\/produit\/smartphone-apple-mg6q4ql-a-63-hexa-core-8-gb-ram-512-gb-blanc\/#primaryimage\"},\"image\":{\"@id\":\"https:\/\/tupique.com\/produit\/smartphone-apple-mg6q4ql-a-63-hexa-core-8-gb-ram-512-gb-blanc\/#primaryimage\"},\"thumbnailUrl\":\"https:\/\/tupique.com\/wp-content\/uploads\/2026\/03\/0195950644708__EE_E00.jpg\",\"datePublished\":\"2026-03-31T10:01:33+00:00\",\"description\":\"Vous cherchez Smartphone Apple MG6Q4QL\/A 6,3\\\" Hexa Core 8 GB RAM 512 GB Blanc ? Achetez des produits chez Tupique. Profitez de la livraison gratuite pour obtenir Smartphone Apple MG6Q4QL\/A 6,3\\\" Hexa Core 8 GB RAM 512 GB Blanc d\u00e8s maintenant.\",\"breadcrumb\":{\"@id\":\"https:\/\/tupique.com\/produit\/smartphone-apple-mg6q4ql-a-63-hexa-core-8-gb-ram-512-gb-blanc\/#breadcrumb\"},\"inLanguage\":\"pt-PT\",\"potentialAction\":[{\"@type\":\"ReadAction\",\"target\":[\"https:\/\/tupique.com\/produit\/smartphone-apple-mg6q4ql-a-63-hexa-core-8-gb-ram-512-gb-blanc\/\"]}]},{\"@type\":\"ImageObject\",\"inLanguage\":\"pt-PT\",\"@id\":\"https:\/\/tupique.com\/produit\/smartphone-apple-mg6q4ql-a-63-hexa-core-8-gb-ram-512-gb-blanc\/#primaryimage\",\"url\":\"https:\/\/tupique.com\/wp-content\/uploads\/2026\/03\/0195950644708__EE_E00.jpg\",\"contentUrl\":\"https:\/\/tupique.com\/wp-content\/uploads\/2026\/03\/0195950644708__EE_E00.jpg\",\"width\":1200,\"height\":1200,\"caption\":\"M0806677_0\"},{\"@type\":\"BreadcrumbList\",\"@id\":\"https:\/\/tupique.com\/produit\/smartphone-apple-mg6q4ql-a-63-hexa-core-8-gb-ram-512-gb-blanc\/#breadcrumb\",\"itemListElement\":[{\"@type\":\"ListItem\",\"position\":1,\"name\":\"In\u00edcio\",\"item\":\"https:\/\/tupique.com\/\"},{\"@type\":\"ListItem\",\"position\":2,\"name\":\"Boutique\",\"item\":\"https:\/\/tupique.com\/en\/boutique\/\"},{\"@type\":\"ListItem\",\"position\":3,\"name\":\"Smartphone Apple MG6Q4QL\/A 6,3&#8243; Hexa Core 8 GB RAM 512 GB Blanc\"}]},{\"@type\":\"WebSite\",\"@id\":\"https:\/\/tupique.com\/#website\",\"url\":\"https:\/\/tupique.com\/\",\"name\":\"Tupique\",\"description\":\"Marketplace\",\"publisher\":{\"@id\":\"https:\/\/tupique.com\/#organization\"},\"potentialAction\":[{\"@type\":\"SearchAction\",\"target\":{\"@type\":\"EntryPoint\",\"urlTemplate\":\"https:\/\/tupique.com\/?s={search_term_string}\"},\"query-input\":{\"@type\":\"PropertyValueSpecification\",\"valueRequired\":true,\"valueName\":\"search_term_string\"}}],\"inLanguage\":\"pt-PT\"},{\"@type\":\"Organization\",\"@id\":\"https:\/\/tupique.com\/#organization\",\"name\":\"Tupique\",\"url\":\"https:\/\/tupique.com\/\",\"logo\":{\"@type\":\"ImageObject\",\"inLanguage\":\"pt-PT\",\"@id\":\"https:\/\/tupique.com\/#\/schema\/logo\/image\/\",\"url\":\"https:\/\/tupique.com\/wp-content\/uploads\/2024\/09\/logo.png\",\"contentUrl\":\"https:\/\/tupique.com\/wp-content\/uploads\/2024\/09\/logo.png\",\"width\":1118,\"height\":310,\"caption\":\"Tupique\"},\"image\":{\"@id\":\"https:\/\/tupique.com\/#\/schema\/logo\/image\/\"}}]}<\/script>\n<!-- \/ Yoast SEO plugin. -->","yoast_head_json":{"title":"Smartphone Apple MG6Q4QL\/A 6,3\" Hexa Core 8 GB RAM 512 GB Blanc - Tupique","description":"Vous cherchez Smartphone Apple MG6Q4QL\/A 6,3\" Hexa Core 8 GB RAM 512 GB Blanc ? Achetez des produits chez Tupique. Profitez de la livraison gratuite pour obtenir Smartphone Apple MG6Q4QL\/A 6,3\" Hexa Core 8 GB RAM 512 GB Blanc d\u00e8s maintenant.","robots":{"index":"index","follow":"follow","max-snippet":"max-snippet:-1","max-image-preview":"max-image-preview:large","max-video-preview":"max-video-preview:-1"},"canonical":"https:\/\/tupique.com\/pt\/produto\/smartphone-apple-mg6q4ql-a-63-hexa-core-8-gb-ram-512-gb-blanc\/","og_locale":"pt_PT","og_type":"article","og_title":"Smartphone Apple MG6Q4QL\/A 6,3\" Hexa Core 8 GB RAM 512 GB Blanc - Tupique","og_description":"Vous cherchez Smartphone Apple MG6Q4QL\/A 6,3\" Hexa Core 8 GB RAM 512 GB Blanc ? Achetez des produits chez Tupique. Profitez de la livraison gratuite pour obtenir Smartphone Apple MG6Q4QL\/A 6,3\" Hexa Core 8 GB RAM 512 GB Blanc d\u00e8s maintenant.","og_url":"https:\/\/tupique.com\/pt\/produto\/smartphone-apple-mg6q4ql-a-63-hexa-core-8-gb-ram-512-gb-blanc\/","og_site_name":"Tupique","twitter_card":"summary_large_image","twitter_misc":{"Tempo estimado de leitura":"1 minuto"},"schema":{"@context":"https:\/\/schema.org","@graph":[{"@type":"WebPage","@id":"https:\/\/tupique.com\/produit\/smartphone-apple-mg6q4ql-a-63-hexa-core-8-gb-ram-512-gb-blanc\/","url":"https:\/\/tupique.com\/produit\/smartphone-apple-mg6q4ql-a-63-hexa-core-8-gb-ram-512-gb-blanc\/","name":"Smartphone Apple MG6Q4QL\/A 6,3\" Hexa Core 8 GB RAM 512 GB Blanc - Tupique","isPartOf":{"@id":"https:\/\/tupique.com\/#website"},"primaryImageOfPage":{"@id":"https:\/\/tupique.com\/produit\/smartphone-apple-mg6q4ql-a-63-hexa-core-8-gb-ram-512-gb-blanc\/#primaryimage"},"image":{"@id":"https:\/\/tupique.com\/produit\/smartphone-apple-mg6q4ql-a-63-hexa-core-8-gb-ram-512-gb-blanc\/#primaryimage"},"thumbnailUrl":"https:\/\/tupique.com\/wp-content\/uploads\/2026\/03\/0195950644708__EE_E00.jpg","datePublished":"2026-03-31T10:01:33+00:00","description":"Vous cherchez Smartphone Apple MG6Q4QL\/A 6,3\" Hexa Core 8 GB RAM 512 GB Blanc ? Achetez des produits chez Tupique. Profitez de la livraison gratuite pour obtenir Smartphone Apple MG6Q4QL\/A 6,3\" Hexa Core 8 GB RAM 512 GB Blanc d\u00e8s maintenant.","breadcrumb":{"@id":"https:\/\/tupique.com\/produit\/smartphone-apple-mg6q4ql-a-63-hexa-core-8-gb-ram-512-gb-blanc\/#breadcrumb"},"inLanguage":"pt-PT","potentialAction":[{"@type":"ReadAction","target":["https:\/\/tupique.com\/produit\/smartphone-apple-mg6q4ql-a-63-hexa-core-8-gb-ram-512-gb-blanc\/"]}]},{"@type":"ImageObject","inLanguage":"pt-PT","@id":"https:\/\/tupique.com\/produit\/smartphone-apple-mg6q4ql-a-63-hexa-core-8-gb-ram-512-gb-blanc\/#primaryimage","url":"https:\/\/tupique.com\/wp-content\/uploads\/2026\/03\/0195950644708__EE_E00.jpg","contentUrl":"https:\/\/tupique.com\/wp-content\/uploads\/2026\/03\/0195950644708__EE_E00.jpg","width":1200,"height":1200,"caption":"M0806677_0"},{"@type":"BreadcrumbList","@id":"https:\/\/tupique.com\/produit\/smartphone-apple-mg6q4ql-a-63-hexa-core-8-gb-ram-512-gb-blanc\/#breadcrumb","itemListElement":[{"@type":"ListItem","position":1,"name":"In\u00edcio","item":"https:\/\/tupique.com\/"},{"@type":"ListItem","position":2,"name":"Boutique","item":"https:\/\/tupique.com\/en\/boutique\/"},{"@type":"ListItem","position":3,"name":"Smartphone Apple MG6Q4QL\/A 6,3&#8243; Hexa Core 8 GB RAM 512 GB Blanc"}]},{"@type":"WebSite","@id":"https:\/\/tupique.com\/#website","url":"https:\/\/tupique.com\/","name":"Tupique","description":"Marketplace","publisher":{"@id":"https:\/\/tupique.com\/#organization"},"potentialAction":[{"@type":"SearchAction","target":{"@type":"EntryPoint","urlTemplate":"https:\/\/tupique.com\/?s={search_term_string}"},"query-input":{"@type":"PropertyValueSpecification","valueRequired":true,"valueName":"search_term_string"}}],"inLanguage":"pt-PT"},{"@type":"Organization","@id":"https:\/\/tupique.com\/#organization","name":"Tupique","url":"https:\/\/tupique.com\/","logo":{"@type":"ImageObject","inLanguage":"pt-PT","@id":"https:\/\/tupique.com\/#\/schema\/logo\/image\/","url":"https:\/\/tupique.com\/wp-content\/uploads\/2024\/09\/logo.png","contentUrl":"https:\/\/tupique.com\/wp-content\/uploads\/2024\/09\/logo.png","width":1118,"height":310,"caption":"Tupique"},"image":{"@id":"https:\/\/tupique.com\/#\/schema\/logo\/image\/"}}]}},"jetpack_sharing_enabled":true,"_links":{"self":[{"href":"https:\/\/tupique.com\/pt\/wp-json\/wp\/v2\/product\/4374583","targetHints":{"allow":["GET"]}}],"collection":[{"href":"https:\/\/tupique.com\/pt\/wp-json\/wp\/v2\/product"}],"about":[{"href":"https:\/\/tupique.com\/pt\/wp-json\/wp\/v2\/types\/product"}],"replies":[{"embeddable":true,"href":"https:\/\/tupique.com\/pt\/wp-json\/wp\/v2\/comments?post=4374583"}],"wp:featuredmedia":[{"embeddable":true,"href":"https:\/\/tupique.com\/pt\/wp-json\/wp\/v2\/media\/4374567"}],"wp:attachment":[{"href":"https:\/\/tupique.com\/pt\/wp-json\/wp\/v2\/media?parent=4374583"}],"wp:term":[{"taxonomy":"product_brand","embeddable":true,"href":"https:\/\/tupique.com\/pt\/wp-json\/wp\/v2\/product_brand?post=4374583"},{"taxonomy":"product_cat","embeddable":true,"href":"https:\/\/tupique.com\/pt\/wp-json\/wp\/v2\/product_cat?post=4374583"},{"taxonomy":"product_tag","embeddable":true,"href":"https:\/\/tupique.com\/pt\/wp-json\/wp\/v2\/product_tag?post=4374583"}],"curies":[{"name":"wp","href":"https:\/\/api.w.org\/{rel}","templated":true}]}}