{"id":4374749,"date":"2026-03-31T17:56:15","date_gmt":"2026-03-31T16:56:15","guid":{"rendered":"https:\/\/tupique.com\/produit\/montre-homme-seiko-srpl55k1\/"},"modified":"2026-03-31T17:56:15","modified_gmt":"2026-03-31T16:56:15","slug":"montre-homme-seiko-srpl55k1","status":"publish","type":"product","link":"https:\/\/tupique.com\/pt\/produto\/montre-homme-seiko-srpl55k1\/","title":{"rendered":"Montre Homme Seiko SRPL55K1"},"content":{"rendered":"<p>Se est\u00e1 \u00e0 procura das \u00faltimas tend\u00eancias do mercado, temos tudo o que precisa. <b>Montre Homme Seiko SRPL55K1<\/b> !<\/p>\n<ul>\n<li>G\u00e9nero: Homens<\/li>\n<li>Liga\u00e7\u00f5es adicionais: N\u00e3o<\/li>\n<li>Tipo de rel\u00f3gio: Rel\u00f3gio de pulso<\/li>\n<\/ul>","protected":false},"excerpt":{"rendered":"<p>Si vous \u00eates \u00e0 la recherche de nouvelles tendances sur le march\u00e9, nous vous pr\u00e9sentons Montre Homme Seiko SRPL55K1 !<\/p>","protected":false},"featured_media":4374744,"comment_status":"open","ping_status":"closed","template":"","meta":{"_joinchat":[]},"product_brand":[],"product_cat":[157532,157534,157533],"product_tag":[157530,157529],"class_list":{"0":"post-4374749","1":"product","2":"type-product","3":"status-publish","4":"has-post-thumbnail","6":"product_cat-mode-accessoires","7":"product_cat-montres-homme","8":"product_cat-montres-bracelets","9":"product_tag-tag_1261","10":"product_tag-tag_61","12":"first","13":"instock","14":"taxable","15":"shipping-taxable","16":"purchasable","17":"product-type-simple"},"yoast_head":"<!-- This site is optimized with the Yoast SEO plugin v27.2 - https:\/\/yoast.com\/product\/yoast-seo-wordpress\/ -->\n<title>Montre Homme Seiko SRPL55K1 - Tupique<\/title>\n<meta name=\"description\" content=\"Vous cherchez Montre Homme Seiko SRPL55K1 ? Achetez des produits chez Tupique. Profitez de la livraison gratuite pour obtenir Montre Homme Seiko SRPL55K1 d\u00e8s maintenant.\" \/>\n<meta name=\"robots\" content=\"index, follow, max-snippet:-1, max-image-preview:large, max-video-preview:-1\" \/>\n<link rel=\"canonical\" href=\"https:\/\/tupique.com\/pt\/produto\/montre-homme-seiko-srpl55k1\/\" \/>\n<meta property=\"og:locale\" content=\"pt_PT\" \/>\n<meta property=\"og:type\" content=\"article\" \/>\n<meta property=\"og:title\" content=\"Montre Homme Seiko SRPL55K1 - Tupique\" \/>\n<meta property=\"og:description\" content=\"Vous cherchez Montre Homme Seiko SRPL55K1 ? Achetez des produits chez Tupique. Profitez de la livraison gratuite pour obtenir Montre Homme Seiko SRPL55K1 d\u00e8s maintenant.\" \/>\n<meta property=\"og:url\" content=\"https:\/\/tupique.com\/pt\/produto\/montre-homme-seiko-srpl55k1\/\" \/>\n<meta property=\"og:site_name\" content=\"Tupique\" \/>\n<meta name=\"twitter:card\" content=\"summary_large_image\" \/>\n<script type=\"application\/ld+json\" class=\"yoast-schema-graph\">{\"@context\":\"https:\/\/schema.org\",\"@graph\":[{\"@type\":\"WebPage\",\"@id\":\"https:\/\/tupique.com\/produit\/montre-homme-seiko-srpl55k1\/\",\"url\":\"https:\/\/tupique.com\/produit\/montre-homme-seiko-srpl55k1\/\",\"name\":\"Montre Homme Seiko SRPL55K1 - Tupique\",\"isPartOf\":{\"@id\":\"https:\/\/tupique.com\/#website\"},\"primaryImageOfPage\":{\"@id\":\"https:\/\/tupique.com\/produit\/montre-homme-seiko-srpl55k1\/#primaryimage\"},\"image\":{\"@id\":\"https:\/\/tupique.com\/produit\/montre-homme-seiko-srpl55k1\/#primaryimage\"},\"thumbnailUrl\":\"https:\/\/tupique.com\/wp-content\/uploads\/2026\/03\/8434103522565_S72136465_P00.jpg\",\"datePublished\":\"2026-03-31T16:56:15+00:00\",\"description\":\"Vous cherchez Montre Homme Seiko SRPL55K1 ? Achetez des produits chez Tupique. Profitez de la livraison gratuite pour obtenir Montre Homme Seiko SRPL55K1 d\u00e8s maintenant.\",\"breadcrumb\":{\"@id\":\"https:\/\/tupique.com\/produit\/montre-homme-seiko-srpl55k1\/#breadcrumb\"},\"inLanguage\":\"pt-PT\",\"potentialAction\":[{\"@type\":\"ReadAction\",\"target\":[\"https:\/\/tupique.com\/produit\/montre-homme-seiko-srpl55k1\/\"]}]},{\"@type\":\"ImageObject\",\"inLanguage\":\"pt-PT\",\"@id\":\"https:\/\/tupique.com\/produit\/montre-homme-seiko-srpl55k1\/#primaryimage\",\"url\":\"https:\/\/tupique.com\/wp-content\/uploads\/2026\/03\/8434103522565_S72136465_P00.jpg\",\"contentUrl\":\"https:\/\/tupique.com\/wp-content\/uploads\/2026\/03\/8434103522565_S72136465_P00.jpg\",\"width\":1200,\"height\":1200,\"caption\":\"S72136465_0\"},{\"@type\":\"BreadcrumbList\",\"@id\":\"https:\/\/tupique.com\/produit\/montre-homme-seiko-srpl55k1\/#breadcrumb\",\"itemListElement\":[{\"@type\":\"ListItem\",\"position\":1,\"name\":\"In\u00edcio\",\"item\":\"https:\/\/tupique.com\/\"},{\"@type\":\"ListItem\",\"position\":2,\"name\":\"Boutique\",\"item\":\"https:\/\/tupique.com\/en\/boutique\/\"},{\"@type\":\"ListItem\",\"position\":3,\"name\":\"Montre Homme Seiko SRPL55K1\"}]},{\"@type\":\"WebSite\",\"@id\":\"https:\/\/tupique.com\/#website\",\"url\":\"https:\/\/tupique.com\/\",\"name\":\"Tupique\",\"description\":\"Marketplace\",\"publisher\":{\"@id\":\"https:\/\/tupique.com\/#organization\"},\"potentialAction\":[{\"@type\":\"SearchAction\",\"target\":{\"@type\":\"EntryPoint\",\"urlTemplate\":\"https:\/\/tupique.com\/?s={search_term_string}\"},\"query-input\":{\"@type\":\"PropertyValueSpecification\",\"valueRequired\":true,\"valueName\":\"search_term_string\"}}],\"inLanguage\":\"pt-PT\"},{\"@type\":\"Organization\",\"@id\":\"https:\/\/tupique.com\/#organization\",\"name\":\"Tupique\",\"url\":\"https:\/\/tupique.com\/\",\"logo\":{\"@type\":\"ImageObject\",\"inLanguage\":\"pt-PT\",\"@id\":\"https:\/\/tupique.com\/#\/schema\/logo\/image\/\",\"url\":\"https:\/\/tupique.com\/wp-content\/uploads\/2024\/09\/logo.png\",\"contentUrl\":\"https:\/\/tupique.com\/wp-content\/uploads\/2024\/09\/logo.png\",\"width\":1118,\"height\":310,\"caption\":\"Tupique\"},\"image\":{\"@id\":\"https:\/\/tupique.com\/#\/schema\/logo\/image\/\"}}]}<\/script>\n<!-- \/ Yoast SEO plugin. -->","yoast_head_json":{"title":"Montre Homme Seiko SRPL55K1 - Tupique","description":"Vous cherchez Montre Homme Seiko SRPL55K1 ? Achetez des produits chez Tupique. Profitez de la livraison gratuite pour obtenir Montre Homme Seiko SRPL55K1 d\u00e8s maintenant.","robots":{"index":"index","follow":"follow","max-snippet":"max-snippet:-1","max-image-preview":"max-image-preview:large","max-video-preview":"max-video-preview:-1"},"canonical":"https:\/\/tupique.com\/pt\/produto\/montre-homme-seiko-srpl55k1\/","og_locale":"pt_PT","og_type":"article","og_title":"Montre Homme Seiko SRPL55K1 - Tupique","og_description":"Vous cherchez Montre Homme Seiko SRPL55K1 ? Achetez des produits chez Tupique. Profitez de la livraison gratuite pour obtenir Montre Homme Seiko SRPL55K1 d\u00e8s maintenant.","og_url":"https:\/\/tupique.com\/pt\/produto\/montre-homme-seiko-srpl55k1\/","og_site_name":"Tupique","twitter_card":"summary_large_image","schema":{"@context":"https:\/\/schema.org","@graph":[{"@type":"WebPage","@id":"https:\/\/tupique.com\/produit\/montre-homme-seiko-srpl55k1\/","url":"https:\/\/tupique.com\/produit\/montre-homme-seiko-srpl55k1\/","name":"Montre Homme Seiko SRPL55K1 - Tupique","isPartOf":{"@id":"https:\/\/tupique.com\/#website"},"primaryImageOfPage":{"@id":"https:\/\/tupique.com\/produit\/montre-homme-seiko-srpl55k1\/#primaryimage"},"image":{"@id":"https:\/\/tupique.com\/produit\/montre-homme-seiko-srpl55k1\/#primaryimage"},"thumbnailUrl":"https:\/\/tupique.com\/wp-content\/uploads\/2026\/03\/8434103522565_S72136465_P00.jpg","datePublished":"2026-03-31T16:56:15+00:00","description":"Vous cherchez Montre Homme Seiko SRPL55K1 ? Achetez des produits chez Tupique. Profitez de la livraison gratuite pour obtenir Montre Homme Seiko SRPL55K1 d\u00e8s maintenant.","breadcrumb":{"@id":"https:\/\/tupique.com\/produit\/montre-homme-seiko-srpl55k1\/#breadcrumb"},"inLanguage":"pt-PT","potentialAction":[{"@type":"ReadAction","target":["https:\/\/tupique.com\/produit\/montre-homme-seiko-srpl55k1\/"]}]},{"@type":"ImageObject","inLanguage":"pt-PT","@id":"https:\/\/tupique.com\/produit\/montre-homme-seiko-srpl55k1\/#primaryimage","url":"https:\/\/tupique.com\/wp-content\/uploads\/2026\/03\/8434103522565_S72136465_P00.jpg","contentUrl":"https:\/\/tupique.com\/wp-content\/uploads\/2026\/03\/8434103522565_S72136465_P00.jpg","width":1200,"height":1200,"caption":"S72136465_0"},{"@type":"BreadcrumbList","@id":"https:\/\/tupique.com\/produit\/montre-homme-seiko-srpl55k1\/#breadcrumb","itemListElement":[{"@type":"ListItem","position":1,"name":"In\u00edcio","item":"https:\/\/tupique.com\/"},{"@type":"ListItem","position":2,"name":"Boutique","item":"https:\/\/tupique.com\/en\/boutique\/"},{"@type":"ListItem","position":3,"name":"Montre Homme Seiko SRPL55K1"}]},{"@type":"WebSite","@id":"https:\/\/tupique.com\/#website","url":"https:\/\/tupique.com\/","name":"Tupique","description":"Marketplace","publisher":{"@id":"https:\/\/tupique.com\/#organization"},"potentialAction":[{"@type":"SearchAction","target":{"@type":"EntryPoint","urlTemplate":"https:\/\/tupique.com\/?s={search_term_string}"},"query-input":{"@type":"PropertyValueSpecification","valueRequired":true,"valueName":"search_term_string"}}],"inLanguage":"pt-PT"},{"@type":"Organization","@id":"https:\/\/tupique.com\/#organization","name":"Tupique","url":"https:\/\/tupique.com\/","logo":{"@type":"ImageObject","inLanguage":"pt-PT","@id":"https:\/\/tupique.com\/#\/schema\/logo\/image\/","url":"https:\/\/tupique.com\/wp-content\/uploads\/2024\/09\/logo.png","contentUrl":"https:\/\/tupique.com\/wp-content\/uploads\/2024\/09\/logo.png","width":1118,"height":310,"caption":"Tupique"},"image":{"@id":"https:\/\/tupique.com\/#\/schema\/logo\/image\/"}}]}},"jetpack_sharing_enabled":true,"_links":{"self":[{"href":"https:\/\/tupique.com\/pt\/wp-json\/wp\/v2\/product\/4374749","targetHints":{"allow":["GET"]}}],"collection":[{"href":"https:\/\/tupique.com\/pt\/wp-json\/wp\/v2\/product"}],"about":[{"href":"https:\/\/tupique.com\/pt\/wp-json\/wp\/v2\/types\/product"}],"replies":[{"embeddable":true,"href":"https:\/\/tupique.com\/pt\/wp-json\/wp\/v2\/comments?post=4374749"}],"wp:featuredmedia":[{"embeddable":true,"href":"https:\/\/tupique.com\/pt\/wp-json\/wp\/v2\/media\/4374744"}],"wp:attachment":[{"href":"https:\/\/tupique.com\/pt\/wp-json\/wp\/v2\/media?parent=4374749"}],"wp:term":[{"taxonomy":"product_brand","embeddable":true,"href":"https:\/\/tupique.com\/pt\/wp-json\/wp\/v2\/product_brand?post=4374749"},{"taxonomy":"product_cat","embeddable":true,"href":"https:\/\/tupique.com\/pt\/wp-json\/wp\/v2\/product_cat?post=4374749"},{"taxonomy":"product_tag","embeddable":true,"href":"https:\/\/tupique.com\/pt\/wp-json\/wp\/v2\/product_tag?post=4374749"}],"curies":[{"name":"wp","href":"https:\/\/api.w.org\/{rel}","templated":true}]}}