{"id":4375290,"date":"2026-04-03T06:55:42","date_gmt":"2026-04-03T05:55:42","guid":{"rendered":"https:\/\/tupique.com\/produit\/casque-logitech-a30-bleu\/"},"modified":"2026-04-03T06:55:42","modified_gmt":"2026-04-03T05:55:42","slug":"casque-logitech-a30-bleu","status":"publish","type":"product","link":"https:\/\/tupique.com\/pt\/produto\/casque-logitech-a30-bleu\/","title":{"rendered":"Casque Logitech A30  Bleu"},"content":{"rendered":"<p>Se \u00e9 apaixonado por\u2019<b>inform\u00e1tica e eletr\u00f3nica<\/b>, Se est\u00e1 na vanguarda da tecnologia e n\u00e3o quer perder nada, compre <b>Casque Logitech A30  Bleu<\/b> ao melhor pre\u00e7o.<\/p>\n<p>Le <b>Logitech A30<\/b> est un ensemble avanc\u00e9 de <b>casques avec microphone<\/b> con\u00e7u pour offrir une exp\u00e9rience sonore polyvalente et de haute qualit\u00e9, id\u00e9al pour le gaming et la communication sur plusieurs plateformes comme Xbox, PC et appareils mobiles. Ce casque sans fil se distingue par sa connectivit\u00e9 multiple, int\u00e9grant les technologies <b>Bluetooth<\/b> e <b>radiofr\u00e9quence<\/b> qui garantissent une connexion stable et sans c\u00e2ble, ainsi que des options de connexion par <b>USB<\/b> et via un <b>jack 3,5 mm<\/b> pour une compatibilit\u00e9 maximale avec une large gamme d\u2019appareils. Disponible en couleurs <b>bleu marine<\/b> e <b>preto<\/b>, il s\u2019adapte \u00e0 diff\u00e9rents styles et pr\u00e9f\u00e9rences. La combinaison de ces options permet de passer facilement d\u2019un \u00e9quipement \u00e0 un autre, facilitant l\u2019immersion dans les jeux comme une communication claire gr\u00e2ce \u00e0 son microphone int\u00e9gr\u00e9 de qualit\u00e9. Les mat\u00e9riaux et le design Logitech assurent une ergonomie confortable pour de longues sessions, avec des commandes accessibles permettant de g\u00e9rer le volume et l\u2019activation du microphone simplement et rapidement. Ce mod\u00e8le r\u00e9unit des fonctionnalit\u00e9s r\u00e9pondant aux exigences des utilisateurs modernes en termes de mobilit\u00e9 et de performance audio, faisant du <b>Logitech A30<\/b> une solution compl\u00e8te pour ceux qui recherchent qualit\u00e9 et flexibilit\u00e9 dans un casque sans fil avec microphone. En somme, il repr\u00e9sente un choix \u00e9quilibr\u00e9 pour les gamers et utilisateurs ayant besoin d\u2019appareils polyvalents et performants sur diff\u00e9rentes plateformes.<\/p>\n<ul>\n<li>Liga\u00e7\u00f5es:\n<ul>\n<li>USB<\/li>\n<li>Jack 3.5 mm<\/li>\n<\/ul>\n<\/li>\n<li>Tipo:\n<ul>\n<li>Capacete<\/li>\n<li>Auscultador<\/li>\n<li>Sem fios<\/li>\n<li>Auscultadores<\/li>\n<li>Auscultadores com microfone<\/li>\n<\/ul>\n<\/li>\n<li>Cor: azul<\/li>\n<li>Carater\u00edsticas:\n<ul>\n<li>Bateria integrada<\/li>\n<li>32 Ohm<\/li>\n<\/ul>\n<\/li>\n<li>Conectividade:\n<ul>\n<li>Bluetooth<\/li>\n<li>Fr\u00e9quence radio<\/li>\n<\/ul>\n<\/li>\n<li>Frequ\u00eancia:\n<ul>\n<li>20 &#8211; 20000 Hz<\/li>\n<li>2,4 GHz<\/li>\n<\/ul>\n<\/li>\n<li>Utilisation recommand\u00e9e:\n<ul>\n<li>Jeu<\/li>\n<li>Jeux<\/li>\n<\/ul>\n<\/li>\n<li>Type de casque: Circonf\u00e9rence externe<\/li>\n<li>Sistema operativo: Android<\/li>\n<li>Port\u00e9e: 15 m<\/li>\n<li>Compatible:\n<ul>\n<li>Windows<\/li>\n<li>Mac OS<\/li>\n<\/ul>\n<\/li>\n<li>Bateria: Sim<\/li>\n<li>Inclui: Mala<\/li>\n<li>Auscultadores: Binaural<\/li>\n<li>Type de commande: Dynamique<\/li>\n<li>Tipo de bateria: i\u00f5es de l\u00edtio<\/li>\n<li>Ann\u00e9e: 2022<\/li>\n<\/ul>","protected":false},"excerpt":{"rendered":"<p>Si vous \u00eates passionn\u00e9 d&#8217;informatique et d&#8217;\u00e9lectronique, si vous \u00eates \u00e0 la pointe de la technologie et qu&#8217;aucun d\u00e9tail ne<\/p>","protected":false},"featured_media":4375287,"comment_status":"open","ping_status":"closed","template":"","meta":{"_joinchat":[]},"product_brand":[157873],"product_cat":[157516,157517,157566],"product_tag":[157514,157522,157515],"class_list":{"0":"post-4375290","1":"product","2":"type-product","3":"status-publish","4":"has-post-thumbnail","6":"product_brand-brandp_561","7":"product_cat-informatique-electronique","8":"product_cat-informatique-peripheriques-et-consommables","9":"product_cat-micros-et-ecouteurs","10":"product_tag-tag_933","11":"product_tag-tag_547","12":"product_tag-tag_1295","14":"first","15":"instock","16":"taxable","17":"shipping-taxable","18":"purchasable","19":"product-type-simple"},"yoast_head":"<!-- This site is optimized with the Yoast SEO plugin v27.2 - https:\/\/yoast.com\/product\/yoast-seo-wordpress\/ -->\n<title>Casque Logitech A30 Bleu - Tupique<\/title>\n<meta name=\"description\" content=\"Vous cherchez Casque Logitech A30 Bleu ? Achetez des produits chez Tupique. Profitez de la livraison gratuite pour obtenir Casque Logitech A30 Bleu d\u00e8s maintenant.\" \/>\n<meta name=\"robots\" content=\"index, follow, max-snippet:-1, max-image-preview:large, max-video-preview:-1\" \/>\n<link rel=\"canonical\" href=\"https:\/\/tupique.com\/pt\/produto\/casque-logitech-a30-bleu\/\" \/>\n<meta property=\"og:locale\" content=\"pt_PT\" \/>\n<meta property=\"og:type\" content=\"article\" \/>\n<meta property=\"og:title\" content=\"Casque Logitech A30 Bleu - Tupique\" \/>\n<meta property=\"og:description\" content=\"Vous cherchez Casque Logitech A30 Bleu ? Achetez des produits chez Tupique. Profitez de la livraison gratuite pour obtenir Casque Logitech A30 Bleu d\u00e8s maintenant.\" \/>\n<meta property=\"og:url\" content=\"https:\/\/tupique.com\/pt\/produto\/casque-logitech-a30-bleu\/\" \/>\n<meta property=\"og:site_name\" content=\"Tupique\" \/>\n<meta name=\"twitter:card\" content=\"summary_large_image\" \/>\n<meta name=\"twitter:label1\" content=\"Tempo estimado de leitura\" \/>\n\t<meta name=\"twitter:data1\" content=\"2 minutos\" \/>\n<script type=\"application\/ld+json\" class=\"yoast-schema-graph\">{\"@context\":\"https:\/\/schema.org\",\"@graph\":[{\"@type\":\"WebPage\",\"@id\":\"https:\/\/tupique.com\/produit\/casque-logitech-a30-bleu\/\",\"url\":\"https:\/\/tupique.com\/produit\/casque-logitech-a30-bleu\/\",\"name\":\"Casque Logitech A30 Bleu - Tupique\",\"isPartOf\":{\"@id\":\"https:\/\/tupique.com\/#website\"},\"primaryImageOfPage\":{\"@id\":\"https:\/\/tupique.com\/produit\/casque-logitech-a30-bleu\/#primaryimage\"},\"image\":{\"@id\":\"https:\/\/tupique.com\/produit\/casque-logitech-a30-bleu\/#primaryimage\"},\"thumbnailUrl\":\"https:\/\/tupique.com\/wp-content\/uploads\/2026\/04\/668841490.jpg\",\"datePublished\":\"2026-04-03T05:55:42+00:00\",\"description\":\"Vous cherchez Casque Logitech A30 Bleu ? Achetez des produits chez Tupique. Profitez de la livraison gratuite pour obtenir Casque Logitech A30 Bleu d\u00e8s maintenant.\",\"breadcrumb\":{\"@id\":\"https:\/\/tupique.com\/produit\/casque-logitech-a30-bleu\/#breadcrumb\"},\"inLanguage\":\"pt-PT\",\"potentialAction\":[{\"@type\":\"ReadAction\",\"target\":[\"https:\/\/tupique.com\/produit\/casque-logitech-a30-bleu\/\"]}]},{\"@type\":\"ImageObject\",\"inLanguage\":\"pt-PT\",\"@id\":\"https:\/\/tupique.com\/produit\/casque-logitech-a30-bleu\/#primaryimage\",\"url\":\"https:\/\/tupique.com\/wp-content\/uploads\/2026\/04\/668841490.jpg\",\"contentUrl\":\"https:\/\/tupique.com\/wp-content\/uploads\/2026\/04\/668841490.jpg\",\"width\":1200,\"height\":1200,\"caption\":\"S55165562_0\"},{\"@type\":\"BreadcrumbList\",\"@id\":\"https:\/\/tupique.com\/produit\/casque-logitech-a30-bleu\/#breadcrumb\",\"itemListElement\":[{\"@type\":\"ListItem\",\"position\":1,\"name\":\"In\u00edcio\",\"item\":\"https:\/\/tupique.com\/\"},{\"@type\":\"ListItem\",\"position\":2,\"name\":\"Boutique\",\"item\":\"https:\/\/tupique.com\/en\/boutique\/\"},{\"@type\":\"ListItem\",\"position\":3,\"name\":\"Casque Logitech A30 Bleu\"}]},{\"@type\":\"WebSite\",\"@id\":\"https:\/\/tupique.com\/#website\",\"url\":\"https:\/\/tupique.com\/\",\"name\":\"Tupique\",\"description\":\"Marketplace\",\"publisher\":{\"@id\":\"https:\/\/tupique.com\/#organization\"},\"potentialAction\":[{\"@type\":\"SearchAction\",\"target\":{\"@type\":\"EntryPoint\",\"urlTemplate\":\"https:\/\/tupique.com\/?s={search_term_string}\"},\"query-input\":{\"@type\":\"PropertyValueSpecification\",\"valueRequired\":true,\"valueName\":\"search_term_string\"}}],\"inLanguage\":\"pt-PT\"},{\"@type\":\"Organization\",\"@id\":\"https:\/\/tupique.com\/#organization\",\"name\":\"Tupique\",\"url\":\"https:\/\/tupique.com\/\",\"logo\":{\"@type\":\"ImageObject\",\"inLanguage\":\"pt-PT\",\"@id\":\"https:\/\/tupique.com\/#\/schema\/logo\/image\/\",\"url\":\"https:\/\/tupique.com\/wp-content\/uploads\/2024\/09\/logo.png\",\"contentUrl\":\"https:\/\/tupique.com\/wp-content\/uploads\/2024\/09\/logo.png\",\"width\":1118,\"height\":310,\"caption\":\"Tupique\"},\"image\":{\"@id\":\"https:\/\/tupique.com\/#\/schema\/logo\/image\/\"}}]}<\/script>\n<!-- \/ Yoast SEO plugin. -->","yoast_head_json":{"title":"Casque Logitech A30 Bleu - Tupique","description":"Vous cherchez Casque Logitech A30 Bleu ? Achetez des produits chez Tupique. Profitez de la livraison gratuite pour obtenir Casque Logitech A30 Bleu d\u00e8s maintenant.","robots":{"index":"index","follow":"follow","max-snippet":"max-snippet:-1","max-image-preview":"max-image-preview:large","max-video-preview":"max-video-preview:-1"},"canonical":"https:\/\/tupique.com\/pt\/produto\/casque-logitech-a30-bleu\/","og_locale":"pt_PT","og_type":"article","og_title":"Casque Logitech A30 Bleu - Tupique","og_description":"Vous cherchez Casque Logitech A30 Bleu ? Achetez des produits chez Tupique. Profitez de la livraison gratuite pour obtenir Casque Logitech A30 Bleu d\u00e8s maintenant.","og_url":"https:\/\/tupique.com\/pt\/produto\/casque-logitech-a30-bleu\/","og_site_name":"Tupique","twitter_card":"summary_large_image","twitter_misc":{"Tempo estimado de leitura":"2 minutos"},"schema":{"@context":"https:\/\/schema.org","@graph":[{"@type":"WebPage","@id":"https:\/\/tupique.com\/produit\/casque-logitech-a30-bleu\/","url":"https:\/\/tupique.com\/produit\/casque-logitech-a30-bleu\/","name":"Casque Logitech A30 Bleu - Tupique","isPartOf":{"@id":"https:\/\/tupique.com\/#website"},"primaryImageOfPage":{"@id":"https:\/\/tupique.com\/produit\/casque-logitech-a30-bleu\/#primaryimage"},"image":{"@id":"https:\/\/tupique.com\/produit\/casque-logitech-a30-bleu\/#primaryimage"},"thumbnailUrl":"https:\/\/tupique.com\/wp-content\/uploads\/2026\/04\/668841490.jpg","datePublished":"2026-04-03T05:55:42+00:00","description":"Vous cherchez Casque Logitech A30 Bleu ? Achetez des produits chez Tupique. Profitez de la livraison gratuite pour obtenir Casque Logitech A30 Bleu d\u00e8s maintenant.","breadcrumb":{"@id":"https:\/\/tupique.com\/produit\/casque-logitech-a30-bleu\/#breadcrumb"},"inLanguage":"pt-PT","potentialAction":[{"@type":"ReadAction","target":["https:\/\/tupique.com\/produit\/casque-logitech-a30-bleu\/"]}]},{"@type":"ImageObject","inLanguage":"pt-PT","@id":"https:\/\/tupique.com\/produit\/casque-logitech-a30-bleu\/#primaryimage","url":"https:\/\/tupique.com\/wp-content\/uploads\/2026\/04\/668841490.jpg","contentUrl":"https:\/\/tupique.com\/wp-content\/uploads\/2026\/04\/668841490.jpg","width":1200,"height":1200,"caption":"S55165562_0"},{"@type":"BreadcrumbList","@id":"https:\/\/tupique.com\/produit\/casque-logitech-a30-bleu\/#breadcrumb","itemListElement":[{"@type":"ListItem","position":1,"name":"In\u00edcio","item":"https:\/\/tupique.com\/"},{"@type":"ListItem","position":2,"name":"Boutique","item":"https:\/\/tupique.com\/en\/boutique\/"},{"@type":"ListItem","position":3,"name":"Casque Logitech A30 Bleu"}]},{"@type":"WebSite","@id":"https:\/\/tupique.com\/#website","url":"https:\/\/tupique.com\/","name":"Tupique","description":"Marketplace","publisher":{"@id":"https:\/\/tupique.com\/#organization"},"potentialAction":[{"@type":"SearchAction","target":{"@type":"EntryPoint","urlTemplate":"https:\/\/tupique.com\/?s={search_term_string}"},"query-input":{"@type":"PropertyValueSpecification","valueRequired":true,"valueName":"search_term_string"}}],"inLanguage":"pt-PT"},{"@type":"Organization","@id":"https:\/\/tupique.com\/#organization","name":"Tupique","url":"https:\/\/tupique.com\/","logo":{"@type":"ImageObject","inLanguage":"pt-PT","@id":"https:\/\/tupique.com\/#\/schema\/logo\/image\/","url":"https:\/\/tupique.com\/wp-content\/uploads\/2024\/09\/logo.png","contentUrl":"https:\/\/tupique.com\/wp-content\/uploads\/2024\/09\/logo.png","width":1118,"height":310,"caption":"Tupique"},"image":{"@id":"https:\/\/tupique.com\/#\/schema\/logo\/image\/"}}]}},"jetpack_sharing_enabled":true,"_links":{"self":[{"href":"https:\/\/tupique.com\/pt\/wp-json\/wp\/v2\/product\/4375290","targetHints":{"allow":["GET"]}}],"collection":[{"href":"https:\/\/tupique.com\/pt\/wp-json\/wp\/v2\/product"}],"about":[{"href":"https:\/\/tupique.com\/pt\/wp-json\/wp\/v2\/types\/product"}],"replies":[{"embeddable":true,"href":"https:\/\/tupique.com\/pt\/wp-json\/wp\/v2\/comments?post=4375290"}],"wp:featuredmedia":[{"embeddable":true,"href":"https:\/\/tupique.com\/pt\/wp-json\/wp\/v2\/media\/4375287"}],"wp:attachment":[{"href":"https:\/\/tupique.com\/pt\/wp-json\/wp\/v2\/media?parent=4375290"}],"wp:term":[{"taxonomy":"product_brand","embeddable":true,"href":"https:\/\/tupique.com\/pt\/wp-json\/wp\/v2\/product_brand?post=4375290"},{"taxonomy":"product_cat","embeddable":true,"href":"https:\/\/tupique.com\/pt\/wp-json\/wp\/v2\/product_cat?post=4375290"},{"taxonomy":"product_tag","embeddable":true,"href":"https:\/\/tupique.com\/pt\/wp-json\/wp\/v2\/product_tag?post=4375290"}],"curies":[{"name":"wp","href":"https:\/\/api.w.org\/{rel}","templated":true}]}}