{"id":4375885,"date":"2026-04-03T14:55:39","date_gmt":"2026-04-03T13:55:39","guid":{"rendered":"https:\/\/tupique.com\/produit\/imprimante-a-billets-epson-tm-t88vii-111\/"},"modified":"2026-04-03T14:55:39","modified_gmt":"2026-04-03T13:55:39","slug":"imprimante-a-billets-epson-tm-t88vii-111","status":"publish","type":"product","link":"https:\/\/tupique.com\/pt\/produto\/imprimante-a-billets-epson-tm-t88vii-111\/","title":{"rendered":"Imprimante \u00e0 Billets Epson TM-T88VII (111)"},"content":{"rendered":"<p>Se \u00e9 apaixonado por\u2019<b>inform\u00e1tica e eletr\u00f3nica<\/b>, Se est\u00e1 na vanguarda da tecnologia e n\u00e3o quer perder nada, compre <b>Imprimante \u00e0 Billets Epson TM-T88VII (111)<\/b> ao melhor pre\u00e7o.<\/p>\n<p>L\u2019<b>imprimante de tickets TM-T88VII (111)<\/b> d\u2019Epson est un appareil con\u00e7u pour offrir une <b>haute fiabilit\u00e9 et performance<\/b> dans les environnements de point de vente o\u00f9 la rapidit\u00e9 et la clart\u00e9 d\u2019impression sont essentielles. Ce mod\u00e8le int\u00e8gre une technologie <b>thermique<\/b> permettant d\u2019obtenir des re\u00e7us imprim\u00e9s avec une r\u00e9solution maximale de <b>180 x 180 dpi<\/b>, assurant une excellente lisibilit\u00e9. Elle se distingue par sa grande vitesse d\u2019impression allant jusqu\u2019\u00e0 <b>500 mm\/s<\/b>, ce qui r\u00e9duit les temps d\u2019attente et am\u00e9liore l\u2019exp\u00e9rience client. La TM-T88VII est compatible avec les connexions les plus courantes du secteur, incluant les interfaces <b>USB Type-A, USB Type-B, RS-232 et Ethernet LAN<\/b>, et propose des options de connectivit\u00e9 \u00e0 la fois <b>sans fil<\/b> e <b>filaire<\/b>, facilitant son int\u00e9gration dans diff\u00e9rentes infrastructures sans modifications co\u00fbteuses. Son design compact et de couleur <b>blanche<\/b> lui permet d\u2019occuper le m\u00eame espace que les mod\u00e8les pr\u00e9c\u00e9dents, simplifiant le remplacement sur comptoirs ou caisses enregistreuses. Sur le plan \u00e9cologique, elle int\u00e8gre des am\u00e9liorations pour r\u00e9duire l\u2019impact environnemental avec une <b>consommation \u00e9nerg\u00e9tique moindre<\/b> et un niveau sonore constant et faible de <b>52 dB<\/b> au repos comme en fonctionnement. De plus, l\u2019imprimante est compatible avec du papier sans ph\u00e9nols, une option plus respectueuse de l\u2019environnement pour l\u2019impression des tickets. Ce mod\u00e8le supporte des rouleaux de papier jusqu\u2019\u00e0 <b>80 mm de large<\/b> avec un diam\u00e8tre maximal de <b>8,3 cm<\/b>, s\u2019adaptant aux besoins courants du secteur retail et restauration. Avec un temps moyen entre pannes de <b>360 000 heures<\/b>, la TM-T88VII offre robustesse et durabilit\u00e9 garantissant un fonctionnement continu et efficace sur de longues p\u00e9riodes. En r\u00e9sum\u00e9, l\u2019Epson TM-T88VII (111) est une imprimante thermique de re\u00e7us polyvalente et fiable, \u00e9quip\u00e9e de connexions flexibles et d\u2019un design respectueux de l\u2019environnement, adapt\u00e9e aux commerces n\u00e9cessitant une solution d\u2019impression rapide, claire et ininterrompue.<\/p>\n<ul>\n<li>Produto de encaixe: Sim<\/li>\n<li>Tipo de tomada: tomada UE<\/li>\n<li>Liga\u00e7\u00f5es:\n<ul>\n<li>LAN Ethernet<\/li>\n<li>RS-232<\/li>\n<\/ul>\n<\/li>\n<li>Tipo:\n<ul>\n<li>Imprimante \u00e0 Billets<\/li>\n<li>Sem fios<\/li>\n<\/ul>\n<\/li>\n<li>Bloc d\u2019Alimentation: r\u00e9seau \u00e9lectrique<\/li>\n<li>Cor: Branco<\/li>\n<li>R\u00e9solution d&#8217;image maximale: 180 x 180 dpi<\/li>\n<li>vitesse: 500 MM\/S<\/li>\n<li>Technologie: Thermique<\/li>\n<\/ul>","protected":false},"excerpt":{"rendered":"<p>Si vous \u00eates passionn\u00e9 d&#8217;informatique et d&#8217;\u00e9lectronique, si vous \u00eates \u00e0 la pointe de la technologie et qu&#8217;aucun d\u00e9tail ne<\/p>","protected":false},"featured_media":4375881,"comment_status":"open","ping_status":"closed","template":"","meta":{"_joinchat":[]},"product_brand":[157910],"product_cat":[157812,157516,157517],"product_tag":[157531],"class_list":{"0":"post-4375885","1":"product","2":"type-product","3":"status-publish","4":"has-post-thumbnail","6":"product_brand-brandp_547","7":"product_cat-imprimantes","8":"product_cat-informatique-electronique","9":"product_cat-informatique-peripheriques-et-consommables","10":"product_tag-tag_25","12":"first","13":"outofstock","14":"taxable","15":"shipping-taxable","16":"purchasable","17":"product-type-simple"},"yoast_head":"<!-- This site is optimized with the Yoast SEO plugin v27.2 - https:\/\/yoast.com\/product\/yoast-seo-wordpress\/ -->\n<title>Imprimante \u00e0 Billets Epson TM-T88VII (111) - Tupique<\/title>\n<meta name=\"description\" content=\"Vous cherchez Imprimante \u00e0 Billets Epson TM-T88VII (111) ? Achetez des produits chez Tupique. Profitez de la livraison gratuite pour obtenir Imprimante \u00e0 Billets Epson TM-T88VII (111) d\u00e8s maintenant.\" \/>\n<meta name=\"robots\" content=\"index, follow, max-snippet:-1, max-image-preview:large, max-video-preview:-1\" \/>\n<link rel=\"canonical\" href=\"https:\/\/tupique.com\/pt\/produto\/imprimante-a-billets-epson-tm-t88vii-111\/\" \/>\n<meta property=\"og:locale\" content=\"pt_PT\" \/>\n<meta property=\"og:type\" content=\"article\" \/>\n<meta property=\"og:title\" content=\"Imprimante \u00e0 Billets Epson TM-T88VII (111) - Tupique\" \/>\n<meta property=\"og:description\" content=\"Vous cherchez Imprimante \u00e0 Billets Epson TM-T88VII (111) ? Achetez des produits chez Tupique. Profitez de la livraison gratuite pour obtenir Imprimante \u00e0 Billets Epson TM-T88VII (111) d\u00e8s maintenant.\" \/>\n<meta property=\"og:url\" content=\"https:\/\/tupique.com\/pt\/produto\/imprimante-a-billets-epson-tm-t88vii-111\/\" \/>\n<meta property=\"og:site_name\" content=\"Tupique\" \/>\n<meta name=\"twitter:card\" content=\"summary_large_image\" \/>\n<meta name=\"twitter:label1\" content=\"Tempo estimado de leitura\" \/>\n\t<meta name=\"twitter:data1\" content=\"2 minutos\" \/>\n<script type=\"application\/ld+json\" class=\"yoast-schema-graph\">{\"@context\":\"https:\/\/schema.org\",\"@graph\":[{\"@type\":\"WebPage\",\"@id\":\"https:\/\/tupique.com\/produit\/imprimante-a-billets-epson-tm-t88vii-111\/\",\"url\":\"https:\/\/tupique.com\/produit\/imprimante-a-billets-epson-tm-t88vii-111\/\",\"name\":\"Imprimante \u00e0 Billets Epson TM-T88VII (111) - Tupique\",\"isPartOf\":{\"@id\":\"https:\/\/tupique.com\/#website\"},\"primaryImageOfPage\":{\"@id\":\"https:\/\/tupique.com\/produit\/imprimante-a-billets-epson-tm-t88vii-111\/#primaryimage\"},\"image\":{\"@id\":\"https:\/\/tupique.com\/produit\/imprimante-a-billets-epson-tm-t88vii-111\/#primaryimage\"},\"thumbnailUrl\":\"https:\/\/tupique.com\/wp-content\/uploads\/2026\/04\/571821061.jpg\",\"datePublished\":\"2026-04-03T13:55:39+00:00\",\"description\":\"Vous cherchez Imprimante \u00e0 Billets Epson TM-T88VII (111) ? Achetez des produits chez Tupique. Profitez de la livraison gratuite pour obtenir Imprimante \u00e0 Billets Epson TM-T88VII (111) d\u00e8s maintenant.\",\"breadcrumb\":{\"@id\":\"https:\/\/tupique.com\/produit\/imprimante-a-billets-epson-tm-t88vii-111\/#breadcrumb\"},\"inLanguage\":\"pt-PT\",\"potentialAction\":[{\"@type\":\"ReadAction\",\"target\":[\"https:\/\/tupique.com\/produit\/imprimante-a-billets-epson-tm-t88vii-111\/\"]}]},{\"@type\":\"ImageObject\",\"inLanguage\":\"pt-PT\",\"@id\":\"https:\/\/tupique.com\/produit\/imprimante-a-billets-epson-tm-t88vii-111\/#primaryimage\",\"url\":\"https:\/\/tupique.com\/wp-content\/uploads\/2026\/04\/571821061.jpg\",\"contentUrl\":\"https:\/\/tupique.com\/wp-content\/uploads\/2026\/04\/571821061.jpg\",\"width\":1200,\"height\":1200,\"caption\":\"S55129817_0\"},{\"@type\":\"BreadcrumbList\",\"@id\":\"https:\/\/tupique.com\/produit\/imprimante-a-billets-epson-tm-t88vii-111\/#breadcrumb\",\"itemListElement\":[{\"@type\":\"ListItem\",\"position\":1,\"name\":\"In\u00edcio\",\"item\":\"https:\/\/tupique.com\/\"},{\"@type\":\"ListItem\",\"position\":2,\"name\":\"Boutique\",\"item\":\"https:\/\/tupique.com\/en\/boutique\/\"},{\"@type\":\"ListItem\",\"position\":3,\"name\":\"Imprimante \u00e0 Billets Epson TM-T88VII (111)\"}]},{\"@type\":\"WebSite\",\"@id\":\"https:\/\/tupique.com\/#website\",\"url\":\"https:\/\/tupique.com\/\",\"name\":\"Tupique\",\"description\":\"Marketplace\",\"publisher\":{\"@id\":\"https:\/\/tupique.com\/#organization\"},\"potentialAction\":[{\"@type\":\"SearchAction\",\"target\":{\"@type\":\"EntryPoint\",\"urlTemplate\":\"https:\/\/tupique.com\/?s={search_term_string}\"},\"query-input\":{\"@type\":\"PropertyValueSpecification\",\"valueRequired\":true,\"valueName\":\"search_term_string\"}}],\"inLanguage\":\"pt-PT\"},{\"@type\":\"Organization\",\"@id\":\"https:\/\/tupique.com\/#organization\",\"name\":\"Tupique\",\"url\":\"https:\/\/tupique.com\/\",\"logo\":{\"@type\":\"ImageObject\",\"inLanguage\":\"pt-PT\",\"@id\":\"https:\/\/tupique.com\/#\/schema\/logo\/image\/\",\"url\":\"https:\/\/tupique.com\/wp-content\/uploads\/2024\/09\/logo.png\",\"contentUrl\":\"https:\/\/tupique.com\/wp-content\/uploads\/2024\/09\/logo.png\",\"width\":1118,\"height\":310,\"caption\":\"Tupique\"},\"image\":{\"@id\":\"https:\/\/tupique.com\/#\/schema\/logo\/image\/\"}}]}<\/script>\n<!-- \/ Yoast SEO plugin. -->","yoast_head_json":{"title":"Imprimante \u00e0 Billets Epson TM-T88VII (111) - Tupique","description":"Vous cherchez Imprimante \u00e0 Billets Epson TM-T88VII (111) ? Achetez des produits chez Tupique. Profitez de la livraison gratuite pour obtenir Imprimante \u00e0 Billets Epson TM-T88VII (111) d\u00e8s maintenant.","robots":{"index":"index","follow":"follow","max-snippet":"max-snippet:-1","max-image-preview":"max-image-preview:large","max-video-preview":"max-video-preview:-1"},"canonical":"https:\/\/tupique.com\/pt\/produto\/imprimante-a-billets-epson-tm-t88vii-111\/","og_locale":"pt_PT","og_type":"article","og_title":"Imprimante \u00e0 Billets Epson TM-T88VII (111) - Tupique","og_description":"Vous cherchez Imprimante \u00e0 Billets Epson TM-T88VII (111) ? Achetez des produits chez Tupique. Profitez de la livraison gratuite pour obtenir Imprimante \u00e0 Billets Epson TM-T88VII (111) d\u00e8s maintenant.","og_url":"https:\/\/tupique.com\/pt\/produto\/imprimante-a-billets-epson-tm-t88vii-111\/","og_site_name":"Tupique","twitter_card":"summary_large_image","twitter_misc":{"Tempo estimado de leitura":"2 minutos"},"schema":{"@context":"https:\/\/schema.org","@graph":[{"@type":"WebPage","@id":"https:\/\/tupique.com\/produit\/imprimante-a-billets-epson-tm-t88vii-111\/","url":"https:\/\/tupique.com\/produit\/imprimante-a-billets-epson-tm-t88vii-111\/","name":"Imprimante \u00e0 Billets Epson TM-T88VII (111) - Tupique","isPartOf":{"@id":"https:\/\/tupique.com\/#website"},"primaryImageOfPage":{"@id":"https:\/\/tupique.com\/produit\/imprimante-a-billets-epson-tm-t88vii-111\/#primaryimage"},"image":{"@id":"https:\/\/tupique.com\/produit\/imprimante-a-billets-epson-tm-t88vii-111\/#primaryimage"},"thumbnailUrl":"https:\/\/tupique.com\/wp-content\/uploads\/2026\/04\/571821061.jpg","datePublished":"2026-04-03T13:55:39+00:00","description":"Vous cherchez Imprimante \u00e0 Billets Epson TM-T88VII (111) ? Achetez des produits chez Tupique. Profitez de la livraison gratuite pour obtenir Imprimante \u00e0 Billets Epson TM-T88VII (111) d\u00e8s maintenant.","breadcrumb":{"@id":"https:\/\/tupique.com\/produit\/imprimante-a-billets-epson-tm-t88vii-111\/#breadcrumb"},"inLanguage":"pt-PT","potentialAction":[{"@type":"ReadAction","target":["https:\/\/tupique.com\/produit\/imprimante-a-billets-epson-tm-t88vii-111\/"]}]},{"@type":"ImageObject","inLanguage":"pt-PT","@id":"https:\/\/tupique.com\/produit\/imprimante-a-billets-epson-tm-t88vii-111\/#primaryimage","url":"https:\/\/tupique.com\/wp-content\/uploads\/2026\/04\/571821061.jpg","contentUrl":"https:\/\/tupique.com\/wp-content\/uploads\/2026\/04\/571821061.jpg","width":1200,"height":1200,"caption":"S55129817_0"},{"@type":"BreadcrumbList","@id":"https:\/\/tupique.com\/produit\/imprimante-a-billets-epson-tm-t88vii-111\/#breadcrumb","itemListElement":[{"@type":"ListItem","position":1,"name":"In\u00edcio","item":"https:\/\/tupique.com\/"},{"@type":"ListItem","position":2,"name":"Boutique","item":"https:\/\/tupique.com\/en\/boutique\/"},{"@type":"ListItem","position":3,"name":"Imprimante \u00e0 Billets Epson TM-T88VII (111)"}]},{"@type":"WebSite","@id":"https:\/\/tupique.com\/#website","url":"https:\/\/tupique.com\/","name":"Tupique","description":"Marketplace","publisher":{"@id":"https:\/\/tupique.com\/#organization"},"potentialAction":[{"@type":"SearchAction","target":{"@type":"EntryPoint","urlTemplate":"https:\/\/tupique.com\/?s={search_term_string}"},"query-input":{"@type":"PropertyValueSpecification","valueRequired":true,"valueName":"search_term_string"}}],"inLanguage":"pt-PT"},{"@type":"Organization","@id":"https:\/\/tupique.com\/#organization","name":"Tupique","url":"https:\/\/tupique.com\/","logo":{"@type":"ImageObject","inLanguage":"pt-PT","@id":"https:\/\/tupique.com\/#\/schema\/logo\/image\/","url":"https:\/\/tupique.com\/wp-content\/uploads\/2024\/09\/logo.png","contentUrl":"https:\/\/tupique.com\/wp-content\/uploads\/2024\/09\/logo.png","width":1118,"height":310,"caption":"Tupique"},"image":{"@id":"https:\/\/tupique.com\/#\/schema\/logo\/image\/"}}]}},"jetpack_sharing_enabled":true,"_links":{"self":[{"href":"https:\/\/tupique.com\/pt\/wp-json\/wp\/v2\/product\/4375885","targetHints":{"allow":["GET"]}}],"collection":[{"href":"https:\/\/tupique.com\/pt\/wp-json\/wp\/v2\/product"}],"about":[{"href":"https:\/\/tupique.com\/pt\/wp-json\/wp\/v2\/types\/product"}],"replies":[{"embeddable":true,"href":"https:\/\/tupique.com\/pt\/wp-json\/wp\/v2\/comments?post=4375885"}],"wp:featuredmedia":[{"embeddable":true,"href":"https:\/\/tupique.com\/pt\/wp-json\/wp\/v2\/media\/4375881"}],"wp:attachment":[{"href":"https:\/\/tupique.com\/pt\/wp-json\/wp\/v2\/media?parent=4375885"}],"wp:term":[{"taxonomy":"product_brand","embeddable":true,"href":"https:\/\/tupique.com\/pt\/wp-json\/wp\/v2\/product_brand?post=4375885"},{"taxonomy":"product_cat","embeddable":true,"href":"https:\/\/tupique.com\/pt\/wp-json\/wp\/v2\/product_cat?post=4375885"},{"taxonomy":"product_tag","embeddable":true,"href":"https:\/\/tupique.com\/pt\/wp-json\/wp\/v2\/product_tag?post=4375885"}],"curies":[{"name":"wp","href":"https:\/\/api.w.org\/{rel}","templated":true}]}}