{"id":4376062,"date":"2026-04-03T22:57:46","date_gmt":"2026-04-03T21:57:46","guid":{"rendered":"https:\/\/tupique.com\/produit\/console-de-jeu-portable-nintendo-switch\/"},"modified":"2026-04-05T09:00:17","modified_gmt":"2026-04-05T08:00:17","slug":"console-de-jeu-portable-nintendo-switch","status":"publish","type":"product","link":"https:\/\/tupique.com\/pt\/produto\/console-de-jeu-portable-nintendo-switch\/","title":{"rendered":"Consola de jogos port\u00e1til Nintendo Switch"},"content":{"rendered":"<p>Se \u00e9 apaixonado por\u2019<b>inform\u00e1tica e eletr\u00f3nica<\/b>, Se est\u00e1 na vanguarda da tecnologia e n\u00e3o quer perder nada, compre <b>Consola de jogos port\u00e1til Nintendo Switch<\/b> ao melhor pre\u00e7o.<\/p>\n<ul>\n<li>R\u00e9solution (px): 1280 x 720 px<\/li>\n<li>Fonctions: Acc\u00e9l\u00e9rom\u00e8tre<\/li>\n<li>Cor: preto<\/li>\n<li>Pa\u00eds\/regi\u00e3o de fabrico: Espanha<\/li>\n<li>Carater\u00edsticas:\n<ul>\n<li>Ecr\u00e3 LCD<\/li>\n<li>Ecr\u00e3 t\u00e1til<\/li>\n<li>Lecteur de Cartes<\/li>\n<li>Capteur de Mouvement<\/li>\n<\/ul>\n<\/li>\n<li>Liga\u00e7\u00f5es:\n<ul>\n<li>HDMI<\/li>\n<li>USB<\/li>\n<li>Jack 3.5 mm<\/li>\n<\/ul>\n<\/li>\n<li>Conectividade:\n<ul>\n<li>Bluetooth<\/li>\n<li>Wi-Fi<\/li>\n<li>Bluetooth 4.1<\/li>\n<\/ul>\n<\/li>\n<li>Ann\u00e9e: 2018<\/li>\n<li>Ecran: 6,2&#8243;<\/li>\n<li>Inclui:\n<ul>\n<li>HDMI 2.0<\/li>\n<li>Manual do utilizador<\/li>\n<\/ul>\n<\/li>\n<li>Temps de charge approx.: 3 heures<\/li>\n<li>N\u00e3o inclu\u00eddo: adaptador AC<\/li>\n<li>Taille maximale de la carte m\u00e9moire: 2 TB<\/li>\n<li>Funciona com pilhas: 1 i\u00e3o de l\u00edtio, inclu\u00eddo<\/li>\n<li>Technologie: Capacitive<\/li>\n<li>Precis\u00e3o (humidade relativa): 20 % - 80 %<\/li>\n<li>Fonte de alimenta\u00e7\u00e3o: DC<\/li>\n<li>Dimensions approx.: 50 x 50 x 28 cm<\/li>\n<li>Tipo de bateria: i\u00f5es de l\u00edtio<\/li>\n<li>Cartes M\u00e9moire Compatibles: MicroSD (TransFlash),MicroSDHC,MicroSDXC<\/li>\n<li>N\u00facleos: 8 n\u00facleos<\/li>\n<\/ul>","protected":false},"excerpt":{"rendered":"<p>Si vous \u00eates passionn\u00e9 d&#8217;informatique et d&#8217;\u00e9lectronique, si vous \u00eates \u00e0 la pointe de la technologie et qu&#8217;aucun d\u00e9tail ne<\/p>","protected":false},"featured_media":4376061,"comment_status":"open","ping_status":"closed","template":"","meta":{"_joinchat":[]},"product_brand":[157992],"product_cat":[157991,157611,157516],"product_tag":[157546,157835],"class_list":{"0":"post-4376062","1":"product","2":"type-product","3":"status-publish","4":"has-post-thumbnail","6":"product_brand-brandp_1156","7":"product_cat-consoles","8":"product_cat-electronique-jouets-electroniques","9":"product_cat-informatique-electronique","10":"product_tag-tag_1304","11":"product_tag-tag_29","13":"first","14":"instock","15":"taxable","16":"shipping-taxable","17":"purchasable","18":"product-type-simple"},"yoast_head":"<!-- This site is optimized with the Yoast SEO plugin v27.2 - https:\/\/yoast.com\/product\/yoast-seo-wordpress\/ -->\n<title>Console de Jeu Portable Nintendo Switch - Tupique<\/title>\n<meta name=\"description\" content=\"Vous cherchez Console de Jeu Portable Nintendo Switch ? Achetez des produits chez Tupique. Profitez de la livraison gratuite pour obtenir Console de Jeu Portable Nintendo Switch d\u00e8s maintenant.\" \/>\n<meta name=\"robots\" content=\"index, follow, max-snippet:-1, max-image-preview:large, max-video-preview:-1\" \/>\n<link rel=\"canonical\" href=\"https:\/\/tupique.com\/pt\/produto\/console-de-jeu-portable-nintendo-switch\/\" \/>\n<meta property=\"og:locale\" content=\"pt_PT\" \/>\n<meta property=\"og:type\" content=\"article\" \/>\n<meta property=\"og:title\" content=\"Console de Jeu Portable Nintendo Switch - Tupique\" \/>\n<meta property=\"og:description\" content=\"Vous cherchez Console de Jeu Portable Nintendo Switch ? Achetez des produits chez Tupique. Profitez de la livraison gratuite pour obtenir Console de Jeu Portable Nintendo Switch d\u00e8s maintenant.\" \/>\n<meta property=\"og:url\" content=\"https:\/\/tupique.com\/pt\/produto\/console-de-jeu-portable-nintendo-switch\/\" \/>\n<meta property=\"og:site_name\" content=\"Tupique\" \/>\n<meta property=\"article:modified_time\" content=\"2026-04-05T08:00:17+00:00\" \/>\n<meta property=\"og:image\" content=\"https:\/\/tupique.com\/wp-content\/uploads\/2026\/04\/0045496453596_S7182535_P01.jpg\" \/>\n\t<meta property=\"og:image:width\" content=\"1200\" \/>\n\t<meta property=\"og:image:height\" content=\"1200\" \/>\n\t<meta property=\"og:image:type\" content=\"image\/jpeg\" \/>\n<meta name=\"twitter:card\" content=\"summary_large_image\" \/>\n<meta name=\"twitter:label1\" content=\"Tempo estimado de leitura\" \/>\n\t<meta name=\"twitter:data1\" content=\"1 minuto\" \/>\n<script type=\"application\/ld+json\" class=\"yoast-schema-graph\">{\"@context\":\"https:\/\/schema.org\",\"@graph\":[{\"@type\":\"WebPage\",\"@id\":\"https:\/\/tupique.com\/produit\/console-de-jeu-portable-nintendo-switch\/\",\"url\":\"https:\/\/tupique.com\/produit\/console-de-jeu-portable-nintendo-switch\/\",\"name\":\"Console de Jeu Portable Nintendo Switch - Tupique\",\"isPartOf\":{\"@id\":\"https:\/\/tupique.com\/#website\"},\"primaryImageOfPage\":{\"@id\":\"https:\/\/tupique.com\/produit\/console-de-jeu-portable-nintendo-switch\/#primaryimage\"},\"image\":{\"@id\":\"https:\/\/tupique.com\/produit\/console-de-jeu-portable-nintendo-switch\/#primaryimage\"},\"thumbnailUrl\":\"https:\/\/tupique.com\/wp-content\/uploads\/2026\/04\/0045496453596_S7182535_P01.jpg\",\"datePublished\":\"2026-04-03T21:57:46+00:00\",\"dateModified\":\"2026-04-05T08:00:17+00:00\",\"description\":\"Vous cherchez Console de Jeu Portable Nintendo Switch ? Achetez des produits chez Tupique. Profitez de la livraison gratuite pour obtenir Console de Jeu Portable Nintendo Switch d\u00e8s maintenant.\",\"breadcrumb\":{\"@id\":\"https:\/\/tupique.com\/produit\/console-de-jeu-portable-nintendo-switch\/#breadcrumb\"},\"inLanguage\":\"pt-PT\",\"potentialAction\":[{\"@type\":\"ReadAction\",\"target\":[\"https:\/\/tupique.com\/produit\/console-de-jeu-portable-nintendo-switch\/\"]}]},{\"@type\":\"ImageObject\",\"inLanguage\":\"pt-PT\",\"@id\":\"https:\/\/tupique.com\/produit\/console-de-jeu-portable-nintendo-switch\/#primaryimage\",\"url\":\"https:\/\/tupique.com\/wp-content\/uploads\/2026\/04\/0045496453596_S7182535_P01.jpg\",\"contentUrl\":\"https:\/\/tupique.com\/wp-content\/uploads\/2026\/04\/0045496453596_S7182535_P01.jpg\",\"width\":1200,\"height\":1200,\"caption\":\"S7182535_0\"},{\"@type\":\"BreadcrumbList\",\"@id\":\"https:\/\/tupique.com\/produit\/console-de-jeu-portable-nintendo-switch\/#breadcrumb\",\"itemListElement\":[{\"@type\":\"ListItem\",\"position\":1,\"name\":\"In\u00edcio\",\"item\":\"https:\/\/tupique.com\/\"},{\"@type\":\"ListItem\",\"position\":2,\"name\":\"Boutique\",\"item\":\"https:\/\/tupique.com\/en\/boutique\/\"},{\"@type\":\"ListItem\",\"position\":3,\"name\":\"Console de Jeu Portable Nintendo Switch\"}]},{\"@type\":\"WebSite\",\"@id\":\"https:\/\/tupique.com\/#website\",\"url\":\"https:\/\/tupique.com\/\",\"name\":\"Tupique\",\"description\":\"Marketplace\",\"publisher\":{\"@id\":\"https:\/\/tupique.com\/#organization\"},\"potentialAction\":[{\"@type\":\"SearchAction\",\"target\":{\"@type\":\"EntryPoint\",\"urlTemplate\":\"https:\/\/tupique.com\/?s={search_term_string}\"},\"query-input\":{\"@type\":\"PropertyValueSpecification\",\"valueRequired\":true,\"valueName\":\"search_term_string\"}}],\"inLanguage\":\"pt-PT\"},{\"@type\":\"Organization\",\"@id\":\"https:\/\/tupique.com\/#organization\",\"name\":\"Tupique\",\"url\":\"https:\/\/tupique.com\/\",\"logo\":{\"@type\":\"ImageObject\",\"inLanguage\":\"pt-PT\",\"@id\":\"https:\/\/tupique.com\/#\/schema\/logo\/image\/\",\"url\":\"https:\/\/tupique.com\/wp-content\/uploads\/2024\/09\/logo.png\",\"contentUrl\":\"https:\/\/tupique.com\/wp-content\/uploads\/2024\/09\/logo.png\",\"width\":1118,\"height\":310,\"caption\":\"Tupique\"},\"image\":{\"@id\":\"https:\/\/tupique.com\/#\/schema\/logo\/image\/\"}}]}<\/script>\n<!-- \/ Yoast SEO plugin. -->","yoast_head_json":{"title":"Console de Jeu Portable Nintendo Switch - Tupique","description":"Vous cherchez Console de Jeu Portable Nintendo Switch ? Achetez des produits chez Tupique. Profitez de la livraison gratuite pour obtenir Console de Jeu Portable Nintendo Switch d\u00e8s maintenant.","robots":{"index":"index","follow":"follow","max-snippet":"max-snippet:-1","max-image-preview":"max-image-preview:large","max-video-preview":"max-video-preview:-1"},"canonical":"https:\/\/tupique.com\/pt\/produto\/console-de-jeu-portable-nintendo-switch\/","og_locale":"pt_PT","og_type":"article","og_title":"Console de Jeu Portable Nintendo Switch - Tupique","og_description":"Vous cherchez Console de Jeu Portable Nintendo Switch ? Achetez des produits chez Tupique. Profitez de la livraison gratuite pour obtenir Console de Jeu Portable Nintendo Switch d\u00e8s maintenant.","og_url":"https:\/\/tupique.com\/pt\/produto\/console-de-jeu-portable-nintendo-switch\/","og_site_name":"Tupique","article_modified_time":"2026-04-05T08:00:17+00:00","og_image":[{"width":1200,"height":1200,"url":"https:\/\/tupique.com\/wp-content\/uploads\/2026\/04\/0045496453596_S7182535_P01.jpg","type":"image\/jpeg"}],"twitter_card":"summary_large_image","twitter_misc":{"Tempo estimado de leitura":"1 minuto"},"schema":{"@context":"https:\/\/schema.org","@graph":[{"@type":"WebPage","@id":"https:\/\/tupique.com\/produit\/console-de-jeu-portable-nintendo-switch\/","url":"https:\/\/tupique.com\/produit\/console-de-jeu-portable-nintendo-switch\/","name":"Console de Jeu Portable Nintendo Switch - Tupique","isPartOf":{"@id":"https:\/\/tupique.com\/#website"},"primaryImageOfPage":{"@id":"https:\/\/tupique.com\/produit\/console-de-jeu-portable-nintendo-switch\/#primaryimage"},"image":{"@id":"https:\/\/tupique.com\/produit\/console-de-jeu-portable-nintendo-switch\/#primaryimage"},"thumbnailUrl":"https:\/\/tupique.com\/wp-content\/uploads\/2026\/04\/0045496453596_S7182535_P01.jpg","datePublished":"2026-04-03T21:57:46+00:00","dateModified":"2026-04-05T08:00:17+00:00","description":"Vous cherchez Console de Jeu Portable Nintendo Switch ? Achetez des produits chez Tupique. Profitez de la livraison gratuite pour obtenir Console de Jeu Portable Nintendo Switch d\u00e8s maintenant.","breadcrumb":{"@id":"https:\/\/tupique.com\/produit\/console-de-jeu-portable-nintendo-switch\/#breadcrumb"},"inLanguage":"pt-PT","potentialAction":[{"@type":"ReadAction","target":["https:\/\/tupique.com\/produit\/console-de-jeu-portable-nintendo-switch\/"]}]},{"@type":"ImageObject","inLanguage":"pt-PT","@id":"https:\/\/tupique.com\/produit\/console-de-jeu-portable-nintendo-switch\/#primaryimage","url":"https:\/\/tupique.com\/wp-content\/uploads\/2026\/04\/0045496453596_S7182535_P01.jpg","contentUrl":"https:\/\/tupique.com\/wp-content\/uploads\/2026\/04\/0045496453596_S7182535_P01.jpg","width":1200,"height":1200,"caption":"S7182535_0"},{"@type":"BreadcrumbList","@id":"https:\/\/tupique.com\/produit\/console-de-jeu-portable-nintendo-switch\/#breadcrumb","itemListElement":[{"@type":"ListItem","position":1,"name":"In\u00edcio","item":"https:\/\/tupique.com\/"},{"@type":"ListItem","position":2,"name":"Boutique","item":"https:\/\/tupique.com\/en\/boutique\/"},{"@type":"ListItem","position":3,"name":"Console de Jeu Portable Nintendo Switch"}]},{"@type":"WebSite","@id":"https:\/\/tupique.com\/#website","url":"https:\/\/tupique.com\/","name":"Tupique","description":"Marketplace","publisher":{"@id":"https:\/\/tupique.com\/#organization"},"potentialAction":[{"@type":"SearchAction","target":{"@type":"EntryPoint","urlTemplate":"https:\/\/tupique.com\/?s={search_term_string}"},"query-input":{"@type":"PropertyValueSpecification","valueRequired":true,"valueName":"search_term_string"}}],"inLanguage":"pt-PT"},{"@type":"Organization","@id":"https:\/\/tupique.com\/#organization","name":"Tupique","url":"https:\/\/tupique.com\/","logo":{"@type":"ImageObject","inLanguage":"pt-PT","@id":"https:\/\/tupique.com\/#\/schema\/logo\/image\/","url":"https:\/\/tupique.com\/wp-content\/uploads\/2024\/09\/logo.png","contentUrl":"https:\/\/tupique.com\/wp-content\/uploads\/2024\/09\/logo.png","width":1118,"height":310,"caption":"Tupique"},"image":{"@id":"https:\/\/tupique.com\/#\/schema\/logo\/image\/"}}]}},"jetpack_sharing_enabled":true,"_links":{"self":[{"href":"https:\/\/tupique.com\/pt\/wp-json\/wp\/v2\/product\/4376062","targetHints":{"allow":["GET"]}}],"collection":[{"href":"https:\/\/tupique.com\/pt\/wp-json\/wp\/v2\/product"}],"about":[{"href":"https:\/\/tupique.com\/pt\/wp-json\/wp\/v2\/types\/product"}],"replies":[{"embeddable":true,"href":"https:\/\/tupique.com\/pt\/wp-json\/wp\/v2\/comments?post=4376062"}],"wp:featuredmedia":[{"embeddable":true,"href":"https:\/\/tupique.com\/pt\/wp-json\/wp\/v2\/media\/4376061"}],"wp:attachment":[{"href":"https:\/\/tupique.com\/pt\/wp-json\/wp\/v2\/media?parent=4376062"}],"wp:term":[{"taxonomy":"product_brand","embeddable":true,"href":"https:\/\/tupique.com\/pt\/wp-json\/wp\/v2\/product_brand?post=4376062"},{"taxonomy":"product_cat","embeddable":true,"href":"https:\/\/tupique.com\/pt\/wp-json\/wp\/v2\/product_cat?post=4376062"},{"taxonomy":"product_tag","embeddable":true,"href":"https:\/\/tupique.com\/pt\/wp-json\/wp\/v2\/product_tag?post=4376062"}],"curies":[{"name":"wp","href":"https:\/\/api.w.org\/{rel}","templated":true}]}}