{"id":4376477,"date":"2026-04-04T02:56:07","date_gmt":"2026-04-04T01:56:07","guid":{"rendered":"https:\/\/tupique.com\/produit\/stockage-reseau-qnap-ts-264-8g-noir\/"},"modified":"2026-04-04T02:56:07","modified_gmt":"2026-04-04T01:56:07","slug":"stockage-reseau-qnap-ts-264-8g-noir","status":"publish","type":"product","link":"https:\/\/tupique.com\/pt\/produto\/stockage-reseau-qnap-ts-264-8g-noir\/","title":{"rendered":"Stockage r\u00e9seau Qnap TS-264-8G Noir"},"content":{"rendered":"<p>Se \u00e9 apaixonado por\u2019<b>inform\u00e1tica e eletr\u00f3nica<\/b>, Se est\u00e1 na vanguarda da tecnologia e n\u00e3o quer perder nada, compre <b>Stockage r\u00e9seau Qnap TS-264-8G Noir<\/b> ao melhor pre\u00e7o.<\/p>\n<p>Le <b>Qnap TS-264<\/b> \u00e9 um <b>stockage en r\u00e9seau (NAS)<\/b> haute performance con\u00e7u pour les professionnels et les PME recherchant une solution polyvalente, rapide et s\u00e9curis\u00e9e pour la gestion des donn\u00e9es. Fabriqu\u00e9 en <b>m\u00e9tal noir et or<\/b>, cet appareil allie robustesse et \u00e9l\u00e9gance \u00e0 un mat\u00e9riel puissant bas\u00e9 sur un <b>processeur Intel Celeron N5105\/N5095 quad-core et 8 Go de RAM DDR4<\/b>, permettant d\u2019ex\u00e9cuter plusieurs applications simultan\u00e9ment, telles que des machines virtuelles l\u00e9g\u00e8res et des conteneurs. Il dispose de <b>deux baies pour disques HDD\/SSD<\/b> et de doubles emplacements M.2 PCIe Gen3, facilitant l\u2019utilisation de SSD NVMe pour <b>l\u2019acc\u00e9l\u00e9ration du cache<\/b>, un stockage hi\u00e9rarchis\u00e9 efficace gr\u00e2ce \u00e0 la technologie Qtier\u2122 et des options d\u2019extension via carte PCIe pour ajouter une connectivit\u00e9 10GbE\/5GbE, QM2 ou ports USB 3.2 Gen 2. Sa <b>connectivit\u00e9 avanc\u00e9e<\/b> comprend deux ports LAN RJ45 2,5GbE avec agr\u00e9gation de liens jusqu\u2019\u00e0 5 Gbps, plusieurs ports USB et une sortie <b>HDMI 2.0 4K<\/b>, id\u00e9ale pour le montage vid\u00e9o, la production multim\u00e9dia ou l\u2019utilisation comme station de travail virtualis\u00e9e. Il int\u00e8gre <b>des syst\u00e8mes de s\u00e9curit\u00e9 avanc\u00e9s<\/b> tels que le chiffrement Intel AES-NI, pare-feu, VPN et protection antimalware, ainsi que des sauvegardes automatiques, instantan\u00e9s et synchronisation cloud pour la protection contre les sinistres et ransomwares. Le syst\u00e8me d\u2019exploitation <b>QTS 5<\/b> offre une interface moderne, fluide et facile \u00e0 g\u00e9rer, avec acc\u00e8s distant s\u00e9curis\u00e9 via myQNAPcloud et des outils comme File Station, Qsync et Qsirch pour la gestion, la recherche intelligente et la synchronisation des fichiers. Le TS-264 est \u00e9volutif, permettant de connecter des unit\u00e9s d\u2019extension ou d\u2019int\u00e9grer du stockage cloud, et son design comprend <b>des voyants LED, un interrupteur marche\/arr\u00eat et un guide d\u2019installation<\/b> inclus pour une prise en main imm\u00e9diate. Ce mod\u00e8le propose des solutions avanc\u00e9es de sauvegarde pour PC, ordinateurs portables, serveurs SaaS et machines virtuelles, et prend en charge la vid\u00e9osurveillance intelligente et la reconnaissance d\u2019images IA gr\u00e2ce au moteur d\u2019intelligence artificielle int\u00e9gr\u00e9 et au support Edge TPU, faisant de lui un hub central et \u00e9volutif pour les donn\u00e9es, la collaboration et la s\u00e9curit\u00e9 en environnement professionnel.<\/p>\n<ul>\n<li>Tipo:\n<ul>\n<li>NAS<\/li>\n<li>HDD\/SSD<\/li>\n<\/ul>\n<\/li>\n<li>Cor: preto<\/li>\n<li>Taille: 2,5&#8243;<\/li>\n<li>Liga\u00e7\u00f5es:\n<ul>\n<li>HDMI<\/li>\n<li>USB 2.0<\/li>\n<li>HDMI 2.0<\/li>\n<li>RJ45 x 2<\/li>\n<li>LAN Ethernet<\/li>\n<li>2<\/li>\n<li>USB<\/li>\n<li>RJ45<\/li>\n<li>USB A 3.2 Gen 2 (3.1 Gen 2) x 2<\/li>\n<\/ul>\n<\/li>\n<li>Processeur:\n<ul>\n<li>Intel Celeron<\/li>\n<li>Intel Celeron N5095<\/li>\n<\/ul>\n<\/li>\n<li>Mem\u00f3ria RAM: 8 GB de RAM<\/li>\n<li>vitesse:\n<ul>\n<li>10 Gbit\/s<\/li>\n<li>2500 Mbit\/s<\/li>\n<li>2 GHz<\/li>\n<li>10\/100\/1000\/2500 Mbps<\/li>\n<\/ul>\n<\/li>\n<li>Tens\u00e3o:\n<ul>\n<li>100-240 V<\/li>\n<li>12 V<\/li>\n<li>100 - 240 V<\/li>\n<\/ul>\n<\/li>\n<li>Compatible:\n<ul>\n<li>HDD\/SSD<\/li>\n<li>2,5&#8243;-3,5&#8243;<\/li>\n<li>Ordinateurs<\/li>\n<\/ul>\n<\/li>\n<li>Carater\u00edsticas:\n<ul>\n<li>Interruptor de ligar\/desligar<\/li>\n<li>Indicador LED<\/li>\n<li>Guia de instala\u00e7\u00e3o inclu\u00eddo<\/li>\n<li>Vibrador<\/li>\n<li>Etats de veille<\/li>\n<\/ul>\n<\/li>\n<li>Facteur de forme: ATX<\/li>\n<li>Ventillateur: 1<\/li>\n<li>Cache: 4 MB<\/li>\n<li>Inclut: Adaptateur<\/li>\n<li>Batterie au lithium rechargeable: 65 mAh<\/li>\n<li>Connecteurs: Kensington<\/li>\n<li>Temperatura aproximada: - 20\u00baC \/ 70\u00b0C<\/li>\n<li>Tecnologia:\n<ul>\n<li>VT-d<\/li>\n<li>VT-x<\/li>\n<\/ul>\n<\/li>\n<li>Nombre de Baies: 3,5&#8221; x 2<\/li>\n<li>Noyaux: 4 Noyaux<\/li>\n<li>Famille de processeurs:\n<ul>\n<li>Intel Celeron<\/li>\n<li>Intel<\/li>\n<\/ul>\n<\/li>\n<li>Longueur: 16,8 cm<\/li>\n<\/ul>","protected":false},"excerpt":{"rendered":"<p>Si vous \u00eates passionn\u00e9 d&#8217;informatique et d&#8217;\u00e9lectronique, si vous \u00eates \u00e0 la pointe de la technologie et qu&#8217;aucun d\u00e9tail ne<\/p>","protected":false},"featured_media":4376475,"comment_status":"open","ping_status":"closed","template":"","meta":{"_joinchat":[]},"product_brand":[157968],"product_cat":[157521,157516,157520],"product_tag":[157515],"class_list":{"0":"post-4376477","1":"product","2":"type-product","3":"status-publish","4":"has-post-thumbnail","6":"product_brand-brandp_4747","7":"product_cat-disques-durs","8":"product_cat-informatique-electronique","9":"product_cat-informatique-reseaux-et-composants","10":"product_tag-tag_1295","12":"first","13":"instock","14":"taxable","15":"shipping-taxable","16":"purchasable","17":"product-type-simple"},"yoast_head":"<!-- This site is optimized with the Yoast SEO plugin v27.2 - https:\/\/yoast.com\/product\/yoast-seo-wordpress\/ -->\n<title>Stockage r\u00e9seau Qnap TS-264-8G Noir - Tupique<\/title>\n<meta name=\"description\" content=\"Vous cherchez Stockage r\u00e9seau Qnap TS-264-8G Noir ? Achetez des produits chez Tupique. Profitez de la livraison gratuite pour obtenir Stockage r\u00e9seau Qnap TS-264-8G Noir d\u00e8s maintenant.\" \/>\n<meta name=\"robots\" content=\"index, follow, max-snippet:-1, max-image-preview:large, max-video-preview:-1\" \/>\n<link rel=\"canonical\" href=\"https:\/\/tupique.com\/pt\/produto\/stockage-reseau-qnap-ts-264-8g-noir\/\" \/>\n<meta property=\"og:locale\" content=\"pt_PT\" \/>\n<meta property=\"og:type\" content=\"article\" \/>\n<meta property=\"og:title\" content=\"Stockage r\u00e9seau Qnap TS-264-8G Noir - Tupique\" \/>\n<meta property=\"og:description\" content=\"Vous cherchez Stockage r\u00e9seau Qnap TS-264-8G Noir ? Achetez des produits chez Tupique. Profitez de la livraison gratuite pour obtenir Stockage r\u00e9seau Qnap TS-264-8G Noir d\u00e8s maintenant.\" \/>\n<meta property=\"og:url\" content=\"https:\/\/tupique.com\/pt\/produto\/stockage-reseau-qnap-ts-264-8g-noir\/\" \/>\n<meta property=\"og:site_name\" content=\"Tupique\" \/>\n<meta name=\"twitter:card\" content=\"summary_large_image\" \/>\n<meta name=\"twitter:label1\" content=\"Tempo estimado de leitura\" \/>\n\t<meta name=\"twitter:data1\" content=\"3 minutos\" \/>\n<script type=\"application\/ld+json\" class=\"yoast-schema-graph\">{\"@context\":\"https:\/\/schema.org\",\"@graph\":[{\"@type\":\"WebPage\",\"@id\":\"https:\/\/tupique.com\/produit\/stockage-reseau-qnap-ts-264-8g-noir\/\",\"url\":\"https:\/\/tupique.com\/produit\/stockage-reseau-qnap-ts-264-8g-noir\/\",\"name\":\"Stockage r\u00e9seau Qnap TS-264-8G Noir - Tupique\",\"isPartOf\":{\"@id\":\"https:\/\/tupique.com\/#website\"},\"primaryImageOfPage\":{\"@id\":\"https:\/\/tupique.com\/produit\/stockage-reseau-qnap-ts-264-8g-noir\/#primaryimage\"},\"image\":{\"@id\":\"https:\/\/tupique.com\/produit\/stockage-reseau-qnap-ts-264-8g-noir\/#primaryimage\"},\"thumbnailUrl\":\"https:\/\/tupique.com\/wp-content\/uploads\/2026\/04\/4711103082331_I01.jpg\",\"datePublished\":\"2026-04-04T01:56:07+00:00\",\"description\":\"Vous cherchez Stockage r\u00e9seau Qnap TS-264-8G Noir ? Achetez des produits chez Tupique. Profitez de la livraison gratuite pour obtenir Stockage r\u00e9seau Qnap TS-264-8G Noir d\u00e8s maintenant.\",\"breadcrumb\":{\"@id\":\"https:\/\/tupique.com\/produit\/stockage-reseau-qnap-ts-264-8g-noir\/#breadcrumb\"},\"inLanguage\":\"pt-PT\",\"potentialAction\":[{\"@type\":\"ReadAction\",\"target\":[\"https:\/\/tupique.com\/produit\/stockage-reseau-qnap-ts-264-8g-noir\/\"]}]},{\"@type\":\"ImageObject\",\"inLanguage\":\"pt-PT\",\"@id\":\"https:\/\/tupique.com\/produit\/stockage-reseau-qnap-ts-264-8g-noir\/#primaryimage\",\"url\":\"https:\/\/tupique.com\/wp-content\/uploads\/2026\/04\/4711103082331_I01.jpg\",\"contentUrl\":\"https:\/\/tupique.com\/wp-content\/uploads\/2026\/04\/4711103082331_I01.jpg\",\"width\":1200,\"height\":1200,\"caption\":\"S55168370_0\"},{\"@type\":\"BreadcrumbList\",\"@id\":\"https:\/\/tupique.com\/produit\/stockage-reseau-qnap-ts-264-8g-noir\/#breadcrumb\",\"itemListElement\":[{\"@type\":\"ListItem\",\"position\":1,\"name\":\"In\u00edcio\",\"item\":\"https:\/\/tupique.com\/\"},{\"@type\":\"ListItem\",\"position\":2,\"name\":\"Boutique\",\"item\":\"https:\/\/tupique.com\/en\/boutique\/\"},{\"@type\":\"ListItem\",\"position\":3,\"name\":\"Stockage r\u00e9seau Qnap TS-264-8G Noir\"}]},{\"@type\":\"WebSite\",\"@id\":\"https:\/\/tupique.com\/#website\",\"url\":\"https:\/\/tupique.com\/\",\"name\":\"Tupique\",\"description\":\"Marketplace\",\"publisher\":{\"@id\":\"https:\/\/tupique.com\/#organization\"},\"potentialAction\":[{\"@type\":\"SearchAction\",\"target\":{\"@type\":\"EntryPoint\",\"urlTemplate\":\"https:\/\/tupique.com\/?s={search_term_string}\"},\"query-input\":{\"@type\":\"PropertyValueSpecification\",\"valueRequired\":true,\"valueName\":\"search_term_string\"}}],\"inLanguage\":\"pt-PT\"},{\"@type\":\"Organization\",\"@id\":\"https:\/\/tupique.com\/#organization\",\"name\":\"Tupique\",\"url\":\"https:\/\/tupique.com\/\",\"logo\":{\"@type\":\"ImageObject\",\"inLanguage\":\"pt-PT\",\"@id\":\"https:\/\/tupique.com\/#\/schema\/logo\/image\/\",\"url\":\"https:\/\/tupique.com\/wp-content\/uploads\/2024\/09\/logo.png\",\"contentUrl\":\"https:\/\/tupique.com\/wp-content\/uploads\/2024\/09\/logo.png\",\"width\":1118,\"height\":310,\"caption\":\"Tupique\"},\"image\":{\"@id\":\"https:\/\/tupique.com\/#\/schema\/logo\/image\/\"}}]}<\/script>\n<!-- \/ Yoast SEO plugin. -->","yoast_head_json":{"title":"Stockage r\u00e9seau Qnap TS-264-8G Noir - Tupique","description":"Vous cherchez Stockage r\u00e9seau Qnap TS-264-8G Noir ? Achetez des produits chez Tupique. Profitez de la livraison gratuite pour obtenir Stockage r\u00e9seau Qnap TS-264-8G Noir d\u00e8s maintenant.","robots":{"index":"index","follow":"follow","max-snippet":"max-snippet:-1","max-image-preview":"max-image-preview:large","max-video-preview":"max-video-preview:-1"},"canonical":"https:\/\/tupique.com\/pt\/produto\/stockage-reseau-qnap-ts-264-8g-noir\/","og_locale":"pt_PT","og_type":"article","og_title":"Stockage r\u00e9seau Qnap TS-264-8G Noir - Tupique","og_description":"Vous cherchez Stockage r\u00e9seau Qnap TS-264-8G Noir ? Achetez des produits chez Tupique. Profitez de la livraison gratuite pour obtenir Stockage r\u00e9seau Qnap TS-264-8G Noir d\u00e8s maintenant.","og_url":"https:\/\/tupique.com\/pt\/produto\/stockage-reseau-qnap-ts-264-8g-noir\/","og_site_name":"Tupique","twitter_card":"summary_large_image","twitter_misc":{"Tempo estimado de leitura":"3 minutos"},"schema":{"@context":"https:\/\/schema.org","@graph":[{"@type":"WebPage","@id":"https:\/\/tupique.com\/produit\/stockage-reseau-qnap-ts-264-8g-noir\/","url":"https:\/\/tupique.com\/produit\/stockage-reseau-qnap-ts-264-8g-noir\/","name":"Stockage r\u00e9seau Qnap TS-264-8G Noir - Tupique","isPartOf":{"@id":"https:\/\/tupique.com\/#website"},"primaryImageOfPage":{"@id":"https:\/\/tupique.com\/produit\/stockage-reseau-qnap-ts-264-8g-noir\/#primaryimage"},"image":{"@id":"https:\/\/tupique.com\/produit\/stockage-reseau-qnap-ts-264-8g-noir\/#primaryimage"},"thumbnailUrl":"https:\/\/tupique.com\/wp-content\/uploads\/2026\/04\/4711103082331_I01.jpg","datePublished":"2026-04-04T01:56:07+00:00","description":"Vous cherchez Stockage r\u00e9seau Qnap TS-264-8G Noir ? Achetez des produits chez Tupique. Profitez de la livraison gratuite pour obtenir Stockage r\u00e9seau Qnap TS-264-8G Noir d\u00e8s maintenant.","breadcrumb":{"@id":"https:\/\/tupique.com\/produit\/stockage-reseau-qnap-ts-264-8g-noir\/#breadcrumb"},"inLanguage":"pt-PT","potentialAction":[{"@type":"ReadAction","target":["https:\/\/tupique.com\/produit\/stockage-reseau-qnap-ts-264-8g-noir\/"]}]},{"@type":"ImageObject","inLanguage":"pt-PT","@id":"https:\/\/tupique.com\/produit\/stockage-reseau-qnap-ts-264-8g-noir\/#primaryimage","url":"https:\/\/tupique.com\/wp-content\/uploads\/2026\/04\/4711103082331_I01.jpg","contentUrl":"https:\/\/tupique.com\/wp-content\/uploads\/2026\/04\/4711103082331_I01.jpg","width":1200,"height":1200,"caption":"S55168370_0"},{"@type":"BreadcrumbList","@id":"https:\/\/tupique.com\/produit\/stockage-reseau-qnap-ts-264-8g-noir\/#breadcrumb","itemListElement":[{"@type":"ListItem","position":1,"name":"In\u00edcio","item":"https:\/\/tupique.com\/"},{"@type":"ListItem","position":2,"name":"Boutique","item":"https:\/\/tupique.com\/en\/boutique\/"},{"@type":"ListItem","position":3,"name":"Stockage r\u00e9seau Qnap TS-264-8G Noir"}]},{"@type":"WebSite","@id":"https:\/\/tupique.com\/#website","url":"https:\/\/tupique.com\/","name":"Tupique","description":"Marketplace","publisher":{"@id":"https:\/\/tupique.com\/#organization"},"potentialAction":[{"@type":"SearchAction","target":{"@type":"EntryPoint","urlTemplate":"https:\/\/tupique.com\/?s={search_term_string}"},"query-input":{"@type":"PropertyValueSpecification","valueRequired":true,"valueName":"search_term_string"}}],"inLanguage":"pt-PT"},{"@type":"Organization","@id":"https:\/\/tupique.com\/#organization","name":"Tupique","url":"https:\/\/tupique.com\/","logo":{"@type":"ImageObject","inLanguage":"pt-PT","@id":"https:\/\/tupique.com\/#\/schema\/logo\/image\/","url":"https:\/\/tupique.com\/wp-content\/uploads\/2024\/09\/logo.png","contentUrl":"https:\/\/tupique.com\/wp-content\/uploads\/2024\/09\/logo.png","width":1118,"height":310,"caption":"Tupique"},"image":{"@id":"https:\/\/tupique.com\/#\/schema\/logo\/image\/"}}]}},"jetpack_sharing_enabled":true,"_links":{"self":[{"href":"https:\/\/tupique.com\/pt\/wp-json\/wp\/v2\/product\/4376477","targetHints":{"allow":["GET"]}}],"collection":[{"href":"https:\/\/tupique.com\/pt\/wp-json\/wp\/v2\/product"}],"about":[{"href":"https:\/\/tupique.com\/pt\/wp-json\/wp\/v2\/types\/product"}],"replies":[{"embeddable":true,"href":"https:\/\/tupique.com\/pt\/wp-json\/wp\/v2\/comments?post=4376477"}],"wp:featuredmedia":[{"embeddable":true,"href":"https:\/\/tupique.com\/pt\/wp-json\/wp\/v2\/media\/4376475"}],"wp:attachment":[{"href":"https:\/\/tupique.com\/pt\/wp-json\/wp\/v2\/media?parent=4376477"}],"wp:term":[{"taxonomy":"product_brand","embeddable":true,"href":"https:\/\/tupique.com\/pt\/wp-json\/wp\/v2\/product_brand?post=4376477"},{"taxonomy":"product_cat","embeddable":true,"href":"https:\/\/tupique.com\/pt\/wp-json\/wp\/v2\/product_cat?post=4376477"},{"taxonomy":"product_tag","embeddable":true,"href":"https:\/\/tupique.com\/pt\/wp-json\/wp\/v2\/product_tag?post=4376477"}],"curies":[{"name":"wp","href":"https:\/\/api.w.org\/{rel}","templated":true}]}}