{"id":4377029,"date":"2026-04-04T07:00:52","date_gmt":"2026-04-04T06:00:52","guid":{"rendered":"https:\/\/tupique.com\/produit\/camescope-de-surveillance-axis-03149-001\/"},"modified":"2026-04-05T10:59:53","modified_gmt":"2026-04-05T09:59:53","slug":"camescope-de-surveillance-axis-03149-001","status":"publish","type":"product","link":"https:\/\/tupique.com\/pt\/produto\/camescope-de-surveillance-axis-03149-001\/","title":{"rendered":"Camescope de surveillance Axis 03149-001"},"content":{"rendered":"<p>Se est\u00e1 \u00e0 procura das \u00faltimas tend\u00eancias do mercado, temos tudo o que precisa. <b>Camescope de surveillance Axis 03149-001<\/b> !<\/p>\n<ul>\n<li>Tipo:\n<ul>\n<li>Cam\u00e9scope<\/li>\n<li>Com fio<\/li>\n<li>Cam\u00e9ra de s\u00e9curit\u00e9 IP<\/li>\n<\/ul>\n<\/li>\n<li>Cor: Branco<\/li>\n<li>Liga\u00e7\u00f5es:\n<ul>\n<li>LAN Ethernet<\/li>\n<li>RJ45<\/li>\n<li>Jack 3.5 mm<\/li>\n<\/ul>\n<\/li>\n<li>Fonctions: Vision nocturne<\/li>\n<li>Cam\u00e9ra\/Appareil Photo: 2 Mp<\/li>\n<li>Classification IP: IP54<\/li>\n<li>R\u00e9solution (px): 1920 x 1080 px<\/li>\n<li>Carater\u00edsticas:\n<ul>\n<li>Contr\u00f4le de l&#8217;inclinaison<\/li>\n<li>Alarme<\/li>\n<li>R\u00e9duction du bruit<\/li>\n<li>Lecteur de Cartes<\/li>\n<li>LED indicador de funcionamento<\/li>\n<\/ul>\n<\/li>\n<li>R\u00e9solution d&#8217;image maximale: 1080p (HD)<\/li>\n<li>Tens\u00e3o: 12 V<\/li>\n<li>Nombre de cam\u00e9ras: 1<\/li>\n<li>Inclui:\n<ul>\n<li>Kit de Montage<\/li>\n<li>Manual do utilizador<\/li>\n<\/ul>\n<\/li>\n<li>Connectivit\u00e9: Ethernet LAN<\/li>\n<li>Tecnologia:\n<ul>\n<li>HDD<\/li>\n<li>2-Way CrossFireX<\/li>\n<\/ul>\n<\/li>\n<li>Non Inclus:\n<ul>\n<li>Wi-Fi<\/li>\n<li>Bluetooth<\/li>\n<\/ul>\n<\/li>\n<li>Fonte de alimenta\u00e7\u00e3o: DC<\/li>\n<li>Cartes M\u00e9moire Compatibles: MicroSD (TransFlash),MicroSDHC,MicroSDXC<\/li>\n<\/ul>","protected":false},"excerpt":{"rendered":"<p>Si vous \u00eates \u00e0 la recherche de nouvelles tendances sur le march\u00e9, nous vous pr\u00e9sentons Camescope de surveillance Axis 03149-001<\/p>","protected":false},"featured_media":4377024,"comment_status":"open","ping_status":"closed","template":"","meta":{"_joinchat":[]},"product_brand":[157974],"product_cat":[157582,157535,157581],"product_tag":[157580,157531],"class_list":{"0":"post-4377029","1":"product","2":"type-product","3":"status-publish","4":"has-post-thumbnail","6":"product_brand-brandp_4776","7":"product_cat-cameras-de-surveillance-video","8":"product_cat-maison-jardin","9":"product_cat-securite-a-la-maison","10":"product_tag-tag_556","11":"product_tag-tag_25","13":"first","14":"outofstock","15":"taxable","16":"shipping-taxable","17":"purchasable","18":"product-type-simple"},"yoast_head":"<!-- This site is optimized with the Yoast SEO plugin v27.2 - https:\/\/yoast.com\/product\/yoast-seo-wordpress\/ -->\n<title>Camescope de surveillance Axis 03149-001 - Tupique<\/title>\n<meta name=\"description\" content=\"Vous cherchez Camescope de surveillance Axis 03149-001 ? Achetez des produits chez Tupique. Profitez de la livraison gratuite pour obtenir Camescope de surveillance Axis 03149-001 d\u00e8s maintenant.\" \/>\n<meta name=\"robots\" content=\"index, follow, max-snippet:-1, max-image-preview:large, max-video-preview:-1\" \/>\n<link rel=\"canonical\" href=\"https:\/\/tupique.com\/pt\/produto\/camescope-de-surveillance-axis-03149-001\/\" \/>\n<meta property=\"og:locale\" content=\"pt_PT\" \/>\n<meta property=\"og:type\" content=\"article\" \/>\n<meta property=\"og:title\" content=\"Camescope de surveillance Axis 03149-001 - Tupique\" \/>\n<meta property=\"og:description\" content=\"Vous cherchez Camescope de surveillance Axis 03149-001 ? Achetez des produits chez Tupique. Profitez de la livraison gratuite pour obtenir Camescope de surveillance Axis 03149-001 d\u00e8s maintenant.\" \/>\n<meta property=\"og:url\" content=\"https:\/\/tupique.com\/pt\/produto\/camescope-de-surveillance-axis-03149-001\/\" \/>\n<meta property=\"og:site_name\" content=\"Tupique\" \/>\n<meta property=\"article:modified_time\" content=\"2026-04-05T09:59:53+00:00\" \/>\n<meta property=\"og:image\" content=\"https:\/\/tupique.com\/wp-content\/uploads\/2026\/04\/7331021089853_S55307830_P01.jpg\" \/>\n\t<meta property=\"og:image:width\" content=\"1200\" \/>\n\t<meta property=\"og:image:height\" content=\"1200\" \/>\n\t<meta property=\"og:image:type\" content=\"image\/jpeg\" \/>\n<meta name=\"twitter:card\" content=\"summary_large_image\" \/>\n<script type=\"application\/ld+json\" class=\"yoast-schema-graph\">{\"@context\":\"https:\/\/schema.org\",\"@graph\":[{\"@type\":\"WebPage\",\"@id\":\"https:\/\/tupique.com\/produit\/camescope-de-surveillance-axis-03149-001\/\",\"url\":\"https:\/\/tupique.com\/produit\/camescope-de-surveillance-axis-03149-001\/\",\"name\":\"Camescope de surveillance Axis 03149-001 - Tupique\",\"isPartOf\":{\"@id\":\"https:\/\/tupique.com\/#website\"},\"primaryImageOfPage\":{\"@id\":\"https:\/\/tupique.com\/produit\/camescope-de-surveillance-axis-03149-001\/#primaryimage\"},\"image\":{\"@id\":\"https:\/\/tupique.com\/produit\/camescope-de-surveillance-axis-03149-001\/#primaryimage\"},\"thumbnailUrl\":\"https:\/\/tupique.com\/wp-content\/uploads\/2026\/04\/7331021089853_S55307830_P01.jpg\",\"datePublished\":\"2026-04-04T06:00:52+00:00\",\"dateModified\":\"2026-04-05T09:59:53+00:00\",\"description\":\"Vous cherchez Camescope de surveillance Axis 03149-001 ? Achetez des produits chez Tupique. Profitez de la livraison gratuite pour obtenir Camescope de surveillance Axis 03149-001 d\u00e8s maintenant.\",\"breadcrumb\":{\"@id\":\"https:\/\/tupique.com\/produit\/camescope-de-surveillance-axis-03149-001\/#breadcrumb\"},\"inLanguage\":\"pt-PT\",\"potentialAction\":[{\"@type\":\"ReadAction\",\"target\":[\"https:\/\/tupique.com\/produit\/camescope-de-surveillance-axis-03149-001\/\"]}]},{\"@type\":\"ImageObject\",\"inLanguage\":\"pt-PT\",\"@id\":\"https:\/\/tupique.com\/produit\/camescope-de-surveillance-axis-03149-001\/#primaryimage\",\"url\":\"https:\/\/tupique.com\/wp-content\/uploads\/2026\/04\/7331021089853_S55307830_P01.jpg\",\"contentUrl\":\"https:\/\/tupique.com\/wp-content\/uploads\/2026\/04\/7331021089853_S55307830_P01.jpg\",\"width\":1200,\"height\":1200,\"caption\":\"S55307830_0\"},{\"@type\":\"BreadcrumbList\",\"@id\":\"https:\/\/tupique.com\/produit\/camescope-de-surveillance-axis-03149-001\/#breadcrumb\",\"itemListElement\":[{\"@type\":\"ListItem\",\"position\":1,\"name\":\"In\u00edcio\",\"item\":\"https:\/\/tupique.com\/\"},{\"@type\":\"ListItem\",\"position\":2,\"name\":\"Boutique\",\"item\":\"https:\/\/tupique.com\/en\/boutique\/\"},{\"@type\":\"ListItem\",\"position\":3,\"name\":\"Camescope de surveillance Axis 03149-001\"}]},{\"@type\":\"WebSite\",\"@id\":\"https:\/\/tupique.com\/#website\",\"url\":\"https:\/\/tupique.com\/\",\"name\":\"Tupique\",\"description\":\"Marketplace\",\"publisher\":{\"@id\":\"https:\/\/tupique.com\/#organization\"},\"potentialAction\":[{\"@type\":\"SearchAction\",\"target\":{\"@type\":\"EntryPoint\",\"urlTemplate\":\"https:\/\/tupique.com\/?s={search_term_string}\"},\"query-input\":{\"@type\":\"PropertyValueSpecification\",\"valueRequired\":true,\"valueName\":\"search_term_string\"}}],\"inLanguage\":\"pt-PT\"},{\"@type\":\"Organization\",\"@id\":\"https:\/\/tupique.com\/#organization\",\"name\":\"Tupique\",\"url\":\"https:\/\/tupique.com\/\",\"logo\":{\"@type\":\"ImageObject\",\"inLanguage\":\"pt-PT\",\"@id\":\"https:\/\/tupique.com\/#\/schema\/logo\/image\/\",\"url\":\"https:\/\/tupique.com\/wp-content\/uploads\/2024\/09\/logo.png\",\"contentUrl\":\"https:\/\/tupique.com\/wp-content\/uploads\/2024\/09\/logo.png\",\"width\":1118,\"height\":310,\"caption\":\"Tupique\"},\"image\":{\"@id\":\"https:\/\/tupique.com\/#\/schema\/logo\/image\/\"}}]}<\/script>\n<!-- \/ Yoast SEO plugin. -->","yoast_head_json":{"title":"Camescope de surveillance Axis 03149-001 - Tupique","description":"Vous cherchez Camescope de surveillance Axis 03149-001 ? Achetez des produits chez Tupique. Profitez de la livraison gratuite pour obtenir Camescope de surveillance Axis 03149-001 d\u00e8s maintenant.","robots":{"index":"index","follow":"follow","max-snippet":"max-snippet:-1","max-image-preview":"max-image-preview:large","max-video-preview":"max-video-preview:-1"},"canonical":"https:\/\/tupique.com\/pt\/produto\/camescope-de-surveillance-axis-03149-001\/","og_locale":"pt_PT","og_type":"article","og_title":"Camescope de surveillance Axis 03149-001 - Tupique","og_description":"Vous cherchez Camescope de surveillance Axis 03149-001 ? Achetez des produits chez Tupique. Profitez de la livraison gratuite pour obtenir Camescope de surveillance Axis 03149-001 d\u00e8s maintenant.","og_url":"https:\/\/tupique.com\/pt\/produto\/camescope-de-surveillance-axis-03149-001\/","og_site_name":"Tupique","article_modified_time":"2026-04-05T09:59:53+00:00","og_image":[{"width":1200,"height":1200,"url":"https:\/\/tupique.com\/wp-content\/uploads\/2026\/04\/7331021089853_S55307830_P01.jpg","type":"image\/jpeg"}],"twitter_card":"summary_large_image","schema":{"@context":"https:\/\/schema.org","@graph":[{"@type":"WebPage","@id":"https:\/\/tupique.com\/produit\/camescope-de-surveillance-axis-03149-001\/","url":"https:\/\/tupique.com\/produit\/camescope-de-surveillance-axis-03149-001\/","name":"Camescope de surveillance Axis 03149-001 - Tupique","isPartOf":{"@id":"https:\/\/tupique.com\/#website"},"primaryImageOfPage":{"@id":"https:\/\/tupique.com\/produit\/camescope-de-surveillance-axis-03149-001\/#primaryimage"},"image":{"@id":"https:\/\/tupique.com\/produit\/camescope-de-surveillance-axis-03149-001\/#primaryimage"},"thumbnailUrl":"https:\/\/tupique.com\/wp-content\/uploads\/2026\/04\/7331021089853_S55307830_P01.jpg","datePublished":"2026-04-04T06:00:52+00:00","dateModified":"2026-04-05T09:59:53+00:00","description":"Vous cherchez Camescope de surveillance Axis 03149-001 ? Achetez des produits chez Tupique. Profitez de la livraison gratuite pour obtenir Camescope de surveillance Axis 03149-001 d\u00e8s maintenant.","breadcrumb":{"@id":"https:\/\/tupique.com\/produit\/camescope-de-surveillance-axis-03149-001\/#breadcrumb"},"inLanguage":"pt-PT","potentialAction":[{"@type":"ReadAction","target":["https:\/\/tupique.com\/produit\/camescope-de-surveillance-axis-03149-001\/"]}]},{"@type":"ImageObject","inLanguage":"pt-PT","@id":"https:\/\/tupique.com\/produit\/camescope-de-surveillance-axis-03149-001\/#primaryimage","url":"https:\/\/tupique.com\/wp-content\/uploads\/2026\/04\/7331021089853_S55307830_P01.jpg","contentUrl":"https:\/\/tupique.com\/wp-content\/uploads\/2026\/04\/7331021089853_S55307830_P01.jpg","width":1200,"height":1200,"caption":"S55307830_0"},{"@type":"BreadcrumbList","@id":"https:\/\/tupique.com\/produit\/camescope-de-surveillance-axis-03149-001\/#breadcrumb","itemListElement":[{"@type":"ListItem","position":1,"name":"In\u00edcio","item":"https:\/\/tupique.com\/"},{"@type":"ListItem","position":2,"name":"Boutique","item":"https:\/\/tupique.com\/en\/boutique\/"},{"@type":"ListItem","position":3,"name":"Camescope de surveillance Axis 03149-001"}]},{"@type":"WebSite","@id":"https:\/\/tupique.com\/#website","url":"https:\/\/tupique.com\/","name":"Tupique","description":"Marketplace","publisher":{"@id":"https:\/\/tupique.com\/#organization"},"potentialAction":[{"@type":"SearchAction","target":{"@type":"EntryPoint","urlTemplate":"https:\/\/tupique.com\/?s={search_term_string}"},"query-input":{"@type":"PropertyValueSpecification","valueRequired":true,"valueName":"search_term_string"}}],"inLanguage":"pt-PT"},{"@type":"Organization","@id":"https:\/\/tupique.com\/#organization","name":"Tupique","url":"https:\/\/tupique.com\/","logo":{"@type":"ImageObject","inLanguage":"pt-PT","@id":"https:\/\/tupique.com\/#\/schema\/logo\/image\/","url":"https:\/\/tupique.com\/wp-content\/uploads\/2024\/09\/logo.png","contentUrl":"https:\/\/tupique.com\/wp-content\/uploads\/2024\/09\/logo.png","width":1118,"height":310,"caption":"Tupique"},"image":{"@id":"https:\/\/tupique.com\/#\/schema\/logo\/image\/"}}]}},"jetpack_sharing_enabled":true,"_links":{"self":[{"href":"https:\/\/tupique.com\/pt\/wp-json\/wp\/v2\/product\/4377029","targetHints":{"allow":["GET"]}}],"collection":[{"href":"https:\/\/tupique.com\/pt\/wp-json\/wp\/v2\/product"}],"about":[{"href":"https:\/\/tupique.com\/pt\/wp-json\/wp\/v2\/types\/product"}],"replies":[{"embeddable":true,"href":"https:\/\/tupique.com\/pt\/wp-json\/wp\/v2\/comments?post=4377029"}],"wp:featuredmedia":[{"embeddable":true,"href":"https:\/\/tupique.com\/pt\/wp-json\/wp\/v2\/media\/4377024"}],"wp:attachment":[{"href":"https:\/\/tupique.com\/pt\/wp-json\/wp\/v2\/media?parent=4377029"}],"wp:term":[{"taxonomy":"product_brand","embeddable":true,"href":"https:\/\/tupique.com\/pt\/wp-json\/wp\/v2\/product_brand?post=4377029"},{"taxonomy":"product_cat","embeddable":true,"href":"https:\/\/tupique.com\/pt\/wp-json\/wp\/v2\/product_cat?post=4377029"},{"taxonomy":"product_tag","embeddable":true,"href":"https:\/\/tupique.com\/pt\/wp-json\/wp\/v2\/product_tag?post=4377029"}],"curies":[{"name":"wp","href":"https:\/\/api.w.org\/{rel}","templated":true}]}}