{"id":4377204,"date":"2026-04-04T07:57:07","date_gmt":"2026-04-04T06:57:07","guid":{"rendered":"https:\/\/tupique.com\/produit\/pc-de-bureau-lenovo-12yk0013sp-16-gb-ram-512-gb-ssd-intel-core-ultra-7-155h\/"},"modified":"2026-04-05T10:59:56","modified_gmt":"2026-04-05T09:59:56","slug":"pc-de-bureau-lenovo-12yk0013sp-16-gb-ram-512-gb-ssd-intel-core-ultra-7-155h","status":"publish","type":"product","link":"https:\/\/tupique.com\/pt\/produto\/pc-de-bureau-lenovo-12yk0013sp-16-gb-ram-512-gb-ssd-intel-core-ultra-7-155h\/","title":{"rendered":"PC de bureau Lenovo 12YK0013SP 16 GB RAM 512 GB SSD Intel Core Ultra 7 155H"},"content":{"rendered":"<p>Se \u00e9 apaixonado por\u2019<b>inform\u00e1tica e eletr\u00f3nica<\/b>, Se est\u00e1 na vanguarda da tecnologia e n\u00e3o quer perder nada, compre <b>PC de bureau Lenovo 12YK0013SP 16 GB RAM 512 GB SSD Intel Core Ultra 7 155H<\/b> ao melhor pre\u00e7o.<\/p>\n<ul>\n<li>Tipo:\n<ul>\n<li>PC de bureau<\/li>\n<li>SSD<\/li>\n<\/ul>\n<\/li>\n<li>Produto de encaixe: Sim<\/li>\n<li>Alimenta\u00e7\u00e3o el\u00e9ctrica:\n<ul>\n<li>r\u00e9seau \u00e9lectrique<\/li>\n<li>260 W<\/li>\n<\/ul>\n<\/li>\n<li>Tipo de tomada: tomada UE<\/li>\n<li>Contr\u00f4leur graphique: INTEL UHD GRAPHICS 770<\/li>\n<li>Type d&#8217;unit\u00e9 optique: DVD\u00b1RW<\/li>\n<li>Inclui:\n<ul>\n<li>Souris<\/li>\n<li>Teclado<\/li>\n<\/ul>\n<\/li>\n<li>Nombre de fils: 20<\/li>\n<li>Sistema operativo: Windows 11 Pro<\/li>\n<li>Conectividade:\n<ul>\n<li>Bluetooth<\/li>\n<li>Wi-Fi<\/li>\n<\/ul>\n<\/li>\n<li>Type de m\u00e9moire: DDR5-SDRAM<\/li>\n<li>Liga\u00e7\u00f5es:\n<ul>\n<li>HDMI<\/li>\n<li>DisplayPort<\/li>\n<li>6<\/li>\n<li>LAN Ethernet<\/li>\n<li>2<\/li>\n<li>M.2<\/li>\n<\/ul>\n<\/li>\n<li>Cor: preto<\/li>\n<li>Mem\u00f3ria RAM: 16 GB de RAM<\/li>\n<li>Disque dur: 512 GB SSD<\/li>\n<li>Compatible: PC de bureau<\/li>\n<li>Technologie: SSD<\/li>\n<li>Utilisation recommand\u00e9e: Jeux<\/li>\n<li>Mati\u00e8re: M\u00e9tal\/Plastique<\/li>\n<li>Connecteurs: Kensington<\/li>\n<li>Noyaux: 14<\/li>\n<li>Type de stockage: SSD<\/li>\n<li>M\u00e9moire RAM maximale: 64 GB<\/li>\n<li>Processeur: Intel Core Ultra 7 155H<\/li>\n<\/ul>","protected":false},"excerpt":{"rendered":"<p>Si vous \u00eates passionn\u00e9 d&#8217;informatique et d&#8217;\u00e9lectronique, si vous \u00eates \u00e0 la pointe de la technologie et qu&#8217;aucun d\u00e9tail ne<\/p>","protected":false},"featured_media":4377199,"comment_status":"open","ping_status":"closed","template":"","meta":{"_joinchat":[]},"product_brand":[157965],"product_cat":[157516,157583,157584],"product_tag":[157514,157515],"class_list":{"0":"post-4377204","1":"product","2":"type-product","3":"status-publish","4":"has-post-thumbnail","6":"product_brand-brandp_558","7":"product_cat-informatique-electronique","8":"product_cat-informatique-ordinateurs","9":"product_cat-ordinateur-de-bureau","10":"product_tag-tag_933","11":"product_tag-tag_1295","13":"first","14":"outofstock","15":"taxable","16":"shipping-taxable","17":"purchasable","18":"product-type-simple"},"yoast_head":"<!-- This site is optimized with the Yoast SEO plugin v27.2 - https:\/\/yoast.com\/product\/yoast-seo-wordpress\/ -->\n<title>PC de bureau Lenovo 12YK0013SP 16 GB RAM 512 GB SSD Intel Core Ultra 7 155H - Tupique<\/title>\n<meta name=\"description\" content=\"Vous cherchez PC de bureau Lenovo 12YK0013SP 16 GB RAM 512 GB SSD Intel Core Ultra 7 155H ? Achetez des produits chez Tupique. Profitez de la livraison gratuite pour obtenir PC de bureau Lenovo 12YK0013SP 16 GB RAM 512 GB SSD Intel Core Ultra 7 155H d\u00e8s maintenant.\" \/>\n<meta name=\"robots\" content=\"index, follow, max-snippet:-1, max-image-preview:large, max-video-preview:-1\" \/>\n<link rel=\"canonical\" href=\"https:\/\/tupique.com\/pt\/produto\/pc-de-bureau-lenovo-12yk0013sp-16-gb-ram-512-gb-ssd-intel-core-ultra-7-155h\/\" \/>\n<meta property=\"og:locale\" content=\"pt_PT\" \/>\n<meta property=\"og:type\" content=\"article\" \/>\n<meta property=\"og:title\" content=\"PC de bureau Lenovo 12YK0013SP 16 GB RAM 512 GB SSD Intel Core Ultra 7 155H - Tupique\" \/>\n<meta property=\"og:description\" content=\"Vous cherchez PC de bureau Lenovo 12YK0013SP 16 GB RAM 512 GB SSD Intel Core Ultra 7 155H ? Achetez des produits chez Tupique. Profitez de la livraison gratuite pour obtenir PC de bureau Lenovo 12YK0013SP 16 GB RAM 512 GB SSD Intel Core Ultra 7 155H d\u00e8s maintenant.\" \/>\n<meta property=\"og:url\" content=\"https:\/\/tupique.com\/pt\/produto\/pc-de-bureau-lenovo-12yk0013sp-16-gb-ram-512-gb-ssd-intel-core-ultra-7-155h\/\" \/>\n<meta property=\"og:site_name\" content=\"Tupique\" \/>\n<meta property=\"article:modified_time\" content=\"2026-04-05T09:59:56+00:00\" \/>\n<meta property=\"og:image\" content=\"https:\/\/tupique.com\/wp-content\/uploads\/2026\/04\/0198158151788_S55321481_P00.jpg\" \/>\n\t<meta property=\"og:image:width\" content=\"1200\" \/>\n\t<meta property=\"og:image:height\" content=\"1200\" \/>\n\t<meta property=\"og:image:type\" content=\"image\/jpeg\" \/>\n<meta name=\"twitter:card\" content=\"summary_large_image\" \/>\n<meta name=\"twitter:label1\" content=\"Tempo estimado de leitura\" \/>\n\t<meta name=\"twitter:data1\" content=\"1 minuto\" \/>\n<script type=\"application\/ld+json\" class=\"yoast-schema-graph\">{\"@context\":\"https:\/\/schema.org\",\"@graph\":[{\"@type\":\"WebPage\",\"@id\":\"https:\/\/tupique.com\/produit\/pc-de-bureau-lenovo-12yk0013sp-16-gb-ram-512-gb-ssd-intel-core-ultra-7-155h\/\",\"url\":\"https:\/\/tupique.com\/produit\/pc-de-bureau-lenovo-12yk0013sp-16-gb-ram-512-gb-ssd-intel-core-ultra-7-155h\/\",\"name\":\"PC de bureau Lenovo 12YK0013SP 16 GB RAM 512 GB SSD Intel Core Ultra 7 155H - Tupique\",\"isPartOf\":{\"@id\":\"https:\/\/tupique.com\/#website\"},\"primaryImageOfPage\":{\"@id\":\"https:\/\/tupique.com\/produit\/pc-de-bureau-lenovo-12yk0013sp-16-gb-ram-512-gb-ssd-intel-core-ultra-7-155h\/#primaryimage\"},\"image\":{\"@id\":\"https:\/\/tupique.com\/produit\/pc-de-bureau-lenovo-12yk0013sp-16-gb-ram-512-gb-ssd-intel-core-ultra-7-155h\/#primaryimage\"},\"thumbnailUrl\":\"https:\/\/tupique.com\/wp-content\/uploads\/2026\/04\/0198158151788_S55321481_P00.jpg\",\"datePublished\":\"2026-04-04T06:57:07+00:00\",\"dateModified\":\"2026-04-05T09:59:56+00:00\",\"description\":\"Vous cherchez PC de bureau Lenovo 12YK0013SP 16 GB RAM 512 GB SSD Intel Core Ultra 7 155H ? Achetez des produits chez Tupique. Profitez de la livraison gratuite pour obtenir PC de bureau Lenovo 12YK0013SP 16 GB RAM 512 GB SSD Intel Core Ultra 7 155H d\u00e8s maintenant.\",\"breadcrumb\":{\"@id\":\"https:\/\/tupique.com\/produit\/pc-de-bureau-lenovo-12yk0013sp-16-gb-ram-512-gb-ssd-intel-core-ultra-7-155h\/#breadcrumb\"},\"inLanguage\":\"pt-PT\",\"potentialAction\":[{\"@type\":\"ReadAction\",\"target\":[\"https:\/\/tupique.com\/produit\/pc-de-bureau-lenovo-12yk0013sp-16-gb-ram-512-gb-ssd-intel-core-ultra-7-155h\/\"]}]},{\"@type\":\"ImageObject\",\"inLanguage\":\"pt-PT\",\"@id\":\"https:\/\/tupique.com\/produit\/pc-de-bureau-lenovo-12yk0013sp-16-gb-ram-512-gb-ssd-intel-core-ultra-7-155h\/#primaryimage\",\"url\":\"https:\/\/tupique.com\/wp-content\/uploads\/2026\/04\/0198158151788_S55321481_P00.jpg\",\"contentUrl\":\"https:\/\/tupique.com\/wp-content\/uploads\/2026\/04\/0198158151788_S55321481_P00.jpg\",\"width\":1200,\"height\":1200,\"caption\":\"S55321481_0\"},{\"@type\":\"BreadcrumbList\",\"@id\":\"https:\/\/tupique.com\/produit\/pc-de-bureau-lenovo-12yk0013sp-16-gb-ram-512-gb-ssd-intel-core-ultra-7-155h\/#breadcrumb\",\"itemListElement\":[{\"@type\":\"ListItem\",\"position\":1,\"name\":\"In\u00edcio\",\"item\":\"https:\/\/tupique.com\/\"},{\"@type\":\"ListItem\",\"position\":2,\"name\":\"Boutique\",\"item\":\"https:\/\/tupique.com\/en\/boutique\/\"},{\"@type\":\"ListItem\",\"position\":3,\"name\":\"PC de bureau Lenovo 12YK0013SP 16 GB RAM 512 GB SSD Intel Core Ultra 7 155H\"}]},{\"@type\":\"WebSite\",\"@id\":\"https:\/\/tupique.com\/#website\",\"url\":\"https:\/\/tupique.com\/\",\"name\":\"Tupique\",\"description\":\"Marketplace\",\"publisher\":{\"@id\":\"https:\/\/tupique.com\/#organization\"},\"potentialAction\":[{\"@type\":\"SearchAction\",\"target\":{\"@type\":\"EntryPoint\",\"urlTemplate\":\"https:\/\/tupique.com\/?s={search_term_string}\"},\"query-input\":{\"@type\":\"PropertyValueSpecification\",\"valueRequired\":true,\"valueName\":\"search_term_string\"}}],\"inLanguage\":\"pt-PT\"},{\"@type\":\"Organization\",\"@id\":\"https:\/\/tupique.com\/#organization\",\"name\":\"Tupique\",\"url\":\"https:\/\/tupique.com\/\",\"logo\":{\"@type\":\"ImageObject\",\"inLanguage\":\"pt-PT\",\"@id\":\"https:\/\/tupique.com\/#\/schema\/logo\/image\/\",\"url\":\"https:\/\/tupique.com\/wp-content\/uploads\/2024\/09\/logo.png\",\"contentUrl\":\"https:\/\/tupique.com\/wp-content\/uploads\/2024\/09\/logo.png\",\"width\":1118,\"height\":310,\"caption\":\"Tupique\"},\"image\":{\"@id\":\"https:\/\/tupique.com\/#\/schema\/logo\/image\/\"}}]}<\/script>\n<!-- \/ Yoast SEO plugin. -->","yoast_head_json":{"title":"PC de bureau Lenovo 12YK0013SP 16 GB RAM 512 GB SSD Intel Core Ultra 7 155H - Tupique","description":"Vous cherchez PC de bureau Lenovo 12YK0013SP 16 GB RAM 512 GB SSD Intel Core Ultra 7 155H ? Achetez des produits chez Tupique. Profitez de la livraison gratuite pour obtenir PC de bureau Lenovo 12YK0013SP 16 GB RAM 512 GB SSD Intel Core Ultra 7 155H d\u00e8s maintenant.","robots":{"index":"index","follow":"follow","max-snippet":"max-snippet:-1","max-image-preview":"max-image-preview:large","max-video-preview":"max-video-preview:-1"},"canonical":"https:\/\/tupique.com\/pt\/produto\/pc-de-bureau-lenovo-12yk0013sp-16-gb-ram-512-gb-ssd-intel-core-ultra-7-155h\/","og_locale":"pt_PT","og_type":"article","og_title":"PC de bureau Lenovo 12YK0013SP 16 GB RAM 512 GB SSD Intel Core Ultra 7 155H - Tupique","og_description":"Vous cherchez PC de bureau Lenovo 12YK0013SP 16 GB RAM 512 GB SSD Intel Core Ultra 7 155H ? Achetez des produits chez Tupique. Profitez de la livraison gratuite pour obtenir PC de bureau Lenovo 12YK0013SP 16 GB RAM 512 GB SSD Intel Core Ultra 7 155H d\u00e8s maintenant.","og_url":"https:\/\/tupique.com\/pt\/produto\/pc-de-bureau-lenovo-12yk0013sp-16-gb-ram-512-gb-ssd-intel-core-ultra-7-155h\/","og_site_name":"Tupique","article_modified_time":"2026-04-05T09:59:56+00:00","og_image":[{"width":1200,"height":1200,"url":"https:\/\/tupique.com\/wp-content\/uploads\/2026\/04\/0198158151788_S55321481_P00.jpg","type":"image\/jpeg"}],"twitter_card":"summary_large_image","twitter_misc":{"Tempo estimado de leitura":"1 minuto"},"schema":{"@context":"https:\/\/schema.org","@graph":[{"@type":"WebPage","@id":"https:\/\/tupique.com\/produit\/pc-de-bureau-lenovo-12yk0013sp-16-gb-ram-512-gb-ssd-intel-core-ultra-7-155h\/","url":"https:\/\/tupique.com\/produit\/pc-de-bureau-lenovo-12yk0013sp-16-gb-ram-512-gb-ssd-intel-core-ultra-7-155h\/","name":"PC de bureau Lenovo 12YK0013SP 16 GB RAM 512 GB SSD Intel Core Ultra 7 155H - Tupique","isPartOf":{"@id":"https:\/\/tupique.com\/#website"},"primaryImageOfPage":{"@id":"https:\/\/tupique.com\/produit\/pc-de-bureau-lenovo-12yk0013sp-16-gb-ram-512-gb-ssd-intel-core-ultra-7-155h\/#primaryimage"},"image":{"@id":"https:\/\/tupique.com\/produit\/pc-de-bureau-lenovo-12yk0013sp-16-gb-ram-512-gb-ssd-intel-core-ultra-7-155h\/#primaryimage"},"thumbnailUrl":"https:\/\/tupique.com\/wp-content\/uploads\/2026\/04\/0198158151788_S55321481_P00.jpg","datePublished":"2026-04-04T06:57:07+00:00","dateModified":"2026-04-05T09:59:56+00:00","description":"Vous cherchez PC de bureau Lenovo 12YK0013SP 16 GB RAM 512 GB SSD Intel Core Ultra 7 155H ? Achetez des produits chez Tupique. Profitez de la livraison gratuite pour obtenir PC de bureau Lenovo 12YK0013SP 16 GB RAM 512 GB SSD Intel Core Ultra 7 155H d\u00e8s maintenant.","breadcrumb":{"@id":"https:\/\/tupique.com\/produit\/pc-de-bureau-lenovo-12yk0013sp-16-gb-ram-512-gb-ssd-intel-core-ultra-7-155h\/#breadcrumb"},"inLanguage":"pt-PT","potentialAction":[{"@type":"ReadAction","target":["https:\/\/tupique.com\/produit\/pc-de-bureau-lenovo-12yk0013sp-16-gb-ram-512-gb-ssd-intel-core-ultra-7-155h\/"]}]},{"@type":"ImageObject","inLanguage":"pt-PT","@id":"https:\/\/tupique.com\/produit\/pc-de-bureau-lenovo-12yk0013sp-16-gb-ram-512-gb-ssd-intel-core-ultra-7-155h\/#primaryimage","url":"https:\/\/tupique.com\/wp-content\/uploads\/2026\/04\/0198158151788_S55321481_P00.jpg","contentUrl":"https:\/\/tupique.com\/wp-content\/uploads\/2026\/04\/0198158151788_S55321481_P00.jpg","width":1200,"height":1200,"caption":"S55321481_0"},{"@type":"BreadcrumbList","@id":"https:\/\/tupique.com\/produit\/pc-de-bureau-lenovo-12yk0013sp-16-gb-ram-512-gb-ssd-intel-core-ultra-7-155h\/#breadcrumb","itemListElement":[{"@type":"ListItem","position":1,"name":"In\u00edcio","item":"https:\/\/tupique.com\/"},{"@type":"ListItem","position":2,"name":"Boutique","item":"https:\/\/tupique.com\/en\/boutique\/"},{"@type":"ListItem","position":3,"name":"PC de bureau Lenovo 12YK0013SP 16 GB RAM 512 GB SSD Intel Core Ultra 7 155H"}]},{"@type":"WebSite","@id":"https:\/\/tupique.com\/#website","url":"https:\/\/tupique.com\/","name":"Tupique","description":"Marketplace","publisher":{"@id":"https:\/\/tupique.com\/#organization"},"potentialAction":[{"@type":"SearchAction","target":{"@type":"EntryPoint","urlTemplate":"https:\/\/tupique.com\/?s={search_term_string}"},"query-input":{"@type":"PropertyValueSpecification","valueRequired":true,"valueName":"search_term_string"}}],"inLanguage":"pt-PT"},{"@type":"Organization","@id":"https:\/\/tupique.com\/#organization","name":"Tupique","url":"https:\/\/tupique.com\/","logo":{"@type":"ImageObject","inLanguage":"pt-PT","@id":"https:\/\/tupique.com\/#\/schema\/logo\/image\/","url":"https:\/\/tupique.com\/wp-content\/uploads\/2024\/09\/logo.png","contentUrl":"https:\/\/tupique.com\/wp-content\/uploads\/2024\/09\/logo.png","width":1118,"height":310,"caption":"Tupique"},"image":{"@id":"https:\/\/tupique.com\/#\/schema\/logo\/image\/"}}]}},"jetpack_sharing_enabled":true,"_links":{"self":[{"href":"https:\/\/tupique.com\/pt\/wp-json\/wp\/v2\/product\/4377204","targetHints":{"allow":["GET"]}}],"collection":[{"href":"https:\/\/tupique.com\/pt\/wp-json\/wp\/v2\/product"}],"about":[{"href":"https:\/\/tupique.com\/pt\/wp-json\/wp\/v2\/types\/product"}],"replies":[{"embeddable":true,"href":"https:\/\/tupique.com\/pt\/wp-json\/wp\/v2\/comments?post=4377204"}],"wp:featuredmedia":[{"embeddable":true,"href":"https:\/\/tupique.com\/pt\/wp-json\/wp\/v2\/media\/4377199"}],"wp:attachment":[{"href":"https:\/\/tupique.com\/pt\/wp-json\/wp\/v2\/media?parent=4377204"}],"wp:term":[{"taxonomy":"product_brand","embeddable":true,"href":"https:\/\/tupique.com\/pt\/wp-json\/wp\/v2\/product_brand?post=4377204"},{"taxonomy":"product_cat","embeddable":true,"href":"https:\/\/tupique.com\/pt\/wp-json\/wp\/v2\/product_cat?post=4377204"},{"taxonomy":"product_tag","embeddable":true,"href":"https:\/\/tupique.com\/pt\/wp-json\/wp\/v2\/product_tag?post=4377204"}],"curies":[{"name":"wp","href":"https:\/\/api.w.org\/{rel}","templated":true}]}}