{"id":4377211,"date":"2026-04-04T07:57:23","date_gmt":"2026-04-04T06:57:23","guid":{"rendered":"https:\/\/tupique.com\/produit\/scanner-double-face-epson-b11b249401-600-dpi-usb-2-0-26-ppm\/"},"modified":"2026-04-05T01:57:46","modified_gmt":"2026-04-05T00:57:46","slug":"scanner-double-face-epson-b11b249401-600-dpi-usb-2-0-26-ppm","status":"publish","type":"product","link":"https:\/\/tupique.com\/pt\/produto\/scanner-double-face-epson-b11b249401-600-dpi-usb-2-0-26-ppm\/","title":{"rendered":"Scanner Double Face Epson B11B249401 600 dpi USB 2.0 26 ppm"},"content":{"rendered":"<p>Se \u00e9 apaixonado por\u2019<b>inform\u00e1tica e eletr\u00f3nica<\/b>, Se est\u00e1 na vanguarda da tecnologia e n\u00e3o quer perder nada, compre <b>Scanner Double Face Epson B11B249401 600 dpi USB 2.0 26 ppm<\/b> ao melhor pre\u00e7o.<\/p>\n<p>Le <b>WorkForce DS-410<\/b> d\u2019Epson est un <b>scanner recto verso<\/b> con\u00e7u pour optimiser la num\u00e9risation de documents en environnements professionnels et domestiques. Sa technologie de balayage par d\u00e9placement permet de traiter les documents \u00e0 une vitesse allant jusqu\u2019\u00e0 <b>26 pages par minute<\/b>, facilitant la gestion efficace de gros volumes de travail. Il pr\u00e9sente un design compact et l\u00e9ger, avec des dimensions approximatives de <b>29,7 x 15,2 x 15,4 cm<\/b> et un poids de <b>2,5 kg<\/b>, favorisant sa mobilit\u00e9 et son adaptation \u00e0 diff\u00e9rents espaces de bureau. Sa finition en <b>blanc<\/b> lui conf\u00e8re un aspect moderne et \u00e9pur\u00e9. Ce mod\u00e8le est compatible avec les syst\u00e8mes d\u2019exploitation <b>Windows et macOS<\/b>, assurant une int\u00e9gration simple avec la plupart des ordinateurs. La connectivit\u00e9 se fait via <b>USB 2.0<\/b>, garantissant un transfert de donn\u00e9es stable et rapide. De plus, il est adapt\u00e9 aux documents au format <b>A4<\/b>, couvrant la majorit\u00e9 des besoins standards de num\u00e9risation. Gr\u00e2ce \u00e0 sa construction fiable et son interface intuitive, l\u2019Epson WorkForce DS-410 est une solution pratique pour les utilisateurs recherchant rapidit\u00e9, pr\u00e9cision en num\u00e9risation recto verso et un \u00e9quipement compact sans compromis sur la qualit\u00e9. Dans l\u2019ensemble, ce scanner repr\u00e9sente une option solide dans sa cat\u00e9gorie, \u00e9quilibrant fonctionnalit\u00e9 et facilit\u00e9 d\u2019utilisation dans un format accessible.<\/p>\n<ul>\n<li>R\u00e9solution d&#8217;image: 600 x 600 dpi<\/li>\n<li>vitesse: 200\/300 dpi<\/li>\n<li>Liga\u00e7\u00f5es:\n<ul>\n<li>USB 2.0<\/li>\n<li>USB<\/li>\n<li>SATA<\/li>\n<\/ul>\n<\/li>\n<li>Ecr\u00e3:\n<ul>\n<li>Non<\/li>\n<li>1&#8243;<\/li>\n<\/ul>\n<\/li>\n<li>Capteur: CIS<\/li>\n<li>Compatible:\n<ul>\n<li>Windows<\/li>\n<li>macOS<\/li>\n<li>PC<\/li>\n<\/ul>\n<\/li>\n<li>Alimenta\u00e7\u00e3o el\u00e9ctrica:\n<ul>\n<li>r\u00e9seau \u00e9lectrique<\/li>\n<li>15 W<\/li>\n<li>C\u00e2ble \u00e9lectrique<\/li>\n<li>15 V<\/li>\n<li>CA<\/li>\n<\/ul>\n<\/li>\n<li>Inclut: C\u00e2ble d\u2019Alimentation<\/li>\n<li>Dimensions approx.: 29,7 x 15,2 x 15,4 cm<\/li>\n<li>Produto de encaixe: Sim<\/li>\n<li>Tipo de tomada: tomada UE<\/li>\n<li>Cor:\n<ul>\n<li>Branco<\/li>\n<li>Preto<\/li>\n<\/ul>\n<\/li>\n<li>Taille: A4<\/li>\n<li>R\u00e9solution d&#8217;image maximale: 600 x 600 dpi<\/li>\n<li>Ecr\u00e3 incorporado: N\u00e3o<\/li>\n<li>Pays \/ r\u00e9gion de fabrication: Chine<\/li>\n<li>Poids: 2,5 kg<\/li>\n<li>Conectividade: Bluetooth<\/li>\n<li>poder:\n<ul>\n<li>15 W<\/li>\n<li>11 W<\/li>\n<\/ul>\n<\/li>\n<li>Scanner: 600 x 600 dpi<\/li>\n<li>Poids approx.: 2,5 kg<\/li>\n<li>Fr\u00e9quence: 50 &#8211; 60 Hz<\/li>\n<li>Papier:\n<ul>\n<li>A4<\/li>\n<li>B5<\/li>\n<\/ul>\n<\/li>\n<li>Caract\u00e9ristiques: Scanner Double Face<\/li>\n<li>Longueur: 15 cm<\/li>\n<li>Certificado: ENERGY STAR<\/li>\n<li>Tension: 100 &#8211; 120 V<\/li>\n<li>Noyaux: 1 c\u0153ur<\/li>\n<\/ul>","protected":false},"excerpt":{"rendered":"<p>Si vous \u00eates passionn\u00e9 d&#8217;informatique et d&#8217;\u00e9lectronique, si vous \u00eates \u00e0 la pointe de la technologie et qu&#8217;aucun d\u00e9tail ne<\/p>","protected":false},"featured_media":4377210,"comment_status":"open","ping_status":"closed","template":"","meta":{"_joinchat":[]},"product_brand":[157910],"product_cat":[157516,157517,158047],"product_tag":[157514,157515],"class_list":{"0":"post-4377211","1":"product","2":"type-product","3":"status-publish","4":"has-post-thumbnail","6":"product_brand-brandp_547","7":"product_cat-informatique-electronique","8":"product_cat-informatique-peripheriques-et-consommables","9":"product_cat-scanners","10":"product_tag-tag_933","11":"product_tag-tag_1295","13":"first","14":"instock","15":"taxable","16":"shipping-taxable","17":"purchasable","18":"product-type-simple"},"yoast_head":"<!-- This site is optimized with the Yoast SEO plugin v27.2 - https:\/\/yoast.com\/product\/yoast-seo-wordpress\/ -->\n<title>Scanner Double Face Epson B11B249401 600 dpi USB 2.0 26 ppm - Tupique<\/title>\n<meta name=\"description\" content=\"Vous cherchez Scanner Double Face Epson B11B249401 600 dpi USB 2.0 26 ppm ? Achetez des produits chez Tupique. Profitez de la livraison gratuite pour obtenir Scanner Double Face Epson B11B249401 600 dpi USB 2.0 26 ppm d\u00e8s maintenant.\" \/>\n<meta name=\"robots\" content=\"index, follow, max-snippet:-1, max-image-preview:large, max-video-preview:-1\" \/>\n<link rel=\"canonical\" href=\"https:\/\/tupique.com\/pt\/produto\/scanner-double-face-epson-b11b249401-600-dpi-usb-2-0-26-ppm\/\" \/>\n<meta property=\"og:locale\" content=\"pt_PT\" \/>\n<meta property=\"og:type\" content=\"article\" \/>\n<meta property=\"og:title\" content=\"Scanner Double Face Epson B11B249401 600 dpi USB 2.0 26 ppm - Tupique\" \/>\n<meta property=\"og:description\" content=\"Vous cherchez Scanner Double Face Epson B11B249401 600 dpi USB 2.0 26 ppm ? Achetez des produits chez Tupique. Profitez de la livraison gratuite pour obtenir Scanner Double Face Epson B11B249401 600 dpi USB 2.0 26 ppm d\u00e8s maintenant.\" \/>\n<meta property=\"og:url\" content=\"https:\/\/tupique.com\/pt\/produto\/scanner-double-face-epson-b11b249401-600-dpi-usb-2-0-26-ppm\/\" \/>\n<meta property=\"og:site_name\" content=\"Tupique\" \/>\n<meta property=\"article:modified_time\" content=\"2026-04-05T00:57:46+00:00\" \/>\n<meta property=\"og:image\" content=\"https:\/\/tupique.com\/wp-content\/uploads\/2026\/04\/276644512.jpg\" \/>\n\t<meta property=\"og:image:width\" content=\"1200\" \/>\n\t<meta property=\"og:image:height\" content=\"1200\" \/>\n\t<meta property=\"og:image:type\" content=\"image\/jpeg\" \/>\n<meta name=\"twitter:card\" content=\"summary_large_image\" \/>\n<meta name=\"twitter:label1\" content=\"Tempo estimado de leitura\" \/>\n\t<meta name=\"twitter:data1\" content=\"2 minutos\" \/>\n<script type=\"application\/ld+json\" class=\"yoast-schema-graph\">{\"@context\":\"https:\/\/schema.org\",\"@graph\":[{\"@type\":\"WebPage\",\"@id\":\"https:\/\/tupique.com\/produit\/scanner-double-face-epson-b11b249401-600-dpi-usb-2-0-26-ppm\/\",\"url\":\"https:\/\/tupique.com\/produit\/scanner-double-face-epson-b11b249401-600-dpi-usb-2-0-26-ppm\/\",\"name\":\"Scanner Double Face Epson B11B249401 600 dpi USB 2.0 26 ppm - Tupique\",\"isPartOf\":{\"@id\":\"https:\/\/tupique.com\/#website\"},\"primaryImageOfPage\":{\"@id\":\"https:\/\/tupique.com\/produit\/scanner-double-face-epson-b11b249401-600-dpi-usb-2-0-26-ppm\/#primaryimage\"},\"image\":{\"@id\":\"https:\/\/tupique.com\/produit\/scanner-double-face-epson-b11b249401-600-dpi-usb-2-0-26-ppm\/#primaryimage\"},\"thumbnailUrl\":\"https:\/\/tupique.com\/wp-content\/uploads\/2026\/04\/276644512.jpg\",\"datePublished\":\"2026-04-04T06:57:23+00:00\",\"dateModified\":\"2026-04-05T00:57:46+00:00\",\"description\":\"Vous cherchez Scanner Double Face Epson B11B249401 600 dpi USB 2.0 26 ppm ? Achetez des produits chez Tupique. Profitez de la livraison gratuite pour obtenir Scanner Double Face Epson B11B249401 600 dpi USB 2.0 26 ppm d\u00e8s maintenant.\",\"breadcrumb\":{\"@id\":\"https:\/\/tupique.com\/produit\/scanner-double-face-epson-b11b249401-600-dpi-usb-2-0-26-ppm\/#breadcrumb\"},\"inLanguage\":\"pt-PT\",\"potentialAction\":[{\"@type\":\"ReadAction\",\"target\":[\"https:\/\/tupique.com\/produit\/scanner-double-face-epson-b11b249401-600-dpi-usb-2-0-26-ppm\/\"]}]},{\"@type\":\"ImageObject\",\"inLanguage\":\"pt-PT\",\"@id\":\"https:\/\/tupique.com\/produit\/scanner-double-face-epson-b11b249401-600-dpi-usb-2-0-26-ppm\/#primaryimage\",\"url\":\"https:\/\/tupique.com\/wp-content\/uploads\/2026\/04\/276644512.jpg\",\"contentUrl\":\"https:\/\/tupique.com\/wp-content\/uploads\/2026\/04\/276644512.jpg\",\"width\":1200,\"height\":1200,\"caption\":\"S55081498_0\"},{\"@type\":\"BreadcrumbList\",\"@id\":\"https:\/\/tupique.com\/produit\/scanner-double-face-epson-b11b249401-600-dpi-usb-2-0-26-ppm\/#breadcrumb\",\"itemListElement\":[{\"@type\":\"ListItem\",\"position\":1,\"name\":\"In\u00edcio\",\"item\":\"https:\/\/tupique.com\/\"},{\"@type\":\"ListItem\",\"position\":2,\"name\":\"Boutique\",\"item\":\"https:\/\/tupique.com\/en\/boutique\/\"},{\"@type\":\"ListItem\",\"position\":3,\"name\":\"Scanner Double Face Epson B11B249401 600 dpi USB 2.0 26 ppm\"}]},{\"@type\":\"WebSite\",\"@id\":\"https:\/\/tupique.com\/#website\",\"url\":\"https:\/\/tupique.com\/\",\"name\":\"Tupique\",\"description\":\"Marketplace\",\"publisher\":{\"@id\":\"https:\/\/tupique.com\/#organization\"},\"potentialAction\":[{\"@type\":\"SearchAction\",\"target\":{\"@type\":\"EntryPoint\",\"urlTemplate\":\"https:\/\/tupique.com\/?s={search_term_string}\"},\"query-input\":{\"@type\":\"PropertyValueSpecification\",\"valueRequired\":true,\"valueName\":\"search_term_string\"}}],\"inLanguage\":\"pt-PT\"},{\"@type\":\"Organization\",\"@id\":\"https:\/\/tupique.com\/#organization\",\"name\":\"Tupique\",\"url\":\"https:\/\/tupique.com\/\",\"logo\":{\"@type\":\"ImageObject\",\"inLanguage\":\"pt-PT\",\"@id\":\"https:\/\/tupique.com\/#\/schema\/logo\/image\/\",\"url\":\"https:\/\/tupique.com\/wp-content\/uploads\/2024\/09\/logo.png\",\"contentUrl\":\"https:\/\/tupique.com\/wp-content\/uploads\/2024\/09\/logo.png\",\"width\":1118,\"height\":310,\"caption\":\"Tupique\"},\"image\":{\"@id\":\"https:\/\/tupique.com\/#\/schema\/logo\/image\/\"}}]}<\/script>\n<!-- \/ Yoast SEO plugin. -->","yoast_head_json":{"title":"Scanner Double Face Epson B11B249401 600 dpi USB 2.0 26 ppm - Tupique","description":"Vous cherchez Scanner Double Face Epson B11B249401 600 dpi USB 2.0 26 ppm ? Achetez des produits chez Tupique. Profitez de la livraison gratuite pour obtenir Scanner Double Face Epson B11B249401 600 dpi USB 2.0 26 ppm d\u00e8s maintenant.","robots":{"index":"index","follow":"follow","max-snippet":"max-snippet:-1","max-image-preview":"max-image-preview:large","max-video-preview":"max-video-preview:-1"},"canonical":"https:\/\/tupique.com\/pt\/produto\/scanner-double-face-epson-b11b249401-600-dpi-usb-2-0-26-ppm\/","og_locale":"pt_PT","og_type":"article","og_title":"Scanner Double Face Epson B11B249401 600 dpi USB 2.0 26 ppm - Tupique","og_description":"Vous cherchez Scanner Double Face Epson B11B249401 600 dpi USB 2.0 26 ppm ? Achetez des produits chez Tupique. Profitez de la livraison gratuite pour obtenir Scanner Double Face Epson B11B249401 600 dpi USB 2.0 26 ppm d\u00e8s maintenant.","og_url":"https:\/\/tupique.com\/pt\/produto\/scanner-double-face-epson-b11b249401-600-dpi-usb-2-0-26-ppm\/","og_site_name":"Tupique","article_modified_time":"2026-04-05T00:57:46+00:00","og_image":[{"width":1200,"height":1200,"url":"https:\/\/tupique.com\/wp-content\/uploads\/2026\/04\/276644512.jpg","type":"image\/jpeg"}],"twitter_card":"summary_large_image","twitter_misc":{"Tempo estimado de leitura":"2 minutos"},"schema":{"@context":"https:\/\/schema.org","@graph":[{"@type":"WebPage","@id":"https:\/\/tupique.com\/produit\/scanner-double-face-epson-b11b249401-600-dpi-usb-2-0-26-ppm\/","url":"https:\/\/tupique.com\/produit\/scanner-double-face-epson-b11b249401-600-dpi-usb-2-0-26-ppm\/","name":"Scanner Double Face Epson B11B249401 600 dpi USB 2.0 26 ppm - Tupique","isPartOf":{"@id":"https:\/\/tupique.com\/#website"},"primaryImageOfPage":{"@id":"https:\/\/tupique.com\/produit\/scanner-double-face-epson-b11b249401-600-dpi-usb-2-0-26-ppm\/#primaryimage"},"image":{"@id":"https:\/\/tupique.com\/produit\/scanner-double-face-epson-b11b249401-600-dpi-usb-2-0-26-ppm\/#primaryimage"},"thumbnailUrl":"https:\/\/tupique.com\/wp-content\/uploads\/2026\/04\/276644512.jpg","datePublished":"2026-04-04T06:57:23+00:00","dateModified":"2026-04-05T00:57:46+00:00","description":"Vous cherchez Scanner Double Face Epson B11B249401 600 dpi USB 2.0 26 ppm ? Achetez des produits chez Tupique. Profitez de la livraison gratuite pour obtenir Scanner Double Face Epson B11B249401 600 dpi USB 2.0 26 ppm d\u00e8s maintenant.","breadcrumb":{"@id":"https:\/\/tupique.com\/produit\/scanner-double-face-epson-b11b249401-600-dpi-usb-2-0-26-ppm\/#breadcrumb"},"inLanguage":"pt-PT","potentialAction":[{"@type":"ReadAction","target":["https:\/\/tupique.com\/produit\/scanner-double-face-epson-b11b249401-600-dpi-usb-2-0-26-ppm\/"]}]},{"@type":"ImageObject","inLanguage":"pt-PT","@id":"https:\/\/tupique.com\/produit\/scanner-double-face-epson-b11b249401-600-dpi-usb-2-0-26-ppm\/#primaryimage","url":"https:\/\/tupique.com\/wp-content\/uploads\/2026\/04\/276644512.jpg","contentUrl":"https:\/\/tupique.com\/wp-content\/uploads\/2026\/04\/276644512.jpg","width":1200,"height":1200,"caption":"S55081498_0"},{"@type":"BreadcrumbList","@id":"https:\/\/tupique.com\/produit\/scanner-double-face-epson-b11b249401-600-dpi-usb-2-0-26-ppm\/#breadcrumb","itemListElement":[{"@type":"ListItem","position":1,"name":"In\u00edcio","item":"https:\/\/tupique.com\/"},{"@type":"ListItem","position":2,"name":"Boutique","item":"https:\/\/tupique.com\/en\/boutique\/"},{"@type":"ListItem","position":3,"name":"Scanner Double Face Epson B11B249401 600 dpi USB 2.0 26 ppm"}]},{"@type":"WebSite","@id":"https:\/\/tupique.com\/#website","url":"https:\/\/tupique.com\/","name":"Tupique","description":"Marketplace","publisher":{"@id":"https:\/\/tupique.com\/#organization"},"potentialAction":[{"@type":"SearchAction","target":{"@type":"EntryPoint","urlTemplate":"https:\/\/tupique.com\/?s={search_term_string}"},"query-input":{"@type":"PropertyValueSpecification","valueRequired":true,"valueName":"search_term_string"}}],"inLanguage":"pt-PT"},{"@type":"Organization","@id":"https:\/\/tupique.com\/#organization","name":"Tupique","url":"https:\/\/tupique.com\/","logo":{"@type":"ImageObject","inLanguage":"pt-PT","@id":"https:\/\/tupique.com\/#\/schema\/logo\/image\/","url":"https:\/\/tupique.com\/wp-content\/uploads\/2024\/09\/logo.png","contentUrl":"https:\/\/tupique.com\/wp-content\/uploads\/2024\/09\/logo.png","width":1118,"height":310,"caption":"Tupique"},"image":{"@id":"https:\/\/tupique.com\/#\/schema\/logo\/image\/"}}]}},"jetpack_sharing_enabled":true,"_links":{"self":[{"href":"https:\/\/tupique.com\/pt\/wp-json\/wp\/v2\/product\/4377211","targetHints":{"allow":["GET"]}}],"collection":[{"href":"https:\/\/tupique.com\/pt\/wp-json\/wp\/v2\/product"}],"about":[{"href":"https:\/\/tupique.com\/pt\/wp-json\/wp\/v2\/types\/product"}],"replies":[{"embeddable":true,"href":"https:\/\/tupique.com\/pt\/wp-json\/wp\/v2\/comments?post=4377211"}],"wp:featuredmedia":[{"embeddable":true,"href":"https:\/\/tupique.com\/pt\/wp-json\/wp\/v2\/media\/4377210"}],"wp:attachment":[{"href":"https:\/\/tupique.com\/pt\/wp-json\/wp\/v2\/media?parent=4377211"}],"wp:term":[{"taxonomy":"product_brand","embeddable":true,"href":"https:\/\/tupique.com\/pt\/wp-json\/wp\/v2\/product_brand?post=4377211"},{"taxonomy":"product_cat","embeddable":true,"href":"https:\/\/tupique.com\/pt\/wp-json\/wp\/v2\/product_cat?post=4377211"},{"taxonomy":"product_tag","embeddable":true,"href":"https:\/\/tupique.com\/pt\/wp-json\/wp\/v2\/product_tag?post=4377211"}],"curies":[{"name":"wp","href":"https:\/\/api.w.org\/{rel}","templated":true}]}}