{"id":4377741,"date":"2026-04-04T23:58:13","date_gmt":"2026-04-04T22:58:13","guid":{"rendered":"https:\/\/tupique.com\/produit\/hotte-standard-balay-3bc997gx-90-cm-721-m%c2%b3-h-140w-a-argente-acier\/"},"modified":"2026-04-04T23:58:13","modified_gmt":"2026-04-04T22:58:13","slug":"hotte-standard-balay-3bc997gx-90-cm-721-m%c2%b3-h-140w-a-argente-acier","status":"publish","type":"product","link":"https:\/\/tupique.com\/pt\/produto\/hotte-standard-balay-3bc997gx-90-cm-721-m%c2%b3-h-140w-a-argente-acier\/","title":{"rendered":"Hotte standard Balay 3BC997GX 90 cm 721 m\u00b3\/h 140W A+ Argent\u00e9 Acier"},"content":{"rendered":"<p>Se est\u00e1 a pensar renovar a sua cozinha, compre <b>Hotte standard Balay 3BC997GX 90 cm 721 m\u00b3\/h 140W A+ Argent\u00e9 Acier<\/b> e outros <b>produits Balay<\/b> !<\/p>\n<ul>\n<li>Tipo:\n<ul>\n<li>Paroi<\/li>\n<li>Hotte standard<\/li>\n<li>Mural<\/li>\n<\/ul>\n<\/li>\n<li>puissance: 140 W<\/li>\n<li>Volume sonore: 45 dB<\/li>\n<li>Contr\u00f4le: Tactile<\/li>\n<li>Filtres:\n<ul>\n<li>Aluminium<\/li>\n<li>Convient aux lave-vaisselles<\/li>\n<li>3<\/li>\n<\/ul>\n<\/li>\n<li>Bloc d\u2019Alimentation: r\u00e9seau \u00e9lectrique<\/li>\n<li>Longueur du c\u00e2ble:\n<ul>\n<li>1,30 m<\/li>\n<li>1,3 m<\/li>\n<\/ul>\n<\/li>\n<li>Lumi\u00e8re: Oui<\/li>\n<li>Illumination: LED<\/li>\n<li>consommation d&#8217;\u00e9nergie: 29 kWh\/annum<\/li>\n<li>Classifica\u00e7\u00e3o energ\u00e9tica:\n<ul>\n<li>A+<\/li>\n<li>A<\/li>\n<li>B<\/li>\n<\/ul>\n<\/li>\n<li>Dimensions approx.: 90 x 50 x 43,8 cm<\/li>\n<li>Tipo de instala\u00e7\u00e3o: Montagem na parede<\/li>\n<li>Largeur: 90 cm<\/li>\n<li>Produto de encaixe: Sim<\/li>\n<li>Couleur: Acier<\/li>\n<li>Tipo de tomada: tomada UE<\/li>\n<li>Carater\u00edsticas:\n<ul>\n<li>R\u00e9glable<\/li>\n<li>Commande tactile<\/li>\n<\/ul>\n<\/li>\n<li>Capacit\u00e9 d\u2019extraction: 721 m\u00b3\/h<\/li>\n<li>Filtre:\n<ul>\n<li>Aluminium<\/li>\n<li>Lavable<\/li>\n<\/ul>\n<\/li>\n<li>Motor: 1<\/li>\n<li>Type d&#8217;ampoule: LED<\/li>\n<li>Profondeur: 50 cm<\/li>\n<li>Pa\u00eds\/regi\u00e3o de fabrico: Espanha<\/li>\n<li>Mat\u00e9riel: Acier inoxydable<\/li>\n<li>Tens\u00e3o:\n<ul>\n<li>220 V<\/li>\n<li>220-240 V<\/li>\n<\/ul>\n<\/li>\n<li>Niveau sonore: 55 dB<\/li>\n<li>Frequ\u00eancia de entrada AC: 50-60 Hz<\/li>\n<li>Ecr\u00e3 incorporado: N\u00e3o<\/li>\n<\/ul>","protected":false},"excerpt":{"rendered":"<p>Si vous pensez r\u00e9nover votre cuisine, achetez Hotte standard Balay 3BC997GX 90 cm 721 m\u00b3\/h 140W A+ Argent\u00e9 Acier et<\/p>","protected":false},"featured_media":4377739,"comment_status":"open","ping_status":"closed","template":"","meta":{"_joinchat":[]},"product_brand":[158061],"product_cat":[157538,158065,158066],"product_tag":[157545],"class_list":{"0":"post-4377741","1":"product","2":"type-product","3":"status-publish","4":"has-post-thumbnail","6":"product_brand-brandp_1251","7":"product_cat-cuisine-gourmet","8":"product_cat-equipement-de-cuisine","9":"product_cat-hottes-de-cuisine","10":"product_tag-tag_930","12":"first","13":"instock","14":"taxable","15":"shipping-taxable","16":"purchasable","17":"product-type-simple"},"yoast_head":"<!-- This site is optimized with the Yoast SEO plugin v27.2 - https:\/\/yoast.com\/product\/yoast-seo-wordpress\/ -->\n<title>Hotte standard Balay 3BC997GX 90 cm 721 m\u00b3\/h 140W A+ Argent\u00e9 Acier - Tupique<\/title>\n<meta name=\"description\" content=\"Vous cherchez Hotte standard Balay 3BC997GX 90 cm 721 m\u00b3\/h 140W A+ Argent\u00e9 Acier ? Achetez des produits chez Tupique. Profitez de la livraison gratuite pour obtenir Hotte standard Balay 3BC997GX 90 cm 721 m\u00b3\/h 140W A+ Argent\u00e9 Acier d\u00e8s maintenant.\" \/>\n<meta name=\"robots\" content=\"index, follow, max-snippet:-1, max-image-preview:large, max-video-preview:-1\" \/>\n<link rel=\"canonical\" href=\"https:\/\/tupique.com\/pt\/produto\/hotte-standard-balay-3bc997gx-90-cm-721-m\u00b3-h-140w-a-argente-acier\/\" \/>\n<meta property=\"og:locale\" content=\"pt_PT\" \/>\n<meta property=\"og:type\" content=\"article\" \/>\n<meta property=\"og:title\" content=\"Hotte standard Balay 3BC997GX 90 cm 721 m\u00b3\/h 140W A+ Argent\u00e9 Acier - Tupique\" \/>\n<meta property=\"og:description\" content=\"Vous cherchez Hotte standard Balay 3BC997GX 90 cm 721 m\u00b3\/h 140W A+ Argent\u00e9 Acier ? Achetez des produits chez Tupique. Profitez de la livraison gratuite pour obtenir Hotte standard Balay 3BC997GX 90 cm 721 m\u00b3\/h 140W A+ Argent\u00e9 Acier d\u00e8s maintenant.\" \/>\n<meta property=\"og:url\" content=\"https:\/\/tupique.com\/pt\/produto\/hotte-standard-balay-3bc997gx-90-cm-721-m\u00b3-h-140w-a-argente-acier\/\" \/>\n<meta property=\"og:site_name\" content=\"Tupique\" \/>\n<meta name=\"twitter:card\" content=\"summary_large_image\" \/>\n<meta name=\"twitter:label1\" content=\"Tempo estimado de leitura\" \/>\n\t<meta name=\"twitter:data1\" content=\"1 minuto\" \/>\n<script type=\"application\/ld+json\" class=\"yoast-schema-graph\">{\"@context\":\"https:\/\/schema.org\",\"@graph\":[{\"@type\":\"WebPage\",\"@id\":\"https:\/\/tupique.com\/produit\/hotte-standard-balay-3bc997gx-90-cm-721-m%c2%b3-h-140w-a-argente-acier\/\",\"url\":\"https:\/\/tupique.com\/produit\/hotte-standard-balay-3bc997gx-90-cm-721-m%c2%b3-h-140w-a-argente-acier\/\",\"name\":\"Hotte standard Balay 3BC997GX 90 cm 721 m\u00b3\/h 140W A+ Argent\u00e9 Acier - Tupique\",\"isPartOf\":{\"@id\":\"https:\/\/tupique.com\/#website\"},\"primaryImageOfPage\":{\"@id\":\"https:\/\/tupique.com\/produit\/hotte-standard-balay-3bc997gx-90-cm-721-m%c2%b3-h-140w-a-argente-acier\/#primaryimage\"},\"image\":{\"@id\":\"https:\/\/tupique.com\/produit\/hotte-standard-balay-3bc997gx-90-cm-721-m%c2%b3-h-140w-a-argente-acier\/#primaryimage\"},\"thumbnailUrl\":\"https:\/\/tupique.com\/wp-content\/uploads\/2026\/04\/4242006282974_0_P02.jpg\",\"datePublished\":\"2026-04-04T22:58:13+00:00\",\"description\":\"Vous cherchez Hotte standard Balay 3BC997GX 90 cm 721 m\u00b3\/h 140W A+ Argent\u00e9 Acier ? Achetez des produits chez Tupique. Profitez de la livraison gratuite pour obtenir Hotte standard Balay 3BC997GX 90 cm 721 m\u00b3\/h 140W A+ Argent\u00e9 Acier d\u00e8s maintenant.\",\"breadcrumb\":{\"@id\":\"https:\/\/tupique.com\/produit\/hotte-standard-balay-3bc997gx-90-cm-721-m%c2%b3-h-140w-a-argente-acier\/#breadcrumb\"},\"inLanguage\":\"pt-PT\",\"potentialAction\":[{\"@type\":\"ReadAction\",\"target\":[\"https:\/\/tupique.com\/produit\/hotte-standard-balay-3bc997gx-90-cm-721-m%c2%b3-h-140w-a-argente-acier\/\"]}]},{\"@type\":\"ImageObject\",\"inLanguage\":\"pt-PT\",\"@id\":\"https:\/\/tupique.com\/produit\/hotte-standard-balay-3bc997gx-90-cm-721-m%c2%b3-h-140w-a-argente-acier\/#primaryimage\",\"url\":\"https:\/\/tupique.com\/wp-content\/uploads\/2026\/04\/4242006282974_0_P02.jpg\",\"contentUrl\":\"https:\/\/tupique.com\/wp-content\/uploads\/2026\/04\/4242006282974_0_P02.jpg\",\"width\":1200,\"height\":1200,\"caption\":\"S0422314_0\"},{\"@type\":\"BreadcrumbList\",\"@id\":\"https:\/\/tupique.com\/produit\/hotte-standard-balay-3bc997gx-90-cm-721-m%c2%b3-h-140w-a-argente-acier\/#breadcrumb\",\"itemListElement\":[{\"@type\":\"ListItem\",\"position\":1,\"name\":\"In\u00edcio\",\"item\":\"https:\/\/tupique.com\/\"},{\"@type\":\"ListItem\",\"position\":2,\"name\":\"Boutique\",\"item\":\"https:\/\/tupique.com\/en\/boutique\/\"},{\"@type\":\"ListItem\",\"position\":3,\"name\":\"Hotte standard Balay 3BC997GX 90 cm 721 m\u00b3\/h 140W A+ Argent\u00e9 Acier\"}]},{\"@type\":\"WebSite\",\"@id\":\"https:\/\/tupique.com\/#website\",\"url\":\"https:\/\/tupique.com\/\",\"name\":\"Tupique\",\"description\":\"Marketplace\",\"publisher\":{\"@id\":\"https:\/\/tupique.com\/#organization\"},\"potentialAction\":[{\"@type\":\"SearchAction\",\"target\":{\"@type\":\"EntryPoint\",\"urlTemplate\":\"https:\/\/tupique.com\/?s={search_term_string}\"},\"query-input\":{\"@type\":\"PropertyValueSpecification\",\"valueRequired\":true,\"valueName\":\"search_term_string\"}}],\"inLanguage\":\"pt-PT\"},{\"@type\":\"Organization\",\"@id\":\"https:\/\/tupique.com\/#organization\",\"name\":\"Tupique\",\"url\":\"https:\/\/tupique.com\/\",\"logo\":{\"@type\":\"ImageObject\",\"inLanguage\":\"pt-PT\",\"@id\":\"https:\/\/tupique.com\/#\/schema\/logo\/image\/\",\"url\":\"https:\/\/tupique.com\/wp-content\/uploads\/2024\/09\/logo.png\",\"contentUrl\":\"https:\/\/tupique.com\/wp-content\/uploads\/2024\/09\/logo.png\",\"width\":1118,\"height\":310,\"caption\":\"Tupique\"},\"image\":{\"@id\":\"https:\/\/tupique.com\/#\/schema\/logo\/image\/\"}}]}<\/script>\n<!-- \/ Yoast SEO plugin. -->","yoast_head_json":{"title":"Hotte standard Balay 3BC997GX 90 cm 721 m\u00b3\/h 140W A+ Argent\u00e9 Acier - Tupique","description":"Vous cherchez Hotte standard Balay 3BC997GX 90 cm 721 m\u00b3\/h 140W A+ Argent\u00e9 Acier ? Achetez des produits chez Tupique. Profitez de la livraison gratuite pour obtenir Hotte standard Balay 3BC997GX 90 cm 721 m\u00b3\/h 140W A+ Argent\u00e9 Acier d\u00e8s maintenant.","robots":{"index":"index","follow":"follow","max-snippet":"max-snippet:-1","max-image-preview":"max-image-preview:large","max-video-preview":"max-video-preview:-1"},"canonical":"https:\/\/tupique.com\/pt\/produto\/hotte-standard-balay-3bc997gx-90-cm-721-m\u00b3-h-140w-a-argente-acier\/","og_locale":"pt_PT","og_type":"article","og_title":"Hotte standard Balay 3BC997GX 90 cm 721 m\u00b3\/h 140W A+ Argent\u00e9 Acier - Tupique","og_description":"Vous cherchez Hotte standard Balay 3BC997GX 90 cm 721 m\u00b3\/h 140W A+ Argent\u00e9 Acier ? Achetez des produits chez Tupique. Profitez de la livraison gratuite pour obtenir Hotte standard Balay 3BC997GX 90 cm 721 m\u00b3\/h 140W A+ Argent\u00e9 Acier d\u00e8s maintenant.","og_url":"https:\/\/tupique.com\/pt\/produto\/hotte-standard-balay-3bc997gx-90-cm-721-m\u00b3-h-140w-a-argente-acier\/","og_site_name":"Tupique","twitter_card":"summary_large_image","twitter_misc":{"Tempo estimado de leitura":"1 minuto"},"schema":{"@context":"https:\/\/schema.org","@graph":[{"@type":"WebPage","@id":"https:\/\/tupique.com\/produit\/hotte-standard-balay-3bc997gx-90-cm-721-m%c2%b3-h-140w-a-argente-acier\/","url":"https:\/\/tupique.com\/produit\/hotte-standard-balay-3bc997gx-90-cm-721-m%c2%b3-h-140w-a-argente-acier\/","name":"Hotte standard Balay 3BC997GX 90 cm 721 m\u00b3\/h 140W A+ Argent\u00e9 Acier - Tupique","isPartOf":{"@id":"https:\/\/tupique.com\/#website"},"primaryImageOfPage":{"@id":"https:\/\/tupique.com\/produit\/hotte-standard-balay-3bc997gx-90-cm-721-m%c2%b3-h-140w-a-argente-acier\/#primaryimage"},"image":{"@id":"https:\/\/tupique.com\/produit\/hotte-standard-balay-3bc997gx-90-cm-721-m%c2%b3-h-140w-a-argente-acier\/#primaryimage"},"thumbnailUrl":"https:\/\/tupique.com\/wp-content\/uploads\/2026\/04\/4242006282974_0_P02.jpg","datePublished":"2026-04-04T22:58:13+00:00","description":"Vous cherchez Hotte standard Balay 3BC997GX 90 cm 721 m\u00b3\/h 140W A+ Argent\u00e9 Acier ? Achetez des produits chez Tupique. Profitez de la livraison gratuite pour obtenir Hotte standard Balay 3BC997GX 90 cm 721 m\u00b3\/h 140W A+ Argent\u00e9 Acier d\u00e8s maintenant.","breadcrumb":{"@id":"https:\/\/tupique.com\/produit\/hotte-standard-balay-3bc997gx-90-cm-721-m%c2%b3-h-140w-a-argente-acier\/#breadcrumb"},"inLanguage":"pt-PT","potentialAction":[{"@type":"ReadAction","target":["https:\/\/tupique.com\/produit\/hotte-standard-balay-3bc997gx-90-cm-721-m%c2%b3-h-140w-a-argente-acier\/"]}]},{"@type":"ImageObject","inLanguage":"pt-PT","@id":"https:\/\/tupique.com\/produit\/hotte-standard-balay-3bc997gx-90-cm-721-m%c2%b3-h-140w-a-argente-acier\/#primaryimage","url":"https:\/\/tupique.com\/wp-content\/uploads\/2026\/04\/4242006282974_0_P02.jpg","contentUrl":"https:\/\/tupique.com\/wp-content\/uploads\/2026\/04\/4242006282974_0_P02.jpg","width":1200,"height":1200,"caption":"S0422314_0"},{"@type":"BreadcrumbList","@id":"https:\/\/tupique.com\/produit\/hotte-standard-balay-3bc997gx-90-cm-721-m%c2%b3-h-140w-a-argente-acier\/#breadcrumb","itemListElement":[{"@type":"ListItem","position":1,"name":"In\u00edcio","item":"https:\/\/tupique.com\/"},{"@type":"ListItem","position":2,"name":"Boutique","item":"https:\/\/tupique.com\/en\/boutique\/"},{"@type":"ListItem","position":3,"name":"Hotte standard Balay 3BC997GX 90 cm 721 m\u00b3\/h 140W A+ Argent\u00e9 Acier"}]},{"@type":"WebSite","@id":"https:\/\/tupique.com\/#website","url":"https:\/\/tupique.com\/","name":"Tupique","description":"Marketplace","publisher":{"@id":"https:\/\/tupique.com\/#organization"},"potentialAction":[{"@type":"SearchAction","target":{"@type":"EntryPoint","urlTemplate":"https:\/\/tupique.com\/?s={search_term_string}"},"query-input":{"@type":"PropertyValueSpecification","valueRequired":true,"valueName":"search_term_string"}}],"inLanguage":"pt-PT"},{"@type":"Organization","@id":"https:\/\/tupique.com\/#organization","name":"Tupique","url":"https:\/\/tupique.com\/","logo":{"@type":"ImageObject","inLanguage":"pt-PT","@id":"https:\/\/tupique.com\/#\/schema\/logo\/image\/","url":"https:\/\/tupique.com\/wp-content\/uploads\/2024\/09\/logo.png","contentUrl":"https:\/\/tupique.com\/wp-content\/uploads\/2024\/09\/logo.png","width":1118,"height":310,"caption":"Tupique"},"image":{"@id":"https:\/\/tupique.com\/#\/schema\/logo\/image\/"}}]}},"jetpack_sharing_enabled":true,"_links":{"self":[{"href":"https:\/\/tupique.com\/pt\/wp-json\/wp\/v2\/product\/4377741","targetHints":{"allow":["GET"]}}],"collection":[{"href":"https:\/\/tupique.com\/pt\/wp-json\/wp\/v2\/product"}],"about":[{"href":"https:\/\/tupique.com\/pt\/wp-json\/wp\/v2\/types\/product"}],"replies":[{"embeddable":true,"href":"https:\/\/tupique.com\/pt\/wp-json\/wp\/v2\/comments?post=4377741"}],"wp:featuredmedia":[{"embeddable":true,"href":"https:\/\/tupique.com\/pt\/wp-json\/wp\/v2\/media\/4377739"}],"wp:attachment":[{"href":"https:\/\/tupique.com\/pt\/wp-json\/wp\/v2\/media?parent=4377741"}],"wp:term":[{"taxonomy":"product_brand","embeddable":true,"href":"https:\/\/tupique.com\/pt\/wp-json\/wp\/v2\/product_brand?post=4377741"},{"taxonomy":"product_cat","embeddable":true,"href":"https:\/\/tupique.com\/pt\/wp-json\/wp\/v2\/product_cat?post=4377741"},{"taxonomy":"product_tag","embeddable":true,"href":"https:\/\/tupique.com\/pt\/wp-json\/wp\/v2\/product_tag?post=4377741"}],"curies":[{"name":"wp","href":"https:\/\/api.w.org\/{rel}","templated":true}]}}