{"id":4377801,"date":"2026-04-04T23:59:23","date_gmt":"2026-04-04T22:59:23","guid":{"rendered":"https:\/\/tupique.com\/produit\/plaque-a-induction-teka-izf-32400-msp-30-cm\/"},"modified":"2026-04-05T02:01:01","modified_gmt":"2026-04-05T01:01:01","slug":"plaque-a-induction-teka-izf-32400-msp-30-cm","status":"publish","type":"product","link":"https:\/\/tupique.com\/pt\/produto\/plaque-a-induction-teka-izf-32400-msp-30-cm\/","title":{"rendered":"Plaque \u00e0 Induction Teka IZF 32400 MSP 30 cm"},"content":{"rendered":"<p>Se est\u00e1 a pensar renovar a sua cozinha, compre <b>Plaque \u00e0 Induction Teka IZF 32400 MSP 30 cm<\/b> e outros <b>Produtos Teka<\/b> !<\/p>\n<ul>\n<li>Cor: preto<\/li>\n<li>Zones de cuisson: 2<\/li>\n<li>Carater\u00edsticas:\n<ul>\n<li>Commande tactile<\/li>\n<li>9 niveaux<\/li>\n<li>R\u00e9gulateur<\/li>\n<\/ul>\n<\/li>\n<li>Arr\u00eat Automatique: Oui<\/li>\n<li>Largeur: 30 cm<\/li>\n<li>puissance: 2200 W<\/li>\n<li>Frequ\u00eancia:\n<ul>\n<li>50-60 Hz<\/li>\n<li>50 &#8211; 60 Hz<\/li>\n<\/ul>\n<\/li>\n<li>Mat\u00e9riel: verre<\/li>\n<li>Tens\u00e3o: 220-240 V<\/li>\n<li>Produto de encaixe: Sim<\/li>\n<li>Tipo de tomada: tomada UE<\/li>\n<li>Tipo:\n<ul>\n<li>Plaque \u00e0 Induction<\/li>\n<li>Int\u00e9gr\u00e9<\/li>\n<\/ul>\n<\/li>\n<li>Forma: Retangular<\/li>\n<li>Fonte de alimenta\u00e7\u00e3o: Bateria<\/li>\n<li>Fonction: Minuterie<\/li>\n<li>Type de commande: Tactile<\/li>\n<li>Fonctions: Fonction garder au chaud<\/li>\n<\/ul>","protected":false},"excerpt":{"rendered":"<p>Si vous pensez r\u00e9nover votre cuisine, achetez Plaque \u00e0 Induction Teka IZF 32400 MSP 30 cm et d\u00b4autres produits Teka<\/p>","protected":false},"featured_media":4377800,"comment_status":"open","ping_status":"closed","template":"","meta":{"_joinchat":[]},"product_brand":[158071],"product_cat":[157538,157539,157549],"product_tag":[157544,157545],"class_list":{"0":"post-4377801","1":"product","2":"type-product","3":"status-publish","4":"has-post-thumbnail","6":"product_brand-brandp_1172","7":"product_cat-cuisine-gourmet","8":"product_cat-petit-electromenager","9":"product_cat-plaques-de-cuisson","10":"product_tag-tag_926","11":"product_tag-tag_930","13":"first","14":"instock","15":"taxable","16":"shipping-taxable","17":"purchasable","18":"product-type-simple"},"yoast_head":"<!-- This site is optimized with the Yoast SEO plugin v27.2 - https:\/\/yoast.com\/product\/yoast-seo-wordpress\/ -->\n<title>Plaque \u00e0 Induction Teka IZF 32400 MSP 30 cm - Tupique<\/title>\n<meta name=\"description\" content=\"Vous cherchez Plaque \u00e0 Induction Teka IZF 32400 MSP 30 cm ? Achetez des produits chez Tupique. Profitez de la livraison gratuite pour obtenir Plaque \u00e0 Induction Teka IZF 32400 MSP 30 cm d\u00e8s maintenant.\" \/>\n<meta name=\"robots\" content=\"index, follow, max-snippet:-1, max-image-preview:large, max-video-preview:-1\" \/>\n<link rel=\"canonical\" href=\"https:\/\/tupique.com\/pt\/produto\/plaque-a-induction-teka-izf-32400-msp-30-cm\/\" \/>\n<meta property=\"og:locale\" content=\"pt_PT\" \/>\n<meta property=\"og:type\" content=\"article\" \/>\n<meta property=\"og:title\" content=\"Plaque \u00e0 Induction Teka IZF 32400 MSP 30 cm - Tupique\" \/>\n<meta property=\"og:description\" content=\"Vous cherchez Plaque \u00e0 Induction Teka IZF 32400 MSP 30 cm ? Achetez des produits chez Tupique. Profitez de la livraison gratuite pour obtenir Plaque \u00e0 Induction Teka IZF 32400 MSP 30 cm d\u00e8s maintenant.\" \/>\n<meta property=\"og:url\" content=\"https:\/\/tupique.com\/pt\/produto\/plaque-a-induction-teka-izf-32400-msp-30-cm\/\" \/>\n<meta property=\"og:site_name\" content=\"Tupique\" \/>\n<meta property=\"article:modified_time\" content=\"2026-04-05T01:01:01+00:00\" \/>\n<meta name=\"twitter:card\" content=\"summary_large_image\" \/>\n<script type=\"application\/ld+json\" class=\"yoast-schema-graph\">{\"@context\":\"https:\/\/schema.org\",\"@graph\":[{\"@type\":\"WebPage\",\"@id\":\"https:\/\/tupique.com\/produit\/plaque-a-induction-teka-izf-32400-msp-30-cm\/\",\"url\":\"https:\/\/tupique.com\/produit\/plaque-a-induction-teka-izf-32400-msp-30-cm\/\",\"name\":\"Plaque \u00e0 Induction Teka IZF 32400 MSP 30 cm - Tupique\",\"isPartOf\":{\"@id\":\"https:\/\/tupique.com\/#website\"},\"primaryImageOfPage\":{\"@id\":\"https:\/\/tupique.com\/produit\/plaque-a-induction-teka-izf-32400-msp-30-cm\/#primaryimage\"},\"image\":{\"@id\":\"https:\/\/tupique.com\/produit\/plaque-a-induction-teka-izf-32400-msp-30-cm\/#primaryimage\"},\"thumbnailUrl\":\"https:\/\/tupique.com\/wp-content\/uploads\/2026\/04\/8434778012002_s04_p04.jpg\",\"datePublished\":\"2026-04-04T22:59:23+00:00\",\"dateModified\":\"2026-04-05T01:01:01+00:00\",\"description\":\"Vous cherchez Plaque \u00e0 Induction Teka IZF 32400 MSP 30 cm ? Achetez des produits chez Tupique. Profitez de la livraison gratuite pour obtenir Plaque \u00e0 Induction Teka IZF 32400 MSP 30 cm d\u00e8s maintenant.\",\"breadcrumb\":{\"@id\":\"https:\/\/tupique.com\/produit\/plaque-a-induction-teka-izf-32400-msp-30-cm\/#breadcrumb\"},\"inLanguage\":\"pt-PT\",\"potentialAction\":[{\"@type\":\"ReadAction\",\"target\":[\"https:\/\/tupique.com\/produit\/plaque-a-induction-teka-izf-32400-msp-30-cm\/\"]}]},{\"@type\":\"ImageObject\",\"inLanguage\":\"pt-PT\",\"@id\":\"https:\/\/tupique.com\/produit\/plaque-a-induction-teka-izf-32400-msp-30-cm\/#primaryimage\",\"url\":\"https:\/\/tupique.com\/wp-content\/uploads\/2026\/04\/8434778012002_s04_p04.jpg\",\"contentUrl\":\"https:\/\/tupique.com\/wp-content\/uploads\/2026\/04\/8434778012002_s04_p04.jpg\",\"width\":1200,\"height\":1200,\"caption\":\"S0434013_0\"},{\"@type\":\"BreadcrumbList\",\"@id\":\"https:\/\/tupique.com\/produit\/plaque-a-induction-teka-izf-32400-msp-30-cm\/#breadcrumb\",\"itemListElement\":[{\"@type\":\"ListItem\",\"position\":1,\"name\":\"In\u00edcio\",\"item\":\"https:\/\/tupique.com\/\"},{\"@type\":\"ListItem\",\"position\":2,\"name\":\"Boutique\",\"item\":\"https:\/\/tupique.com\/en\/boutique\/\"},{\"@type\":\"ListItem\",\"position\":3,\"name\":\"Plaque \u00e0 Induction Teka IZF 32400 MSP 30 cm\"}]},{\"@type\":\"WebSite\",\"@id\":\"https:\/\/tupique.com\/#website\",\"url\":\"https:\/\/tupique.com\/\",\"name\":\"Tupique\",\"description\":\"Marketplace\",\"publisher\":{\"@id\":\"https:\/\/tupique.com\/#organization\"},\"potentialAction\":[{\"@type\":\"SearchAction\",\"target\":{\"@type\":\"EntryPoint\",\"urlTemplate\":\"https:\/\/tupique.com\/?s={search_term_string}\"},\"query-input\":{\"@type\":\"PropertyValueSpecification\",\"valueRequired\":true,\"valueName\":\"search_term_string\"}}],\"inLanguage\":\"pt-PT\"},{\"@type\":\"Organization\",\"@id\":\"https:\/\/tupique.com\/#organization\",\"name\":\"Tupique\",\"url\":\"https:\/\/tupique.com\/\",\"logo\":{\"@type\":\"ImageObject\",\"inLanguage\":\"pt-PT\",\"@id\":\"https:\/\/tupique.com\/#\/schema\/logo\/image\/\",\"url\":\"https:\/\/tupique.com\/wp-content\/uploads\/2024\/09\/logo.png\",\"contentUrl\":\"https:\/\/tupique.com\/wp-content\/uploads\/2024\/09\/logo.png\",\"width\":1118,\"height\":310,\"caption\":\"Tupique\"},\"image\":{\"@id\":\"https:\/\/tupique.com\/#\/schema\/logo\/image\/\"}}]}<\/script>\n<!-- \/ Yoast SEO plugin. -->","yoast_head_json":{"title":"Plaque \u00e0 Induction Teka IZF 32400 MSP 30 cm - Tupique","description":"Vous cherchez Plaque \u00e0 Induction Teka IZF 32400 MSP 30 cm ? Achetez des produits chez Tupique. Profitez de la livraison gratuite pour obtenir Plaque \u00e0 Induction Teka IZF 32400 MSP 30 cm d\u00e8s maintenant.","robots":{"index":"index","follow":"follow","max-snippet":"max-snippet:-1","max-image-preview":"max-image-preview:large","max-video-preview":"max-video-preview:-1"},"canonical":"https:\/\/tupique.com\/pt\/produto\/plaque-a-induction-teka-izf-32400-msp-30-cm\/","og_locale":"pt_PT","og_type":"article","og_title":"Plaque \u00e0 Induction Teka IZF 32400 MSP 30 cm - Tupique","og_description":"Vous cherchez Plaque \u00e0 Induction Teka IZF 32400 MSP 30 cm ? Achetez des produits chez Tupique. Profitez de la livraison gratuite pour obtenir Plaque \u00e0 Induction Teka IZF 32400 MSP 30 cm d\u00e8s maintenant.","og_url":"https:\/\/tupique.com\/pt\/produto\/plaque-a-induction-teka-izf-32400-msp-30-cm\/","og_site_name":"Tupique","article_modified_time":"2026-04-05T01:01:01+00:00","twitter_card":"summary_large_image","schema":{"@context":"https:\/\/schema.org","@graph":[{"@type":"WebPage","@id":"https:\/\/tupique.com\/produit\/plaque-a-induction-teka-izf-32400-msp-30-cm\/","url":"https:\/\/tupique.com\/produit\/plaque-a-induction-teka-izf-32400-msp-30-cm\/","name":"Plaque \u00e0 Induction Teka IZF 32400 MSP 30 cm - Tupique","isPartOf":{"@id":"https:\/\/tupique.com\/#website"},"primaryImageOfPage":{"@id":"https:\/\/tupique.com\/produit\/plaque-a-induction-teka-izf-32400-msp-30-cm\/#primaryimage"},"image":{"@id":"https:\/\/tupique.com\/produit\/plaque-a-induction-teka-izf-32400-msp-30-cm\/#primaryimage"},"thumbnailUrl":"https:\/\/tupique.com\/wp-content\/uploads\/2026\/04\/8434778012002_s04_p04.jpg","datePublished":"2026-04-04T22:59:23+00:00","dateModified":"2026-04-05T01:01:01+00:00","description":"Vous cherchez Plaque \u00e0 Induction Teka IZF 32400 MSP 30 cm ? Achetez des produits chez Tupique. Profitez de la livraison gratuite pour obtenir Plaque \u00e0 Induction Teka IZF 32400 MSP 30 cm d\u00e8s maintenant.","breadcrumb":{"@id":"https:\/\/tupique.com\/produit\/plaque-a-induction-teka-izf-32400-msp-30-cm\/#breadcrumb"},"inLanguage":"pt-PT","potentialAction":[{"@type":"ReadAction","target":["https:\/\/tupique.com\/produit\/plaque-a-induction-teka-izf-32400-msp-30-cm\/"]}]},{"@type":"ImageObject","inLanguage":"pt-PT","@id":"https:\/\/tupique.com\/produit\/plaque-a-induction-teka-izf-32400-msp-30-cm\/#primaryimage","url":"https:\/\/tupique.com\/wp-content\/uploads\/2026\/04\/8434778012002_s04_p04.jpg","contentUrl":"https:\/\/tupique.com\/wp-content\/uploads\/2026\/04\/8434778012002_s04_p04.jpg","width":1200,"height":1200,"caption":"S0434013_0"},{"@type":"BreadcrumbList","@id":"https:\/\/tupique.com\/produit\/plaque-a-induction-teka-izf-32400-msp-30-cm\/#breadcrumb","itemListElement":[{"@type":"ListItem","position":1,"name":"In\u00edcio","item":"https:\/\/tupique.com\/"},{"@type":"ListItem","position":2,"name":"Boutique","item":"https:\/\/tupique.com\/en\/boutique\/"},{"@type":"ListItem","position":3,"name":"Plaque \u00e0 Induction Teka IZF 32400 MSP 30 cm"}]},{"@type":"WebSite","@id":"https:\/\/tupique.com\/#website","url":"https:\/\/tupique.com\/","name":"Tupique","description":"Marketplace","publisher":{"@id":"https:\/\/tupique.com\/#organization"},"potentialAction":[{"@type":"SearchAction","target":{"@type":"EntryPoint","urlTemplate":"https:\/\/tupique.com\/?s={search_term_string}"},"query-input":{"@type":"PropertyValueSpecification","valueRequired":true,"valueName":"search_term_string"}}],"inLanguage":"pt-PT"},{"@type":"Organization","@id":"https:\/\/tupique.com\/#organization","name":"Tupique","url":"https:\/\/tupique.com\/","logo":{"@type":"ImageObject","inLanguage":"pt-PT","@id":"https:\/\/tupique.com\/#\/schema\/logo\/image\/","url":"https:\/\/tupique.com\/wp-content\/uploads\/2024\/09\/logo.png","contentUrl":"https:\/\/tupique.com\/wp-content\/uploads\/2024\/09\/logo.png","width":1118,"height":310,"caption":"Tupique"},"image":{"@id":"https:\/\/tupique.com\/#\/schema\/logo\/image\/"}}]}},"jetpack_sharing_enabled":true,"_links":{"self":[{"href":"https:\/\/tupique.com\/pt\/wp-json\/wp\/v2\/product\/4377801","targetHints":{"allow":["GET"]}}],"collection":[{"href":"https:\/\/tupique.com\/pt\/wp-json\/wp\/v2\/product"}],"about":[{"href":"https:\/\/tupique.com\/pt\/wp-json\/wp\/v2\/types\/product"}],"replies":[{"embeddable":true,"href":"https:\/\/tupique.com\/pt\/wp-json\/wp\/v2\/comments?post=4377801"}],"wp:featuredmedia":[{"embeddable":true,"href":"https:\/\/tupique.com\/pt\/wp-json\/wp\/v2\/media\/4377800"}],"wp:attachment":[{"href":"https:\/\/tupique.com\/pt\/wp-json\/wp\/v2\/media?parent=4377801"}],"wp:term":[{"taxonomy":"product_brand","embeddable":true,"href":"https:\/\/tupique.com\/pt\/wp-json\/wp\/v2\/product_brand?post=4377801"},{"taxonomy":"product_cat","embeddable":true,"href":"https:\/\/tupique.com\/pt\/wp-json\/wp\/v2\/product_cat?post=4377801"},{"taxonomy":"product_tag","embeddable":true,"href":"https:\/\/tupique.com\/pt\/wp-json\/wp\/v2\/product_tag?post=4377801"}],"curies":[{"name":"wp","href":"https:\/\/api.w.org\/{rel}","templated":true}]}}