{"id":4377942,"date":"2026-04-05T00:55:36","date_gmt":"2026-04-04T23:55:36","guid":{"rendered":"https:\/\/tupique.com\/produit\/evier-simple-teka-forsquare-50-40-tg-60-cm\/"},"modified":"2026-04-05T00:55:36","modified_gmt":"2026-04-04T23:55:36","slug":"evier-simple-teka-forsquare-50-40-tg-60-cm","status":"publish","type":"product","link":"https:\/\/tupique.com\/pt\/produto\/evier-simple-teka-forsquare-50-40-tg-60-cm\/","title":{"rendered":"\u00c9vier simple Teka FORSQUARE 50 40 TG (60 cm)"},"content":{"rendered":"<p>Se est\u00e1 a pensar renovar a sua cozinha, compre <b>\u00c9vier simple Teka FORSQUARE 50 40 TG (60 cm)<\/b> e outros <b>Produtos Teka<\/b> !<\/p>\n<ul>\n<li>Cor: preto<\/li>\n<li>Largura: 60 cm<\/li>\n<\/ul>","protected":false},"excerpt":{"rendered":"<p>Si vous pensez r\u00e9nover votre cuisine, achetez \u00c9vier simple Teka FORSQUARE 50 40 TG (60 cm) et d\u00b4autres produits Teka<\/p>","protected":false},"featured_media":4377939,"comment_status":"open","ping_status":"closed","template":"","meta":{"_joinchat":[]},"product_brand":[158071],"product_cat":[157538,158065,158080],"product_tag":[157531],"class_list":{"0":"post-4377942","1":"product","2":"type-product","3":"status-publish","4":"has-post-thumbnail","6":"product_brand-brandp_1172","7":"product_cat-cuisine-gourmet","8":"product_cat-equipement-de-cuisine","9":"product_cat-eviers","10":"product_tag-tag_25","12":"first","13":"instock","14":"taxable","15":"shipping-taxable","16":"purchasable","17":"product-type-simple"},"yoast_head":"<!-- This site is optimized with the Yoast SEO plugin v27.2 - https:\/\/yoast.com\/product\/yoast-seo-wordpress\/ -->\n<title>\u00c9vier simple Teka FORSQUARE 50 40 TG (60 cm) - Tupique<\/title>\n<meta name=\"description\" content=\"Vous cherchez \u00c9vier simple Teka FORSQUARE 50 40 TG (60 cm) ? Achetez des produits chez Tupique. Profitez de la livraison gratuite pour obtenir \u00c9vier simple Teka FORSQUARE 50 40 TG (60 cm) d\u00e8s maintenant.\" \/>\n<meta name=\"robots\" content=\"index, follow, max-snippet:-1, max-image-preview:large, max-video-preview:-1\" \/>\n<link rel=\"canonical\" href=\"https:\/\/tupique.com\/pt\/produto\/evier-simple-teka-forsquare-50-40-tg-60-cm\/\" \/>\n<meta property=\"og:locale\" content=\"pt_PT\" \/>\n<meta property=\"og:type\" content=\"article\" \/>\n<meta property=\"og:title\" content=\"\u00c9vier simple Teka FORSQUARE 50 40 TG (60 cm) - Tupique\" \/>\n<meta property=\"og:description\" content=\"Vous cherchez \u00c9vier simple Teka FORSQUARE 50 40 TG (60 cm) ? Achetez des produits chez Tupique. Profitez de la livraison gratuite pour obtenir \u00c9vier simple Teka FORSQUARE 50 40 TG (60 cm) d\u00e8s maintenant.\" \/>\n<meta property=\"og:url\" content=\"https:\/\/tupique.com\/pt\/produto\/evier-simple-teka-forsquare-50-40-tg-60-cm\/\" \/>\n<meta property=\"og:site_name\" content=\"Tupique\" \/>\n<meta name=\"twitter:card\" content=\"summary_large_image\" \/>\n<script type=\"application\/ld+json\" class=\"yoast-schema-graph\">{\"@context\":\"https:\/\/schema.org\",\"@graph\":[{\"@type\":\"WebPage\",\"@id\":\"https:\/\/tupique.com\/produit\/evier-simple-teka-forsquare-50-40-tg-60-cm\/\",\"url\":\"https:\/\/tupique.com\/produit\/evier-simple-teka-forsquare-50-40-tg-60-cm\/\",\"name\":\"\u00c9vier simple Teka FORSQUARE 50 40 TG (60 cm) - Tupique\",\"isPartOf\":{\"@id\":\"https:\/\/tupique.com\/#website\"},\"primaryImageOfPage\":{\"@id\":\"https:\/\/tupique.com\/produit\/evier-simple-teka-forsquare-50-40-tg-60-cm\/#primaryimage\"},\"image\":{\"@id\":\"https:\/\/tupique.com\/produit\/evier-simple-teka-forsquare-50-40-tg-60-cm\/#primaryimage\"},\"thumbnailUrl\":\"https:\/\/tupique.com\/wp-content\/uploads\/2026\/04\/8434778007084_A0-v_11.jpg\",\"datePublished\":\"2026-04-04T23:55:36+00:00\",\"description\":\"Vous cherchez \u00c9vier simple Teka FORSQUARE 50 40 TG (60 cm) ? Achetez des produits chez Tupique. Profitez de la livraison gratuite pour obtenir \u00c9vier simple Teka FORSQUARE 50 40 TG (60 cm) d\u00e8s maintenant.\",\"breadcrumb\":{\"@id\":\"https:\/\/tupique.com\/produit\/evier-simple-teka-forsquare-50-40-tg-60-cm\/#breadcrumb\"},\"inLanguage\":\"pt-PT\",\"potentialAction\":[{\"@type\":\"ReadAction\",\"target\":[\"https:\/\/tupique.com\/produit\/evier-simple-teka-forsquare-50-40-tg-60-cm\/\"]}]},{\"@type\":\"ImageObject\",\"inLanguage\":\"pt-PT\",\"@id\":\"https:\/\/tupique.com\/produit\/evier-simple-teka-forsquare-50-40-tg-60-cm\/#primaryimage\",\"url\":\"https:\/\/tupique.com\/wp-content\/uploads\/2026\/04\/8434778007084_A0-v_11.jpg\",\"contentUrl\":\"https:\/\/tupique.com\/wp-content\/uploads\/2026\/04\/8434778007084_A0-v_11.jpg\",\"width\":1200,\"height\":1200,\"caption\":\"S0426496_0\"},{\"@type\":\"BreadcrumbList\",\"@id\":\"https:\/\/tupique.com\/produit\/evier-simple-teka-forsquare-50-40-tg-60-cm\/#breadcrumb\",\"itemListElement\":[{\"@type\":\"ListItem\",\"position\":1,\"name\":\"In\u00edcio\",\"item\":\"https:\/\/tupique.com\/\"},{\"@type\":\"ListItem\",\"position\":2,\"name\":\"Boutique\",\"item\":\"https:\/\/tupique.com\/en\/boutique\/\"},{\"@type\":\"ListItem\",\"position\":3,\"name\":\"\u00c9vier simple Teka FORSQUARE 50 40 TG (60 cm)\"}]},{\"@type\":\"WebSite\",\"@id\":\"https:\/\/tupique.com\/#website\",\"url\":\"https:\/\/tupique.com\/\",\"name\":\"Tupique\",\"description\":\"Marketplace\",\"publisher\":{\"@id\":\"https:\/\/tupique.com\/#organization\"},\"potentialAction\":[{\"@type\":\"SearchAction\",\"target\":{\"@type\":\"EntryPoint\",\"urlTemplate\":\"https:\/\/tupique.com\/?s={search_term_string}\"},\"query-input\":{\"@type\":\"PropertyValueSpecification\",\"valueRequired\":true,\"valueName\":\"search_term_string\"}}],\"inLanguage\":\"pt-PT\"},{\"@type\":\"Organization\",\"@id\":\"https:\/\/tupique.com\/#organization\",\"name\":\"Tupique\",\"url\":\"https:\/\/tupique.com\/\",\"logo\":{\"@type\":\"ImageObject\",\"inLanguage\":\"pt-PT\",\"@id\":\"https:\/\/tupique.com\/#\/schema\/logo\/image\/\",\"url\":\"https:\/\/tupique.com\/wp-content\/uploads\/2024\/09\/logo.png\",\"contentUrl\":\"https:\/\/tupique.com\/wp-content\/uploads\/2024\/09\/logo.png\",\"width\":1118,\"height\":310,\"caption\":\"Tupique\"},\"image\":{\"@id\":\"https:\/\/tupique.com\/#\/schema\/logo\/image\/\"}}]}<\/script>\n<!-- \/ Yoast SEO plugin. -->","yoast_head_json":{"title":"\u00c9vier simple Teka FORSQUARE 50 40 TG (60 cm) - Tupique","description":"Vous cherchez \u00c9vier simple Teka FORSQUARE 50 40 TG (60 cm) ? Achetez des produits chez Tupique. Profitez de la livraison gratuite pour obtenir \u00c9vier simple Teka FORSQUARE 50 40 TG (60 cm) d\u00e8s maintenant.","robots":{"index":"index","follow":"follow","max-snippet":"max-snippet:-1","max-image-preview":"max-image-preview:large","max-video-preview":"max-video-preview:-1"},"canonical":"https:\/\/tupique.com\/pt\/produto\/evier-simple-teka-forsquare-50-40-tg-60-cm\/","og_locale":"pt_PT","og_type":"article","og_title":"\u00c9vier simple Teka FORSQUARE 50 40 TG (60 cm) - Tupique","og_description":"Vous cherchez \u00c9vier simple Teka FORSQUARE 50 40 TG (60 cm) ? Achetez des produits chez Tupique. Profitez de la livraison gratuite pour obtenir \u00c9vier simple Teka FORSQUARE 50 40 TG (60 cm) d\u00e8s maintenant.","og_url":"https:\/\/tupique.com\/pt\/produto\/evier-simple-teka-forsquare-50-40-tg-60-cm\/","og_site_name":"Tupique","twitter_card":"summary_large_image","schema":{"@context":"https:\/\/schema.org","@graph":[{"@type":"WebPage","@id":"https:\/\/tupique.com\/produit\/evier-simple-teka-forsquare-50-40-tg-60-cm\/","url":"https:\/\/tupique.com\/produit\/evier-simple-teka-forsquare-50-40-tg-60-cm\/","name":"\u00c9vier simple Teka FORSQUARE 50 40 TG (60 cm) - Tupique","isPartOf":{"@id":"https:\/\/tupique.com\/#website"},"primaryImageOfPage":{"@id":"https:\/\/tupique.com\/produit\/evier-simple-teka-forsquare-50-40-tg-60-cm\/#primaryimage"},"image":{"@id":"https:\/\/tupique.com\/produit\/evier-simple-teka-forsquare-50-40-tg-60-cm\/#primaryimage"},"thumbnailUrl":"https:\/\/tupique.com\/wp-content\/uploads\/2026\/04\/8434778007084_A0-v_11.jpg","datePublished":"2026-04-04T23:55:36+00:00","description":"Vous cherchez \u00c9vier simple Teka FORSQUARE 50 40 TG (60 cm) ? Achetez des produits chez Tupique. Profitez de la livraison gratuite pour obtenir \u00c9vier simple Teka FORSQUARE 50 40 TG (60 cm) d\u00e8s maintenant.","breadcrumb":{"@id":"https:\/\/tupique.com\/produit\/evier-simple-teka-forsquare-50-40-tg-60-cm\/#breadcrumb"},"inLanguage":"pt-PT","potentialAction":[{"@type":"ReadAction","target":["https:\/\/tupique.com\/produit\/evier-simple-teka-forsquare-50-40-tg-60-cm\/"]}]},{"@type":"ImageObject","inLanguage":"pt-PT","@id":"https:\/\/tupique.com\/produit\/evier-simple-teka-forsquare-50-40-tg-60-cm\/#primaryimage","url":"https:\/\/tupique.com\/wp-content\/uploads\/2026\/04\/8434778007084_A0-v_11.jpg","contentUrl":"https:\/\/tupique.com\/wp-content\/uploads\/2026\/04\/8434778007084_A0-v_11.jpg","width":1200,"height":1200,"caption":"S0426496_0"},{"@type":"BreadcrumbList","@id":"https:\/\/tupique.com\/produit\/evier-simple-teka-forsquare-50-40-tg-60-cm\/#breadcrumb","itemListElement":[{"@type":"ListItem","position":1,"name":"In\u00edcio","item":"https:\/\/tupique.com\/"},{"@type":"ListItem","position":2,"name":"Boutique","item":"https:\/\/tupique.com\/en\/boutique\/"},{"@type":"ListItem","position":3,"name":"\u00c9vier simple Teka FORSQUARE 50 40 TG (60 cm)"}]},{"@type":"WebSite","@id":"https:\/\/tupique.com\/#website","url":"https:\/\/tupique.com\/","name":"Tupique","description":"Marketplace","publisher":{"@id":"https:\/\/tupique.com\/#organization"},"potentialAction":[{"@type":"SearchAction","target":{"@type":"EntryPoint","urlTemplate":"https:\/\/tupique.com\/?s={search_term_string}"},"query-input":{"@type":"PropertyValueSpecification","valueRequired":true,"valueName":"search_term_string"}}],"inLanguage":"pt-PT"},{"@type":"Organization","@id":"https:\/\/tupique.com\/#organization","name":"Tupique","url":"https:\/\/tupique.com\/","logo":{"@type":"ImageObject","inLanguage":"pt-PT","@id":"https:\/\/tupique.com\/#\/schema\/logo\/image\/","url":"https:\/\/tupique.com\/wp-content\/uploads\/2024\/09\/logo.png","contentUrl":"https:\/\/tupique.com\/wp-content\/uploads\/2024\/09\/logo.png","width":1118,"height":310,"caption":"Tupique"},"image":{"@id":"https:\/\/tupique.com\/#\/schema\/logo\/image\/"}}]}},"jetpack_sharing_enabled":true,"_links":{"self":[{"href":"https:\/\/tupique.com\/pt\/wp-json\/wp\/v2\/product\/4377942","targetHints":{"allow":["GET"]}}],"collection":[{"href":"https:\/\/tupique.com\/pt\/wp-json\/wp\/v2\/product"}],"about":[{"href":"https:\/\/tupique.com\/pt\/wp-json\/wp\/v2\/types\/product"}],"replies":[{"embeddable":true,"href":"https:\/\/tupique.com\/pt\/wp-json\/wp\/v2\/comments?post=4377942"}],"wp:featuredmedia":[{"embeddable":true,"href":"https:\/\/tupique.com\/pt\/wp-json\/wp\/v2\/media\/4377939"}],"wp:attachment":[{"href":"https:\/\/tupique.com\/pt\/wp-json\/wp\/v2\/media?parent=4377942"}],"wp:term":[{"taxonomy":"product_brand","embeddable":true,"href":"https:\/\/tupique.com\/pt\/wp-json\/wp\/v2\/product_brand?post=4377942"},{"taxonomy":"product_cat","embeddable":true,"href":"https:\/\/tupique.com\/pt\/wp-json\/wp\/v2\/product_cat?post=4377942"},{"taxonomy":"product_tag","embeddable":true,"href":"https:\/\/tupique.com\/pt\/wp-json\/wp\/v2\/product_tag?post=4377942"}],"curies":[{"name":"wp","href":"https:\/\/api.w.org\/{rel}","templated":true}]}}