{"id":4378166,"date":"2026-04-05T01:58:55","date_gmt":"2026-04-05T00:58:55","guid":{"rendered":"https:\/\/tupique.com\/produit\/hotte-standard-teka-40487181-70-cm-700-m3-h-72-db-270w-acier\/"},"modified":"2026-04-05T01:58:55","modified_gmt":"2026-04-05T00:58:55","slug":"hotte-standard-teka-40487181-70-cm-700-m3-h-72-db-270w-acier","status":"publish","type":"product","link":"https:\/\/tupique.com\/pt\/produto\/hotte-standard-teka-40487181-70-cm-700-m3-h-72-db-270w-acier\/","title":{"rendered":"Hotte standard Teka 40487181 70 cm 700 m3\/h 72 dB 270W Acier"},"content":{"rendered":"<p>Se est\u00e1 a pensar renovar a sua cozinha, compre <b>Hotte standard Teka 40487181 70 cm 700 m3\/h 72 dB 270W Acier<\/b> e outros <b>Produtos Teka<\/b> !<\/p>\n<ul>\n<li>Lumi\u00e8re:\n<ul>\n<li>Oui<\/li>\n<li>LED<\/li>\n<\/ul>\n<\/li>\n<li>poder:\n<ul>\n<li>270 W<\/li>\n<li>265 W<\/li>\n<\/ul>\n<\/li>\n<li>Volume sonore: 72 dB<\/li>\n<li>Tube d&#8217;Evacuation: \u00d8 15 cm<\/li>\n<li>Dimensions approx.: 70 x 48,5 x 62,5 cm<\/li>\n<li>Tipo de instala\u00e7\u00e3o:\n<ul>\n<li>Paroi<\/li>\n<li>Montage mural<\/li>\n<\/ul>\n<\/li>\n<li>Largeur: 70 cm<\/li>\n<li>Couleur: Acier<\/li>\n<li>Classifica\u00e7\u00e3o energ\u00e9tica:\n<ul>\n<li>A+<\/li>\n<li>A<\/li>\n<li>A+++<\/li>\n<\/ul>\n<\/li>\n<li>Produto de encaixe: Sim<\/li>\n<li>Tipo de tomada: tomada UE<\/li>\n<li>Capacit\u00e9 d\u2019extraction:\n<ul>\n<li>700 m3\/h<\/li>\n<li>701 m3\/h<\/li>\n<\/ul>\n<\/li>\n<li>Material:\n<ul>\n<li>Acier inoxydable<\/li>\n<li>Acier<\/li>\n<\/ul>\n<\/li>\n<li>Tipo:\n<ul>\n<li>Hotte standard<\/li>\n<li>Mural<\/li>\n<\/ul>\n<\/li>\n<li>Bloc d\u2019Alimentation: r\u00e9seau \u00e9lectrique<\/li>\n<li>Filtres: 3<\/li>\n<li>Filtre: Acier inoxydable<\/li>\n<li>Niveau sonore:\n<ul>\n<li>53 dB<\/li>\n<li>69 dB<\/li>\n<li>65 dB<\/li>\n<\/ul>\n<\/li>\n<li>Motor: 1<\/li>\n<li>Type d&#8217;ampoule: LED<\/li>\n<li>Profondeur: 485 mm<\/li>\n<li>Carater\u00edsticas:\n<ul>\n<li>Ecr\u00e3 integrado<\/li>\n<li>Commande tactile<\/li>\n<\/ul>\n<\/li>\n<li>Fr\u00e9quence: 50 &#8211; 60 Hz<\/li>\n<li>Tens\u00e3o: 220-240 V<\/li>\n<li>Poids: 15 kg<\/li>\n<\/ul>\n<p><\/p>\n<p>Teka DLH 786 T. Puissance d&#8217;extraction maximum: 701 m\u00b3\/h, Type d&#8217;extraction: Conduit \/ Recirculation, Classe d&#8217;efficacit\u00e9 dynamique du fluide: A. Type: Mont\u00e9 au mur, Couleur du produit: Noir, Acier inoxydable, Puissance de l&#8217;ampoule: 6 W. Type de filtre \u00e0 graisse: Acier inoxydable, Nombre de filtres: 3 pi\u00e8ce(s). Classe d&#8217;efficacit\u00e9 \u00e9nerg\u00e9tique: A+, Puissance du moteur: 265 W, Consommation annuelle d&#8217;\u00e9nergie: 40,7 kWh. Largeur: 700 mm, Profondeur: 485 mm, Hauteur (min): 62,5 cm<\/p>\n<p><\/p>\n<ul>\n<li>Puissance d&#8217;extraction maximum: 701 m\u00b3\/h<\/li>\n<li>Type d&#8217;extraction: Conduit \/ Recirculation<\/li>\n<li>Classe d&#8217;efficacit\u00e9 dynamique du fluide: A<\/li>\n<li>Classe d&#8217;efficacit\u00e9 de l&#8217;\u00e9clairage: A<\/li>\n<li>Classe d&#8217;efficacit\u00e9 du filtrage de la graisse: C<\/li>\n<li>Niveau sonore: 69 dB<\/li>\n<li>Vitesse intensive: Non<\/li>\n<li>Fonction Boost: Oui<\/li>\n<li>Niveau de son (vitesse lente): 53 dB<\/li>\n<li>Niveau de son (vitesse rapide): 69 dB<\/li>\n<li>Niveau de bruit (mode boost): 72 dB<\/li>\n<li>Pression (Pa): 469<\/li>\n<li>Type: Mont\u00e9 au mur<\/li>\n<li>Couleur du produit: Noir, Acier inoxydable<\/li>\n<li>\u00c9cran integr\u00e9: Oui<\/li>\n<li>Puissance de l&#8217;ampoule: 6 W<\/li>\n<li>Type d&#8217;ampoule: LED<\/li>\n<li>\u00c9clairement: 331 lux<\/li>\n<li>Type de commande: Tactile<\/li>\n<li>lieu d&#8217;\u00e9chappement: Haut<\/li>\n<li>Diam\u00e8tre du conduit d&#8217;\u00e9vacuation: 15 cm<\/li>\n<li>Clapet de retour: Oui<\/li>\n<li>Nombre de moteurs: 1<\/li>\n<li>Moteur inclus: Oui<\/li>\n<li>Type de filtre \u00e0 graisse: Acier inoxydable<\/li>\n<li>Nombre de filtres: 3 pi\u00e8ce(s)<\/li>\n<li>Classe d&#8217;efficacit\u00e9 \u00e9nerg\u00e9tique: A+<\/li>\n<li>Puissance du moteur: 265 W<\/li>\n<li>Consommation annuelle d&#8217;\u00e9nergie: 40,7 kWh<\/li>\n<li>Tension d&#8217;entr\u00e9e AC: 220 &#8211; 240 V<\/li>\n<li>Fr\u00e9quence d&#8217;entr\u00e9e AC: 50 &#8211; 60 Hz<\/li>\n<li>Largeur: 700 mm<\/li>\n<li>Profondeur: 485 mm<\/li>\n<li>Hauteur (min): 62,5 cm<\/li>\n<li>Hauteur (max): 95,5 cm<\/li>\n<\/ul>","protected":false},"excerpt":{"rendered":"<p>Si vous pensez r\u00e9nover votre cuisine, achetez Hotte standard Teka 40487181 70 cm 700 m3\/h 72 dB 270W Acier et<\/p>","protected":false},"featured_media":4378164,"comment_status":"open","ping_status":"closed","template":"","meta":{"_joinchat":[]},"product_brand":[158071],"product_cat":[157538,158065,158066],"product_tag":[157545],"class_list":{"0":"post-4378166","1":"product","2":"type-product","3":"status-publish","4":"has-post-thumbnail","6":"product_brand-brandp_1172","7":"product_cat-cuisine-gourmet","8":"product_cat-equipement-de-cuisine","9":"product_cat-hottes-de-cuisine","10":"product_tag-tag_930","12":"first","13":"outofstock","14":"taxable","15":"shipping-taxable","16":"purchasable","17":"product-type-simple"},"yoast_head":"<!-- This site is optimized with the Yoast SEO plugin v27.2 - https:\/\/yoast.com\/product\/yoast-seo-wordpress\/ -->\n<title>Hotte standard Teka 40487181 70 cm 700 m3\/h 72 dB 270W Acier - Tupique<\/title>\n<meta name=\"description\" content=\"Vous cherchez Hotte standard Teka 40487181 70 cm 700 m3\/h 72 dB 270W Acier ? Achetez des produits chez Tupique. Profitez de la livraison gratuite pour obtenir Hotte standard Teka 40487181 70 cm 700 m3\/h 72 dB 270W Acier d\u00e8s maintenant.\" \/>\n<meta name=\"robots\" content=\"index, follow, max-snippet:-1, max-image-preview:large, max-video-preview:-1\" \/>\n<link rel=\"canonical\" href=\"https:\/\/tupique.com\/pt\/produto\/hotte-standard-teka-40487181-70-cm-700-m3-h-72-db-270w-acier\/\" \/>\n<meta property=\"og:locale\" content=\"pt_PT\" \/>\n<meta property=\"og:type\" content=\"article\" \/>\n<meta property=\"og:title\" content=\"Hotte standard Teka 40487181 70 cm 700 m3\/h 72 dB 270W Acier - Tupique\" \/>\n<meta property=\"og:description\" content=\"Vous cherchez Hotte standard Teka 40487181 70 cm 700 m3\/h 72 dB 270W Acier ? Achetez des produits chez Tupique. Profitez de la livraison gratuite pour obtenir Hotte standard Teka 40487181 70 cm 700 m3\/h 72 dB 270W Acier d\u00e8s maintenant.\" \/>\n<meta property=\"og:url\" content=\"https:\/\/tupique.com\/pt\/produto\/hotte-standard-teka-40487181-70-cm-700-m3-h-72-db-270w-acier\/\" \/>\n<meta property=\"og:site_name\" content=\"Tupique\" \/>\n<meta name=\"twitter:card\" content=\"summary_large_image\" \/>\n<meta name=\"twitter:label1\" content=\"Tempo estimado de leitura\" \/>\n\t<meta name=\"twitter:data1\" content=\"1 minuto\" \/>\n<script type=\"application\/ld+json\" class=\"yoast-schema-graph\">{\"@context\":\"https:\/\/schema.org\",\"@graph\":[{\"@type\":\"WebPage\",\"@id\":\"https:\/\/tupique.com\/produit\/hotte-standard-teka-40487181-70-cm-700-m3-h-72-db-270w-acier\/\",\"url\":\"https:\/\/tupique.com\/produit\/hotte-standard-teka-40487181-70-cm-700-m3-h-72-db-270w-acier\/\",\"name\":\"Hotte standard Teka 40487181 70 cm 700 m3\/h 72 dB 270W Acier - Tupique\",\"isPartOf\":{\"@id\":\"https:\/\/tupique.com\/#website\"},\"primaryImageOfPage\":{\"@id\":\"https:\/\/tupique.com\/produit\/hotte-standard-teka-40487181-70-cm-700-m3-h-72-db-270w-acier\/#primaryimage\"},\"image\":{\"@id\":\"https:\/\/tupique.com\/produit\/hotte-standard-teka-40487181-70-cm-700-m3-h-72-db-270w-acier\/#primaryimage\"},\"thumbnailUrl\":\"https:\/\/tupique.com\/wp-content\/uploads\/2026\/04\/8421152157435_0_P02.jpg\",\"datePublished\":\"2026-04-05T00:58:55+00:00\",\"description\":\"Vous cherchez Hotte standard Teka 40487181 70 cm 700 m3\/h 72 dB 270W Acier ? Achetez des produits chez Tupique. Profitez de la livraison gratuite pour obtenir Hotte standard Teka 40487181 70 cm 700 m3\/h 72 dB 270W Acier d\u00e8s maintenant.\",\"breadcrumb\":{\"@id\":\"https:\/\/tupique.com\/produit\/hotte-standard-teka-40487181-70-cm-700-m3-h-72-db-270w-acier\/#breadcrumb\"},\"inLanguage\":\"pt-PT\",\"potentialAction\":[{\"@type\":\"ReadAction\",\"target\":[\"https:\/\/tupique.com\/produit\/hotte-standard-teka-40487181-70-cm-700-m3-h-72-db-270w-acier\/\"]}]},{\"@type\":\"ImageObject\",\"inLanguage\":\"pt-PT\",\"@id\":\"https:\/\/tupique.com\/produit\/hotte-standard-teka-40487181-70-cm-700-m3-h-72-db-270w-acier\/#primaryimage\",\"url\":\"https:\/\/tupique.com\/wp-content\/uploads\/2026\/04\/8421152157435_0_P02.jpg\",\"contentUrl\":\"https:\/\/tupique.com\/wp-content\/uploads\/2026\/04\/8421152157435_0_P02.jpg\",\"width\":1200,\"height\":1200,\"caption\":\"S0411405_0\"},{\"@type\":\"BreadcrumbList\",\"@id\":\"https:\/\/tupique.com\/produit\/hotte-standard-teka-40487181-70-cm-700-m3-h-72-db-270w-acier\/#breadcrumb\",\"itemListElement\":[{\"@type\":\"ListItem\",\"position\":1,\"name\":\"In\u00edcio\",\"item\":\"https:\/\/tupique.com\/\"},{\"@type\":\"ListItem\",\"position\":2,\"name\":\"Boutique\",\"item\":\"https:\/\/tupique.com\/en\/boutique\/\"},{\"@type\":\"ListItem\",\"position\":3,\"name\":\"Hotte standard Teka 40487181 70 cm 700 m3\/h 72 dB 270W Acier\"}]},{\"@type\":\"WebSite\",\"@id\":\"https:\/\/tupique.com\/#website\",\"url\":\"https:\/\/tupique.com\/\",\"name\":\"Tupique\",\"description\":\"Marketplace\",\"publisher\":{\"@id\":\"https:\/\/tupique.com\/#organization\"},\"potentialAction\":[{\"@type\":\"SearchAction\",\"target\":{\"@type\":\"EntryPoint\",\"urlTemplate\":\"https:\/\/tupique.com\/?s={search_term_string}\"},\"query-input\":{\"@type\":\"PropertyValueSpecification\",\"valueRequired\":true,\"valueName\":\"search_term_string\"}}],\"inLanguage\":\"pt-PT\"},{\"@type\":\"Organization\",\"@id\":\"https:\/\/tupique.com\/#organization\",\"name\":\"Tupique\",\"url\":\"https:\/\/tupique.com\/\",\"logo\":{\"@type\":\"ImageObject\",\"inLanguage\":\"pt-PT\",\"@id\":\"https:\/\/tupique.com\/#\/schema\/logo\/image\/\",\"url\":\"https:\/\/tupique.com\/wp-content\/uploads\/2024\/09\/logo.png\",\"contentUrl\":\"https:\/\/tupique.com\/wp-content\/uploads\/2024\/09\/logo.png\",\"width\":1118,\"height\":310,\"caption\":\"Tupique\"},\"image\":{\"@id\":\"https:\/\/tupique.com\/#\/schema\/logo\/image\/\"}}]}<\/script>\n<!-- \/ Yoast SEO plugin. -->","yoast_head_json":{"title":"Hotte standard Teka 40487181 70 cm 700 m3\/h 72 dB 270W Acier - Tupique","description":"Vous cherchez Hotte standard Teka 40487181 70 cm 700 m3\/h 72 dB 270W Acier ? Achetez des produits chez Tupique. Profitez de la livraison gratuite pour obtenir Hotte standard Teka 40487181 70 cm 700 m3\/h 72 dB 270W Acier d\u00e8s maintenant.","robots":{"index":"index","follow":"follow","max-snippet":"max-snippet:-1","max-image-preview":"max-image-preview:large","max-video-preview":"max-video-preview:-1"},"canonical":"https:\/\/tupique.com\/pt\/produto\/hotte-standard-teka-40487181-70-cm-700-m3-h-72-db-270w-acier\/","og_locale":"pt_PT","og_type":"article","og_title":"Hotte standard Teka 40487181 70 cm 700 m3\/h 72 dB 270W Acier - Tupique","og_description":"Vous cherchez Hotte standard Teka 40487181 70 cm 700 m3\/h 72 dB 270W Acier ? Achetez des produits chez Tupique. Profitez de la livraison gratuite pour obtenir Hotte standard Teka 40487181 70 cm 700 m3\/h 72 dB 270W Acier d\u00e8s maintenant.","og_url":"https:\/\/tupique.com\/pt\/produto\/hotte-standard-teka-40487181-70-cm-700-m3-h-72-db-270w-acier\/","og_site_name":"Tupique","twitter_card":"summary_large_image","twitter_misc":{"Tempo estimado de leitura":"1 minuto"},"schema":{"@context":"https:\/\/schema.org","@graph":[{"@type":"WebPage","@id":"https:\/\/tupique.com\/produit\/hotte-standard-teka-40487181-70-cm-700-m3-h-72-db-270w-acier\/","url":"https:\/\/tupique.com\/produit\/hotte-standard-teka-40487181-70-cm-700-m3-h-72-db-270w-acier\/","name":"Hotte standard Teka 40487181 70 cm 700 m3\/h 72 dB 270W Acier - Tupique","isPartOf":{"@id":"https:\/\/tupique.com\/#website"},"primaryImageOfPage":{"@id":"https:\/\/tupique.com\/produit\/hotte-standard-teka-40487181-70-cm-700-m3-h-72-db-270w-acier\/#primaryimage"},"image":{"@id":"https:\/\/tupique.com\/produit\/hotte-standard-teka-40487181-70-cm-700-m3-h-72-db-270w-acier\/#primaryimage"},"thumbnailUrl":"https:\/\/tupique.com\/wp-content\/uploads\/2026\/04\/8421152157435_0_P02.jpg","datePublished":"2026-04-05T00:58:55+00:00","description":"Vous cherchez Hotte standard Teka 40487181 70 cm 700 m3\/h 72 dB 270W Acier ? Achetez des produits chez Tupique. Profitez de la livraison gratuite pour obtenir Hotte standard Teka 40487181 70 cm 700 m3\/h 72 dB 270W Acier d\u00e8s maintenant.","breadcrumb":{"@id":"https:\/\/tupique.com\/produit\/hotte-standard-teka-40487181-70-cm-700-m3-h-72-db-270w-acier\/#breadcrumb"},"inLanguage":"pt-PT","potentialAction":[{"@type":"ReadAction","target":["https:\/\/tupique.com\/produit\/hotte-standard-teka-40487181-70-cm-700-m3-h-72-db-270w-acier\/"]}]},{"@type":"ImageObject","inLanguage":"pt-PT","@id":"https:\/\/tupique.com\/produit\/hotte-standard-teka-40487181-70-cm-700-m3-h-72-db-270w-acier\/#primaryimage","url":"https:\/\/tupique.com\/wp-content\/uploads\/2026\/04\/8421152157435_0_P02.jpg","contentUrl":"https:\/\/tupique.com\/wp-content\/uploads\/2026\/04\/8421152157435_0_P02.jpg","width":1200,"height":1200,"caption":"S0411405_0"},{"@type":"BreadcrumbList","@id":"https:\/\/tupique.com\/produit\/hotte-standard-teka-40487181-70-cm-700-m3-h-72-db-270w-acier\/#breadcrumb","itemListElement":[{"@type":"ListItem","position":1,"name":"In\u00edcio","item":"https:\/\/tupique.com\/"},{"@type":"ListItem","position":2,"name":"Boutique","item":"https:\/\/tupique.com\/en\/boutique\/"},{"@type":"ListItem","position":3,"name":"Hotte standard Teka 40487181 70 cm 700 m3\/h 72 dB 270W Acier"}]},{"@type":"WebSite","@id":"https:\/\/tupique.com\/#website","url":"https:\/\/tupique.com\/","name":"Tupique","description":"Marketplace","publisher":{"@id":"https:\/\/tupique.com\/#organization"},"potentialAction":[{"@type":"SearchAction","target":{"@type":"EntryPoint","urlTemplate":"https:\/\/tupique.com\/?s={search_term_string}"},"query-input":{"@type":"PropertyValueSpecification","valueRequired":true,"valueName":"search_term_string"}}],"inLanguage":"pt-PT"},{"@type":"Organization","@id":"https:\/\/tupique.com\/#organization","name":"Tupique","url":"https:\/\/tupique.com\/","logo":{"@type":"ImageObject","inLanguage":"pt-PT","@id":"https:\/\/tupique.com\/#\/schema\/logo\/image\/","url":"https:\/\/tupique.com\/wp-content\/uploads\/2024\/09\/logo.png","contentUrl":"https:\/\/tupique.com\/wp-content\/uploads\/2024\/09\/logo.png","width":1118,"height":310,"caption":"Tupique"},"image":{"@id":"https:\/\/tupique.com\/#\/schema\/logo\/image\/"}}]}},"jetpack_sharing_enabled":true,"_links":{"self":[{"href":"https:\/\/tupique.com\/pt\/wp-json\/wp\/v2\/product\/4378166","targetHints":{"allow":["GET"]}}],"collection":[{"href":"https:\/\/tupique.com\/pt\/wp-json\/wp\/v2\/product"}],"about":[{"href":"https:\/\/tupique.com\/pt\/wp-json\/wp\/v2\/types\/product"}],"replies":[{"embeddable":true,"href":"https:\/\/tupique.com\/pt\/wp-json\/wp\/v2\/comments?post=4378166"}],"wp:featuredmedia":[{"embeddable":true,"href":"https:\/\/tupique.com\/pt\/wp-json\/wp\/v2\/media\/4378164"}],"wp:attachment":[{"href":"https:\/\/tupique.com\/pt\/wp-json\/wp\/v2\/media?parent=4378166"}],"wp:term":[{"taxonomy":"product_brand","embeddable":true,"href":"https:\/\/tupique.com\/pt\/wp-json\/wp\/v2\/product_brand?post=4378166"},{"taxonomy":"product_cat","embeddable":true,"href":"https:\/\/tupique.com\/pt\/wp-json\/wp\/v2\/product_cat?post=4378166"},{"taxonomy":"product_tag","embeddable":true,"href":"https:\/\/tupique.com\/pt\/wp-json\/wp\/v2\/product_tag?post=4378166"}],"curies":[{"name":"wp","href":"https:\/\/api.w.org\/{rel}","templated":true}]}}