{"id":4378204,"date":"2026-04-05T01:59:45","date_gmt":"2026-04-05T00:59:45","guid":{"rendered":"https:\/\/tupique.com\/produit\/plaque-a-induction-balay-3eb968lh-60-cm\/"},"modified":"2026-04-06T05:55:31","modified_gmt":"2026-04-06T04:55:31","slug":"plaque-a-induction-balay-3eb968lh-60-cm","status":"publish","type":"product","link":"https:\/\/tupique.com\/pt\/produto\/plaque-a-induction-balay-3eb968lh-60-cm\/","title":{"rendered":"Plaque \u00e0 Induction Balay 3EB968LH 60 cm"},"content":{"rendered":"<p>Se est\u00e1 a pensar renovar a sua cozinha, compre <b>Plaque \u00e0 Induction Balay 3EB968LH 60 cm<\/b> e outros <b>produits Balay<\/b> !<\/p>\n<p>La <b>plaque \u00e0 induction 3EB968LH<\/b> de <b>Balaios<\/b> est une solution efficace et moderne pour la cuisine, con\u00e7ue pour offrir un contr\u00f4le pr\u00e9cis et s\u00e9curis\u00e9 lors de la cuisson. Avec une <b>largeur de 60 cm<\/b>, cette plaque encastrable s\u2019adapte parfaitement aux espaces standards, se distinguant par sa <b>couleur noire<\/b> \u00e9l\u00e9gante et discr\u00e8te qui facilite son int\u00e9gration avec diff\u00e9rents styles de mobilier. Elle dispose de <b>trois zones de cuisson<\/b>, permettant de cuisiner plusieurs plats simultan\u00e9ment, optimisant ainsi le temps et l\u2019efficacit\u00e9. Ses commandes se g\u00e8rent via une <b>barre tactile de d\u00e9filement<\/b>, offrant une interface intuitive et pr\u00e9cise pour ajuster temp\u00e9rature et puissance rapidement. La technologie induction assure un chauffage rapide et homog\u00e8ne, augmentant l\u2019efficacit\u00e9 \u00e9nerg\u00e9tique tout en maintenant la surface ext\u00e9rieure plus froide pour plus de s\u00e9curit\u00e9. Cette plaque int\u00e8gre des fonctions de s\u00e9curit\u00e9 importantes, notamment le <b>verrouillage enfant<\/b> qui \u00e9vite toute manipulation accidentelle, ainsi qu\u2019un \u00e9cran int\u00e9gr\u00e9 facilitant le suivi en temps r\u00e9el des r\u00e9glages. La puissance maximale combin\u00e9e de <b>7400 W<\/b> garantit une performance adapt\u00e9e pour cuisiner avec rapidit\u00e9 et polyvalence, r\u00e9pondant \u00e0 diverses exigences culinaires. Son design encastrable permet une installation affleurante dans le plan de travail, offrant une finition \u00e9l\u00e9gante et fonctionnelle qui optimise l\u2019espace. En r\u00e9sum\u00e9, la Balay 3EB968LH est une option \u00e9quilibr\u00e9e et pratique pour ceux qui recherchent une plaque \u00e0 induction performante, s\u00e9curis\u00e9e et facile \u00e0 utiliser, id\u00e9ale pour la cuisine moderne.<\/p>\n<ul>\n<li>Type: Plaque \u00e0 Induction<\/li>\n<li>Produto de encaixe: Sim<\/li>\n<li>Tipo de tomada: tomada UE<\/li>\n<li>Bloc d\u2019Alimentation: r\u00e9seau \u00e9lectrique<\/li>\n<li>Cor: preto<\/li>\n<li>Largura: 60 cm<\/li>\n<li>Carater\u00edsticas:\n<ul>\n<li>Bloqueio para crian\u00e7as<\/li>\n<li>Ecr\u00e3 integrado<\/li>\n<\/ul>\n<\/li>\n<li>Tipo de instala\u00e7\u00e3o: Integrado<\/li>\n<li>Zones de cuisson: 3<\/li>\n<li>Arr\u00eat Automatique: Oui<\/li>\n<\/ul>","protected":false},"excerpt":{"rendered":"<p>Si vous pensez r\u00e9nover votre cuisine, achetez Plaque \u00e0 Induction Balay 3EB968LH 60 cm et d\u00b4autres produits Balay ! La<\/p>","protected":false},"featured_media":4378203,"comment_status":"open","ping_status":"closed","template":"","meta":{"_joinchat":[]},"product_brand":[158061],"product_cat":[157538,157539,157549],"product_tag":[157544,157545],"class_list":{"0":"post-4378204","1":"product","2":"type-product","3":"status-publish","4":"has-post-thumbnail","6":"product_brand-brandp_1251","7":"product_cat-cuisine-gourmet","8":"product_cat-petit-electromenager","9":"product_cat-plaques-de-cuisson","10":"product_tag-tag_926","11":"product_tag-tag_930","13":"first","14":"instock","15":"taxable","16":"shipping-taxable","17":"purchasable","18":"product-type-simple"},"yoast_head":"<!-- This site is optimized with the Yoast SEO plugin v27.2 - https:\/\/yoast.com\/product\/yoast-seo-wordpress\/ -->\n<title>Plaque \u00e0 Induction Balay 3EB968LH 60 cm - Tupique<\/title>\n<meta name=\"description\" content=\"Vous cherchez Plaque \u00e0 Induction Balay 3EB968LH 60 cm ? Achetez des produits chez Tupique. Profitez de la livraison gratuite pour obtenir Plaque \u00e0 Induction Balay 3EB968LH 60 cm d\u00e8s maintenant.\" \/>\n<meta name=\"robots\" content=\"index, follow, max-snippet:-1, max-image-preview:large, max-video-preview:-1\" \/>\n<link rel=\"canonical\" href=\"https:\/\/tupique.com\/pt\/produto\/plaque-a-induction-balay-3eb968lh-60-cm\/\" \/>\n<meta property=\"og:locale\" content=\"pt_PT\" \/>\n<meta property=\"og:type\" content=\"article\" \/>\n<meta property=\"og:title\" content=\"Plaque \u00e0 Induction Balay 3EB968LH 60 cm - Tupique\" \/>\n<meta property=\"og:description\" content=\"Vous cherchez Plaque \u00e0 Induction Balay 3EB968LH 60 cm ? Achetez des produits chez Tupique. Profitez de la livraison gratuite pour obtenir Plaque \u00e0 Induction Balay 3EB968LH 60 cm d\u00e8s maintenant.\" \/>\n<meta property=\"og:url\" content=\"https:\/\/tupique.com\/pt\/produto\/plaque-a-induction-balay-3eb968lh-60-cm\/\" \/>\n<meta property=\"og:site_name\" content=\"Tupique\" \/>\n<meta property=\"article:modified_time\" content=\"2026-04-06T04:55:31+00:00\" \/>\n<meta property=\"og:image\" content=\"https:\/\/tupique.com\/wp-content\/uploads\/2026\/04\/4242006266752_S0459943_P00.jpg\" \/>\n\t<meta property=\"og:image:width\" content=\"1200\" \/>\n\t<meta property=\"og:image:height\" content=\"1200\" \/>\n\t<meta property=\"og:image:type\" content=\"image\/jpeg\" \/>\n<meta name=\"twitter:card\" content=\"summary_large_image\" \/>\n<meta name=\"twitter:label1\" content=\"Tempo estimado de leitura\" \/>\n\t<meta name=\"twitter:data1\" content=\"2 minutos\" \/>\n<script type=\"application\/ld+json\" class=\"yoast-schema-graph\">{\"@context\":\"https:\/\/schema.org\",\"@graph\":[{\"@type\":\"WebPage\",\"@id\":\"https:\/\/tupique.com\/produit\/plaque-a-induction-balay-3eb968lh-60-cm\/\",\"url\":\"https:\/\/tupique.com\/produit\/plaque-a-induction-balay-3eb968lh-60-cm\/\",\"name\":\"Plaque \u00e0 Induction Balay 3EB968LH 60 cm - Tupique\",\"isPartOf\":{\"@id\":\"https:\/\/tupique.com\/#website\"},\"primaryImageOfPage\":{\"@id\":\"https:\/\/tupique.com\/produit\/plaque-a-induction-balay-3eb968lh-60-cm\/#primaryimage\"},\"image\":{\"@id\":\"https:\/\/tupique.com\/produit\/plaque-a-induction-balay-3eb968lh-60-cm\/#primaryimage\"},\"thumbnailUrl\":\"https:\/\/tupique.com\/wp-content\/uploads\/2026\/04\/4242006266752_S0459943_P00.jpg\",\"datePublished\":\"2026-04-05T00:59:45+00:00\",\"dateModified\":\"2026-04-06T04:55:31+00:00\",\"description\":\"Vous cherchez Plaque \u00e0 Induction Balay 3EB968LH 60 cm ? Achetez des produits chez Tupique. Profitez de la livraison gratuite pour obtenir Plaque \u00e0 Induction Balay 3EB968LH 60 cm d\u00e8s maintenant.\",\"breadcrumb\":{\"@id\":\"https:\/\/tupique.com\/produit\/plaque-a-induction-balay-3eb968lh-60-cm\/#breadcrumb\"},\"inLanguage\":\"pt-PT\",\"potentialAction\":[{\"@type\":\"ReadAction\",\"target\":[\"https:\/\/tupique.com\/produit\/plaque-a-induction-balay-3eb968lh-60-cm\/\"]}]},{\"@type\":\"ImageObject\",\"inLanguage\":\"pt-PT\",\"@id\":\"https:\/\/tupique.com\/produit\/plaque-a-induction-balay-3eb968lh-60-cm\/#primaryimage\",\"url\":\"https:\/\/tupique.com\/wp-content\/uploads\/2026\/04\/4242006266752_S0459943_P00.jpg\",\"contentUrl\":\"https:\/\/tupique.com\/wp-content\/uploads\/2026\/04\/4242006266752_S0459943_P00.jpg\",\"width\":1200,\"height\":1200,\"caption\":\"S0459943_0\"},{\"@type\":\"BreadcrumbList\",\"@id\":\"https:\/\/tupique.com\/produit\/plaque-a-induction-balay-3eb968lh-60-cm\/#breadcrumb\",\"itemListElement\":[{\"@type\":\"ListItem\",\"position\":1,\"name\":\"In\u00edcio\",\"item\":\"https:\/\/tupique.com\/\"},{\"@type\":\"ListItem\",\"position\":2,\"name\":\"Boutique\",\"item\":\"https:\/\/tupique.com\/en\/boutique\/\"},{\"@type\":\"ListItem\",\"position\":3,\"name\":\"Plaque \u00e0 Induction Balay 3EB968LH 60 cm\"}]},{\"@type\":\"WebSite\",\"@id\":\"https:\/\/tupique.com\/#website\",\"url\":\"https:\/\/tupique.com\/\",\"name\":\"Tupique\",\"description\":\"Marketplace\",\"publisher\":{\"@id\":\"https:\/\/tupique.com\/#organization\"},\"potentialAction\":[{\"@type\":\"SearchAction\",\"target\":{\"@type\":\"EntryPoint\",\"urlTemplate\":\"https:\/\/tupique.com\/?s={search_term_string}\"},\"query-input\":{\"@type\":\"PropertyValueSpecification\",\"valueRequired\":true,\"valueName\":\"search_term_string\"}}],\"inLanguage\":\"pt-PT\"},{\"@type\":\"Organization\",\"@id\":\"https:\/\/tupique.com\/#organization\",\"name\":\"Tupique\",\"url\":\"https:\/\/tupique.com\/\",\"logo\":{\"@type\":\"ImageObject\",\"inLanguage\":\"pt-PT\",\"@id\":\"https:\/\/tupique.com\/#\/schema\/logo\/image\/\",\"url\":\"https:\/\/tupique.com\/wp-content\/uploads\/2024\/09\/logo.png\",\"contentUrl\":\"https:\/\/tupique.com\/wp-content\/uploads\/2024\/09\/logo.png\",\"width\":1118,\"height\":310,\"caption\":\"Tupique\"},\"image\":{\"@id\":\"https:\/\/tupique.com\/#\/schema\/logo\/image\/\"}}]}<\/script>\n<!-- \/ Yoast SEO plugin. -->","yoast_head_json":{"title":"Plaque \u00e0 Induction Balay 3EB968LH 60 cm - Tupique","description":"Vous cherchez Plaque \u00e0 Induction Balay 3EB968LH 60 cm ? Achetez des produits chez Tupique. Profitez de la livraison gratuite pour obtenir Plaque \u00e0 Induction Balay 3EB968LH 60 cm d\u00e8s maintenant.","robots":{"index":"index","follow":"follow","max-snippet":"max-snippet:-1","max-image-preview":"max-image-preview:large","max-video-preview":"max-video-preview:-1"},"canonical":"https:\/\/tupique.com\/pt\/produto\/plaque-a-induction-balay-3eb968lh-60-cm\/","og_locale":"pt_PT","og_type":"article","og_title":"Plaque \u00e0 Induction Balay 3EB968LH 60 cm - Tupique","og_description":"Vous cherchez Plaque \u00e0 Induction Balay 3EB968LH 60 cm ? Achetez des produits chez Tupique. Profitez de la livraison gratuite pour obtenir Plaque \u00e0 Induction Balay 3EB968LH 60 cm d\u00e8s maintenant.","og_url":"https:\/\/tupique.com\/pt\/produto\/plaque-a-induction-balay-3eb968lh-60-cm\/","og_site_name":"Tupique","article_modified_time":"2026-04-06T04:55:31+00:00","og_image":[{"width":1200,"height":1200,"url":"https:\/\/tupique.com\/wp-content\/uploads\/2026\/04\/4242006266752_S0459943_P00.jpg","type":"image\/jpeg"}],"twitter_card":"summary_large_image","twitter_misc":{"Tempo estimado de leitura":"2 minutos"},"schema":{"@context":"https:\/\/schema.org","@graph":[{"@type":"WebPage","@id":"https:\/\/tupique.com\/produit\/plaque-a-induction-balay-3eb968lh-60-cm\/","url":"https:\/\/tupique.com\/produit\/plaque-a-induction-balay-3eb968lh-60-cm\/","name":"Plaque \u00e0 Induction Balay 3EB968LH 60 cm - Tupique","isPartOf":{"@id":"https:\/\/tupique.com\/#website"},"primaryImageOfPage":{"@id":"https:\/\/tupique.com\/produit\/plaque-a-induction-balay-3eb968lh-60-cm\/#primaryimage"},"image":{"@id":"https:\/\/tupique.com\/produit\/plaque-a-induction-balay-3eb968lh-60-cm\/#primaryimage"},"thumbnailUrl":"https:\/\/tupique.com\/wp-content\/uploads\/2026\/04\/4242006266752_S0459943_P00.jpg","datePublished":"2026-04-05T00:59:45+00:00","dateModified":"2026-04-06T04:55:31+00:00","description":"Vous cherchez Plaque \u00e0 Induction Balay 3EB968LH 60 cm ? Achetez des produits chez Tupique. Profitez de la livraison gratuite pour obtenir Plaque \u00e0 Induction Balay 3EB968LH 60 cm d\u00e8s maintenant.","breadcrumb":{"@id":"https:\/\/tupique.com\/produit\/plaque-a-induction-balay-3eb968lh-60-cm\/#breadcrumb"},"inLanguage":"pt-PT","potentialAction":[{"@type":"ReadAction","target":["https:\/\/tupique.com\/produit\/plaque-a-induction-balay-3eb968lh-60-cm\/"]}]},{"@type":"ImageObject","inLanguage":"pt-PT","@id":"https:\/\/tupique.com\/produit\/plaque-a-induction-balay-3eb968lh-60-cm\/#primaryimage","url":"https:\/\/tupique.com\/wp-content\/uploads\/2026\/04\/4242006266752_S0459943_P00.jpg","contentUrl":"https:\/\/tupique.com\/wp-content\/uploads\/2026\/04\/4242006266752_S0459943_P00.jpg","width":1200,"height":1200,"caption":"S0459943_0"},{"@type":"BreadcrumbList","@id":"https:\/\/tupique.com\/produit\/plaque-a-induction-balay-3eb968lh-60-cm\/#breadcrumb","itemListElement":[{"@type":"ListItem","position":1,"name":"In\u00edcio","item":"https:\/\/tupique.com\/"},{"@type":"ListItem","position":2,"name":"Boutique","item":"https:\/\/tupique.com\/en\/boutique\/"},{"@type":"ListItem","position":3,"name":"Plaque \u00e0 Induction Balay 3EB968LH 60 cm"}]},{"@type":"WebSite","@id":"https:\/\/tupique.com\/#website","url":"https:\/\/tupique.com\/","name":"Tupique","description":"Marketplace","publisher":{"@id":"https:\/\/tupique.com\/#organization"},"potentialAction":[{"@type":"SearchAction","target":{"@type":"EntryPoint","urlTemplate":"https:\/\/tupique.com\/?s={search_term_string}"},"query-input":{"@type":"PropertyValueSpecification","valueRequired":true,"valueName":"search_term_string"}}],"inLanguage":"pt-PT"},{"@type":"Organization","@id":"https:\/\/tupique.com\/#organization","name":"Tupique","url":"https:\/\/tupique.com\/","logo":{"@type":"ImageObject","inLanguage":"pt-PT","@id":"https:\/\/tupique.com\/#\/schema\/logo\/image\/","url":"https:\/\/tupique.com\/wp-content\/uploads\/2024\/09\/logo.png","contentUrl":"https:\/\/tupique.com\/wp-content\/uploads\/2024\/09\/logo.png","width":1118,"height":310,"caption":"Tupique"},"image":{"@id":"https:\/\/tupique.com\/#\/schema\/logo\/image\/"}}]}},"jetpack_sharing_enabled":true,"_links":{"self":[{"href":"https:\/\/tupique.com\/pt\/wp-json\/wp\/v2\/product\/4378204","targetHints":{"allow":["GET"]}}],"collection":[{"href":"https:\/\/tupique.com\/pt\/wp-json\/wp\/v2\/product"}],"about":[{"href":"https:\/\/tupique.com\/pt\/wp-json\/wp\/v2\/types\/product"}],"replies":[{"embeddable":true,"href":"https:\/\/tupique.com\/pt\/wp-json\/wp\/v2\/comments?post=4378204"}],"wp:featuredmedia":[{"embeddable":true,"href":"https:\/\/tupique.com\/pt\/wp-json\/wp\/v2\/media\/4378203"}],"wp:attachment":[{"href":"https:\/\/tupique.com\/pt\/wp-json\/wp\/v2\/media?parent=4378204"}],"wp:term":[{"taxonomy":"product_brand","embeddable":true,"href":"https:\/\/tupique.com\/pt\/wp-json\/wp\/v2\/product_brand?post=4378204"},{"taxonomy":"product_cat","embeddable":true,"href":"https:\/\/tupique.com\/pt\/wp-json\/wp\/v2\/product_cat?post=4378204"},{"taxonomy":"product_tag","embeddable":true,"href":"https:\/\/tupique.com\/pt\/wp-json\/wp\/v2\/product_tag?post=4378204"}],"curies":[{"name":"wp","href":"https:\/\/api.w.org\/{rel}","templated":true}]}}