{"id":4378367,"date":"2026-04-05T02:57:16","date_gmt":"2026-04-05T01:57:16","guid":{"rendered":"https:\/\/tupique.com\/produit\/pc-de-bureau-hp-pro-mini-260-g9-8-gb-ram-256-gb-ssd-i3-1315u\/"},"modified":"2026-04-05T02:57:16","modified_gmt":"2026-04-05T01:57:16","slug":"pc-de-bureau-hp-pro-mini-260-g9-8-gb-ram-256-gb-ssd-i3-1315u","status":"publish","type":"product","link":"https:\/\/tupique.com\/pt\/produto\/pc-de-bureau-hp-pro-mini-260-g9-8-gb-ram-256-gb-ssd-i3-1315u\/","title":{"rendered":"PC de bureau HP PRO MINI 260 G9 8 GB RAM 256 GB SSD I3-1315U"},"content":{"rendered":"<p>Se \u00e9 apaixonado por\u2019<b>inform\u00e1tica e eletr\u00f3nica<\/b>, Se est\u00e1 na vanguarda da tecnologia e n\u00e3o quer perder nada, compre <b>PC de bureau HP PRO MINI 260 G9 8 GB RAM 256 GB SSD I3-1315U<\/b> ao melhor pre\u00e7o.<\/p>\n<ul>\n<li>Produto de encaixe: Sim<\/li>\n<li>Tipo de tomada: tomada UE<\/li>\n<li>Tipo:\n<ul>\n<li>PC de bureau<\/li>\n<li>SSD<\/li>\n<li>Mini PC<\/li>\n<li>DDR4-SDRAM<\/li>\n<\/ul>\n<\/li>\n<li>Alimenta\u00e7\u00e3o el\u00e9ctrica:\n<ul>\n<li>r\u00e9seau \u00e9lectrique<\/li>\n<li>65 W<\/li>\n<li>65 V<\/li>\n<\/ul>\n<\/li>\n<li>Type d&#8217;unit\u00e9 optique: Non<\/li>\n<li>Contr\u00f4leur graphique: Intel UHD Graphics<\/li>\n<li>Inclui:\n<ul>\n<li>Souris<\/li>\n<li>Teclado<\/li>\n<li>SSD x 1<\/li>\n<\/ul>\n<\/li>\n<li>vitesse: 3200 MHz<\/li>\n<li>Sistema operativo: Windows 11 Pro<\/li>\n<li>Liga\u00e7\u00f5es:\n<ul>\n<li>HDMI<\/li>\n<li>DisplayPort<\/li>\n<li>LAN Ethernet<\/li>\n<li>RJ45<\/li>\n<li>USB 2.0 x 3<\/li>\n<li>HDMI 1.4<\/li>\n<li>USB-C 3.2 Gen 2 (3.1 Gen 2)<\/li>\n<li>DisplayPort 1.4a<\/li>\n<li>USB-A 3.2<\/li>\n<li>DisplayPort x 1<\/li>\n<li>C\u00e2ble jack 3,3 mm<\/li>\n<\/ul>\n<\/li>\n<li>Cor: preto<\/li>\n<li>Nombre de fils: 8<\/li>\n<li>Mem\u00f3ria RAM: 8 GB de RAM<\/li>\n<li>Disque dur: 256 GB SSD<\/li>\n<li>Carater\u00edsticas:\n<ul>\n<li>Altifalantes integrados<\/li>\n<li>Adaptateur graphique int\u00e9gr\u00e9<\/li>\n<\/ul>\n<\/li>\n<li>Type de m\u00e9moire: DDR4 SDRAM<\/li>\n<li>Compatible: PCI Express<\/li>\n<li>Connectivit\u00e9: Ethernet LAN<\/li>\n<li>Non Inclus:\n<ul>\n<li>Type d&#8217;unit\u00e9 optique<\/li>\n<li>Ecr\u00e3<\/li>\n<li>Wi-Fi<\/li>\n<li>Adaptateur graphique discret<\/li>\n<\/ul>\n<\/li>\n<li>Facteur de forme: SO-DIMM<\/li>\n<li>Plage d&#8217;humidit\u00e9 de travail: 10 % &#8211; 90 %<\/li>\n<li>Certificado: ENERGY STAR<\/li>\n<li>Fr\u00e9quence: 4,5 GHz<\/li>\n<li>Format: 1 x 8 GB<\/li>\n<li>Type de stockage: SSD<\/li>\n<li>Mem\u00f3ria interna: 256 GB<\/li>\n<li>Noyaux: 6 Noyaux<\/li>\n<li>Ann\u00e9e: 2023<\/li>\n<li>Famille de processeurs:\n<ul>\n<li>Intel Core i3<\/li>\n<li>Intel<\/li>\n<\/ul>\n<\/li>\n<li>Processeur: I3-1315U<\/li>\n<li>M\u00e9moire RAM maximale: 64 GB<\/li>\n<li>Vitesse de m\u00e9moire support\u00e9e: 3200 mhz<\/li>\n<\/ul>","protected":false},"excerpt":{"rendered":"<p>Si vous \u00eates passionn\u00e9 d&#8217;informatique et d&#8217;\u00e9lectronique, si vous \u00eates \u00e0 la pointe de la technologie et qu&#8217;aucun d\u00e9tail ne<\/p>","protected":false},"featured_media":4378364,"comment_status":"open","ping_status":"closed","template":"","meta":{"_joinchat":[]},"product_brand":[158040],"product_cat":[157516,157583,157584],"product_tag":[157514,157515],"class_list":{"0":"post-4378367","1":"product","2":"type-product","3":"status-publish","4":"has-post-thumbnail","6":"product_brand-brandp_909","7":"product_cat-informatique-electronique","8":"product_cat-informatique-ordinateurs","9":"product_cat-ordinateur-de-bureau","10":"product_tag-tag_933","11":"product_tag-tag_1295","13":"first","14":"instock","15":"taxable","16":"shipping-taxable","17":"purchasable","18":"product-type-simple"},"yoast_head":"<!-- This site is optimized with the Yoast SEO plugin v27.2 - https:\/\/yoast.com\/product\/yoast-seo-wordpress\/ -->\n<title>PC de bureau HP PRO MINI 260 G9 8 GB RAM 256 GB SSD I3-1315U - Tupique<\/title>\n<meta name=\"description\" content=\"Vous cherchez PC de bureau HP PRO MINI 260 G9 8 GB RAM 256 GB SSD I3-1315U ? Achetez des produits chez Tupique. Profitez de la livraison gratuite pour obtenir PC de bureau HP PRO MINI 260 G9 8 GB RAM 256 GB SSD I3-1315U d\u00e8s maintenant.\" \/>\n<meta name=\"robots\" content=\"index, follow, max-snippet:-1, max-image-preview:large, max-video-preview:-1\" \/>\n<link rel=\"canonical\" href=\"https:\/\/tupique.com\/pt\/produto\/pc-de-bureau-hp-pro-mini-260-g9-8-gb-ram-256-gb-ssd-i3-1315u\/\" \/>\n<meta property=\"og:locale\" content=\"pt_PT\" \/>\n<meta property=\"og:type\" content=\"article\" \/>\n<meta property=\"og:title\" content=\"PC de bureau HP PRO MINI 260 G9 8 GB RAM 256 GB SSD I3-1315U - Tupique\" \/>\n<meta property=\"og:description\" content=\"Vous cherchez PC de bureau HP PRO MINI 260 G9 8 GB RAM 256 GB SSD I3-1315U ? Achetez des produits chez Tupique. Profitez de la livraison gratuite pour obtenir PC de bureau HP PRO MINI 260 G9 8 GB RAM 256 GB SSD I3-1315U d\u00e8s maintenant.\" \/>\n<meta property=\"og:url\" content=\"https:\/\/tupique.com\/pt\/produto\/pc-de-bureau-hp-pro-mini-260-g9-8-gb-ram-256-gb-ssd-i3-1315u\/\" \/>\n<meta property=\"og:site_name\" content=\"Tupique\" \/>\n<meta name=\"twitter:card\" content=\"summary_large_image\" \/>\n<meta name=\"twitter:label1\" content=\"Tempo estimado de leitura\" \/>\n\t<meta name=\"twitter:data1\" content=\"1 minuto\" \/>\n<script type=\"application\/ld+json\" class=\"yoast-schema-graph\">{\"@context\":\"https:\/\/schema.org\",\"@graph\":[{\"@type\":\"WebPage\",\"@id\":\"https:\/\/tupique.com\/produit\/pc-de-bureau-hp-pro-mini-260-g9-8-gb-ram-256-gb-ssd-i3-1315u\/\",\"url\":\"https:\/\/tupique.com\/produit\/pc-de-bureau-hp-pro-mini-260-g9-8-gb-ram-256-gb-ssd-i3-1315u\/\",\"name\":\"PC de bureau HP PRO MINI 260 G9 8 GB RAM 256 GB SSD I3-1315U - Tupique\",\"isPartOf\":{\"@id\":\"https:\/\/tupique.com\/#website\"},\"primaryImageOfPage\":{\"@id\":\"https:\/\/tupique.com\/produit\/pc-de-bureau-hp-pro-mini-260-g9-8-gb-ram-256-gb-ssd-i3-1315u\/#primaryimage\"},\"image\":{\"@id\":\"https:\/\/tupique.com\/produit\/pc-de-bureau-hp-pro-mini-260-g9-8-gb-ram-256-gb-ssd-i3-1315u\/#primaryimage\"},\"thumbnailUrl\":\"https:\/\/tupique.com\/wp-content\/uploads\/2026\/04\/810400290.jpg\",\"datePublished\":\"2026-04-05T01:57:16+00:00\",\"description\":\"Vous cherchez PC de bureau HP PRO MINI 260 G9 8 GB RAM 256 GB SSD I3-1315U ? Achetez des produits chez Tupique. Profitez de la livraison gratuite pour obtenir PC de bureau HP PRO MINI 260 G9 8 GB RAM 256 GB SSD I3-1315U d\u00e8s maintenant.\",\"breadcrumb\":{\"@id\":\"https:\/\/tupique.com\/produit\/pc-de-bureau-hp-pro-mini-260-g9-8-gb-ram-256-gb-ssd-i3-1315u\/#breadcrumb\"},\"inLanguage\":\"pt-PT\",\"potentialAction\":[{\"@type\":\"ReadAction\",\"target\":[\"https:\/\/tupique.com\/produit\/pc-de-bureau-hp-pro-mini-260-g9-8-gb-ram-256-gb-ssd-i3-1315u\/\"]}]},{\"@type\":\"ImageObject\",\"inLanguage\":\"pt-PT\",\"@id\":\"https:\/\/tupique.com\/produit\/pc-de-bureau-hp-pro-mini-260-g9-8-gb-ram-256-gb-ssd-i3-1315u\/#primaryimage\",\"url\":\"https:\/\/tupique.com\/wp-content\/uploads\/2026\/04\/810400290.jpg\",\"contentUrl\":\"https:\/\/tupique.com\/wp-content\/uploads\/2026\/04\/810400290.jpg\",\"width\":1200,\"height\":1200,\"caption\":\"S55255395_0\"},{\"@type\":\"BreadcrumbList\",\"@id\":\"https:\/\/tupique.com\/produit\/pc-de-bureau-hp-pro-mini-260-g9-8-gb-ram-256-gb-ssd-i3-1315u\/#breadcrumb\",\"itemListElement\":[{\"@type\":\"ListItem\",\"position\":1,\"name\":\"In\u00edcio\",\"item\":\"https:\/\/tupique.com\/\"},{\"@type\":\"ListItem\",\"position\":2,\"name\":\"Boutique\",\"item\":\"https:\/\/tupique.com\/en\/boutique\/\"},{\"@type\":\"ListItem\",\"position\":3,\"name\":\"PC de bureau HP PRO MINI 260 G9 8 GB RAM 256 GB SSD I3-1315U\"}]},{\"@type\":\"WebSite\",\"@id\":\"https:\/\/tupique.com\/#website\",\"url\":\"https:\/\/tupique.com\/\",\"name\":\"Tupique\",\"description\":\"Marketplace\",\"publisher\":{\"@id\":\"https:\/\/tupique.com\/#organization\"},\"potentialAction\":[{\"@type\":\"SearchAction\",\"target\":{\"@type\":\"EntryPoint\",\"urlTemplate\":\"https:\/\/tupique.com\/?s={search_term_string}\"},\"query-input\":{\"@type\":\"PropertyValueSpecification\",\"valueRequired\":true,\"valueName\":\"search_term_string\"}}],\"inLanguage\":\"pt-PT\"},{\"@type\":\"Organization\",\"@id\":\"https:\/\/tupique.com\/#organization\",\"name\":\"Tupique\",\"url\":\"https:\/\/tupique.com\/\",\"logo\":{\"@type\":\"ImageObject\",\"inLanguage\":\"pt-PT\",\"@id\":\"https:\/\/tupique.com\/#\/schema\/logo\/image\/\",\"url\":\"https:\/\/tupique.com\/wp-content\/uploads\/2024\/09\/logo.png\",\"contentUrl\":\"https:\/\/tupique.com\/wp-content\/uploads\/2024\/09\/logo.png\",\"width\":1118,\"height\":310,\"caption\":\"Tupique\"},\"image\":{\"@id\":\"https:\/\/tupique.com\/#\/schema\/logo\/image\/\"}}]}<\/script>\n<!-- \/ Yoast SEO plugin. -->","yoast_head_json":{"title":"PC de bureau HP PRO MINI 260 G9 8 GB RAM 256 GB SSD I3-1315U - Tupique","description":"Vous cherchez PC de bureau HP PRO MINI 260 G9 8 GB RAM 256 GB SSD I3-1315U ? Achetez des produits chez Tupique. Profitez de la livraison gratuite pour obtenir PC de bureau HP PRO MINI 260 G9 8 GB RAM 256 GB SSD I3-1315U d\u00e8s maintenant.","robots":{"index":"index","follow":"follow","max-snippet":"max-snippet:-1","max-image-preview":"max-image-preview:large","max-video-preview":"max-video-preview:-1"},"canonical":"https:\/\/tupique.com\/pt\/produto\/pc-de-bureau-hp-pro-mini-260-g9-8-gb-ram-256-gb-ssd-i3-1315u\/","og_locale":"pt_PT","og_type":"article","og_title":"PC de bureau HP PRO MINI 260 G9 8 GB RAM 256 GB SSD I3-1315U - Tupique","og_description":"Vous cherchez PC de bureau HP PRO MINI 260 G9 8 GB RAM 256 GB SSD I3-1315U ? Achetez des produits chez Tupique. Profitez de la livraison gratuite pour obtenir PC de bureau HP PRO MINI 260 G9 8 GB RAM 256 GB SSD I3-1315U d\u00e8s maintenant.","og_url":"https:\/\/tupique.com\/pt\/produto\/pc-de-bureau-hp-pro-mini-260-g9-8-gb-ram-256-gb-ssd-i3-1315u\/","og_site_name":"Tupique","twitter_card":"summary_large_image","twitter_misc":{"Tempo estimado de leitura":"1 minuto"},"schema":{"@context":"https:\/\/schema.org","@graph":[{"@type":"WebPage","@id":"https:\/\/tupique.com\/produit\/pc-de-bureau-hp-pro-mini-260-g9-8-gb-ram-256-gb-ssd-i3-1315u\/","url":"https:\/\/tupique.com\/produit\/pc-de-bureau-hp-pro-mini-260-g9-8-gb-ram-256-gb-ssd-i3-1315u\/","name":"PC de bureau HP PRO MINI 260 G9 8 GB RAM 256 GB SSD I3-1315U - Tupique","isPartOf":{"@id":"https:\/\/tupique.com\/#website"},"primaryImageOfPage":{"@id":"https:\/\/tupique.com\/produit\/pc-de-bureau-hp-pro-mini-260-g9-8-gb-ram-256-gb-ssd-i3-1315u\/#primaryimage"},"image":{"@id":"https:\/\/tupique.com\/produit\/pc-de-bureau-hp-pro-mini-260-g9-8-gb-ram-256-gb-ssd-i3-1315u\/#primaryimage"},"thumbnailUrl":"https:\/\/tupique.com\/wp-content\/uploads\/2026\/04\/810400290.jpg","datePublished":"2026-04-05T01:57:16+00:00","description":"Vous cherchez PC de bureau HP PRO MINI 260 G9 8 GB RAM 256 GB SSD I3-1315U ? Achetez des produits chez Tupique. Profitez de la livraison gratuite pour obtenir PC de bureau HP PRO MINI 260 G9 8 GB RAM 256 GB SSD I3-1315U d\u00e8s maintenant.","breadcrumb":{"@id":"https:\/\/tupique.com\/produit\/pc-de-bureau-hp-pro-mini-260-g9-8-gb-ram-256-gb-ssd-i3-1315u\/#breadcrumb"},"inLanguage":"pt-PT","potentialAction":[{"@type":"ReadAction","target":["https:\/\/tupique.com\/produit\/pc-de-bureau-hp-pro-mini-260-g9-8-gb-ram-256-gb-ssd-i3-1315u\/"]}]},{"@type":"ImageObject","inLanguage":"pt-PT","@id":"https:\/\/tupique.com\/produit\/pc-de-bureau-hp-pro-mini-260-g9-8-gb-ram-256-gb-ssd-i3-1315u\/#primaryimage","url":"https:\/\/tupique.com\/wp-content\/uploads\/2026\/04\/810400290.jpg","contentUrl":"https:\/\/tupique.com\/wp-content\/uploads\/2026\/04\/810400290.jpg","width":1200,"height":1200,"caption":"S55255395_0"},{"@type":"BreadcrumbList","@id":"https:\/\/tupique.com\/produit\/pc-de-bureau-hp-pro-mini-260-g9-8-gb-ram-256-gb-ssd-i3-1315u\/#breadcrumb","itemListElement":[{"@type":"ListItem","position":1,"name":"In\u00edcio","item":"https:\/\/tupique.com\/"},{"@type":"ListItem","position":2,"name":"Boutique","item":"https:\/\/tupique.com\/en\/boutique\/"},{"@type":"ListItem","position":3,"name":"PC de bureau HP PRO MINI 260 G9 8 GB RAM 256 GB SSD I3-1315U"}]},{"@type":"WebSite","@id":"https:\/\/tupique.com\/#website","url":"https:\/\/tupique.com\/","name":"Tupique","description":"Marketplace","publisher":{"@id":"https:\/\/tupique.com\/#organization"},"potentialAction":[{"@type":"SearchAction","target":{"@type":"EntryPoint","urlTemplate":"https:\/\/tupique.com\/?s={search_term_string}"},"query-input":{"@type":"PropertyValueSpecification","valueRequired":true,"valueName":"search_term_string"}}],"inLanguage":"pt-PT"},{"@type":"Organization","@id":"https:\/\/tupique.com\/#organization","name":"Tupique","url":"https:\/\/tupique.com\/","logo":{"@type":"ImageObject","inLanguage":"pt-PT","@id":"https:\/\/tupique.com\/#\/schema\/logo\/image\/","url":"https:\/\/tupique.com\/wp-content\/uploads\/2024\/09\/logo.png","contentUrl":"https:\/\/tupique.com\/wp-content\/uploads\/2024\/09\/logo.png","width":1118,"height":310,"caption":"Tupique"},"image":{"@id":"https:\/\/tupique.com\/#\/schema\/logo\/image\/"}}]}},"jetpack_sharing_enabled":true,"_links":{"self":[{"href":"https:\/\/tupique.com\/pt\/wp-json\/wp\/v2\/product\/4378367","targetHints":{"allow":["GET"]}}],"collection":[{"href":"https:\/\/tupique.com\/pt\/wp-json\/wp\/v2\/product"}],"about":[{"href":"https:\/\/tupique.com\/pt\/wp-json\/wp\/v2\/types\/product"}],"replies":[{"embeddable":true,"href":"https:\/\/tupique.com\/pt\/wp-json\/wp\/v2\/comments?post=4378367"}],"wp:featuredmedia":[{"embeddable":true,"href":"https:\/\/tupique.com\/pt\/wp-json\/wp\/v2\/media\/4378364"}],"wp:attachment":[{"href":"https:\/\/tupique.com\/pt\/wp-json\/wp\/v2\/media?parent=4378367"}],"wp:term":[{"taxonomy":"product_brand","embeddable":true,"href":"https:\/\/tupique.com\/pt\/wp-json\/wp\/v2\/product_brand?post=4378367"},{"taxonomy":"product_cat","embeddable":true,"href":"https:\/\/tupique.com\/pt\/wp-json\/wp\/v2\/product_cat?post=4378367"},{"taxonomy":"product_tag","embeddable":true,"href":"https:\/\/tupique.com\/pt\/wp-json\/wp\/v2\/product_tag?post=4378367"}],"curies":[{"name":"wp","href":"https:\/\/api.w.org\/{rel}","templated":true}]}}