{"id":4378382,"date":"2026-04-05T02:57:33","date_gmt":"2026-04-05T01:57:33","guid":{"rendered":"https:\/\/tupique.com\/produit\/scanner-hp-6fw06ab19-600-dpi\/"},"modified":"2026-04-05T02:57:33","modified_gmt":"2026-04-05T01:57:33","slug":"scanner-hp-6fw06ab19-600-dpi","status":"publish","type":"product","link":"https:\/\/tupique.com\/pt\/produto\/scanner-hp-6fw06ab19-600-dpi\/","title":{"rendered":"Scanner HP 6FW06A#B19 600 DPI"},"content":{"rendered":"<p>Se \u00e9 apaixonado por\u2019<b>inform\u00e1tica e eletr\u00f3nica<\/b>, Se est\u00e1 na vanguarda da tecnologia e n\u00e3o quer perder nada, compre <b>Scanner HP 6FW06A#B19 600 DPI<\/b> ao melhor pre\u00e7o.<\/p>\n<ul>\n<li>Tipo:\n<ul>\n<li>Bureau<\/li>\n<li>Scanner<\/li>\n<\/ul>\n<\/li>\n<li>vitesse: 35 ppm<\/li>\n<li>Largeur: 30 cm<\/li>\n<li>Produto de encaixe: Sim<\/li>\n<li>Tipo de tomada: tomada UE<\/li>\n<li>Compatible:\n<ul>\n<li>Windows 10<\/li>\n<li>Linux<\/li>\n<li>Mac OS<\/li>\n<li>PC<\/li>\n<\/ul>\n<\/li>\n<li>Alimenta\u00e7\u00e3o el\u00e9ctrica:\n<ul>\n<li>r\u00e9seau \u00e9lectrique<\/li>\n<li>CA<\/li>\n<\/ul>\n<\/li>\n<li>Cor:\n<ul>\n<li>Branco<\/li>\n<li>Preto<\/li>\n<\/ul>\n<\/li>\n<li>Taille: A4<\/li>\n<li>R\u00e9solution d&#8217;image maximale: 600 x 600 dpi<\/li>\n<li>Ecr\u00e3 incorporado: N\u00e3o<\/li>\n<li>Liga\u00e7\u00f5es: USB<\/li>\n<li>Conectividade: Bluetooth<\/li>\n<li>Scanner: 600 x 600 dpi<\/li>\n<li>Papier: A4<\/li>\n<li>Caract\u00e9ristiques: Scanner Double Face<\/li>\n<li>Niveau sonore: 58 dB<\/li>\n<li>Certificado: ENERGY STAR<\/li>\n<\/ul>\n<p><\/p>\n<p>HP Scanjet Pro 2000 s2. R\u00e9solution de num\u00e9risation optique: 600 x 600 DPI, Autonomie quotidienne de la batterie: 3500 pages. Type de scanner: Alimentation papier de scanner, Couleur du produit: Noir, Blanc. Type de capteur: CMOS CIS, Cycle de fonctionnement par jour (max): 3000 pages, Fonctions des boutons: Num\u00e9risation en niveaux de gris. Capacit\u00e9 du chargeur automatique de documents: 50 feuilles. Taille de papier de s\u00e9rie A ISO maximum: A4<\/p>\n<p><\/p>\n<ul>\n<li>R\u00e9solution de num\u00e9risation optique: 600 x 600 DPI<\/li>\n<li>Num\u00e9risation recto verso: Non<\/li>\n<li>Num\u00e9risation couleur: Oui<\/li>\n<li>Autonomie quotidienne de la batterie: 3500 pages<\/li>\n<li>Type de scanner: Alimentation papier de scanner<\/li>\n<li>Ecr\u00e3 incorporado: N\u00e3o<\/li>\n<li>Couleur du produit: Noir, Blanc<\/li>\n<li>Type de capteur: CMOS CIS<\/li>\n<li>Cycle de fonctionnement par jour (max): 3000 pages<\/li>\n<li>Fonctions des boutons: Num\u00e9risation en niveaux de gris<\/li>\n<li>Niveau sonore du scanner, en fonctionnement: 58 dB<\/li>\n<li>Capacit\u00e9 du chargeur automatique de documents: 50 feuilles<\/li>\n<li>Taille de papier de s\u00e9rie A ISO maximum: A4<\/li>\n<li>Port USB: Oui<\/li>\n<li>Type d&#8217;alimentation d&#8217;\u00e9nergie: Secteur<\/li>\n<li>Pays d&#8217;origine: Chine<\/li>\n<li>Segment HP: Maison, Home office<\/li>\n<li>Prise en charge du syst\u00e8me d&#8217;exploitation Windows: Windows 10,Windows 7,Windows 8.1<\/li>\n<li>Prise en charge du syst\u00e8me d&#8217;exploitation Mac: Oui<\/li>\n<li>Prise en charge du syst\u00e8me d&#8217;exploitation Linux: Oui<\/li>\n<li>Certification: CECP; ENERGY STAR\u00ae 3.0 certified; EPEAT\u00ae Silver<\/li>\n<li>Largeur: 300 mm<\/li>\n<li>Profondeur: 172 mm<\/li>\n<li>Hauteur: 154 mm<\/li>\n<li>Poids: 2,7 kg<\/li>\n<li>Certificats de durabilit\u00e9: RoHS, ENERGY STAR<\/li>\n<li>Contenu de la bo\u00eete: Power cord; Power Adapter; USB Cable; Scanner Engine; Flyers; Install Guide<\/li>\n<\/ul>","protected":false},"excerpt":{"rendered":"<p>Si vous \u00eates passionn\u00e9 d&#8217;informatique et d&#8217;\u00e9lectronique, si vous \u00eates \u00e0 la pointe de la technologie et qu&#8217;aucun d\u00e9tail ne<\/p>","protected":false},"featured_media":4378380,"comment_status":"open","ping_status":"closed","template":"","meta":{"_joinchat":[]},"product_brand":[158040],"product_cat":[157516,157517,158047],"product_tag":[157514,157576,157515],"class_list":{"0":"post-4378382","1":"product","2":"type-product","3":"status-publish","4":"has-post-thumbnail","6":"product_brand-brandp_909","7":"product_cat-informatique-electronique","8":"product_cat-informatique-peripheriques-et-consommables","9":"product_cat-scanners","10":"product_tag-tag_933","11":"product_tag-tag_1279","12":"product_tag-tag_1295","14":"first","15":"instock","16":"taxable","17":"shipping-taxable","18":"purchasable","19":"product-type-simple"},"yoast_head":"<!-- This site is optimized with the Yoast SEO plugin v27.2 - https:\/\/yoast.com\/product\/yoast-seo-wordpress\/ -->\n<title>Scanner HP 6FW06A#B19 600 DPI - Tupique<\/title>\n<meta name=\"description\" content=\"Vous cherchez Scanner HP 6FW06A#B19 600 DPI ? Achetez des produits chez Tupique. Profitez de la livraison gratuite pour obtenir Scanner HP 6FW06A#B19 600 DPI d\u00e8s maintenant.\" \/>\n<meta name=\"robots\" content=\"index, follow, max-snippet:-1, max-image-preview:large, max-video-preview:-1\" \/>\n<link rel=\"canonical\" href=\"https:\/\/tupique.com\/pt\/produto\/scanner-hp-6fw06ab19-600-dpi\/\" \/>\n<meta property=\"og:locale\" content=\"pt_PT\" \/>\n<meta property=\"og:type\" content=\"article\" \/>\n<meta property=\"og:title\" content=\"Scanner HP 6FW06A#B19 600 DPI - Tupique\" \/>\n<meta property=\"og:description\" content=\"Vous cherchez Scanner HP 6FW06A#B19 600 DPI ? Achetez des produits chez Tupique. Profitez de la livraison gratuite pour obtenir Scanner HP 6FW06A#B19 600 DPI d\u00e8s maintenant.\" \/>\n<meta property=\"og:url\" content=\"https:\/\/tupique.com\/pt\/produto\/scanner-hp-6fw06ab19-600-dpi\/\" \/>\n<meta property=\"og:site_name\" content=\"Tupique\" \/>\n<meta name=\"twitter:card\" content=\"summary_large_image\" \/>\n<meta name=\"twitter:label1\" content=\"Tempo estimado de leitura\" \/>\n\t<meta name=\"twitter:data1\" content=\"1 minuto\" \/>\n<script type=\"application\/ld+json\" class=\"yoast-schema-graph\">{\"@context\":\"https:\/\/schema.org\",\"@graph\":[{\"@type\":\"WebPage\",\"@id\":\"https:\/\/tupique.com\/produit\/scanner-hp-6fw06ab19-600-dpi\/\",\"url\":\"https:\/\/tupique.com\/produit\/scanner-hp-6fw06ab19-600-dpi\/\",\"name\":\"Scanner HP 6FW06A#B19 600 DPI - Tupique\",\"isPartOf\":{\"@id\":\"https:\/\/tupique.com\/#website\"},\"primaryImageOfPage\":{\"@id\":\"https:\/\/tupique.com\/produit\/scanner-hp-6fw06ab19-600-dpi\/#primaryimage\"},\"image\":{\"@id\":\"https:\/\/tupique.com\/produit\/scanner-hp-6fw06ab19-600-dpi\/#primaryimage\"},\"thumbnailUrl\":\"https:\/\/tupique.com\/wp-content\/uploads\/2026\/04\/0193808948503_S5579945_P01.jpg\",\"datePublished\":\"2026-04-05T01:57:33+00:00\",\"description\":\"Vous cherchez Scanner HP 6FW06A#B19 600 DPI ? Achetez des produits chez Tupique. Profitez de la livraison gratuite pour obtenir Scanner HP 6FW06A#B19 600 DPI d\u00e8s maintenant.\",\"breadcrumb\":{\"@id\":\"https:\/\/tupique.com\/produit\/scanner-hp-6fw06ab19-600-dpi\/#breadcrumb\"},\"inLanguage\":\"pt-PT\",\"potentialAction\":[{\"@type\":\"ReadAction\",\"target\":[\"https:\/\/tupique.com\/produit\/scanner-hp-6fw06ab19-600-dpi\/\"]}]},{\"@type\":\"ImageObject\",\"inLanguage\":\"pt-PT\",\"@id\":\"https:\/\/tupique.com\/produit\/scanner-hp-6fw06ab19-600-dpi\/#primaryimage\",\"url\":\"https:\/\/tupique.com\/wp-content\/uploads\/2026\/04\/0193808948503_S5579945_P01.jpg\",\"contentUrl\":\"https:\/\/tupique.com\/wp-content\/uploads\/2026\/04\/0193808948503_S5579945_P01.jpg\",\"width\":1200,\"height\":1200,\"caption\":\"S55079945_0\"},{\"@type\":\"BreadcrumbList\",\"@id\":\"https:\/\/tupique.com\/produit\/scanner-hp-6fw06ab19-600-dpi\/#breadcrumb\",\"itemListElement\":[{\"@type\":\"ListItem\",\"position\":1,\"name\":\"In\u00edcio\",\"item\":\"https:\/\/tupique.com\/\"},{\"@type\":\"ListItem\",\"position\":2,\"name\":\"Boutique\",\"item\":\"https:\/\/tupique.com\/en\/boutique\/\"},{\"@type\":\"ListItem\",\"position\":3,\"name\":\"Scanner HP 6FW06A#B19 600 DPI\"}]},{\"@type\":\"WebSite\",\"@id\":\"https:\/\/tupique.com\/#website\",\"url\":\"https:\/\/tupique.com\/\",\"name\":\"Tupique\",\"description\":\"Marketplace\",\"publisher\":{\"@id\":\"https:\/\/tupique.com\/#organization\"},\"potentialAction\":[{\"@type\":\"SearchAction\",\"target\":{\"@type\":\"EntryPoint\",\"urlTemplate\":\"https:\/\/tupique.com\/?s={search_term_string}\"},\"query-input\":{\"@type\":\"PropertyValueSpecification\",\"valueRequired\":true,\"valueName\":\"search_term_string\"}}],\"inLanguage\":\"pt-PT\"},{\"@type\":\"Organization\",\"@id\":\"https:\/\/tupique.com\/#organization\",\"name\":\"Tupique\",\"url\":\"https:\/\/tupique.com\/\",\"logo\":{\"@type\":\"ImageObject\",\"inLanguage\":\"pt-PT\",\"@id\":\"https:\/\/tupique.com\/#\/schema\/logo\/image\/\",\"url\":\"https:\/\/tupique.com\/wp-content\/uploads\/2024\/09\/logo.png\",\"contentUrl\":\"https:\/\/tupique.com\/wp-content\/uploads\/2024\/09\/logo.png\",\"width\":1118,\"height\":310,\"caption\":\"Tupique\"},\"image\":{\"@id\":\"https:\/\/tupique.com\/#\/schema\/logo\/image\/\"}}]}<\/script>\n<!-- \/ Yoast SEO plugin. -->","yoast_head_json":{"title":"Scanner HP 6FW06A#B19 600 DPI - Tupique","description":"Vous cherchez Scanner HP 6FW06A#B19 600 DPI ? Achetez des produits chez Tupique. Profitez de la livraison gratuite pour obtenir Scanner HP 6FW06A#B19 600 DPI d\u00e8s maintenant.","robots":{"index":"index","follow":"follow","max-snippet":"max-snippet:-1","max-image-preview":"max-image-preview:large","max-video-preview":"max-video-preview:-1"},"canonical":"https:\/\/tupique.com\/pt\/produto\/scanner-hp-6fw06ab19-600-dpi\/","og_locale":"pt_PT","og_type":"article","og_title":"Scanner HP 6FW06A#B19 600 DPI - Tupique","og_description":"Vous cherchez Scanner HP 6FW06A#B19 600 DPI ? Achetez des produits chez Tupique. Profitez de la livraison gratuite pour obtenir Scanner HP 6FW06A#B19 600 DPI d\u00e8s maintenant.","og_url":"https:\/\/tupique.com\/pt\/produto\/scanner-hp-6fw06ab19-600-dpi\/","og_site_name":"Tupique","twitter_card":"summary_large_image","twitter_misc":{"Tempo estimado de leitura":"1 minuto"},"schema":{"@context":"https:\/\/schema.org","@graph":[{"@type":"WebPage","@id":"https:\/\/tupique.com\/produit\/scanner-hp-6fw06ab19-600-dpi\/","url":"https:\/\/tupique.com\/produit\/scanner-hp-6fw06ab19-600-dpi\/","name":"Scanner HP 6FW06A#B19 600 DPI - Tupique","isPartOf":{"@id":"https:\/\/tupique.com\/#website"},"primaryImageOfPage":{"@id":"https:\/\/tupique.com\/produit\/scanner-hp-6fw06ab19-600-dpi\/#primaryimage"},"image":{"@id":"https:\/\/tupique.com\/produit\/scanner-hp-6fw06ab19-600-dpi\/#primaryimage"},"thumbnailUrl":"https:\/\/tupique.com\/wp-content\/uploads\/2026\/04\/0193808948503_S5579945_P01.jpg","datePublished":"2026-04-05T01:57:33+00:00","description":"Vous cherchez Scanner HP 6FW06A#B19 600 DPI ? Achetez des produits chez Tupique. Profitez de la livraison gratuite pour obtenir Scanner HP 6FW06A#B19 600 DPI d\u00e8s maintenant.","breadcrumb":{"@id":"https:\/\/tupique.com\/produit\/scanner-hp-6fw06ab19-600-dpi\/#breadcrumb"},"inLanguage":"pt-PT","potentialAction":[{"@type":"ReadAction","target":["https:\/\/tupique.com\/produit\/scanner-hp-6fw06ab19-600-dpi\/"]}]},{"@type":"ImageObject","inLanguage":"pt-PT","@id":"https:\/\/tupique.com\/produit\/scanner-hp-6fw06ab19-600-dpi\/#primaryimage","url":"https:\/\/tupique.com\/wp-content\/uploads\/2026\/04\/0193808948503_S5579945_P01.jpg","contentUrl":"https:\/\/tupique.com\/wp-content\/uploads\/2026\/04\/0193808948503_S5579945_P01.jpg","width":1200,"height":1200,"caption":"S55079945_0"},{"@type":"BreadcrumbList","@id":"https:\/\/tupique.com\/produit\/scanner-hp-6fw06ab19-600-dpi\/#breadcrumb","itemListElement":[{"@type":"ListItem","position":1,"name":"In\u00edcio","item":"https:\/\/tupique.com\/"},{"@type":"ListItem","position":2,"name":"Boutique","item":"https:\/\/tupique.com\/en\/boutique\/"},{"@type":"ListItem","position":3,"name":"Scanner HP 6FW06A#B19 600 DPI"}]},{"@type":"WebSite","@id":"https:\/\/tupique.com\/#website","url":"https:\/\/tupique.com\/","name":"Tupique","description":"Marketplace","publisher":{"@id":"https:\/\/tupique.com\/#organization"},"potentialAction":[{"@type":"SearchAction","target":{"@type":"EntryPoint","urlTemplate":"https:\/\/tupique.com\/?s={search_term_string}"},"query-input":{"@type":"PropertyValueSpecification","valueRequired":true,"valueName":"search_term_string"}}],"inLanguage":"pt-PT"},{"@type":"Organization","@id":"https:\/\/tupique.com\/#organization","name":"Tupique","url":"https:\/\/tupique.com\/","logo":{"@type":"ImageObject","inLanguage":"pt-PT","@id":"https:\/\/tupique.com\/#\/schema\/logo\/image\/","url":"https:\/\/tupique.com\/wp-content\/uploads\/2024\/09\/logo.png","contentUrl":"https:\/\/tupique.com\/wp-content\/uploads\/2024\/09\/logo.png","width":1118,"height":310,"caption":"Tupique"},"image":{"@id":"https:\/\/tupique.com\/#\/schema\/logo\/image\/"}}]}},"jetpack_sharing_enabled":true,"_links":{"self":[{"href":"https:\/\/tupique.com\/pt\/wp-json\/wp\/v2\/product\/4378382","targetHints":{"allow":["GET"]}}],"collection":[{"href":"https:\/\/tupique.com\/pt\/wp-json\/wp\/v2\/product"}],"about":[{"href":"https:\/\/tupique.com\/pt\/wp-json\/wp\/v2\/types\/product"}],"replies":[{"embeddable":true,"href":"https:\/\/tupique.com\/pt\/wp-json\/wp\/v2\/comments?post=4378382"}],"wp:featuredmedia":[{"embeddable":true,"href":"https:\/\/tupique.com\/pt\/wp-json\/wp\/v2\/media\/4378380"}],"wp:attachment":[{"href":"https:\/\/tupique.com\/pt\/wp-json\/wp\/v2\/media?parent=4378382"}],"wp:term":[{"taxonomy":"product_brand","embeddable":true,"href":"https:\/\/tupique.com\/pt\/wp-json\/wp\/v2\/product_brand?post=4378382"},{"taxonomy":"product_cat","embeddable":true,"href":"https:\/\/tupique.com\/pt\/wp-json\/wp\/v2\/product_cat?post=4378382"},{"taxonomy":"product_tag","embeddable":true,"href":"https:\/\/tupique.com\/pt\/wp-json\/wp\/v2\/product_tag?post=4378382"}],"curies":[{"name":"wp","href":"https:\/\/api.w.org\/{rel}","templated":true}]}}