{"id":4378482,"date":"2026-04-05T03:01:41","date_gmt":"2026-04-05T02:01:41","guid":{"rendered":"https:\/\/tupique.com\/produit\/stockage-en-reseau-nas-synology-rs2423-noir-noir-gris-am4-socket-amd-ryzen\/"},"modified":"2026-04-06T03:07:48","modified_gmt":"2026-04-06T02:07:48","slug":"stockage-en-reseau-nas-synology-rs2423-noir-noir-gris-am4-socket-amd-ryzen","status":"publish","type":"product","link":"https:\/\/tupique.com\/pt\/produto\/stockage-en-reseau-nas-synology-rs2423-noir-noir-gris-am4-socket-amd-ryzen\/","title":{"rendered":"Stockage en R\u00e9seau NAS Synology RS2423+ Noir Noir\/Gris AM4 Socket: AMD Ryzen\u2122"},"content":{"rendered":"<p>Se \u00e9 apaixonado por\u2019<b>inform\u00e1tica e eletr\u00f3nica<\/b>, Se est\u00e1 na vanguarda da tecnologia e n\u00e3o quer perder nada, compre <b>Stockage en R\u00e9seau NAS Synology RS2423+ Noir Noir\/Gris AM4 Socket: AMD Ryzen\u2122<\/b> ao melhor pre\u00e7o.<\/p>\n<p>Le <b>Synology RS2423+<\/b> est un serveur de <b>stockage en r\u00e9seau NAS<\/b> con\u00e7u pour les environnements professionnels n\u00e9cessitant une grande capacit\u00e9 et performance en format rack. Cet appareil dispose de <b>12 baies compatibles avec disques durs et SSD de 3,5 et 2,5 pouces<\/b>, offrant une flexibilit\u00e9 pour des configurations personnalis\u00e9es selon les besoins de stockage. \u00c9quip\u00e9 de <b>8 Go de m\u00e9moire RAM DDR4<\/b>, il assure une gestion fluide des t\u00e2ches multiples et des acc\u00e8s simultan\u00e9s, optimisant la vitesse de transfert et de sauvegarde des donn\u00e9es. Son ch\u00e2ssis pr\u00e9sente une finition <b>preto<\/b> facilitant son int\u00e9gration dans les racks d\u2019entreprise et les centres de donn\u00e9es. C\u00f4t\u00e9 connectivit\u00e9, il dispose de ports <b>USB et RJ45<\/b>, permettant des connexions rapides et s\u00e9curis\u00e9es aux r\u00e9seaux locaux et aux p\u00e9riph\u00e9riques externes pour extension ou maintenance. Il b\u00e9n\u00e9ficie d\u2019une alimentation efficace de <b>500 W<\/b>, avec c\u00e2ble secteur inclus, garantissant une alimentation stable et prot\u00e9g\u00e9e. Le <b>format rack<\/b> est con\u00e7u pour maximiser l\u2019espace dans les environnements techniques, avec une installation standard en baie optimisant l\u2019organisation physique de l\u2019\u00e9quipement. En r\u00e9sum\u00e9, le Synology RS2423+ est une solution robuste et polyvalente offrant haute capacit\u00e9, performance et connectivit\u00e9 avanc\u00e9e, destin\u00e9e aux entreprises qui exigent un <b>NAS fiable et \u00e9volutif<\/b> pour g\u00e9rer de grands volumes d\u2019informations de mani\u00e8re s\u00e9curis\u00e9e et efficace.<\/p>\n<ul>\n<li>Alimenta\u00e7\u00e3o el\u00e9ctrica:\n<ul>\n<li>C\u00e2ble<\/li>\n<li>500 W<\/li>\n<li>r\u00e9seau \u00e9lectrique<\/li>\n<li>Cabo de alimenta\u00e7\u00e3o AC<\/li>\n<li>Int\u00e9rieur<\/li>\n<\/ul>\n<\/li>\n<li>Nombre de Baies: x 12<\/li>\n<li>Produto de encaixe: Sim<\/li>\n<li>Tipo:\n<ul>\n<li>NAS<\/li>\n<li>DDR4<\/li>\n<li>HDD\/SSD<\/li>\n<\/ul>\n<\/li>\n<li>Transmiss\u00e3o de dados: 1000 Mbit\/s<\/li>\n<li>Liga\u00e7\u00f5es:\n<ul>\n<li>Sata II<\/li>\n<li>LAN Ethernet<\/li>\n<li>UDIMM<\/li>\n<li>2<\/li>\n<li>3<\/li>\n<li>USB<\/li>\n<li>RJ45<\/li>\n<li>USB-A 3.2<\/li>\n<\/ul>\n<\/li>\n<li>Ecr\u00e3 incorporado: N\u00e3o<\/li>\n<li>Frequ\u00eancia:\n<ul>\n<li>50-60 Hz<\/li>\n<li>50 &#8211; 60 Hz<\/li>\n<\/ul>\n<\/li>\n<li>Tens\u00e3o:\n<ul>\n<li>100-240 V<\/li>\n<li>100 - 240 V<\/li>\n<\/ul>\n<\/li>\n<li>Compatible:\n<ul>\n<li>HDD\/SSD<\/li>\n<li>2,5&#8243;-3,5&#8243;<\/li>\n<li>Raid 0,1,5,6,10,JBOD<\/li>\n<\/ul>\n<\/li>\n<li>Ventillateur: 3<\/li>\n<li>Tipo de tomada: tomada UE<\/li>\n<li>Cor:\n<ul>\n<li>Preto<\/li>\n<li>Cinzento<\/li>\n<\/ul>\n<\/li>\n<li>Mem\u00f3ria RAM: 8 GB de RAM<\/li>\n<li>puissance: 500 W<\/li>\n<li>Connectivit\u00e9: Ethernet LAN<\/li>\n<li>Carater\u00edsticas: LED indicador de funcionamento<\/li>\n<li>Taille maximale de la carte m\u00e9moire: 32 GB<\/li>\n<li>Certificat: CE &#8211; RoHS<\/li>\n<li>Type de m\u00e9moire: DDR4<\/li>\n<li>M\u00e9moire: x 2<\/li>\n<li>vitesse:\n<ul>\n<li>10\/100\/1000\/10000 Mbps<\/li>\n<li>3.6 Ghz<\/li>\n<\/ul>\n<\/li>\n<li>Syst\u00e8me d&#8217;exploitation: DiskStation Manager<\/li>\n<li>Noyaux: 4 Noyaux<\/li>\n<li>Famille de processeurs: AMD<\/li>\n<\/ul>","protected":false},"excerpt":{"rendered":"<p>Si vous \u00eates passionn\u00e9 d&#8217;informatique et d&#8217;\u00e9lectronique, si vous \u00eates \u00e0 la pointe de la technologie et qu&#8217;aucun d\u00e9tail ne<\/p>","protected":false},"featured_media":4378480,"comment_status":"open","ping_status":"closed","template":"","meta":{"_joinchat":[]},"product_brand":[158110],"product_cat":[157521,157516,157520],"product_tag":[157515],"class_list":{"0":"post-4378482","1":"product","2":"type-product","3":"status-publish","4":"has-post-thumbnail","6":"product_brand-brandp_653","7":"product_cat-disques-durs","8":"product_cat-informatique-electronique","9":"product_cat-informatique-reseaux-et-composants","10":"product_tag-tag_1295","12":"first","13":"instock","14":"taxable","15":"shipping-taxable","16":"purchasable","17":"product-type-simple"},"yoast_head":"<!-- This site is optimized with the Yoast SEO plugin v27.2 - https:\/\/yoast.com\/product\/yoast-seo-wordpress\/ -->\n<title>Stockage en R\u00e9seau NAS Synology RS2423+ Noir Noir\/Gris AM4 Socket: AMD Ryzen\u2122 - Tupique<\/title>\n<meta name=\"description\" content=\"Vous cherchez Stockage en R\u00e9seau NAS Synology RS2423+ Noir Noir\/Gris AM4 Socket: AMD Ryzen\u2122 ? Achetez des produits chez Tupique. Profitez de la livraison gratuite pour obtenir Stockage en R\u00e9seau NAS Synology RS2423+ Noir Noir\/Gris AM4 Socket: AMD Ryzen\u2122 d\u00e8s maintenant.\" \/>\n<meta name=\"robots\" content=\"index, follow, max-snippet:-1, max-image-preview:large, max-video-preview:-1\" \/>\n<link rel=\"canonical\" href=\"https:\/\/tupique.com\/pt\/produto\/stockage-en-reseau-nas-synology-rs2423-noir-noir-gris-am4-socket-amd-ryzen\/\" \/>\n<meta property=\"og:locale\" content=\"pt_PT\" \/>\n<meta property=\"og:type\" content=\"article\" \/>\n<meta property=\"og:title\" content=\"Stockage en R\u00e9seau NAS Synology RS2423+ Noir Noir\/Gris AM4 Socket: AMD Ryzen\u2122 - Tupique\" \/>\n<meta property=\"og:description\" content=\"Vous cherchez Stockage en R\u00e9seau NAS Synology RS2423+ Noir Noir\/Gris AM4 Socket: AMD Ryzen\u2122 ? Achetez des produits chez Tupique. Profitez de la livraison gratuite pour obtenir Stockage en R\u00e9seau NAS Synology RS2423+ Noir Noir\/Gris AM4 Socket: AMD Ryzen\u2122 d\u00e8s maintenant.\" \/>\n<meta property=\"og:url\" content=\"https:\/\/tupique.com\/pt\/produto\/stockage-en-reseau-nas-synology-rs2423-noir-noir-gris-am4-socket-amd-ryzen\/\" \/>\n<meta property=\"og:site_name\" content=\"Tupique\" \/>\n<meta property=\"article:modified_time\" content=\"2026-04-06T02:07:48+00:00\" \/>\n<meta property=\"og:image\" content=\"https:\/\/tupique.com\/wp-content\/uploads\/2026\/04\/S55265441_4711174724901_P00.jpg\" \/>\n\t<meta property=\"og:image:width\" content=\"1200\" \/>\n\t<meta property=\"og:image:height\" content=\"1200\" \/>\n\t<meta property=\"og:image:type\" content=\"image\/jpeg\" \/>\n<meta name=\"twitter:card\" content=\"summary_large_image\" \/>\n<meta name=\"twitter:label1\" content=\"Tempo estimado de leitura\" \/>\n\t<meta name=\"twitter:data1\" content=\"2 minutos\" \/>\n<script type=\"application\/ld+json\" class=\"yoast-schema-graph\">{\"@context\":\"https:\/\/schema.org\",\"@graph\":[{\"@type\":\"WebPage\",\"@id\":\"https:\/\/tupique.com\/produit\/stockage-en-reseau-nas-synology-rs2423-noir-noir-gris-am4-socket-amd-ryzen\/\",\"url\":\"https:\/\/tupique.com\/produit\/stockage-en-reseau-nas-synology-rs2423-noir-noir-gris-am4-socket-amd-ryzen\/\",\"name\":\"Stockage en R\u00e9seau NAS Synology RS2423+ Noir Noir\/Gris AM4 Socket: AMD Ryzen\u2122 - Tupique\",\"isPartOf\":{\"@id\":\"https:\/\/tupique.com\/#website\"},\"primaryImageOfPage\":{\"@id\":\"https:\/\/tupique.com\/produit\/stockage-en-reseau-nas-synology-rs2423-noir-noir-gris-am4-socket-amd-ryzen\/#primaryimage\"},\"image\":{\"@id\":\"https:\/\/tupique.com\/produit\/stockage-en-reseau-nas-synology-rs2423-noir-noir-gris-am4-socket-amd-ryzen\/#primaryimage\"},\"thumbnailUrl\":\"https:\/\/tupique.com\/wp-content\/uploads\/2026\/04\/S55265441_4711174724901_P00.jpg\",\"datePublished\":\"2026-04-05T02:01:41+00:00\",\"dateModified\":\"2026-04-06T02:07:48+00:00\",\"description\":\"Vous cherchez Stockage en R\u00e9seau NAS Synology RS2423+ Noir Noir\/Gris AM4 Socket: AMD Ryzen\u2122 ? Achetez des produits chez Tupique. Profitez de la livraison gratuite pour obtenir Stockage en R\u00e9seau NAS Synology RS2423+ Noir Noir\/Gris AM4 Socket: AMD Ryzen\u2122 d\u00e8s maintenant.\",\"breadcrumb\":{\"@id\":\"https:\/\/tupique.com\/produit\/stockage-en-reseau-nas-synology-rs2423-noir-noir-gris-am4-socket-amd-ryzen\/#breadcrumb\"},\"inLanguage\":\"pt-PT\",\"potentialAction\":[{\"@type\":\"ReadAction\",\"target\":[\"https:\/\/tupique.com\/produit\/stockage-en-reseau-nas-synology-rs2423-noir-noir-gris-am4-socket-amd-ryzen\/\"]}]},{\"@type\":\"ImageObject\",\"inLanguage\":\"pt-PT\",\"@id\":\"https:\/\/tupique.com\/produit\/stockage-en-reseau-nas-synology-rs2423-noir-noir-gris-am4-socket-amd-ryzen\/#primaryimage\",\"url\":\"https:\/\/tupique.com\/wp-content\/uploads\/2026\/04\/S55265441_4711174724901_P00.jpg\",\"contentUrl\":\"https:\/\/tupique.com\/wp-content\/uploads\/2026\/04\/S55265441_4711174724901_P00.jpg\",\"width\":1200,\"height\":1200,\"caption\":\"S55265441_0\"},{\"@type\":\"BreadcrumbList\",\"@id\":\"https:\/\/tupique.com\/produit\/stockage-en-reseau-nas-synology-rs2423-noir-noir-gris-am4-socket-amd-ryzen\/#breadcrumb\",\"itemListElement\":[{\"@type\":\"ListItem\",\"position\":1,\"name\":\"In\u00edcio\",\"item\":\"https:\/\/tupique.com\/\"},{\"@type\":\"ListItem\",\"position\":2,\"name\":\"Boutique\",\"item\":\"https:\/\/tupique.com\/en\/boutique\/\"},{\"@type\":\"ListItem\",\"position\":3,\"name\":\"Stockage en R\u00e9seau NAS Synology RS2423+ Noir Noir\/Gris AM4 Socket: AMD Ryzen\u2122\"}]},{\"@type\":\"WebSite\",\"@id\":\"https:\/\/tupique.com\/#website\",\"url\":\"https:\/\/tupique.com\/\",\"name\":\"Tupique\",\"description\":\"Marketplace\",\"publisher\":{\"@id\":\"https:\/\/tupique.com\/#organization\"},\"potentialAction\":[{\"@type\":\"SearchAction\",\"target\":{\"@type\":\"EntryPoint\",\"urlTemplate\":\"https:\/\/tupique.com\/?s={search_term_string}\"},\"query-input\":{\"@type\":\"PropertyValueSpecification\",\"valueRequired\":true,\"valueName\":\"search_term_string\"}}],\"inLanguage\":\"pt-PT\"},{\"@type\":\"Organization\",\"@id\":\"https:\/\/tupique.com\/#organization\",\"name\":\"Tupique\",\"url\":\"https:\/\/tupique.com\/\",\"logo\":{\"@type\":\"ImageObject\",\"inLanguage\":\"pt-PT\",\"@id\":\"https:\/\/tupique.com\/#\/schema\/logo\/image\/\",\"url\":\"https:\/\/tupique.com\/wp-content\/uploads\/2024\/09\/logo.png\",\"contentUrl\":\"https:\/\/tupique.com\/wp-content\/uploads\/2024\/09\/logo.png\",\"width\":1118,\"height\":310,\"caption\":\"Tupique\"},\"image\":{\"@id\":\"https:\/\/tupique.com\/#\/schema\/logo\/image\/\"}}]}<\/script>\n<!-- \/ Yoast SEO plugin. -->","yoast_head_json":{"title":"Stockage en R\u00e9seau NAS Synology RS2423+ Noir Noir\/Gris AM4 Socket: AMD Ryzen\u2122 - Tupique","description":"Vous cherchez Stockage en R\u00e9seau NAS Synology RS2423+ Noir Noir\/Gris AM4 Socket: AMD Ryzen\u2122 ? Achetez des produits chez Tupique. Profitez de la livraison gratuite pour obtenir Stockage en R\u00e9seau NAS Synology RS2423+ Noir Noir\/Gris AM4 Socket: AMD Ryzen\u2122 d\u00e8s maintenant.","robots":{"index":"index","follow":"follow","max-snippet":"max-snippet:-1","max-image-preview":"max-image-preview:large","max-video-preview":"max-video-preview:-1"},"canonical":"https:\/\/tupique.com\/pt\/produto\/stockage-en-reseau-nas-synology-rs2423-noir-noir-gris-am4-socket-amd-ryzen\/","og_locale":"pt_PT","og_type":"article","og_title":"Stockage en R\u00e9seau NAS Synology RS2423+ Noir Noir\/Gris AM4 Socket: AMD Ryzen\u2122 - Tupique","og_description":"Vous cherchez Stockage en R\u00e9seau NAS Synology RS2423+ Noir Noir\/Gris AM4 Socket: AMD Ryzen\u2122 ? Achetez des produits chez Tupique. Profitez de la livraison gratuite pour obtenir Stockage en R\u00e9seau NAS Synology RS2423+ Noir Noir\/Gris AM4 Socket: AMD Ryzen\u2122 d\u00e8s maintenant.","og_url":"https:\/\/tupique.com\/pt\/produto\/stockage-en-reseau-nas-synology-rs2423-noir-noir-gris-am4-socket-amd-ryzen\/","og_site_name":"Tupique","article_modified_time":"2026-04-06T02:07:48+00:00","og_image":[{"width":1200,"height":1200,"url":"https:\/\/tupique.com\/wp-content\/uploads\/2026\/04\/S55265441_4711174724901_P00.jpg","type":"image\/jpeg"}],"twitter_card":"summary_large_image","twitter_misc":{"Tempo estimado de leitura":"2 minutos"},"schema":{"@context":"https:\/\/schema.org","@graph":[{"@type":"WebPage","@id":"https:\/\/tupique.com\/produit\/stockage-en-reseau-nas-synology-rs2423-noir-noir-gris-am4-socket-amd-ryzen\/","url":"https:\/\/tupique.com\/produit\/stockage-en-reseau-nas-synology-rs2423-noir-noir-gris-am4-socket-amd-ryzen\/","name":"Stockage en R\u00e9seau NAS Synology RS2423+ Noir Noir\/Gris AM4 Socket: AMD Ryzen\u2122 - Tupique","isPartOf":{"@id":"https:\/\/tupique.com\/#website"},"primaryImageOfPage":{"@id":"https:\/\/tupique.com\/produit\/stockage-en-reseau-nas-synology-rs2423-noir-noir-gris-am4-socket-amd-ryzen\/#primaryimage"},"image":{"@id":"https:\/\/tupique.com\/produit\/stockage-en-reseau-nas-synology-rs2423-noir-noir-gris-am4-socket-amd-ryzen\/#primaryimage"},"thumbnailUrl":"https:\/\/tupique.com\/wp-content\/uploads\/2026\/04\/S55265441_4711174724901_P00.jpg","datePublished":"2026-04-05T02:01:41+00:00","dateModified":"2026-04-06T02:07:48+00:00","description":"Vous cherchez Stockage en R\u00e9seau NAS Synology RS2423+ Noir Noir\/Gris AM4 Socket: AMD Ryzen\u2122 ? Achetez des produits chez Tupique. Profitez de la livraison gratuite pour obtenir Stockage en R\u00e9seau NAS Synology RS2423+ Noir Noir\/Gris AM4 Socket: AMD Ryzen\u2122 d\u00e8s maintenant.","breadcrumb":{"@id":"https:\/\/tupique.com\/produit\/stockage-en-reseau-nas-synology-rs2423-noir-noir-gris-am4-socket-amd-ryzen\/#breadcrumb"},"inLanguage":"pt-PT","potentialAction":[{"@type":"ReadAction","target":["https:\/\/tupique.com\/produit\/stockage-en-reseau-nas-synology-rs2423-noir-noir-gris-am4-socket-amd-ryzen\/"]}]},{"@type":"ImageObject","inLanguage":"pt-PT","@id":"https:\/\/tupique.com\/produit\/stockage-en-reseau-nas-synology-rs2423-noir-noir-gris-am4-socket-amd-ryzen\/#primaryimage","url":"https:\/\/tupique.com\/wp-content\/uploads\/2026\/04\/S55265441_4711174724901_P00.jpg","contentUrl":"https:\/\/tupique.com\/wp-content\/uploads\/2026\/04\/S55265441_4711174724901_P00.jpg","width":1200,"height":1200,"caption":"S55265441_0"},{"@type":"BreadcrumbList","@id":"https:\/\/tupique.com\/produit\/stockage-en-reseau-nas-synology-rs2423-noir-noir-gris-am4-socket-amd-ryzen\/#breadcrumb","itemListElement":[{"@type":"ListItem","position":1,"name":"In\u00edcio","item":"https:\/\/tupique.com\/"},{"@type":"ListItem","position":2,"name":"Boutique","item":"https:\/\/tupique.com\/en\/boutique\/"},{"@type":"ListItem","position":3,"name":"Stockage en R\u00e9seau NAS Synology RS2423+ Noir Noir\/Gris AM4 Socket: AMD Ryzen\u2122"}]},{"@type":"WebSite","@id":"https:\/\/tupique.com\/#website","url":"https:\/\/tupique.com\/","name":"Tupique","description":"Marketplace","publisher":{"@id":"https:\/\/tupique.com\/#organization"},"potentialAction":[{"@type":"SearchAction","target":{"@type":"EntryPoint","urlTemplate":"https:\/\/tupique.com\/?s={search_term_string}"},"query-input":{"@type":"PropertyValueSpecification","valueRequired":true,"valueName":"search_term_string"}}],"inLanguage":"pt-PT"},{"@type":"Organization","@id":"https:\/\/tupique.com\/#organization","name":"Tupique","url":"https:\/\/tupique.com\/","logo":{"@type":"ImageObject","inLanguage":"pt-PT","@id":"https:\/\/tupique.com\/#\/schema\/logo\/image\/","url":"https:\/\/tupique.com\/wp-content\/uploads\/2024\/09\/logo.png","contentUrl":"https:\/\/tupique.com\/wp-content\/uploads\/2024\/09\/logo.png","width":1118,"height":310,"caption":"Tupique"},"image":{"@id":"https:\/\/tupique.com\/#\/schema\/logo\/image\/"}}]}},"jetpack_sharing_enabled":true,"_links":{"self":[{"href":"https:\/\/tupique.com\/pt\/wp-json\/wp\/v2\/product\/4378482","targetHints":{"allow":["GET"]}}],"collection":[{"href":"https:\/\/tupique.com\/pt\/wp-json\/wp\/v2\/product"}],"about":[{"href":"https:\/\/tupique.com\/pt\/wp-json\/wp\/v2\/types\/product"}],"replies":[{"embeddable":true,"href":"https:\/\/tupique.com\/pt\/wp-json\/wp\/v2\/comments?post=4378482"}],"wp:featuredmedia":[{"embeddable":true,"href":"https:\/\/tupique.com\/pt\/wp-json\/wp\/v2\/media\/4378480"}],"wp:attachment":[{"href":"https:\/\/tupique.com\/pt\/wp-json\/wp\/v2\/media?parent=4378482"}],"wp:term":[{"taxonomy":"product_brand","embeddable":true,"href":"https:\/\/tupique.com\/pt\/wp-json\/wp\/v2\/product_brand?post=4378482"},{"taxonomy":"product_cat","embeddable":true,"href":"https:\/\/tupique.com\/pt\/wp-json\/wp\/v2\/product_cat?post=4378482"},{"taxonomy":"product_tag","embeddable":true,"href":"https:\/\/tupique.com\/pt\/wp-json\/wp\/v2\/product_tag?post=4378482"}],"curies":[{"name":"wp","href":"https:\/\/api.w.org\/{rel}","templated":true}]}}