{"id":4378532,"date":"2026-04-05T03:56:00","date_gmt":"2026-04-05T02:56:00","guid":{"rendered":"https:\/\/tupique.com\/produit\/imprimante-matricielle-epson-c11cf39401\/"},"modified":"2026-04-05T03:56:00","modified_gmt":"2026-04-05T02:56:00","slug":"imprimante-matricielle-epson-c11cf39401","status":"publish","type":"product","link":"https:\/\/tupique.com\/pt\/produto\/imprimante-matricielle-epson-c11cf39401\/","title":{"rendered":"Imprimante Matricielle Epson C11CF39401"},"content":{"rendered":"<p>Se \u00e9 apaixonado por\u2019<b>inform\u00e1tica e eletr\u00f3nica<\/b>, Se est\u00e1 na vanguarda da tecnologia e n\u00e3o quer perder nada, compre <b>Imprimante Matricielle Epson C11CF39401<\/b> ao melhor pre\u00e7o.<\/p>\n<ul>\n<li>Tipo:\n<ul>\n<li>Matricielle<\/li>\n<li>Imprimante Matricielle<\/li>\n<li>Com fio<\/li>\n<\/ul>\n<\/li>\n<li>vitesse: 12 ppm<\/li>\n<li>Produto de encaixe: Sim<\/li>\n<li>Tipo de tomada: tomada UE<\/li>\n<li>Bloc d\u2019Alimentation: r\u00e9seau \u00e9lectrique<\/li>\n<li>Cor:\n<ul>\n<li>Preto<\/li>\n<li>Non<\/li>\n<\/ul>\n<\/li>\n<li>Liga\u00e7\u00f5es: USB<\/li>\n<li>Impression couleur: Non<\/li>\n<\/ul>\n<p><\/p>\n<p><b>Grande vitesse d\u2019impression<\/b><br \/>\nL\u2019imprimante LQ-590II offre un mode d\u2019impression tr\u00e8s haute vitesse de 550caract\u00e8res par seconde \u00e0 10caract\u00e8res par pouce, ce qui fait une r\u00e9elle diff\u00e9rence quand il est question de hauts volumes d\u2019impression, tels que des rapports de stock, d\u2019importants lots de factures ou des documents de transport.<\/p>\n<p><b>Fiabilit\u00e9 accrue<\/b><br \/>\nLa technologie matricielle \u00e0 impact d\u2019Epson est d\u00e9j\u00e0 avanc\u00e9e et tr\u00e8s fiable. Forte de ces avantages, la nouvelle imprimante am\u00e9liore le temps moyen de bon fonctionnement sans intervention (TMBF) de 25%. Elle atteint ainsi 25000heures d\u2019autonomie, ce qui est parfait dans le cadre d\u2019un fonctionnement dans des conditions difficiles ou lorsqu\u2019une maintenance r\u00e9guli\u00e8re n\u2019est pas facile \u00e0 mettre en place.<\/p>\n<p><b>Consommables identiques<\/b><br \/>\nCette imprimante utilise les m\u00eames rubans que les mod\u00e8les existants. Vous pouvez donc mettre au go\u00fbt du jour votre parc de mat\u00e9riels, tout en continuant \u00e0 utiliser vos rubans en stock.<\/p>\n<p><\/p>\n<ul>\n<li>Couleur: Non<\/li>\n<li>Vitesse maximale d&#8217;impression: 550 caract\u00e8res par seconde<\/li>\n<li>Largeur d&#8217;impression maximum: 80<\/li>\n<li>Mesure du nombre de caract\u00e8re par pouce: 10 caract\u00e8res par pouce<\/li>\n<li>Nombre maximum de copies: 7 copies<\/li>\n<li>Codes barres int\u00e9gr\u00e9s: Code 128 (A\/B\/C),Code 39,EAN13,EAN8,Interleaved 2\/5,POSTNET,UPC-A,UPC-E<\/li>\n<li>Table de charact\u00e8res: ISO 8859-15, Italique, PC437, PC850, PC858, Roman 8<\/li>\n<li>Type de support du bac papier: Enveloppes, \u00c9tiquettes, Papier ordinaire, Rouleau<\/li>\n<li>Rang d&#8217;\u00e9paisseur de papier continu: 0,065 &#8211; 0,49 mm<\/li>\n<li>Plage d\u2019\u00e9paisseur d\u2019\u00e9tiquette: 0,16 &#8211; 0,19 mm<\/li>\n<li>Plage d\u2019\u00e9paisseur de papier multi-feuillets: 0,12 &#8211; 0,46 mm<\/li>\n<li>Plage d\u2019\u00e9paisseur d\u2019une seule feuille: 0,065 &#8211; 0,14 mm<\/li>\n<li>Couleur du produit: Noir<\/li>\n<li>Taille du buffer: 128 Ko<\/li>\n<li>Niveau de pression sonore (impression): 55 dB<\/li>\n<li>Pays d&#8217;origine: Indon\u00e9sie<\/li>\n<li>Interfaces standards: Parall\u00e8le, USB 2.0<\/li>\n<li>T\u00eate d&#8217;impression: 24-pin<\/li>\n<li>Dur\u00e9e de vie de la t\u00eate d&#8217;impression: 400 million de caract\u00e8res<\/li>\n<li>Temps moyen entre pannes: 25000 h<\/li>\n<li>Temp\u00e9rature d&#8217;op\u00e9ration: 5 &#8211; 35 \u00b0C<\/li>\n<li>Taux d&#8217;humidit\u00e9 de fonctionnement: 10 &#8211; 80%<\/li>\n<li>Prise en charge du syst\u00e8me d&#8217;exploitation Windows: Windows 10,Windows 7,Windows 8,Windows Vista,Windows XP<\/li>\n<li>Largeur: 437 mm<\/li>\n<li>Profondeur: 375 mm<\/li>\n<li>Hauteur: 177 mm<\/li>\n<li>Poids: 7,2 kg<\/li>\n<li>Quantit\u00e9: 1 pi\u00e8ce(s)<\/li>\n<li>Largeur du colis: 281 mm<\/li>\n<li>Profondeur du colis: 534 mm<\/li>\n<li>Hauteur du colis: 446 mm<\/li>\n<li>Poids du paquet: 8,909 g<\/li>\n<li>Technologie de connectivit\u00e9: Avec fil<\/li>\n<li>Technologie d&#8217;impression: Dot Matrix<\/li>\n<li>Certificats de durabilit\u00e9: ENERGY STAR<\/li>\n<li>Quantit\u00e9 par palette: 14 pi\u00e8ce(s)<\/li>\n<li>Longueur de palette: 120 cm<\/li>\n<li>Largeur de palette: 80 cm<\/li>\n<li>Hauteur de palette: 7,43 m<\/li>\n<li>Quantit\u00e9 par couche: 2 pi\u00e8ce(s)<\/li>\n<li>Quantit\u00e9 par niveau de palette (RU): 4 pi\u00e8ce(s)<\/li>\n<li>Quantit\u00e9 par palette (RU): 28 pi\u00e8ce(s)<\/li>\n<li>Longueur de la palette (RU): 120 cm<\/li>\n<li>Largeur de la palette (RU): 100 cm<\/li>\n<li>Hauteur de la palette (RU): 7,43 m<\/li>\n<\/ul>","protected":false},"excerpt":{"rendered":"<p>Si vous \u00eates passionn\u00e9 d&#8217;informatique et d&#8217;\u00e9lectronique, si vous \u00eates \u00e0 la pointe de la technologie et qu&#8217;aucun d\u00e9tail ne<\/p>","protected":false},"featured_media":4378528,"comment_status":"open","ping_status":"closed","template":"","meta":{"_joinchat":[]},"product_brand":[157910],"product_cat":[157812,157516,157517],"product_tag":[157514,157515],"class_list":{"0":"post-4378532","1":"product","2":"type-product","3":"status-publish","4":"has-post-thumbnail","6":"product_brand-brandp_547","7":"product_cat-imprimantes","8":"product_cat-informatique-electronique","9":"product_cat-informatique-peripheriques-et-consommables","10":"product_tag-tag_933","11":"product_tag-tag_1295","13":"first","14":"instock","15":"taxable","16":"shipping-taxable","17":"purchasable","18":"product-type-simple"},"yoast_head":"<!-- This site is optimized with the Yoast SEO plugin v27.2 - https:\/\/yoast.com\/product\/yoast-seo-wordpress\/ -->\n<title>Imprimante Matricielle Epson C11CF39401 - Tupique<\/title>\n<meta name=\"description\" content=\"Vous cherchez Imprimante Matricielle Epson C11CF39401 ? Achetez des produits chez Tupique. Profitez de la livraison gratuite pour obtenir Imprimante Matricielle Epson C11CF39401 d\u00e8s maintenant.\" \/>\n<meta name=\"robots\" content=\"index, follow, max-snippet:-1, max-image-preview:large, max-video-preview:-1\" \/>\n<link rel=\"canonical\" href=\"https:\/\/tupique.com\/pt\/produto\/imprimante-matricielle-epson-c11cf39401\/\" \/>\n<meta property=\"og:locale\" content=\"pt_PT\" \/>\n<meta property=\"og:type\" content=\"article\" \/>\n<meta property=\"og:title\" content=\"Imprimante Matricielle Epson C11CF39401 - Tupique\" \/>\n<meta property=\"og:description\" content=\"Vous cherchez Imprimante Matricielle Epson C11CF39401 ? Achetez des produits chez Tupique. Profitez de la livraison gratuite pour obtenir Imprimante Matricielle Epson C11CF39401 d\u00e8s maintenant.\" \/>\n<meta property=\"og:url\" content=\"https:\/\/tupique.com\/pt\/produto\/imprimante-matricielle-epson-c11cf39401\/\" \/>\n<meta property=\"og:site_name\" content=\"Tupique\" \/>\n<meta name=\"twitter:card\" content=\"summary_large_image\" \/>\n<meta name=\"twitter:label1\" content=\"Tempo estimado de leitura\" \/>\n\t<meta name=\"twitter:data1\" content=\"2 minutos\" \/>\n<script type=\"application\/ld+json\" class=\"yoast-schema-graph\">{\"@context\":\"https:\/\/schema.org\",\"@graph\":[{\"@type\":\"WebPage\",\"@id\":\"https:\/\/tupique.com\/produit\/imprimante-matricielle-epson-c11cf39401\/\",\"url\":\"https:\/\/tupique.com\/produit\/imprimante-matricielle-epson-c11cf39401\/\",\"name\":\"Imprimante Matricielle Epson C11CF39401 - Tupique\",\"isPartOf\":{\"@id\":\"https:\/\/tupique.com\/#website\"},\"primaryImageOfPage\":{\"@id\":\"https:\/\/tupique.com\/produit\/imprimante-matricielle-epson-c11cf39401\/#primaryimage\"},\"image\":{\"@id\":\"https:\/\/tupique.com\/produit\/imprimante-matricielle-epson-c11cf39401\/#primaryimage\"},\"thumbnailUrl\":\"https:\/\/tupique.com\/wp-content\/uploads\/2026\/04\/8715946649849_I02.jpg\",\"datePublished\":\"2026-04-05T02:56:00+00:00\",\"description\":\"Vous cherchez Imprimante Matricielle Epson C11CF39401 ? Achetez des produits chez Tupique. Profitez de la livraison gratuite pour obtenir Imprimante Matricielle Epson C11CF39401 d\u00e8s maintenant.\",\"breadcrumb\":{\"@id\":\"https:\/\/tupique.com\/produit\/imprimante-matricielle-epson-c11cf39401\/#breadcrumb\"},\"inLanguage\":\"pt-PT\",\"potentialAction\":[{\"@type\":\"ReadAction\",\"target\":[\"https:\/\/tupique.com\/produit\/imprimante-matricielle-epson-c11cf39401\/\"]}]},{\"@type\":\"ImageObject\",\"inLanguage\":\"pt-PT\",\"@id\":\"https:\/\/tupique.com\/produit\/imprimante-matricielle-epson-c11cf39401\/#primaryimage\",\"url\":\"https:\/\/tupique.com\/wp-content\/uploads\/2026\/04\/8715946649849_I02.jpg\",\"contentUrl\":\"https:\/\/tupique.com\/wp-content\/uploads\/2026\/04\/8715946649849_I02.jpg\",\"width\":1200,\"height\":1200,\"caption\":\"S55081639_0\"},{\"@type\":\"BreadcrumbList\",\"@id\":\"https:\/\/tupique.com\/produit\/imprimante-matricielle-epson-c11cf39401\/#breadcrumb\",\"itemListElement\":[{\"@type\":\"ListItem\",\"position\":1,\"name\":\"In\u00edcio\",\"item\":\"https:\/\/tupique.com\/\"},{\"@type\":\"ListItem\",\"position\":2,\"name\":\"Boutique\",\"item\":\"https:\/\/tupique.com\/en\/boutique\/\"},{\"@type\":\"ListItem\",\"position\":3,\"name\":\"Imprimante Matricielle Epson C11CF39401\"}]},{\"@type\":\"WebSite\",\"@id\":\"https:\/\/tupique.com\/#website\",\"url\":\"https:\/\/tupique.com\/\",\"name\":\"Tupique\",\"description\":\"Marketplace\",\"publisher\":{\"@id\":\"https:\/\/tupique.com\/#organization\"},\"potentialAction\":[{\"@type\":\"SearchAction\",\"target\":{\"@type\":\"EntryPoint\",\"urlTemplate\":\"https:\/\/tupique.com\/?s={search_term_string}\"},\"query-input\":{\"@type\":\"PropertyValueSpecification\",\"valueRequired\":true,\"valueName\":\"search_term_string\"}}],\"inLanguage\":\"pt-PT\"},{\"@type\":\"Organization\",\"@id\":\"https:\/\/tupique.com\/#organization\",\"name\":\"Tupique\",\"url\":\"https:\/\/tupique.com\/\",\"logo\":{\"@type\":\"ImageObject\",\"inLanguage\":\"pt-PT\",\"@id\":\"https:\/\/tupique.com\/#\/schema\/logo\/image\/\",\"url\":\"https:\/\/tupique.com\/wp-content\/uploads\/2024\/09\/logo.png\",\"contentUrl\":\"https:\/\/tupique.com\/wp-content\/uploads\/2024\/09\/logo.png\",\"width\":1118,\"height\":310,\"caption\":\"Tupique\"},\"image\":{\"@id\":\"https:\/\/tupique.com\/#\/schema\/logo\/image\/\"}}]}<\/script>\n<!-- \/ Yoast SEO plugin. -->","yoast_head_json":{"title":"Imprimante Matricielle Epson C11CF39401 - Tupique","description":"Vous cherchez Imprimante Matricielle Epson C11CF39401 ? Achetez des produits chez Tupique. Profitez de la livraison gratuite pour obtenir Imprimante Matricielle Epson C11CF39401 d\u00e8s maintenant.","robots":{"index":"index","follow":"follow","max-snippet":"max-snippet:-1","max-image-preview":"max-image-preview:large","max-video-preview":"max-video-preview:-1"},"canonical":"https:\/\/tupique.com\/pt\/produto\/imprimante-matricielle-epson-c11cf39401\/","og_locale":"pt_PT","og_type":"article","og_title":"Imprimante Matricielle Epson C11CF39401 - Tupique","og_description":"Vous cherchez Imprimante Matricielle Epson C11CF39401 ? Achetez des produits chez Tupique. Profitez de la livraison gratuite pour obtenir Imprimante Matricielle Epson C11CF39401 d\u00e8s maintenant.","og_url":"https:\/\/tupique.com\/pt\/produto\/imprimante-matricielle-epson-c11cf39401\/","og_site_name":"Tupique","twitter_card":"summary_large_image","twitter_misc":{"Tempo estimado de leitura":"2 minutos"},"schema":{"@context":"https:\/\/schema.org","@graph":[{"@type":"WebPage","@id":"https:\/\/tupique.com\/produit\/imprimante-matricielle-epson-c11cf39401\/","url":"https:\/\/tupique.com\/produit\/imprimante-matricielle-epson-c11cf39401\/","name":"Imprimante Matricielle Epson C11CF39401 - Tupique","isPartOf":{"@id":"https:\/\/tupique.com\/#website"},"primaryImageOfPage":{"@id":"https:\/\/tupique.com\/produit\/imprimante-matricielle-epson-c11cf39401\/#primaryimage"},"image":{"@id":"https:\/\/tupique.com\/produit\/imprimante-matricielle-epson-c11cf39401\/#primaryimage"},"thumbnailUrl":"https:\/\/tupique.com\/wp-content\/uploads\/2026\/04\/8715946649849_I02.jpg","datePublished":"2026-04-05T02:56:00+00:00","description":"Vous cherchez Imprimante Matricielle Epson C11CF39401 ? Achetez des produits chez Tupique. Profitez de la livraison gratuite pour obtenir Imprimante Matricielle Epson C11CF39401 d\u00e8s maintenant.","breadcrumb":{"@id":"https:\/\/tupique.com\/produit\/imprimante-matricielle-epson-c11cf39401\/#breadcrumb"},"inLanguage":"pt-PT","potentialAction":[{"@type":"ReadAction","target":["https:\/\/tupique.com\/produit\/imprimante-matricielle-epson-c11cf39401\/"]}]},{"@type":"ImageObject","inLanguage":"pt-PT","@id":"https:\/\/tupique.com\/produit\/imprimante-matricielle-epson-c11cf39401\/#primaryimage","url":"https:\/\/tupique.com\/wp-content\/uploads\/2026\/04\/8715946649849_I02.jpg","contentUrl":"https:\/\/tupique.com\/wp-content\/uploads\/2026\/04\/8715946649849_I02.jpg","width":1200,"height":1200,"caption":"S55081639_0"},{"@type":"BreadcrumbList","@id":"https:\/\/tupique.com\/produit\/imprimante-matricielle-epson-c11cf39401\/#breadcrumb","itemListElement":[{"@type":"ListItem","position":1,"name":"In\u00edcio","item":"https:\/\/tupique.com\/"},{"@type":"ListItem","position":2,"name":"Boutique","item":"https:\/\/tupique.com\/en\/boutique\/"},{"@type":"ListItem","position":3,"name":"Imprimante Matricielle Epson C11CF39401"}]},{"@type":"WebSite","@id":"https:\/\/tupique.com\/#website","url":"https:\/\/tupique.com\/","name":"Tupique","description":"Marketplace","publisher":{"@id":"https:\/\/tupique.com\/#organization"},"potentialAction":[{"@type":"SearchAction","target":{"@type":"EntryPoint","urlTemplate":"https:\/\/tupique.com\/?s={search_term_string}"},"query-input":{"@type":"PropertyValueSpecification","valueRequired":true,"valueName":"search_term_string"}}],"inLanguage":"pt-PT"},{"@type":"Organization","@id":"https:\/\/tupique.com\/#organization","name":"Tupique","url":"https:\/\/tupique.com\/","logo":{"@type":"ImageObject","inLanguage":"pt-PT","@id":"https:\/\/tupique.com\/#\/schema\/logo\/image\/","url":"https:\/\/tupique.com\/wp-content\/uploads\/2024\/09\/logo.png","contentUrl":"https:\/\/tupique.com\/wp-content\/uploads\/2024\/09\/logo.png","width":1118,"height":310,"caption":"Tupique"},"image":{"@id":"https:\/\/tupique.com\/#\/schema\/logo\/image\/"}}]}},"jetpack_sharing_enabled":true,"_links":{"self":[{"href":"https:\/\/tupique.com\/pt\/wp-json\/wp\/v2\/product\/4378532","targetHints":{"allow":["GET"]}}],"collection":[{"href":"https:\/\/tupique.com\/pt\/wp-json\/wp\/v2\/product"}],"about":[{"href":"https:\/\/tupique.com\/pt\/wp-json\/wp\/v2\/types\/product"}],"replies":[{"embeddable":true,"href":"https:\/\/tupique.com\/pt\/wp-json\/wp\/v2\/comments?post=4378532"}],"wp:featuredmedia":[{"embeddable":true,"href":"https:\/\/tupique.com\/pt\/wp-json\/wp\/v2\/media\/4378528"}],"wp:attachment":[{"href":"https:\/\/tupique.com\/pt\/wp-json\/wp\/v2\/media?parent=4378532"}],"wp:term":[{"taxonomy":"product_brand","embeddable":true,"href":"https:\/\/tupique.com\/pt\/wp-json\/wp\/v2\/product_brand?post=4378532"},{"taxonomy":"product_cat","embeddable":true,"href":"https:\/\/tupique.com\/pt\/wp-json\/wp\/v2\/product_cat?post=4378532"},{"taxonomy":"product_tag","embeddable":true,"href":"https:\/\/tupique.com\/pt\/wp-json\/wp\/v2\/product_tag?post=4378532"}],"curies":[{"name":"wp","href":"https:\/\/api.w.org\/{rel}","templated":true}]}}