{"id":4378566,"date":"2026-04-05T03:56:43","date_gmt":"2026-04-05T02:56:43","guid":{"rendered":"https:\/\/tupique.com\/produit\/bestway-piscine-parc-aquatique-gonflable-365x320x240-cm-5-ans-jardin-53408\/"},"modified":"2026-04-05T03:56:43","modified_gmt":"2026-04-05T02:56:43","slug":"bestway-piscine-parc-aquatique-gonflable-365x320x240-cm-5-ans-jardin-53408","status":"publish","type":"product","link":"https:\/\/tupique.com\/pt\/produto\/bestway-piscine-parc-aquatique-gonflable-365x320x240-cm-5-ans-jardin-53408\/","title":{"rendered":"Bestway Inflatable Pool Water Park 365x320x240 cm + 5 anos Jardim 53408"},"content":{"rendered":"<p>A divers\u00e3o de ver\u00e3o est\u00e1 garantida com estas sugest\u00f5es que agradar\u00e3o a mi\u00fados e gra\u00fados! Comprar <b>Toboggan d&#8217;eau Bestway 365 x 320 x 240 cm<\/b> e aproveite ao m\u00e1ximo o seu tempo livre!<\/p>\n<p>Le <b>toboggan aquatique<\/b> <b>gonflable<\/b> de Bestway est l&#8217;option id\u00e9ale pour le divertissement des plus petits, con\u00e7u sp\u00e9cialement pour les enfants \u00e0 partir de <b>5 ans<\/b>. Avec un <b>couleur multicolore<\/b> attrayante qui capte instantan\u00e9ment l&#8217;attention, ce parc aquatique offre une exp\u00e9rience de jeu fra\u00eeche et excitante. Fabriqu\u00e9 en <b>plastique<\/b> de haute qualit\u00e9, il garantit durabilit\u00e9 et r\u00e9sistance, permettant des heures de plaisir en \u00e9t\u00e9. Son design pratique et accrocheur offre non seulement un espace s\u00fbr pour jouer, mais il est \u00e9galement facile \u00e0 installer et \u00e0 d\u00e9gonfler, ce qui le rend parfait pour une utilisation dans le jardin ou \u00e0 la plage. Avec ce <b>toboggan aquatique<\/b>, les enfants pourront profiter de glissades rafra\u00eechissantes et de jeux aquatiques dans un environnement s\u00fbr et amusant. Ce produit se distingue non seulement par son amusement, mais aussi par sa capacit\u00e9 \u00e0 favoriser l&#8217;activit\u00e9 physique et les interactions sociales entre les enfants. Sans aucun doute, c&#8217;est un excellent choix pour les parents \u00e0 la recherche d&#8217;un produit s\u00fbr et divertissant pour leurs enfants.<\/p>\n<ul>\n<li>Tipo:\n<ul>\n<li>Gonflable<\/li>\n<li>Toboggan d&#8217;eau<\/li>\n<\/ul>\n<\/li>\n<li>\u00c2ge recommand\u00e9:\n<ul>\n<li>+ 5 Ans<\/li>\n<li>Enfant<\/li>\n<\/ul>\n<\/li>\n<li>Couleur: Multicouleur<\/li>\n<li>Material: Pl\u00e1stico<\/li>\n<li>Caract\u00e9ristiques: Nettoyage par chiffon humide<\/li>\n<li>Utilisation recommand\u00e9e:\n<ul>\n<li>Ext\u00e9rieur<\/li>\n<li>Jardim<\/li>\n<\/ul>\n<\/li>\n<li>Dimensions approx.: 365 x 320 x 240 cm<\/li>\n<li>Compatible avec: Ext\u00e9rieur<\/li>\n<\/ul>","protected":false},"excerpt":{"rendered":"<p>L&#8217;amusement est assur\u00e9 pour l&#8217;\u00e9t\u00e9, avec ces propositions qui plairont aux petits et aux grands ! Achetez Toboggan d&#8217;eau Bestway<\/p>","protected":false},"featured_media":4378550,"comment_status":"open","ping_status":"closed","template":"","meta":{"_joinchat":[]},"product_brand":[157931],"product_cat":[158109,157555,157554],"product_tag":[157622,157553,157694],"class_list":{"0":"post-4378566","1":"product","2":"type-product","3":"status-publish","4":"has-post-thumbnail","6":"product_brand-brandp_520","7":"product_cat-jouets-pour-la-plage","8":"product_cat-plage-et-piscine","9":"product_cat-sports-loisirs","10":"product_tag-tag_1275","11":"product_tag-tag_124","12":"product_tag-tag_3","14":"first","15":"instock","16":"taxable","17":"shipping-taxable","18":"purchasable","19":"product-type-simple"},"yoast_head":"<!-- This site is optimized with the Yoast SEO plugin v27.2 - https:\/\/yoast.com\/product\/yoast-seo-wordpress\/ -->\n<title>Bestway Piscine Parc Aquatique Gonflable 365x320x240 cm + 5 Ans Jardin 53408 - Tupique<\/title>\n<meta name=\"description\" content=\"Vous cherchez Bestway Piscine Parc Aquatique Gonflable 365x320x240 cm + 5 Ans Jardin 53408 ? Achetez des produits chez Tupique. Profitez de la livraison gratuite pour obtenir Bestway Piscine Parc Aquatique Gonflable 365x320x240 cm + 5 Ans Jardin 53408 d\u00e8s maintenant.\" \/>\n<meta name=\"robots\" content=\"index, follow, max-snippet:-1, max-image-preview:large, max-video-preview:-1\" \/>\n<link rel=\"canonical\" href=\"https:\/\/tupique.com\/pt\/produto\/bestway-piscine-parc-aquatique-gonflable-365x320x240-cm-5-ans-jardin-53408\/\" \/>\n<meta property=\"og:locale\" content=\"pt_PT\" \/>\n<meta property=\"og:type\" content=\"article\" \/>\n<meta property=\"og:title\" content=\"Bestway Piscine Parc Aquatique Gonflable 365x320x240 cm + 5 Ans Jardin 53408 - Tupique\" \/>\n<meta property=\"og:description\" content=\"Vous cherchez Bestway Piscine Parc Aquatique Gonflable 365x320x240 cm + 5 Ans Jardin 53408 ? Achetez des produits chez Tupique. Profitez de la livraison gratuite pour obtenir Bestway Piscine Parc Aquatique Gonflable 365x320x240 cm + 5 Ans Jardin 53408 d\u00e8s maintenant.\" \/>\n<meta property=\"og:url\" content=\"https:\/\/tupique.com\/pt\/produto\/bestway-piscine-parc-aquatique-gonflable-365x320x240-cm-5-ans-jardin-53408\/\" \/>\n<meta property=\"og:site_name\" content=\"Tupique\" \/>\n<meta name=\"twitter:card\" content=\"summary_large_image\" \/>\n<meta name=\"twitter:label1\" content=\"Tempo estimado de leitura\" \/>\n\t<meta name=\"twitter:data1\" content=\"1 minuto\" \/>\n<script type=\"application\/ld+json\" class=\"yoast-schema-graph\">{\"@context\":\"https:\/\/schema.org\",\"@graph\":[{\"@type\":\"WebPage\",\"@id\":\"https:\/\/tupique.com\/produit\/bestway-piscine-parc-aquatique-gonflable-365x320x240-cm-5-ans-jardin-53408\/\",\"url\":\"https:\/\/tupique.com\/produit\/bestway-piscine-parc-aquatique-gonflable-365x320x240-cm-5-ans-jardin-53408\/\",\"name\":\"Bestway Piscine Parc Aquatique Gonflable 365x320x240 cm + 5 Ans Jardin 53408 - Tupique\",\"isPartOf\":{\"@id\":\"https:\/\/tupique.com\/#website\"},\"primaryImageOfPage\":{\"@id\":\"https:\/\/tupique.com\/produit\/bestway-piscine-parc-aquatique-gonflable-365x320x240-cm-5-ans-jardin-53408\/#primaryimage\"},\"image\":{\"@id\":\"https:\/\/tupique.com\/produit\/bestway-piscine-parc-aquatique-gonflable-365x320x240-cm-5-ans-jardin-53408\/#primaryimage\"},\"thumbnailUrl\":\"https:\/\/tupique.com\/wp-content\/uploads\/2026\/04\/6941607349885I20.jpg\",\"datePublished\":\"2026-04-05T02:56:43+00:00\",\"description\":\"Vous cherchez Bestway Piscine Parc Aquatique Gonflable 365x320x240 cm + 5 Ans Jardin 53408 ? Achetez des produits chez Tupique. Profitez de la livraison gratuite pour obtenir Bestway Piscine Parc Aquatique Gonflable 365x320x240 cm + 5 Ans Jardin 53408 d\u00e8s maintenant.\",\"breadcrumb\":{\"@id\":\"https:\/\/tupique.com\/produit\/bestway-piscine-parc-aquatique-gonflable-365x320x240-cm-5-ans-jardin-53408\/#breadcrumb\"},\"inLanguage\":\"pt-PT\",\"potentialAction\":[{\"@type\":\"ReadAction\",\"target\":[\"https:\/\/tupique.com\/produit\/bestway-piscine-parc-aquatique-gonflable-365x320x240-cm-5-ans-jardin-53408\/\"]}]},{\"@type\":\"ImageObject\",\"inLanguage\":\"pt-PT\",\"@id\":\"https:\/\/tupique.com\/produit\/bestway-piscine-parc-aquatique-gonflable-365x320x240-cm-5-ans-jardin-53408\/#primaryimage\",\"url\":\"https:\/\/tupique.com\/wp-content\/uploads\/2026\/04\/6941607349885I20.jpg\",\"contentUrl\":\"https:\/\/tupique.com\/wp-content\/uploads\/2026\/04\/6941607349885I20.jpg\",\"width\":1200,\"height\":1200,\"caption\":\"D1400889_0\"},{\"@type\":\"BreadcrumbList\",\"@id\":\"https:\/\/tupique.com\/produit\/bestway-piscine-parc-aquatique-gonflable-365x320x240-cm-5-ans-jardin-53408\/#breadcrumb\",\"itemListElement\":[{\"@type\":\"ListItem\",\"position\":1,\"name\":\"In\u00edcio\",\"item\":\"https:\/\/tupique.com\/\"},{\"@type\":\"ListItem\",\"position\":2,\"name\":\"Boutique\",\"item\":\"https:\/\/tupique.com\/en\/boutique\/\"},{\"@type\":\"ListItem\",\"position\":3,\"name\":\"Bestway Piscine Parc Aquatique Gonflable 365x320x240 cm + 5 Ans Jardin 53408\"}]},{\"@type\":\"WebSite\",\"@id\":\"https:\/\/tupique.com\/#website\",\"url\":\"https:\/\/tupique.com\/\",\"name\":\"Tupique\",\"description\":\"Marketplace\",\"publisher\":{\"@id\":\"https:\/\/tupique.com\/#organization\"},\"potentialAction\":[{\"@type\":\"SearchAction\",\"target\":{\"@type\":\"EntryPoint\",\"urlTemplate\":\"https:\/\/tupique.com\/?s={search_term_string}\"},\"query-input\":{\"@type\":\"PropertyValueSpecification\",\"valueRequired\":true,\"valueName\":\"search_term_string\"}}],\"inLanguage\":\"pt-PT\"},{\"@type\":\"Organization\",\"@id\":\"https:\/\/tupique.com\/#organization\",\"name\":\"Tupique\",\"url\":\"https:\/\/tupique.com\/\",\"logo\":{\"@type\":\"ImageObject\",\"inLanguage\":\"pt-PT\",\"@id\":\"https:\/\/tupique.com\/#\/schema\/logo\/image\/\",\"url\":\"https:\/\/tupique.com\/wp-content\/uploads\/2024\/09\/logo.png\",\"contentUrl\":\"https:\/\/tupique.com\/wp-content\/uploads\/2024\/09\/logo.png\",\"width\":1118,\"height\":310,\"caption\":\"Tupique\"},\"image\":{\"@id\":\"https:\/\/tupique.com\/#\/schema\/logo\/image\/\"}}]}<\/script>\n<!-- \/ Yoast SEO plugin. -->","yoast_head_json":{"title":"Bestway Piscine Parc Aquatique Gonflable 365x320x240 cm + 5 Ans Jardin 53408 - Tupique","description":"Vous cherchez Bestway Piscine Parc Aquatique Gonflable 365x320x240 cm + 5 Ans Jardin 53408 ? Achetez des produits chez Tupique. Profitez de la livraison gratuite pour obtenir Bestway Piscine Parc Aquatique Gonflable 365x320x240 cm + 5 Ans Jardin 53408 d\u00e8s maintenant.","robots":{"index":"index","follow":"follow","max-snippet":"max-snippet:-1","max-image-preview":"max-image-preview:large","max-video-preview":"max-video-preview:-1"},"canonical":"https:\/\/tupique.com\/pt\/produto\/bestway-piscine-parc-aquatique-gonflable-365x320x240-cm-5-ans-jardin-53408\/","og_locale":"pt_PT","og_type":"article","og_title":"Bestway Piscine Parc Aquatique Gonflable 365x320x240 cm + 5 Ans Jardin 53408 - Tupique","og_description":"Vous cherchez Bestway Piscine Parc Aquatique Gonflable 365x320x240 cm + 5 Ans Jardin 53408 ? Achetez des produits chez Tupique. Profitez de la livraison gratuite pour obtenir Bestway Piscine Parc Aquatique Gonflable 365x320x240 cm + 5 Ans Jardin 53408 d\u00e8s maintenant.","og_url":"https:\/\/tupique.com\/pt\/produto\/bestway-piscine-parc-aquatique-gonflable-365x320x240-cm-5-ans-jardin-53408\/","og_site_name":"Tupique","twitter_card":"summary_large_image","twitter_misc":{"Tempo estimado de leitura":"1 minuto"},"schema":{"@context":"https:\/\/schema.org","@graph":[{"@type":"WebPage","@id":"https:\/\/tupique.com\/produit\/bestway-piscine-parc-aquatique-gonflable-365x320x240-cm-5-ans-jardin-53408\/","url":"https:\/\/tupique.com\/produit\/bestway-piscine-parc-aquatique-gonflable-365x320x240-cm-5-ans-jardin-53408\/","name":"Bestway Piscine Parc Aquatique Gonflable 365x320x240 cm + 5 Ans Jardin 53408 - Tupique","isPartOf":{"@id":"https:\/\/tupique.com\/#website"},"primaryImageOfPage":{"@id":"https:\/\/tupique.com\/produit\/bestway-piscine-parc-aquatique-gonflable-365x320x240-cm-5-ans-jardin-53408\/#primaryimage"},"image":{"@id":"https:\/\/tupique.com\/produit\/bestway-piscine-parc-aquatique-gonflable-365x320x240-cm-5-ans-jardin-53408\/#primaryimage"},"thumbnailUrl":"https:\/\/tupique.com\/wp-content\/uploads\/2026\/04\/6941607349885I20.jpg","datePublished":"2026-04-05T02:56:43+00:00","description":"Vous cherchez Bestway Piscine Parc Aquatique Gonflable 365x320x240 cm + 5 Ans Jardin 53408 ? Achetez des produits chez Tupique. Profitez de la livraison gratuite pour obtenir Bestway Piscine Parc Aquatique Gonflable 365x320x240 cm + 5 Ans Jardin 53408 d\u00e8s maintenant.","breadcrumb":{"@id":"https:\/\/tupique.com\/produit\/bestway-piscine-parc-aquatique-gonflable-365x320x240-cm-5-ans-jardin-53408\/#breadcrumb"},"inLanguage":"pt-PT","potentialAction":[{"@type":"ReadAction","target":["https:\/\/tupique.com\/produit\/bestway-piscine-parc-aquatique-gonflable-365x320x240-cm-5-ans-jardin-53408\/"]}]},{"@type":"ImageObject","inLanguage":"pt-PT","@id":"https:\/\/tupique.com\/produit\/bestway-piscine-parc-aquatique-gonflable-365x320x240-cm-5-ans-jardin-53408\/#primaryimage","url":"https:\/\/tupique.com\/wp-content\/uploads\/2026\/04\/6941607349885I20.jpg","contentUrl":"https:\/\/tupique.com\/wp-content\/uploads\/2026\/04\/6941607349885I20.jpg","width":1200,"height":1200,"caption":"D1400889_0"},{"@type":"BreadcrumbList","@id":"https:\/\/tupique.com\/produit\/bestway-piscine-parc-aquatique-gonflable-365x320x240-cm-5-ans-jardin-53408\/#breadcrumb","itemListElement":[{"@type":"ListItem","position":1,"name":"In\u00edcio","item":"https:\/\/tupique.com\/"},{"@type":"ListItem","position":2,"name":"Boutique","item":"https:\/\/tupique.com\/en\/boutique\/"},{"@type":"ListItem","position":3,"name":"Bestway Piscine Parc Aquatique Gonflable 365x320x240 cm + 5 Ans Jardin 53408"}]},{"@type":"WebSite","@id":"https:\/\/tupique.com\/#website","url":"https:\/\/tupique.com\/","name":"Tupique","description":"Marketplace","publisher":{"@id":"https:\/\/tupique.com\/#organization"},"potentialAction":[{"@type":"SearchAction","target":{"@type":"EntryPoint","urlTemplate":"https:\/\/tupique.com\/?s={search_term_string}"},"query-input":{"@type":"PropertyValueSpecification","valueRequired":true,"valueName":"search_term_string"}}],"inLanguage":"pt-PT"},{"@type":"Organization","@id":"https:\/\/tupique.com\/#organization","name":"Tupique","url":"https:\/\/tupique.com\/","logo":{"@type":"ImageObject","inLanguage":"pt-PT","@id":"https:\/\/tupique.com\/#\/schema\/logo\/image\/","url":"https:\/\/tupique.com\/wp-content\/uploads\/2024\/09\/logo.png","contentUrl":"https:\/\/tupique.com\/wp-content\/uploads\/2024\/09\/logo.png","width":1118,"height":310,"caption":"Tupique"},"image":{"@id":"https:\/\/tupique.com\/#\/schema\/logo\/image\/"}}]}},"jetpack_sharing_enabled":true,"_links":{"self":[{"href":"https:\/\/tupique.com\/pt\/wp-json\/wp\/v2\/product\/4378566","targetHints":{"allow":["GET"]}}],"collection":[{"href":"https:\/\/tupique.com\/pt\/wp-json\/wp\/v2\/product"}],"about":[{"href":"https:\/\/tupique.com\/pt\/wp-json\/wp\/v2\/types\/product"}],"replies":[{"embeddable":true,"href":"https:\/\/tupique.com\/pt\/wp-json\/wp\/v2\/comments?post=4378566"}],"wp:featuredmedia":[{"embeddable":true,"href":"https:\/\/tupique.com\/pt\/wp-json\/wp\/v2\/media\/4378550"}],"wp:attachment":[{"href":"https:\/\/tupique.com\/pt\/wp-json\/wp\/v2\/media?parent=4378566"}],"wp:term":[{"taxonomy":"product_brand","embeddable":true,"href":"https:\/\/tupique.com\/pt\/wp-json\/wp\/v2\/product_brand?post=4378566"},{"taxonomy":"product_cat","embeddable":true,"href":"https:\/\/tupique.com\/pt\/wp-json\/wp\/v2\/product_cat?post=4378566"},{"taxonomy":"product_tag","embeddable":true,"href":"https:\/\/tupique.com\/pt\/wp-json\/wp\/v2\/product_tag?post=4378566"}],"curies":[{"name":"wp","href":"https:\/\/api.w.org\/{rel}","templated":true}]}}