{"id":4378585,"date":"2026-04-05T03:57:09","date_gmt":"2026-04-05T02:57:09","guid":{"rendered":"https:\/\/tupique.com\/produit\/scanner-epson-workforce-ds-730n\/"},"modified":"2026-04-05T03:57:09","modified_gmt":"2026-04-05T02:57:09","slug":"scanner-epson-workforce-ds-730n","status":"publish","type":"product","link":"https:\/\/tupique.com\/pt\/produto\/scanner-epson-workforce-ds-730n\/","title":{"rendered":"Scanner Epson WorkForce DS-730N"},"content":{"rendered":"<p>Se \u00e9 apaixonado por\u2019<b>inform\u00e1tica e eletr\u00f3nica<\/b>, Se est\u00e1 na vanguarda da tecnologia e n\u00e3o quer perder nada, compre <b>Scanner Epson WorkForce DS-730N<\/b> ao melhor pre\u00e7o.<\/p>\n<ul>\n<li>Type: Scanner<\/li>\n<li>Produto de encaixe: Sim<\/li>\n<li>Tipo de tomada: tomada UE<\/li>\n<li>Liga\u00e7\u00f5es:\n<ul>\n<li>LAN Ethernet<\/li>\n<li>USB B<\/li>\n<li>USB 2.0<\/li>\n<li>USB<\/li>\n<li>USB B x 1<\/li>\n<\/ul>\n<\/li>\n<li>Alimenta\u00e7\u00e3o el\u00e9ctrica:\n<ul>\n<li>r\u00e9seau \u00e9lectrique<\/li>\n<li>CA<\/li>\n<\/ul>\n<\/li>\n<li>Cor:\n<ul>\n<li>Preto<\/li>\n<li>Cinzento<\/li>\n<\/ul>\n<\/li>\n<li>Taille: A4<\/li>\n<li>Carater\u00edsticas:\n<ul>\n<li>Ecr\u00e3 integrado<\/li>\n<li>Ecr\u00e3 a cores<\/li>\n<li>Scanner Double Face<\/li>\n<\/ul>\n<\/li>\n<li>R\u00e9solution d&#8217;image maximale: 600 x 600 dpi<\/li>\n<li>Ecran: 1,5&#8221;<\/li>\n<li>Tecnologia: LCD<\/li>\n<li>Capteur: CIS<\/li>\n<li>Tension d&#8217;entr\u00e9e AC: 100 &#8211; 240 V<\/li>\n<li>Scanner: 600 x 600 dpi<\/li>\n<li>Entrada AC: 100-240 V<\/li>\n<li>Papier: A4<\/li>\n<li>Connectivit\u00e9: Ethernet LAN<\/li>\n<li>Frequ\u00eancia de entrada AC: 50-60 Hz<\/li>\n<li>puissance: 3600 W<\/li>\n<li>Compatible: PC<\/li>\n<li>Type de batterie: Batterie au lithium rechargeable<\/li>\n<li>Capacit\u00e9: 2 GB<\/li>\n<\/ul>\n<p><\/p>\n<p><b>Gestion efficace des donn\u00e9es<\/b><br \/>\nEn appuyant simplement sur une touche du scanner\u00b9, num\u00e9risez vers un e-mail, dossier, FTP, SFTP, des services Cloud et des applications Microsoft. Le WorkForce DS-730N est commercialis\u00e9 avec un \u00e9cran couleur de 1,44 (3.65cm) po et 3 touches d&#8217;envoi rapide qui vous permettent d\u2019avoir le contr\u00f4le sur la num\u00e9risation des documents, minimisant ainsi les erreurs de classement. Gr\u00e2ce \u00e0 la programmation des diff\u00e9rents profils, les documents num\u00e9ris\u00e9s sont envoy\u00e9s directement vers les dossiers appropri\u00e9s. <\/p>\n<p><b>Performant<\/b><br \/>\nGr\u00e2ce au chargeur automatique de 100feuilles et d\u2019une vitesse de num\u00e9risation rectoverso pouvant atteindre 40ppm\/80ipm, num\u00e9risez rapidement et simplement des lots de documents dans un m\u00eame fichier. <\/p>\n<p><b>Intelligent<\/b><br \/>\nGardez le contr\u00f4le de votre num\u00e9risation, gr\u00e2ce \u00e0 une gamme de produits intelligents, comprenant des capteurs \u00e0 ultrasons et un syst\u00e8me avanc\u00e9 de protection des documents. Le mode de num\u00e9risation lente permet de contr\u00f4ler la vitesse de num\u00e9risation des documents, afin de prot\u00e9ger les documents fragiles sans augmenter la taille du fichier. La fonction de d\u00e9sactivation de la d\u00e9tection de double alimentation permet de num\u00e9riser, sans risque, en appuyant sur un bouton, des supports plus d\u00e9licats, tels que les enveloppes ou les documents contenant des \u00e9tiquettes.<\/p>\n<p><b>Fiable<\/b><br \/>\nGr\u00e2ce au syst\u00e8me avanc\u00e9 de protection des documents, \u00e0 la d\u00e9tection de la double alimentation et \u00e0 la d\u00e9tection des poussi\u00e8res, la num\u00e9risation des images est de haute qualit\u00e9 et d\u2019une tr\u00e8s grande pr\u00e9cision, de 27g\/m\u00b2 \u00e0 413g\/m\u00b2. Le syst\u00e8me de s\u00e9paration des documents actif et les capteurs int\u00e9gr\u00e9s emp\u00eachent la double alimentation des documents, garantissant que tous les documents sont num\u00e9ris\u00e9s, pr\u00e9servant ainsi l\u2019int\u00e9grit\u00e9 des donn\u00e9es.<\/p>\n<p><\/p>\n<ul>\n<li>Surface maximal de num\u00e9risation: 215,9 x 6096 mm<\/li>\n<li>R\u00e9solution de num\u00e9risation optique: 600 x 600 DPI<\/li>\n<li>Num\u00e9risation recto verso: Oui<\/li>\n<li>Num\u00e9risation couleur: Oui<\/li>\n<li>Profondeur d&#8217;affichage d&#8217;entr\u00e9e de couleur: 30 bit<\/li>\n<li>Profondeur d&#8217;affichage de sortie de couleur: 24 bit<\/li>\n<li>R\u00e9solution des images monochromes de sortie: 8 bit<\/li>\n<li>Modes de couleur de num\u00e9risation noir\/blanc: Monochrome<\/li>\n<li>Type de scanner: Alimentation papier de scanner<\/li>\n<li>\u00c9cran integr\u00e9: Oui<\/li>\n<li>Couleur du produit: Noir, Gris<\/li>\n<li>Affichage couleur: Oui<\/li>\n<li>Type de capteur: CIS<\/li>\n<li>Cycle de fonctionnement par jour (max): 4500 pages<\/li>\n<li>Source lumineuse: ReadyScan LED<\/li>\n<li>Formats des fichiers num\u00e9ris\u00e9s: BMP, JPEG, PDF, PNG, PPTX, TIFF, XLSX<\/li>\n<li>Num\u00e9riser vers: Cloud, E-mail, FTP<\/li>\n<li>Pilotes de scan: ICA,ISIS,SANE,TWAIN,WIA<\/li>\n<li>Capacit\u00e9 du chargeur automatique de documents: 100 feuilles<\/li>\n<li>Taille de papier de s\u00e9rie A ISO maximum: A4<\/li>\n<li>Prise en charge des types de num\u00e9risation de support: Carte de visite, Papier plastifi\u00e9, Carte postale (JPN)<\/li>\n<li>ISO, Format Series A (A0&#8230;A9): A4,A5,A6<\/li>\n<li>ISO, Formats Series-B (B0&#8230;B9): B4,B5,B6<\/li>\n<li>Lettre: Oui<\/li>\n<li>L\u00e9gal: Oui<\/li>\n<li>Grammage du support, chargeur automatique de documents: 27 &#8211; 413 g\/m\u00b2<\/li>\n<li>Port USB: Oui<\/li>\n<li>Version USB: 2.0<\/li>\n<li>Connecteur USB: USB Type-B<\/li>\n<li>Type d&#8217;alimentation d&#8217;\u00e9nergie: Secteur<\/li>\n<li>Consommation \u00e9lectrique typique: 14 W<\/li>\n<li>Consommation \u00e9lectrique (arr\u00eat): 0,1 W<\/li>\n<li>Fr\u00e9quence d&#8217;entr\u00e9e AC: 50\/60 Hz<\/li>\n<li>Mode veille: Oui<\/li>\n<li>Tension d&#8217;entr\u00e9e: 100 &#8211; 240 V<\/li>\n<li>Consommation d &#8216;\u00e9nergie (en mode veille): 1,5 W<\/li>\n<li>Ethernet\/LAN: Oui<\/li>\n<li>Temp\u00e9rature d&#8217;op\u00e9ration: 5 &#8211; 35 \u00b0C<\/li>\n<li>Temp\u00e9rature hors fonctionnement: 25 &#8211; 60 \u00b0C<\/li>\n<li>Taux d&#8217;humidit\u00e9 de fonctionnement: 15 &#8211; 80%<\/li>\n<li>Taux d&#8217;humidit\u00e9 relative (stockage): 15 &#8211; 85%<\/li>\n<li>Largeur: 296 mm<\/li>\n<li>Profondeur: 169 mm<\/li>\n<li>Hauteur: 167 mm<\/li>\n<li>Poids: 3,6 kg<\/li>\n<\/ul>","protected":false},"excerpt":{"rendered":"<p>Si vous \u00eates passionn\u00e9 d&#8217;informatique et d&#8217;\u00e9lectronique, si vous \u00eates \u00e0 la pointe de la technologie et qu&#8217;aucun d\u00e9tail ne<\/p>","protected":false},"featured_media":4378584,"comment_status":"open","ping_status":"closed","template":"","meta":{"_joinchat":[]},"product_brand":[157910],"product_cat":[157516,157517,158047],"product_tag":[157514,157515],"class_list":{"0":"post-4378585","1":"product","2":"type-product","3":"status-publish","4":"has-post-thumbnail","6":"product_brand-brandp_547","7":"product_cat-informatique-electronique","8":"product_cat-informatique-peripheriques-et-consommables","9":"product_cat-scanners","10":"product_tag-tag_933","11":"product_tag-tag_1295","13":"first","14":"instock","15":"taxable","16":"shipping-taxable","17":"purchasable","18":"product-type-simple"},"yoast_head":"<!-- This site is optimized with the Yoast SEO plugin v27.2 - https:\/\/yoast.com\/product\/yoast-seo-wordpress\/ -->\n<title>Scanner Epson WorkForce DS-730N - Tupique<\/title>\n<meta name=\"description\" content=\"Vous cherchez Scanner Epson WorkForce DS-730N ? Achetez des produits chez Tupique. Profitez de la livraison gratuite pour obtenir Scanner Epson WorkForce DS-730N d\u00e8s maintenant.\" \/>\n<meta name=\"robots\" content=\"index, follow, max-snippet:-1, max-image-preview:large, max-video-preview:-1\" \/>\n<link rel=\"canonical\" href=\"https:\/\/tupique.com\/pt\/produto\/scanner-epson-workforce-ds-730n\/\" \/>\n<meta property=\"og:locale\" content=\"pt_PT\" \/>\n<meta property=\"og:type\" content=\"article\" \/>\n<meta property=\"og:title\" content=\"Scanner Epson WorkForce DS-730N - Tupique\" \/>\n<meta property=\"og:description\" content=\"Vous cherchez Scanner Epson WorkForce DS-730N ? Achetez des produits chez Tupique. Profitez de la livraison gratuite pour obtenir Scanner Epson WorkForce DS-730N d\u00e8s maintenant.\" \/>\n<meta property=\"og:url\" content=\"https:\/\/tupique.com\/pt\/produto\/scanner-epson-workforce-ds-730n\/\" \/>\n<meta property=\"og:site_name\" content=\"Tupique\" \/>\n<meta name=\"twitter:card\" content=\"summary_large_image\" \/>\n<meta name=\"twitter:label1\" content=\"Tempo estimado de leitura\" \/>\n\t<meta name=\"twitter:data1\" content=\"3 minutos\" \/>\n<script type=\"application\/ld+json\" class=\"yoast-schema-graph\">{\"@context\":\"https:\/\/schema.org\",\"@graph\":[{\"@type\":\"WebPage\",\"@id\":\"https:\/\/tupique.com\/produit\/scanner-epson-workforce-ds-730n\/\",\"url\":\"https:\/\/tupique.com\/produit\/scanner-epson-workforce-ds-730n\/\",\"name\":\"Scanner Epson WorkForce DS-730N - Tupique\",\"isPartOf\":{\"@id\":\"https:\/\/tupique.com\/#website\"},\"primaryImageOfPage\":{\"@id\":\"https:\/\/tupique.com\/produit\/scanner-epson-workforce-ds-730n\/#primaryimage\"},\"image\":{\"@id\":\"https:\/\/tupique.com\/produit\/scanner-epson-workforce-ds-730n\/#primaryimage\"},\"thumbnailUrl\":\"https:\/\/tupique.com\/wp-content\/uploads\/2026\/04\/8715946678283_R12.jpg\",\"datePublished\":\"2026-04-05T02:57:09+00:00\",\"description\":\"Vous cherchez Scanner Epson WorkForce DS-730N ? Achetez des produits chez Tupique. Profitez de la livraison gratuite pour obtenir Scanner Epson WorkForce DS-730N d\u00e8s maintenant.\",\"breadcrumb\":{\"@id\":\"https:\/\/tupique.com\/produit\/scanner-epson-workforce-ds-730n\/#breadcrumb\"},\"inLanguage\":\"pt-PT\",\"potentialAction\":[{\"@type\":\"ReadAction\",\"target\":[\"https:\/\/tupique.com\/produit\/scanner-epson-workforce-ds-730n\/\"]}]},{\"@type\":\"ImageObject\",\"inLanguage\":\"pt-PT\",\"@id\":\"https:\/\/tupique.com\/produit\/scanner-epson-workforce-ds-730n\/#primaryimage\",\"url\":\"https:\/\/tupique.com\/wp-content\/uploads\/2026\/04\/8715946678283_R12.jpg\",\"contentUrl\":\"https:\/\/tupique.com\/wp-content\/uploads\/2026\/04\/8715946678283_R12.jpg\",\"width\":1200,\"height\":1200,\"caption\":\"S55082108_0\"},{\"@type\":\"BreadcrumbList\",\"@id\":\"https:\/\/tupique.com\/produit\/scanner-epson-workforce-ds-730n\/#breadcrumb\",\"itemListElement\":[{\"@type\":\"ListItem\",\"position\":1,\"name\":\"In\u00edcio\",\"item\":\"https:\/\/tupique.com\/\"},{\"@type\":\"ListItem\",\"position\":2,\"name\":\"Boutique\",\"item\":\"https:\/\/tupique.com\/en\/boutique\/\"},{\"@type\":\"ListItem\",\"position\":3,\"name\":\"Scanner Epson WorkForce DS-730N\"}]},{\"@type\":\"WebSite\",\"@id\":\"https:\/\/tupique.com\/#website\",\"url\":\"https:\/\/tupique.com\/\",\"name\":\"Tupique\",\"description\":\"Marketplace\",\"publisher\":{\"@id\":\"https:\/\/tupique.com\/#organization\"},\"potentialAction\":[{\"@type\":\"SearchAction\",\"target\":{\"@type\":\"EntryPoint\",\"urlTemplate\":\"https:\/\/tupique.com\/?s={search_term_string}\"},\"query-input\":{\"@type\":\"PropertyValueSpecification\",\"valueRequired\":true,\"valueName\":\"search_term_string\"}}],\"inLanguage\":\"pt-PT\"},{\"@type\":\"Organization\",\"@id\":\"https:\/\/tupique.com\/#organization\",\"name\":\"Tupique\",\"url\":\"https:\/\/tupique.com\/\",\"logo\":{\"@type\":\"ImageObject\",\"inLanguage\":\"pt-PT\",\"@id\":\"https:\/\/tupique.com\/#\/schema\/logo\/image\/\",\"url\":\"https:\/\/tupique.com\/wp-content\/uploads\/2024\/09\/logo.png\",\"contentUrl\":\"https:\/\/tupique.com\/wp-content\/uploads\/2024\/09\/logo.png\",\"width\":1118,\"height\":310,\"caption\":\"Tupique\"},\"image\":{\"@id\":\"https:\/\/tupique.com\/#\/schema\/logo\/image\/\"}}]}<\/script>\n<!-- \/ Yoast SEO plugin. -->","yoast_head_json":{"title":"Scanner Epson WorkForce DS-730N - Tupique","description":"Vous cherchez Scanner Epson WorkForce DS-730N ? Achetez des produits chez Tupique. Profitez de la livraison gratuite pour obtenir Scanner Epson WorkForce DS-730N d\u00e8s maintenant.","robots":{"index":"index","follow":"follow","max-snippet":"max-snippet:-1","max-image-preview":"max-image-preview:large","max-video-preview":"max-video-preview:-1"},"canonical":"https:\/\/tupique.com\/pt\/produto\/scanner-epson-workforce-ds-730n\/","og_locale":"pt_PT","og_type":"article","og_title":"Scanner Epson WorkForce DS-730N - Tupique","og_description":"Vous cherchez Scanner Epson WorkForce DS-730N ? Achetez des produits chez Tupique. Profitez de la livraison gratuite pour obtenir Scanner Epson WorkForce DS-730N d\u00e8s maintenant.","og_url":"https:\/\/tupique.com\/pt\/produto\/scanner-epson-workforce-ds-730n\/","og_site_name":"Tupique","twitter_card":"summary_large_image","twitter_misc":{"Tempo estimado de leitura":"3 minutos"},"schema":{"@context":"https:\/\/schema.org","@graph":[{"@type":"WebPage","@id":"https:\/\/tupique.com\/produit\/scanner-epson-workforce-ds-730n\/","url":"https:\/\/tupique.com\/produit\/scanner-epson-workforce-ds-730n\/","name":"Scanner Epson WorkForce DS-730N - Tupique","isPartOf":{"@id":"https:\/\/tupique.com\/#website"},"primaryImageOfPage":{"@id":"https:\/\/tupique.com\/produit\/scanner-epson-workforce-ds-730n\/#primaryimage"},"image":{"@id":"https:\/\/tupique.com\/produit\/scanner-epson-workforce-ds-730n\/#primaryimage"},"thumbnailUrl":"https:\/\/tupique.com\/wp-content\/uploads\/2026\/04\/8715946678283_R12.jpg","datePublished":"2026-04-05T02:57:09+00:00","description":"Vous cherchez Scanner Epson WorkForce DS-730N ? Achetez des produits chez Tupique. Profitez de la livraison gratuite pour obtenir Scanner Epson WorkForce DS-730N d\u00e8s maintenant.","breadcrumb":{"@id":"https:\/\/tupique.com\/produit\/scanner-epson-workforce-ds-730n\/#breadcrumb"},"inLanguage":"pt-PT","potentialAction":[{"@type":"ReadAction","target":["https:\/\/tupique.com\/produit\/scanner-epson-workforce-ds-730n\/"]}]},{"@type":"ImageObject","inLanguage":"pt-PT","@id":"https:\/\/tupique.com\/produit\/scanner-epson-workforce-ds-730n\/#primaryimage","url":"https:\/\/tupique.com\/wp-content\/uploads\/2026\/04\/8715946678283_R12.jpg","contentUrl":"https:\/\/tupique.com\/wp-content\/uploads\/2026\/04\/8715946678283_R12.jpg","width":1200,"height":1200,"caption":"S55082108_0"},{"@type":"BreadcrumbList","@id":"https:\/\/tupique.com\/produit\/scanner-epson-workforce-ds-730n\/#breadcrumb","itemListElement":[{"@type":"ListItem","position":1,"name":"In\u00edcio","item":"https:\/\/tupique.com\/"},{"@type":"ListItem","position":2,"name":"Boutique","item":"https:\/\/tupique.com\/en\/boutique\/"},{"@type":"ListItem","position":3,"name":"Scanner Epson WorkForce DS-730N"}]},{"@type":"WebSite","@id":"https:\/\/tupique.com\/#website","url":"https:\/\/tupique.com\/","name":"Tupique","description":"Marketplace","publisher":{"@id":"https:\/\/tupique.com\/#organization"},"potentialAction":[{"@type":"SearchAction","target":{"@type":"EntryPoint","urlTemplate":"https:\/\/tupique.com\/?s={search_term_string}"},"query-input":{"@type":"PropertyValueSpecification","valueRequired":true,"valueName":"search_term_string"}}],"inLanguage":"pt-PT"},{"@type":"Organization","@id":"https:\/\/tupique.com\/#organization","name":"Tupique","url":"https:\/\/tupique.com\/","logo":{"@type":"ImageObject","inLanguage":"pt-PT","@id":"https:\/\/tupique.com\/#\/schema\/logo\/image\/","url":"https:\/\/tupique.com\/wp-content\/uploads\/2024\/09\/logo.png","contentUrl":"https:\/\/tupique.com\/wp-content\/uploads\/2024\/09\/logo.png","width":1118,"height":310,"caption":"Tupique"},"image":{"@id":"https:\/\/tupique.com\/#\/schema\/logo\/image\/"}}]}},"jetpack_sharing_enabled":true,"_links":{"self":[{"href":"https:\/\/tupique.com\/pt\/wp-json\/wp\/v2\/product\/4378585","targetHints":{"allow":["GET"]}}],"collection":[{"href":"https:\/\/tupique.com\/pt\/wp-json\/wp\/v2\/product"}],"about":[{"href":"https:\/\/tupique.com\/pt\/wp-json\/wp\/v2\/types\/product"}],"replies":[{"embeddable":true,"href":"https:\/\/tupique.com\/pt\/wp-json\/wp\/v2\/comments?post=4378585"}],"wp:featuredmedia":[{"embeddable":true,"href":"https:\/\/tupique.com\/pt\/wp-json\/wp\/v2\/media\/4378584"}],"wp:attachment":[{"href":"https:\/\/tupique.com\/pt\/wp-json\/wp\/v2\/media?parent=4378585"}],"wp:term":[{"taxonomy":"product_brand","embeddable":true,"href":"https:\/\/tupique.com\/pt\/wp-json\/wp\/v2\/product_brand?post=4378585"},{"taxonomy":"product_cat","embeddable":true,"href":"https:\/\/tupique.com\/pt\/wp-json\/wp\/v2\/product_cat?post=4378585"},{"taxonomy":"product_tag","embeddable":true,"href":"https:\/\/tupique.com\/pt\/wp-json\/wp\/v2\/product_tag?post=4378585"}],"curies":[{"name":"wp","href":"https:\/\/api.w.org\/{rel}","templated":true}]}}