{"id":4378680,"date":"2026-04-05T04:02:21","date_gmt":"2026-04-05T03:02:21","guid":{"rendered":"https:\/\/tupique.com\/produit\/ecran-philips-45b1u6900c-00-445-lcd-ultrawide-dual-quad-hd\/"},"modified":"2026-04-05T04:55:30","modified_gmt":"2026-04-05T03:55:30","slug":"ecran-philips-45b1u6900c-00-445-lcd-ultrawide-dual-quad-hd","status":"publish","type":"product","link":"https:\/\/tupique.com\/pt\/produto\/ecran-philips-45b1u6900c-00-445-lcd-ultrawide-dual-quad-hd\/","title":{"rendered":"\u00c9cran Philips 45B1U6900C\/00 44,5&#8243; LCD UltraWide Dual Quad HD"},"content":{"rendered":"<p>Se \u00e9 apaixonado por\u2019<b>inform\u00e1tica e eletr\u00f3nica<\/b>, Se est\u00e1 na vanguarda da tecnologia e n\u00e3o quer perder nada, compre <b>\u00c9cran Philips 45B1U6900C\/00 44,5&#8243; LCD UltraWide Dual Quad HD<\/b> ao melhor pre\u00e7o.<\/p>\n<p>Le <b>moniteur<\/b> Philips 45B1U6900C\/00 se distingue comme une solution avanc\u00e9e pour la productivit\u00e9 et le divertissement, int\u00e9grant un \u00e9cran incurv\u00e9 <b>UltraWide Dual Quad HD de 44,5 pouces (113 cm)<\/b> avec une r\u00e9solution de <b>5120 x 1440 pixels<\/b> offrant une exp\u00e9rience visuelle immersive et d\u00e9taill\u00e9e, sp\u00e9cialement con\u00e7ue pour le multit\u00e2che et le travail sur plusieurs fen\u00eatres. Sa technologie <b>LED<\/b> associ\u00e9e \u00e0 une dalle <b>VA<\/b> e <b>LCD<\/b> garantit des couleurs vives, un contraste \u00e9lev\u00e9 et des noirs profonds, tandis que la finition <b>mate<\/b> r\u00e9duit les reflets pour un confort visuel m\u00eame dans les environnements lumineux. La fonction <b>Flicker Free<\/b> minimise le scintillement de l\u2019\u00e9cran, aidant \u00e0 r\u00e9duire la fatigue oculaire lors d\u2019utilisations prolong\u00e9es. Ce mod\u00e8le prend en charge le <b>HDR<\/b>, am\u00e9liorant la plage dynamique et la qualit\u00e9 d\u2019image pour les contenus compatibles. Il offre de larges <b>angles de vision de 178\u00b0<\/b> horizontalement et verticalement ainsi qu\u2019un <b>temps de r\u00e9ponse rapide de 4 ms<\/b>, adapt\u00e9 aussi bien aux applications professionnelles qu\u2019aux jeux occasionnels. Con\u00e7u en <b>preto<\/b> avec une finition \u00e9l\u00e9gante, le moniteur est enti\u00e8rement r\u00e9glable, permettant <b>r\u00e9glage en hauteur<\/b> et fonction <b>pivotante<\/b> pour s\u2019adapter \u00e0 tout espace de travail, et il est compatible avec le <b>montage VESA<\/b>. Il int\u00e8gre des <b>haut-parleurs<\/b> et une connectivit\u00e9 polyvalente avec ports <b>USB 3.2 Gen 1<\/b> et USB-C, permettant transfert de donn\u00e9es, alimentation et sortie vid\u00e9o via un seul c\u00e2ble, id\u00e9al pour un bureau ordonn\u00e9 ; il dispose \u00e9galement d\u2019un support d\u00e9di\u00e9 pour casque facilitant la gestion des c\u00e2bles. Ce moniteur Philips est une option robuste et polyvalente pour les utilisateurs exigeants recherchant une qualit\u00e9 d\u2019image sup\u00e9rieure et une grande flexibilit\u00e9 dans leur environnement professionnel ou de divertissement.<\/p>\n<ul>\n<li>Type: \u00c9cran<\/li>\n<li>Tipo de tomada: tomada UE<\/li>\n<li>Diagonale de l&#8217;\u00e9cran (cm): 113 cm<\/li>\n<li>Tecnologia:\n<ul>\n<li>LCD<\/li>\n<li>LED<\/li>\n<li>VA<\/li>\n<li>Flicker free<\/li>\n<\/ul>\n<\/li>\n<li>Produto de encaixe: Sim<\/li>\n<li>Alimenta\u00e7\u00e3o el\u00e9ctrica:\n<ul>\n<li>r\u00e9seau \u00e9lectrique<\/li>\n<li>Courant alternatif<\/li>\n<\/ul>\n<\/li>\n<li>Cor: preto<\/li>\n<li>Temps de r\u00e9ponse: 4 ms<\/li>\n<li>VESA: 10 x 10 cm<\/li>\n<li>Brille: 450 CD \/ M\u00b2<\/li>\n<li>Tens\u00e3o:\n<ul>\n<li>100-240 V<\/li>\n<li>100 - 240 V<\/li>\n<\/ul>\n<\/li>\n<li>Ecran: 44,5&#8243;<\/li>\n<li>Classifica\u00e7\u00e3o energ\u00e9tica: G<\/li>\n<li>Rapport d&#8217;aspect: 32:9<\/li>\n<li>Liga\u00e7\u00f5es:\n<ul>\n<li>HDMI<\/li>\n<li>USB<\/li>\n<li>DisplayPort<\/li>\n<li>HDMI 2.0<\/li>\n<li>LAN Ethernet<\/li>\n<li>2<\/li>\n<li>USB-C<\/li>\n<li>HDCP<\/li>\n<li>USB A x 4<\/li>\n<li>DisplayPort 1.4<\/li>\n<li>DisplayPort x 1<\/li>\n<\/ul>\n<\/li>\n<li>Carater\u00edsticas:\n<ul>\n<li>Plaque Tournante<\/li>\n<li>Mat<\/li>\n<li>R\u00e9glable<\/li>\n<li>HDR<\/li>\n<li>Avec stand<\/li>\n<li>Inclinaison r\u00e9glable<\/li>\n<li>Plug &amp; Play<\/li>\n<li>Sensor de luz<\/li>\n<li>Altifalantes integrados<\/li>\n<\/ul>\n<\/li>\n<li>R\u00e9solution (px): 5120 x 1440 px<\/li>\n<li>Frequ\u00eancia:\n<ul>\n<li>50 &#8211; 60 Hz<\/li>\n<li>75 Hz<\/li>\n<\/ul>\n<\/li>\n<li>pot\u00eancia: 100 W<\/li>\n<li>Rapport de contraste: 3000:1<\/li>\n<li>Portos:\n<ul>\n<li>1<\/li>\n<li>Sortie audio<\/li>\n<\/ul>\n<\/li>\n<li>Compatible: VESA<\/li>\n<li>Conce\u00e7\u00e3o: Courbe<\/li>\n<li>Connectivit\u00e9: Ethernet LAN<\/li>\n<li>R\u00e9solution:\n<ul>\n<li>LCD<\/li>\n<li>UltraWide Dual Quad HD<\/li>\n<\/ul>\n<\/li>\n<li>Ecr\u00e3 t\u00e1til: N\u00e3o<\/li>\n<li>Emballage respectueux de l\u2019environnement: 100 % recyclable<\/li>\n<li>Angle: 178\u00ba<\/li>\n<li>Precis\u00e3o (humidade relativa): 20 % - 80 %<\/li>\n<li>Connecteurs: Kensington<\/li>\n<li>Montagem: VESA<\/li>\n<li>Inclinaison: -5\u00ba \/ 15\u00ba<\/li>\n<li>Inclut: Manuel de l&#8217;utilisateur<\/li>\n<li>Utilisation recommand\u00e9e: Entreprise et commerce<\/li>\n<li>Rotation: -45\u00ba \/ 45\u00b0<\/li>\n<\/ul>","protected":false},"excerpt":{"rendered":"<p>Si vous \u00eates passionn\u00e9 d&#8217;informatique et d&#8217;\u00e9lectronique, si vous \u00eates \u00e0 la pointe de la technologie et qu&#8217;aucun d\u00e9tail ne<\/p>","protected":false},"featured_media":4378670,"comment_status":"open","ping_status":"closed","template":"","meta":{"_joinchat":[]},"product_brand":[157978],"product_cat":[157516,157517,157816],"product_tag":[157514,157515],"class_list":{"0":"post-4378680","1":"product","2":"type-product","3":"status-publish","4":"has-post-thumbnail","6":"product_brand-brandp_571","7":"product_cat-informatique-electronique","8":"product_cat-informatique-peripheriques-et-consommables","9":"product_cat-moniteurs","10":"product_tag-tag_933","11":"product_tag-tag_1295","13":"first","14":"instock","15":"taxable","16":"shipping-taxable","17":"purchasable","18":"product-type-simple"},"yoast_head":"<!-- This site is optimized with the Yoast SEO plugin v27.2 - https:\/\/yoast.com\/product\/yoast-seo-wordpress\/ -->\n<title>\u00c9cran Philips 45B1U6900C\/00 44,5&quot; LCD UltraWide Dual Quad HD - Tupique<\/title>\n<meta name=\"description\" content=\"Vous cherchez \u00c9cran Philips 45B1U6900C\/00 44,5&quot; LCD UltraWide Dual Quad HD ? Achetez des produits chez Tupique. Profitez de la livraison gratuite pour obtenir \u00c9cran Philips 45B1U6900C\/00 44,5&quot; LCD UltraWide Dual Quad HD d\u00e8s maintenant.\" \/>\n<meta name=\"robots\" content=\"index, follow, max-snippet:-1, max-image-preview:large, max-video-preview:-1\" \/>\n<link rel=\"canonical\" href=\"https:\/\/tupique.com\/pt\/produto\/ecran-philips-45b1u6900c-00-445-lcd-ultrawide-dual-quad-hd\/\" \/>\n<meta property=\"og:locale\" content=\"pt_PT\" \/>\n<meta property=\"og:type\" content=\"article\" \/>\n<meta property=\"og:title\" content=\"\u00c9cran Philips 45B1U6900C\/00 44,5&quot; LCD UltraWide Dual Quad HD - Tupique\" \/>\n<meta property=\"og:description\" content=\"Vous cherchez \u00c9cran Philips 45B1U6900C\/00 44,5&quot; LCD UltraWide Dual Quad HD ? Achetez des produits chez Tupique. Profitez de la livraison gratuite pour obtenir \u00c9cran Philips 45B1U6900C\/00 44,5&quot; LCD UltraWide Dual Quad HD d\u00e8s maintenant.\" \/>\n<meta property=\"og:url\" content=\"https:\/\/tupique.com\/pt\/produto\/ecran-philips-45b1u6900c-00-445-lcd-ultrawide-dual-quad-hd\/\" \/>\n<meta property=\"og:site_name\" content=\"Tupique\" \/>\n<meta property=\"article:modified_time\" content=\"2026-04-05T03:55:30+00:00\" \/>\n<meta property=\"og:image\" content=\"https:\/\/tupique.com\/wp-content\/uploads\/2026\/04\/852815580.jpg\" \/>\n\t<meta property=\"og:image:width\" content=\"1200\" \/>\n\t<meta property=\"og:image:height\" content=\"1200\" \/>\n\t<meta property=\"og:image:type\" content=\"image\/jpeg\" \/>\n<meta name=\"twitter:card\" content=\"summary_large_image\" \/>\n<meta name=\"twitter:label1\" content=\"Tempo estimado de leitura\" \/>\n\t<meta name=\"twitter:data1\" content=\"2 minutos\" \/>\n<script type=\"application\/ld+json\" class=\"yoast-schema-graph\">{\"@context\":\"https:\/\/schema.org\",\"@graph\":[{\"@type\":\"WebPage\",\"@id\":\"https:\/\/tupique.com\/produit\/ecran-philips-45b1u6900c-00-445-lcd-ultrawide-dual-quad-hd\/\",\"url\":\"https:\/\/tupique.com\/produit\/ecran-philips-45b1u6900c-00-445-lcd-ultrawide-dual-quad-hd\/\",\"name\":\"\u00c9cran Philips 45B1U6900C\/00 44,5\\\" LCD UltraWide Dual Quad HD - Tupique\",\"isPartOf\":{\"@id\":\"https:\/\/tupique.com\/#website\"},\"primaryImageOfPage\":{\"@id\":\"https:\/\/tupique.com\/produit\/ecran-philips-45b1u6900c-00-445-lcd-ultrawide-dual-quad-hd\/#primaryimage\"},\"image\":{\"@id\":\"https:\/\/tupique.com\/produit\/ecran-philips-45b1u6900c-00-445-lcd-ultrawide-dual-quad-hd\/#primaryimage\"},\"thumbnailUrl\":\"https:\/\/tupique.com\/wp-content\/uploads\/2026\/04\/852815580.jpg\",\"datePublished\":\"2026-04-05T03:02:21+00:00\",\"dateModified\":\"2026-04-05T03:55:30+00:00\",\"description\":\"Vous cherchez \u00c9cran Philips 45B1U6900C\/00 44,5\\\" LCD UltraWide Dual Quad HD ? Achetez des produits chez Tupique. Profitez de la livraison gratuite pour obtenir \u00c9cran Philips 45B1U6900C\/00 44,5\\\" LCD UltraWide Dual Quad HD d\u00e8s maintenant.\",\"breadcrumb\":{\"@id\":\"https:\/\/tupique.com\/produit\/ecran-philips-45b1u6900c-00-445-lcd-ultrawide-dual-quad-hd\/#breadcrumb\"},\"inLanguage\":\"pt-PT\",\"potentialAction\":[{\"@type\":\"ReadAction\",\"target\":[\"https:\/\/tupique.com\/produit\/ecran-philips-45b1u6900c-00-445-lcd-ultrawide-dual-quad-hd\/\"]}]},{\"@type\":\"ImageObject\",\"inLanguage\":\"pt-PT\",\"@id\":\"https:\/\/tupique.com\/produit\/ecran-philips-45b1u6900c-00-445-lcd-ultrawide-dual-quad-hd\/#primaryimage\",\"url\":\"https:\/\/tupique.com\/wp-content\/uploads\/2026\/04\/852815580.jpg\",\"contentUrl\":\"https:\/\/tupique.com\/wp-content\/uploads\/2026\/04\/852815580.jpg\",\"width\":1200,\"height\":1200,\"caption\":\"S55298556_0\"},{\"@type\":\"BreadcrumbList\",\"@id\":\"https:\/\/tupique.com\/produit\/ecran-philips-45b1u6900c-00-445-lcd-ultrawide-dual-quad-hd\/#breadcrumb\",\"itemListElement\":[{\"@type\":\"ListItem\",\"position\":1,\"name\":\"In\u00edcio\",\"item\":\"https:\/\/tupique.com\/\"},{\"@type\":\"ListItem\",\"position\":2,\"name\":\"Boutique\",\"item\":\"https:\/\/tupique.com\/en\/boutique\/\"},{\"@type\":\"ListItem\",\"position\":3,\"name\":\"\u00c9cran Philips 45B1U6900C\/00 44,5&#8243; LCD UltraWide Dual Quad HD\"}]},{\"@type\":\"WebSite\",\"@id\":\"https:\/\/tupique.com\/#website\",\"url\":\"https:\/\/tupique.com\/\",\"name\":\"Tupique\",\"description\":\"Marketplace\",\"publisher\":{\"@id\":\"https:\/\/tupique.com\/#organization\"},\"potentialAction\":[{\"@type\":\"SearchAction\",\"target\":{\"@type\":\"EntryPoint\",\"urlTemplate\":\"https:\/\/tupique.com\/?s={search_term_string}\"},\"query-input\":{\"@type\":\"PropertyValueSpecification\",\"valueRequired\":true,\"valueName\":\"search_term_string\"}}],\"inLanguage\":\"pt-PT\"},{\"@type\":\"Organization\",\"@id\":\"https:\/\/tupique.com\/#organization\",\"name\":\"Tupique\",\"url\":\"https:\/\/tupique.com\/\",\"logo\":{\"@type\":\"ImageObject\",\"inLanguage\":\"pt-PT\",\"@id\":\"https:\/\/tupique.com\/#\/schema\/logo\/image\/\",\"url\":\"https:\/\/tupique.com\/wp-content\/uploads\/2024\/09\/logo.png\",\"contentUrl\":\"https:\/\/tupique.com\/wp-content\/uploads\/2024\/09\/logo.png\",\"width\":1118,\"height\":310,\"caption\":\"Tupique\"},\"image\":{\"@id\":\"https:\/\/tupique.com\/#\/schema\/logo\/image\/\"}}]}<\/script>\n<!-- \/ Yoast SEO plugin. -->","yoast_head_json":{"title":"\u00c9cran Philips 45B1U6900C\/00 44,5\" LCD UltraWide Dual Quad HD - Tupique","description":"Vous cherchez \u00c9cran Philips 45B1U6900C\/00 44,5\" LCD UltraWide Dual Quad HD ? Achetez des produits chez Tupique. Profitez de la livraison gratuite pour obtenir \u00c9cran Philips 45B1U6900C\/00 44,5\" LCD UltraWide Dual Quad HD d\u00e8s maintenant.","robots":{"index":"index","follow":"follow","max-snippet":"max-snippet:-1","max-image-preview":"max-image-preview:large","max-video-preview":"max-video-preview:-1"},"canonical":"https:\/\/tupique.com\/pt\/produto\/ecran-philips-45b1u6900c-00-445-lcd-ultrawide-dual-quad-hd\/","og_locale":"pt_PT","og_type":"article","og_title":"\u00c9cran Philips 45B1U6900C\/00 44,5\" LCD UltraWide Dual Quad HD - Tupique","og_description":"Vous cherchez \u00c9cran Philips 45B1U6900C\/00 44,5\" LCD UltraWide Dual Quad HD ? Achetez des produits chez Tupique. Profitez de la livraison gratuite pour obtenir \u00c9cran Philips 45B1U6900C\/00 44,5\" LCD UltraWide Dual Quad HD d\u00e8s maintenant.","og_url":"https:\/\/tupique.com\/pt\/produto\/ecran-philips-45b1u6900c-00-445-lcd-ultrawide-dual-quad-hd\/","og_site_name":"Tupique","article_modified_time":"2026-04-05T03:55:30+00:00","og_image":[{"width":1200,"height":1200,"url":"https:\/\/tupique.com\/wp-content\/uploads\/2026\/04\/852815580.jpg","type":"image\/jpeg"}],"twitter_card":"summary_large_image","twitter_misc":{"Tempo estimado de leitura":"2 minutos"},"schema":{"@context":"https:\/\/schema.org","@graph":[{"@type":"WebPage","@id":"https:\/\/tupique.com\/produit\/ecran-philips-45b1u6900c-00-445-lcd-ultrawide-dual-quad-hd\/","url":"https:\/\/tupique.com\/produit\/ecran-philips-45b1u6900c-00-445-lcd-ultrawide-dual-quad-hd\/","name":"\u00c9cran Philips 45B1U6900C\/00 44,5\" LCD UltraWide Dual Quad HD - Tupique","isPartOf":{"@id":"https:\/\/tupique.com\/#website"},"primaryImageOfPage":{"@id":"https:\/\/tupique.com\/produit\/ecran-philips-45b1u6900c-00-445-lcd-ultrawide-dual-quad-hd\/#primaryimage"},"image":{"@id":"https:\/\/tupique.com\/produit\/ecran-philips-45b1u6900c-00-445-lcd-ultrawide-dual-quad-hd\/#primaryimage"},"thumbnailUrl":"https:\/\/tupique.com\/wp-content\/uploads\/2026\/04\/852815580.jpg","datePublished":"2026-04-05T03:02:21+00:00","dateModified":"2026-04-05T03:55:30+00:00","description":"Vous cherchez \u00c9cran Philips 45B1U6900C\/00 44,5\" LCD UltraWide Dual Quad HD ? Achetez des produits chez Tupique. Profitez de la livraison gratuite pour obtenir \u00c9cran Philips 45B1U6900C\/00 44,5\" LCD UltraWide Dual Quad HD d\u00e8s maintenant.","breadcrumb":{"@id":"https:\/\/tupique.com\/produit\/ecran-philips-45b1u6900c-00-445-lcd-ultrawide-dual-quad-hd\/#breadcrumb"},"inLanguage":"pt-PT","potentialAction":[{"@type":"ReadAction","target":["https:\/\/tupique.com\/produit\/ecran-philips-45b1u6900c-00-445-lcd-ultrawide-dual-quad-hd\/"]}]},{"@type":"ImageObject","inLanguage":"pt-PT","@id":"https:\/\/tupique.com\/produit\/ecran-philips-45b1u6900c-00-445-lcd-ultrawide-dual-quad-hd\/#primaryimage","url":"https:\/\/tupique.com\/wp-content\/uploads\/2026\/04\/852815580.jpg","contentUrl":"https:\/\/tupique.com\/wp-content\/uploads\/2026\/04\/852815580.jpg","width":1200,"height":1200,"caption":"S55298556_0"},{"@type":"BreadcrumbList","@id":"https:\/\/tupique.com\/produit\/ecran-philips-45b1u6900c-00-445-lcd-ultrawide-dual-quad-hd\/#breadcrumb","itemListElement":[{"@type":"ListItem","position":1,"name":"In\u00edcio","item":"https:\/\/tupique.com\/"},{"@type":"ListItem","position":2,"name":"Boutique","item":"https:\/\/tupique.com\/en\/boutique\/"},{"@type":"ListItem","position":3,"name":"\u00c9cran Philips 45B1U6900C\/00 44,5&#8243; LCD UltraWide Dual Quad HD"}]},{"@type":"WebSite","@id":"https:\/\/tupique.com\/#website","url":"https:\/\/tupique.com\/","name":"Tupique","description":"Marketplace","publisher":{"@id":"https:\/\/tupique.com\/#organization"},"potentialAction":[{"@type":"SearchAction","target":{"@type":"EntryPoint","urlTemplate":"https:\/\/tupique.com\/?s={search_term_string}"},"query-input":{"@type":"PropertyValueSpecification","valueRequired":true,"valueName":"search_term_string"}}],"inLanguage":"pt-PT"},{"@type":"Organization","@id":"https:\/\/tupique.com\/#organization","name":"Tupique","url":"https:\/\/tupique.com\/","logo":{"@type":"ImageObject","inLanguage":"pt-PT","@id":"https:\/\/tupique.com\/#\/schema\/logo\/image\/","url":"https:\/\/tupique.com\/wp-content\/uploads\/2024\/09\/logo.png","contentUrl":"https:\/\/tupique.com\/wp-content\/uploads\/2024\/09\/logo.png","width":1118,"height":310,"caption":"Tupique"},"image":{"@id":"https:\/\/tupique.com\/#\/schema\/logo\/image\/"}}]}},"jetpack_sharing_enabled":true,"_links":{"self":[{"href":"https:\/\/tupique.com\/pt\/wp-json\/wp\/v2\/product\/4378680","targetHints":{"allow":["GET"]}}],"collection":[{"href":"https:\/\/tupique.com\/pt\/wp-json\/wp\/v2\/product"}],"about":[{"href":"https:\/\/tupique.com\/pt\/wp-json\/wp\/v2\/types\/product"}],"replies":[{"embeddable":true,"href":"https:\/\/tupique.com\/pt\/wp-json\/wp\/v2\/comments?post=4378680"}],"wp:featuredmedia":[{"embeddable":true,"href":"https:\/\/tupique.com\/pt\/wp-json\/wp\/v2\/media\/4378670"}],"wp:attachment":[{"href":"https:\/\/tupique.com\/pt\/wp-json\/wp\/v2\/media?parent=4378680"}],"wp:term":[{"taxonomy":"product_brand","embeddable":true,"href":"https:\/\/tupique.com\/pt\/wp-json\/wp\/v2\/product_brand?post=4378680"},{"taxonomy":"product_cat","embeddable":true,"href":"https:\/\/tupique.com\/pt\/wp-json\/wp\/v2\/product_cat?post=4378680"},{"taxonomy":"product_tag","embeddable":true,"href":"https:\/\/tupique.com\/pt\/wp-json\/wp\/v2\/product_tag?post=4378680"}],"curies":[{"name":"wp","href":"https:\/\/api.w.org\/{rel}","templated":true}]}}