{"id":4378873,"date":"2026-04-05T04:59:50","date_gmt":"2026-04-05T03:59:50","guid":{"rendered":"https:\/\/tupique.com\/produit\/tablette-samsung-sm-x520nlbreub-109-octa-core-8-gb-ram-128-gb-bleu\/"},"modified":"2026-04-05T04:59:50","modified_gmt":"2026-04-05T03:59:50","slug":"tablette-samsung-sm-x520nlbreub-109-octa-core-8-gb-ram-128-gb-bleu","status":"publish","type":"product","link":"https:\/\/tupique.com\/pt\/produto\/tablette-samsung-sm-x520nlbreub-109-octa-core-8-gb-ram-128-gb-bleu\/","title":{"rendered":"Tablette Samsung SM-X520NLBREUB 10,9&#8243; Octa Core 8 GB RAM 128 GB Bleu"},"content":{"rendered":"<p>Se \u00e9 apaixonado por\u2019<b>inform\u00e1tica e eletr\u00f3nica<\/b>, Se est\u00e1 na vanguarda da tecnologia e n\u00e3o quer perder nada, compre <b>Tablette Samsung SM-X520NLBREUB 10,9&#8243; Octa Core 8 GB RAM 128 GB Bleu<\/b> ao melhor pre\u00e7o.<\/p>\n<ul>\n<li>Type: Tablette<\/li>\n<li>Tipo de tomada: tomada UE<\/li>\n<li>Produto de encaixe: Sim<\/li>\n<li>Diagonale de l&#8217;\u00e9cran (cm): 27,7 cm<\/li>\n<li>M\u00e9moire interne:\n<ul>\n<li>8 GB<\/li>\n<li>128 GB<\/li>\n<\/ul>\n<\/li>\n<li>Alimenta\u00e7\u00e3o el\u00e9ctrica:\n<ul>\n<li>r\u00e9seau \u00e9lectrique<\/li>\n<li>USB<\/li>\n<\/ul>\n<\/li>\n<li>Tecnologia:\n<ul>\n<li>IPS LCD<\/li>\n<li>TFT<\/li>\n<\/ul>\n<\/li>\n<li>Capacit\u00e9 de la batterie: 8000 mAh<\/li>\n<li>Sistema operativo: Android<\/li>\n<li>Conectividade:\n<ul>\n<li>Wi-Fi<\/li>\n<li>Bluetooth<\/li>\n<li>GPS<\/li>\n<li>Galileu<\/li>\n<li>6 GHz Wi-Fi<\/li>\n<li>Bluetooth 5.3<\/li>\n<\/ul>\n<\/li>\n<li>C\u00e2mara:\n<ul>\n<li>12 mpx<\/li>\n<li>13 mpx<\/li>\n<li>13 MP<\/li>\n<li>Traseira<\/li>\n<\/ul>\n<\/li>\n<li>Liga\u00e7\u00f5es:\n<ul>\n<li>USB-C<\/li>\n<li>USB-C 2.0<\/li>\n<\/ul>\n<\/li>\n<li>Ecran: 10,9&#8243;<\/li>\n<li>Processeur: Octa Core<\/li>\n<li>Mem\u00f3ria RAM: 8 GB de RAM<\/li>\n<li>Cor: azul<\/li>\n<li>Carater\u00edsticas:\n<ul>\n<li>C\u00e2mara frontal<\/li>\n<li>Autofocus<\/li>\n<li>Lecteur de Cartes<\/li>\n<li>Leitor de impress\u00f5es digitais<\/li>\n<li>B\u00fassola eletr\u00f3nica<\/li>\n<\/ul>\n<\/li>\n<li>Classifica\u00e7\u00e3o IP: IP68<\/li>\n<li>Fonctions: Acc\u00e9l\u00e9rom\u00e8tre<\/li>\n<li>Non Inclus:\n<ul>\n<li>Adaptateur AC<\/li>\n<li>Liga\u00e7\u00e3o \u00e0 rede m\u00f3vel<\/li>\n<\/ul>\n<\/li>\n<li>Taille maximale de la carte m\u00e9moire: 2 TB<\/li>\n<li>Cart\u00f5es de mem\u00f3ria compat\u00edveis: MicroSD (TransFlash)<\/li>\n<li>R\u00e9solution: WUXGA+<\/li>\n<li>Inclut: Crayon tactile<\/li>\n<li>Autonomie approx.: 20 heures<\/li>\n<li>N\u00facleos: 8 n\u00facleos<\/li>\n<li>Resolu\u00e7\u00e3o (px): 3840 x 2160 px<\/li>\n<\/ul>","protected":false},"excerpt":{"rendered":"<p>Si vous \u00eates passionn\u00e9 d&#8217;informatique et d&#8217;\u00e9lectronique, si vous \u00eates \u00e0 la pointe de la technologie et qu&#8217;aucun d\u00e9tail ne<\/p>","protected":false},"featured_media":4378856,"comment_status":"open","ping_status":"closed","template":"","meta":{"_joinchat":[]},"product_brand":[157883],"product_cat":[157523,157516,157560],"product_tag":[157522,157515],"class_list":{"0":"post-4378873","1":"product","2":"type-product","3":"status-publish","4":"has-post-thumbnail","6":"product_brand-brandp_576","7":"product_cat-electronique-telephonie-et-tablettes","8":"product_cat-informatique-electronique","9":"product_cat-tablettes","10":"product_tag-tag_547","11":"product_tag-tag_1295","13":"first","14":"instock","15":"taxable","16":"shipping-taxable","17":"purchasable","18":"product-type-simple"},"yoast_head":"<!-- This site is optimized with the Yoast SEO plugin v27.2 - https:\/\/yoast.com\/product\/yoast-seo-wordpress\/ -->\n<title>Tablette Samsung SM-X520NLBREUB 10,9&quot; Octa Core 8 GB RAM 128 GB Bleu - Tupique<\/title>\n<meta name=\"description\" content=\"Vous cherchez Tablette Samsung SM-X520NLBREUB 10,9&quot; Octa Core 8 GB RAM 128 GB Bleu ? Achetez des produits chez Tupique. Profitez de la livraison gratuite pour obtenir Tablette Samsung SM-X520NLBREUB 10,9&quot; Octa Core 8 GB RAM 128 GB Bleu d\u00e8s maintenant.\" \/>\n<meta name=\"robots\" content=\"index, follow, max-snippet:-1, max-image-preview:large, max-video-preview:-1\" \/>\n<link rel=\"canonical\" href=\"https:\/\/tupique.com\/pt\/produto\/tablette-samsung-sm-x520nlbreub-109-octa-core-8-gb-ram-128-gb-bleu\/\" \/>\n<meta property=\"og:locale\" content=\"pt_PT\" \/>\n<meta property=\"og:type\" content=\"article\" \/>\n<meta property=\"og:title\" content=\"Tablette Samsung SM-X520NLBREUB 10,9&quot; Octa Core 8 GB RAM 128 GB Bleu - Tupique\" \/>\n<meta property=\"og:description\" content=\"Vous cherchez Tablette Samsung SM-X520NLBREUB 10,9&quot; Octa Core 8 GB RAM 128 GB Bleu ? Achetez des produits chez Tupique. Profitez de la livraison gratuite pour obtenir Tablette Samsung SM-X520NLBREUB 10,9&quot; Octa Core 8 GB RAM 128 GB Bleu d\u00e8s maintenant.\" \/>\n<meta property=\"og:url\" content=\"https:\/\/tupique.com\/pt\/produto\/tablette-samsung-sm-x520nlbreub-109-octa-core-8-gb-ram-128-gb-bleu\/\" \/>\n<meta property=\"og:site_name\" content=\"Tupique\" \/>\n<meta name=\"twitter:card\" content=\"summary_large_image\" \/>\n<meta name=\"twitter:label1\" content=\"Tempo estimado de leitura\" \/>\n\t<meta name=\"twitter:data1\" content=\"1 minuto\" \/>\n<script type=\"application\/ld+json\" class=\"yoast-schema-graph\">{\"@context\":\"https:\/\/schema.org\",\"@graph\":[{\"@type\":\"WebPage\",\"@id\":\"https:\/\/tupique.com\/produit\/tablette-samsung-sm-x520nlbreub-109-octa-core-8-gb-ram-128-gb-bleu\/\",\"url\":\"https:\/\/tupique.com\/produit\/tablette-samsung-sm-x520nlbreub-109-octa-core-8-gb-ram-128-gb-bleu\/\",\"name\":\"Tablette Samsung SM-X520NLBREUB 10,9\\\" Octa Core 8 GB RAM 128 GB Bleu - Tupique\",\"isPartOf\":{\"@id\":\"https:\/\/tupique.com\/#website\"},\"primaryImageOfPage\":{\"@id\":\"https:\/\/tupique.com\/produit\/tablette-samsung-sm-x520nlbreub-109-octa-core-8-gb-ram-128-gb-bleu\/#primaryimage\"},\"image\":{\"@id\":\"https:\/\/tupique.com\/produit\/tablette-samsung-sm-x520nlbreub-109-octa-core-8-gb-ram-128-gb-bleu\/#primaryimage\"},\"thumbnailUrl\":\"https:\/\/tupique.com\/wp-content\/uploads\/2026\/04\/8806097194828_R01.jpg\",\"datePublished\":\"2026-04-05T03:59:50+00:00\",\"description\":\"Vous cherchez Tablette Samsung SM-X520NLBREUB 10,9\\\" Octa Core 8 GB RAM 128 GB Bleu ? Achetez des produits chez Tupique. Profitez de la livraison gratuite pour obtenir Tablette Samsung SM-X520NLBREUB 10,9\\\" Octa Core 8 GB RAM 128 GB Bleu d\u00e8s maintenant.\",\"breadcrumb\":{\"@id\":\"https:\/\/tupique.com\/produit\/tablette-samsung-sm-x520nlbreub-109-octa-core-8-gb-ram-128-gb-bleu\/#breadcrumb\"},\"inLanguage\":\"pt-PT\",\"potentialAction\":[{\"@type\":\"ReadAction\",\"target\":[\"https:\/\/tupique.com\/produit\/tablette-samsung-sm-x520nlbreub-109-octa-core-8-gb-ram-128-gb-bleu\/\"]}]},{\"@type\":\"ImageObject\",\"inLanguage\":\"pt-PT\",\"@id\":\"https:\/\/tupique.com\/produit\/tablette-samsung-sm-x520nlbreub-109-octa-core-8-gb-ram-128-gb-bleu\/#primaryimage\",\"url\":\"https:\/\/tupique.com\/wp-content\/uploads\/2026\/04\/8806097194828_R01.jpg\",\"contentUrl\":\"https:\/\/tupique.com\/wp-content\/uploads\/2026\/04\/8806097194828_R01.jpg\",\"width\":1200,\"height\":1200,\"caption\":\"M0806059_0\"},{\"@type\":\"BreadcrumbList\",\"@id\":\"https:\/\/tupique.com\/produit\/tablette-samsung-sm-x520nlbreub-109-octa-core-8-gb-ram-128-gb-bleu\/#breadcrumb\",\"itemListElement\":[{\"@type\":\"ListItem\",\"position\":1,\"name\":\"In\u00edcio\",\"item\":\"https:\/\/tupique.com\/\"},{\"@type\":\"ListItem\",\"position\":2,\"name\":\"Boutique\",\"item\":\"https:\/\/tupique.com\/en\/boutique\/\"},{\"@type\":\"ListItem\",\"position\":3,\"name\":\"Tablette Samsung SM-X520NLBREUB 10,9&#8243; Octa Core 8 GB RAM 128 GB Bleu\"}]},{\"@type\":\"WebSite\",\"@id\":\"https:\/\/tupique.com\/#website\",\"url\":\"https:\/\/tupique.com\/\",\"name\":\"Tupique\",\"description\":\"Marketplace\",\"publisher\":{\"@id\":\"https:\/\/tupique.com\/#organization\"},\"potentialAction\":[{\"@type\":\"SearchAction\",\"target\":{\"@type\":\"EntryPoint\",\"urlTemplate\":\"https:\/\/tupique.com\/?s={search_term_string}\"},\"query-input\":{\"@type\":\"PropertyValueSpecification\",\"valueRequired\":true,\"valueName\":\"search_term_string\"}}],\"inLanguage\":\"pt-PT\"},{\"@type\":\"Organization\",\"@id\":\"https:\/\/tupique.com\/#organization\",\"name\":\"Tupique\",\"url\":\"https:\/\/tupique.com\/\",\"logo\":{\"@type\":\"ImageObject\",\"inLanguage\":\"pt-PT\",\"@id\":\"https:\/\/tupique.com\/#\/schema\/logo\/image\/\",\"url\":\"https:\/\/tupique.com\/wp-content\/uploads\/2024\/09\/logo.png\",\"contentUrl\":\"https:\/\/tupique.com\/wp-content\/uploads\/2024\/09\/logo.png\",\"width\":1118,\"height\":310,\"caption\":\"Tupique\"},\"image\":{\"@id\":\"https:\/\/tupique.com\/#\/schema\/logo\/image\/\"}}]}<\/script>\n<!-- \/ Yoast SEO plugin. -->","yoast_head_json":{"title":"Tablette Samsung SM-X520NLBREUB 10,9\" Octa Core 8 GB RAM 128 GB Bleu - Tupique","description":"Vous cherchez Tablette Samsung SM-X520NLBREUB 10,9\" Octa Core 8 GB RAM 128 GB Bleu ? Achetez des produits chez Tupique. Profitez de la livraison gratuite pour obtenir Tablette Samsung SM-X520NLBREUB 10,9\" Octa Core 8 GB RAM 128 GB Bleu d\u00e8s maintenant.","robots":{"index":"index","follow":"follow","max-snippet":"max-snippet:-1","max-image-preview":"max-image-preview:large","max-video-preview":"max-video-preview:-1"},"canonical":"https:\/\/tupique.com\/pt\/produto\/tablette-samsung-sm-x520nlbreub-109-octa-core-8-gb-ram-128-gb-bleu\/","og_locale":"pt_PT","og_type":"article","og_title":"Tablette Samsung SM-X520NLBREUB 10,9\" Octa Core 8 GB RAM 128 GB Bleu - Tupique","og_description":"Vous cherchez Tablette Samsung SM-X520NLBREUB 10,9\" Octa Core 8 GB RAM 128 GB Bleu ? Achetez des produits chez Tupique. Profitez de la livraison gratuite pour obtenir Tablette Samsung SM-X520NLBREUB 10,9\" Octa Core 8 GB RAM 128 GB Bleu d\u00e8s maintenant.","og_url":"https:\/\/tupique.com\/pt\/produto\/tablette-samsung-sm-x520nlbreub-109-octa-core-8-gb-ram-128-gb-bleu\/","og_site_name":"Tupique","twitter_card":"summary_large_image","twitter_misc":{"Tempo estimado de leitura":"1 minuto"},"schema":{"@context":"https:\/\/schema.org","@graph":[{"@type":"WebPage","@id":"https:\/\/tupique.com\/produit\/tablette-samsung-sm-x520nlbreub-109-octa-core-8-gb-ram-128-gb-bleu\/","url":"https:\/\/tupique.com\/produit\/tablette-samsung-sm-x520nlbreub-109-octa-core-8-gb-ram-128-gb-bleu\/","name":"Tablette Samsung SM-X520NLBREUB 10,9\" Octa Core 8 GB RAM 128 GB Bleu - Tupique","isPartOf":{"@id":"https:\/\/tupique.com\/#website"},"primaryImageOfPage":{"@id":"https:\/\/tupique.com\/produit\/tablette-samsung-sm-x520nlbreub-109-octa-core-8-gb-ram-128-gb-bleu\/#primaryimage"},"image":{"@id":"https:\/\/tupique.com\/produit\/tablette-samsung-sm-x520nlbreub-109-octa-core-8-gb-ram-128-gb-bleu\/#primaryimage"},"thumbnailUrl":"https:\/\/tupique.com\/wp-content\/uploads\/2026\/04\/8806097194828_R01.jpg","datePublished":"2026-04-05T03:59:50+00:00","description":"Vous cherchez Tablette Samsung SM-X520NLBREUB 10,9\" Octa Core 8 GB RAM 128 GB Bleu ? Achetez des produits chez Tupique. Profitez de la livraison gratuite pour obtenir Tablette Samsung SM-X520NLBREUB 10,9\" Octa Core 8 GB RAM 128 GB Bleu d\u00e8s maintenant.","breadcrumb":{"@id":"https:\/\/tupique.com\/produit\/tablette-samsung-sm-x520nlbreub-109-octa-core-8-gb-ram-128-gb-bleu\/#breadcrumb"},"inLanguage":"pt-PT","potentialAction":[{"@type":"ReadAction","target":["https:\/\/tupique.com\/produit\/tablette-samsung-sm-x520nlbreub-109-octa-core-8-gb-ram-128-gb-bleu\/"]}]},{"@type":"ImageObject","inLanguage":"pt-PT","@id":"https:\/\/tupique.com\/produit\/tablette-samsung-sm-x520nlbreub-109-octa-core-8-gb-ram-128-gb-bleu\/#primaryimage","url":"https:\/\/tupique.com\/wp-content\/uploads\/2026\/04\/8806097194828_R01.jpg","contentUrl":"https:\/\/tupique.com\/wp-content\/uploads\/2026\/04\/8806097194828_R01.jpg","width":1200,"height":1200,"caption":"M0806059_0"},{"@type":"BreadcrumbList","@id":"https:\/\/tupique.com\/produit\/tablette-samsung-sm-x520nlbreub-109-octa-core-8-gb-ram-128-gb-bleu\/#breadcrumb","itemListElement":[{"@type":"ListItem","position":1,"name":"In\u00edcio","item":"https:\/\/tupique.com\/"},{"@type":"ListItem","position":2,"name":"Boutique","item":"https:\/\/tupique.com\/en\/boutique\/"},{"@type":"ListItem","position":3,"name":"Tablette Samsung SM-X520NLBREUB 10,9&#8243; Octa Core 8 GB RAM 128 GB Bleu"}]},{"@type":"WebSite","@id":"https:\/\/tupique.com\/#website","url":"https:\/\/tupique.com\/","name":"Tupique","description":"Marketplace","publisher":{"@id":"https:\/\/tupique.com\/#organization"},"potentialAction":[{"@type":"SearchAction","target":{"@type":"EntryPoint","urlTemplate":"https:\/\/tupique.com\/?s={search_term_string}"},"query-input":{"@type":"PropertyValueSpecification","valueRequired":true,"valueName":"search_term_string"}}],"inLanguage":"pt-PT"},{"@type":"Organization","@id":"https:\/\/tupique.com\/#organization","name":"Tupique","url":"https:\/\/tupique.com\/","logo":{"@type":"ImageObject","inLanguage":"pt-PT","@id":"https:\/\/tupique.com\/#\/schema\/logo\/image\/","url":"https:\/\/tupique.com\/wp-content\/uploads\/2024\/09\/logo.png","contentUrl":"https:\/\/tupique.com\/wp-content\/uploads\/2024\/09\/logo.png","width":1118,"height":310,"caption":"Tupique"},"image":{"@id":"https:\/\/tupique.com\/#\/schema\/logo\/image\/"}}]}},"jetpack_sharing_enabled":true,"_links":{"self":[{"href":"https:\/\/tupique.com\/pt\/wp-json\/wp\/v2\/product\/4378873","targetHints":{"allow":["GET"]}}],"collection":[{"href":"https:\/\/tupique.com\/pt\/wp-json\/wp\/v2\/product"}],"about":[{"href":"https:\/\/tupique.com\/pt\/wp-json\/wp\/v2\/types\/product"}],"replies":[{"embeddable":true,"href":"https:\/\/tupique.com\/pt\/wp-json\/wp\/v2\/comments?post=4378873"}],"wp:featuredmedia":[{"embeddable":true,"href":"https:\/\/tupique.com\/pt\/wp-json\/wp\/v2\/media\/4378856"}],"wp:attachment":[{"href":"https:\/\/tupique.com\/pt\/wp-json\/wp\/v2\/media?parent=4378873"}],"wp:term":[{"taxonomy":"product_brand","embeddable":true,"href":"https:\/\/tupique.com\/pt\/wp-json\/wp\/v2\/product_brand?post=4378873"},{"taxonomy":"product_cat","embeddable":true,"href":"https:\/\/tupique.com\/pt\/wp-json\/wp\/v2\/product_cat?post=4378873"},{"taxonomy":"product_tag","embeddable":true,"href":"https:\/\/tupique.com\/pt\/wp-json\/wp\/v2\/product_tag?post=4378873"}],"curies":[{"name":"wp","href":"https:\/\/api.w.org\/{rel}","templated":true}]}}