{"id":4378973,"date":"2026-04-05T05:57:52","date_gmt":"2026-04-05T04:57:52","guid":{"rendered":"https:\/\/tupique.com\/produit\/systeme-dalimentation-sans-interruption-interactif-apc-srv2ki-e-1800-w\/"},"modified":"2026-04-05T05:57:52","modified_gmt":"2026-04-05T04:57:52","slug":"systeme-dalimentation-sans-interruption-interactif-apc-srv2ki-e-1800-w","status":"publish","type":"product","link":"https:\/\/tupique.com\/pt\/produto\/systeme-dalimentation-sans-interruption-interactif-apc-srv2ki-e-1800-w\/","title":{"rendered":"Syst\u00e8me d&#8217;Alimentation Sans Interruption Interactif APC SRV2KI-E 1800 W"},"content":{"rendered":"<p>Se \u00e9 apaixonado por\u2019<b>inform\u00e1tica e eletr\u00f3nica<\/b>, Se est\u00e1 na vanguarda da tecnologia e n\u00e3o quer perder nada, compre <b>Syst\u00e8me d&#8217;Alimentation Sans Interruption Interactif APC SRV2KI-E 1800 W<\/b> ao melhor pre\u00e7o.<\/p>\n<ul>\n<li>Produto de encaixe: Sim<\/li>\n<li>Tipo de tomada: tomada UE<\/li>\n<li>Tipo:\n<ul>\n<li>Syst\u00e8me d&#8217;Alimentation Sans Interruption Interactif<\/li>\n<li>C13<\/li>\n<\/ul>\n<\/li>\n<li>Alimenta\u00e7\u00e3o el\u00e9ctrica:\n<ul>\n<li>r\u00e9seau \u00e9lectrique<\/li>\n<li>AC<\/li>\n<\/ul>\n<\/li>\n<li>Cor: preto<\/li>\n<li>Largeur: 145 mm<\/li>\n<li>Tecnologia:\n<ul>\n<li>VRLA<\/li>\n<li>LCD<\/li>\n<\/ul>\n<\/li>\n<li>Longueur du c\u00e2ble: 1,5 m<\/li>\n<li>Fr\u00e9quence: 50\/60 Hz<\/li>\n<li>Niveau sonore: 50 dB<\/li>\n<li>Caract\u00e9ristiques: Indicateur de surcharge<\/li>\n<li>Liga\u00e7\u00f5es:\n<ul>\n<li>USB<\/li>\n<li>RJ45<\/li>\n<\/ul>\n<\/li>\n<li>puissance: 1800 W<\/li>\n<li>Profundidade: 40 cm<\/li>\n<li>Tens\u00e3o:\n<ul>\n<li>48 V<\/li>\n<li>220 V<\/li>\n<li>110 V<\/li>\n<\/ul>\n<\/li>\n<li>Tension de sortie: 240 V<\/li>\n<li>Classification IP: IP20<\/li>\n<li>Temps de charge approx.: 4 heures<\/li>\n<\/ul>","protected":false},"excerpt":{"rendered":"<p>Si vous \u00eates passionn\u00e9 d&#8217;informatique et d&#8217;\u00e9lectronique, si vous \u00eates \u00e0 la pointe de la technologie et qu&#8217;aucun d\u00e9tail ne<\/p>","protected":false},"featured_media":4378970,"comment_status":"open","ping_status":"closed","template":"","meta":{"_joinchat":[]},"product_brand":[158079],"product_cat":[157516,157517,157526],"product_tag":[157515],"class_list":{"0":"post-4378973","1":"product","2":"type-product","3":"status-publish","4":"has-post-thumbnail","6":"product_brand-brandp_532","7":"product_cat-informatique-electronique","8":"product_cat-informatique-peripheriques-et-consommables","9":"product_cat-ups","10":"product_tag-tag_1295","12":"first","13":"instock","14":"taxable","15":"shipping-taxable","16":"purchasable","17":"product-type-simple"},"yoast_head":"<!-- This site is optimized with the Yoast SEO plugin v27.2 - https:\/\/yoast.com\/product\/yoast-seo-wordpress\/ -->\n<title>Syst\u00e8me d&#039;Alimentation Sans Interruption Interactif APC SRV2KI-E 1800 W - Tupique<\/title>\n<meta name=\"description\" content=\"Vous cherchez Syst\u00e8me d&#039;Alimentation Sans Interruption Interactif APC SRV2KI-E 1800 W ? Achetez des produits chez Tupique. Profitez de la livraison gratuite pour obtenir Syst\u00e8me d&#039;Alimentation Sans Interruption Interactif APC SRV2KI-E 1800 W d\u00e8s maintenant.\" \/>\n<meta name=\"robots\" content=\"index, follow, max-snippet:-1, max-image-preview:large, max-video-preview:-1\" \/>\n<link rel=\"canonical\" href=\"https:\/\/tupique.com\/pt\/produto\/systeme-dalimentation-sans-interruption-interactif-apc-srv2ki-e-1800-w\/\" \/>\n<meta property=\"og:locale\" content=\"pt_PT\" \/>\n<meta property=\"og:type\" content=\"article\" \/>\n<meta property=\"og:title\" content=\"Syst\u00e8me d&#039;Alimentation Sans Interruption Interactif APC SRV2KI-E 1800 W - Tupique\" \/>\n<meta property=\"og:description\" content=\"Vous cherchez Syst\u00e8me d&#039;Alimentation Sans Interruption Interactif APC SRV2KI-E 1800 W ? Achetez des produits chez Tupique. Profitez de la livraison gratuite pour obtenir Syst\u00e8me d&#039;Alimentation Sans Interruption Interactif APC SRV2KI-E 1800 W d\u00e8s maintenant.\" \/>\n<meta property=\"og:url\" content=\"https:\/\/tupique.com\/pt\/produto\/systeme-dalimentation-sans-interruption-interactif-apc-srv2ki-e-1800-w\/\" \/>\n<meta property=\"og:site_name\" content=\"Tupique\" \/>\n<meta name=\"twitter:card\" content=\"summary_large_image\" \/>\n<script type=\"application\/ld+json\" class=\"yoast-schema-graph\">{\"@context\":\"https:\/\/schema.org\",\"@graph\":[{\"@type\":\"WebPage\",\"@id\":\"https:\/\/tupique.com\/produit\/systeme-dalimentation-sans-interruption-interactif-apc-srv2ki-e-1800-w\/\",\"url\":\"https:\/\/tupique.com\/produit\/systeme-dalimentation-sans-interruption-interactif-apc-srv2ki-e-1800-w\/\",\"name\":\"Syst\u00e8me d'Alimentation Sans Interruption Interactif APC SRV2KI-E 1800 W - Tupique\",\"isPartOf\":{\"@id\":\"https:\/\/tupique.com\/#website\"},\"primaryImageOfPage\":{\"@id\":\"https:\/\/tupique.com\/produit\/systeme-dalimentation-sans-interruption-interactif-apc-srv2ki-e-1800-w\/#primaryimage\"},\"image\":{\"@id\":\"https:\/\/tupique.com\/produit\/systeme-dalimentation-sans-interruption-interactif-apc-srv2ki-e-1800-w\/#primaryimage\"},\"thumbnailUrl\":\"https:\/\/tupique.com\/wp-content\/uploads\/2026\/04\/688556340.jpg\",\"datePublished\":\"2026-04-05T04:57:52+00:00\",\"description\":\"Vous cherchez Syst\u00e8me d'Alimentation Sans Interruption Interactif APC SRV2KI-E 1800 W ? Achetez des produits chez Tupique. Profitez de la livraison gratuite pour obtenir Syst\u00e8me d'Alimentation Sans Interruption Interactif APC SRV2KI-E 1800 W d\u00e8s maintenant.\",\"breadcrumb\":{\"@id\":\"https:\/\/tupique.com\/produit\/systeme-dalimentation-sans-interruption-interactif-apc-srv2ki-e-1800-w\/#breadcrumb\"},\"inLanguage\":\"pt-PT\",\"potentialAction\":[{\"@type\":\"ReadAction\",\"target\":[\"https:\/\/tupique.com\/produit\/systeme-dalimentation-sans-interruption-interactif-apc-srv2ki-e-1800-w\/\"]}]},{\"@type\":\"ImageObject\",\"inLanguage\":\"pt-PT\",\"@id\":\"https:\/\/tupique.com\/produit\/systeme-dalimentation-sans-interruption-interactif-apc-srv2ki-e-1800-w\/#primaryimage\",\"url\":\"https:\/\/tupique.com\/wp-content\/uploads\/2026\/04\/688556340.jpg\",\"contentUrl\":\"https:\/\/tupique.com\/wp-content\/uploads\/2026\/04\/688556340.jpg\",\"width\":1200,\"height\":1200,\"caption\":\"S55283862_0\"},{\"@type\":\"BreadcrumbList\",\"@id\":\"https:\/\/tupique.com\/produit\/systeme-dalimentation-sans-interruption-interactif-apc-srv2ki-e-1800-w\/#breadcrumb\",\"itemListElement\":[{\"@type\":\"ListItem\",\"position\":1,\"name\":\"In\u00edcio\",\"item\":\"https:\/\/tupique.com\/\"},{\"@type\":\"ListItem\",\"position\":2,\"name\":\"Boutique\",\"item\":\"https:\/\/tupique.com\/en\/boutique\/\"},{\"@type\":\"ListItem\",\"position\":3,\"name\":\"Syst\u00e8me d&#8217;Alimentation Sans Interruption Interactif APC SRV2KI-E 1800 W\"}]},{\"@type\":\"WebSite\",\"@id\":\"https:\/\/tupique.com\/#website\",\"url\":\"https:\/\/tupique.com\/\",\"name\":\"Tupique\",\"description\":\"Marketplace\",\"publisher\":{\"@id\":\"https:\/\/tupique.com\/#organization\"},\"potentialAction\":[{\"@type\":\"SearchAction\",\"target\":{\"@type\":\"EntryPoint\",\"urlTemplate\":\"https:\/\/tupique.com\/?s={search_term_string}\"},\"query-input\":{\"@type\":\"PropertyValueSpecification\",\"valueRequired\":true,\"valueName\":\"search_term_string\"}}],\"inLanguage\":\"pt-PT\"},{\"@type\":\"Organization\",\"@id\":\"https:\/\/tupique.com\/#organization\",\"name\":\"Tupique\",\"url\":\"https:\/\/tupique.com\/\",\"logo\":{\"@type\":\"ImageObject\",\"inLanguage\":\"pt-PT\",\"@id\":\"https:\/\/tupique.com\/#\/schema\/logo\/image\/\",\"url\":\"https:\/\/tupique.com\/wp-content\/uploads\/2024\/09\/logo.png\",\"contentUrl\":\"https:\/\/tupique.com\/wp-content\/uploads\/2024\/09\/logo.png\",\"width\":1118,\"height\":310,\"caption\":\"Tupique\"},\"image\":{\"@id\":\"https:\/\/tupique.com\/#\/schema\/logo\/image\/\"}}]}<\/script>\n<!-- \/ Yoast SEO plugin. -->","yoast_head_json":{"title":"Syst\u00e8me d'Alimentation Sans Interruption Interactif APC SRV2KI-E 1800 W - Tupique","description":"Vous cherchez Syst\u00e8me d'Alimentation Sans Interruption Interactif APC SRV2KI-E 1800 W ? Achetez des produits chez Tupique. Profitez de la livraison gratuite pour obtenir Syst\u00e8me d'Alimentation Sans Interruption Interactif APC SRV2KI-E 1800 W d\u00e8s maintenant.","robots":{"index":"index","follow":"follow","max-snippet":"max-snippet:-1","max-image-preview":"max-image-preview:large","max-video-preview":"max-video-preview:-1"},"canonical":"https:\/\/tupique.com\/pt\/produto\/systeme-dalimentation-sans-interruption-interactif-apc-srv2ki-e-1800-w\/","og_locale":"pt_PT","og_type":"article","og_title":"Syst\u00e8me d'Alimentation Sans Interruption Interactif APC SRV2KI-E 1800 W - Tupique","og_description":"Vous cherchez Syst\u00e8me d'Alimentation Sans Interruption Interactif APC SRV2KI-E 1800 W ? Achetez des produits chez Tupique. Profitez de la livraison gratuite pour obtenir Syst\u00e8me d'Alimentation Sans Interruption Interactif APC SRV2KI-E 1800 W d\u00e8s maintenant.","og_url":"https:\/\/tupique.com\/pt\/produto\/systeme-dalimentation-sans-interruption-interactif-apc-srv2ki-e-1800-w\/","og_site_name":"Tupique","twitter_card":"summary_large_image","schema":{"@context":"https:\/\/schema.org","@graph":[{"@type":"WebPage","@id":"https:\/\/tupique.com\/produit\/systeme-dalimentation-sans-interruption-interactif-apc-srv2ki-e-1800-w\/","url":"https:\/\/tupique.com\/produit\/systeme-dalimentation-sans-interruption-interactif-apc-srv2ki-e-1800-w\/","name":"Syst\u00e8me d'Alimentation Sans Interruption Interactif APC SRV2KI-E 1800 W - Tupique","isPartOf":{"@id":"https:\/\/tupique.com\/#website"},"primaryImageOfPage":{"@id":"https:\/\/tupique.com\/produit\/systeme-dalimentation-sans-interruption-interactif-apc-srv2ki-e-1800-w\/#primaryimage"},"image":{"@id":"https:\/\/tupique.com\/produit\/systeme-dalimentation-sans-interruption-interactif-apc-srv2ki-e-1800-w\/#primaryimage"},"thumbnailUrl":"https:\/\/tupique.com\/wp-content\/uploads\/2026\/04\/688556340.jpg","datePublished":"2026-04-05T04:57:52+00:00","description":"Vous cherchez Syst\u00e8me d'Alimentation Sans Interruption Interactif APC SRV2KI-E 1800 W ? Achetez des produits chez Tupique. Profitez de la livraison gratuite pour obtenir Syst\u00e8me d'Alimentation Sans Interruption Interactif APC SRV2KI-E 1800 W d\u00e8s maintenant.","breadcrumb":{"@id":"https:\/\/tupique.com\/produit\/systeme-dalimentation-sans-interruption-interactif-apc-srv2ki-e-1800-w\/#breadcrumb"},"inLanguage":"pt-PT","potentialAction":[{"@type":"ReadAction","target":["https:\/\/tupique.com\/produit\/systeme-dalimentation-sans-interruption-interactif-apc-srv2ki-e-1800-w\/"]}]},{"@type":"ImageObject","inLanguage":"pt-PT","@id":"https:\/\/tupique.com\/produit\/systeme-dalimentation-sans-interruption-interactif-apc-srv2ki-e-1800-w\/#primaryimage","url":"https:\/\/tupique.com\/wp-content\/uploads\/2026\/04\/688556340.jpg","contentUrl":"https:\/\/tupique.com\/wp-content\/uploads\/2026\/04\/688556340.jpg","width":1200,"height":1200,"caption":"S55283862_0"},{"@type":"BreadcrumbList","@id":"https:\/\/tupique.com\/produit\/systeme-dalimentation-sans-interruption-interactif-apc-srv2ki-e-1800-w\/#breadcrumb","itemListElement":[{"@type":"ListItem","position":1,"name":"In\u00edcio","item":"https:\/\/tupique.com\/"},{"@type":"ListItem","position":2,"name":"Boutique","item":"https:\/\/tupique.com\/en\/boutique\/"},{"@type":"ListItem","position":3,"name":"Syst\u00e8me d&#8217;Alimentation Sans Interruption Interactif APC SRV2KI-E 1800 W"}]},{"@type":"WebSite","@id":"https:\/\/tupique.com\/#website","url":"https:\/\/tupique.com\/","name":"Tupique","description":"Marketplace","publisher":{"@id":"https:\/\/tupique.com\/#organization"},"potentialAction":[{"@type":"SearchAction","target":{"@type":"EntryPoint","urlTemplate":"https:\/\/tupique.com\/?s={search_term_string}"},"query-input":{"@type":"PropertyValueSpecification","valueRequired":true,"valueName":"search_term_string"}}],"inLanguage":"pt-PT"},{"@type":"Organization","@id":"https:\/\/tupique.com\/#organization","name":"Tupique","url":"https:\/\/tupique.com\/","logo":{"@type":"ImageObject","inLanguage":"pt-PT","@id":"https:\/\/tupique.com\/#\/schema\/logo\/image\/","url":"https:\/\/tupique.com\/wp-content\/uploads\/2024\/09\/logo.png","contentUrl":"https:\/\/tupique.com\/wp-content\/uploads\/2024\/09\/logo.png","width":1118,"height":310,"caption":"Tupique"},"image":{"@id":"https:\/\/tupique.com\/#\/schema\/logo\/image\/"}}]}},"jetpack_sharing_enabled":true,"_links":{"self":[{"href":"https:\/\/tupique.com\/pt\/wp-json\/wp\/v2\/product\/4378973","targetHints":{"allow":["GET"]}}],"collection":[{"href":"https:\/\/tupique.com\/pt\/wp-json\/wp\/v2\/product"}],"about":[{"href":"https:\/\/tupique.com\/pt\/wp-json\/wp\/v2\/types\/product"}],"replies":[{"embeddable":true,"href":"https:\/\/tupique.com\/pt\/wp-json\/wp\/v2\/comments?post=4378973"}],"wp:featuredmedia":[{"embeddable":true,"href":"https:\/\/tupique.com\/pt\/wp-json\/wp\/v2\/media\/4378970"}],"wp:attachment":[{"href":"https:\/\/tupique.com\/pt\/wp-json\/wp\/v2\/media?parent=4378973"}],"wp:term":[{"taxonomy":"product_brand","embeddable":true,"href":"https:\/\/tupique.com\/pt\/wp-json\/wp\/v2\/product_brand?post=4378973"},{"taxonomy":"product_cat","embeddable":true,"href":"https:\/\/tupique.com\/pt\/wp-json\/wp\/v2\/product_cat?post=4378973"},{"taxonomy":"product_tag","embeddable":true,"href":"https:\/\/tupique.com\/pt\/wp-json\/wp\/v2\/product_tag?post=4378973"}],"curies":[{"name":"wp","href":"https:\/\/api.w.org\/{rel}","templated":true}]}}