{"id":4379039,"date":"2026-04-05T05:59:09","date_gmt":"2026-04-05T04:59:09","guid":{"rendered":"https:\/\/tupique.com\/produit\/nettoyeur-haute-pression-ryobi-2000-w\/"},"modified":"2026-04-05T05:59:09","modified_gmt":"2026-04-05T04:59:09","slug":"nettoyeur-haute-pression-ryobi-2000-w","status":"publish","type":"product","link":"https:\/\/tupique.com\/pt\/produto\/nettoyeur-haute-pression-ryobi-2000-w\/","title":{"rendered":"Nettoyeur haute pression Ryobi 2000 W"},"content":{"rendered":"<p>Se gosta de cuidar de todos os pormenores da sua casa e de estar a par das \u00faltimas tend\u00eancias em produtos que lhe facilitam a vida, compre <b>Nettoyeur haute pression Ryobi 2000 W<\/b> ao melhor pre\u00e7o.<\/p>\n<p>La <b>nettoyeur haute pression Ryobi<\/b> est un outil con\u00e7u pour offrir un nettoyage efficace et puissant, id\u00e9al pour un usage domestique et professionnel. Avec une <b>puissance de 2000 W<\/b>, ce nettoyeur fournit une pression de travail allant jusqu\u2019\u00e0 <b>150 bars<\/b>, garantissant l\u2019\u00e9limination efficace des salet\u00e9s incrust\u00e9es sur diverses surfaces. Son d\u00e9bit atteint <b>450 litres par heure<\/b>, permettant des nettoyages rapides et continus sans effort. Il fonctionne avec une <b>alimentation par c\u00e2ble \u00e9lectrique<\/b>, assurant un apport constant d\u2019\u00e9nergie pour les t\u00e2ches prolong\u00e9es. \u00c9quip\u00e9 d\u2019un <b>tuyau flexible de 8 m\u00e8tres<\/b>, il offre une grande libert\u00e9 de mouvement lors de son utilisation, compl\u00e9t\u00e9 par un enrouleur pratique pour un rangement ordonn\u00e9 et simple. Il int\u00e8gre un r\u00e9servoir de d\u00e9tergent de <b>0,9 litre<\/b> facilitant l\u2019application directe de produits nettoyants, augmentant l\u2019efficacit\u00e9 du nettoyage. De plus, il comprend des accessoires sp\u00e9cialis\u00e9s tels que les lances <b>Vario et Turbo<\/b>, permettant d\u2019ajuster la pression et le type de jet selon la surface ou le besoin, ainsi qu\u2019une brosse rotative qui multiplie les options de nettoyage pour v\u00e9hicules, fa\u00e7ades ou zones difficiles d\u2019acc\u00e8s. Ces \u00e9l\u00e9ments font de ce nettoyeur une solution polyvalente et fonctionnelle pour le jardinage, les v\u00e9hicules, terrasses et autres applications o\u00f9 la combinaison de puissance, flexibilit\u00e9 et vari\u00e9t\u00e9 d\u2019accessoires est essentielle. La <b>Ryobi RYO4892210195159<\/b> se positionne comme une option robuste et pratique dans sa cat\u00e9gorie, destin\u00e9e aux utilisateurs recherchant performance et confort dans un \u00e9quipement de nettoyage haute pression.<\/p>\n<ul>\n<li>Type: Nettoyeur haute pression<\/li>\n<li>puissance: 2000 W<\/li>\n<li>Bloc d\u2019Alimentation: C\u00e2ble \u00e9lectrique<\/li>\n<li>Pression max.: 150 bares<\/li>\n<li>D\u00e9bit d&#8217;eau: 450 L\/H<\/li>\n<\/ul>","protected":false},"excerpt":{"rendered":"<p>Si vous aimez prendre soin de chaque d\u00e9tail de votre maison et d&#8217;\u00eatre \u00e0 la derni\u00e8re mode en mati\u00e8re de<\/p>","protected":false},"featured_media":4379034,"comment_status":"open","ping_status":"closed","template":"","meta":{"_joinchat":[]},"product_brand":[157928],"product_cat":[157536,157535],"product_tag":[157546,157531],"class_list":{"0":"post-4379039","1":"product","2":"type-product","3":"status-publish","4":"has-post-thumbnail","6":"product_brand-brandp_3104","7":"product_cat-bricolage-et-materiel","8":"product_cat-maison-jardin","9":"product_tag-tag_1304","10":"product_tag-tag_25","12":"first","13":"instock","14":"taxable","15":"shipping-taxable","16":"purchasable","17":"product-type-simple"},"yoast_head":"<!-- This site is optimized with the Yoast SEO plugin v27.2 - https:\/\/yoast.com\/product\/yoast-seo-wordpress\/ -->\n<title>Nettoyeur haute pression Ryobi 2000 W - Tupique<\/title>\n<meta name=\"description\" content=\"Vous cherchez Nettoyeur haute pression Ryobi 2000 W ? Achetez des produits chez Tupique. Profitez de la livraison gratuite pour obtenir Nettoyeur haute pression Ryobi 2000 W d\u00e8s maintenant.\" \/>\n<meta name=\"robots\" content=\"index, follow, max-snippet:-1, max-image-preview:large, max-video-preview:-1\" \/>\n<link rel=\"canonical\" href=\"https:\/\/tupique.com\/pt\/produto\/nettoyeur-haute-pression-ryobi-2000-w\/\" \/>\n<meta property=\"og:locale\" content=\"pt_PT\" \/>\n<meta property=\"og:type\" content=\"article\" \/>\n<meta property=\"og:title\" content=\"Nettoyeur haute pression Ryobi 2000 W - Tupique\" \/>\n<meta property=\"og:description\" content=\"Vous cherchez Nettoyeur haute pression Ryobi 2000 W ? Achetez des produits chez Tupique. Profitez de la livraison gratuite pour obtenir Nettoyeur haute pression Ryobi 2000 W d\u00e8s maintenant.\" \/>\n<meta property=\"og:url\" content=\"https:\/\/tupique.com\/pt\/produto\/nettoyeur-haute-pression-ryobi-2000-w\/\" \/>\n<meta property=\"og:site_name\" content=\"Tupique\" \/>\n<meta name=\"twitter:card\" content=\"summary_large_image\" \/>\n<meta name=\"twitter:label1\" content=\"Tempo estimado de leitura\" \/>\n\t<meta name=\"twitter:data1\" content=\"2 minutos\" \/>\n<script type=\"application\/ld+json\" class=\"yoast-schema-graph\">{\"@context\":\"https:\/\/schema.org\",\"@graph\":[{\"@type\":\"WebPage\",\"@id\":\"https:\/\/tupique.com\/produit\/nettoyeur-haute-pression-ryobi-2000-w\/\",\"url\":\"https:\/\/tupique.com\/produit\/nettoyeur-haute-pression-ryobi-2000-w\/\",\"name\":\"Nettoyeur haute pression Ryobi 2000 W - Tupique\",\"isPartOf\":{\"@id\":\"https:\/\/tupique.com\/#website\"},\"primaryImageOfPage\":{\"@id\":\"https:\/\/tupique.com\/produit\/nettoyeur-haute-pression-ryobi-2000-w\/#primaryimage\"},\"image\":{\"@id\":\"https:\/\/tupique.com\/produit\/nettoyeur-haute-pression-ryobi-2000-w\/#primaryimage\"},\"thumbnailUrl\":\"https:\/\/tupique.com\/wp-content\/uploads\/2026\/04\/4892210195159_S7189322_P01.jpg\",\"datePublished\":\"2026-04-05T04:59:09+00:00\",\"description\":\"Vous cherchez Nettoyeur haute pression Ryobi 2000 W ? Achetez des produits chez Tupique. Profitez de la livraison gratuite pour obtenir Nettoyeur haute pression Ryobi 2000 W d\u00e8s maintenant.\",\"breadcrumb\":{\"@id\":\"https:\/\/tupique.com\/produit\/nettoyeur-haute-pression-ryobi-2000-w\/#breadcrumb\"},\"inLanguage\":\"pt-PT\",\"potentialAction\":[{\"@type\":\"ReadAction\",\"target\":[\"https:\/\/tupique.com\/produit\/nettoyeur-haute-pression-ryobi-2000-w\/\"]}]},{\"@type\":\"ImageObject\",\"inLanguage\":\"pt-PT\",\"@id\":\"https:\/\/tupique.com\/produit\/nettoyeur-haute-pression-ryobi-2000-w\/#primaryimage\",\"url\":\"https:\/\/tupique.com\/wp-content\/uploads\/2026\/04\/4892210195159_S7189322_P01.jpg\",\"contentUrl\":\"https:\/\/tupique.com\/wp-content\/uploads\/2026\/04\/4892210195159_S7189322_P01.jpg\",\"width\":1200,\"height\":1200,\"caption\":\"S7189322_0\"},{\"@type\":\"BreadcrumbList\",\"@id\":\"https:\/\/tupique.com\/produit\/nettoyeur-haute-pression-ryobi-2000-w\/#breadcrumb\",\"itemListElement\":[{\"@type\":\"ListItem\",\"position\":1,\"name\":\"In\u00edcio\",\"item\":\"https:\/\/tupique.com\/\"},{\"@type\":\"ListItem\",\"position\":2,\"name\":\"Boutique\",\"item\":\"https:\/\/tupique.com\/en\/boutique\/\"},{\"@type\":\"ListItem\",\"position\":3,\"name\":\"Nettoyeur haute pression Ryobi 2000 W\"}]},{\"@type\":\"WebSite\",\"@id\":\"https:\/\/tupique.com\/#website\",\"url\":\"https:\/\/tupique.com\/\",\"name\":\"Tupique\",\"description\":\"Marketplace\",\"publisher\":{\"@id\":\"https:\/\/tupique.com\/#organization\"},\"potentialAction\":[{\"@type\":\"SearchAction\",\"target\":{\"@type\":\"EntryPoint\",\"urlTemplate\":\"https:\/\/tupique.com\/?s={search_term_string}\"},\"query-input\":{\"@type\":\"PropertyValueSpecification\",\"valueRequired\":true,\"valueName\":\"search_term_string\"}}],\"inLanguage\":\"pt-PT\"},{\"@type\":\"Organization\",\"@id\":\"https:\/\/tupique.com\/#organization\",\"name\":\"Tupique\",\"url\":\"https:\/\/tupique.com\/\",\"logo\":{\"@type\":\"ImageObject\",\"inLanguage\":\"pt-PT\",\"@id\":\"https:\/\/tupique.com\/#\/schema\/logo\/image\/\",\"url\":\"https:\/\/tupique.com\/wp-content\/uploads\/2024\/09\/logo.png\",\"contentUrl\":\"https:\/\/tupique.com\/wp-content\/uploads\/2024\/09\/logo.png\",\"width\":1118,\"height\":310,\"caption\":\"Tupique\"},\"image\":{\"@id\":\"https:\/\/tupique.com\/#\/schema\/logo\/image\/\"}}]}<\/script>\n<!-- \/ Yoast SEO plugin. -->","yoast_head_json":{"title":"Nettoyeur haute pression Ryobi 2000 W - Tupique","description":"Vous cherchez Nettoyeur haute pression Ryobi 2000 W ? Achetez des produits chez Tupique. Profitez de la livraison gratuite pour obtenir Nettoyeur haute pression Ryobi 2000 W d\u00e8s maintenant.","robots":{"index":"index","follow":"follow","max-snippet":"max-snippet:-1","max-image-preview":"max-image-preview:large","max-video-preview":"max-video-preview:-1"},"canonical":"https:\/\/tupique.com\/pt\/produto\/nettoyeur-haute-pression-ryobi-2000-w\/","og_locale":"pt_PT","og_type":"article","og_title":"Nettoyeur haute pression Ryobi 2000 W - Tupique","og_description":"Vous cherchez Nettoyeur haute pression Ryobi 2000 W ? Achetez des produits chez Tupique. Profitez de la livraison gratuite pour obtenir Nettoyeur haute pression Ryobi 2000 W d\u00e8s maintenant.","og_url":"https:\/\/tupique.com\/pt\/produto\/nettoyeur-haute-pression-ryobi-2000-w\/","og_site_name":"Tupique","twitter_card":"summary_large_image","twitter_misc":{"Tempo estimado de leitura":"2 minutos"},"schema":{"@context":"https:\/\/schema.org","@graph":[{"@type":"WebPage","@id":"https:\/\/tupique.com\/produit\/nettoyeur-haute-pression-ryobi-2000-w\/","url":"https:\/\/tupique.com\/produit\/nettoyeur-haute-pression-ryobi-2000-w\/","name":"Nettoyeur haute pression Ryobi 2000 W - Tupique","isPartOf":{"@id":"https:\/\/tupique.com\/#website"},"primaryImageOfPage":{"@id":"https:\/\/tupique.com\/produit\/nettoyeur-haute-pression-ryobi-2000-w\/#primaryimage"},"image":{"@id":"https:\/\/tupique.com\/produit\/nettoyeur-haute-pression-ryobi-2000-w\/#primaryimage"},"thumbnailUrl":"https:\/\/tupique.com\/wp-content\/uploads\/2026\/04\/4892210195159_S7189322_P01.jpg","datePublished":"2026-04-05T04:59:09+00:00","description":"Vous cherchez Nettoyeur haute pression Ryobi 2000 W ? Achetez des produits chez Tupique. Profitez de la livraison gratuite pour obtenir Nettoyeur haute pression Ryobi 2000 W d\u00e8s maintenant.","breadcrumb":{"@id":"https:\/\/tupique.com\/produit\/nettoyeur-haute-pression-ryobi-2000-w\/#breadcrumb"},"inLanguage":"pt-PT","potentialAction":[{"@type":"ReadAction","target":["https:\/\/tupique.com\/produit\/nettoyeur-haute-pression-ryobi-2000-w\/"]}]},{"@type":"ImageObject","inLanguage":"pt-PT","@id":"https:\/\/tupique.com\/produit\/nettoyeur-haute-pression-ryobi-2000-w\/#primaryimage","url":"https:\/\/tupique.com\/wp-content\/uploads\/2026\/04\/4892210195159_S7189322_P01.jpg","contentUrl":"https:\/\/tupique.com\/wp-content\/uploads\/2026\/04\/4892210195159_S7189322_P01.jpg","width":1200,"height":1200,"caption":"S7189322_0"},{"@type":"BreadcrumbList","@id":"https:\/\/tupique.com\/produit\/nettoyeur-haute-pression-ryobi-2000-w\/#breadcrumb","itemListElement":[{"@type":"ListItem","position":1,"name":"In\u00edcio","item":"https:\/\/tupique.com\/"},{"@type":"ListItem","position":2,"name":"Boutique","item":"https:\/\/tupique.com\/en\/boutique\/"},{"@type":"ListItem","position":3,"name":"Nettoyeur haute pression Ryobi 2000 W"}]},{"@type":"WebSite","@id":"https:\/\/tupique.com\/#website","url":"https:\/\/tupique.com\/","name":"Tupique","description":"Marketplace","publisher":{"@id":"https:\/\/tupique.com\/#organization"},"potentialAction":[{"@type":"SearchAction","target":{"@type":"EntryPoint","urlTemplate":"https:\/\/tupique.com\/?s={search_term_string}"},"query-input":{"@type":"PropertyValueSpecification","valueRequired":true,"valueName":"search_term_string"}}],"inLanguage":"pt-PT"},{"@type":"Organization","@id":"https:\/\/tupique.com\/#organization","name":"Tupique","url":"https:\/\/tupique.com\/","logo":{"@type":"ImageObject","inLanguage":"pt-PT","@id":"https:\/\/tupique.com\/#\/schema\/logo\/image\/","url":"https:\/\/tupique.com\/wp-content\/uploads\/2024\/09\/logo.png","contentUrl":"https:\/\/tupique.com\/wp-content\/uploads\/2024\/09\/logo.png","width":1118,"height":310,"caption":"Tupique"},"image":{"@id":"https:\/\/tupique.com\/#\/schema\/logo\/image\/"}}]}},"jetpack_sharing_enabled":true,"_links":{"self":[{"href":"https:\/\/tupique.com\/pt\/wp-json\/wp\/v2\/product\/4379039","targetHints":{"allow":["GET"]}}],"collection":[{"href":"https:\/\/tupique.com\/pt\/wp-json\/wp\/v2\/product"}],"about":[{"href":"https:\/\/tupique.com\/pt\/wp-json\/wp\/v2\/types\/product"}],"replies":[{"embeddable":true,"href":"https:\/\/tupique.com\/pt\/wp-json\/wp\/v2\/comments?post=4379039"}],"wp:featuredmedia":[{"embeddable":true,"href":"https:\/\/tupique.com\/pt\/wp-json\/wp\/v2\/media\/4379034"}],"wp:attachment":[{"href":"https:\/\/tupique.com\/pt\/wp-json\/wp\/v2\/media?parent=4379039"}],"wp:term":[{"taxonomy":"product_brand","embeddable":true,"href":"https:\/\/tupique.com\/pt\/wp-json\/wp\/v2\/product_brand?post=4379039"},{"taxonomy":"product_cat","embeddable":true,"href":"https:\/\/tupique.com\/pt\/wp-json\/wp\/v2\/product_cat?post=4379039"},{"taxonomy":"product_tag","embeddable":true,"href":"https:\/\/tupique.com\/pt\/wp-json\/wp\/v2\/product_tag?post=4379039"}],"curies":[{"name":"wp","href":"https:\/\/api.w.org\/{rel}","templated":true}]}}