{"id":4379425,"date":"2026-04-05T07:55:52","date_gmt":"2026-04-05T06:55:52","guid":{"rendered":"https:\/\/tupique.com\/produit\/projecteur-acer-mr-jur11-001-4500-lm-wi-fi\/"},"modified":"2026-04-05T07:55:52","modified_gmt":"2026-04-05T06:55:52","slug":"projecteur-acer-mr-jur11-001-4500-lm-wi-fi","status":"publish","type":"product","link":"https:\/\/tupique.com\/pt\/produto\/projecteur-acer-mr-jur11-001-4500-lm-wi-fi\/","title":{"rendered":"Projecteur Acer MR.JUR11.001 4500 Lm Wi-Fi"},"content":{"rendered":"<p>Se \u00e9 apaixonado por\u2019<b>inform\u00e1tica e eletr\u00f3nica<\/b>, Se est\u00e1 na vanguarda da tecnologia e n\u00e3o quer perder nada, compre <b>Projecteur Acer MR.JUR11.001 4500 Lm Wi-Fi<\/b> ao melhor pre\u00e7o.<\/p>\n<ul>\n<li>Tipo:\n<ul>\n<li>Apoio<\/li>\n<li>Projecteur<\/li>\n<\/ul>\n<\/li>\n<li>R\u00e9solution:\n<ul>\n<li>XGA<\/li>\n<li>Full HD<\/li>\n<\/ul>\n<\/li>\n<li>Tipo de tomada: tomada UE<\/li>\n<li>Cor: Branco<\/li>\n<li>Liga\u00e7\u00f5es:\n<ul>\n<li>USB 2.0<\/li>\n<li>VGA<\/li>\n<\/ul>\n<\/li>\n<li>Ethernet: Non<\/li>\n<li>Pa\u00eds\/regi\u00e3o de fabrico: Espanha<\/li>\n<li>Rapport d&#8217;aspect: 4:3<\/li>\n<li>Conectividade: Wi-Fi<\/li>\n<li>Puissance RMS: 10 W<\/li>\n<li>Sortie audio: Oui<\/li>\n<li>Tension: 120 &#8211; 230 V<\/li>\n<li>puissance: 203 W<\/li>\n<li>R\u00e9cepteur: NTSC,PAL,SECAM<\/li>\n<li>Flux lumineux: 4500 Lm<\/li>\n<li>Ecr\u00e3 incorporado: N\u00e3o<\/li>\n<li>Caract\u00e9ristiques: Haut-parleurs int\u00e9gr\u00e9s<\/li>\n<li>Utilisation recommand\u00e9e: R\u00e9cepteur de ome cinema<\/li>\n<li>Rapport de contraste: 20000:1<\/li>\n<li>Ann\u00e9e: 2022<\/li>\n<li>R\u00e9solution (px): 1024 x 768 px<\/li>\n<\/ul>","protected":false},"excerpt":{"rendered":"<p>Si vous \u00eates passionn\u00e9 d&#8217;informatique et d&#8217;\u00e9lectronique, si vous \u00eates \u00e0 la pointe de la technologie et qu&#8217;aucun d\u00e9tail ne<\/p>","protected":false},"featured_media":4379419,"comment_status":"open","ping_status":"closed","template":"","meta":{"_joinchat":[]},"product_brand":[158077],"product_cat":[157516,157517,157805],"product_tag":[],"class_list":{"0":"post-4379425","1":"product","2":"type-product","3":"status-publish","4":"has-post-thumbnail","6":"product_brand-brandp_529","7":"product_cat-informatique-electronique","8":"product_cat-informatique-peripheriques-et-consommables","9":"product_cat-projecteurs","11":"first","12":"instock","13":"taxable","14":"shipping-taxable","15":"purchasable","16":"product-type-simple"},"yoast_head":"<!-- This site is optimized with the Yoast SEO plugin v27.2 - https:\/\/yoast.com\/product\/yoast-seo-wordpress\/ -->\n<title>Projecteur Acer MR.JUR11.001 4500 Lm Wi-Fi - Tupique<\/title>\n<meta name=\"description\" content=\"Vous cherchez Projecteur Acer MR.JUR11.001 4500 Lm Wi-Fi ? Achetez des produits chez Tupique. Profitez de la livraison gratuite pour obtenir Projecteur Acer MR.JUR11.001 4500 Lm Wi-Fi d\u00e8s maintenant.\" \/>\n<meta name=\"robots\" content=\"index, follow, max-snippet:-1, max-image-preview:large, max-video-preview:-1\" \/>\n<link rel=\"canonical\" href=\"https:\/\/tupique.com\/pt\/produto\/projecteur-acer-mr-jur11-001-4500-lm-wi-fi\/\" \/>\n<meta property=\"og:locale\" content=\"pt_PT\" \/>\n<meta property=\"og:type\" content=\"article\" \/>\n<meta property=\"og:title\" content=\"Projecteur Acer MR.JUR11.001 4500 Lm Wi-Fi - Tupique\" \/>\n<meta property=\"og:description\" content=\"Vous cherchez Projecteur Acer MR.JUR11.001 4500 Lm Wi-Fi ? Achetez des produits chez Tupique. Profitez de la livraison gratuite pour obtenir Projecteur Acer MR.JUR11.001 4500 Lm Wi-Fi d\u00e8s maintenant.\" \/>\n<meta property=\"og:url\" content=\"https:\/\/tupique.com\/pt\/produto\/projecteur-acer-mr-jur11-001-4500-lm-wi-fi\/\" \/>\n<meta property=\"og:site_name\" content=\"Tupique\" \/>\n<meta name=\"twitter:card\" content=\"summary_large_image\" \/>\n<script type=\"application\/ld+json\" class=\"yoast-schema-graph\">{\"@context\":\"https:\/\/schema.org\",\"@graph\":[{\"@type\":\"WebPage\",\"@id\":\"https:\/\/tupique.com\/produit\/projecteur-acer-mr-jur11-001-4500-lm-wi-fi\/\",\"url\":\"https:\/\/tupique.com\/produit\/projecteur-acer-mr-jur11-001-4500-lm-wi-fi\/\",\"name\":\"Projecteur Acer MR.JUR11.001 4500 Lm Wi-Fi - Tupique\",\"isPartOf\":{\"@id\":\"https:\/\/tupique.com\/#website\"},\"primaryImageOfPage\":{\"@id\":\"https:\/\/tupique.com\/produit\/projecteur-acer-mr-jur11-001-4500-lm-wi-fi\/#primaryimage\"},\"image\":{\"@id\":\"https:\/\/tupique.com\/produit\/projecteur-acer-mr-jur11-001-4500-lm-wi-fi\/#primaryimage\"},\"thumbnailUrl\":\"https:\/\/tupique.com\/wp-content\/uploads\/2026\/04\/620970213.jpg\",\"datePublished\":\"2026-04-05T06:55:52+00:00\",\"description\":\"Vous cherchez Projecteur Acer MR.JUR11.001 4500 Lm Wi-Fi ? Achetez des produits chez Tupique. Profitez de la livraison gratuite pour obtenir Projecteur Acer MR.JUR11.001 4500 Lm Wi-Fi d\u00e8s maintenant.\",\"breadcrumb\":{\"@id\":\"https:\/\/tupique.com\/produit\/projecteur-acer-mr-jur11-001-4500-lm-wi-fi\/#breadcrumb\"},\"inLanguage\":\"pt-PT\",\"potentialAction\":[{\"@type\":\"ReadAction\",\"target\":[\"https:\/\/tupique.com\/produit\/projecteur-acer-mr-jur11-001-4500-lm-wi-fi\/\"]}]},{\"@type\":\"ImageObject\",\"inLanguage\":\"pt-PT\",\"@id\":\"https:\/\/tupique.com\/produit\/projecteur-acer-mr-jur11-001-4500-lm-wi-fi\/#primaryimage\",\"url\":\"https:\/\/tupique.com\/wp-content\/uploads\/2026\/04\/620970213.jpg\",\"contentUrl\":\"https:\/\/tupique.com\/wp-content\/uploads\/2026\/04\/620970213.jpg\",\"width\":1200,\"height\":1200,\"caption\":\"S55155405_0\"},{\"@type\":\"BreadcrumbList\",\"@id\":\"https:\/\/tupique.com\/produit\/projecteur-acer-mr-jur11-001-4500-lm-wi-fi\/#breadcrumb\",\"itemListElement\":[{\"@type\":\"ListItem\",\"position\":1,\"name\":\"In\u00edcio\",\"item\":\"https:\/\/tupique.com\/\"},{\"@type\":\"ListItem\",\"position\":2,\"name\":\"Boutique\",\"item\":\"https:\/\/tupique.com\/en\/boutique\/\"},{\"@type\":\"ListItem\",\"position\":3,\"name\":\"Projecteur Acer MR.JUR11.001 4500 Lm Wi-Fi\"}]},{\"@type\":\"WebSite\",\"@id\":\"https:\/\/tupique.com\/#website\",\"url\":\"https:\/\/tupique.com\/\",\"name\":\"Tupique\",\"description\":\"Marketplace\",\"publisher\":{\"@id\":\"https:\/\/tupique.com\/#organization\"},\"potentialAction\":[{\"@type\":\"SearchAction\",\"target\":{\"@type\":\"EntryPoint\",\"urlTemplate\":\"https:\/\/tupique.com\/?s={search_term_string}\"},\"query-input\":{\"@type\":\"PropertyValueSpecification\",\"valueRequired\":true,\"valueName\":\"search_term_string\"}}],\"inLanguage\":\"pt-PT\"},{\"@type\":\"Organization\",\"@id\":\"https:\/\/tupique.com\/#organization\",\"name\":\"Tupique\",\"url\":\"https:\/\/tupique.com\/\",\"logo\":{\"@type\":\"ImageObject\",\"inLanguage\":\"pt-PT\",\"@id\":\"https:\/\/tupique.com\/#\/schema\/logo\/image\/\",\"url\":\"https:\/\/tupique.com\/wp-content\/uploads\/2024\/09\/logo.png\",\"contentUrl\":\"https:\/\/tupique.com\/wp-content\/uploads\/2024\/09\/logo.png\",\"width\":1118,\"height\":310,\"caption\":\"Tupique\"},\"image\":{\"@id\":\"https:\/\/tupique.com\/#\/schema\/logo\/image\/\"}}]}<\/script>\n<!-- \/ Yoast SEO plugin. -->","yoast_head_json":{"title":"Projecteur Acer MR.JUR11.001 4500 Lm Wi-Fi - Tupique","description":"Vous cherchez Projecteur Acer MR.JUR11.001 4500 Lm Wi-Fi ? Achetez des produits chez Tupique. Profitez de la livraison gratuite pour obtenir Projecteur Acer MR.JUR11.001 4500 Lm Wi-Fi d\u00e8s maintenant.","robots":{"index":"index","follow":"follow","max-snippet":"max-snippet:-1","max-image-preview":"max-image-preview:large","max-video-preview":"max-video-preview:-1"},"canonical":"https:\/\/tupique.com\/pt\/produto\/projecteur-acer-mr-jur11-001-4500-lm-wi-fi\/","og_locale":"pt_PT","og_type":"article","og_title":"Projecteur Acer MR.JUR11.001 4500 Lm Wi-Fi - Tupique","og_description":"Vous cherchez Projecteur Acer MR.JUR11.001 4500 Lm Wi-Fi ? Achetez des produits chez Tupique. Profitez de la livraison gratuite pour obtenir Projecteur Acer MR.JUR11.001 4500 Lm Wi-Fi d\u00e8s maintenant.","og_url":"https:\/\/tupique.com\/pt\/produto\/projecteur-acer-mr-jur11-001-4500-lm-wi-fi\/","og_site_name":"Tupique","twitter_card":"summary_large_image","schema":{"@context":"https:\/\/schema.org","@graph":[{"@type":"WebPage","@id":"https:\/\/tupique.com\/produit\/projecteur-acer-mr-jur11-001-4500-lm-wi-fi\/","url":"https:\/\/tupique.com\/produit\/projecteur-acer-mr-jur11-001-4500-lm-wi-fi\/","name":"Projecteur Acer MR.JUR11.001 4500 Lm Wi-Fi - Tupique","isPartOf":{"@id":"https:\/\/tupique.com\/#website"},"primaryImageOfPage":{"@id":"https:\/\/tupique.com\/produit\/projecteur-acer-mr-jur11-001-4500-lm-wi-fi\/#primaryimage"},"image":{"@id":"https:\/\/tupique.com\/produit\/projecteur-acer-mr-jur11-001-4500-lm-wi-fi\/#primaryimage"},"thumbnailUrl":"https:\/\/tupique.com\/wp-content\/uploads\/2026\/04\/620970213.jpg","datePublished":"2026-04-05T06:55:52+00:00","description":"Vous cherchez Projecteur Acer MR.JUR11.001 4500 Lm Wi-Fi ? Achetez des produits chez Tupique. Profitez de la livraison gratuite pour obtenir Projecteur Acer MR.JUR11.001 4500 Lm Wi-Fi d\u00e8s maintenant.","breadcrumb":{"@id":"https:\/\/tupique.com\/produit\/projecteur-acer-mr-jur11-001-4500-lm-wi-fi\/#breadcrumb"},"inLanguage":"pt-PT","potentialAction":[{"@type":"ReadAction","target":["https:\/\/tupique.com\/produit\/projecteur-acer-mr-jur11-001-4500-lm-wi-fi\/"]}]},{"@type":"ImageObject","inLanguage":"pt-PT","@id":"https:\/\/tupique.com\/produit\/projecteur-acer-mr-jur11-001-4500-lm-wi-fi\/#primaryimage","url":"https:\/\/tupique.com\/wp-content\/uploads\/2026\/04\/620970213.jpg","contentUrl":"https:\/\/tupique.com\/wp-content\/uploads\/2026\/04\/620970213.jpg","width":1200,"height":1200,"caption":"S55155405_0"},{"@type":"BreadcrumbList","@id":"https:\/\/tupique.com\/produit\/projecteur-acer-mr-jur11-001-4500-lm-wi-fi\/#breadcrumb","itemListElement":[{"@type":"ListItem","position":1,"name":"In\u00edcio","item":"https:\/\/tupique.com\/"},{"@type":"ListItem","position":2,"name":"Boutique","item":"https:\/\/tupique.com\/en\/boutique\/"},{"@type":"ListItem","position":3,"name":"Projecteur Acer MR.JUR11.001 4500 Lm Wi-Fi"}]},{"@type":"WebSite","@id":"https:\/\/tupique.com\/#website","url":"https:\/\/tupique.com\/","name":"Tupique","description":"Marketplace","publisher":{"@id":"https:\/\/tupique.com\/#organization"},"potentialAction":[{"@type":"SearchAction","target":{"@type":"EntryPoint","urlTemplate":"https:\/\/tupique.com\/?s={search_term_string}"},"query-input":{"@type":"PropertyValueSpecification","valueRequired":true,"valueName":"search_term_string"}}],"inLanguage":"pt-PT"},{"@type":"Organization","@id":"https:\/\/tupique.com\/#organization","name":"Tupique","url":"https:\/\/tupique.com\/","logo":{"@type":"ImageObject","inLanguage":"pt-PT","@id":"https:\/\/tupique.com\/#\/schema\/logo\/image\/","url":"https:\/\/tupique.com\/wp-content\/uploads\/2024\/09\/logo.png","contentUrl":"https:\/\/tupique.com\/wp-content\/uploads\/2024\/09\/logo.png","width":1118,"height":310,"caption":"Tupique"},"image":{"@id":"https:\/\/tupique.com\/#\/schema\/logo\/image\/"}}]}},"jetpack_sharing_enabled":true,"_links":{"self":[{"href":"https:\/\/tupique.com\/pt\/wp-json\/wp\/v2\/product\/4379425","targetHints":{"allow":["GET"]}}],"collection":[{"href":"https:\/\/tupique.com\/pt\/wp-json\/wp\/v2\/product"}],"about":[{"href":"https:\/\/tupique.com\/pt\/wp-json\/wp\/v2\/types\/product"}],"replies":[{"embeddable":true,"href":"https:\/\/tupique.com\/pt\/wp-json\/wp\/v2\/comments?post=4379425"}],"wp:featuredmedia":[{"embeddable":true,"href":"https:\/\/tupique.com\/pt\/wp-json\/wp\/v2\/media\/4379419"}],"wp:attachment":[{"href":"https:\/\/tupique.com\/pt\/wp-json\/wp\/v2\/media?parent=4379425"}],"wp:term":[{"taxonomy":"product_brand","embeddable":true,"href":"https:\/\/tupique.com\/pt\/wp-json\/wp\/v2\/product_brand?post=4379425"},{"taxonomy":"product_cat","embeddable":true,"href":"https:\/\/tupique.com\/pt\/wp-json\/wp\/v2\/product_cat?post=4379425"},{"taxonomy":"product_tag","embeddable":true,"href":"https:\/\/tupique.com\/pt\/wp-json\/wp\/v2\/product_tag?post=4379425"}],"curies":[{"name":"wp","href":"https:\/\/api.w.org\/{rel}","templated":true}]}}