{"id":4379490,"date":"2026-04-05T07:59:05","date_gmt":"2026-04-05T06:59:05","guid":{"rendered":"https:\/\/tupique.com\/produit\/deshumidificateur-delonghi-0148112605\/"},"modified":"2026-04-05T08:55:19","modified_gmt":"2026-04-05T07:55:19","slug":"deshumidificateur-delonghi-0148112605","status":"publish","type":"product","link":"https:\/\/tupique.com\/pt\/produto\/deshumidificateur-delonghi-0148112605\/","title":{"rendered":"D\u00e9shumidificateur DeLonghi 0148112605"},"content":{"rendered":"<p>Se est\u00e1 \u00e0 procura das \u00faltimas tend\u00eancias do mercado, temos tudo o que precisa. <b>D\u00e9shumidificateur DeLonghi 0148112605<\/b> !<\/p>\n<p>Le <b>d\u00e9shumidificateur DeLonghi mod\u00e8le 0148112605<\/b> est un appareil con\u00e7u pour un contr\u00f4le efficace de l\u2019humidit\u00e9 dans les espaces domestiques ou petits environnements, se distinguant par son fonctionnement extr\u00eamement silencieux avec un niveau sonore de seulement <b>34 dB(A)<\/b>, gr\u00e2ce \u00e0 sa technologie sp\u00e9ciale sans compresseur qui r\u00e9duit le bruit de pression. Il pr\u00e9sente un design compact et l\u00e9ger, avec des dimensions de <b>340 x 192 x 501 mm<\/b> et un poids de <b>6,5 kg<\/b>, facilement transportable gr\u00e2ce \u00e0 sa poign\u00e9e pratique int\u00e9gr\u00e9e. Ce d\u00e9shumidificateur dispose d\u2019un <b>r\u00e9servoir d\u2019une capacit\u00e9 de 2,8 litres<\/b> d\u2019eau extraite, visible via un indicateur de niveau, et int\u00e8gre un syst\u00e8me automatique qui arr\u00eate l\u2019appareil lorsque le r\u00e9servoir est plein pour \u00e9viter les d\u00e9bordements, ainsi qu\u2019une option de <b>drainage continu avec tuyau inclus<\/b>. Sa capacit\u00e9 de d\u00e9shumidification atteint jusqu\u2019\u00e0 <b>6 litres par jour<\/b>, assurant une performance optimale, notamment en conditions d\u2019humidit\u00e9 \u00e9lev\u00e9e et basses temp\u00e9ratures. L\u2019appareil propose <b>5 modes de fonctionnement<\/b> (TURBO, ECO, AUTO, MAX et MIN), permettant \u00e0 l\u2019utilisateur d\u2019ajuster le niveau de d\u00e9shumidification et la consommation \u00e9nerg\u00e9tique selon ses besoins. Parmi ses fonctions avanc\u00e9es figurent la minuterie d\u2019arr\u00eat \u00e9lectronique programmable jusqu\u2019\u00e0 8 heures, la fonction SWING qui r\u00e9gule le mouvement oscillant de ses volets en trois positions pour r\u00e9partir l\u2019air uniform\u00e9ment, ainsi que la fonction sp\u00e9cifique pour <b>le s\u00e9chage du linge \u00e9liminant jusqu\u2019\u00e0 6 litres par jour<\/b> dans n\u2019importe quel environnement. Il int\u00e8gre \u00e9galement un <b>ioniseur contr\u00f4l\u00e9 ind\u00e9pendamment<\/b> qui am\u00e9liore la qualit\u00e9 de l\u2019air, ainsi qu\u2019un <b>filtre antibact\u00e9rien<\/b> contribuant \u00e0 maintenir un environnement plus sain. L\u2019\u00e9cran LCD facilite la gestion et la visualisation des param\u00e8tres, tandis que la technologie Z\u00e9olite am\u00e9liore l\u2019efficacit\u00e9 globale du processus. Ce d\u00e9shumidificateur est fabriqu\u00e9 en <b>plastique blanc<\/b>, s\u2019adaptant \u00e0 toute d\u00e9coration et facile \u00e0 nettoyer. En r\u00e9sum\u00e9, le DeLonghi 0148112605 est un appareil techniquement avanc\u00e9, silencieux et polyvalent, id\u00e9al pour ceux qui recherchent une solution fiable et pratique pour r\u00e9duire l\u2019humidit\u00e9 et am\u00e9liorer le confort int\u00e9rieur.<\/p>\n<ul>\n<li>Type: D\u00e9shumidificateur<\/li>\n<li>Cor: Branco<\/li>\n<li>Material: Pl\u00e1stico<\/li>\n<\/ul>","protected":false},"excerpt":{"rendered":"<p>Si vous \u00eates \u00e0 la recherche de nouvelles tendances sur le march\u00e9, nous vous pr\u00e9sentons D\u00e9shumidificateur DeLonghi 0148112605 ! Le<\/p>","protected":false},"featured_media":4379468,"comment_status":"open","ping_status":"closed","template":"","meta":{"_joinchat":[]},"product_brand":[158138],"product_cat":[158005,158137,157535],"product_tag":[157695,157531],"class_list":{"0":"post-4379490","1":"product","2":"type-product","3":"status-publish","4":"has-post-thumbnail","6":"product_brand-brandp_5487","7":"product_cat-climatisation-et-chauffage","8":"product_cat-humidificateurs","9":"product_cat-maison-jardin","10":"product_tag-tag_587","11":"product_tag-tag_25","13":"first","14":"outofstock","15":"taxable","16":"shipping-taxable","17":"purchasable","18":"product-type-simple"},"yoast_head":"<!-- This site is optimized with the Yoast SEO plugin v27.2 - https:\/\/yoast.com\/product\/yoast-seo-wordpress\/ -->\n<title>D\u00e9shumidificateur DeLonghi 0148112605 - Tupique<\/title>\n<meta name=\"description\" content=\"Vous cherchez D\u00e9shumidificateur DeLonghi 0148112605 ? Achetez des produits chez Tupique. Profitez de la livraison gratuite pour obtenir D\u00e9shumidificateur DeLonghi 0148112605 d\u00e8s maintenant.\" \/>\n<meta name=\"robots\" content=\"index, follow, max-snippet:-1, max-image-preview:large, max-video-preview:-1\" \/>\n<link rel=\"canonical\" href=\"https:\/\/tupique.com\/pt\/produto\/deshumidificateur-delonghi-0148112605\/\" \/>\n<meta property=\"og:locale\" content=\"pt_PT\" \/>\n<meta property=\"og:type\" content=\"article\" \/>\n<meta property=\"og:title\" content=\"D\u00e9shumidificateur DeLonghi 0148112605 - Tupique\" \/>\n<meta property=\"og:description\" content=\"Vous cherchez D\u00e9shumidificateur DeLonghi 0148112605 ? Achetez des produits chez Tupique. Profitez de la livraison gratuite pour obtenir D\u00e9shumidificateur DeLonghi 0148112605 d\u00e8s maintenant.\" \/>\n<meta property=\"og:url\" content=\"https:\/\/tupique.com\/pt\/produto\/deshumidificateur-delonghi-0148112605\/\" \/>\n<meta property=\"og:site_name\" content=\"Tupique\" \/>\n<meta property=\"article:modified_time\" content=\"2026-04-05T07:55:19+00:00\" \/>\n<meta name=\"twitter:card\" content=\"summary_large_image\" \/>\n<meta name=\"twitter:label1\" content=\"Tempo estimado de leitura\" \/>\n\t<meta name=\"twitter:data1\" content=\"2 minutos\" \/>\n<script type=\"application\/ld+json\" class=\"yoast-schema-graph\">{\"@context\":\"https:\/\/schema.org\",\"@graph\":[{\"@type\":\"WebPage\",\"@id\":\"https:\/\/tupique.com\/produit\/deshumidificateur-delonghi-0148112605\/\",\"url\":\"https:\/\/tupique.com\/produit\/deshumidificateur-delonghi-0148112605\/\",\"name\":\"D\u00e9shumidificateur DeLonghi 0148112605 - Tupique\",\"isPartOf\":{\"@id\":\"https:\/\/tupique.com\/#website\"},\"primaryImageOfPage\":{\"@id\":\"https:\/\/tupique.com\/produit\/deshumidificateur-delonghi-0148112605\/#primaryimage\"},\"image\":{\"@id\":\"https:\/\/tupique.com\/produit\/deshumidificateur-delonghi-0148112605\/#primaryimage\"},\"thumbnailUrl\":\"https:\/\/tupique.com\/wp-content\/uploads\/2026\/04\/8004399481022_S7153428_P00.jpg\",\"datePublished\":\"2026-04-05T06:59:05+00:00\",\"dateModified\":\"2026-04-05T07:55:19+00:00\",\"description\":\"Vous cherchez D\u00e9shumidificateur DeLonghi 0148112605 ? Achetez des produits chez Tupique. Profitez de la livraison gratuite pour obtenir D\u00e9shumidificateur DeLonghi 0148112605 d\u00e8s maintenant.\",\"breadcrumb\":{\"@id\":\"https:\/\/tupique.com\/produit\/deshumidificateur-delonghi-0148112605\/#breadcrumb\"},\"inLanguage\":\"pt-PT\",\"potentialAction\":[{\"@type\":\"ReadAction\",\"target\":[\"https:\/\/tupique.com\/produit\/deshumidificateur-delonghi-0148112605\/\"]}]},{\"@type\":\"ImageObject\",\"inLanguage\":\"pt-PT\",\"@id\":\"https:\/\/tupique.com\/produit\/deshumidificateur-delonghi-0148112605\/#primaryimage\",\"url\":\"https:\/\/tupique.com\/wp-content\/uploads\/2026\/04\/8004399481022_S7153428_P00.jpg\",\"contentUrl\":\"https:\/\/tupique.com\/wp-content\/uploads\/2026\/04\/8004399481022_S7153428_P00.jpg\",\"width\":1200,\"height\":1200,\"caption\":\"S0467327_0\"},{\"@type\":\"BreadcrumbList\",\"@id\":\"https:\/\/tupique.com\/produit\/deshumidificateur-delonghi-0148112605\/#breadcrumb\",\"itemListElement\":[{\"@type\":\"ListItem\",\"position\":1,\"name\":\"In\u00edcio\",\"item\":\"https:\/\/tupique.com\/\"},{\"@type\":\"ListItem\",\"position\":2,\"name\":\"Boutique\",\"item\":\"https:\/\/tupique.com\/en\/boutique\/\"},{\"@type\":\"ListItem\",\"position\":3,\"name\":\"D\u00e9shumidificateur DeLonghi 0148112605\"}]},{\"@type\":\"WebSite\",\"@id\":\"https:\/\/tupique.com\/#website\",\"url\":\"https:\/\/tupique.com\/\",\"name\":\"Tupique\",\"description\":\"Marketplace\",\"publisher\":{\"@id\":\"https:\/\/tupique.com\/#organization\"},\"potentialAction\":[{\"@type\":\"SearchAction\",\"target\":{\"@type\":\"EntryPoint\",\"urlTemplate\":\"https:\/\/tupique.com\/?s={search_term_string}\"},\"query-input\":{\"@type\":\"PropertyValueSpecification\",\"valueRequired\":true,\"valueName\":\"search_term_string\"}}],\"inLanguage\":\"pt-PT\"},{\"@type\":\"Organization\",\"@id\":\"https:\/\/tupique.com\/#organization\",\"name\":\"Tupique\",\"url\":\"https:\/\/tupique.com\/\",\"logo\":{\"@type\":\"ImageObject\",\"inLanguage\":\"pt-PT\",\"@id\":\"https:\/\/tupique.com\/#\/schema\/logo\/image\/\",\"url\":\"https:\/\/tupique.com\/wp-content\/uploads\/2024\/09\/logo.png\",\"contentUrl\":\"https:\/\/tupique.com\/wp-content\/uploads\/2024\/09\/logo.png\",\"width\":1118,\"height\":310,\"caption\":\"Tupique\"},\"image\":{\"@id\":\"https:\/\/tupique.com\/#\/schema\/logo\/image\/\"}}]}<\/script>\n<!-- \/ Yoast SEO plugin. -->","yoast_head_json":{"title":"D\u00e9shumidificateur DeLonghi 0148112605 - Tupique","description":"Vous cherchez D\u00e9shumidificateur DeLonghi 0148112605 ? Achetez des produits chez Tupique. Profitez de la livraison gratuite pour obtenir D\u00e9shumidificateur DeLonghi 0148112605 d\u00e8s maintenant.","robots":{"index":"index","follow":"follow","max-snippet":"max-snippet:-1","max-image-preview":"max-image-preview:large","max-video-preview":"max-video-preview:-1"},"canonical":"https:\/\/tupique.com\/pt\/produto\/deshumidificateur-delonghi-0148112605\/","og_locale":"pt_PT","og_type":"article","og_title":"D\u00e9shumidificateur DeLonghi 0148112605 - Tupique","og_description":"Vous cherchez D\u00e9shumidificateur DeLonghi 0148112605 ? Achetez des produits chez Tupique. Profitez de la livraison gratuite pour obtenir D\u00e9shumidificateur DeLonghi 0148112605 d\u00e8s maintenant.","og_url":"https:\/\/tupique.com\/pt\/produto\/deshumidificateur-delonghi-0148112605\/","og_site_name":"Tupique","article_modified_time":"2026-04-05T07:55:19+00:00","twitter_card":"summary_large_image","twitter_misc":{"Tempo estimado de leitura":"2 minutos"},"schema":{"@context":"https:\/\/schema.org","@graph":[{"@type":"WebPage","@id":"https:\/\/tupique.com\/produit\/deshumidificateur-delonghi-0148112605\/","url":"https:\/\/tupique.com\/produit\/deshumidificateur-delonghi-0148112605\/","name":"D\u00e9shumidificateur DeLonghi 0148112605 - Tupique","isPartOf":{"@id":"https:\/\/tupique.com\/#website"},"primaryImageOfPage":{"@id":"https:\/\/tupique.com\/produit\/deshumidificateur-delonghi-0148112605\/#primaryimage"},"image":{"@id":"https:\/\/tupique.com\/produit\/deshumidificateur-delonghi-0148112605\/#primaryimage"},"thumbnailUrl":"https:\/\/tupique.com\/wp-content\/uploads\/2026\/04\/8004399481022_S7153428_P00.jpg","datePublished":"2026-04-05T06:59:05+00:00","dateModified":"2026-04-05T07:55:19+00:00","description":"Vous cherchez D\u00e9shumidificateur DeLonghi 0148112605 ? Achetez des produits chez Tupique. Profitez de la livraison gratuite pour obtenir D\u00e9shumidificateur DeLonghi 0148112605 d\u00e8s maintenant.","breadcrumb":{"@id":"https:\/\/tupique.com\/produit\/deshumidificateur-delonghi-0148112605\/#breadcrumb"},"inLanguage":"pt-PT","potentialAction":[{"@type":"ReadAction","target":["https:\/\/tupique.com\/produit\/deshumidificateur-delonghi-0148112605\/"]}]},{"@type":"ImageObject","inLanguage":"pt-PT","@id":"https:\/\/tupique.com\/produit\/deshumidificateur-delonghi-0148112605\/#primaryimage","url":"https:\/\/tupique.com\/wp-content\/uploads\/2026\/04\/8004399481022_S7153428_P00.jpg","contentUrl":"https:\/\/tupique.com\/wp-content\/uploads\/2026\/04\/8004399481022_S7153428_P00.jpg","width":1200,"height":1200,"caption":"S0467327_0"},{"@type":"BreadcrumbList","@id":"https:\/\/tupique.com\/produit\/deshumidificateur-delonghi-0148112605\/#breadcrumb","itemListElement":[{"@type":"ListItem","position":1,"name":"In\u00edcio","item":"https:\/\/tupique.com\/"},{"@type":"ListItem","position":2,"name":"Boutique","item":"https:\/\/tupique.com\/en\/boutique\/"},{"@type":"ListItem","position":3,"name":"D\u00e9shumidificateur DeLonghi 0148112605"}]},{"@type":"WebSite","@id":"https:\/\/tupique.com\/#website","url":"https:\/\/tupique.com\/","name":"Tupique","description":"Marketplace","publisher":{"@id":"https:\/\/tupique.com\/#organization"},"potentialAction":[{"@type":"SearchAction","target":{"@type":"EntryPoint","urlTemplate":"https:\/\/tupique.com\/?s={search_term_string}"},"query-input":{"@type":"PropertyValueSpecification","valueRequired":true,"valueName":"search_term_string"}}],"inLanguage":"pt-PT"},{"@type":"Organization","@id":"https:\/\/tupique.com\/#organization","name":"Tupique","url":"https:\/\/tupique.com\/","logo":{"@type":"ImageObject","inLanguage":"pt-PT","@id":"https:\/\/tupique.com\/#\/schema\/logo\/image\/","url":"https:\/\/tupique.com\/wp-content\/uploads\/2024\/09\/logo.png","contentUrl":"https:\/\/tupique.com\/wp-content\/uploads\/2024\/09\/logo.png","width":1118,"height":310,"caption":"Tupique"},"image":{"@id":"https:\/\/tupique.com\/#\/schema\/logo\/image\/"}}]}},"jetpack_sharing_enabled":true,"_links":{"self":[{"href":"https:\/\/tupique.com\/pt\/wp-json\/wp\/v2\/product\/4379490","targetHints":{"allow":["GET"]}}],"collection":[{"href":"https:\/\/tupique.com\/pt\/wp-json\/wp\/v2\/product"}],"about":[{"href":"https:\/\/tupique.com\/pt\/wp-json\/wp\/v2\/types\/product"}],"replies":[{"embeddable":true,"href":"https:\/\/tupique.com\/pt\/wp-json\/wp\/v2\/comments?post=4379490"}],"wp:featuredmedia":[{"embeddable":true,"href":"https:\/\/tupique.com\/pt\/wp-json\/wp\/v2\/media\/4379468"}],"wp:attachment":[{"href":"https:\/\/tupique.com\/pt\/wp-json\/wp\/v2\/media?parent=4379490"}],"wp:term":[{"taxonomy":"product_brand","embeddable":true,"href":"https:\/\/tupique.com\/pt\/wp-json\/wp\/v2\/product_brand?post=4379490"},{"taxonomy":"product_cat","embeddable":true,"href":"https:\/\/tupique.com\/pt\/wp-json\/wp\/v2\/product_cat?post=4379490"},{"taxonomy":"product_tag","embeddable":true,"href":"https:\/\/tupique.com\/pt\/wp-json\/wp\/v2\/product_tag?post=4379490"}],"curies":[{"name":"wp","href":"https:\/\/api.w.org\/{rel}","templated":true}]}}