{"id":4379592,"date":"2026-04-05T08:01:24","date_gmt":"2026-04-05T07:01:24","guid":{"rendered":"https:\/\/tupique.com\/produit\/montre-intelligente-apple-apple-watch-se-3-gps-44mm-blanc-178-o-44-mm\/"},"modified":"2026-04-05T08:55:41","modified_gmt":"2026-04-05T07:55:41","slug":"montre-intelligente-apple-apple-watch-se-3-gps-44mm-blanc-178-o-44-mm","status":"publish","type":"product","link":"https:\/\/tupique.com\/pt\/produto\/montre-intelligente-apple-apple-watch-se-3-gps-44mm-blanc-178-o-44-mm\/","title":{"rendered":"Montre intelligente Apple Apple Watch SE 3 GPS 44mm Blanc 1,78&#8243; \u00d8 44 mm"},"content":{"rendered":"<p>Se est\u00e1 \u00e0 procura das \u00faltimas tend\u00eancias do mercado, temos tudo o que precisa. <b>Montre intelligente Apple Apple Watch SE 3 GPS 44mm Blanc 1,78&#8243; \u00d8 44 mm<\/b> !<\/p>\n<p>La <b>Apple Watch SE3<\/b> \u00e9 um <b>smartwatch<\/b> de haute qualit\u00e9 con\u00e7ue pour offrir des fonctionnalit\u00e9s avanc\u00e9es et un design \u00e9l\u00e9gant dans un format confortable et robuste. Son <b>bo\u00eetier en aluminium<\/b> couleur <b>Blanc \u00c9toile<\/b> apporte l\u00e9g\u00e8ret\u00e9 et durabilit\u00e9, tandis que le <b>bracelet sport assorti<\/b> assure un ajustement confortable et s\u00fbr pour les activit\u00e9s quotidiennes comme sportives. Ce mod\u00e8le, avec un <b>cadran de 44 mm<\/b>, int\u00e8gre un <b>ecr\u00e3 t\u00e1til<\/b> facilitant la navigation et l\u2019acc\u00e8s rapide \u00e0 ses nombreuses fonctions. \u00c9quip\u00e9 de capteurs tels que l\u2019<b>aceler\u00f3metro<\/b>, il peut suivre pr\u00e9cis\u00e9ment l\u2019activit\u00e9 physique et les mouvements, int\u00e9grant des fonctions cl\u00e9s pour le suivi de la sant\u00e9 et de l\u2019exercice. De plus, il dispose de <b>Conectividade Bluetooth e Wi-Fi<\/b> pour une connexion stable et rapide avec d\u2019autres appareils et r\u00e9seaux, augmentant la polyvalence pour notifications, appels et synchronisation des donn\u00e9es. Ses <b>altifalantes integrados<\/b> am\u00e9liorent l\u2019exp\u00e9rience sonore, permettant de passer des appels ou d\u2019\u00e9couter alertes et sons sans accessoires suppl\u00e9mentaires. L\u2019Apple Watch SE3 allie innovation technologique et design pens\u00e9 pour le confort quotidien, se positionnant comme un outil complet pour ceux qui souhaitent int\u00e9grer la technologie wearable dans leur vie avec style et fiabilit\u00e9.<\/p>\n<ul>\n<li>Tipo de rel\u00f3gio: Rel\u00f3gio inteligente<\/li>\n<li>Produto de encaixe: Sim<\/li>\n<li>Bloc d\u2019Alimentation: r\u00e9seau \u00e9lectrique<\/li>\n<li>Cor:\n<ul>\n<li>Branco<\/li>\n<li>Bege<\/li>\n<\/ul>\n<\/li>\n<li>Mem\u00f3ria interna: 64 GB<\/li>\n<li>Processeur: Dual Core<\/li>\n<li>Ecran: 1,78&#8243;<\/li>\n<li>Material: Alum\u00ednio<\/li>\n<li>Carater\u00edsticas:\n<ul>\n<li>Aceler\u00f3metro<\/li>\n<li>Altifalantes integrados<\/li>\n<li>Ecr\u00e3 t\u00e1til<\/li>\n<li>Sensor de luz ambiente<\/li>\n<li>Girosc\u00f3pio<\/li>\n<li>Alt\u00edmetro<\/li>\n<li>Microfone incorporado<\/li>\n<li>Sensor \u00f3tico<\/li>\n<li>Dist\u00e2ncia percorrida<\/li>\n<li>Monitor do sono<\/li>\n<li>Carga magn\u00e9tica<\/li>\n<li>Multidesporto<\/li>\n<li>Ecr\u00e3 com cantos arredondados<\/li>\n<\/ul>\n<\/li>\n<li>Fun\u00e7\u00f5es:\n<ul>\n<li>Ecr\u00e3 a cores<\/li>\n<li>Monitor do sono<\/li>\n<li>Monitor do ritmo card\u00edaco<\/li>\n<\/ul>\n<\/li>\n<li>Tipo de bateria:\n<ul>\n<li>Integrado<\/li>\n<li>Litio Ion<\/li>\n<\/ul>\n<\/li>\n<li>Conectividade:\n<ul>\n<li>Bluetooth<\/li>\n<li>Wi-Fi<\/li>\n<li>GPS<\/li>\n<li>NFC<\/li>\n<li>Galileu<\/li>\n<li>Bluetooth de baixa energia<\/li>\n<li>Bluetooth 5.3<\/li>\n<\/ul>\n<\/li>\n<li>Compat\u00edvel: Siri<\/li>\n<li>Forma: Retangular<\/li>\n<li>C\u00e2mara: N\u00e3o<\/li>\n<li>Carregador sem fios: Sim<\/li>\n<li>Brille: 1000 cd\/m\u00b2<\/li>\n<li>R\u00e1dio FM: N\u00e3o<\/li>\n<li>Resistente \u00e0 \u00e1gua: 50 m<\/li>\n<li>Tecnologia: OLED<\/li>\n<li>Liga\u00e7\u00e3o USB: N\u00e3o<\/li>\n<li>Al\u00e7a: amov\u00edvel<\/li>\n<li>Non Inclus: Connexion au r\u00e9seau mobile<\/li>\n<li>R\u00e9solution: 368 x 448 px<\/li>\n<li>Mem\u00f3ria flash: 64 MB<\/li>\n<li>Noyaux: 4 Noyaux<\/li>\n<li>Di\u00e2metro da caixa do rel\u00f3gio: \u00d8 44 mm<\/li>\n<\/ul>","protected":false},"excerpt":{"rendered":"<p>Si vous \u00eates \u00e0 la recherche de nouvelles tendances sur le march\u00e9, nous vous pr\u00e9sentons Montre intelligente Apple Apple Watch<\/p>","protected":false},"featured_media":4379581,"comment_status":"open","ping_status":"closed","template":"","meta":{"_joinchat":[]},"product_brand":[157892],"product_cat":[157523,157516,157601],"product_tag":[157530,157522,157515],"class_list":{"0":"post-4379592","1":"product","2":"type-product","3":"status-publish","4":"has-post-thumbnail","6":"product_brand-brandp_533","7":"product_cat-electronique-telephonie-et-tablettes","8":"product_cat-informatique-electronique","9":"product_cat-smartwatches","10":"product_tag-tag_1261","11":"product_tag-tag_547","12":"product_tag-tag_1295","14":"first","15":"instock","16":"taxable","17":"shipping-taxable","18":"purchasable","19":"product-type-simple"},"yoast_head":"<!-- This site is optimized with the Yoast SEO plugin v27.2 - https:\/\/yoast.com\/product\/yoast-seo-wordpress\/ -->\n<title>Montre intelligente Apple Apple Watch SE 3 GPS 44mm Blanc 1,78&quot; \u00d8 44 mm - Tupique<\/title>\n<meta name=\"description\" content=\"Vous cherchez Montre intelligente Apple Apple Watch SE 3 GPS 44mm Blanc 1,78&quot; \u00d8 44 mm ? Achetez des produits chez Tupique. Profitez de la livraison gratuite pour obtenir Montre intelligente Apple Apple Watch SE 3 GPS 44mm Blanc 1,78&quot; \u00d8 44 mm d\u00e8s maintenant.\" \/>\n<meta name=\"robots\" content=\"index, follow, max-snippet:-1, max-image-preview:large, max-video-preview:-1\" \/>\n<link rel=\"canonical\" href=\"https:\/\/tupique.com\/pt\/produto\/montre-intelligente-apple-apple-watch-se-3-gps-44mm-blanc-178-o-44-mm\/\" \/>\n<meta property=\"og:locale\" content=\"pt_PT\" \/>\n<meta property=\"og:type\" content=\"article\" \/>\n<meta property=\"og:title\" content=\"Montre intelligente Apple Apple Watch SE 3 GPS 44mm Blanc 1,78&quot; \u00d8 44 mm - Tupique\" \/>\n<meta property=\"og:description\" content=\"Vous cherchez Montre intelligente Apple Apple Watch SE 3 GPS 44mm Blanc 1,78&quot; \u00d8 44 mm ? Achetez des produits chez Tupique. Profitez de la livraison gratuite pour obtenir Montre intelligente Apple Apple Watch SE 3 GPS 44mm Blanc 1,78&quot; \u00d8 44 mm d\u00e8s maintenant.\" \/>\n<meta property=\"og:url\" content=\"https:\/\/tupique.com\/pt\/produto\/montre-intelligente-apple-apple-watch-se-3-gps-44mm-blanc-178-o-44-mm\/\" \/>\n<meta property=\"og:site_name\" content=\"Tupique\" \/>\n<meta property=\"article:modified_time\" content=\"2026-04-05T07:55:41+00:00\" \/>\n<meta property=\"og:image\" content=\"https:\/\/tupique.com\/wp-content\/uploads\/2026\/04\/0195950646009_M0806790_P00.jpg\" \/>\n\t<meta property=\"og:image:width\" content=\"1200\" \/>\n\t<meta property=\"og:image:height\" content=\"1200\" \/>\n\t<meta property=\"og:image:type\" content=\"image\/jpeg\" \/>\n<meta name=\"twitter:card\" content=\"summary_large_image\" \/>\n<meta name=\"twitter:label1\" content=\"Tempo estimado de leitura\" \/>\n\t<meta name=\"twitter:data1\" content=\"2 minutos\" \/>\n<script type=\"application\/ld+json\" class=\"yoast-schema-graph\">{\"@context\":\"https:\/\/schema.org\",\"@graph\":[{\"@type\":\"WebPage\",\"@id\":\"https:\/\/tupique.com\/produit\/montre-intelligente-apple-apple-watch-se-3-gps-44mm-blanc-178-o-44-mm\/\",\"url\":\"https:\/\/tupique.com\/produit\/montre-intelligente-apple-apple-watch-se-3-gps-44mm-blanc-178-o-44-mm\/\",\"name\":\"Montre intelligente Apple Apple Watch SE 3 GPS 44mm Blanc 1,78\\\" \u00d8 44 mm - Tupique\",\"isPartOf\":{\"@id\":\"https:\/\/tupique.com\/#website\"},\"primaryImageOfPage\":{\"@id\":\"https:\/\/tupique.com\/produit\/montre-intelligente-apple-apple-watch-se-3-gps-44mm-blanc-178-o-44-mm\/#primaryimage\"},\"image\":{\"@id\":\"https:\/\/tupique.com\/produit\/montre-intelligente-apple-apple-watch-se-3-gps-44mm-blanc-178-o-44-mm\/#primaryimage\"},\"thumbnailUrl\":\"https:\/\/tupique.com\/wp-content\/uploads\/2026\/04\/0195950646009_M0806790_P00.jpg\",\"datePublished\":\"2026-04-05T07:01:24+00:00\",\"dateModified\":\"2026-04-05T07:55:41+00:00\",\"description\":\"Vous cherchez Montre intelligente Apple Apple Watch SE 3 GPS 44mm Blanc 1,78\\\" \u00d8 44 mm ? Achetez des produits chez Tupique. Profitez de la livraison gratuite pour obtenir Montre intelligente Apple Apple Watch SE 3 GPS 44mm Blanc 1,78\\\" \u00d8 44 mm d\u00e8s maintenant.\",\"breadcrumb\":{\"@id\":\"https:\/\/tupique.com\/produit\/montre-intelligente-apple-apple-watch-se-3-gps-44mm-blanc-178-o-44-mm\/#breadcrumb\"},\"inLanguage\":\"pt-PT\",\"potentialAction\":[{\"@type\":\"ReadAction\",\"target\":[\"https:\/\/tupique.com\/produit\/montre-intelligente-apple-apple-watch-se-3-gps-44mm-blanc-178-o-44-mm\/\"]}]},{\"@type\":\"ImageObject\",\"inLanguage\":\"pt-PT\",\"@id\":\"https:\/\/tupique.com\/produit\/montre-intelligente-apple-apple-watch-se-3-gps-44mm-blanc-178-o-44-mm\/#primaryimage\",\"url\":\"https:\/\/tupique.com\/wp-content\/uploads\/2026\/04\/0195950646009_M0806790_P00.jpg\",\"contentUrl\":\"https:\/\/tupique.com\/wp-content\/uploads\/2026\/04\/0195950646009_M0806790_P00.jpg\",\"width\":1200,\"height\":1200,\"caption\":\"M0806790_0\"},{\"@type\":\"BreadcrumbList\",\"@id\":\"https:\/\/tupique.com\/produit\/montre-intelligente-apple-apple-watch-se-3-gps-44mm-blanc-178-o-44-mm\/#breadcrumb\",\"itemListElement\":[{\"@type\":\"ListItem\",\"position\":1,\"name\":\"In\u00edcio\",\"item\":\"https:\/\/tupique.com\/\"},{\"@type\":\"ListItem\",\"position\":2,\"name\":\"Boutique\",\"item\":\"https:\/\/tupique.com\/en\/boutique\/\"},{\"@type\":\"ListItem\",\"position\":3,\"name\":\"Montre intelligente Apple Apple Watch SE 3 GPS 44mm Blanc 1,78&#8243; \u00d8 44 mm\"}]},{\"@type\":\"WebSite\",\"@id\":\"https:\/\/tupique.com\/#website\",\"url\":\"https:\/\/tupique.com\/\",\"name\":\"Tupique\",\"description\":\"Marketplace\",\"publisher\":{\"@id\":\"https:\/\/tupique.com\/#organization\"},\"potentialAction\":[{\"@type\":\"SearchAction\",\"target\":{\"@type\":\"EntryPoint\",\"urlTemplate\":\"https:\/\/tupique.com\/?s={search_term_string}\"},\"query-input\":{\"@type\":\"PropertyValueSpecification\",\"valueRequired\":true,\"valueName\":\"search_term_string\"}}],\"inLanguage\":\"pt-PT\"},{\"@type\":\"Organization\",\"@id\":\"https:\/\/tupique.com\/#organization\",\"name\":\"Tupique\",\"url\":\"https:\/\/tupique.com\/\",\"logo\":{\"@type\":\"ImageObject\",\"inLanguage\":\"pt-PT\",\"@id\":\"https:\/\/tupique.com\/#\/schema\/logo\/image\/\",\"url\":\"https:\/\/tupique.com\/wp-content\/uploads\/2024\/09\/logo.png\",\"contentUrl\":\"https:\/\/tupique.com\/wp-content\/uploads\/2024\/09\/logo.png\",\"width\":1118,\"height\":310,\"caption\":\"Tupique\"},\"image\":{\"@id\":\"https:\/\/tupique.com\/#\/schema\/logo\/image\/\"}}]}<\/script>\n<!-- \/ Yoast SEO plugin. -->","yoast_head_json":{"title":"Montre intelligente Apple Apple Watch SE 3 GPS 44mm Blanc 1,78\" \u00d8 44 mm - Tupique","description":"Vous cherchez Montre intelligente Apple Apple Watch SE 3 GPS 44mm Blanc 1,78\" \u00d8 44 mm ? Achetez des produits chez Tupique. Profitez de la livraison gratuite pour obtenir Montre intelligente Apple Apple Watch SE 3 GPS 44mm Blanc 1,78\" \u00d8 44 mm d\u00e8s maintenant.","robots":{"index":"index","follow":"follow","max-snippet":"max-snippet:-1","max-image-preview":"max-image-preview:large","max-video-preview":"max-video-preview:-1"},"canonical":"https:\/\/tupique.com\/pt\/produto\/montre-intelligente-apple-apple-watch-se-3-gps-44mm-blanc-178-o-44-mm\/","og_locale":"pt_PT","og_type":"article","og_title":"Montre intelligente Apple Apple Watch SE 3 GPS 44mm Blanc 1,78\" \u00d8 44 mm - Tupique","og_description":"Vous cherchez Montre intelligente Apple Apple Watch SE 3 GPS 44mm Blanc 1,78\" \u00d8 44 mm ? Achetez des produits chez Tupique. Profitez de la livraison gratuite pour obtenir Montre intelligente Apple Apple Watch SE 3 GPS 44mm Blanc 1,78\" \u00d8 44 mm d\u00e8s maintenant.","og_url":"https:\/\/tupique.com\/pt\/produto\/montre-intelligente-apple-apple-watch-se-3-gps-44mm-blanc-178-o-44-mm\/","og_site_name":"Tupique","article_modified_time":"2026-04-05T07:55:41+00:00","og_image":[{"width":1200,"height":1200,"url":"https:\/\/tupique.com\/wp-content\/uploads\/2026\/04\/0195950646009_M0806790_P00.jpg","type":"image\/jpeg"}],"twitter_card":"summary_large_image","twitter_misc":{"Tempo estimado de leitura":"2 minutos"},"schema":{"@context":"https:\/\/schema.org","@graph":[{"@type":"WebPage","@id":"https:\/\/tupique.com\/produit\/montre-intelligente-apple-apple-watch-se-3-gps-44mm-blanc-178-o-44-mm\/","url":"https:\/\/tupique.com\/produit\/montre-intelligente-apple-apple-watch-se-3-gps-44mm-blanc-178-o-44-mm\/","name":"Montre intelligente Apple Apple Watch SE 3 GPS 44mm Blanc 1,78\" \u00d8 44 mm - Tupique","isPartOf":{"@id":"https:\/\/tupique.com\/#website"},"primaryImageOfPage":{"@id":"https:\/\/tupique.com\/produit\/montre-intelligente-apple-apple-watch-se-3-gps-44mm-blanc-178-o-44-mm\/#primaryimage"},"image":{"@id":"https:\/\/tupique.com\/produit\/montre-intelligente-apple-apple-watch-se-3-gps-44mm-blanc-178-o-44-mm\/#primaryimage"},"thumbnailUrl":"https:\/\/tupique.com\/wp-content\/uploads\/2026\/04\/0195950646009_M0806790_P00.jpg","datePublished":"2026-04-05T07:01:24+00:00","dateModified":"2026-04-05T07:55:41+00:00","description":"Vous cherchez Montre intelligente Apple Apple Watch SE 3 GPS 44mm Blanc 1,78\" \u00d8 44 mm ? Achetez des produits chez Tupique. Profitez de la livraison gratuite pour obtenir Montre intelligente Apple Apple Watch SE 3 GPS 44mm Blanc 1,78\" \u00d8 44 mm d\u00e8s maintenant.","breadcrumb":{"@id":"https:\/\/tupique.com\/produit\/montre-intelligente-apple-apple-watch-se-3-gps-44mm-blanc-178-o-44-mm\/#breadcrumb"},"inLanguage":"pt-PT","potentialAction":[{"@type":"ReadAction","target":["https:\/\/tupique.com\/produit\/montre-intelligente-apple-apple-watch-se-3-gps-44mm-blanc-178-o-44-mm\/"]}]},{"@type":"ImageObject","inLanguage":"pt-PT","@id":"https:\/\/tupique.com\/produit\/montre-intelligente-apple-apple-watch-se-3-gps-44mm-blanc-178-o-44-mm\/#primaryimage","url":"https:\/\/tupique.com\/wp-content\/uploads\/2026\/04\/0195950646009_M0806790_P00.jpg","contentUrl":"https:\/\/tupique.com\/wp-content\/uploads\/2026\/04\/0195950646009_M0806790_P00.jpg","width":1200,"height":1200,"caption":"M0806790_0"},{"@type":"BreadcrumbList","@id":"https:\/\/tupique.com\/produit\/montre-intelligente-apple-apple-watch-se-3-gps-44mm-blanc-178-o-44-mm\/#breadcrumb","itemListElement":[{"@type":"ListItem","position":1,"name":"In\u00edcio","item":"https:\/\/tupique.com\/"},{"@type":"ListItem","position":2,"name":"Boutique","item":"https:\/\/tupique.com\/en\/boutique\/"},{"@type":"ListItem","position":3,"name":"Montre intelligente Apple Apple Watch SE 3 GPS 44mm Blanc 1,78&#8243; \u00d8 44 mm"}]},{"@type":"WebSite","@id":"https:\/\/tupique.com\/#website","url":"https:\/\/tupique.com\/","name":"Tupique","description":"Marketplace","publisher":{"@id":"https:\/\/tupique.com\/#organization"},"potentialAction":[{"@type":"SearchAction","target":{"@type":"EntryPoint","urlTemplate":"https:\/\/tupique.com\/?s={search_term_string}"},"query-input":{"@type":"PropertyValueSpecification","valueRequired":true,"valueName":"search_term_string"}}],"inLanguage":"pt-PT"},{"@type":"Organization","@id":"https:\/\/tupique.com\/#organization","name":"Tupique","url":"https:\/\/tupique.com\/","logo":{"@type":"ImageObject","inLanguage":"pt-PT","@id":"https:\/\/tupique.com\/#\/schema\/logo\/image\/","url":"https:\/\/tupique.com\/wp-content\/uploads\/2024\/09\/logo.png","contentUrl":"https:\/\/tupique.com\/wp-content\/uploads\/2024\/09\/logo.png","width":1118,"height":310,"caption":"Tupique"},"image":{"@id":"https:\/\/tupique.com\/#\/schema\/logo\/image\/"}}]}},"jetpack_sharing_enabled":true,"_links":{"self":[{"href":"https:\/\/tupique.com\/pt\/wp-json\/wp\/v2\/product\/4379592","targetHints":{"allow":["GET"]}}],"collection":[{"href":"https:\/\/tupique.com\/pt\/wp-json\/wp\/v2\/product"}],"about":[{"href":"https:\/\/tupique.com\/pt\/wp-json\/wp\/v2\/types\/product"}],"replies":[{"embeddable":true,"href":"https:\/\/tupique.com\/pt\/wp-json\/wp\/v2\/comments?post=4379592"}],"wp:featuredmedia":[{"embeddable":true,"href":"https:\/\/tupique.com\/pt\/wp-json\/wp\/v2\/media\/4379581"}],"wp:attachment":[{"href":"https:\/\/tupique.com\/pt\/wp-json\/wp\/v2\/media?parent=4379592"}],"wp:term":[{"taxonomy":"product_brand","embeddable":true,"href":"https:\/\/tupique.com\/pt\/wp-json\/wp\/v2\/product_brand?post=4379592"},{"taxonomy":"product_cat","embeddable":true,"href":"https:\/\/tupique.com\/pt\/wp-json\/wp\/v2\/product_cat?post=4379592"},{"taxonomy":"product_tag","embeddable":true,"href":"https:\/\/tupique.com\/pt\/wp-json\/wp\/v2\/product_tag?post=4379592"}],"curies":[{"name":"wp","href":"https:\/\/api.w.org\/{rel}","templated":true}]}}