{"id":4379670,"date":"2026-04-05T08:02:59","date_gmt":"2026-04-05T07:02:59","guid":{"rendered":"https:\/\/tupique.com\/produit\/tablette-apple-ipad-air-11-octa-core-8-gb-ram-256-gb-blanc\/"},"modified":"2026-04-05T08:55:52","modified_gmt":"2026-04-05T07:55:52","slug":"tablette-apple-ipad-air-11-octa-core-8-gb-ram-256-gb-blanc","status":"publish","type":"product","link":"https:\/\/tupique.com\/pt\/produto\/tablette-apple-ipad-air-11-octa-core-8-gb-ram-256-gb-blanc\/","title":{"rendered":"Tablette Apple iPad Air 11&#8243; Octa Core 8 GB RAM 256 GB Blanc"},"content":{"rendered":"<p>Se est\u00e1 \u00e0 procura das \u00faltimas tend\u00eancias do mercado, temos tudo o que precisa. <b>Tablette Apple iPad Air 11&#8243; Octa Core 8 GB RAM 256 GB Blanc<\/b> !<\/p>\n<p>L\u2019<b>iPad Air<\/b> da Apple \u00e9 um <b>comprimido<\/b> avanc\u00e9e qui allie performance, portabilit\u00e9 et design \u00e9l\u00e9gant pour r\u00e9pondre aussi bien aux besoins professionnels qu\u2019au divertissement. Il int\u00e8gre une g\u00e9n\u00e9reuse <b>8 GB de mem\u00f3ria RAM<\/b>, permettant d\u2019ex\u00e9cuter plusieurs applications et processus simultan\u00e9ment sans perte de fluidit\u00e9, id\u00e9al pour le multit\u00e2che, l\u2019\u00e9dition de documents ou l\u2019utilisation d\u2019applications cr\u00e9atives. Son <b>Ecr\u00e3 de 11 polegadas<\/b> offre une excellente surface d\u2019affichage, parfaite pour naviguer, retoucher des images et profiter de contenus audiovisuels avec une grande nettet\u00e9 et des couleurs pr\u00e9cises, gr\u00e2ce \u00e0 la qualit\u00e9 habituelle des \u00e9crans Apple. L\u2019appareil dispose d\u2019une grande <b>256 GB de capacidade de armazenamento<\/b>, offrant suffisamment d\u2019espace pour les fichiers professionnels, photos, vid\u00e9os et applications sans souci de place. Il est propos\u00e9 dans des tons \u00e9l\u00e9gants <b>blanc, beige et gris<\/b>, mettant en valeur son ch\u00e2ssis en <b>alum\u00ednio<\/b> qui assure l\u00e9g\u00e8ret\u00e9 et durabilit\u00e9, tout en affichant un aspect moderne et sophistiqu\u00e9. La connectivit\u00e9 Wi-Fi et Cellular (mobile) offre une grande libert\u00e9 d\u2019utilisation o\u00f9 que vous soyez, permettant de rester connect\u00e9 m\u00eame en dehors de la maison ou du bureau. Gr\u00e2ce \u00e0 ses composants mat\u00e9riels et au syst\u00e8me d\u2019exploitation iPadOS, l\u2019iPad Air garantit rapidit\u00e9, s\u00e9curit\u00e9 et une int\u00e9gration totale dans l\u2019\u00e9cosyst\u00e8me Apple. Ce mod\u00e8le se distingue par son \u00e9quilibre entre puissance et polyvalence, s\u2019imposant comme un choix privil\u00e9gi\u00e9 pour ceux qui recherchent une exp\u00e9rience premium dans une tablette l\u00e9g\u00e8re et fonctionnelle.<\/p>\n<ul>\n<li>Tipo:\n<ul>\n<li>Tablet<\/li>\n<li>Flash<\/li>\n<\/ul>\n<\/li>\n<li>Tipo de tomada: tomada UE<\/li>\n<li>Produto de encaixe: Sim<\/li>\n<li>Cor:\n<ul>\n<li>Cinzento<\/li>\n<li>luz das estrelas<\/li>\n<li>Branco<\/li>\n<li>Bege<\/li>\n<\/ul>\n<\/li>\n<li>Carater\u00edsticas:\n<ul>\n<li>Anti-rastreamento<\/li>\n<li>Sensor de luz ambiente<\/li>\n<li>eSIM<\/li>\n<li>Controlo por voz<\/li>\n<li>C\u00e2mara frontal<\/li>\n<li>Microfone incorporado<\/li>\n<li>Autofocus<\/li>\n<li>2 altifalantes<\/li>\n<li>4 altifalantes<\/li>\n<li>Leitor de impress\u00f5es digitais<\/li>\n<li>Liga\u00e7\u00e3o \u00e0 rede m\u00f3vel<\/li>\n<li>B\u00fassola eletr\u00f3nica<\/li>\n<li>Ecr\u00e3 com cantos arredondados<\/li>\n<\/ul>\n<\/li>\n<li>Zoom Num\u00e9rique: 5x<\/li>\n<li>Rapport d&#8217;aspect: 4:3<\/li>\n<li>Conectividade:\n<ul>\n<li>Airplay<\/li>\n<li>4G LTE<\/li>\n<li>Wi-Fi 6E ghz<\/li>\n<li>Wi-Fi<\/li>\n<li>Bluetooth<\/li>\n<li>GPS<\/li>\n<li>5G<\/li>\n<li>eSIM<\/li>\n<li>6 GHz Wi-Fi<\/li>\n<li>Bluetooth 5.3<\/li>\n<\/ul>\n<\/li>\n<li>Poids approx.: 460 g<\/li>\n<li>Compatible:\n<ul>\n<li>Windows 10<\/li>\n<li>Windows 11<\/li>\n<li>MAC OS X 10.13 HIGH SIERRA<\/li>\n<li>MAC OS X 10.14 MOJAVE<\/li>\n<li>MAC OS X 10.15 CATALINA<\/li>\n<li>MAC OS X 10.15.3 CATALINA<\/li>\n<li>MAC OS X 11.0 BIG SUR<\/li>\n<li>iPadOS<\/li>\n<\/ul>\n<\/li>\n<li>Inclui:\n<ul>\n<li>Cabo USB-C<\/li>\n<li>2 altifalantes<\/li>\n<\/ul>\n<\/li>\n<li>Girosc\u00f3pio: Sim<\/li>\n<li>Stabilisateur d&#8217;image: Oui<\/li>\n<li>Aceler\u00f3metro: Sim<\/li>\n<li>Ne contient pas: Mercure<\/li>\n<li>Liga\u00e7\u00f5es:\n<ul>\n<li>USB-C 3.2 x 1<\/li>\n<li>USB-C<\/li>\n<li>USB-C 3.2 Gen 2 (3.1 Gen 2)<\/li>\n<\/ul>\n<\/li>\n<li>Formatos: AAC<\/li>\n<li>Tecnologia:\n<ul>\n<li>IPS<\/li>\n<li>LED<\/li>\n<li>M\u00edmica<\/li>\n<\/ul>\n<\/li>\n<li>Batterie: Polym\u00e8re de lithium<\/li>\n<li>Certificat:\n<ul>\n<li>ENERGY STAR<\/li>\n<li>Certification ENERGY STAR<\/li>\n<\/ul>\n<\/li>\n<li>Processeur:\n<ul>\n<li>M3-8100Y<\/li>\n<li>Octa Core<\/li>\n<li>M3<\/li>\n<\/ul>\n<\/li>\n<li>R\u00e9solution:\n<ul>\n<li>264 PPP<\/li>\n<li>12 MP<\/li>\n<li>2360 x 1640 px<\/li>\n<\/ul>\n<\/li>\n<li>Resolu\u00e7\u00e3o (px):\n<ul>\n<li>2360 X 1640 PX<\/li>\n<li>3840 x 2160 px<\/li>\n<li>2160 px<\/li>\n<\/ul>\n<\/li>\n<li>Sistema operativo:\n<ul>\n<li>iPadOS 15<\/li>\n<li>iPadOS<\/li>\n<li>iOS<\/li>\n<\/ul>\n<\/li>\n<li>Interface: Wi-Fi<\/li>\n<li>Alimenta\u00e7\u00e3o el\u00e9ctrica:\n<ul>\n<li>r\u00e9seau \u00e9lectrique<\/li>\n<li>USB<\/li>\n<\/ul>\n<\/li>\n<li>C\u00e2mara:\n<ul>\n<li>12 mpx<\/li>\n<li>12 MP<\/li>\n<li>Traseira<\/li>\n<\/ul>\n<\/li>\n<li>Ecr\u00e3: 11\u2033<\/li>\n<li>Mem\u00f3ria RAM: 8 GB de RAM<\/li>\n<li>Mem\u00f3ria interna: 256 GB<\/li>\n<li>Material: Alum\u00ednio<\/li>\n<li>Fun\u00e7\u00f5es:\n<ul>\n<li>Bar\u00f3metro<\/li>\n<li>Aceler\u00f3metro<\/li>\n<li>Geolocaliza\u00e7\u00e3o<\/li>\n<\/ul>\n<\/li>\n<li>Classifica\u00e7\u00e3o energ\u00e9tica: G<\/li>\n<li>Abertura: F\/1.8<\/li>\n<li>Brilho: 500 cd\/m2<\/li>\n<li>N\u00e3o inclu\u00eddo: adaptador AC<\/li>\n<li>Type de stockage: SSD<\/li>\n<li>Tipo de bateria: i\u00f5es de l\u00edtio<\/li>\n<li>N\u00facleos:\n<ul>\n<li>8 n\u00facleos<\/li>\n<li>16 n\u00facleos<\/li>\n<\/ul>\n<\/li>\n<li>Diagonal do ecr\u00e3 (cm): 27,9 cm<\/li>\n<li>Tempo de funcionamento aproximado: 10 horas<\/li>\n<li>Dispositif intelligent: Apple Intelligence<\/li>\n<\/ul>","protected":false},"excerpt":{"rendered":"<p>Si vous \u00eates \u00e0 la recherche de nouvelles tendances sur le march\u00e9, nous vous pr\u00e9sentons Tablette Apple iPad Air 11&#8243;<\/p>","protected":false},"featured_media":4379642,"comment_status":"open","ping_status":"closed","template":"","meta":{"_joinchat":[]},"product_brand":[157892],"product_cat":[157523,157516,157560],"product_tag":[157522,157515],"class_list":{"0":"post-4379670","1":"product","2":"type-product","3":"status-publish","4":"has-post-thumbnail","6":"product_brand-brandp_533","7":"product_cat-electronique-telephonie-et-tablettes","8":"product_cat-informatique-electronique","9":"product_cat-tablettes","10":"product_tag-tag_547","11":"product_tag-tag_1295","13":"first","14":"instock","15":"taxable","16":"shipping-taxable","17":"purchasable","18":"product-type-simple"},"yoast_head":"<!-- This site is optimized with the Yoast SEO plugin v27.2 - https:\/\/yoast.com\/product\/yoast-seo-wordpress\/ -->\n<title>Tablette Apple iPad Air 11&quot; Octa Core 8 GB RAM 256 GB Blanc - Tupique<\/title>\n<meta name=\"description\" content=\"Vous cherchez Tablette Apple iPad Air 11&quot; Octa Core 8 GB RAM 256 GB Blanc ? Achetez des produits chez Tupique. Profitez de la livraison gratuite pour obtenir Tablette Apple iPad Air 11&quot; Octa Core 8 GB RAM 256 GB Blanc d\u00e8s maintenant.\" \/>\n<meta name=\"robots\" content=\"index, follow, max-snippet:-1, max-image-preview:large, max-video-preview:-1\" \/>\n<link rel=\"canonical\" href=\"https:\/\/tupique.com\/pt\/produto\/tablette-apple-ipad-air-11-octa-core-8-gb-ram-256-gb-blanc\/\" \/>\n<meta property=\"og:locale\" content=\"pt_PT\" \/>\n<meta property=\"og:type\" content=\"article\" \/>\n<meta property=\"og:title\" content=\"Tablette Apple iPad Air 11&quot; Octa Core 8 GB RAM 256 GB Blanc - Tupique\" \/>\n<meta property=\"og:description\" content=\"Vous cherchez Tablette Apple iPad Air 11&quot; Octa Core 8 GB RAM 256 GB Blanc ? Achetez des produits chez Tupique. Profitez de la livraison gratuite pour obtenir Tablette Apple iPad Air 11&quot; Octa Core 8 GB RAM 256 GB Blanc d\u00e8s maintenant.\" \/>\n<meta property=\"og:url\" content=\"https:\/\/tupique.com\/pt\/produto\/tablette-apple-ipad-air-11-octa-core-8-gb-ram-256-gb-blanc\/\" \/>\n<meta property=\"og:site_name\" content=\"Tupique\" \/>\n<meta property=\"article:modified_time\" content=\"2026-04-05T07:55:52+00:00\" \/>\n<meta property=\"og:image\" content=\"https:\/\/tupique.com\/wp-content\/uploads\/2026\/04\/0195949987618_R00.jpg\" \/>\n\t<meta property=\"og:image:width\" content=\"1200\" \/>\n\t<meta property=\"og:image:height\" content=\"1200\" \/>\n\t<meta property=\"og:image:type\" content=\"image\/jpeg\" \/>\n<meta name=\"twitter:card\" content=\"summary_large_image\" \/>\n<meta name=\"twitter:label1\" content=\"Tempo estimado de leitura\" \/>\n\t<meta name=\"twitter:data1\" content=\"2 minutos\" \/>\n<script type=\"application\/ld+json\" class=\"yoast-schema-graph\">{\"@context\":\"https:\/\/schema.org\",\"@graph\":[{\"@type\":\"WebPage\",\"@id\":\"https:\/\/tupique.com\/produit\/tablette-apple-ipad-air-11-octa-core-8-gb-ram-256-gb-blanc\/\",\"url\":\"https:\/\/tupique.com\/produit\/tablette-apple-ipad-air-11-octa-core-8-gb-ram-256-gb-blanc\/\",\"name\":\"Tablette Apple iPad Air 11\\\" Octa Core 8 GB RAM 256 GB Blanc - Tupique\",\"isPartOf\":{\"@id\":\"https:\/\/tupique.com\/#website\"},\"primaryImageOfPage\":{\"@id\":\"https:\/\/tupique.com\/produit\/tablette-apple-ipad-air-11-octa-core-8-gb-ram-256-gb-blanc\/#primaryimage\"},\"image\":{\"@id\":\"https:\/\/tupique.com\/produit\/tablette-apple-ipad-air-11-octa-core-8-gb-ram-256-gb-blanc\/#primaryimage\"},\"thumbnailUrl\":\"https:\/\/tupique.com\/wp-content\/uploads\/2026\/04\/0195949987618_R00.jpg\",\"datePublished\":\"2026-04-05T07:02:59+00:00\",\"dateModified\":\"2026-04-05T07:55:52+00:00\",\"description\":\"Vous cherchez Tablette Apple iPad Air 11\\\" Octa Core 8 GB RAM 256 GB Blanc ? Achetez des produits chez Tupique. Profitez de la livraison gratuite pour obtenir Tablette Apple iPad Air 11\\\" Octa Core 8 GB RAM 256 GB Blanc d\u00e8s maintenant.\",\"breadcrumb\":{\"@id\":\"https:\/\/tupique.com\/produit\/tablette-apple-ipad-air-11-octa-core-8-gb-ram-256-gb-blanc\/#breadcrumb\"},\"inLanguage\":\"pt-PT\",\"potentialAction\":[{\"@type\":\"ReadAction\",\"target\":[\"https:\/\/tupique.com\/produit\/tablette-apple-ipad-air-11-octa-core-8-gb-ram-256-gb-blanc\/\"]}]},{\"@type\":\"ImageObject\",\"inLanguage\":\"pt-PT\",\"@id\":\"https:\/\/tupique.com\/produit\/tablette-apple-ipad-air-11-octa-core-8-gb-ram-256-gb-blanc\/#primaryimage\",\"url\":\"https:\/\/tupique.com\/wp-content\/uploads\/2026\/04\/0195949987618_R00.jpg\",\"contentUrl\":\"https:\/\/tupique.com\/wp-content\/uploads\/2026\/04\/0195949987618_R00.jpg\",\"width\":1200,\"height\":1200,\"caption\":\"M0806836_0\"},{\"@type\":\"BreadcrumbList\",\"@id\":\"https:\/\/tupique.com\/produit\/tablette-apple-ipad-air-11-octa-core-8-gb-ram-256-gb-blanc\/#breadcrumb\",\"itemListElement\":[{\"@type\":\"ListItem\",\"position\":1,\"name\":\"In\u00edcio\",\"item\":\"https:\/\/tupique.com\/\"},{\"@type\":\"ListItem\",\"position\":2,\"name\":\"Boutique\",\"item\":\"https:\/\/tupique.com\/en\/boutique\/\"},{\"@type\":\"ListItem\",\"position\":3,\"name\":\"Tablette Apple iPad Air 11&#8243; Octa Core 8 GB RAM 256 GB Blanc\"}]},{\"@type\":\"WebSite\",\"@id\":\"https:\/\/tupique.com\/#website\",\"url\":\"https:\/\/tupique.com\/\",\"name\":\"Tupique\",\"description\":\"Marketplace\",\"publisher\":{\"@id\":\"https:\/\/tupique.com\/#organization\"},\"potentialAction\":[{\"@type\":\"SearchAction\",\"target\":{\"@type\":\"EntryPoint\",\"urlTemplate\":\"https:\/\/tupique.com\/?s={search_term_string}\"},\"query-input\":{\"@type\":\"PropertyValueSpecification\",\"valueRequired\":true,\"valueName\":\"search_term_string\"}}],\"inLanguage\":\"pt-PT\"},{\"@type\":\"Organization\",\"@id\":\"https:\/\/tupique.com\/#organization\",\"name\":\"Tupique\",\"url\":\"https:\/\/tupique.com\/\",\"logo\":{\"@type\":\"ImageObject\",\"inLanguage\":\"pt-PT\",\"@id\":\"https:\/\/tupique.com\/#\/schema\/logo\/image\/\",\"url\":\"https:\/\/tupique.com\/wp-content\/uploads\/2024\/09\/logo.png\",\"contentUrl\":\"https:\/\/tupique.com\/wp-content\/uploads\/2024\/09\/logo.png\",\"width\":1118,\"height\":310,\"caption\":\"Tupique\"},\"image\":{\"@id\":\"https:\/\/tupique.com\/#\/schema\/logo\/image\/\"}}]}<\/script>\n<!-- \/ Yoast SEO plugin. -->","yoast_head_json":{"title":"Tablette Apple iPad Air 11\" Octa Core 8 GB RAM 256 GB Blanc - Tupique","description":"Vous cherchez Tablette Apple iPad Air 11\" Octa Core 8 GB RAM 256 GB Blanc ? Achetez des produits chez Tupique. Profitez de la livraison gratuite pour obtenir Tablette Apple iPad Air 11\" Octa Core 8 GB RAM 256 GB Blanc d\u00e8s maintenant.","robots":{"index":"index","follow":"follow","max-snippet":"max-snippet:-1","max-image-preview":"max-image-preview:large","max-video-preview":"max-video-preview:-1"},"canonical":"https:\/\/tupique.com\/pt\/produto\/tablette-apple-ipad-air-11-octa-core-8-gb-ram-256-gb-blanc\/","og_locale":"pt_PT","og_type":"article","og_title":"Tablette Apple iPad Air 11\" Octa Core 8 GB RAM 256 GB Blanc - Tupique","og_description":"Vous cherchez Tablette Apple iPad Air 11\" Octa Core 8 GB RAM 256 GB Blanc ? Achetez des produits chez Tupique. Profitez de la livraison gratuite pour obtenir Tablette Apple iPad Air 11\" Octa Core 8 GB RAM 256 GB Blanc d\u00e8s maintenant.","og_url":"https:\/\/tupique.com\/pt\/produto\/tablette-apple-ipad-air-11-octa-core-8-gb-ram-256-gb-blanc\/","og_site_name":"Tupique","article_modified_time":"2026-04-05T07:55:52+00:00","og_image":[{"width":1200,"height":1200,"url":"https:\/\/tupique.com\/wp-content\/uploads\/2026\/04\/0195949987618_R00.jpg","type":"image\/jpeg"}],"twitter_card":"summary_large_image","twitter_misc":{"Tempo estimado de leitura":"2 minutos"},"schema":{"@context":"https:\/\/schema.org","@graph":[{"@type":"WebPage","@id":"https:\/\/tupique.com\/produit\/tablette-apple-ipad-air-11-octa-core-8-gb-ram-256-gb-blanc\/","url":"https:\/\/tupique.com\/produit\/tablette-apple-ipad-air-11-octa-core-8-gb-ram-256-gb-blanc\/","name":"Tablette Apple iPad Air 11\" Octa Core 8 GB RAM 256 GB Blanc - Tupique","isPartOf":{"@id":"https:\/\/tupique.com\/#website"},"primaryImageOfPage":{"@id":"https:\/\/tupique.com\/produit\/tablette-apple-ipad-air-11-octa-core-8-gb-ram-256-gb-blanc\/#primaryimage"},"image":{"@id":"https:\/\/tupique.com\/produit\/tablette-apple-ipad-air-11-octa-core-8-gb-ram-256-gb-blanc\/#primaryimage"},"thumbnailUrl":"https:\/\/tupique.com\/wp-content\/uploads\/2026\/04\/0195949987618_R00.jpg","datePublished":"2026-04-05T07:02:59+00:00","dateModified":"2026-04-05T07:55:52+00:00","description":"Vous cherchez Tablette Apple iPad Air 11\" Octa Core 8 GB RAM 256 GB Blanc ? Achetez des produits chez Tupique. Profitez de la livraison gratuite pour obtenir Tablette Apple iPad Air 11\" Octa Core 8 GB RAM 256 GB Blanc d\u00e8s maintenant.","breadcrumb":{"@id":"https:\/\/tupique.com\/produit\/tablette-apple-ipad-air-11-octa-core-8-gb-ram-256-gb-blanc\/#breadcrumb"},"inLanguage":"pt-PT","potentialAction":[{"@type":"ReadAction","target":["https:\/\/tupique.com\/produit\/tablette-apple-ipad-air-11-octa-core-8-gb-ram-256-gb-blanc\/"]}]},{"@type":"ImageObject","inLanguage":"pt-PT","@id":"https:\/\/tupique.com\/produit\/tablette-apple-ipad-air-11-octa-core-8-gb-ram-256-gb-blanc\/#primaryimage","url":"https:\/\/tupique.com\/wp-content\/uploads\/2026\/04\/0195949987618_R00.jpg","contentUrl":"https:\/\/tupique.com\/wp-content\/uploads\/2026\/04\/0195949987618_R00.jpg","width":1200,"height":1200,"caption":"M0806836_0"},{"@type":"BreadcrumbList","@id":"https:\/\/tupique.com\/produit\/tablette-apple-ipad-air-11-octa-core-8-gb-ram-256-gb-blanc\/#breadcrumb","itemListElement":[{"@type":"ListItem","position":1,"name":"In\u00edcio","item":"https:\/\/tupique.com\/"},{"@type":"ListItem","position":2,"name":"Boutique","item":"https:\/\/tupique.com\/en\/boutique\/"},{"@type":"ListItem","position":3,"name":"Tablette Apple iPad Air 11&#8243; Octa Core 8 GB RAM 256 GB Blanc"}]},{"@type":"WebSite","@id":"https:\/\/tupique.com\/#website","url":"https:\/\/tupique.com\/","name":"Tupique","description":"Marketplace","publisher":{"@id":"https:\/\/tupique.com\/#organization"},"potentialAction":[{"@type":"SearchAction","target":{"@type":"EntryPoint","urlTemplate":"https:\/\/tupique.com\/?s={search_term_string}"},"query-input":{"@type":"PropertyValueSpecification","valueRequired":true,"valueName":"search_term_string"}}],"inLanguage":"pt-PT"},{"@type":"Organization","@id":"https:\/\/tupique.com\/#organization","name":"Tupique","url":"https:\/\/tupique.com\/","logo":{"@type":"ImageObject","inLanguage":"pt-PT","@id":"https:\/\/tupique.com\/#\/schema\/logo\/image\/","url":"https:\/\/tupique.com\/wp-content\/uploads\/2024\/09\/logo.png","contentUrl":"https:\/\/tupique.com\/wp-content\/uploads\/2024\/09\/logo.png","width":1118,"height":310,"caption":"Tupique"},"image":{"@id":"https:\/\/tupique.com\/#\/schema\/logo\/image\/"}}]}},"jetpack_sharing_enabled":true,"_links":{"self":[{"href":"https:\/\/tupique.com\/pt\/wp-json\/wp\/v2\/product\/4379670","targetHints":{"allow":["GET"]}}],"collection":[{"href":"https:\/\/tupique.com\/pt\/wp-json\/wp\/v2\/product"}],"about":[{"href":"https:\/\/tupique.com\/pt\/wp-json\/wp\/v2\/types\/product"}],"replies":[{"embeddable":true,"href":"https:\/\/tupique.com\/pt\/wp-json\/wp\/v2\/comments?post=4379670"}],"wp:featuredmedia":[{"embeddable":true,"href":"https:\/\/tupique.com\/pt\/wp-json\/wp\/v2\/media\/4379642"}],"wp:attachment":[{"href":"https:\/\/tupique.com\/pt\/wp-json\/wp\/v2\/media?parent=4379670"}],"wp:term":[{"taxonomy":"product_brand","embeddable":true,"href":"https:\/\/tupique.com\/pt\/wp-json\/wp\/v2\/product_brand?post=4379670"},{"taxonomy":"product_cat","embeddable":true,"href":"https:\/\/tupique.com\/pt\/wp-json\/wp\/v2\/product_cat?post=4379670"},{"taxonomy":"product_tag","embeddable":true,"href":"https:\/\/tupique.com\/pt\/wp-json\/wp\/v2\/product_tag?post=4379670"}],"curies":[{"name":"wp","href":"https:\/\/api.w.org\/{rel}","templated":true}]}}