{"id":4379688,"date":"2026-04-05T08:56:08","date_gmt":"2026-04-05T07:56:08","guid":{"rendered":"https:\/\/tupique.com\/produit\/lave-vaisselle-siemens-ag\/"},"modified":"2026-04-05T08:56:08","modified_gmt":"2026-04-05T07:56:08","slug":"lave-vaisselle-siemens-ag","status":"publish","type":"product","link":"https:\/\/tupique.com\/pt\/produto\/lave-vaisselle-siemens-ag\/","title":{"rendered":"Lave-vaisselle Siemens AG"},"content":{"rendered":"<p>Se est\u00e1 \u00e0 procura das \u00faltimas tend\u00eancias do mercado, temos tudo o que precisa. <b>Lave-vaisselle Siemens AG<\/b> !<\/p>\n<ul>\n<li>Produto de encaixe: Sim<\/li>\n<li>Tipo: M\u00e1quina de lavar loi\u00e7a<\/li>\n<li>Bloc d\u2019Alimentation: r\u00e9seau \u00e9lectrique<\/li>\n<li>Largura: 60 cm<\/li>\n<li>Classifica\u00e7\u00e3o energ\u00e9tica: C<\/li>\n<li>Dimensions approx.: 82 x 60 cm<\/li>\n<li>Carater\u00edsticas:\n<ul>\n<li>Bloqueio para crian\u00e7as<\/li>\n<li>Ecr\u00e3 integrado<\/li>\n<\/ul>\n<\/li>\n<li>puissance: 2400 W<\/li>\n<li>Programmes: 6<\/li>\n<li>Fr\u00e9quence: 50 &#8211; 60 Hz<\/li>\n<li>Longueur du c\u00e2ble: 1,75 m<\/li>\n<li>Tipo de controlo: Bot\u00f5es<\/li>\n<li>Tens\u00e3o: 220-240 V<\/li>\n<li>Pieds: Ajustables<\/li>\n<li>Amp\u00e9rage: 10 A<\/li>\n<\/ul>","protected":false},"excerpt":{"rendered":"<p>Si vous \u00eates \u00e0 la recherche de nouvelles tendances sur le march\u00e9, nous vous pr\u00e9sentons Lave-vaisselle Siemens AG ! Produit<\/p>","protected":false},"featured_media":4379684,"comment_status":"open","ping_status":"closed","template":"","meta":{"_joinchat":[]},"product_brand":[158140],"product_cat":[158060,157538,157539],"product_tag":[],"class_list":{"0":"post-4379688","1":"product","2":"type-product","3":"status-publish","4":"has-post-thumbnail","6":"product_brand-brandp_930","7":"product_cat-autres-appareils-de-cuisines","8":"product_cat-cuisine-gourmet","9":"product_cat-petit-electromenager","11":"first","12":"instock","13":"taxable","14":"shipping-taxable","15":"purchasable","16":"product-type-simple"},"yoast_head":"<!-- This site is optimized with the Yoast SEO plugin v27.2 - https:\/\/yoast.com\/product\/yoast-seo-wordpress\/ -->\n<title>Lave-vaisselle Siemens AG - Tupique<\/title>\n<meta name=\"description\" content=\"Vous cherchez Lave-vaisselle Siemens AG ? Achetez des produits chez Tupique. Profitez de la livraison gratuite pour obtenir Lave-vaisselle Siemens AG d\u00e8s maintenant.\" \/>\n<meta name=\"robots\" content=\"index, follow, max-snippet:-1, max-image-preview:large, max-video-preview:-1\" \/>\n<link rel=\"canonical\" href=\"https:\/\/tupique.com\/pt\/produto\/lave-vaisselle-siemens-ag\/\" \/>\n<meta property=\"og:locale\" content=\"pt_PT\" \/>\n<meta property=\"og:type\" content=\"article\" \/>\n<meta property=\"og:title\" content=\"Lave-vaisselle Siemens AG - Tupique\" \/>\n<meta property=\"og:description\" content=\"Vous cherchez Lave-vaisselle Siemens AG ? Achetez des produits chez Tupique. Profitez de la livraison gratuite pour obtenir Lave-vaisselle Siemens AG d\u00e8s maintenant.\" \/>\n<meta property=\"og:url\" content=\"https:\/\/tupique.com\/pt\/produto\/lave-vaisselle-siemens-ag\/\" \/>\n<meta property=\"og:site_name\" content=\"Tupique\" \/>\n<meta name=\"twitter:card\" content=\"summary_large_image\" \/>\n<script type=\"application\/ld+json\" class=\"yoast-schema-graph\">{\"@context\":\"https:\/\/schema.org\",\"@graph\":[{\"@type\":\"WebPage\",\"@id\":\"https:\/\/tupique.com\/produit\/lave-vaisselle-siemens-ag\/\",\"url\":\"https:\/\/tupique.com\/produit\/lave-vaisselle-siemens-ag\/\",\"name\":\"Lave-vaisselle Siemens AG - Tupique\",\"isPartOf\":{\"@id\":\"https:\/\/tupique.com\/#website\"},\"primaryImageOfPage\":{\"@id\":\"https:\/\/tupique.com\/produit\/lave-vaisselle-siemens-ag\/#primaryimage\"},\"image\":{\"@id\":\"https:\/\/tupique.com\/produit\/lave-vaisselle-siemens-ag\/#primaryimage\"},\"thumbnailUrl\":\"https:\/\/tupique.com\/wp-content\/uploads\/2026\/04\/4242003978917_S0468583_P00.jpg\",\"datePublished\":\"2026-04-05T07:56:08+00:00\",\"description\":\"Vous cherchez Lave-vaisselle Siemens AG ? Achetez des produits chez Tupique. Profitez de la livraison gratuite pour obtenir Lave-vaisselle Siemens AG d\u00e8s maintenant.\",\"breadcrumb\":{\"@id\":\"https:\/\/tupique.com\/produit\/lave-vaisselle-siemens-ag\/#breadcrumb\"},\"inLanguage\":\"pt-PT\",\"potentialAction\":[{\"@type\":\"ReadAction\",\"target\":[\"https:\/\/tupique.com\/produit\/lave-vaisselle-siemens-ag\/\"]}]},{\"@type\":\"ImageObject\",\"inLanguage\":\"pt-PT\",\"@id\":\"https:\/\/tupique.com\/produit\/lave-vaisselle-siemens-ag\/#primaryimage\",\"url\":\"https:\/\/tupique.com\/wp-content\/uploads\/2026\/04\/4242003978917_S0468583_P00.jpg\",\"contentUrl\":\"https:\/\/tupique.com\/wp-content\/uploads\/2026\/04\/4242003978917_S0468583_P00.jpg\",\"width\":1200,\"height\":1200,\"caption\":\"S0468583_0\"},{\"@type\":\"BreadcrumbList\",\"@id\":\"https:\/\/tupique.com\/produit\/lave-vaisselle-siemens-ag\/#breadcrumb\",\"itemListElement\":[{\"@type\":\"ListItem\",\"position\":1,\"name\":\"In\u00edcio\",\"item\":\"https:\/\/tupique.com\/\"},{\"@type\":\"ListItem\",\"position\":2,\"name\":\"Boutique\",\"item\":\"https:\/\/tupique.com\/en\/boutique\/\"},{\"@type\":\"ListItem\",\"position\":3,\"name\":\"Lave-vaisselle Siemens AG\"}]},{\"@type\":\"WebSite\",\"@id\":\"https:\/\/tupique.com\/#website\",\"url\":\"https:\/\/tupique.com\/\",\"name\":\"Tupique\",\"description\":\"Marketplace\",\"publisher\":{\"@id\":\"https:\/\/tupique.com\/#organization\"},\"potentialAction\":[{\"@type\":\"SearchAction\",\"target\":{\"@type\":\"EntryPoint\",\"urlTemplate\":\"https:\/\/tupique.com\/?s={search_term_string}\"},\"query-input\":{\"@type\":\"PropertyValueSpecification\",\"valueRequired\":true,\"valueName\":\"search_term_string\"}}],\"inLanguage\":\"pt-PT\"},{\"@type\":\"Organization\",\"@id\":\"https:\/\/tupique.com\/#organization\",\"name\":\"Tupique\",\"url\":\"https:\/\/tupique.com\/\",\"logo\":{\"@type\":\"ImageObject\",\"inLanguage\":\"pt-PT\",\"@id\":\"https:\/\/tupique.com\/#\/schema\/logo\/image\/\",\"url\":\"https:\/\/tupique.com\/wp-content\/uploads\/2024\/09\/logo.png\",\"contentUrl\":\"https:\/\/tupique.com\/wp-content\/uploads\/2024\/09\/logo.png\",\"width\":1118,\"height\":310,\"caption\":\"Tupique\"},\"image\":{\"@id\":\"https:\/\/tupique.com\/#\/schema\/logo\/image\/\"}}]}<\/script>\n<!-- \/ Yoast SEO plugin. -->","yoast_head_json":{"title":"Lave-vaisselle Siemens AG - Tupique","description":"Vous cherchez Lave-vaisselle Siemens AG ? Achetez des produits chez Tupique. Profitez de la livraison gratuite pour obtenir Lave-vaisselle Siemens AG d\u00e8s maintenant.","robots":{"index":"index","follow":"follow","max-snippet":"max-snippet:-1","max-image-preview":"max-image-preview:large","max-video-preview":"max-video-preview:-1"},"canonical":"https:\/\/tupique.com\/pt\/produto\/lave-vaisselle-siemens-ag\/","og_locale":"pt_PT","og_type":"article","og_title":"Lave-vaisselle Siemens AG - Tupique","og_description":"Vous cherchez Lave-vaisselle Siemens AG ? Achetez des produits chez Tupique. Profitez de la livraison gratuite pour obtenir Lave-vaisselle Siemens AG d\u00e8s maintenant.","og_url":"https:\/\/tupique.com\/pt\/produto\/lave-vaisselle-siemens-ag\/","og_site_name":"Tupique","twitter_card":"summary_large_image","schema":{"@context":"https:\/\/schema.org","@graph":[{"@type":"WebPage","@id":"https:\/\/tupique.com\/produit\/lave-vaisselle-siemens-ag\/","url":"https:\/\/tupique.com\/produit\/lave-vaisselle-siemens-ag\/","name":"Lave-vaisselle Siemens AG - Tupique","isPartOf":{"@id":"https:\/\/tupique.com\/#website"},"primaryImageOfPage":{"@id":"https:\/\/tupique.com\/produit\/lave-vaisselle-siemens-ag\/#primaryimage"},"image":{"@id":"https:\/\/tupique.com\/produit\/lave-vaisselle-siemens-ag\/#primaryimage"},"thumbnailUrl":"https:\/\/tupique.com\/wp-content\/uploads\/2026\/04\/4242003978917_S0468583_P00.jpg","datePublished":"2026-04-05T07:56:08+00:00","description":"Vous cherchez Lave-vaisselle Siemens AG ? Achetez des produits chez Tupique. Profitez de la livraison gratuite pour obtenir Lave-vaisselle Siemens AG d\u00e8s maintenant.","breadcrumb":{"@id":"https:\/\/tupique.com\/produit\/lave-vaisselle-siemens-ag\/#breadcrumb"},"inLanguage":"pt-PT","potentialAction":[{"@type":"ReadAction","target":["https:\/\/tupique.com\/produit\/lave-vaisselle-siemens-ag\/"]}]},{"@type":"ImageObject","inLanguage":"pt-PT","@id":"https:\/\/tupique.com\/produit\/lave-vaisselle-siemens-ag\/#primaryimage","url":"https:\/\/tupique.com\/wp-content\/uploads\/2026\/04\/4242003978917_S0468583_P00.jpg","contentUrl":"https:\/\/tupique.com\/wp-content\/uploads\/2026\/04\/4242003978917_S0468583_P00.jpg","width":1200,"height":1200,"caption":"S0468583_0"},{"@type":"BreadcrumbList","@id":"https:\/\/tupique.com\/produit\/lave-vaisselle-siemens-ag\/#breadcrumb","itemListElement":[{"@type":"ListItem","position":1,"name":"In\u00edcio","item":"https:\/\/tupique.com\/"},{"@type":"ListItem","position":2,"name":"Boutique","item":"https:\/\/tupique.com\/en\/boutique\/"},{"@type":"ListItem","position":3,"name":"Lave-vaisselle Siemens AG"}]},{"@type":"WebSite","@id":"https:\/\/tupique.com\/#website","url":"https:\/\/tupique.com\/","name":"Tupique","description":"Marketplace","publisher":{"@id":"https:\/\/tupique.com\/#organization"},"potentialAction":[{"@type":"SearchAction","target":{"@type":"EntryPoint","urlTemplate":"https:\/\/tupique.com\/?s={search_term_string}"},"query-input":{"@type":"PropertyValueSpecification","valueRequired":true,"valueName":"search_term_string"}}],"inLanguage":"pt-PT"},{"@type":"Organization","@id":"https:\/\/tupique.com\/#organization","name":"Tupique","url":"https:\/\/tupique.com\/","logo":{"@type":"ImageObject","inLanguage":"pt-PT","@id":"https:\/\/tupique.com\/#\/schema\/logo\/image\/","url":"https:\/\/tupique.com\/wp-content\/uploads\/2024\/09\/logo.png","contentUrl":"https:\/\/tupique.com\/wp-content\/uploads\/2024\/09\/logo.png","width":1118,"height":310,"caption":"Tupique"},"image":{"@id":"https:\/\/tupique.com\/#\/schema\/logo\/image\/"}}]}},"jetpack_sharing_enabled":true,"_links":{"self":[{"href":"https:\/\/tupique.com\/pt\/wp-json\/wp\/v2\/product\/4379688","targetHints":{"allow":["GET"]}}],"collection":[{"href":"https:\/\/tupique.com\/pt\/wp-json\/wp\/v2\/product"}],"about":[{"href":"https:\/\/tupique.com\/pt\/wp-json\/wp\/v2\/types\/product"}],"replies":[{"embeddable":true,"href":"https:\/\/tupique.com\/pt\/wp-json\/wp\/v2\/comments?post=4379688"}],"wp:featuredmedia":[{"embeddable":true,"href":"https:\/\/tupique.com\/pt\/wp-json\/wp\/v2\/media\/4379684"}],"wp:attachment":[{"href":"https:\/\/tupique.com\/pt\/wp-json\/wp\/v2\/media?parent=4379688"}],"wp:term":[{"taxonomy":"product_brand","embeddable":true,"href":"https:\/\/tupique.com\/pt\/wp-json\/wp\/v2\/product_brand?post=4379688"},{"taxonomy":"product_cat","embeddable":true,"href":"https:\/\/tupique.com\/pt\/wp-json\/wp\/v2\/product_cat?post=4379688"},{"taxonomy":"product_tag","embeddable":true,"href":"https:\/\/tupique.com\/pt\/wp-json\/wp\/v2\/product_tag?post=4379688"}],"curies":[{"name":"wp","href":"https:\/\/api.w.org\/{rel}","templated":true}]}}