{"id":4379868,"date":"2026-04-05T09:01:41","date_gmt":"2026-04-05T08:01:41","guid":{"rendered":"https:\/\/tupique.com\/produit\/barre-audio-sony-bravia-noir\/"},"modified":"2026-04-05T09:01:41","modified_gmt":"2026-04-05T08:01:41","slug":"barre-audio-sony-bravia-noir","status":"publish","type":"product","link":"https:\/\/tupique.com\/pt\/produto\/barre-audio-sony-bravia-noir\/","title":{"rendered":"Barre audio Sony BRAVIA Noir"},"content":{"rendered":"<p>Se \u00e9 apaixonado por\u2019<b>inform\u00e1tica e eletr\u00f3nica<\/b>, Se est\u00e1 na vanguarda da tecnologia e n\u00e3o quer perder nada, compre <b>Barre audio Sony BRAVIA Noir<\/b> ao melhor pre\u00e7o.<\/p>\n<ul>\n<li>Tipo:\n<ul>\n<li>Altifalante<\/li>\n<li>Sem fios<\/li>\n<li>Barre audio<\/li>\n<\/ul>\n<\/li>\n<li>Tipo de tomada: tomada UE<\/li>\n<li>Produto de encaixe: Sim<\/li>\n<li>Liga\u00e7\u00f5es:\n<ul>\n<li>HDMI x 1<\/li>\n<li>HDMI<\/li>\n<li>HDCP<\/li>\n<li>HDMI x 2<\/li>\n<\/ul>\n<\/li>\n<li>Compatible: AirPlay 2.0<\/li>\n<li>Cha\u00eenes: 3.1<\/li>\n<li>Largeur: 130 cm<\/li>\n<li>Bloc d\u2019Alimentation: r\u00e9seau \u00e9lectrique<\/li>\n<li>Conectividade:\n<ul>\n<li>Bluetooth<\/li>\n<li>Wi-Fi<\/li>\n<li>Bluetooth 5.2<\/li>\n<li>eARC<\/li>\n<\/ul>\n<\/li>\n<li>Cor: preto<\/li>\n<li>Material: Pl\u00e1stico<\/li>\n<li>Carater\u00edsticas:\n<ul>\n<li>Interruptor de ligar\/desligar<\/li>\n<li>Montage mural<\/li>\n<li>Garantia<\/li>\n<li>Guia de instala\u00e7\u00e3o inclu\u00eddo<\/li>\n<li>Apple AirPlay 2<\/li>\n<li>Canal de retorno de \u00e1udio (ARC)<\/li>\n<li>Modo noturno<\/li>\n<\/ul>\n<\/li>\n<li>Pilhas inclu\u00eddas: Sim<\/li>\n<li>Inclui:\n<ul>\n<li>T\u00e9l\u00e9commande<\/li>\n<li>Kit de montage mural<\/li>\n<\/ul>\n<\/li>\n<li>Frequ\u00eancia de entrada AC: 50-60 Hz<\/li>\n<li>Tens\u00e3o: 220-240 V<\/li>\n<\/ul>\n<p><\/p>\n<p>Sony HT-A9000. Canaux de sortie audio: 13.0 canaux, Puissance \u00e9valu\u00e9e de RMS: 585 W, D\u00e9codeurs audio int\u00e9gr\u00e9s: DTS, DTS 96\/24, DTS-ES, DTS-HD HR, DTS-HD Master Audio, DTS:X, Dolby Atmos, Dolby Digital, Dolby&#8230;. Puissance RMS du haut-parleur Soundbar: 585 W, Diam\u00e8tre de haut parleur aigu: 1 cm. Couleur du produit: Noir, Technologie HDR (plage dynamique \u00e9lev\u00e9e): Dolby Vision, Hybrid Log-Gamma (HLG), Formats audio pris en charge: LPCM. Technologie de connectivit\u00e9: Avec fil &amp;sans fil, Standards wifi: 802.11a, 802.11b, 802.11g, Wi-Fi 4 (802.11n), Wi-Fi 5 (802.11ac). Tension d&#8217;entr\u00e9e AC: 220 &#8211; 240 V, Fr\u00e9quence d&#8217;entr\u00e9e AC: 50\/60 Hz, Consommation \u00e9lectrique typique: 62 W<\/p>\n<p><\/p>\n<ul>\n<li>Canaux de sortie audio: 13.0 canaux<\/li>\n<li>Puissance \u00e9valu\u00e9e de RMS: 585 W<\/li>\n<li>D\u00e9codeurs audio int\u00e9gr\u00e9s: DTS, DTS 96\/24, DTS-ES, DTS-HD HR, DTS-HD Master Audio, DTS:X, Dolby Atmos, Dolby Digital, Dolby Digital Plus, Dolby Dual Mono, Dolby TrueHD<\/li>\n<li>Canal de retour audio (ARC, Audio Return Channel): Oui<\/li>\n<li>Canal de retour audio am\u00e9lior\u00e9 (eARC): Oui<\/li>\n<li>Puissance RMS du haut-parleur Soundbar: 585 W<\/li>\n<li>Nombre de haut-parleurs: 13<\/li>\n<li>Nombre de conducteurs tweeter: 5<\/li>\n<li>Nombre de lecteurs milieu de gamme: 2<\/li>\n<li>Nombre de lecteurs de haut-parleurs: 4<\/li>\n<li>Nombre de drivers complets: 2<\/li>\n<li>Diam\u00e8tre de haut parleur aigu: 1 cm<\/li>\n<li>Caisson de basse inclus: Non<\/li>\n<li>Couleur du produit: Noir<\/li>\n<li>Montage mural: Oui<\/li>\n<li>Technologie HDR (plage dynamique \u00e9lev\u00e9e): Dolby Vision, Hybrid Log-Gamma (HLG)<\/li>\n<li>Formats audio pris en charge: LPCM<\/li>\n<li>Prise en charge d\u2019Apple AirPlay 2: Oui<\/li>\n<li>R\u00e9seau des services de streaming pris en charge: Spotify<\/li>\n<li>Contr\u00f4le d&#8217;\u00e9lectronique grand publique (CEC): BRAVIA Sync<\/li>\n<li>Mode nuit: Oui<\/li>\n<li>Bouton marche\/arr\u00eat int\u00e9gr\u00e9: Oui<\/li>\n<li>Niveleur automatique de volume: Oui<\/li>\n<li>Voyants: Statut<\/li>\n<li>Nombre de canaux d&#8217;amplificateur: 13 canaux<\/li>\n<li>Technologie de connectivit\u00e9: Avec fil &amp;sans fil<\/li>\n<li>Bluetooth: Oui<\/li>\n<li>Wifi: Oui<\/li>\n<li>Quantit\u00e9 de ports HDMI: 2<\/li>\n<li>Mod\u00e8le du Bluetooth: 5.2<\/li>\n<li>Standards wifi: 802.11a, 802.11b, 802.11g, Wi-Fi 4 (802.11n), Wi-Fi 5 (802.11ac)<\/li>\n<li>Entr\u00e9e HDMI: 1<\/li>\n<li>Nombre de sorties HDMI: 1<\/li>\n<li>HDCP: Oui<\/li>\n<li>Version HDCP: 2.3<\/li>\n<li>Tension d&#8217;entr\u00e9e AC: 220 &#8211; 240 V<\/li>\n<li>Fr\u00e9quence d&#8217;entr\u00e9e AC: 50\/60 Hz<\/li>\n<li>Consommation \u00e9lectrique typique: 62 W<\/li>\n<li>Consommation d&#8217;\u00e9nergie (mode veille): 0,5 W<\/li>\n<li>Largeur: 1300 mm<\/li>\n<li>Profondeur: 113 mm<\/li>\n<li>Hauteur: 64 mm<\/li>\n<li>Poids du Soundbar: 5,5 kg<\/li>\n<li>Longueur du c\u00e2ble: 1500 m<\/li>\n<li>Largeur du colis: 1404 mm<\/li>\n<li>Profondeur du colis: 250 mm<\/li>\n<li>Hauteur du colis: 137 mm<\/li>\n<li>Kit de montage mural: Oui<\/li>\n<li>C\u00e2bles inclus: Secteur, HDMI<\/li>\n<li>T\u00e9l\u00e9commande fournie: Oui<\/li>\n<li>Piles fournies: Oui<\/li>\n<li>Guide de d\u00e9marrage rapide: Oui<\/li>\n<li>Carte de garantie: Oui<\/li>\n<li>Technologies Sony (AV\/TV): Dolby Vision\u2122<\/li>\n<li>Profils Bluetooth: A2DP, AVRCP<\/li>\n<li>Amplificateur num\u00e9rique S-master: Oui<\/li>\n<\/ul>","protected":false},"excerpt":{"rendered":"<p>Si vous \u00eates passionn\u00e9 d&#8217;informatique et d&#8217;\u00e9lectronique, si vous \u00eates \u00e0 la pointe de la technologie et qu&#8217;aucun d\u00e9tail ne<\/p>","protected":false},"featured_media":4379831,"comment_status":"open","ping_status":"closed","template":"","meta":{"_joinchat":[]},"product_brand":[157997],"product_cat":[158092,157943,157516],"product_tag":[157515],"class_list":{"0":"post-4379868","1":"product","2":"type-product","3":"status-publish","4":"has-post-thumbnail","6":"product_brand-brandp_235","7":"product_cat-barres-de-son","8":"product_cat-electronique-son","9":"product_cat-informatique-electronique","10":"product_tag-tag_1295","12":"first","13":"instock","14":"taxable","15":"shipping-taxable","16":"purchasable","17":"product-type-simple"},"yoast_head":"<!-- This site is optimized with the Yoast SEO plugin v27.2 - https:\/\/yoast.com\/product\/yoast-seo-wordpress\/ -->\n<title>Barre audio Sony BRAVIA Noir - Tupique<\/title>\n<meta name=\"description\" content=\"Vous cherchez Barre audio Sony BRAVIA Noir ? Achetez des produits chez Tupique. Profitez de la livraison gratuite pour obtenir Barre audio Sony BRAVIA Noir d\u00e8s maintenant.\" \/>\n<meta name=\"robots\" content=\"index, follow, max-snippet:-1, max-image-preview:large, max-video-preview:-1\" \/>\n<link rel=\"canonical\" href=\"https:\/\/tupique.com\/pt\/produto\/barre-audio-sony-bravia-noir\/\" \/>\n<meta property=\"og:locale\" content=\"pt_PT\" \/>\n<meta property=\"og:type\" content=\"article\" \/>\n<meta property=\"og:title\" content=\"Barre audio Sony BRAVIA Noir - Tupique\" \/>\n<meta property=\"og:description\" content=\"Vous cherchez Barre audio Sony BRAVIA Noir ? Achetez des produits chez Tupique. Profitez de la livraison gratuite pour obtenir Barre audio Sony BRAVIA Noir d\u00e8s maintenant.\" \/>\n<meta property=\"og:url\" content=\"https:\/\/tupique.com\/pt\/produto\/barre-audio-sony-bravia-noir\/\" \/>\n<meta property=\"og:site_name\" content=\"Tupique\" \/>\n<meta name=\"twitter:card\" content=\"summary_large_image\" \/>\n<meta name=\"twitter:label1\" content=\"Tempo estimado de leitura\" \/>\n\t<meta name=\"twitter:data1\" content=\"2 minutos\" \/>\n<script type=\"application\/ld+json\" class=\"yoast-schema-graph\">{\"@context\":\"https:\/\/schema.org\",\"@graph\":[{\"@type\":\"WebPage\",\"@id\":\"https:\/\/tupique.com\/produit\/barre-audio-sony-bravia-noir\/\",\"url\":\"https:\/\/tupique.com\/produit\/barre-audio-sony-bravia-noir\/\",\"name\":\"Barre audio Sony BRAVIA Noir - Tupique\",\"isPartOf\":{\"@id\":\"https:\/\/tupique.com\/#website\"},\"primaryImageOfPage\":{\"@id\":\"https:\/\/tupique.com\/produit\/barre-audio-sony-bravia-noir\/#primaryimage\"},\"image\":{\"@id\":\"https:\/\/tupique.com\/produit\/barre-audio-sony-bravia-noir\/#primaryimage\"},\"thumbnailUrl\":\"https:\/\/tupique.com\/wp-content\/uploads\/2026\/04\/4548736158771_S7836636_P00.jpg\",\"datePublished\":\"2026-04-05T08:01:41+00:00\",\"description\":\"Vous cherchez Barre audio Sony BRAVIA Noir ? Achetez des produits chez Tupique. Profitez de la livraison gratuite pour obtenir Barre audio Sony BRAVIA Noir d\u00e8s maintenant.\",\"breadcrumb\":{\"@id\":\"https:\/\/tupique.com\/produit\/barre-audio-sony-bravia-noir\/#breadcrumb\"},\"inLanguage\":\"pt-PT\",\"potentialAction\":[{\"@type\":\"ReadAction\",\"target\":[\"https:\/\/tupique.com\/produit\/barre-audio-sony-bravia-noir\/\"]}]},{\"@type\":\"ImageObject\",\"inLanguage\":\"pt-PT\",\"@id\":\"https:\/\/tupique.com\/produit\/barre-audio-sony-bravia-noir\/#primaryimage\",\"url\":\"https:\/\/tupique.com\/wp-content\/uploads\/2026\/04\/4548736158771_S7836636_P00.jpg\",\"contentUrl\":\"https:\/\/tupique.com\/wp-content\/uploads\/2026\/04\/4548736158771_S7836636_P00.jpg\",\"width\":1200,\"height\":1200,\"caption\":\"S0469189_0\"},{\"@type\":\"BreadcrumbList\",\"@id\":\"https:\/\/tupique.com\/produit\/barre-audio-sony-bravia-noir\/#breadcrumb\",\"itemListElement\":[{\"@type\":\"ListItem\",\"position\":1,\"name\":\"In\u00edcio\",\"item\":\"https:\/\/tupique.com\/\"},{\"@type\":\"ListItem\",\"position\":2,\"name\":\"Boutique\",\"item\":\"https:\/\/tupique.com\/en\/boutique\/\"},{\"@type\":\"ListItem\",\"position\":3,\"name\":\"Barre audio Sony BRAVIA Noir\"}]},{\"@type\":\"WebSite\",\"@id\":\"https:\/\/tupique.com\/#website\",\"url\":\"https:\/\/tupique.com\/\",\"name\":\"Tupique\",\"description\":\"Marketplace\",\"publisher\":{\"@id\":\"https:\/\/tupique.com\/#organization\"},\"potentialAction\":[{\"@type\":\"SearchAction\",\"target\":{\"@type\":\"EntryPoint\",\"urlTemplate\":\"https:\/\/tupique.com\/?s={search_term_string}\"},\"query-input\":{\"@type\":\"PropertyValueSpecification\",\"valueRequired\":true,\"valueName\":\"search_term_string\"}}],\"inLanguage\":\"pt-PT\"},{\"@type\":\"Organization\",\"@id\":\"https:\/\/tupique.com\/#organization\",\"name\":\"Tupique\",\"url\":\"https:\/\/tupique.com\/\",\"logo\":{\"@type\":\"ImageObject\",\"inLanguage\":\"pt-PT\",\"@id\":\"https:\/\/tupique.com\/#\/schema\/logo\/image\/\",\"url\":\"https:\/\/tupique.com\/wp-content\/uploads\/2024\/09\/logo.png\",\"contentUrl\":\"https:\/\/tupique.com\/wp-content\/uploads\/2024\/09\/logo.png\",\"width\":1118,\"height\":310,\"caption\":\"Tupique\"},\"image\":{\"@id\":\"https:\/\/tupique.com\/#\/schema\/logo\/image\/\"}}]}<\/script>\n<!-- \/ Yoast SEO plugin. -->","yoast_head_json":{"title":"Barre audio Sony BRAVIA Noir - Tupique","description":"Vous cherchez Barre audio Sony BRAVIA Noir ? Achetez des produits chez Tupique. Profitez de la livraison gratuite pour obtenir Barre audio Sony BRAVIA Noir d\u00e8s maintenant.","robots":{"index":"index","follow":"follow","max-snippet":"max-snippet:-1","max-image-preview":"max-image-preview:large","max-video-preview":"max-video-preview:-1"},"canonical":"https:\/\/tupique.com\/pt\/produto\/barre-audio-sony-bravia-noir\/","og_locale":"pt_PT","og_type":"article","og_title":"Barre audio Sony BRAVIA Noir - Tupique","og_description":"Vous cherchez Barre audio Sony BRAVIA Noir ? Achetez des produits chez Tupique. Profitez de la livraison gratuite pour obtenir Barre audio Sony BRAVIA Noir d\u00e8s maintenant.","og_url":"https:\/\/tupique.com\/pt\/produto\/barre-audio-sony-bravia-noir\/","og_site_name":"Tupique","twitter_card":"summary_large_image","twitter_misc":{"Tempo estimado de leitura":"2 minutos"},"schema":{"@context":"https:\/\/schema.org","@graph":[{"@type":"WebPage","@id":"https:\/\/tupique.com\/produit\/barre-audio-sony-bravia-noir\/","url":"https:\/\/tupique.com\/produit\/barre-audio-sony-bravia-noir\/","name":"Barre audio Sony BRAVIA Noir - Tupique","isPartOf":{"@id":"https:\/\/tupique.com\/#website"},"primaryImageOfPage":{"@id":"https:\/\/tupique.com\/produit\/barre-audio-sony-bravia-noir\/#primaryimage"},"image":{"@id":"https:\/\/tupique.com\/produit\/barre-audio-sony-bravia-noir\/#primaryimage"},"thumbnailUrl":"https:\/\/tupique.com\/wp-content\/uploads\/2026\/04\/4548736158771_S7836636_P00.jpg","datePublished":"2026-04-05T08:01:41+00:00","description":"Vous cherchez Barre audio Sony BRAVIA Noir ? Achetez des produits chez Tupique. Profitez de la livraison gratuite pour obtenir Barre audio Sony BRAVIA Noir d\u00e8s maintenant.","breadcrumb":{"@id":"https:\/\/tupique.com\/produit\/barre-audio-sony-bravia-noir\/#breadcrumb"},"inLanguage":"pt-PT","potentialAction":[{"@type":"ReadAction","target":["https:\/\/tupique.com\/produit\/barre-audio-sony-bravia-noir\/"]}]},{"@type":"ImageObject","inLanguage":"pt-PT","@id":"https:\/\/tupique.com\/produit\/barre-audio-sony-bravia-noir\/#primaryimage","url":"https:\/\/tupique.com\/wp-content\/uploads\/2026\/04\/4548736158771_S7836636_P00.jpg","contentUrl":"https:\/\/tupique.com\/wp-content\/uploads\/2026\/04\/4548736158771_S7836636_P00.jpg","width":1200,"height":1200,"caption":"S0469189_0"},{"@type":"BreadcrumbList","@id":"https:\/\/tupique.com\/produit\/barre-audio-sony-bravia-noir\/#breadcrumb","itemListElement":[{"@type":"ListItem","position":1,"name":"In\u00edcio","item":"https:\/\/tupique.com\/"},{"@type":"ListItem","position":2,"name":"Boutique","item":"https:\/\/tupique.com\/en\/boutique\/"},{"@type":"ListItem","position":3,"name":"Barre audio Sony BRAVIA Noir"}]},{"@type":"WebSite","@id":"https:\/\/tupique.com\/#website","url":"https:\/\/tupique.com\/","name":"Tupique","description":"Marketplace","publisher":{"@id":"https:\/\/tupique.com\/#organization"},"potentialAction":[{"@type":"SearchAction","target":{"@type":"EntryPoint","urlTemplate":"https:\/\/tupique.com\/?s={search_term_string}"},"query-input":{"@type":"PropertyValueSpecification","valueRequired":true,"valueName":"search_term_string"}}],"inLanguage":"pt-PT"},{"@type":"Organization","@id":"https:\/\/tupique.com\/#organization","name":"Tupique","url":"https:\/\/tupique.com\/","logo":{"@type":"ImageObject","inLanguage":"pt-PT","@id":"https:\/\/tupique.com\/#\/schema\/logo\/image\/","url":"https:\/\/tupique.com\/wp-content\/uploads\/2024\/09\/logo.png","contentUrl":"https:\/\/tupique.com\/wp-content\/uploads\/2024\/09\/logo.png","width":1118,"height":310,"caption":"Tupique"},"image":{"@id":"https:\/\/tupique.com\/#\/schema\/logo\/image\/"}}]}},"jetpack_sharing_enabled":true,"_links":{"self":[{"href":"https:\/\/tupique.com\/pt\/wp-json\/wp\/v2\/product\/4379868","targetHints":{"allow":["GET"]}}],"collection":[{"href":"https:\/\/tupique.com\/pt\/wp-json\/wp\/v2\/product"}],"about":[{"href":"https:\/\/tupique.com\/pt\/wp-json\/wp\/v2\/types\/product"}],"replies":[{"embeddable":true,"href":"https:\/\/tupique.com\/pt\/wp-json\/wp\/v2\/comments?post=4379868"}],"wp:featuredmedia":[{"embeddable":true,"href":"https:\/\/tupique.com\/pt\/wp-json\/wp\/v2\/media\/4379831"}],"wp:attachment":[{"href":"https:\/\/tupique.com\/pt\/wp-json\/wp\/v2\/media?parent=4379868"}],"wp:term":[{"taxonomy":"product_brand","embeddable":true,"href":"https:\/\/tupique.com\/pt\/wp-json\/wp\/v2\/product_brand?post=4379868"},{"taxonomy":"product_cat","embeddable":true,"href":"https:\/\/tupique.com\/pt\/wp-json\/wp\/v2\/product_cat?post=4379868"},{"taxonomy":"product_tag","embeddable":true,"href":"https:\/\/tupique.com\/pt\/wp-json\/wp\/v2\/product_tag?post=4379868"}],"curies":[{"name":"wp","href":"https:\/\/api.w.org\/{rel}","templated":true}]}}