{"id":4379901,"date":"2026-04-05T09:02:27","date_gmt":"2026-04-05T08:02:27","guid":{"rendered":"https:\/\/tupique.com\/produit\/moniteur-videowall-lg-75ul3q-e-aeuq-4k-ultra-hd-75\/"},"modified":"2026-04-05T09:02:27","modified_gmt":"2026-04-05T08:02:27","slug":"moniteur-videowall-lg-75ul3q-e-aeuq-4k-ultra-hd-75","status":"publish","type":"product","link":"https:\/\/tupique.com\/pt\/produto\/moniteur-videowall-lg-75ul3q-e-aeuq-4k-ultra-hd-75\/","title":{"rendered":"Moniteur Videowall LG 75UL3Q-E.AEUQ 4K Ultra HD 75&#8243;"},"content":{"rendered":"<p>Se est\u00e1 \u00e0 procura das \u00faltimas tend\u00eancias do mercado, temos tudo o que precisa. <b>Moniteur Videowall LG 75UL3Q-E.AEUQ 4K Ultra HD 75&#8243;<\/b> !<\/p>\n<ul>\n<li>Type: Moniteur Videowall<\/li>\n<li>Cor: preto<\/li>\n<li>Carater\u00edsticas:\n<ul>\n<li>Altifalantes integrados<\/li>\n<li>2 altifalantes<\/li>\n<\/ul>\n<\/li>\n<li>Liga\u00e7\u00f5es:\n<ul>\n<li>USB<\/li>\n<li>RJ45<\/li>\n<li>LAN Ethernet<\/li>\n<li>Entrada de \u00e1udio para PC x 1<\/li>\n<li>HDMI 1.4<\/li>\n<\/ul>\n<\/li>\n<li>R\u00e1cio de aspeto: 16:9<\/li>\n<li>Conectividade: Wi-Fi<\/li>\n<li>puissance: 20 W<\/li>\n<li>Technologie: LED<\/li>\n<li>Rapport de contraste: 1200:1<\/li>\n<li>Capteurs: Gyroscope<\/li>\n<li>Inclui: Controlo remoto<\/li>\n<li>Resolu\u00e7\u00e3o: 4K Ultra HD<\/li>\n<li>Tens\u00e3o: 100 - 240 V<\/li>\n<li>Frequ\u00eancia de entrada AC: 50-60 Hz<\/li>\n<li>Ecran: 75&#8243;<\/li>\n<li>Ecr\u00e3 t\u00e1til: N\u00e3o<\/li>\n<li>Frequ\u00eancia: 60 Hz<\/li>\n<li>Flux lumineux: 350 lm<\/li>\n<li>Angle: 178\u00ba<\/li>\n<li>Montagem: VESA<\/li>\n<li>Compatible: VESA 400 x 400 mm<\/li>\n<li>Resolu\u00e7\u00e3o (px): 3840 x 2160 px<\/li>\n<li>Temps de r\u00e9ponse: 8 ms<\/li>\n<\/ul>","protected":false},"excerpt":{"rendered":"<p>Si vous \u00eates \u00e0 la recherche de nouvelles tendances sur le march\u00e9, nous vous pr\u00e9sentons Moniteur Videowall LG 75UL3Q-E.AEUQ 4K<\/p>","protected":false},"featured_media":4379897,"comment_status":"open","ping_status":"closed","template":"","meta":{"_joinchat":[]},"product_brand":[157916],"product_cat":[157516,157517,157816],"product_tag":[157514,157515],"class_list":{"0":"post-4379901","1":"product","2":"type-product","3":"status-publish","4":"has-post-thumbnail","6":"product_brand-brandp_559","7":"product_cat-informatique-electronique","8":"product_cat-informatique-peripheriques-et-consommables","9":"product_cat-moniteurs","10":"product_tag-tag_933","11":"product_tag-tag_1295","13":"first","14":"instock","15":"taxable","16":"shipping-taxable","17":"purchasable","18":"product-type-simple"},"yoast_head":"<!-- This site is optimized with the Yoast SEO plugin v27.2 - https:\/\/yoast.com\/product\/yoast-seo-wordpress\/ -->\n<title>Moniteur Videowall LG 75UL3Q-E.AEUQ 4K Ultra HD 75&quot; - Tupique<\/title>\n<meta name=\"description\" content=\"Vous cherchez Moniteur Videowall LG 75UL3Q-E.AEUQ 4K Ultra HD 75&quot; ? Achetez des produits chez Tupique. Profitez de la livraison gratuite pour obtenir Moniteur Videowall LG 75UL3Q-E.AEUQ 4K Ultra HD 75&quot; d\u00e8s maintenant.\" \/>\n<meta name=\"robots\" content=\"index, follow, max-snippet:-1, max-image-preview:large, max-video-preview:-1\" \/>\n<link rel=\"canonical\" href=\"https:\/\/tupique.com\/pt\/produto\/moniteur-videowall-lg-75ul3q-e-aeuq-4k-ultra-hd-75\/\" \/>\n<meta property=\"og:locale\" content=\"pt_PT\" \/>\n<meta property=\"og:type\" content=\"article\" \/>\n<meta property=\"og:title\" content=\"Moniteur Videowall LG 75UL3Q-E.AEUQ 4K Ultra HD 75&quot; - Tupique\" \/>\n<meta property=\"og:description\" content=\"Vous cherchez Moniteur Videowall LG 75UL3Q-E.AEUQ 4K Ultra HD 75&quot; ? Achetez des produits chez Tupique. Profitez de la livraison gratuite pour obtenir Moniteur Videowall LG 75UL3Q-E.AEUQ 4K Ultra HD 75&quot; d\u00e8s maintenant.\" \/>\n<meta property=\"og:url\" content=\"https:\/\/tupique.com\/pt\/produto\/moniteur-videowall-lg-75ul3q-e-aeuq-4k-ultra-hd-75\/\" \/>\n<meta property=\"og:site_name\" content=\"Tupique\" \/>\n<meta name=\"twitter:card\" content=\"summary_large_image\" \/>\n<script type=\"application\/ld+json\" class=\"yoast-schema-graph\">{\"@context\":\"https:\/\/schema.org\",\"@graph\":[{\"@type\":\"WebPage\",\"@id\":\"https:\/\/tupique.com\/produit\/moniteur-videowall-lg-75ul3q-e-aeuq-4k-ultra-hd-75\/\",\"url\":\"https:\/\/tupique.com\/produit\/moniteur-videowall-lg-75ul3q-e-aeuq-4k-ultra-hd-75\/\",\"name\":\"Moniteur Videowall LG 75UL3Q-E.AEUQ 4K Ultra HD 75\\\" - Tupique\",\"isPartOf\":{\"@id\":\"https:\/\/tupique.com\/#website\"},\"primaryImageOfPage\":{\"@id\":\"https:\/\/tupique.com\/produit\/moniteur-videowall-lg-75ul3q-e-aeuq-4k-ultra-hd-75\/#primaryimage\"},\"image\":{\"@id\":\"https:\/\/tupique.com\/produit\/moniteur-videowall-lg-75ul3q-e-aeuq-4k-ultra-hd-75\/#primaryimage\"},\"thumbnailUrl\":\"https:\/\/tupique.com\/wp-content\/uploads\/2026\/04\/8806096497500_I00.jpg\",\"datePublished\":\"2026-04-05T08:02:27+00:00\",\"description\":\"Vous cherchez Moniteur Videowall LG 75UL3Q-E.AEUQ 4K Ultra HD 75\\\" ? Achetez des produits chez Tupique. Profitez de la livraison gratuite pour obtenir Moniteur Videowall LG 75UL3Q-E.AEUQ 4K Ultra HD 75\\\" d\u00e8s maintenant.\",\"breadcrumb\":{\"@id\":\"https:\/\/tupique.com\/produit\/moniteur-videowall-lg-75ul3q-e-aeuq-4k-ultra-hd-75\/#breadcrumb\"},\"inLanguage\":\"pt-PT\",\"potentialAction\":[{\"@type\":\"ReadAction\",\"target\":[\"https:\/\/tupique.com\/produit\/moniteur-videowall-lg-75ul3q-e-aeuq-4k-ultra-hd-75\/\"]}]},{\"@type\":\"ImageObject\",\"inLanguage\":\"pt-PT\",\"@id\":\"https:\/\/tupique.com\/produit\/moniteur-videowall-lg-75ul3q-e-aeuq-4k-ultra-hd-75\/#primaryimage\",\"url\":\"https:\/\/tupique.com\/wp-content\/uploads\/2026\/04\/8806096497500_I00.jpg\",\"contentUrl\":\"https:\/\/tupique.com\/wp-content\/uploads\/2026\/04\/8806096497500_I00.jpg\",\"width\":1200,\"height\":1200,\"caption\":\"S55310299_0\"},{\"@type\":\"BreadcrumbList\",\"@id\":\"https:\/\/tupique.com\/produit\/moniteur-videowall-lg-75ul3q-e-aeuq-4k-ultra-hd-75\/#breadcrumb\",\"itemListElement\":[{\"@type\":\"ListItem\",\"position\":1,\"name\":\"In\u00edcio\",\"item\":\"https:\/\/tupique.com\/\"},{\"@type\":\"ListItem\",\"position\":2,\"name\":\"Boutique\",\"item\":\"https:\/\/tupique.com\/en\/boutique\/\"},{\"@type\":\"ListItem\",\"position\":3,\"name\":\"Moniteur Videowall LG 75UL3Q-E.AEUQ 4K Ultra HD 75&#8243;\"}]},{\"@type\":\"WebSite\",\"@id\":\"https:\/\/tupique.com\/#website\",\"url\":\"https:\/\/tupique.com\/\",\"name\":\"Tupique\",\"description\":\"Marketplace\",\"publisher\":{\"@id\":\"https:\/\/tupique.com\/#organization\"},\"potentialAction\":[{\"@type\":\"SearchAction\",\"target\":{\"@type\":\"EntryPoint\",\"urlTemplate\":\"https:\/\/tupique.com\/?s={search_term_string}\"},\"query-input\":{\"@type\":\"PropertyValueSpecification\",\"valueRequired\":true,\"valueName\":\"search_term_string\"}}],\"inLanguage\":\"pt-PT\"},{\"@type\":\"Organization\",\"@id\":\"https:\/\/tupique.com\/#organization\",\"name\":\"Tupique\",\"url\":\"https:\/\/tupique.com\/\",\"logo\":{\"@type\":\"ImageObject\",\"inLanguage\":\"pt-PT\",\"@id\":\"https:\/\/tupique.com\/#\/schema\/logo\/image\/\",\"url\":\"https:\/\/tupique.com\/wp-content\/uploads\/2024\/09\/logo.png\",\"contentUrl\":\"https:\/\/tupique.com\/wp-content\/uploads\/2024\/09\/logo.png\",\"width\":1118,\"height\":310,\"caption\":\"Tupique\"},\"image\":{\"@id\":\"https:\/\/tupique.com\/#\/schema\/logo\/image\/\"}}]}<\/script>\n<!-- \/ Yoast SEO plugin. -->","yoast_head_json":{"title":"Moniteur Videowall LG 75UL3Q-E.AEUQ 4K Ultra HD 75\" - Tupique","description":"Vous cherchez Moniteur Videowall LG 75UL3Q-E.AEUQ 4K Ultra HD 75\" ? Achetez des produits chez Tupique. Profitez de la livraison gratuite pour obtenir Moniteur Videowall LG 75UL3Q-E.AEUQ 4K Ultra HD 75\" d\u00e8s maintenant.","robots":{"index":"index","follow":"follow","max-snippet":"max-snippet:-1","max-image-preview":"max-image-preview:large","max-video-preview":"max-video-preview:-1"},"canonical":"https:\/\/tupique.com\/pt\/produto\/moniteur-videowall-lg-75ul3q-e-aeuq-4k-ultra-hd-75\/","og_locale":"pt_PT","og_type":"article","og_title":"Moniteur Videowall LG 75UL3Q-E.AEUQ 4K Ultra HD 75\" - Tupique","og_description":"Vous cherchez Moniteur Videowall LG 75UL3Q-E.AEUQ 4K Ultra HD 75\" ? Achetez des produits chez Tupique. Profitez de la livraison gratuite pour obtenir Moniteur Videowall LG 75UL3Q-E.AEUQ 4K Ultra HD 75\" d\u00e8s maintenant.","og_url":"https:\/\/tupique.com\/pt\/produto\/moniteur-videowall-lg-75ul3q-e-aeuq-4k-ultra-hd-75\/","og_site_name":"Tupique","twitter_card":"summary_large_image","schema":{"@context":"https:\/\/schema.org","@graph":[{"@type":"WebPage","@id":"https:\/\/tupique.com\/produit\/moniteur-videowall-lg-75ul3q-e-aeuq-4k-ultra-hd-75\/","url":"https:\/\/tupique.com\/produit\/moniteur-videowall-lg-75ul3q-e-aeuq-4k-ultra-hd-75\/","name":"Moniteur Videowall LG 75UL3Q-E.AEUQ 4K Ultra HD 75\" - Tupique","isPartOf":{"@id":"https:\/\/tupique.com\/#website"},"primaryImageOfPage":{"@id":"https:\/\/tupique.com\/produit\/moniteur-videowall-lg-75ul3q-e-aeuq-4k-ultra-hd-75\/#primaryimage"},"image":{"@id":"https:\/\/tupique.com\/produit\/moniteur-videowall-lg-75ul3q-e-aeuq-4k-ultra-hd-75\/#primaryimage"},"thumbnailUrl":"https:\/\/tupique.com\/wp-content\/uploads\/2026\/04\/8806096497500_I00.jpg","datePublished":"2026-04-05T08:02:27+00:00","description":"Vous cherchez Moniteur Videowall LG 75UL3Q-E.AEUQ 4K Ultra HD 75\" ? Achetez des produits chez Tupique. Profitez de la livraison gratuite pour obtenir Moniteur Videowall LG 75UL3Q-E.AEUQ 4K Ultra HD 75\" d\u00e8s maintenant.","breadcrumb":{"@id":"https:\/\/tupique.com\/produit\/moniteur-videowall-lg-75ul3q-e-aeuq-4k-ultra-hd-75\/#breadcrumb"},"inLanguage":"pt-PT","potentialAction":[{"@type":"ReadAction","target":["https:\/\/tupique.com\/produit\/moniteur-videowall-lg-75ul3q-e-aeuq-4k-ultra-hd-75\/"]}]},{"@type":"ImageObject","inLanguage":"pt-PT","@id":"https:\/\/tupique.com\/produit\/moniteur-videowall-lg-75ul3q-e-aeuq-4k-ultra-hd-75\/#primaryimage","url":"https:\/\/tupique.com\/wp-content\/uploads\/2026\/04\/8806096497500_I00.jpg","contentUrl":"https:\/\/tupique.com\/wp-content\/uploads\/2026\/04\/8806096497500_I00.jpg","width":1200,"height":1200,"caption":"S55310299_0"},{"@type":"BreadcrumbList","@id":"https:\/\/tupique.com\/produit\/moniteur-videowall-lg-75ul3q-e-aeuq-4k-ultra-hd-75\/#breadcrumb","itemListElement":[{"@type":"ListItem","position":1,"name":"In\u00edcio","item":"https:\/\/tupique.com\/"},{"@type":"ListItem","position":2,"name":"Boutique","item":"https:\/\/tupique.com\/en\/boutique\/"},{"@type":"ListItem","position":3,"name":"Moniteur Videowall LG 75UL3Q-E.AEUQ 4K Ultra HD 75&#8243;"}]},{"@type":"WebSite","@id":"https:\/\/tupique.com\/#website","url":"https:\/\/tupique.com\/","name":"Tupique","description":"Marketplace","publisher":{"@id":"https:\/\/tupique.com\/#organization"},"potentialAction":[{"@type":"SearchAction","target":{"@type":"EntryPoint","urlTemplate":"https:\/\/tupique.com\/?s={search_term_string}"},"query-input":{"@type":"PropertyValueSpecification","valueRequired":true,"valueName":"search_term_string"}}],"inLanguage":"pt-PT"},{"@type":"Organization","@id":"https:\/\/tupique.com\/#organization","name":"Tupique","url":"https:\/\/tupique.com\/","logo":{"@type":"ImageObject","inLanguage":"pt-PT","@id":"https:\/\/tupique.com\/#\/schema\/logo\/image\/","url":"https:\/\/tupique.com\/wp-content\/uploads\/2024\/09\/logo.png","contentUrl":"https:\/\/tupique.com\/wp-content\/uploads\/2024\/09\/logo.png","width":1118,"height":310,"caption":"Tupique"},"image":{"@id":"https:\/\/tupique.com\/#\/schema\/logo\/image\/"}}]}},"jetpack_sharing_enabled":true,"_links":{"self":[{"href":"https:\/\/tupique.com\/pt\/wp-json\/wp\/v2\/product\/4379901","targetHints":{"allow":["GET"]}}],"collection":[{"href":"https:\/\/tupique.com\/pt\/wp-json\/wp\/v2\/product"}],"about":[{"href":"https:\/\/tupique.com\/pt\/wp-json\/wp\/v2\/types\/product"}],"replies":[{"embeddable":true,"href":"https:\/\/tupique.com\/pt\/wp-json\/wp\/v2\/comments?post=4379901"}],"wp:featuredmedia":[{"embeddable":true,"href":"https:\/\/tupique.com\/pt\/wp-json\/wp\/v2\/media\/4379897"}],"wp:attachment":[{"href":"https:\/\/tupique.com\/pt\/wp-json\/wp\/v2\/media?parent=4379901"}],"wp:term":[{"taxonomy":"product_brand","embeddable":true,"href":"https:\/\/tupique.com\/pt\/wp-json\/wp\/v2\/product_brand?post=4379901"},{"taxonomy":"product_cat","embeddable":true,"href":"https:\/\/tupique.com\/pt\/wp-json\/wp\/v2\/product_cat?post=4379901"},{"taxonomy":"product_tag","embeddable":true,"href":"https:\/\/tupique.com\/pt\/wp-json\/wp\/v2\/product_tag?post=4379901"}],"curies":[{"name":"wp","href":"https:\/\/api.w.org\/{rel}","templated":true}]}}