{"id":4379957,"date":"2026-04-05T09:03:37","date_gmt":"2026-04-05T08:03:37","guid":{"rendered":"https:\/\/tupique.com\/produit\/tablette-apple-mcnl4ty-a-13-octa-core-8-gb-ram-128-gb-pourpre\/"},"modified":"2026-04-05T09:03:37","modified_gmt":"2026-04-05T08:03:37","slug":"tablette-apple-mcnl4ty-a-13-octa-core-8-gb-ram-128-gb-pourpre","status":"publish","type":"product","link":"https:\/\/tupique.com\/pt\/produto\/tablette-apple-mcnl4ty-a-13-octa-core-8-gb-ram-128-gb-pourpre\/","title":{"rendered":"Tablette Apple MCNL4TY\/A 13&#8243; Octa Core 8 GB RAM 128 GB Pourpre"},"content":{"rendered":"<p>Se \u00e9 apaixonado por\u2019<b>inform\u00e1tica e eletr\u00f3nica<\/b>, Se est\u00e1 na vanguarda da tecnologia e n\u00e3o quer perder nada, compre <b>Tablette Apple MCNL4TY\/A 13&#8243; Octa Core 8 GB RAM 128 GB Pourpre<\/b> ao melhor pre\u00e7o.<\/p>\n<p>L\u2019<b>iPad Air<\/b> da Apple \u00e9 um <b>comprimido<\/b> avanc\u00e9e qui se distingue par son \u00e9quilibre entre puissance, portabilit\u00e9 et polyvalence, id\u00e9ale aussi bien pour un usage personnel que professionnel. Son <b>Ecr\u00e3 de 13 polegadas<\/b> offre une exp\u00e9rience visuelle large et immersive, parfaite pour l\u2019\u00e9dition de documents, la consommation de contenus multim\u00e9dias et les t\u00e2ches cr\u00e9atives. Il est \u00e9quip\u00e9 de <b>8 GB de mem\u00f3ria RAM<\/b>, permettant de travailler avec des applications exigeantes et d\u2019assurer un multit\u00e2che fluide, ainsi que de <b>128 Go de stockage interne<\/b> pour conserver photos, vid\u00e9os et fichiers importants sans souci d\u2019espace. Disponible en \u00e9l\u00e9gant <b>cinzento<\/b> et dans une finition <b>violet<\/b> distinctive, chaque mod\u00e8le poss\u00e8de un ch\u00e2ssis robuste en <b>alum\u00ednio<\/b> qui garantit l\u00e9g\u00e8ret\u00e9 et durabilit\u00e9. Il int\u00e8gre un <b>appareil photo de 12 MP<\/b> pour capturer des images de haute qualit\u00e9 et r\u00e9aliser des appels vid\u00e9o nets, compl\u00e9t\u00e9 par une <b>c\u00e2mara frontal<\/b> optimis\u00e9e pour les r\u00e9unions en ligne et les selfies. Le <b>microfone incorporado<\/b> am\u00e9liore la clart\u00e9 sonore lors des enregistrements et des conf\u00e9rences. Parmi ses fonctionnalit\u00e9s, on retrouve \u00e9galement la prise en charge du flash, facilitant la prise de photos en faible luminosit\u00e9. L\u2019iPad Air offre des performances fiables et une grande autonomie, se positionnant comme un outil polyvalent pour ceux qui appr\u00e9cient la qualit\u00e9, le design embl\u00e9matique d\u2019Apple et l\u2019efficacit\u00e9 en mobilit\u00e9.<\/p>\n<ul>\n<li>Tipo:\n<ul>\n<li>Tablet<\/li>\n<li>Flash<\/li>\n<\/ul>\n<\/li>\n<li>Tipo de tomada: tomada UE<\/li>\n<li>Produto de encaixe: Sim<\/li>\n<li>Cor:\n<ul>\n<li>Cinzento<\/li>\n<li>Violet<\/li>\n<li>Mauve<\/li>\n<li>P\u00farpura<\/li>\n<\/ul>\n<\/li>\n<li>Formatos: AAC<\/li>\n<li>Carater\u00edsticas:\n<ul>\n<li>Wi-Fi<\/li>\n<li>Sensor de luz ambiente<\/li>\n<li>C\u00e2mara frontal<\/li>\n<li>Microfone incorporado<\/li>\n<li>Autofocus<\/li>\n<li>2 altifalantes<\/li>\n<li>4 altifalantes<\/li>\n<li>Leitor de impress\u00f5es digitais<\/li>\n<li>B\u00fassola eletr\u00f3nica<\/li>\n<li>Ecr\u00e3 com cantos arredondados<\/li>\n<\/ul>\n<\/li>\n<li>Interface: Wi-Fi<\/li>\n<li>Alimenta\u00e7\u00e3o el\u00e9ctrica:\n<ul>\n<li>r\u00e9seau \u00e9lectrique<\/li>\n<li>USB<\/li>\n<\/ul>\n<\/li>\n<li>Liga\u00e7\u00f5es:\n<ul>\n<li>USB-C<\/li>\n<li>USB-C 3.2 Gen 2 (3.1 Gen 2)<\/li>\n<\/ul>\n<\/li>\n<li>C\u00e2mara:\n<ul>\n<li>12 mpx<\/li>\n<li>12 MP<\/li>\n<li>Traseira<\/li>\n<\/ul>\n<\/li>\n<li>Conectividade:\n<ul>\n<li>Wi-Fi<\/li>\n<li>Bluetooth<\/li>\n<li>GPS<\/li>\n<li>6 GHz Wi-Fi<\/li>\n<li>Bluetooth 5.3<\/li>\n<\/ul>\n<\/li>\n<li>Sistema operativo:\n<ul>\n<li>iPadOS<\/li>\n<li>iOS<\/li>\n<\/ul>\n<\/li>\n<li>Ecr\u00e3: 13\u2033<\/li>\n<li>Processeur:\n<ul>\n<li>Octa Core<\/li>\n<li>M3<\/li>\n<\/ul>\n<\/li>\n<li>Mem\u00f3ria RAM: 8 GB de RAM<\/li>\n<li>Mem\u00f3ria interna: 128 GB<\/li>\n<li>Material: Alum\u00ednio<\/li>\n<li>Fun\u00e7\u00f5es:\n<ul>\n<li>Bar\u00f3metro<\/li>\n<li>Aceler\u00f3metro<\/li>\n<li>Geolocaliza\u00e7\u00e3o<\/li>\n<\/ul>\n<\/li>\n<li>Classifica\u00e7\u00e3o energ\u00e9tica: G<\/li>\n<li>Abertura: F\/1.8<\/li>\n<li>Tecnologia:\n<ul>\n<li>LED<\/li>\n<li>IPS<\/li>\n<li>M\u00edmica<\/li>\n<\/ul>\n<\/li>\n<li>Non Inclus:\n<ul>\n<li>Adaptateur AC<\/li>\n<li>Liga\u00e7\u00e3o \u00e0 rede m\u00f3vel<\/li>\n<\/ul>\n<\/li>\n<li>Resolu\u00e7\u00e3o: 2732 x 2048 px<\/li>\n<li>Certificado: ENERGY STAR<\/li>\n<li>Compat\u00edvel: iPadOS<\/li>\n<li>Tipo de bateria: i\u00f5es de l\u00edtio<\/li>\n<li>N\u00facleos:\n<ul>\n<li>8 n\u00facleos<\/li>\n<li>16 n\u00facleos<\/li>\n<\/ul>\n<\/li>\n<li>Resolu\u00e7\u00e3o (px):\n<ul>\n<li>3840 x 2160 px<\/li>\n<li>2160 px<\/li>\n<\/ul>\n<\/li>\n<li>Diagonal do ecr\u00e3 (cm): 33 cm<\/li>\n<li>Tempo de funcionamento aproximado: 10 horas<\/li>\n<li>Dispositif intelligent: Apple Intelligence<\/li>\n<\/ul>","protected":false},"excerpt":{"rendered":"<p>Si vous \u00eates passionn\u00e9 d&#8217;informatique et d&#8217;\u00e9lectronique, si vous \u00eates \u00e0 la pointe de la technologie et qu&#8217;aucun d\u00e9tail ne<\/p>","protected":false},"featured_media":4379935,"comment_status":"open","ping_status":"closed","template":"","meta":{"_joinchat":[]},"product_brand":[157892],"product_cat":[157523,157516,157560],"product_tag":[157522,157515],"class_list":{"0":"post-4379957","1":"product","2":"type-product","3":"status-publish","4":"has-post-thumbnail","6":"product_brand-brandp_533","7":"product_cat-electronique-telephonie-et-tablettes","8":"product_cat-informatique-electronique","9":"product_cat-tablettes","10":"product_tag-tag_547","11":"product_tag-tag_1295","13":"first","14":"instock","15":"taxable","16":"shipping-taxable","17":"purchasable","18":"product-type-simple"},"yoast_head":"<!-- This site is optimized with the Yoast SEO plugin v27.2 - https:\/\/yoast.com\/product\/yoast-seo-wordpress\/ -->\n<title>Tablette Apple MCNL4TY\/A 13&quot; Octa Core 8 GB RAM 128 GB Pourpre - Tupique<\/title>\n<meta name=\"description\" content=\"Vous cherchez Tablette Apple MCNL4TY\/A 13&quot; Octa Core 8 GB RAM 128 GB Pourpre ? Achetez des produits chez Tupique. Profitez de la livraison gratuite pour obtenir Tablette Apple MCNL4TY\/A 13&quot; Octa Core 8 GB RAM 128 GB Pourpre d\u00e8s maintenant.\" \/>\n<meta name=\"robots\" content=\"index, follow, max-snippet:-1, max-image-preview:large, max-video-preview:-1\" \/>\n<link rel=\"canonical\" href=\"https:\/\/tupique.com\/pt\/produto\/tablette-apple-mcnl4ty-a-13-octa-core-8-gb-ram-128-gb-pourpre\/\" \/>\n<meta property=\"og:locale\" content=\"pt_PT\" \/>\n<meta property=\"og:type\" content=\"article\" \/>\n<meta property=\"og:title\" content=\"Tablette Apple MCNL4TY\/A 13&quot; Octa Core 8 GB RAM 128 GB Pourpre - Tupique\" \/>\n<meta property=\"og:description\" content=\"Vous cherchez Tablette Apple MCNL4TY\/A 13&quot; Octa Core 8 GB RAM 128 GB Pourpre ? Achetez des produits chez Tupique. Profitez de la livraison gratuite pour obtenir Tablette Apple MCNL4TY\/A 13&quot; Octa Core 8 GB RAM 128 GB Pourpre d\u00e8s maintenant.\" \/>\n<meta property=\"og:url\" content=\"https:\/\/tupique.com\/pt\/produto\/tablette-apple-mcnl4ty-a-13-octa-core-8-gb-ram-128-gb-pourpre\/\" \/>\n<meta property=\"og:site_name\" content=\"Tupique\" \/>\n<meta name=\"twitter:card\" content=\"summary_large_image\" \/>\n<meta name=\"twitter:label1\" content=\"Tempo estimado de leitura\" \/>\n\t<meta name=\"twitter:data1\" content=\"2 minutos\" \/>\n<script type=\"application\/ld+json\" class=\"yoast-schema-graph\">{\"@context\":\"https:\/\/schema.org\",\"@graph\":[{\"@type\":\"WebPage\",\"@id\":\"https:\/\/tupique.com\/produit\/tablette-apple-mcnl4ty-a-13-octa-core-8-gb-ram-128-gb-pourpre\/\",\"url\":\"https:\/\/tupique.com\/produit\/tablette-apple-mcnl4ty-a-13-octa-core-8-gb-ram-128-gb-pourpre\/\",\"name\":\"Tablette Apple MCNL4TY\/A 13\\\" Octa Core 8 GB RAM 128 GB Pourpre - Tupique\",\"isPartOf\":{\"@id\":\"https:\/\/tupique.com\/#website\"},\"primaryImageOfPage\":{\"@id\":\"https:\/\/tupique.com\/produit\/tablette-apple-mcnl4ty-a-13-octa-core-8-gb-ram-128-gb-pourpre\/#primaryimage\"},\"image\":{\"@id\":\"https:\/\/tupique.com\/produit\/tablette-apple-mcnl4ty-a-13-octa-core-8-gb-ram-128-gb-pourpre\/#primaryimage\"},\"thumbnailUrl\":\"https:\/\/tupique.com\/wp-content\/uploads\/2026\/04\/0195949976117_S71014813_P01.jpg\",\"datePublished\":\"2026-04-05T08:03:37+00:00\",\"description\":\"Vous cherchez Tablette Apple MCNL4TY\/A 13\\\" Octa Core 8 GB RAM 128 GB Pourpre ? Achetez des produits chez Tupique. Profitez de la livraison gratuite pour obtenir Tablette Apple MCNL4TY\/A 13\\\" Octa Core 8 GB RAM 128 GB Pourpre d\u00e8s maintenant.\",\"breadcrumb\":{\"@id\":\"https:\/\/tupique.com\/produit\/tablette-apple-mcnl4ty-a-13-octa-core-8-gb-ram-128-gb-pourpre\/#breadcrumb\"},\"inLanguage\":\"pt-PT\",\"potentialAction\":[{\"@type\":\"ReadAction\",\"target\":[\"https:\/\/tupique.com\/produit\/tablette-apple-mcnl4ty-a-13-octa-core-8-gb-ram-128-gb-pourpre\/\"]}]},{\"@type\":\"ImageObject\",\"inLanguage\":\"pt-PT\",\"@id\":\"https:\/\/tupique.com\/produit\/tablette-apple-mcnl4ty-a-13-octa-core-8-gb-ram-128-gb-pourpre\/#primaryimage\",\"url\":\"https:\/\/tupique.com\/wp-content\/uploads\/2026\/04\/0195949976117_S71014813_P01.jpg\",\"contentUrl\":\"https:\/\/tupique.com\/wp-content\/uploads\/2026\/04\/0195949976117_S71014813_P01.jpg\",\"width\":1200,\"height\":1200,\"caption\":\"M0806191_0\"},{\"@type\":\"BreadcrumbList\",\"@id\":\"https:\/\/tupique.com\/produit\/tablette-apple-mcnl4ty-a-13-octa-core-8-gb-ram-128-gb-pourpre\/#breadcrumb\",\"itemListElement\":[{\"@type\":\"ListItem\",\"position\":1,\"name\":\"In\u00edcio\",\"item\":\"https:\/\/tupique.com\/\"},{\"@type\":\"ListItem\",\"position\":2,\"name\":\"Boutique\",\"item\":\"https:\/\/tupique.com\/en\/boutique\/\"},{\"@type\":\"ListItem\",\"position\":3,\"name\":\"Tablette Apple MCNL4TY\/A 13&#8243; Octa Core 8 GB RAM 128 GB Pourpre\"}]},{\"@type\":\"WebSite\",\"@id\":\"https:\/\/tupique.com\/#website\",\"url\":\"https:\/\/tupique.com\/\",\"name\":\"Tupique\",\"description\":\"Marketplace\",\"publisher\":{\"@id\":\"https:\/\/tupique.com\/#organization\"},\"potentialAction\":[{\"@type\":\"SearchAction\",\"target\":{\"@type\":\"EntryPoint\",\"urlTemplate\":\"https:\/\/tupique.com\/?s={search_term_string}\"},\"query-input\":{\"@type\":\"PropertyValueSpecification\",\"valueRequired\":true,\"valueName\":\"search_term_string\"}}],\"inLanguage\":\"pt-PT\"},{\"@type\":\"Organization\",\"@id\":\"https:\/\/tupique.com\/#organization\",\"name\":\"Tupique\",\"url\":\"https:\/\/tupique.com\/\",\"logo\":{\"@type\":\"ImageObject\",\"inLanguage\":\"pt-PT\",\"@id\":\"https:\/\/tupique.com\/#\/schema\/logo\/image\/\",\"url\":\"https:\/\/tupique.com\/wp-content\/uploads\/2024\/09\/logo.png\",\"contentUrl\":\"https:\/\/tupique.com\/wp-content\/uploads\/2024\/09\/logo.png\",\"width\":1118,\"height\":310,\"caption\":\"Tupique\"},\"image\":{\"@id\":\"https:\/\/tupique.com\/#\/schema\/logo\/image\/\"}}]}<\/script>\n<!-- \/ Yoast SEO plugin. -->","yoast_head_json":{"title":"Tablette Apple MCNL4TY\/A 13\" Octa Core 8 GB RAM 128 GB Pourpre - Tupique","description":"Vous cherchez Tablette Apple MCNL4TY\/A 13\" Octa Core 8 GB RAM 128 GB Pourpre ? Achetez des produits chez Tupique. Profitez de la livraison gratuite pour obtenir Tablette Apple MCNL4TY\/A 13\" Octa Core 8 GB RAM 128 GB Pourpre d\u00e8s maintenant.","robots":{"index":"index","follow":"follow","max-snippet":"max-snippet:-1","max-image-preview":"max-image-preview:large","max-video-preview":"max-video-preview:-1"},"canonical":"https:\/\/tupique.com\/pt\/produto\/tablette-apple-mcnl4ty-a-13-octa-core-8-gb-ram-128-gb-pourpre\/","og_locale":"pt_PT","og_type":"article","og_title":"Tablette Apple MCNL4TY\/A 13\" Octa Core 8 GB RAM 128 GB Pourpre - Tupique","og_description":"Vous cherchez Tablette Apple MCNL4TY\/A 13\" Octa Core 8 GB RAM 128 GB Pourpre ? Achetez des produits chez Tupique. Profitez de la livraison gratuite pour obtenir Tablette Apple MCNL4TY\/A 13\" Octa Core 8 GB RAM 128 GB Pourpre d\u00e8s maintenant.","og_url":"https:\/\/tupique.com\/pt\/produto\/tablette-apple-mcnl4ty-a-13-octa-core-8-gb-ram-128-gb-pourpre\/","og_site_name":"Tupique","twitter_card":"summary_large_image","twitter_misc":{"Tempo estimado de leitura":"2 minutos"},"schema":{"@context":"https:\/\/schema.org","@graph":[{"@type":"WebPage","@id":"https:\/\/tupique.com\/produit\/tablette-apple-mcnl4ty-a-13-octa-core-8-gb-ram-128-gb-pourpre\/","url":"https:\/\/tupique.com\/produit\/tablette-apple-mcnl4ty-a-13-octa-core-8-gb-ram-128-gb-pourpre\/","name":"Tablette Apple MCNL4TY\/A 13\" Octa Core 8 GB RAM 128 GB Pourpre - Tupique","isPartOf":{"@id":"https:\/\/tupique.com\/#website"},"primaryImageOfPage":{"@id":"https:\/\/tupique.com\/produit\/tablette-apple-mcnl4ty-a-13-octa-core-8-gb-ram-128-gb-pourpre\/#primaryimage"},"image":{"@id":"https:\/\/tupique.com\/produit\/tablette-apple-mcnl4ty-a-13-octa-core-8-gb-ram-128-gb-pourpre\/#primaryimage"},"thumbnailUrl":"https:\/\/tupique.com\/wp-content\/uploads\/2026\/04\/0195949976117_S71014813_P01.jpg","datePublished":"2026-04-05T08:03:37+00:00","description":"Vous cherchez Tablette Apple MCNL4TY\/A 13\" Octa Core 8 GB RAM 128 GB Pourpre ? Achetez des produits chez Tupique. Profitez de la livraison gratuite pour obtenir Tablette Apple MCNL4TY\/A 13\" Octa Core 8 GB RAM 128 GB Pourpre d\u00e8s maintenant.","breadcrumb":{"@id":"https:\/\/tupique.com\/produit\/tablette-apple-mcnl4ty-a-13-octa-core-8-gb-ram-128-gb-pourpre\/#breadcrumb"},"inLanguage":"pt-PT","potentialAction":[{"@type":"ReadAction","target":["https:\/\/tupique.com\/produit\/tablette-apple-mcnl4ty-a-13-octa-core-8-gb-ram-128-gb-pourpre\/"]}]},{"@type":"ImageObject","inLanguage":"pt-PT","@id":"https:\/\/tupique.com\/produit\/tablette-apple-mcnl4ty-a-13-octa-core-8-gb-ram-128-gb-pourpre\/#primaryimage","url":"https:\/\/tupique.com\/wp-content\/uploads\/2026\/04\/0195949976117_S71014813_P01.jpg","contentUrl":"https:\/\/tupique.com\/wp-content\/uploads\/2026\/04\/0195949976117_S71014813_P01.jpg","width":1200,"height":1200,"caption":"M0806191_0"},{"@type":"BreadcrumbList","@id":"https:\/\/tupique.com\/produit\/tablette-apple-mcnl4ty-a-13-octa-core-8-gb-ram-128-gb-pourpre\/#breadcrumb","itemListElement":[{"@type":"ListItem","position":1,"name":"In\u00edcio","item":"https:\/\/tupique.com\/"},{"@type":"ListItem","position":2,"name":"Boutique","item":"https:\/\/tupique.com\/en\/boutique\/"},{"@type":"ListItem","position":3,"name":"Tablette Apple MCNL4TY\/A 13&#8243; Octa Core 8 GB RAM 128 GB Pourpre"}]},{"@type":"WebSite","@id":"https:\/\/tupique.com\/#website","url":"https:\/\/tupique.com\/","name":"Tupique","description":"Marketplace","publisher":{"@id":"https:\/\/tupique.com\/#organization"},"potentialAction":[{"@type":"SearchAction","target":{"@type":"EntryPoint","urlTemplate":"https:\/\/tupique.com\/?s={search_term_string}"},"query-input":{"@type":"PropertyValueSpecification","valueRequired":true,"valueName":"search_term_string"}}],"inLanguage":"pt-PT"},{"@type":"Organization","@id":"https:\/\/tupique.com\/#organization","name":"Tupique","url":"https:\/\/tupique.com\/","logo":{"@type":"ImageObject","inLanguage":"pt-PT","@id":"https:\/\/tupique.com\/#\/schema\/logo\/image\/","url":"https:\/\/tupique.com\/wp-content\/uploads\/2024\/09\/logo.png","contentUrl":"https:\/\/tupique.com\/wp-content\/uploads\/2024\/09\/logo.png","width":1118,"height":310,"caption":"Tupique"},"image":{"@id":"https:\/\/tupique.com\/#\/schema\/logo\/image\/"}}]}},"jetpack_sharing_enabled":true,"_links":{"self":[{"href":"https:\/\/tupique.com\/pt\/wp-json\/wp\/v2\/product\/4379957","targetHints":{"allow":["GET"]}}],"collection":[{"href":"https:\/\/tupique.com\/pt\/wp-json\/wp\/v2\/product"}],"about":[{"href":"https:\/\/tupique.com\/pt\/wp-json\/wp\/v2\/types\/product"}],"replies":[{"embeddable":true,"href":"https:\/\/tupique.com\/pt\/wp-json\/wp\/v2\/comments?post=4379957"}],"wp:featuredmedia":[{"embeddable":true,"href":"https:\/\/tupique.com\/pt\/wp-json\/wp\/v2\/media\/4379935"}],"wp:attachment":[{"href":"https:\/\/tupique.com\/pt\/wp-json\/wp\/v2\/media?parent=4379957"}],"wp:term":[{"taxonomy":"product_brand","embeddable":true,"href":"https:\/\/tupique.com\/pt\/wp-json\/wp\/v2\/product_brand?post=4379957"},{"taxonomy":"product_cat","embeddable":true,"href":"https:\/\/tupique.com\/pt\/wp-json\/wp\/v2\/product_cat?post=4379957"},{"taxonomy":"product_tag","embeddable":true,"href":"https:\/\/tupique.com\/pt\/wp-json\/wp\/v2\/product_tag?post=4379957"}],"curies":[{"name":"wp","href":"https:\/\/api.w.org\/{rel}","templated":true}]}}