{"id":4380359,"date":"2026-04-05T11:02:13","date_gmt":"2026-04-05T10:02:13","guid":{"rendered":"https:\/\/tupique.com\/produit\/montre-intelligente-garmin-010-02985-00-noir-12\/"},"modified":"2026-04-05T12:55:18","modified_gmt":"2026-04-05T11:55:18","slug":"montre-intelligente-garmin-010-02985-00-noir-12","status":"publish","type":"product","link":"https:\/\/tupique.com\/pt\/produto\/montre-intelligente-garmin-010-02985-00-noir-12\/","title":{"rendered":"Montre intelligente GARMIN 010-02985-00 Noir 1,2&#8243;"},"content":{"rendered":"<p>Se \u00e9 apaixonado por\u2019<b>inform\u00e1tica e eletr\u00f3nica<\/b>, Se est\u00e1 na vanguarda da tecnologia e n\u00e3o quer perder nada, compre <b>Montre intelligente GARMIN 010-02985-00 Noir 1,2&#8243;<\/b> ao melhor pre\u00e7o.<\/p>\n<p>La <b>smartwatch<\/b> Garmin en couleur <b>preto<\/b> est con\u00e7ue pour offrir une exp\u00e9rience technologique avanc\u00e9e gr\u00e2ce \u00e0 une finition robuste et confortable. Son \u00e9cran est prot\u00e9g\u00e9 par un <b>vidro<\/b> haute r\u00e9sistance, garantissant durabilit\u00e9 face aux chocs et rayures, tandis que le bracelet en <b>silicone<\/b> assure un ajustement flexible, confortable et adapt\u00e9 \u00e0 une utilisation prolong\u00e9e lors d\u2019activit\u00e9s physiques et quotidiennes. Cet appareil intelligent se distingue par sa connectivit\u00e9 sans fil, int\u00e9grant \u00e0 la fois le <b>Bluetooth<\/b> e o <b>Wi-Fi<\/b>, ce qui permet une synchronisation facile avec les smartphones, la r\u00e9ception de notifications et la mise \u00e0 jour des donn\u00e9es en temps r\u00e9el sans c\u00e2bles. Sa configuration en tant que <b>smartwatch<\/b> facilite le contr\u00f4le des fonctions li\u00e9es \u00e0 la sant\u00e9, au sport et \u00e0 la communication, s\u2019adaptant \u00e0 un style de vie actif et technologique sans renoncer \u00e0 l\u2019\u00e9l\u00e9gance gr\u00e2ce \u00e0 son design sobre et fonctionnel. En r\u00e9sum\u00e9, cette montre connect\u00e9e Garmin offre un \u00e9quilibre id\u00e9al entre fonctionnalit\u00e9, connectivit\u00e9 et confort, destin\u00e9e aux utilisateurs recherchant un appareil fiable et moderne au quotidien.<\/p>\n<ul>\n<li>Bloc d\u2019Alimentation: r\u00e9seau \u00e9lectrique<\/li>\n<li>Tipo de tomada: tomada UE<\/li>\n<li>Tipo de rel\u00f3gio: Rel\u00f3gio inteligente<\/li>\n<li>Produto de encaixe: Sim<\/li>\n<li>Cor: preto<\/li>\n<li>Liga\u00e7\u00f5es: USB<\/li>\n<li>Conectividade:\n<ul>\n<li>Wi-Fi<\/li>\n<li>Bluetooth<\/li>\n<li>GPS<\/li>\n<li>NFC<\/li>\n<li>Glonass<\/li>\n<li>ANT+<\/li>\n<li>BeiDou<\/li>\n<li>Galileu<\/li>\n<\/ul>\n<\/li>\n<li>Sistema operativo: Android<\/li>\n<li>Ecr\u00e3: 1,2<\/li>\n<li>Tecnologia: AMOLED<\/li>\n<li>Material:\n<ul>\n<li>vidro<\/li>\n<li>Silicone<\/li>\n<\/ul>\n<\/li>\n<li>Carater\u00edsticas:\n<ul>\n<li>Resistente \u00e0 \u00e1gua<\/li>\n<li>Aceler\u00f3metro<\/li>\n<li>Ecr\u00e3 t\u00e1til<\/li>\n<li>Sensor de luz ambiente<\/li>\n<li>Girosc\u00f3pio<\/li>\n<li>Alarme<\/li>\n<li>Sensor \u00f3tico<\/li>\n<li>Term\u00f3metro<\/li>\n<li>Dist\u00e2ncia percorrida<\/li>\n<li>Cron\u00f3metro<\/li>\n<li>Monitor do sono<\/li>\n<li>5 atm<\/li>\n<li>Notifica\u00e7\u00f5es de chamadas e mensagens<\/li>\n<li>Sensor do n\u00edvel de oxig\u00e9nio no sangue<\/li>\n<\/ul>\n<\/li>\n<li>Fun\u00e7\u00f5es:\n<ul>\n<li>Ecr\u00e3 a cores<\/li>\n<li>Consumo de calorias<\/li>\n<li>Monitor do sono<\/li>\n<li>Procurar um dispositivo<\/li>\n<li>Monitor do ritmo card\u00edaco<\/li>\n<\/ul>\n<\/li>\n<li>Tipo de bateria:\n<ul>\n<li>Integrado<\/li>\n<li>Litio Ion<\/li>\n<\/ul>\n<\/li>\n<li>Forma:\n<ul>\n<li>Redondo<\/li>\n<li>Redondo<\/li>\n<\/ul>\n<\/li>\n<li>Inclui:\n<ul>\n<li>Bateria<\/li>\n<li>Temporizador<\/li>\n<li>Carregador<\/li>\n<li>Manual do utilizador<\/li>\n<\/ul>\n<\/li>\n<li>Genre:\n<ul>\n<li>Adultes unisexes<\/li>\n<li>Unisexe<\/li>\n<\/ul>\n<\/li>\n<li>Mem\u00f3ria RAM: 8 GB de RAM<\/li>\n<li>Resolu\u00e7\u00e3o: 390 x 390 px<\/li>\n<li>Funciona com pilhas: 1 i\u00e3o de l\u00edtio, inclu\u00eddo<\/li>\n<li>Liga\u00e7\u00e3o USB: N\u00e3o<\/li>\n<li>Dimensions approx.: 20 mm<\/li>\n<li>Non Inclus: Connexion au r\u00e9seau mobile<\/li>\n<li>M\u00e9moire Flash: 1024 Mb<\/li>\n<\/ul>","protected":false},"excerpt":{"rendered":"<p>Si vous \u00eates passionn\u00e9 d&#8217;informatique et d&#8217;\u00e9lectronique, si vous \u00eates \u00e0 la pointe de la technologie et qu&#8217;aucun d\u00e9tail ne<\/p>","protected":false},"featured_media":4380355,"comment_status":"open","ping_status":"closed","template":"","meta":{"_joinchat":[]},"product_brand":[157995],"product_cat":[157523,157516,157601],"product_tag":[157530,157522,157515],"class_list":{"0":"post-4380359","1":"product","2":"type-product","3":"status-publish","4":"has-post-thumbnail","6":"product_brand-brandp_649","7":"product_cat-electronique-telephonie-et-tablettes","8":"product_cat-informatique-electronique","9":"product_cat-smartwatches","10":"product_tag-tag_1261","11":"product_tag-tag_547","12":"product_tag-tag_1295","14":"first","15":"instock","16":"taxable","17":"shipping-taxable","18":"purchasable","19":"product-type-simple"},"yoast_head":"<!-- This site is optimized with the Yoast SEO plugin v27.2 - https:\/\/yoast.com\/product\/yoast-seo-wordpress\/ -->\n<title>Montre intelligente GARMIN 010-02985-00 Noir 1,2&quot; - Tupique<\/title>\n<meta name=\"description\" content=\"Vous cherchez Montre intelligente GARMIN 010-02985-00 Noir 1,2&quot; ? Achetez des produits chez Tupique. Profitez de la livraison gratuite pour obtenir Montre intelligente GARMIN 010-02985-00 Noir 1,2&quot; d\u00e8s maintenant.\" \/>\n<meta name=\"robots\" content=\"index, follow, max-snippet:-1, max-image-preview:large, max-video-preview:-1\" \/>\n<link rel=\"canonical\" href=\"https:\/\/tupique.com\/pt\/produto\/montre-intelligente-garmin-010-02985-00-noir-12\/\" \/>\n<meta property=\"og:locale\" content=\"pt_PT\" \/>\n<meta property=\"og:type\" content=\"article\" \/>\n<meta property=\"og:title\" content=\"Montre intelligente GARMIN 010-02985-00 Noir 1,2&quot; - Tupique\" \/>\n<meta property=\"og:description\" content=\"Vous cherchez Montre intelligente GARMIN 010-02985-00 Noir 1,2&quot; ? Achetez des produits chez Tupique. Profitez de la livraison gratuite pour obtenir Montre intelligente GARMIN 010-02985-00 Noir 1,2&quot; d\u00e8s maintenant.\" \/>\n<meta property=\"og:url\" content=\"https:\/\/tupique.com\/pt\/produto\/montre-intelligente-garmin-010-02985-00-noir-12\/\" \/>\n<meta property=\"og:site_name\" content=\"Tupique\" \/>\n<meta property=\"article:modified_time\" content=\"2026-04-05T11:55:18+00:00\" \/>\n<meta property=\"og:image\" content=\"https:\/\/tupique.com\/wp-content\/uploads\/2026\/04\/0753759342807_M0807440_P00.jpg\" \/>\n\t<meta property=\"og:image:width\" content=\"1200\" \/>\n\t<meta property=\"og:image:height\" content=\"1200\" \/>\n\t<meta property=\"og:image:type\" content=\"image\/jpeg\" \/>\n<meta name=\"twitter:card\" content=\"summary_large_image\" \/>\n<meta name=\"twitter:label1\" content=\"Tempo estimado de leitura\" \/>\n\t<meta name=\"twitter:data1\" content=\"2 minutos\" \/>\n<script type=\"application\/ld+json\" class=\"yoast-schema-graph\">{\"@context\":\"https:\/\/schema.org\",\"@graph\":[{\"@type\":\"WebPage\",\"@id\":\"https:\/\/tupique.com\/produit\/montre-intelligente-garmin-010-02985-00-noir-12\/\",\"url\":\"https:\/\/tupique.com\/produit\/montre-intelligente-garmin-010-02985-00-noir-12\/\",\"name\":\"Montre intelligente GARMIN 010-02985-00 Noir 1,2\\\" - Tupique\",\"isPartOf\":{\"@id\":\"https:\/\/tupique.com\/#website\"},\"primaryImageOfPage\":{\"@id\":\"https:\/\/tupique.com\/produit\/montre-intelligente-garmin-010-02985-00-noir-12\/#primaryimage\"},\"image\":{\"@id\":\"https:\/\/tupique.com\/produit\/montre-intelligente-garmin-010-02985-00-noir-12\/#primaryimage\"},\"thumbnailUrl\":\"https:\/\/tupique.com\/wp-content\/uploads\/2026\/04\/0753759342807_M0807440_P00.jpg\",\"datePublished\":\"2026-04-05T10:02:13+00:00\",\"dateModified\":\"2026-04-05T11:55:18+00:00\",\"description\":\"Vous cherchez Montre intelligente GARMIN 010-02985-00 Noir 1,2\\\" ? Achetez des produits chez Tupique. Profitez de la livraison gratuite pour obtenir Montre intelligente GARMIN 010-02985-00 Noir 1,2\\\" d\u00e8s maintenant.\",\"breadcrumb\":{\"@id\":\"https:\/\/tupique.com\/produit\/montre-intelligente-garmin-010-02985-00-noir-12\/#breadcrumb\"},\"inLanguage\":\"pt-PT\",\"potentialAction\":[{\"@type\":\"ReadAction\",\"target\":[\"https:\/\/tupique.com\/produit\/montre-intelligente-garmin-010-02985-00-noir-12\/\"]}]},{\"@type\":\"ImageObject\",\"inLanguage\":\"pt-PT\",\"@id\":\"https:\/\/tupique.com\/produit\/montre-intelligente-garmin-010-02985-00-noir-12\/#primaryimage\",\"url\":\"https:\/\/tupique.com\/wp-content\/uploads\/2026\/04\/0753759342807_M0807440_P00.jpg\",\"contentUrl\":\"https:\/\/tupique.com\/wp-content\/uploads\/2026\/04\/0753759342807_M0807440_P00.jpg\",\"width\":1200,\"height\":1200,\"caption\":\"M0807440_0\"},{\"@type\":\"BreadcrumbList\",\"@id\":\"https:\/\/tupique.com\/produit\/montre-intelligente-garmin-010-02985-00-noir-12\/#breadcrumb\",\"itemListElement\":[{\"@type\":\"ListItem\",\"position\":1,\"name\":\"In\u00edcio\",\"item\":\"https:\/\/tupique.com\/\"},{\"@type\":\"ListItem\",\"position\":2,\"name\":\"Boutique\",\"item\":\"https:\/\/tupique.com\/en\/boutique\/\"},{\"@type\":\"ListItem\",\"position\":3,\"name\":\"Montre intelligente GARMIN 010-02985-00 Noir 1,2&#8243;\"}]},{\"@type\":\"WebSite\",\"@id\":\"https:\/\/tupique.com\/#website\",\"url\":\"https:\/\/tupique.com\/\",\"name\":\"Tupique\",\"description\":\"Marketplace\",\"publisher\":{\"@id\":\"https:\/\/tupique.com\/#organization\"},\"potentialAction\":[{\"@type\":\"SearchAction\",\"target\":{\"@type\":\"EntryPoint\",\"urlTemplate\":\"https:\/\/tupique.com\/?s={search_term_string}\"},\"query-input\":{\"@type\":\"PropertyValueSpecification\",\"valueRequired\":true,\"valueName\":\"search_term_string\"}}],\"inLanguage\":\"pt-PT\"},{\"@type\":\"Organization\",\"@id\":\"https:\/\/tupique.com\/#organization\",\"name\":\"Tupique\",\"url\":\"https:\/\/tupique.com\/\",\"logo\":{\"@type\":\"ImageObject\",\"inLanguage\":\"pt-PT\",\"@id\":\"https:\/\/tupique.com\/#\/schema\/logo\/image\/\",\"url\":\"https:\/\/tupique.com\/wp-content\/uploads\/2024\/09\/logo.png\",\"contentUrl\":\"https:\/\/tupique.com\/wp-content\/uploads\/2024\/09\/logo.png\",\"width\":1118,\"height\":310,\"caption\":\"Tupique\"},\"image\":{\"@id\":\"https:\/\/tupique.com\/#\/schema\/logo\/image\/\"}}]}<\/script>\n<!-- \/ Yoast SEO plugin. -->","yoast_head_json":{"title":"Montre intelligente GARMIN 010-02985-00 Noir 1,2\" - Tupique","description":"Vous cherchez Montre intelligente GARMIN 010-02985-00 Noir 1,2\" ? Achetez des produits chez Tupique. Profitez de la livraison gratuite pour obtenir Montre intelligente GARMIN 010-02985-00 Noir 1,2\" d\u00e8s maintenant.","robots":{"index":"index","follow":"follow","max-snippet":"max-snippet:-1","max-image-preview":"max-image-preview:large","max-video-preview":"max-video-preview:-1"},"canonical":"https:\/\/tupique.com\/pt\/produto\/montre-intelligente-garmin-010-02985-00-noir-12\/","og_locale":"pt_PT","og_type":"article","og_title":"Montre intelligente GARMIN 010-02985-00 Noir 1,2\" - Tupique","og_description":"Vous cherchez Montre intelligente GARMIN 010-02985-00 Noir 1,2\" ? Achetez des produits chez Tupique. Profitez de la livraison gratuite pour obtenir Montre intelligente GARMIN 010-02985-00 Noir 1,2\" d\u00e8s maintenant.","og_url":"https:\/\/tupique.com\/pt\/produto\/montre-intelligente-garmin-010-02985-00-noir-12\/","og_site_name":"Tupique","article_modified_time":"2026-04-05T11:55:18+00:00","og_image":[{"width":1200,"height":1200,"url":"https:\/\/tupique.com\/wp-content\/uploads\/2026\/04\/0753759342807_M0807440_P00.jpg","type":"image\/jpeg"}],"twitter_card":"summary_large_image","twitter_misc":{"Tempo estimado de leitura":"2 minutos"},"schema":{"@context":"https:\/\/schema.org","@graph":[{"@type":"WebPage","@id":"https:\/\/tupique.com\/produit\/montre-intelligente-garmin-010-02985-00-noir-12\/","url":"https:\/\/tupique.com\/produit\/montre-intelligente-garmin-010-02985-00-noir-12\/","name":"Montre intelligente GARMIN 010-02985-00 Noir 1,2\" - Tupique","isPartOf":{"@id":"https:\/\/tupique.com\/#website"},"primaryImageOfPage":{"@id":"https:\/\/tupique.com\/produit\/montre-intelligente-garmin-010-02985-00-noir-12\/#primaryimage"},"image":{"@id":"https:\/\/tupique.com\/produit\/montre-intelligente-garmin-010-02985-00-noir-12\/#primaryimage"},"thumbnailUrl":"https:\/\/tupique.com\/wp-content\/uploads\/2026\/04\/0753759342807_M0807440_P00.jpg","datePublished":"2026-04-05T10:02:13+00:00","dateModified":"2026-04-05T11:55:18+00:00","description":"Vous cherchez Montre intelligente GARMIN 010-02985-00 Noir 1,2\" ? Achetez des produits chez Tupique. Profitez de la livraison gratuite pour obtenir Montre intelligente GARMIN 010-02985-00 Noir 1,2\" d\u00e8s maintenant.","breadcrumb":{"@id":"https:\/\/tupique.com\/produit\/montre-intelligente-garmin-010-02985-00-noir-12\/#breadcrumb"},"inLanguage":"pt-PT","potentialAction":[{"@type":"ReadAction","target":["https:\/\/tupique.com\/produit\/montre-intelligente-garmin-010-02985-00-noir-12\/"]}]},{"@type":"ImageObject","inLanguage":"pt-PT","@id":"https:\/\/tupique.com\/produit\/montre-intelligente-garmin-010-02985-00-noir-12\/#primaryimage","url":"https:\/\/tupique.com\/wp-content\/uploads\/2026\/04\/0753759342807_M0807440_P00.jpg","contentUrl":"https:\/\/tupique.com\/wp-content\/uploads\/2026\/04\/0753759342807_M0807440_P00.jpg","width":1200,"height":1200,"caption":"M0807440_0"},{"@type":"BreadcrumbList","@id":"https:\/\/tupique.com\/produit\/montre-intelligente-garmin-010-02985-00-noir-12\/#breadcrumb","itemListElement":[{"@type":"ListItem","position":1,"name":"In\u00edcio","item":"https:\/\/tupique.com\/"},{"@type":"ListItem","position":2,"name":"Boutique","item":"https:\/\/tupique.com\/en\/boutique\/"},{"@type":"ListItem","position":3,"name":"Montre intelligente GARMIN 010-02985-00 Noir 1,2&#8243;"}]},{"@type":"WebSite","@id":"https:\/\/tupique.com\/#website","url":"https:\/\/tupique.com\/","name":"Tupique","description":"Marketplace","publisher":{"@id":"https:\/\/tupique.com\/#organization"},"potentialAction":[{"@type":"SearchAction","target":{"@type":"EntryPoint","urlTemplate":"https:\/\/tupique.com\/?s={search_term_string}"},"query-input":{"@type":"PropertyValueSpecification","valueRequired":true,"valueName":"search_term_string"}}],"inLanguage":"pt-PT"},{"@type":"Organization","@id":"https:\/\/tupique.com\/#organization","name":"Tupique","url":"https:\/\/tupique.com\/","logo":{"@type":"ImageObject","inLanguage":"pt-PT","@id":"https:\/\/tupique.com\/#\/schema\/logo\/image\/","url":"https:\/\/tupique.com\/wp-content\/uploads\/2024\/09\/logo.png","contentUrl":"https:\/\/tupique.com\/wp-content\/uploads\/2024\/09\/logo.png","width":1118,"height":310,"caption":"Tupique"},"image":{"@id":"https:\/\/tupique.com\/#\/schema\/logo\/image\/"}}]}},"jetpack_sharing_enabled":true,"_links":{"self":[{"href":"https:\/\/tupique.com\/pt\/wp-json\/wp\/v2\/product\/4380359","targetHints":{"allow":["GET"]}}],"collection":[{"href":"https:\/\/tupique.com\/pt\/wp-json\/wp\/v2\/product"}],"about":[{"href":"https:\/\/tupique.com\/pt\/wp-json\/wp\/v2\/types\/product"}],"replies":[{"embeddable":true,"href":"https:\/\/tupique.com\/pt\/wp-json\/wp\/v2\/comments?post=4380359"}],"wp:featuredmedia":[{"embeddable":true,"href":"https:\/\/tupique.com\/pt\/wp-json\/wp\/v2\/media\/4380355"}],"wp:attachment":[{"href":"https:\/\/tupique.com\/pt\/wp-json\/wp\/v2\/media?parent=4380359"}],"wp:term":[{"taxonomy":"product_brand","embeddable":true,"href":"https:\/\/tupique.com\/pt\/wp-json\/wp\/v2\/product_brand?post=4380359"},{"taxonomy":"product_cat","embeddable":true,"href":"https:\/\/tupique.com\/pt\/wp-json\/wp\/v2\/product_cat?post=4380359"},{"taxonomy":"product_tag","embeddable":true,"href":"https:\/\/tupique.com\/pt\/wp-json\/wp\/v2\/product_tag?post=4380359"}],"curies":[{"name":"wp","href":"https:\/\/api.w.org\/{rel}","templated":true}]}}