{"id":4380389,"date":"2026-04-05T11:02:55","date_gmt":"2026-04-05T10:02:55","guid":{"rendered":"https:\/\/tupique.com\/produit\/smartphone-samsung-sm-f766bdbheub-68-12-gb-ram-512-gb-bleu\/"},"modified":"2026-04-05T12:55:28","modified_gmt":"2026-04-05T11:55:28","slug":"smartphone-samsung-sm-f766bdbheub-68-12-gb-ram-512-gb-bleu","status":"publish","type":"product","link":"https:\/\/tupique.com\/pt\/produto\/smartphone-samsung-sm-f766bdbheub-68-12-gb-ram-512-gb-bleu\/","title":{"rendered":"Smartphone Samsung SM-F766BDBHEUB 6,8&#8243; 12 GB RAM 512 GB Bleu"},"content":{"rendered":"<p>Se est\u00e1 \u00e0 procura das \u00faltimas tend\u00eancias do mercado, temos tudo o que precisa. <b>Smartphone Samsung SM-F766BDBHEUB 6,8&#8243; 12 GB RAM 512 GB Bleu<\/b> !<\/p>\n<p>Le <b>SM-F766BDBHEUB<\/b> de Samsung est un <b>smartphone<\/b> haut de gamme qui se distingue par son design avanc\u00e9 et ses sp\u00e9cifications sup\u00e9rieures dans l\u2019\u00e9cosyst\u00e8me mobile actuel. Ce mod\u00e8le, pr\u00e9sent\u00e9 dans un \u00e9l\u00e9gant <b>coloris bleu<\/b>, int\u00e8gre une grande <b>m\u00e9moire RAM de 12 Go<\/b> offrant des performances rapides et efficaces, m\u00eame lors de l\u2019utilisation simultan\u00e9e d\u2019applications ou de jeux exigeants. Son <b>grand \u00e9cran de 6,8 pouces<\/b> au format 16:9 garantit une exp\u00e9rience visuelle immersive et confortable, id\u00e9ale pour la navigation et la lecture de contenus multim\u00e9dias. Il propose une g\u00e9n\u00e9reuse <b>Capacidade de armazenamento de 512 GB<\/b>, parfaite pour conserver photos, vid\u00e9os et applications sans se soucier de l\u2019espace disponible. L\u2019appareil dispose d\u2019une <b>connexion USB-C<\/b> facilitant la charge rapide et le transfert de donn\u00e9es, tandis que son syst\u00e8me de cam\u00e9ras prend en charge des fonctions telles que <b>l\u2019autofocus<\/b> et un zoom optique jusqu\u2019\u00e0 <b>10x<\/b>, permettant d\u2019obtenir des images nettes et d\u00e9taill\u00e9es dans diverses situations. De plus, il b\u00e9n\u00e9ficie d\u2019une <b>classe \u00e9nerg\u00e9tique B<\/b>, t\u00e9moignant d\u2019une consommation efficace au quotidien. Ce smartphone Samsung allie design moderne, technologie de pointe et polyvalence, se positionnant comme un choix solide pour ceux qui recherchent un appareil puissant et fonctionnel avec une finition distinctive.<\/p>\n<ul>\n<li>Tipo: Smartphone<\/li>\n<li>Produto de encaixe: Sim<\/li>\n<li>Diagonale de l&#8217;\u00e9cran (cm): 17,3 cm<\/li>\n<li>Tipo de tomada: tomada UE<\/li>\n<li>Bloc d\u2019Alimentation: r\u00e9seau \u00e9lectrique<\/li>\n<li>Stabilisateur d&#8217;image: Oui<\/li>\n<li>Capacit\u00e9 de la batterie: 4300 mAh<\/li>\n<li>Ecr\u00e3:\n<ul>\n<li>6,8&#8243;<\/li>\n<li>75&#8243;<\/li>\n<\/ul>\n<\/li>\n<li>Glonass: Sim<\/li>\n<li>Classifica\u00e7\u00e3o energ\u00e9tica:\n<ul>\n<li>A<\/li>\n<li>B<\/li>\n<\/ul>\n<\/li>\n<li>Conectividade:\n<ul>\n<li>Bluetooth<\/li>\n<li>NFC<\/li>\n<li>5G<\/li>\n<li>eSIM<\/li>\n<\/ul>\n<\/li>\n<li>C\u00e2mara:\n<ul>\n<li>50 Mp<\/li>\n<li>Dual<\/li>\n<li>12 MP<\/li>\n<li>Frente<\/li>\n<li>10 Mp<\/li>\n<\/ul>\n<\/li>\n<li>Liga\u00e7\u00f5es:\n<ul>\n<li>USB-C<\/li>\n<li>USB 3.2<\/li>\n<\/ul>\n<\/li>\n<li>Carater\u00edsticas:\n<ul>\n<li>Leitor de impress\u00f5es digitais<\/li>\n<li>Autofocus<\/li>\n<li>Carregamento r\u00e1pido e fi\u00e1vel<\/li>\n<li>Chargeur sans fil<\/li>\n<\/ul>\n<\/li>\n<li>Girosc\u00f3pio: Sim<\/li>\n<li>Mem\u00f3ria RAM: 12 GB de RAM<\/li>\n<li>Mem\u00f3ria interna: 512 GB<\/li>\n<li>Cor: azul<\/li>\n<li>Zoom Num\u00e9rique: 10x<\/li>\n<li>R\u00e1cio de aspeto: 16:9<\/li>\n<li>Sistema operativo: Android<\/li>\n<li>Abertura: F\/1.8<\/li>\n<li>Fonctions: ECO<\/li>\n<li>N\u00e3o inclu\u00eddo: adaptador AC<\/li>\n<li>Fr\u00e9quence: 120 Hz<\/li>\n<li>Inclut: USB Type-C &#8211; USB Type-C<\/li>\n<li>Noyaux: 10 Noyaux<\/li>\n<li>Resolu\u00e7\u00e3o (px): 3840 x 2160 px<\/li>\n<\/ul>","protected":false},"excerpt":{"rendered":"<p>Si vous \u00eates \u00e0 la recherche de nouvelles tendances sur le march\u00e9, nous vous pr\u00e9sentons Smartphone Samsung SM-F766BDBHEUB 6,8&#8243; 12<\/p>","protected":false},"featured_media":4380386,"comment_status":"open","ping_status":"closed","template":"","meta":{"_joinchat":[]},"product_brand":[157883],"product_cat":[157523,157516,157524],"product_tag":[157514,157522,157515],"class_list":{"0":"post-4380389","1":"product","2":"type-product","3":"status-publish","4":"has-post-thumbnail","6":"product_brand-brandp_576","7":"product_cat-electronique-telephonie-et-tablettes","8":"product_cat-informatique-electronique","9":"product_cat-telephones-portables","10":"product_tag-tag_933","11":"product_tag-tag_547","12":"product_tag-tag_1295","14":"first","15":"instock","16":"taxable","17":"shipping-taxable","18":"purchasable","19":"product-type-simple"},"yoast_head":"<!-- This site is optimized with the Yoast SEO plugin v27.2 - https:\/\/yoast.com\/product\/yoast-seo-wordpress\/ -->\n<title>Smartphone Samsung SM-F766BDBHEUB 6,8&quot; 12 GB RAM 512 GB Bleu - Tupique<\/title>\n<meta name=\"description\" content=\"Vous cherchez Smartphone Samsung SM-F766BDBHEUB 6,8&quot; 12 GB RAM 512 GB Bleu ? Achetez des produits chez Tupique. Profitez de la livraison gratuite pour obtenir Smartphone Samsung SM-F766BDBHEUB 6,8&quot; 12 GB RAM 512 GB Bleu d\u00e8s maintenant.\" \/>\n<meta name=\"robots\" content=\"index, follow, max-snippet:-1, max-image-preview:large, max-video-preview:-1\" \/>\n<link rel=\"canonical\" href=\"https:\/\/tupique.com\/pt\/produto\/smartphone-samsung-sm-f766bdbheub-68-12-gb-ram-512-gb-bleu\/\" \/>\n<meta property=\"og:locale\" content=\"pt_PT\" \/>\n<meta property=\"og:type\" content=\"article\" \/>\n<meta property=\"og:title\" content=\"Smartphone Samsung SM-F766BDBHEUB 6,8&quot; 12 GB RAM 512 GB Bleu - Tupique\" \/>\n<meta property=\"og:description\" content=\"Vous cherchez Smartphone Samsung SM-F766BDBHEUB 6,8&quot; 12 GB RAM 512 GB Bleu ? Achetez des produits chez Tupique. Profitez de la livraison gratuite pour obtenir Smartphone Samsung SM-F766BDBHEUB 6,8&quot; 12 GB RAM 512 GB Bleu d\u00e8s maintenant.\" \/>\n<meta property=\"og:url\" content=\"https:\/\/tupique.com\/pt\/produto\/smartphone-samsung-sm-f766bdbheub-68-12-gb-ram-512-gb-bleu\/\" \/>\n<meta property=\"og:site_name\" content=\"Tupique\" \/>\n<meta property=\"article:modified_time\" content=\"2026-04-05T11:55:28+00:00\" \/>\n<meta property=\"og:image\" content=\"https:\/\/tupique.com\/wp-content\/uploads\/2026\/04\/8806097427063_S55306889_P01.jpg\" \/>\n\t<meta property=\"og:image:width\" content=\"1200\" \/>\n\t<meta property=\"og:image:height\" content=\"1200\" \/>\n\t<meta property=\"og:image:type\" content=\"image\/jpeg\" \/>\n<meta name=\"twitter:card\" content=\"summary_large_image\" \/>\n<meta name=\"twitter:label1\" content=\"Tempo estimado de leitura\" \/>\n\t<meta name=\"twitter:data1\" content=\"2 minutos\" \/>\n<script type=\"application\/ld+json\" class=\"yoast-schema-graph\">{\"@context\":\"https:\/\/schema.org\",\"@graph\":[{\"@type\":\"WebPage\",\"@id\":\"https:\/\/tupique.com\/produit\/smartphone-samsung-sm-f766bdbheub-68-12-gb-ram-512-gb-bleu\/\",\"url\":\"https:\/\/tupique.com\/produit\/smartphone-samsung-sm-f766bdbheub-68-12-gb-ram-512-gb-bleu\/\",\"name\":\"Smartphone Samsung SM-F766BDBHEUB 6,8\\\" 12 GB RAM 512 GB Bleu - Tupique\",\"isPartOf\":{\"@id\":\"https:\/\/tupique.com\/#website\"},\"primaryImageOfPage\":{\"@id\":\"https:\/\/tupique.com\/produit\/smartphone-samsung-sm-f766bdbheub-68-12-gb-ram-512-gb-bleu\/#primaryimage\"},\"image\":{\"@id\":\"https:\/\/tupique.com\/produit\/smartphone-samsung-sm-f766bdbheub-68-12-gb-ram-512-gb-bleu\/#primaryimage\"},\"thumbnailUrl\":\"https:\/\/tupique.com\/wp-content\/uploads\/2026\/04\/8806097427063_S55306889_P01.jpg\",\"datePublished\":\"2026-04-05T10:02:55+00:00\",\"dateModified\":\"2026-04-05T11:55:28+00:00\",\"description\":\"Vous cherchez Smartphone Samsung SM-F766BDBHEUB 6,8\\\" 12 GB RAM 512 GB Bleu ? Achetez des produits chez Tupique. Profitez de la livraison gratuite pour obtenir Smartphone Samsung SM-F766BDBHEUB 6,8\\\" 12 GB RAM 512 GB Bleu d\u00e8s maintenant.\",\"breadcrumb\":{\"@id\":\"https:\/\/tupique.com\/produit\/smartphone-samsung-sm-f766bdbheub-68-12-gb-ram-512-gb-bleu\/#breadcrumb\"},\"inLanguage\":\"pt-PT\",\"potentialAction\":[{\"@type\":\"ReadAction\",\"target\":[\"https:\/\/tupique.com\/produit\/smartphone-samsung-sm-f766bdbheub-68-12-gb-ram-512-gb-bleu\/\"]}]},{\"@type\":\"ImageObject\",\"inLanguage\":\"pt-PT\",\"@id\":\"https:\/\/tupique.com\/produit\/smartphone-samsung-sm-f766bdbheub-68-12-gb-ram-512-gb-bleu\/#primaryimage\",\"url\":\"https:\/\/tupique.com\/wp-content\/uploads\/2026\/04\/8806097427063_S55306889_P01.jpg\",\"contentUrl\":\"https:\/\/tupique.com\/wp-content\/uploads\/2026\/04\/8806097427063_S55306889_P01.jpg\",\"width\":1200,\"height\":1200,\"caption\":\"S55306889_0\"},{\"@type\":\"BreadcrumbList\",\"@id\":\"https:\/\/tupique.com\/produit\/smartphone-samsung-sm-f766bdbheub-68-12-gb-ram-512-gb-bleu\/#breadcrumb\",\"itemListElement\":[{\"@type\":\"ListItem\",\"position\":1,\"name\":\"In\u00edcio\",\"item\":\"https:\/\/tupique.com\/\"},{\"@type\":\"ListItem\",\"position\":2,\"name\":\"Boutique\",\"item\":\"https:\/\/tupique.com\/en\/boutique\/\"},{\"@type\":\"ListItem\",\"position\":3,\"name\":\"Smartphone Samsung SM-F766BDBHEUB 6,8&#8243; 12 GB RAM 512 GB Bleu\"}]},{\"@type\":\"WebSite\",\"@id\":\"https:\/\/tupique.com\/#website\",\"url\":\"https:\/\/tupique.com\/\",\"name\":\"Tupique\",\"description\":\"Marketplace\",\"publisher\":{\"@id\":\"https:\/\/tupique.com\/#organization\"},\"potentialAction\":[{\"@type\":\"SearchAction\",\"target\":{\"@type\":\"EntryPoint\",\"urlTemplate\":\"https:\/\/tupique.com\/?s={search_term_string}\"},\"query-input\":{\"@type\":\"PropertyValueSpecification\",\"valueRequired\":true,\"valueName\":\"search_term_string\"}}],\"inLanguage\":\"pt-PT\"},{\"@type\":\"Organization\",\"@id\":\"https:\/\/tupique.com\/#organization\",\"name\":\"Tupique\",\"url\":\"https:\/\/tupique.com\/\",\"logo\":{\"@type\":\"ImageObject\",\"inLanguage\":\"pt-PT\",\"@id\":\"https:\/\/tupique.com\/#\/schema\/logo\/image\/\",\"url\":\"https:\/\/tupique.com\/wp-content\/uploads\/2024\/09\/logo.png\",\"contentUrl\":\"https:\/\/tupique.com\/wp-content\/uploads\/2024\/09\/logo.png\",\"width\":1118,\"height\":310,\"caption\":\"Tupique\"},\"image\":{\"@id\":\"https:\/\/tupique.com\/#\/schema\/logo\/image\/\"}}]}<\/script>\n<!-- \/ Yoast SEO plugin. -->","yoast_head_json":{"title":"Smartphone Samsung SM-F766BDBHEUB 6,8\" 12 GB RAM 512 GB Bleu - Tupique","description":"Vous cherchez Smartphone Samsung SM-F766BDBHEUB 6,8\" 12 GB RAM 512 GB Bleu ? Achetez des produits chez Tupique. Profitez de la livraison gratuite pour obtenir Smartphone Samsung SM-F766BDBHEUB 6,8\" 12 GB RAM 512 GB Bleu d\u00e8s maintenant.","robots":{"index":"index","follow":"follow","max-snippet":"max-snippet:-1","max-image-preview":"max-image-preview:large","max-video-preview":"max-video-preview:-1"},"canonical":"https:\/\/tupique.com\/pt\/produto\/smartphone-samsung-sm-f766bdbheub-68-12-gb-ram-512-gb-bleu\/","og_locale":"pt_PT","og_type":"article","og_title":"Smartphone Samsung SM-F766BDBHEUB 6,8\" 12 GB RAM 512 GB Bleu - Tupique","og_description":"Vous cherchez Smartphone Samsung SM-F766BDBHEUB 6,8\" 12 GB RAM 512 GB Bleu ? Achetez des produits chez Tupique. Profitez de la livraison gratuite pour obtenir Smartphone Samsung SM-F766BDBHEUB 6,8\" 12 GB RAM 512 GB Bleu d\u00e8s maintenant.","og_url":"https:\/\/tupique.com\/pt\/produto\/smartphone-samsung-sm-f766bdbheub-68-12-gb-ram-512-gb-bleu\/","og_site_name":"Tupique","article_modified_time":"2026-04-05T11:55:28+00:00","og_image":[{"width":1200,"height":1200,"url":"https:\/\/tupique.com\/wp-content\/uploads\/2026\/04\/8806097427063_S55306889_P01.jpg","type":"image\/jpeg"}],"twitter_card":"summary_large_image","twitter_misc":{"Tempo estimado de leitura":"2 minutos"},"schema":{"@context":"https:\/\/schema.org","@graph":[{"@type":"WebPage","@id":"https:\/\/tupique.com\/produit\/smartphone-samsung-sm-f766bdbheub-68-12-gb-ram-512-gb-bleu\/","url":"https:\/\/tupique.com\/produit\/smartphone-samsung-sm-f766bdbheub-68-12-gb-ram-512-gb-bleu\/","name":"Smartphone Samsung SM-F766BDBHEUB 6,8\" 12 GB RAM 512 GB Bleu - Tupique","isPartOf":{"@id":"https:\/\/tupique.com\/#website"},"primaryImageOfPage":{"@id":"https:\/\/tupique.com\/produit\/smartphone-samsung-sm-f766bdbheub-68-12-gb-ram-512-gb-bleu\/#primaryimage"},"image":{"@id":"https:\/\/tupique.com\/produit\/smartphone-samsung-sm-f766bdbheub-68-12-gb-ram-512-gb-bleu\/#primaryimage"},"thumbnailUrl":"https:\/\/tupique.com\/wp-content\/uploads\/2026\/04\/8806097427063_S55306889_P01.jpg","datePublished":"2026-04-05T10:02:55+00:00","dateModified":"2026-04-05T11:55:28+00:00","description":"Vous cherchez Smartphone Samsung SM-F766BDBHEUB 6,8\" 12 GB RAM 512 GB Bleu ? Achetez des produits chez Tupique. Profitez de la livraison gratuite pour obtenir Smartphone Samsung SM-F766BDBHEUB 6,8\" 12 GB RAM 512 GB Bleu d\u00e8s maintenant.","breadcrumb":{"@id":"https:\/\/tupique.com\/produit\/smartphone-samsung-sm-f766bdbheub-68-12-gb-ram-512-gb-bleu\/#breadcrumb"},"inLanguage":"pt-PT","potentialAction":[{"@type":"ReadAction","target":["https:\/\/tupique.com\/produit\/smartphone-samsung-sm-f766bdbheub-68-12-gb-ram-512-gb-bleu\/"]}]},{"@type":"ImageObject","inLanguage":"pt-PT","@id":"https:\/\/tupique.com\/produit\/smartphone-samsung-sm-f766bdbheub-68-12-gb-ram-512-gb-bleu\/#primaryimage","url":"https:\/\/tupique.com\/wp-content\/uploads\/2026\/04\/8806097427063_S55306889_P01.jpg","contentUrl":"https:\/\/tupique.com\/wp-content\/uploads\/2026\/04\/8806097427063_S55306889_P01.jpg","width":1200,"height":1200,"caption":"S55306889_0"},{"@type":"BreadcrumbList","@id":"https:\/\/tupique.com\/produit\/smartphone-samsung-sm-f766bdbheub-68-12-gb-ram-512-gb-bleu\/#breadcrumb","itemListElement":[{"@type":"ListItem","position":1,"name":"In\u00edcio","item":"https:\/\/tupique.com\/"},{"@type":"ListItem","position":2,"name":"Boutique","item":"https:\/\/tupique.com\/en\/boutique\/"},{"@type":"ListItem","position":3,"name":"Smartphone Samsung SM-F766BDBHEUB 6,8&#8243; 12 GB RAM 512 GB Bleu"}]},{"@type":"WebSite","@id":"https:\/\/tupique.com\/#website","url":"https:\/\/tupique.com\/","name":"Tupique","description":"Marketplace","publisher":{"@id":"https:\/\/tupique.com\/#organization"},"potentialAction":[{"@type":"SearchAction","target":{"@type":"EntryPoint","urlTemplate":"https:\/\/tupique.com\/?s={search_term_string}"},"query-input":{"@type":"PropertyValueSpecification","valueRequired":true,"valueName":"search_term_string"}}],"inLanguage":"pt-PT"},{"@type":"Organization","@id":"https:\/\/tupique.com\/#organization","name":"Tupique","url":"https:\/\/tupique.com\/","logo":{"@type":"ImageObject","inLanguage":"pt-PT","@id":"https:\/\/tupique.com\/#\/schema\/logo\/image\/","url":"https:\/\/tupique.com\/wp-content\/uploads\/2024\/09\/logo.png","contentUrl":"https:\/\/tupique.com\/wp-content\/uploads\/2024\/09\/logo.png","width":1118,"height":310,"caption":"Tupique"},"image":{"@id":"https:\/\/tupique.com\/#\/schema\/logo\/image\/"}}]}},"jetpack_sharing_enabled":true,"_links":{"self":[{"href":"https:\/\/tupique.com\/pt\/wp-json\/wp\/v2\/product\/4380389","targetHints":{"allow":["GET"]}}],"collection":[{"href":"https:\/\/tupique.com\/pt\/wp-json\/wp\/v2\/product"}],"about":[{"href":"https:\/\/tupique.com\/pt\/wp-json\/wp\/v2\/types\/product"}],"replies":[{"embeddable":true,"href":"https:\/\/tupique.com\/pt\/wp-json\/wp\/v2\/comments?post=4380389"}],"wp:featuredmedia":[{"embeddable":true,"href":"https:\/\/tupique.com\/pt\/wp-json\/wp\/v2\/media\/4380386"}],"wp:attachment":[{"href":"https:\/\/tupique.com\/pt\/wp-json\/wp\/v2\/media?parent=4380389"}],"wp:term":[{"taxonomy":"product_brand","embeddable":true,"href":"https:\/\/tupique.com\/pt\/wp-json\/wp\/v2\/product_brand?post=4380389"},{"taxonomy":"product_cat","embeddable":true,"href":"https:\/\/tupique.com\/pt\/wp-json\/wp\/v2\/product_cat?post=4380389"},{"taxonomy":"product_tag","embeddable":true,"href":"https:\/\/tupique.com\/pt\/wp-json\/wp\/v2\/product_tag?post=4380389"}],"curies":[{"name":"wp","href":"https:\/\/api.w.org\/{rel}","templated":true}]}}