{"id":4380434,"date":"2026-04-05T11:03:52","date_gmt":"2026-04-05T10:03:52","guid":{"rendered":"https:\/\/tupique.com\/produit\/disque-dur-externe-western-digital-wdbbgb0120hbk-eesn-35-12-tb\/"},"modified":"2026-04-05T12:55:39","modified_gmt":"2026-04-05T11:55:39","slug":"disque-dur-externe-western-digital-wdbbgb0120hbk-eesn-35-12-tb","status":"publish","type":"product","link":"https:\/\/tupique.com\/pt\/produto\/disque-dur-externe-western-digital-wdbbgb0120hbk-eesn-35-12-tb\/","title":{"rendered":"Disque Dur Externe Western Digital WDBBGB0120HBK-EESN 3,5&#8243; 12 TB"},"content":{"rendered":"<p>Se \u00e9 apaixonado por\u2019<b>inform\u00e1tica e eletr\u00f3nica<\/b>, Se est\u00e1 na vanguarda da tecnologia e n\u00e3o quer perder nada, compre <b>Disque Dur Externe Western Digital WDBBGB0120HBK-EESN 3,5&#8243; 12 TB<\/b> ao melhor pre\u00e7o.<\/p>\n<p>Le <b>My Book<\/b> de <b>Western Digital<\/b> \u00e9 um <b>disque dur externe<\/b> con\u00e7u pour offrir une capacit\u00e9 de stockage massive de <b>12 To<\/b>, id\u00e9al pour les utilisateurs ayant besoin de sauvegarder de grands volumes de donn\u00e9es de mani\u00e8re s\u00e9curis\u00e9e et accessible. Son format de <b>3,5 pouces<\/b> offre une solution compacte et stable, tandis que ses multiples options de connexion, incluant <b>USB 3.0<\/b>, <b>USB 3.2<\/b> e <b>Micro USB B<\/b>, garantissent une large compatibilit\u00e9 et des vitesses de transfert \u00e9lev\u00e9es, facilitant le transfert rapide et efficace de fichiers depuis diff\u00e9rents appareils. Cet \u00e9quipement se distingue \u00e9galement par son design noir, pens\u00e9 pour s\u2019int\u00e9grer facilement dans tout environnement professionnel ou domestique, avec une pr\u00e9sence discr\u00e8te mais professionnelle. Concernant ses dimensions, le My Book mesure environ <b>139,3 x 49 x 170,6 mm<\/b> et p\u00e8se environ <b>970 grammes<\/b>, ce qui facilite son transport sans compromettre la stabilit\u00e9. L\u2019appareil est pr\u00e9format\u00e9 en <b>exFAT<\/b>, assurant une compatibilit\u00e9 imm\u00e9diate avec les syst\u00e8mes Windows (10 et 8.1) et macOS (10.13 ou sup\u00e9rieur), tout en pouvant \u00eatre reformat\u00e9 pour d\u2019autres syst\u00e8mes si n\u00e9cessaire. De plus, il inclut un ensemble complet d\u2019accessoires, tels qu\u2019un <b>c\u00e2ble USB 3.0<\/b>, un adaptateur secteur et un pack logiciel exclusif WD Discovery\u2122, int\u00e9grant des outils de sauvegarde, s\u00e9curit\u00e9 et gestion du disque, facilitant ainsi l\u2019administration et la protection des donn\u00e9es stock\u00e9es. Ce disque dur r\u00e9pond aux besoins des utilisateurs professionnels et particuliers recherchant une solution de stockage fiable, polyvalente et performante, parfaite pour les sauvegardes, le montage multim\u00e9dia ou le stockage g\u00e9n\u00e9ral. En r\u00e9sum\u00e9, le My Book de Western Digital allie capacit\u00e9, vitesse et fonctionnalit\u00e9 dans un appareil robuste et accessible, con\u00e7u pour pr\u00e9server et g\u00e9rer efficacement de grands volumes d\u2019informations.<\/p>\n<ul>\n<li>Cor: preto<\/li>\n<li>Liga\u00e7\u00f5es:\n<ul>\n<li>USB 3.2<\/li>\n<li>USB<\/li>\n<li>Micro USB B<\/li>\n<\/ul>\n<\/li>\n<li>Inclui:\n<ul>\n<li>Cabo USB<\/li>\n<li>Adaptateur AC<\/li>\n<\/ul>\n<\/li>\n<li>Disque dur: 12 TB<\/li>\n<li>Taille: 3,5&#8243;<\/li>\n<li>Technologie: HDD<\/li>\n<li>Type: HDD<\/li>\n<li>S\u00e9curit\u00e9: AES 256-bits<\/li>\n<li>Carater\u00edsticas:\n<ul>\n<li>Plug and play<\/li>\n<li>Prote\u00e7\u00e3o de dados\/palavra-passe<\/li>\n<\/ul>\n<\/li>\n<li>N\u00e3o inclu\u00eddo: Wi-Fi<\/li>\n<li>vitesse: 5400 rpm<\/li>\n<\/ul>","protected":false},"excerpt":{"rendered":"<p>Si vous \u00eates passionn\u00e9 d&#8217;informatique et d&#8217;\u00e9lectronique, si vous \u00eates \u00e0 la pointe de la technologie et qu&#8217;aucun d\u00e9tail ne<\/p>","protected":false},"featured_media":4380431,"comment_status":"open","ping_status":"closed","template":"","meta":{"_joinchat":[]},"product_brand":[157905],"product_cat":[157521,157516,157520],"product_tag":[157515],"class_list":{"0":"post-4380434","1":"product","2":"type-product","3":"status-publish","4":"has-post-thumbnail","6":"product_brand-brandp_589","7":"product_cat-disques-durs","8":"product_cat-informatique-electronique","9":"product_cat-informatique-reseaux-et-composants","10":"product_tag-tag_1295","12":"first","13":"instock","14":"taxable","15":"shipping-taxable","16":"purchasable","17":"product-type-simple"},"yoast_head":"<!-- This site is optimized with the Yoast SEO plugin v27.2 - https:\/\/yoast.com\/product\/yoast-seo-wordpress\/ -->\n<title>Disque Dur Externe Western Digital WDBBGB0120HBK-EESN 3,5&quot; 12 TB - Tupique<\/title>\n<meta name=\"description\" content=\"Vous cherchez Disque Dur Externe Western Digital WDBBGB0120HBK-EESN 3,5&quot; 12 TB ? Achetez des produits chez Tupique. Profitez de la livraison gratuite pour obtenir Disque Dur Externe Western Digital WDBBGB0120HBK-EESN 3,5&quot; 12 TB d\u00e8s maintenant.\" \/>\n<meta name=\"robots\" content=\"index, follow, max-snippet:-1, max-image-preview:large, max-video-preview:-1\" \/>\n<link rel=\"canonical\" href=\"https:\/\/tupique.com\/pt\/produto\/disque-dur-externe-western-digital-wdbbgb0120hbk-eesn-35-12-tb\/\" \/>\n<meta property=\"og:locale\" content=\"pt_PT\" \/>\n<meta property=\"og:type\" content=\"article\" \/>\n<meta property=\"og:title\" content=\"Disque Dur Externe Western Digital WDBBGB0120HBK-EESN 3,5&quot; 12 TB - Tupique\" \/>\n<meta property=\"og:description\" content=\"Vous cherchez Disque Dur Externe Western Digital WDBBGB0120HBK-EESN 3,5&quot; 12 TB ? Achetez des produits chez Tupique. Profitez de la livraison gratuite pour obtenir Disque Dur Externe Western Digital WDBBGB0120HBK-EESN 3,5&quot; 12 TB d\u00e8s maintenant.\" \/>\n<meta property=\"og:url\" content=\"https:\/\/tupique.com\/pt\/produto\/disque-dur-externe-western-digital-wdbbgb0120hbk-eesn-35-12-tb\/\" \/>\n<meta property=\"og:site_name\" content=\"Tupique\" \/>\n<meta property=\"article:modified_time\" content=\"2026-04-05T11:55:39+00:00\" \/>\n<meta property=\"og:image\" content=\"https:\/\/tupique.com\/wp-content\/uploads\/2026\/04\/361083771.jpg\" \/>\n\t<meta property=\"og:image:width\" content=\"1200\" \/>\n\t<meta property=\"og:image:height\" content=\"1200\" \/>\n\t<meta property=\"og:image:type\" content=\"image\/jpeg\" \/>\n<meta name=\"twitter:card\" content=\"summary_large_image\" \/>\n<meta name=\"twitter:label1\" content=\"Tempo estimado de leitura\" \/>\n\t<meta name=\"twitter:data1\" content=\"2 minutos\" \/>\n<script type=\"application\/ld+json\" class=\"yoast-schema-graph\">{\"@context\":\"https:\/\/schema.org\",\"@graph\":[{\"@type\":\"WebPage\",\"@id\":\"https:\/\/tupique.com\/produit\/disque-dur-externe-western-digital-wdbbgb0120hbk-eesn-35-12-tb\/\",\"url\":\"https:\/\/tupique.com\/produit\/disque-dur-externe-western-digital-wdbbgb0120hbk-eesn-35-12-tb\/\",\"name\":\"Disque Dur Externe Western Digital WDBBGB0120HBK-EESN 3,5\\\" 12 TB - Tupique\",\"isPartOf\":{\"@id\":\"https:\/\/tupique.com\/#website\"},\"primaryImageOfPage\":{\"@id\":\"https:\/\/tupique.com\/produit\/disque-dur-externe-western-digital-wdbbgb0120hbk-eesn-35-12-tb\/#primaryimage\"},\"image\":{\"@id\":\"https:\/\/tupique.com\/produit\/disque-dur-externe-western-digital-wdbbgb0120hbk-eesn-35-12-tb\/#primaryimage\"},\"thumbnailUrl\":\"https:\/\/tupique.com\/wp-content\/uploads\/2026\/04\/361083771.jpg\",\"datePublished\":\"2026-04-05T10:03:52+00:00\",\"dateModified\":\"2026-04-05T11:55:39+00:00\",\"description\":\"Vous cherchez Disque Dur Externe Western Digital WDBBGB0120HBK-EESN 3,5\\\" 12 TB ? Achetez des produits chez Tupique. Profitez de la livraison gratuite pour obtenir Disque Dur Externe Western Digital WDBBGB0120HBK-EESN 3,5\\\" 12 TB d\u00e8s maintenant.\",\"breadcrumb\":{\"@id\":\"https:\/\/tupique.com\/produit\/disque-dur-externe-western-digital-wdbbgb0120hbk-eesn-35-12-tb\/#breadcrumb\"},\"inLanguage\":\"pt-PT\",\"potentialAction\":[{\"@type\":\"ReadAction\",\"target\":[\"https:\/\/tupique.com\/produit\/disque-dur-externe-western-digital-wdbbgb0120hbk-eesn-35-12-tb\/\"]}]},{\"@type\":\"ImageObject\",\"inLanguage\":\"pt-PT\",\"@id\":\"https:\/\/tupique.com\/produit\/disque-dur-externe-western-digital-wdbbgb0120hbk-eesn-35-12-tb\/#primaryimage\",\"url\":\"https:\/\/tupique.com\/wp-content\/uploads\/2026\/04\/361083771.jpg\",\"contentUrl\":\"https:\/\/tupique.com\/wp-content\/uploads\/2026\/04\/361083771.jpg\",\"width\":1200,\"height\":1200,\"caption\":\"S55075217_0\"},{\"@type\":\"BreadcrumbList\",\"@id\":\"https:\/\/tupique.com\/produit\/disque-dur-externe-western-digital-wdbbgb0120hbk-eesn-35-12-tb\/#breadcrumb\",\"itemListElement\":[{\"@type\":\"ListItem\",\"position\":1,\"name\":\"In\u00edcio\",\"item\":\"https:\/\/tupique.com\/\"},{\"@type\":\"ListItem\",\"position\":2,\"name\":\"Boutique\",\"item\":\"https:\/\/tupique.com\/en\/boutique\/\"},{\"@type\":\"ListItem\",\"position\":3,\"name\":\"Disque Dur Externe Western Digital WDBBGB0120HBK-EESN 3,5&#8243; 12 TB\"}]},{\"@type\":\"WebSite\",\"@id\":\"https:\/\/tupique.com\/#website\",\"url\":\"https:\/\/tupique.com\/\",\"name\":\"Tupique\",\"description\":\"Marketplace\",\"publisher\":{\"@id\":\"https:\/\/tupique.com\/#organization\"},\"potentialAction\":[{\"@type\":\"SearchAction\",\"target\":{\"@type\":\"EntryPoint\",\"urlTemplate\":\"https:\/\/tupique.com\/?s={search_term_string}\"},\"query-input\":{\"@type\":\"PropertyValueSpecification\",\"valueRequired\":true,\"valueName\":\"search_term_string\"}}],\"inLanguage\":\"pt-PT\"},{\"@type\":\"Organization\",\"@id\":\"https:\/\/tupique.com\/#organization\",\"name\":\"Tupique\",\"url\":\"https:\/\/tupique.com\/\",\"logo\":{\"@type\":\"ImageObject\",\"inLanguage\":\"pt-PT\",\"@id\":\"https:\/\/tupique.com\/#\/schema\/logo\/image\/\",\"url\":\"https:\/\/tupique.com\/wp-content\/uploads\/2024\/09\/logo.png\",\"contentUrl\":\"https:\/\/tupique.com\/wp-content\/uploads\/2024\/09\/logo.png\",\"width\":1118,\"height\":310,\"caption\":\"Tupique\"},\"image\":{\"@id\":\"https:\/\/tupique.com\/#\/schema\/logo\/image\/\"}}]}<\/script>\n<!-- \/ Yoast SEO plugin. -->","yoast_head_json":{"title":"Disque Dur Externe Western Digital WDBBGB0120HBK-EESN 3,5\" 12 TB - Tupique","description":"Vous cherchez Disque Dur Externe Western Digital WDBBGB0120HBK-EESN 3,5\" 12 TB ? Achetez des produits chez Tupique. Profitez de la livraison gratuite pour obtenir Disque Dur Externe Western Digital WDBBGB0120HBK-EESN 3,5\" 12 TB d\u00e8s maintenant.","robots":{"index":"index","follow":"follow","max-snippet":"max-snippet:-1","max-image-preview":"max-image-preview:large","max-video-preview":"max-video-preview:-1"},"canonical":"https:\/\/tupique.com\/pt\/produto\/disque-dur-externe-western-digital-wdbbgb0120hbk-eesn-35-12-tb\/","og_locale":"pt_PT","og_type":"article","og_title":"Disque Dur Externe Western Digital WDBBGB0120HBK-EESN 3,5\" 12 TB - Tupique","og_description":"Vous cherchez Disque Dur Externe Western Digital WDBBGB0120HBK-EESN 3,5\" 12 TB ? Achetez des produits chez Tupique. Profitez de la livraison gratuite pour obtenir Disque Dur Externe Western Digital WDBBGB0120HBK-EESN 3,5\" 12 TB d\u00e8s maintenant.","og_url":"https:\/\/tupique.com\/pt\/produto\/disque-dur-externe-western-digital-wdbbgb0120hbk-eesn-35-12-tb\/","og_site_name":"Tupique","article_modified_time":"2026-04-05T11:55:39+00:00","og_image":[{"width":1200,"height":1200,"url":"https:\/\/tupique.com\/wp-content\/uploads\/2026\/04\/361083771.jpg","type":"image\/jpeg"}],"twitter_card":"summary_large_image","twitter_misc":{"Tempo estimado de leitura":"2 minutos"},"schema":{"@context":"https:\/\/schema.org","@graph":[{"@type":"WebPage","@id":"https:\/\/tupique.com\/produit\/disque-dur-externe-western-digital-wdbbgb0120hbk-eesn-35-12-tb\/","url":"https:\/\/tupique.com\/produit\/disque-dur-externe-western-digital-wdbbgb0120hbk-eesn-35-12-tb\/","name":"Disque Dur Externe Western Digital WDBBGB0120HBK-EESN 3,5\" 12 TB - Tupique","isPartOf":{"@id":"https:\/\/tupique.com\/#website"},"primaryImageOfPage":{"@id":"https:\/\/tupique.com\/produit\/disque-dur-externe-western-digital-wdbbgb0120hbk-eesn-35-12-tb\/#primaryimage"},"image":{"@id":"https:\/\/tupique.com\/produit\/disque-dur-externe-western-digital-wdbbgb0120hbk-eesn-35-12-tb\/#primaryimage"},"thumbnailUrl":"https:\/\/tupique.com\/wp-content\/uploads\/2026\/04\/361083771.jpg","datePublished":"2026-04-05T10:03:52+00:00","dateModified":"2026-04-05T11:55:39+00:00","description":"Vous cherchez Disque Dur Externe Western Digital WDBBGB0120HBK-EESN 3,5\" 12 TB ? Achetez des produits chez Tupique. Profitez de la livraison gratuite pour obtenir Disque Dur Externe Western Digital WDBBGB0120HBK-EESN 3,5\" 12 TB d\u00e8s maintenant.","breadcrumb":{"@id":"https:\/\/tupique.com\/produit\/disque-dur-externe-western-digital-wdbbgb0120hbk-eesn-35-12-tb\/#breadcrumb"},"inLanguage":"pt-PT","potentialAction":[{"@type":"ReadAction","target":["https:\/\/tupique.com\/produit\/disque-dur-externe-western-digital-wdbbgb0120hbk-eesn-35-12-tb\/"]}]},{"@type":"ImageObject","inLanguage":"pt-PT","@id":"https:\/\/tupique.com\/produit\/disque-dur-externe-western-digital-wdbbgb0120hbk-eesn-35-12-tb\/#primaryimage","url":"https:\/\/tupique.com\/wp-content\/uploads\/2026\/04\/361083771.jpg","contentUrl":"https:\/\/tupique.com\/wp-content\/uploads\/2026\/04\/361083771.jpg","width":1200,"height":1200,"caption":"S55075217_0"},{"@type":"BreadcrumbList","@id":"https:\/\/tupique.com\/produit\/disque-dur-externe-western-digital-wdbbgb0120hbk-eesn-35-12-tb\/#breadcrumb","itemListElement":[{"@type":"ListItem","position":1,"name":"In\u00edcio","item":"https:\/\/tupique.com\/"},{"@type":"ListItem","position":2,"name":"Boutique","item":"https:\/\/tupique.com\/en\/boutique\/"},{"@type":"ListItem","position":3,"name":"Disque Dur Externe Western Digital WDBBGB0120HBK-EESN 3,5&#8243; 12 TB"}]},{"@type":"WebSite","@id":"https:\/\/tupique.com\/#website","url":"https:\/\/tupique.com\/","name":"Tupique","description":"Marketplace","publisher":{"@id":"https:\/\/tupique.com\/#organization"},"potentialAction":[{"@type":"SearchAction","target":{"@type":"EntryPoint","urlTemplate":"https:\/\/tupique.com\/?s={search_term_string}"},"query-input":{"@type":"PropertyValueSpecification","valueRequired":true,"valueName":"search_term_string"}}],"inLanguage":"pt-PT"},{"@type":"Organization","@id":"https:\/\/tupique.com\/#organization","name":"Tupique","url":"https:\/\/tupique.com\/","logo":{"@type":"ImageObject","inLanguage":"pt-PT","@id":"https:\/\/tupique.com\/#\/schema\/logo\/image\/","url":"https:\/\/tupique.com\/wp-content\/uploads\/2024\/09\/logo.png","contentUrl":"https:\/\/tupique.com\/wp-content\/uploads\/2024\/09\/logo.png","width":1118,"height":310,"caption":"Tupique"},"image":{"@id":"https:\/\/tupique.com\/#\/schema\/logo\/image\/"}}]}},"jetpack_sharing_enabled":true,"_links":{"self":[{"href":"https:\/\/tupique.com\/pt\/wp-json\/wp\/v2\/product\/4380434","targetHints":{"allow":["GET"]}}],"collection":[{"href":"https:\/\/tupique.com\/pt\/wp-json\/wp\/v2\/product"}],"about":[{"href":"https:\/\/tupique.com\/pt\/wp-json\/wp\/v2\/types\/product"}],"replies":[{"embeddable":true,"href":"https:\/\/tupique.com\/pt\/wp-json\/wp\/v2\/comments?post=4380434"}],"wp:featuredmedia":[{"embeddable":true,"href":"https:\/\/tupique.com\/pt\/wp-json\/wp\/v2\/media\/4380431"}],"wp:attachment":[{"href":"https:\/\/tupique.com\/pt\/wp-json\/wp\/v2\/media?parent=4380434"}],"wp:term":[{"taxonomy":"product_brand","embeddable":true,"href":"https:\/\/tupique.com\/pt\/wp-json\/wp\/v2\/product_brand?post=4380434"},{"taxonomy":"product_cat","embeddable":true,"href":"https:\/\/tupique.com\/pt\/wp-json\/wp\/v2\/product_cat?post=4380434"},{"taxonomy":"product_tag","embeddable":true,"href":"https:\/\/tupique.com\/pt\/wp-json\/wp\/v2\/product_tag?post=4380434"}],"curies":[{"name":"wp","href":"https:\/\/api.w.org\/{rel}","templated":true}]}}