{"id":4380457,"date":"2026-04-05T12:56:02","date_gmt":"2026-04-05T11:56:02","guid":{"rendered":"https:\/\/tupique.com\/produit\/montre-intelligente-apple-series-11-dore-196-46-mm\/"},"modified":"2026-04-05T12:56:02","modified_gmt":"2026-04-05T11:56:02","slug":"montre-intelligente-apple-series-11-dore-196-46-mm","status":"publish","type":"product","link":"https:\/\/tupique.com\/pt\/produto\/montre-intelligente-apple-series-11-dore-196-46-mm\/","title":{"rendered":"Montre intelligente Apple Series 11 Dor\u00e9 1,96&#8243; 46 mm"},"content":{"rendered":"<p>Se \u00e9 apaixonado por\u2019<b>inform\u00e1tica e eletr\u00f3nica<\/b>, Se est\u00e1 na vanguarda da tecnologia e n\u00e3o quer perder nada, compre <b>Montre intelligente Apple Series 11 Dor\u00e9 1,96&#8243; 46 mm<\/b> ao melhor pre\u00e7o.<\/p>\n<ul>\n<li>Bloc d\u2019Alimentation: r\u00e9seau \u00e9lectrique<\/li>\n<li>Tipo de rel\u00f3gio: Rel\u00f3gio inteligente<\/li>\n<li>Produto de encaixe: Sim<\/li>\n<li>Tipo de tomada: tomada UE<\/li>\n<li>Taille: 46 mm<\/li>\n<li>Cor:\n<ul>\n<li>Dor\u00e9<\/li>\n<li>Titane<\/li>\n<\/ul>\n<\/li>\n<li>Mem\u00f3ria interna: 64 GB<\/li>\n<li>Processeur: Dual Core<\/li>\n<li>Ecran: 1,96&#8243;<\/li>\n<li>Material: a\u00e7o inoxid\u00e1vel<\/li>\n<li>Carater\u00edsticas:\n<ul>\n<li>Aceler\u00f3metro<\/li>\n<li>Altifalantes integrados<\/li>\n<li>Ecr\u00e3 t\u00e1til<\/li>\n<li>Sensor de luz ambiente<\/li>\n<li>Girosc\u00f3pio<\/li>\n<li>Alt\u00edmetro<\/li>\n<li>Microfone incorporado<\/li>\n<li>Dist\u00e2ncia percorrida<\/li>\n<li>Monitor do sono<\/li>\n<li>Liga\u00e7\u00e3o \u00e0 rede m\u00f3vel<\/li>\n<li>Carga magn\u00e9tica<\/li>\n<li>Multidesporto<\/li>\n<li>Sensor do n\u00edvel de oxig\u00e9nio no sangue<\/li>\n<li>Ecr\u00e3 com cantos arredondados<\/li>\n<\/ul>\n<\/li>\n<li>Fun\u00e7\u00f5es:\n<ul>\n<li>Ecr\u00e3 a cores<\/li>\n<li>Monitor do sono<\/li>\n<li>Monitor do ritmo card\u00edaco<\/li>\n<\/ul>\n<\/li>\n<li>Tipo de bateria:\n<ul>\n<li>Integrado<\/li>\n<li>Litio Ion<\/li>\n<\/ul>\n<\/li>\n<li>Conectividade:\n<ul>\n<li>Bluetooth<\/li>\n<li>Wi-Fi<\/li>\n<li>GPS<\/li>\n<li>NFC<\/li>\n<li>Glonass<\/li>\n<li>BeiDou<\/li>\n<li>Galileu<\/li>\n<li>5G<\/li>\n<li>Bluetooth de baixa energia<\/li>\n<li>LTE<\/li>\n<li>Bluetooth 5.3<\/li>\n<\/ul>\n<\/li>\n<li>Compat\u00edvel: Siri<\/li>\n<li>Caisse: 46 mm<\/li>\n<li>Forma:\n<ul>\n<li>Retangular<\/li>\n<li>Carr\u00e9<\/li>\n<\/ul>\n<\/li>\n<li>C\u00e2mara: N\u00e3o<\/li>\n<li>Carregador sem fios: Sim<\/li>\n<li>R\u00e1dio FM: N\u00e3o<\/li>\n<li>Resistente \u00e0 \u00e1gua: 50 m<\/li>\n<li>Tecnologia: OLED<\/li>\n<li>Liga\u00e7\u00e3o USB: N\u00e3o<\/li>\n<li>Al\u00e7a: amov\u00edvel<\/li>\n<li>Mem\u00f3ria flash: 64 MB<\/li>\n<li>N\u00facleos: 2 n\u00facleos<\/li>\n<\/ul>","protected":false},"excerpt":{"rendered":"<p><span class=\"unit-info\">24282.3913 &euro; \/ 1 m<\/span><\/p>","protected":false},"featured_media":4380455,"comment_status":"open","ping_status":"closed","template":"","meta":{"_joinchat":[]},"product_brand":[157892],"product_cat":[157523,157516,157601],"product_tag":[157530,157522,157515],"class_list":{"0":"post-4380457","1":"product","2":"type-product","3":"status-publish","4":"has-post-thumbnail","6":"product_brand-brandp_533","7":"product_cat-electronique-telephonie-et-tablettes","8":"product_cat-informatique-electronique","9":"product_cat-smartwatches","10":"product_tag-tag_1261","11":"product_tag-tag_547","12":"product_tag-tag_1295","14":"first","15":"instock","16":"taxable","17":"shipping-taxable","18":"purchasable","19":"product-type-simple"},"yoast_head":"<!-- This site is optimized with the Yoast SEO plugin v27.2 - https:\/\/yoast.com\/product\/yoast-seo-wordpress\/ -->\n<title>Montre intelligente Apple Series 11 Dor\u00e9 1,96&quot; 46 mm - Tupique<\/title>\n<meta name=\"description\" content=\"Vous cherchez Montre intelligente Apple Series 11 Dor\u00e9 1,96&quot; 46 mm ? Achetez des produits chez Tupique. Profitez de la livraison gratuite pour obtenir Montre intelligente Apple Series 11 Dor\u00e9 1,96&quot; 46 mm d\u00e8s maintenant.\" \/>\n<meta name=\"robots\" content=\"index, follow, max-snippet:-1, max-image-preview:large, max-video-preview:-1\" \/>\n<link rel=\"canonical\" href=\"https:\/\/tupique.com\/pt\/produto\/montre-intelligente-apple-series-11-dore-196-46-mm\/\" \/>\n<meta property=\"og:locale\" content=\"pt_PT\" \/>\n<meta property=\"og:type\" content=\"article\" \/>\n<meta property=\"og:title\" content=\"Montre intelligente Apple Series 11 Dor\u00e9 1,96&quot; 46 mm - Tupique\" \/>\n<meta property=\"og:description\" content=\"Vous cherchez Montre intelligente Apple Series 11 Dor\u00e9 1,96&quot; 46 mm ? Achetez des produits chez Tupique. Profitez de la livraison gratuite pour obtenir Montre intelligente Apple Series 11 Dor\u00e9 1,96&quot; 46 mm d\u00e8s maintenant.\" \/>\n<meta property=\"og:url\" content=\"https:\/\/tupique.com\/pt\/produto\/montre-intelligente-apple-series-11-dore-196-46-mm\/\" \/>\n<meta property=\"og:site_name\" content=\"Tupique\" \/>\n<meta name=\"twitter:card\" content=\"summary_large_image\" \/>\n<meta name=\"twitter:label1\" content=\"Tempo estimado de leitura\" \/>\n\t<meta name=\"twitter:data1\" content=\"1 minuto\" \/>\n<script type=\"application\/ld+json\" class=\"yoast-schema-graph\">{\"@context\":\"https:\/\/schema.org\",\"@graph\":[{\"@type\":\"WebPage\",\"@id\":\"https:\/\/tupique.com\/produit\/montre-intelligente-apple-series-11-dore-196-46-mm\/\",\"url\":\"https:\/\/tupique.com\/produit\/montre-intelligente-apple-series-11-dore-196-46-mm\/\",\"name\":\"Montre intelligente Apple Series 11 Dor\u00e9 1,96\\\" 46 mm - Tupique\",\"isPartOf\":{\"@id\":\"https:\/\/tupique.com\/#website\"},\"primaryImageOfPage\":{\"@id\":\"https:\/\/tupique.com\/produit\/montre-intelligente-apple-series-11-dore-196-46-mm\/#primaryimage\"},\"image\":{\"@id\":\"https:\/\/tupique.com\/produit\/montre-intelligente-apple-series-11-dore-196-46-mm\/#primaryimage\"},\"thumbnailUrl\":\"https:\/\/tupique.com\/wp-content\/uploads\/2026\/04\/0195950480283_M0807443_P00.jpg\",\"datePublished\":\"2026-04-05T11:56:02+00:00\",\"description\":\"Vous cherchez Montre intelligente Apple Series 11 Dor\u00e9 1,96\\\" 46 mm ? Achetez des produits chez Tupique. Profitez de la livraison gratuite pour obtenir Montre intelligente Apple Series 11 Dor\u00e9 1,96\\\" 46 mm d\u00e8s maintenant.\",\"breadcrumb\":{\"@id\":\"https:\/\/tupique.com\/produit\/montre-intelligente-apple-series-11-dore-196-46-mm\/#breadcrumb\"},\"inLanguage\":\"pt-PT\",\"potentialAction\":[{\"@type\":\"ReadAction\",\"target\":[\"https:\/\/tupique.com\/produit\/montre-intelligente-apple-series-11-dore-196-46-mm\/\"]}]},{\"@type\":\"ImageObject\",\"inLanguage\":\"pt-PT\",\"@id\":\"https:\/\/tupique.com\/produit\/montre-intelligente-apple-series-11-dore-196-46-mm\/#primaryimage\",\"url\":\"https:\/\/tupique.com\/wp-content\/uploads\/2026\/04\/0195950480283_M0807443_P00.jpg\",\"contentUrl\":\"https:\/\/tupique.com\/wp-content\/uploads\/2026\/04\/0195950480283_M0807443_P00.jpg\",\"width\":1200,\"height\":1200,\"caption\":\"M0807443_0\"},{\"@type\":\"BreadcrumbList\",\"@id\":\"https:\/\/tupique.com\/produit\/montre-intelligente-apple-series-11-dore-196-46-mm\/#breadcrumb\",\"itemListElement\":[{\"@type\":\"ListItem\",\"position\":1,\"name\":\"In\u00edcio\",\"item\":\"https:\/\/tupique.com\/\"},{\"@type\":\"ListItem\",\"position\":2,\"name\":\"Boutique\",\"item\":\"https:\/\/tupique.com\/en\/boutique\/\"},{\"@type\":\"ListItem\",\"position\":3,\"name\":\"Montre intelligente Apple Series 11 Dor\u00e9 1,96&#8243; 46 mm\"}]},{\"@type\":\"WebSite\",\"@id\":\"https:\/\/tupique.com\/#website\",\"url\":\"https:\/\/tupique.com\/\",\"name\":\"Tupique\",\"description\":\"Marketplace\",\"publisher\":{\"@id\":\"https:\/\/tupique.com\/#organization\"},\"potentialAction\":[{\"@type\":\"SearchAction\",\"target\":{\"@type\":\"EntryPoint\",\"urlTemplate\":\"https:\/\/tupique.com\/?s={search_term_string}\"},\"query-input\":{\"@type\":\"PropertyValueSpecification\",\"valueRequired\":true,\"valueName\":\"search_term_string\"}}],\"inLanguage\":\"pt-PT\"},{\"@type\":\"Organization\",\"@id\":\"https:\/\/tupique.com\/#organization\",\"name\":\"Tupique\",\"url\":\"https:\/\/tupique.com\/\",\"logo\":{\"@type\":\"ImageObject\",\"inLanguage\":\"pt-PT\",\"@id\":\"https:\/\/tupique.com\/#\/schema\/logo\/image\/\",\"url\":\"https:\/\/tupique.com\/wp-content\/uploads\/2024\/09\/logo.png\",\"contentUrl\":\"https:\/\/tupique.com\/wp-content\/uploads\/2024\/09\/logo.png\",\"width\":1118,\"height\":310,\"caption\":\"Tupique\"},\"image\":{\"@id\":\"https:\/\/tupique.com\/#\/schema\/logo\/image\/\"}}]}<\/script>\n<!-- \/ Yoast SEO plugin. -->","yoast_head_json":{"title":"Montre intelligente Apple Series 11 Dor\u00e9 1,96\" 46 mm - Tupique","description":"Vous cherchez Montre intelligente Apple Series 11 Dor\u00e9 1,96\" 46 mm ? Achetez des produits chez Tupique. Profitez de la livraison gratuite pour obtenir Montre intelligente Apple Series 11 Dor\u00e9 1,96\" 46 mm d\u00e8s maintenant.","robots":{"index":"index","follow":"follow","max-snippet":"max-snippet:-1","max-image-preview":"max-image-preview:large","max-video-preview":"max-video-preview:-1"},"canonical":"https:\/\/tupique.com\/pt\/produto\/montre-intelligente-apple-series-11-dore-196-46-mm\/","og_locale":"pt_PT","og_type":"article","og_title":"Montre intelligente Apple Series 11 Dor\u00e9 1,96\" 46 mm - Tupique","og_description":"Vous cherchez Montre intelligente Apple Series 11 Dor\u00e9 1,96\" 46 mm ? Achetez des produits chez Tupique. Profitez de la livraison gratuite pour obtenir Montre intelligente Apple Series 11 Dor\u00e9 1,96\" 46 mm d\u00e8s maintenant.","og_url":"https:\/\/tupique.com\/pt\/produto\/montre-intelligente-apple-series-11-dore-196-46-mm\/","og_site_name":"Tupique","twitter_card":"summary_large_image","twitter_misc":{"Tempo estimado de leitura":"1 minuto"},"schema":{"@context":"https:\/\/schema.org","@graph":[{"@type":"WebPage","@id":"https:\/\/tupique.com\/produit\/montre-intelligente-apple-series-11-dore-196-46-mm\/","url":"https:\/\/tupique.com\/produit\/montre-intelligente-apple-series-11-dore-196-46-mm\/","name":"Montre intelligente Apple Series 11 Dor\u00e9 1,96\" 46 mm - Tupique","isPartOf":{"@id":"https:\/\/tupique.com\/#website"},"primaryImageOfPage":{"@id":"https:\/\/tupique.com\/produit\/montre-intelligente-apple-series-11-dore-196-46-mm\/#primaryimage"},"image":{"@id":"https:\/\/tupique.com\/produit\/montre-intelligente-apple-series-11-dore-196-46-mm\/#primaryimage"},"thumbnailUrl":"https:\/\/tupique.com\/wp-content\/uploads\/2026\/04\/0195950480283_M0807443_P00.jpg","datePublished":"2026-04-05T11:56:02+00:00","description":"Vous cherchez Montre intelligente Apple Series 11 Dor\u00e9 1,96\" 46 mm ? Achetez des produits chez Tupique. Profitez de la livraison gratuite pour obtenir Montre intelligente Apple Series 11 Dor\u00e9 1,96\" 46 mm d\u00e8s maintenant.","breadcrumb":{"@id":"https:\/\/tupique.com\/produit\/montre-intelligente-apple-series-11-dore-196-46-mm\/#breadcrumb"},"inLanguage":"pt-PT","potentialAction":[{"@type":"ReadAction","target":["https:\/\/tupique.com\/produit\/montre-intelligente-apple-series-11-dore-196-46-mm\/"]}]},{"@type":"ImageObject","inLanguage":"pt-PT","@id":"https:\/\/tupique.com\/produit\/montre-intelligente-apple-series-11-dore-196-46-mm\/#primaryimage","url":"https:\/\/tupique.com\/wp-content\/uploads\/2026\/04\/0195950480283_M0807443_P00.jpg","contentUrl":"https:\/\/tupique.com\/wp-content\/uploads\/2026\/04\/0195950480283_M0807443_P00.jpg","width":1200,"height":1200,"caption":"M0807443_0"},{"@type":"BreadcrumbList","@id":"https:\/\/tupique.com\/produit\/montre-intelligente-apple-series-11-dore-196-46-mm\/#breadcrumb","itemListElement":[{"@type":"ListItem","position":1,"name":"In\u00edcio","item":"https:\/\/tupique.com\/"},{"@type":"ListItem","position":2,"name":"Boutique","item":"https:\/\/tupique.com\/en\/boutique\/"},{"@type":"ListItem","position":3,"name":"Montre intelligente Apple Series 11 Dor\u00e9 1,96&#8243; 46 mm"}]},{"@type":"WebSite","@id":"https:\/\/tupique.com\/#website","url":"https:\/\/tupique.com\/","name":"Tupique","description":"Marketplace","publisher":{"@id":"https:\/\/tupique.com\/#organization"},"potentialAction":[{"@type":"SearchAction","target":{"@type":"EntryPoint","urlTemplate":"https:\/\/tupique.com\/?s={search_term_string}"},"query-input":{"@type":"PropertyValueSpecification","valueRequired":true,"valueName":"search_term_string"}}],"inLanguage":"pt-PT"},{"@type":"Organization","@id":"https:\/\/tupique.com\/#organization","name":"Tupique","url":"https:\/\/tupique.com\/","logo":{"@type":"ImageObject","inLanguage":"pt-PT","@id":"https:\/\/tupique.com\/#\/schema\/logo\/image\/","url":"https:\/\/tupique.com\/wp-content\/uploads\/2024\/09\/logo.png","contentUrl":"https:\/\/tupique.com\/wp-content\/uploads\/2024\/09\/logo.png","width":1118,"height":310,"caption":"Tupique"},"image":{"@id":"https:\/\/tupique.com\/#\/schema\/logo\/image\/"}}]}},"jetpack_sharing_enabled":true,"_links":{"self":[{"href":"https:\/\/tupique.com\/pt\/wp-json\/wp\/v2\/product\/4380457","targetHints":{"allow":["GET"]}}],"collection":[{"href":"https:\/\/tupique.com\/pt\/wp-json\/wp\/v2\/product"}],"about":[{"href":"https:\/\/tupique.com\/pt\/wp-json\/wp\/v2\/types\/product"}],"replies":[{"embeddable":true,"href":"https:\/\/tupique.com\/pt\/wp-json\/wp\/v2\/comments?post=4380457"}],"wp:featuredmedia":[{"embeddable":true,"href":"https:\/\/tupique.com\/pt\/wp-json\/wp\/v2\/media\/4380455"}],"wp:attachment":[{"href":"https:\/\/tupique.com\/pt\/wp-json\/wp\/v2\/media?parent=4380457"}],"wp:term":[{"taxonomy":"product_brand","embeddable":true,"href":"https:\/\/tupique.com\/pt\/wp-json\/wp\/v2\/product_brand?post=4380457"},{"taxonomy":"product_cat","embeddable":true,"href":"https:\/\/tupique.com\/pt\/wp-json\/wp\/v2\/product_cat?post=4380457"},{"taxonomy":"product_tag","embeddable":true,"href":"https:\/\/tupique.com\/pt\/wp-json\/wp\/v2\/product_tag?post=4380457"}],"curies":[{"name":"wp","href":"https:\/\/api.w.org\/{rel}","templated":true}]}}