{"id":4380474,"date":"2026-04-05T12:56:26","date_gmt":"2026-04-05T11:56:26","guid":{"rendered":"https:\/\/tupique.com\/produit\/montre-intelligente-garmin-010-02784-00-blanc-14\/"},"modified":"2026-04-05T12:56:26","modified_gmt":"2026-04-05T11:56:26","slug":"montre-intelligente-garmin-010-02784-00-blanc-14","status":"publish","type":"product","link":"https:\/\/tupique.com\/pt\/produto\/montre-intelligente-garmin-010-02784-00-blanc-14\/","title":{"rendered":"Montre intelligente GARMIN 010-02784-00 Blanc 1,4&#8243;"},"content":{"rendered":"<p>Se \u00e9 apaixonado por\u2019<b>inform\u00e1tica e eletr\u00f3nica<\/b>, Se est\u00e1 na vanguarda da tecnologia e n\u00e3o quer perder nada, compre <b>Montre intelligente GARMIN 010-02784-00 Blanc 1,4&#8243;<\/b> ao melhor pre\u00e7o.<\/p>\n<p>Le <b>smartwatch Garmin mod\u00e8le 010-02784-00<\/b> allie fonctionnalit\u00e9 avanc\u00e9e et design polyvalent, id\u00e9al pour les utilisateurs actifs et technophiles recherchant un appareil fiable et confortable. Cette montre connect\u00e9e pr\u00e9sente un bo\u00eetier de <b>45 mm<\/b> offrant un \u00e9quilibre entre visibilit\u00e9 et ergonomie, adapt\u00e9 \u00e0 la plupart des poignets. Elle est fabriqu\u00e9e avec des mat\u00e9riaux durables tels que la <b>silicone<\/b> pour le bracelet, qui apporte souplesse et confort lors d\u2019un port prolong\u00e9, et un <b>pol\u00edmero<\/b> r\u00e9sistant garantissant l\u00e9g\u00e8ret\u00e9 et robustesse \u00e0 la structure. Son design en tons <b>blancs et argent\u00e9s<\/b> conf\u00e8re un style moderne et \u00e9pur\u00e9, adaptable \u00e0 divers contextes, du sport \u00e0 un usage quotidien d\u00e9contract\u00e9. \u00c9quip\u00e9 d\u2019une technologie num\u00e9rique avanc\u00e9e, l\u2019appareil int\u00e8gre un <b>aceler\u00f3metro<\/b> permettant un suivi pr\u00e9cis des mouvements et de l\u2019activit\u00e9 physique, contribuant \u00e0 un contr\u00f4le complet de la sant\u00e9 et des performances sportives. De plus, il est r\u00e9sistant \u00e0 l\u2019eau, ce qui autorise son utilisation lors d\u2019activit\u00e9s aquatiques ou en milieu humide sans compromettre son fonctionnement. Ce smartwatch Garmin se distingue par ses fonctions soutenant \u00e0 la fois le suivi sportif et la gestion quotidienne, offrant un \u00e9quilibre optimal entre confort, durabilit\u00e9 et technologie utile pour surveiller l\u2019activit\u00e9 physique et le bien-\u00eatre. En r\u00e9sum\u00e9, il constitue une option pratique et fiable pour ceux qui appr\u00e9cient pr\u00e9cision et qualit\u00e9 dans une montre connect\u00e9e.<\/p>\n<ul>\n<li>Tipo de tomada: tomada UE<\/li>\n<li>Tipo de rel\u00f3gio: Rel\u00f3gio inteligente<\/li>\n<li>Produto de encaixe: Sim<\/li>\n<li>Bloc d\u2019Alimentation: r\u00e9seau \u00e9lectrique<\/li>\n<li>Dimensions approx.: 10 X 8 X 12 CM<\/li>\n<li>Carater\u00edsticas:\n<ul>\n<li>Monitor do sono<\/li>\n<li>Monitor do ritmo card\u00edaco<\/li>\n<li>Resistente \u00e0 \u00e1gua<\/li>\n<li>Aceler\u00f3metro<\/li>\n<li>Altifalantes integrados<\/li>\n<li>Ecr\u00e3 t\u00e1til<\/li>\n<li>Sensor de luz ambiente<\/li>\n<li>Girosc\u00f3pio<\/li>\n<li>Alarme<\/li>\n<li>Microfone incorporado<\/li>\n<li>Term\u00f3metro<\/li>\n<li>SMS<\/li>\n<li>5 atm<\/li>\n<li>Notifica\u00e7\u00f5es de chamadas e mensagens<\/li>\n<li>Sensor do n\u00edvel de oxig\u00e9nio no sangue<\/li>\n<\/ul>\n<\/li>\n<li>Fun\u00e7\u00f5es:\n<ul>\n<li>Aceler\u00f3metro<\/li>\n<li>Alarme<\/li>\n<li>Bar\u00f3metro<\/li>\n<li>Cron\u00f3metro<\/li>\n<li>Ecr\u00e3 a cores<\/li>\n<li>Ped\u00f3metro<\/li>\n<li>Consumo de calorias<\/li>\n<li>Monitor do sono<\/li>\n<li>Procurar um dispositivo<\/li>\n<li>Monitor do ritmo card\u00edaco<\/li>\n<\/ul>\n<\/li>\n<li>Podom\u00e8tre: Oui<\/li>\n<li>Utilisation recommand\u00e9e: Courir<\/li>\n<li>Thermom\u00e8tre: Oui<\/li>\n<li>Ecran tactile: Oui<\/li>\n<li>Type: Num\u00e9rique<\/li>\n<li>Imperm\u00e9abilit\u00e9: 5 atm<\/li>\n<li>Caixa: 45 mm<\/li>\n<li>Genre:\n<ul>\n<li>cualquier g\u00e9nero<\/li>\n<li>Homme<\/li>\n<li>Unisexe<\/li>\n<\/ul>\n<\/li>\n<li>Cor:\n<ul>\n<li>Prata<\/li>\n<li>Branco<\/li>\n<\/ul>\n<\/li>\n<li>Long: 4,5 cm<\/li>\n<li>Largeur: 4,5 cm<\/li>\n<li>\u00c9paisseur: 1,2 cm<\/li>\n<li>Autonomie approx.: 14 Jours<\/li>\n<li>Microfone incorporado: Sim<\/li>\n<li>Poids approx.: 46 g<\/li>\n<li>Liga\u00e7\u00f5es: USB<\/li>\n<li>Conectividade:\n<ul>\n<li>Wi-Fi<\/li>\n<li>Bluetooth<\/li>\n<li>GPS<\/li>\n<li>Glonass<\/li>\n<li>Galileu<\/li>\n<\/ul>\n<\/li>\n<li>Sistema operativo: Android<\/li>\n<li>Ecr\u00e3: 1,4<\/li>\n<li>Tecnologia: AMOLED<\/li>\n<li>Material:\n<ul>\n<li>Silicone<\/li>\n<li>Pol\u00edmero<\/li>\n<\/ul>\n<\/li>\n<li>Tipo de bateria:\n<ul>\n<li>Integrado<\/li>\n<li>Litio Ion<\/li>\n<li>Bateria de l\u00edtio recarreg\u00e1vel<\/li>\n<\/ul>\n<\/li>\n<li>Forma:\n<ul>\n<li>Redondo<\/li>\n<li>Redondo<\/li>\n<\/ul>\n<\/li>\n<li>Son: St\u00e9r\u00e9o<\/li>\n<li>Mem\u00f3ria RAM: 8 GB de RAM<\/li>\n<li>Compat\u00edvel: iOS, Android<\/li>\n<li>C\u00e2mara: N\u00e3o<\/li>\n<li>R\u00e9solution: 454 x 454 px<\/li>\n<li>Fonctionne \u00e0 piles: AA x 1, incluses<\/li>\n<li>Version: Europe<\/li>\n<li>Design: Homme<\/li>\n<li>Inclui: Temporizador<\/li>\n<li>Liga\u00e7\u00e3o USB: N\u00e3o<\/li>\n<li>Al\u00e7a: amov\u00edvel<\/li>\n<li>Diagonale de l&#8217;\u00e9cran (cm): 54,4 cm<\/li>\n<\/ul>","protected":false},"excerpt":{"rendered":"<p>Si vous \u00eates passionn\u00e9 d&#8217;informatique et d&#8217;\u00e9lectronique, si vous \u00eates \u00e0 la pointe de la technologie et qu&#8217;aucun d\u00e9tail ne<\/p>","protected":false},"featured_media":4380470,"comment_status":"open","ping_status":"closed","template":"","meta":{"_joinchat":[]},"product_brand":[157995],"product_cat":[157523,157516,157601],"product_tag":[157530,157522,157515],"class_list":{"0":"post-4380474","1":"product","2":"type-product","3":"status-publish","4":"has-post-thumbnail","6":"product_brand-brandp_649","7":"product_cat-electronique-telephonie-et-tablettes","8":"product_cat-informatique-electronique","9":"product_cat-smartwatches","10":"product_tag-tag_1261","11":"product_tag-tag_547","12":"product_tag-tag_1295","14":"first","15":"outofstock","16":"taxable","17":"shipping-taxable","18":"purchasable","19":"product-type-simple"},"yoast_head":"<!-- This site is optimized with the Yoast SEO plugin v27.2 - https:\/\/yoast.com\/product\/yoast-seo-wordpress\/ -->\n<title>Montre intelligente GARMIN 010-02784-00 Blanc 1,4&quot; - Tupique<\/title>\n<meta name=\"description\" content=\"Vous cherchez Montre intelligente GARMIN 010-02784-00 Blanc 1,4&quot; ? Achetez des produits chez Tupique. Profitez de la livraison gratuite pour obtenir Montre intelligente GARMIN 010-02784-00 Blanc 1,4&quot; d\u00e8s maintenant.\" \/>\n<meta name=\"robots\" content=\"index, follow, max-snippet:-1, max-image-preview:large, max-video-preview:-1\" \/>\n<link rel=\"canonical\" href=\"https:\/\/tupique.com\/pt\/produto\/montre-intelligente-garmin-010-02784-00-blanc-14\/\" \/>\n<meta property=\"og:locale\" content=\"pt_PT\" \/>\n<meta property=\"og:type\" content=\"article\" \/>\n<meta property=\"og:title\" content=\"Montre intelligente GARMIN 010-02784-00 Blanc 1,4&quot; - Tupique\" \/>\n<meta property=\"og:description\" content=\"Vous cherchez Montre intelligente GARMIN 010-02784-00 Blanc 1,4&quot; ? Achetez des produits chez Tupique. Profitez de la livraison gratuite pour obtenir Montre intelligente GARMIN 010-02784-00 Blanc 1,4&quot; d\u00e8s maintenant.\" \/>\n<meta property=\"og:url\" content=\"https:\/\/tupique.com\/pt\/produto\/montre-intelligente-garmin-010-02784-00-blanc-14\/\" \/>\n<meta property=\"og:site_name\" content=\"Tupique\" \/>\n<meta name=\"twitter:card\" content=\"summary_large_image\" \/>\n<meta name=\"twitter:label1\" content=\"Tempo estimado de leitura\" \/>\n\t<meta name=\"twitter:data1\" content=\"2 minutos\" \/>\n<script type=\"application\/ld+json\" class=\"yoast-schema-graph\">{\"@context\":\"https:\/\/schema.org\",\"@graph\":[{\"@type\":\"WebPage\",\"@id\":\"https:\/\/tupique.com\/produit\/montre-intelligente-garmin-010-02784-00-blanc-14\/\",\"url\":\"https:\/\/tupique.com\/produit\/montre-intelligente-garmin-010-02784-00-blanc-14\/\",\"name\":\"Montre intelligente GARMIN 010-02784-00 Blanc 1,4\\\" - Tupique\",\"isPartOf\":{\"@id\":\"https:\/\/tupique.com\/#website\"},\"primaryImageOfPage\":{\"@id\":\"https:\/\/tupique.com\/produit\/montre-intelligente-garmin-010-02784-00-blanc-14\/#primaryimage\"},\"image\":{\"@id\":\"https:\/\/tupique.com\/produit\/montre-intelligente-garmin-010-02784-00-blanc-14\/#primaryimage\"},\"thumbnailUrl\":\"https:\/\/tupique.com\/wp-content\/uploads\/2026\/04\/0753759314736_M0807439_P00.jpg\",\"datePublished\":\"2026-04-05T11:56:26+00:00\",\"description\":\"Vous cherchez Montre intelligente GARMIN 010-02784-00 Blanc 1,4\\\" ? Achetez des produits chez Tupique. Profitez de la livraison gratuite pour obtenir Montre intelligente GARMIN 010-02784-00 Blanc 1,4\\\" d\u00e8s maintenant.\",\"breadcrumb\":{\"@id\":\"https:\/\/tupique.com\/produit\/montre-intelligente-garmin-010-02784-00-blanc-14\/#breadcrumb\"},\"inLanguage\":\"pt-PT\",\"potentialAction\":[{\"@type\":\"ReadAction\",\"target\":[\"https:\/\/tupique.com\/produit\/montre-intelligente-garmin-010-02784-00-blanc-14\/\"]}]},{\"@type\":\"ImageObject\",\"inLanguage\":\"pt-PT\",\"@id\":\"https:\/\/tupique.com\/produit\/montre-intelligente-garmin-010-02784-00-blanc-14\/#primaryimage\",\"url\":\"https:\/\/tupique.com\/wp-content\/uploads\/2026\/04\/0753759314736_M0807439_P00.jpg\",\"contentUrl\":\"https:\/\/tupique.com\/wp-content\/uploads\/2026\/04\/0753759314736_M0807439_P00.jpg\",\"width\":1200,\"height\":1200,\"caption\":\"M0807439_0\"},{\"@type\":\"BreadcrumbList\",\"@id\":\"https:\/\/tupique.com\/produit\/montre-intelligente-garmin-010-02784-00-blanc-14\/#breadcrumb\",\"itemListElement\":[{\"@type\":\"ListItem\",\"position\":1,\"name\":\"In\u00edcio\",\"item\":\"https:\/\/tupique.com\/\"},{\"@type\":\"ListItem\",\"position\":2,\"name\":\"Boutique\",\"item\":\"https:\/\/tupique.com\/en\/boutique\/\"},{\"@type\":\"ListItem\",\"position\":3,\"name\":\"Montre intelligente GARMIN 010-02784-00 Blanc 1,4&#8243;\"}]},{\"@type\":\"WebSite\",\"@id\":\"https:\/\/tupique.com\/#website\",\"url\":\"https:\/\/tupique.com\/\",\"name\":\"Tupique\",\"description\":\"Marketplace\",\"publisher\":{\"@id\":\"https:\/\/tupique.com\/#organization\"},\"potentialAction\":[{\"@type\":\"SearchAction\",\"target\":{\"@type\":\"EntryPoint\",\"urlTemplate\":\"https:\/\/tupique.com\/?s={search_term_string}\"},\"query-input\":{\"@type\":\"PropertyValueSpecification\",\"valueRequired\":true,\"valueName\":\"search_term_string\"}}],\"inLanguage\":\"pt-PT\"},{\"@type\":\"Organization\",\"@id\":\"https:\/\/tupique.com\/#organization\",\"name\":\"Tupique\",\"url\":\"https:\/\/tupique.com\/\",\"logo\":{\"@type\":\"ImageObject\",\"inLanguage\":\"pt-PT\",\"@id\":\"https:\/\/tupique.com\/#\/schema\/logo\/image\/\",\"url\":\"https:\/\/tupique.com\/wp-content\/uploads\/2024\/09\/logo.png\",\"contentUrl\":\"https:\/\/tupique.com\/wp-content\/uploads\/2024\/09\/logo.png\",\"width\":1118,\"height\":310,\"caption\":\"Tupique\"},\"image\":{\"@id\":\"https:\/\/tupique.com\/#\/schema\/logo\/image\/\"}}]}<\/script>\n<!-- \/ Yoast SEO plugin. -->","yoast_head_json":{"title":"Montre intelligente GARMIN 010-02784-00 Blanc 1,4\" - Tupique","description":"Vous cherchez Montre intelligente GARMIN 010-02784-00 Blanc 1,4\" ? Achetez des produits chez Tupique. Profitez de la livraison gratuite pour obtenir Montre intelligente GARMIN 010-02784-00 Blanc 1,4\" d\u00e8s maintenant.","robots":{"index":"index","follow":"follow","max-snippet":"max-snippet:-1","max-image-preview":"max-image-preview:large","max-video-preview":"max-video-preview:-1"},"canonical":"https:\/\/tupique.com\/pt\/produto\/montre-intelligente-garmin-010-02784-00-blanc-14\/","og_locale":"pt_PT","og_type":"article","og_title":"Montre intelligente GARMIN 010-02784-00 Blanc 1,4\" - Tupique","og_description":"Vous cherchez Montre intelligente GARMIN 010-02784-00 Blanc 1,4\" ? Achetez des produits chez Tupique. Profitez de la livraison gratuite pour obtenir Montre intelligente GARMIN 010-02784-00 Blanc 1,4\" d\u00e8s maintenant.","og_url":"https:\/\/tupique.com\/pt\/produto\/montre-intelligente-garmin-010-02784-00-blanc-14\/","og_site_name":"Tupique","twitter_card":"summary_large_image","twitter_misc":{"Tempo estimado de leitura":"2 minutos"},"schema":{"@context":"https:\/\/schema.org","@graph":[{"@type":"WebPage","@id":"https:\/\/tupique.com\/produit\/montre-intelligente-garmin-010-02784-00-blanc-14\/","url":"https:\/\/tupique.com\/produit\/montre-intelligente-garmin-010-02784-00-blanc-14\/","name":"Montre intelligente GARMIN 010-02784-00 Blanc 1,4\" - Tupique","isPartOf":{"@id":"https:\/\/tupique.com\/#website"},"primaryImageOfPage":{"@id":"https:\/\/tupique.com\/produit\/montre-intelligente-garmin-010-02784-00-blanc-14\/#primaryimage"},"image":{"@id":"https:\/\/tupique.com\/produit\/montre-intelligente-garmin-010-02784-00-blanc-14\/#primaryimage"},"thumbnailUrl":"https:\/\/tupique.com\/wp-content\/uploads\/2026\/04\/0753759314736_M0807439_P00.jpg","datePublished":"2026-04-05T11:56:26+00:00","description":"Vous cherchez Montre intelligente GARMIN 010-02784-00 Blanc 1,4\" ? Achetez des produits chez Tupique. Profitez de la livraison gratuite pour obtenir Montre intelligente GARMIN 010-02784-00 Blanc 1,4\" d\u00e8s maintenant.","breadcrumb":{"@id":"https:\/\/tupique.com\/produit\/montre-intelligente-garmin-010-02784-00-blanc-14\/#breadcrumb"},"inLanguage":"pt-PT","potentialAction":[{"@type":"ReadAction","target":["https:\/\/tupique.com\/produit\/montre-intelligente-garmin-010-02784-00-blanc-14\/"]}]},{"@type":"ImageObject","inLanguage":"pt-PT","@id":"https:\/\/tupique.com\/produit\/montre-intelligente-garmin-010-02784-00-blanc-14\/#primaryimage","url":"https:\/\/tupique.com\/wp-content\/uploads\/2026\/04\/0753759314736_M0807439_P00.jpg","contentUrl":"https:\/\/tupique.com\/wp-content\/uploads\/2026\/04\/0753759314736_M0807439_P00.jpg","width":1200,"height":1200,"caption":"M0807439_0"},{"@type":"BreadcrumbList","@id":"https:\/\/tupique.com\/produit\/montre-intelligente-garmin-010-02784-00-blanc-14\/#breadcrumb","itemListElement":[{"@type":"ListItem","position":1,"name":"In\u00edcio","item":"https:\/\/tupique.com\/"},{"@type":"ListItem","position":2,"name":"Boutique","item":"https:\/\/tupique.com\/en\/boutique\/"},{"@type":"ListItem","position":3,"name":"Montre intelligente GARMIN 010-02784-00 Blanc 1,4&#8243;"}]},{"@type":"WebSite","@id":"https:\/\/tupique.com\/#website","url":"https:\/\/tupique.com\/","name":"Tupique","description":"Marketplace","publisher":{"@id":"https:\/\/tupique.com\/#organization"},"potentialAction":[{"@type":"SearchAction","target":{"@type":"EntryPoint","urlTemplate":"https:\/\/tupique.com\/?s={search_term_string}"},"query-input":{"@type":"PropertyValueSpecification","valueRequired":true,"valueName":"search_term_string"}}],"inLanguage":"pt-PT"},{"@type":"Organization","@id":"https:\/\/tupique.com\/#organization","name":"Tupique","url":"https:\/\/tupique.com\/","logo":{"@type":"ImageObject","inLanguage":"pt-PT","@id":"https:\/\/tupique.com\/#\/schema\/logo\/image\/","url":"https:\/\/tupique.com\/wp-content\/uploads\/2024\/09\/logo.png","contentUrl":"https:\/\/tupique.com\/wp-content\/uploads\/2024\/09\/logo.png","width":1118,"height":310,"caption":"Tupique"},"image":{"@id":"https:\/\/tupique.com\/#\/schema\/logo\/image\/"}}]}},"jetpack_sharing_enabled":true,"_links":{"self":[{"href":"https:\/\/tupique.com\/pt\/wp-json\/wp\/v2\/product\/4380474","targetHints":{"allow":["GET"]}}],"collection":[{"href":"https:\/\/tupique.com\/pt\/wp-json\/wp\/v2\/product"}],"about":[{"href":"https:\/\/tupique.com\/pt\/wp-json\/wp\/v2\/types\/product"}],"replies":[{"embeddable":true,"href":"https:\/\/tupique.com\/pt\/wp-json\/wp\/v2\/comments?post=4380474"}],"wp:featuredmedia":[{"embeddable":true,"href":"https:\/\/tupique.com\/pt\/wp-json\/wp\/v2\/media\/4380470"}],"wp:attachment":[{"href":"https:\/\/tupique.com\/pt\/wp-json\/wp\/v2\/media?parent=4380474"}],"wp:term":[{"taxonomy":"product_brand","embeddable":true,"href":"https:\/\/tupique.com\/pt\/wp-json\/wp\/v2\/product_brand?post=4380474"},{"taxonomy":"product_cat","embeddable":true,"href":"https:\/\/tupique.com\/pt\/wp-json\/wp\/v2\/product_cat?post=4380474"},{"taxonomy":"product_tag","embeddable":true,"href":"https:\/\/tupique.com\/pt\/wp-json\/wp\/v2\/product_tag?post=4380474"}],"curies":[{"name":"wp","href":"https:\/\/api.w.org\/{rel}","templated":true}]}}