{"id":4380511,"date":"2026-04-05T12:57:11","date_gmt":"2026-04-05T11:57:11","guid":{"rendered":"https:\/\/tupique.com\/produit\/extracteur-de-roulements-kukko-200-mm-350-mm-2-pieds\/"},"modified":"2026-04-05T12:57:11","modified_gmt":"2026-04-05T11:57:11","slug":"extracteur-de-roulements-kukko-200-mm-350-mm-2-pieds","status":"publish","type":"product","link":"https:\/\/tupique.com\/pt\/produto\/extracteur-de-roulements-kukko-200-mm-350-mm-2-pieds\/","title":{"rendered":"Extracteur de roulements KUKKO 200 mm 350 mm 2 Pieds"},"content":{"rendered":"<p>Se est\u00e1 \u00e0 procura das \u00faltimas tend\u00eancias do mercado, temos tudo o que precisa. <b>Extracteur de roulements KUKKO 200 mm 350 mm 2 Pieds<\/b> !<\/p>\n<ul>\n<li>Type: Extracteur de roulements<\/li>\n<li>Taille: 24 mm<\/li>\n<li>Largeur: 350 mm<\/li>\n<li>Port\u00e9e: 200 mm<\/li>\n<li>Longueur:\n<ul>\n<li>200 mm<\/li>\n<li>350 mm<\/li>\n<\/ul>\n<\/li>\n<li>P\u00e9s: 2 p\u00e9s<\/li>\n<\/ul>","protected":false},"excerpt":{"rendered":"<p><span class=\"unit-info\">942.8286 &euro; \/ 1 m<\/span><\/p>","protected":false},"featured_media":4380507,"comment_status":"open","ping_status":"closed","template":"","meta":{"_joinchat":[]},"product_brand":[158161],"product_cat":[157536,157535],"product_tag":[157531],"class_list":{"0":"post-4380511","1":"product","2":"type-product","3":"status-publish","4":"has-post-thumbnail","6":"product_brand-brandp_10685","7":"product_cat-bricolage-et-materiel","8":"product_cat-maison-jardin","9":"product_tag-tag_25","11":"first","12":"outofstock","13":"taxable","14":"shipping-taxable","15":"purchasable","16":"product-type-simple"},"yoast_head":"<!-- This site is optimized with the Yoast SEO plugin v27.2 - https:\/\/yoast.com\/product\/yoast-seo-wordpress\/ -->\n<title>Extracteur de roulements KUKKO 200 mm 350 mm 2 Pieds - Tupique<\/title>\n<meta name=\"description\" content=\"Vous cherchez Extracteur de roulements KUKKO 200 mm 350 mm 2 Pieds ? Achetez des produits chez Tupique. Profitez de la livraison gratuite pour obtenir Extracteur de roulements KUKKO 200 mm 350 mm 2 Pieds d\u00e8s maintenant.\" \/>\n<meta name=\"robots\" content=\"index, follow, max-snippet:-1, max-image-preview:large, max-video-preview:-1\" \/>\n<link rel=\"canonical\" href=\"https:\/\/tupique.com\/pt\/produto\/extracteur-de-roulements-kukko-200-mm-350-mm-2-pieds\/\" \/>\n<meta property=\"og:locale\" content=\"pt_PT\" \/>\n<meta property=\"og:type\" content=\"article\" \/>\n<meta property=\"og:title\" content=\"Extracteur de roulements KUKKO 200 mm 350 mm 2 Pieds - Tupique\" \/>\n<meta property=\"og:description\" content=\"Vous cherchez Extracteur de roulements KUKKO 200 mm 350 mm 2 Pieds ? Achetez des produits chez Tupique. Profitez de la livraison gratuite pour obtenir Extracteur de roulements KUKKO 200 mm 350 mm 2 Pieds d\u00e8s maintenant.\" \/>\n<meta property=\"og:url\" content=\"https:\/\/tupique.com\/pt\/produto\/extracteur-de-roulements-kukko-200-mm-350-mm-2-pieds\/\" \/>\n<meta property=\"og:site_name\" content=\"Tupique\" \/>\n<meta name=\"twitter:card\" content=\"summary_large_image\" \/>\n<script type=\"application\/ld+json\" class=\"yoast-schema-graph\">{\"@context\":\"https:\/\/schema.org\",\"@graph\":[{\"@type\":\"WebPage\",\"@id\":\"https:\/\/tupique.com\/produit\/extracteur-de-roulements-kukko-200-mm-350-mm-2-pieds\/\",\"url\":\"https:\/\/tupique.com\/produit\/extracteur-de-roulements-kukko-200-mm-350-mm-2-pieds\/\",\"name\":\"Extracteur de roulements KUKKO 200 mm 350 mm 2 Pieds - Tupique\",\"isPartOf\":{\"@id\":\"https:\/\/tupique.com\/#website\"},\"primaryImageOfPage\":{\"@id\":\"https:\/\/tupique.com\/produit\/extracteur-de-roulements-kukko-200-mm-350-mm-2-pieds\/#primaryimage\"},\"image\":{\"@id\":\"https:\/\/tupique.com\/produit\/extracteur-de-roulements-kukko-200-mm-350-mm-2-pieds\/#primaryimage\"},\"thumbnailUrl\":\"https:\/\/tupique.com\/wp-content\/uploads\/2026\/04\/4021176918759_M1205661_P00.jpg\",\"datePublished\":\"2026-04-05T11:57:11+00:00\",\"description\":\"Vous cherchez Extracteur de roulements KUKKO 200 mm 350 mm 2 Pieds ? Achetez des produits chez Tupique. Profitez de la livraison gratuite pour obtenir Extracteur de roulements KUKKO 200 mm 350 mm 2 Pieds d\u00e8s maintenant.\",\"breadcrumb\":{\"@id\":\"https:\/\/tupique.com\/produit\/extracteur-de-roulements-kukko-200-mm-350-mm-2-pieds\/#breadcrumb\"},\"inLanguage\":\"pt-PT\",\"potentialAction\":[{\"@type\":\"ReadAction\",\"target\":[\"https:\/\/tupique.com\/produit\/extracteur-de-roulements-kukko-200-mm-350-mm-2-pieds\/\"]}]},{\"@type\":\"ImageObject\",\"inLanguage\":\"pt-PT\",\"@id\":\"https:\/\/tupique.com\/produit\/extracteur-de-roulements-kukko-200-mm-350-mm-2-pieds\/#primaryimage\",\"url\":\"https:\/\/tupique.com\/wp-content\/uploads\/2026\/04\/4021176918759_M1205661_P00.jpg\",\"contentUrl\":\"https:\/\/tupique.com\/wp-content\/uploads\/2026\/04\/4021176918759_M1205661_P00.jpg\",\"width\":1200,\"height\":1200,\"caption\":\"M1205661_0\"},{\"@type\":\"BreadcrumbList\",\"@id\":\"https:\/\/tupique.com\/produit\/extracteur-de-roulements-kukko-200-mm-350-mm-2-pieds\/#breadcrumb\",\"itemListElement\":[{\"@type\":\"ListItem\",\"position\":1,\"name\":\"In\u00edcio\",\"item\":\"https:\/\/tupique.com\/\"},{\"@type\":\"ListItem\",\"position\":2,\"name\":\"Boutique\",\"item\":\"https:\/\/tupique.com\/en\/boutique\/\"},{\"@type\":\"ListItem\",\"position\":3,\"name\":\"Extracteur de roulements KUKKO 200 mm 350 mm 2 Pieds\"}]},{\"@type\":\"WebSite\",\"@id\":\"https:\/\/tupique.com\/#website\",\"url\":\"https:\/\/tupique.com\/\",\"name\":\"Tupique\",\"description\":\"Marketplace\",\"publisher\":{\"@id\":\"https:\/\/tupique.com\/#organization\"},\"potentialAction\":[{\"@type\":\"SearchAction\",\"target\":{\"@type\":\"EntryPoint\",\"urlTemplate\":\"https:\/\/tupique.com\/?s={search_term_string}\"},\"query-input\":{\"@type\":\"PropertyValueSpecification\",\"valueRequired\":true,\"valueName\":\"search_term_string\"}}],\"inLanguage\":\"pt-PT\"},{\"@type\":\"Organization\",\"@id\":\"https:\/\/tupique.com\/#organization\",\"name\":\"Tupique\",\"url\":\"https:\/\/tupique.com\/\",\"logo\":{\"@type\":\"ImageObject\",\"inLanguage\":\"pt-PT\",\"@id\":\"https:\/\/tupique.com\/#\/schema\/logo\/image\/\",\"url\":\"https:\/\/tupique.com\/wp-content\/uploads\/2024\/09\/logo.png\",\"contentUrl\":\"https:\/\/tupique.com\/wp-content\/uploads\/2024\/09\/logo.png\",\"width\":1118,\"height\":310,\"caption\":\"Tupique\"},\"image\":{\"@id\":\"https:\/\/tupique.com\/#\/schema\/logo\/image\/\"}}]}<\/script>\n<!-- \/ Yoast SEO plugin. -->","yoast_head_json":{"title":"Extracteur de roulements KUKKO 200 mm 350 mm 2 Pieds - Tupique","description":"Vous cherchez Extracteur de roulements KUKKO 200 mm 350 mm 2 Pieds ? Achetez des produits chez Tupique. Profitez de la livraison gratuite pour obtenir Extracteur de roulements KUKKO 200 mm 350 mm 2 Pieds d\u00e8s maintenant.","robots":{"index":"index","follow":"follow","max-snippet":"max-snippet:-1","max-image-preview":"max-image-preview:large","max-video-preview":"max-video-preview:-1"},"canonical":"https:\/\/tupique.com\/pt\/produto\/extracteur-de-roulements-kukko-200-mm-350-mm-2-pieds\/","og_locale":"pt_PT","og_type":"article","og_title":"Extracteur de roulements KUKKO 200 mm 350 mm 2 Pieds - Tupique","og_description":"Vous cherchez Extracteur de roulements KUKKO 200 mm 350 mm 2 Pieds ? Achetez des produits chez Tupique. Profitez de la livraison gratuite pour obtenir Extracteur de roulements KUKKO 200 mm 350 mm 2 Pieds d\u00e8s maintenant.","og_url":"https:\/\/tupique.com\/pt\/produto\/extracteur-de-roulements-kukko-200-mm-350-mm-2-pieds\/","og_site_name":"Tupique","twitter_card":"summary_large_image","schema":{"@context":"https:\/\/schema.org","@graph":[{"@type":"WebPage","@id":"https:\/\/tupique.com\/produit\/extracteur-de-roulements-kukko-200-mm-350-mm-2-pieds\/","url":"https:\/\/tupique.com\/produit\/extracteur-de-roulements-kukko-200-mm-350-mm-2-pieds\/","name":"Extracteur de roulements KUKKO 200 mm 350 mm 2 Pieds - Tupique","isPartOf":{"@id":"https:\/\/tupique.com\/#website"},"primaryImageOfPage":{"@id":"https:\/\/tupique.com\/produit\/extracteur-de-roulements-kukko-200-mm-350-mm-2-pieds\/#primaryimage"},"image":{"@id":"https:\/\/tupique.com\/produit\/extracteur-de-roulements-kukko-200-mm-350-mm-2-pieds\/#primaryimage"},"thumbnailUrl":"https:\/\/tupique.com\/wp-content\/uploads\/2026\/04\/4021176918759_M1205661_P00.jpg","datePublished":"2026-04-05T11:57:11+00:00","description":"Vous cherchez Extracteur de roulements KUKKO 200 mm 350 mm 2 Pieds ? Achetez des produits chez Tupique. Profitez de la livraison gratuite pour obtenir Extracteur de roulements KUKKO 200 mm 350 mm 2 Pieds d\u00e8s maintenant.","breadcrumb":{"@id":"https:\/\/tupique.com\/produit\/extracteur-de-roulements-kukko-200-mm-350-mm-2-pieds\/#breadcrumb"},"inLanguage":"pt-PT","potentialAction":[{"@type":"ReadAction","target":["https:\/\/tupique.com\/produit\/extracteur-de-roulements-kukko-200-mm-350-mm-2-pieds\/"]}]},{"@type":"ImageObject","inLanguage":"pt-PT","@id":"https:\/\/tupique.com\/produit\/extracteur-de-roulements-kukko-200-mm-350-mm-2-pieds\/#primaryimage","url":"https:\/\/tupique.com\/wp-content\/uploads\/2026\/04\/4021176918759_M1205661_P00.jpg","contentUrl":"https:\/\/tupique.com\/wp-content\/uploads\/2026\/04\/4021176918759_M1205661_P00.jpg","width":1200,"height":1200,"caption":"M1205661_0"},{"@type":"BreadcrumbList","@id":"https:\/\/tupique.com\/produit\/extracteur-de-roulements-kukko-200-mm-350-mm-2-pieds\/#breadcrumb","itemListElement":[{"@type":"ListItem","position":1,"name":"In\u00edcio","item":"https:\/\/tupique.com\/"},{"@type":"ListItem","position":2,"name":"Boutique","item":"https:\/\/tupique.com\/en\/boutique\/"},{"@type":"ListItem","position":3,"name":"Extracteur de roulements KUKKO 200 mm 350 mm 2 Pieds"}]},{"@type":"WebSite","@id":"https:\/\/tupique.com\/#website","url":"https:\/\/tupique.com\/","name":"Tupique","description":"Marketplace","publisher":{"@id":"https:\/\/tupique.com\/#organization"},"potentialAction":[{"@type":"SearchAction","target":{"@type":"EntryPoint","urlTemplate":"https:\/\/tupique.com\/?s={search_term_string}"},"query-input":{"@type":"PropertyValueSpecification","valueRequired":true,"valueName":"search_term_string"}}],"inLanguage":"pt-PT"},{"@type":"Organization","@id":"https:\/\/tupique.com\/#organization","name":"Tupique","url":"https:\/\/tupique.com\/","logo":{"@type":"ImageObject","inLanguage":"pt-PT","@id":"https:\/\/tupique.com\/#\/schema\/logo\/image\/","url":"https:\/\/tupique.com\/wp-content\/uploads\/2024\/09\/logo.png","contentUrl":"https:\/\/tupique.com\/wp-content\/uploads\/2024\/09\/logo.png","width":1118,"height":310,"caption":"Tupique"},"image":{"@id":"https:\/\/tupique.com\/#\/schema\/logo\/image\/"}}]}},"jetpack_sharing_enabled":true,"_links":{"self":[{"href":"https:\/\/tupique.com\/pt\/wp-json\/wp\/v2\/product\/4380511","targetHints":{"allow":["GET"]}}],"collection":[{"href":"https:\/\/tupique.com\/pt\/wp-json\/wp\/v2\/product"}],"about":[{"href":"https:\/\/tupique.com\/pt\/wp-json\/wp\/v2\/types\/product"}],"replies":[{"embeddable":true,"href":"https:\/\/tupique.com\/pt\/wp-json\/wp\/v2\/comments?post=4380511"}],"wp:featuredmedia":[{"embeddable":true,"href":"https:\/\/tupique.com\/pt\/wp-json\/wp\/v2\/media\/4380507"}],"wp:attachment":[{"href":"https:\/\/tupique.com\/pt\/wp-json\/wp\/v2\/media?parent=4380511"}],"wp:term":[{"taxonomy":"product_brand","embeddable":true,"href":"https:\/\/tupique.com\/pt\/wp-json\/wp\/v2\/product_brand?post=4380511"},{"taxonomy":"product_cat","embeddable":true,"href":"https:\/\/tupique.com\/pt\/wp-json\/wp\/v2\/product_cat?post=4380511"},{"taxonomy":"product_tag","embeddable":true,"href":"https:\/\/tupique.com\/pt\/wp-json\/wp\/v2\/product_tag?post=4380511"}],"curies":[{"name":"wp","href":"https:\/\/api.w.org\/{rel}","templated":true}]}}