{"id":4380869,"date":"2026-04-06T03:02:30","date_gmt":"2026-04-06T02:02:30","guid":{"rendered":"https:\/\/tupique.com\/produit\/aspirateur-robot-dreame-d20-pro-plus\/"},"modified":"2026-04-06T03:02:30","modified_gmt":"2026-04-06T02:02:30","slug":"aspirateur-robot-dreame-d20-pro-plus","status":"publish","type":"product","link":"https:\/\/tupique.com\/pt\/produto\/aspirateur-robot-dreame-d20-pro-plus\/","title":{"rendered":"Aspirateur robot Dreame D20 Pro Plus"},"content":{"rendered":"<p>Se gosta de cuidar de todos os pormenores da sua casa e de estar a par das \u00faltimas tend\u00eancias em produtos que lhe facilitam a vida, compre <b>Aspirateur robot Dreame D20 Pro Plus<\/b> ao melhor pre\u00e7o.<\/p>\n<p>Le <b>Dreame D20 Pro Plus<\/b> \u00e9 um <b>robot aspirateur<\/b> avanc\u00e9 con\u00e7u pour un nettoyage efficace et sans effort dans les foyers modernes, alliant technologie et fonctionnalit\u00e9 pour simplifier l\u2019entretien quotidien. Son \u00e9l\u00e9gant fini <b>preto<\/b> et son format <b>rond<\/b> de <b>35 cm de diam\u00e8tre<\/b> lui permettent de se d\u00e9placer facilement sous les meubles et d\u2019atteindre les coins difficiles d\u2019acc\u00e8s. Il est \u00e9quip\u00e9 d\u2019une batterie haute capacit\u00e9 de <b>5200 mAh<\/b> offrant jusqu\u2019\u00e0 <b>230 minutes d\u2019autonomie<\/b>, ce qui permet de nettoyer de grandes surfaces jusqu\u2019\u00e0 <b>214 m\u00b2<\/b> en une seule charge, id\u00e9al pour les grandes habitations. Il dispose d\u2019un double syst\u00e8me de stockage, avec un <b>r\u00e9servoir interne de 0,5 L<\/b> pour la poussi\u00e8re et une <b>station de vidange automatique de 5 L<\/b>, r\u00e9duisant la fr\u00e9quence de vidange manuelle et facilitant l\u2019entretien. Le <b>robot d\u00e9tecte intelligemment les obstacles<\/b>, adaptant sa trajectoire pour \u00e9viter les collisions et prolonger sa dur\u00e9e de vie, tandis que sa connectivit\u00e9 <b>Wi-Fi<\/b> permet un contr\u00f4le facile depuis votre smartphone, la gestion des programmations ou l\u2019acc\u00e8s \u00e0 des fonctions avanc\u00e9es via l\u2019application. Il int\u00e8gre \u00e9galement des <b>filtres<\/b> retenant efficacement la poussi\u00e8re et les particules, contribuant \u00e0 un air int\u00e9rieur plus sain. Sa facilit\u00e9 d\u2019utilisation et de nettoyage, ainsi que la pr\u00e9sence d\u2019un <b>c\u00e2ble d\u2019alimentation<\/b>, en font une solution pratique pour ceux qui souhaitent automatiser le m\u00e9nage sans contraintes. Le Dreame D20 Pro Plus est une solution robuste et technologiquement avanc\u00e9e pour garder votre maison impeccable au quotidien.<\/p>\n<ul>\n<li>Produto de encaixe: Sim<\/li>\n<li>Tipo de tomada: tomada UE<\/li>\n<li>Tipo:\n<ul>\n<li>Aspirateur robot<\/li>\n<li>Sac \u00e0 poussi\u00e8re<\/li>\n<\/ul>\n<\/li>\n<li>Indice de r\u00e9parabilit\u00e9: 8.1<\/li>\n<li>Profondeur: 350 mm<\/li>\n<li>Dimensions approx.: 35 cm<\/li>\n<li>Cor: preto<\/li>\n<li>Largura:\n<ul>\n<li>350 mm<\/li>\n<li>35 cm<\/li>\n<\/ul>\n<\/li>\n<li>D\u00e9p\u00f4t de solides: 350 ml<\/li>\n<li>Capacit\u00e9: 0,35 L<\/li>\n<li>Fonctions: Frott\u00e9<\/li>\n<li>Carater\u00edsticas:\n<ul>\n<li>F\u00e1cil de limpar<\/li>\n<li>Filtre<\/li>\n<li>D\u00e9tecte les obstacles<\/li>\n<\/ul>\n<\/li>\n<li>Type de batterie: Rechargeable<\/li>\n<li>Conectividade: Wi-Fi<\/li>\n<li>Forma: redonda<\/li>\n<li>Compatible:\n<ul>\n<li>Amazon Alexa<\/li>\n<li>Google Home<\/li>\n<\/ul>\n<\/li>\n<li>Inclui:\n<ul>\n<li>C\u00e2ble Alimentation<\/li>\n<li>Manual do utilizador<\/li>\n<li>Sac \u00e0 poussi\u00e8re<\/li>\n<\/ul>\n<\/li>\n<li>Batterie rechargeable: 5200 mAh<\/li>\n<\/ul>","protected":false},"excerpt":{"rendered":"<p>Si vous aimez prendre soin de chaque d\u00e9tail de votre maison et d&#8217;\u00eatre \u00e0 la derni\u00e8re mode en mati\u00e8re de<\/p>","protected":false},"featured_media":4380868,"comment_status":"open","ping_status":"closed","template":"","meta":{"_joinchat":[]},"product_brand":[158036],"product_cat":[157625,157535,157624],"product_tag":[157545],"class_list":{"0":"post-4380869","1":"product","2":"type-product","3":"status-publish","4":"has-post-thumbnail","6":"product_brand-brandp_4590","7":"product_cat-aspirateurs-et-robots","8":"product_cat-maison-jardin","9":"product_cat-nettoyage-aspirateur-et-repassage","10":"product_tag-tag_930","12":"first","13":"outofstock","14":"taxable","15":"shipping-taxable","16":"purchasable","17":"product-type-simple"},"yoast_head":"<!-- This site is optimized with the Yoast SEO plugin v27.2 - https:\/\/yoast.com\/product\/yoast-seo-wordpress\/ -->\n<title>Aspirateur robot Dreame D20 Pro Plus - Tupique<\/title>\n<meta name=\"description\" content=\"Vous cherchez Aspirateur robot Dreame D20 Pro Plus ? Achetez des produits chez Tupique. Profitez de la livraison gratuite pour obtenir Aspirateur robot Dreame D20 Pro Plus d\u00e8s maintenant.\" \/>\n<meta name=\"robots\" content=\"index, follow, max-snippet:-1, max-image-preview:large, max-video-preview:-1\" \/>\n<link rel=\"canonical\" href=\"https:\/\/tupique.com\/pt\/produto\/aspirateur-robot-dreame-d20-pro-plus\/\" \/>\n<meta property=\"og:locale\" content=\"pt_PT\" \/>\n<meta property=\"og:type\" content=\"article\" \/>\n<meta property=\"og:title\" content=\"Aspirateur robot Dreame D20 Pro Plus - Tupique\" \/>\n<meta property=\"og:description\" content=\"Vous cherchez Aspirateur robot Dreame D20 Pro Plus ? Achetez des produits chez Tupique. Profitez de la livraison gratuite pour obtenir Aspirateur robot Dreame D20 Pro Plus d\u00e8s maintenant.\" \/>\n<meta property=\"og:url\" content=\"https:\/\/tupique.com\/pt\/produto\/aspirateur-robot-dreame-d20-pro-plus\/\" \/>\n<meta property=\"og:site_name\" content=\"Tupique\" \/>\n<meta name=\"twitter:card\" content=\"summary_large_image\" \/>\n<meta name=\"twitter:label1\" content=\"Tempo estimado de leitura\" \/>\n\t<meta name=\"twitter:data1\" content=\"2 minutos\" \/>\n<script type=\"application\/ld+json\" class=\"yoast-schema-graph\">{\"@context\":\"https:\/\/schema.org\",\"@graph\":[{\"@type\":\"WebPage\",\"@id\":\"https:\/\/tupique.com\/produit\/aspirateur-robot-dreame-d20-pro-plus\/\",\"url\":\"https:\/\/tupique.com\/produit\/aspirateur-robot-dreame-d20-pro-plus\/\",\"name\":\"Aspirateur robot Dreame D20 Pro Plus - Tupique\",\"isPartOf\":{\"@id\":\"https:\/\/tupique.com\/#website\"},\"primaryImageOfPage\":{\"@id\":\"https:\/\/tupique.com\/produit\/aspirateur-robot-dreame-d20-pro-plus\/#primaryimage\"},\"image\":{\"@id\":\"https:\/\/tupique.com\/produit\/aspirateur-robot-dreame-d20-pro-plus\/#primaryimage\"},\"thumbnailUrl\":\"https:\/\/tupique.com\/wp-content\/uploads\/2026\/04\/6977328068606_S0470035_P00.jpg\",\"datePublished\":\"2026-04-06T02:02:30+00:00\",\"description\":\"Vous cherchez Aspirateur robot Dreame D20 Pro Plus ? Achetez des produits chez Tupique. Profitez de la livraison gratuite pour obtenir Aspirateur robot Dreame D20 Pro Plus d\u00e8s maintenant.\",\"breadcrumb\":{\"@id\":\"https:\/\/tupique.com\/produit\/aspirateur-robot-dreame-d20-pro-plus\/#breadcrumb\"},\"inLanguage\":\"pt-PT\",\"potentialAction\":[{\"@type\":\"ReadAction\",\"target\":[\"https:\/\/tupique.com\/produit\/aspirateur-robot-dreame-d20-pro-plus\/\"]}]},{\"@type\":\"ImageObject\",\"inLanguage\":\"pt-PT\",\"@id\":\"https:\/\/tupique.com\/produit\/aspirateur-robot-dreame-d20-pro-plus\/#primaryimage\",\"url\":\"https:\/\/tupique.com\/wp-content\/uploads\/2026\/04\/6977328068606_S0470035_P00.jpg\",\"contentUrl\":\"https:\/\/tupique.com\/wp-content\/uploads\/2026\/04\/6977328068606_S0470035_P00.jpg\",\"width\":1200,\"height\":1200,\"caption\":\"S0470035_0\"},{\"@type\":\"BreadcrumbList\",\"@id\":\"https:\/\/tupique.com\/produit\/aspirateur-robot-dreame-d20-pro-plus\/#breadcrumb\",\"itemListElement\":[{\"@type\":\"ListItem\",\"position\":1,\"name\":\"In\u00edcio\",\"item\":\"https:\/\/tupique.com\/\"},{\"@type\":\"ListItem\",\"position\":2,\"name\":\"Boutique\",\"item\":\"https:\/\/tupique.com\/en\/boutique\/\"},{\"@type\":\"ListItem\",\"position\":3,\"name\":\"Aspirateur robot Dreame D20 Pro Plus\"}]},{\"@type\":\"WebSite\",\"@id\":\"https:\/\/tupique.com\/#website\",\"url\":\"https:\/\/tupique.com\/\",\"name\":\"Tupique\",\"description\":\"Marketplace\",\"publisher\":{\"@id\":\"https:\/\/tupique.com\/#organization\"},\"potentialAction\":[{\"@type\":\"SearchAction\",\"target\":{\"@type\":\"EntryPoint\",\"urlTemplate\":\"https:\/\/tupique.com\/?s={search_term_string}\"},\"query-input\":{\"@type\":\"PropertyValueSpecification\",\"valueRequired\":true,\"valueName\":\"search_term_string\"}}],\"inLanguage\":\"pt-PT\"},{\"@type\":\"Organization\",\"@id\":\"https:\/\/tupique.com\/#organization\",\"name\":\"Tupique\",\"url\":\"https:\/\/tupique.com\/\",\"logo\":{\"@type\":\"ImageObject\",\"inLanguage\":\"pt-PT\",\"@id\":\"https:\/\/tupique.com\/#\/schema\/logo\/image\/\",\"url\":\"https:\/\/tupique.com\/wp-content\/uploads\/2024\/09\/logo.png\",\"contentUrl\":\"https:\/\/tupique.com\/wp-content\/uploads\/2024\/09\/logo.png\",\"width\":1118,\"height\":310,\"caption\":\"Tupique\"},\"image\":{\"@id\":\"https:\/\/tupique.com\/#\/schema\/logo\/image\/\"}}]}<\/script>\n<!-- \/ Yoast SEO plugin. -->","yoast_head_json":{"title":"Aspirateur robot Dreame D20 Pro Plus - Tupique","description":"Vous cherchez Aspirateur robot Dreame D20 Pro Plus ? Achetez des produits chez Tupique. Profitez de la livraison gratuite pour obtenir Aspirateur robot Dreame D20 Pro Plus d\u00e8s maintenant.","robots":{"index":"index","follow":"follow","max-snippet":"max-snippet:-1","max-image-preview":"max-image-preview:large","max-video-preview":"max-video-preview:-1"},"canonical":"https:\/\/tupique.com\/pt\/produto\/aspirateur-robot-dreame-d20-pro-plus\/","og_locale":"pt_PT","og_type":"article","og_title":"Aspirateur robot Dreame D20 Pro Plus - Tupique","og_description":"Vous cherchez Aspirateur robot Dreame D20 Pro Plus ? Achetez des produits chez Tupique. Profitez de la livraison gratuite pour obtenir Aspirateur robot Dreame D20 Pro Plus d\u00e8s maintenant.","og_url":"https:\/\/tupique.com\/pt\/produto\/aspirateur-robot-dreame-d20-pro-plus\/","og_site_name":"Tupique","twitter_card":"summary_large_image","twitter_misc":{"Tempo estimado de leitura":"2 minutos"},"schema":{"@context":"https:\/\/schema.org","@graph":[{"@type":"WebPage","@id":"https:\/\/tupique.com\/produit\/aspirateur-robot-dreame-d20-pro-plus\/","url":"https:\/\/tupique.com\/produit\/aspirateur-robot-dreame-d20-pro-plus\/","name":"Aspirateur robot Dreame D20 Pro Plus - Tupique","isPartOf":{"@id":"https:\/\/tupique.com\/#website"},"primaryImageOfPage":{"@id":"https:\/\/tupique.com\/produit\/aspirateur-robot-dreame-d20-pro-plus\/#primaryimage"},"image":{"@id":"https:\/\/tupique.com\/produit\/aspirateur-robot-dreame-d20-pro-plus\/#primaryimage"},"thumbnailUrl":"https:\/\/tupique.com\/wp-content\/uploads\/2026\/04\/6977328068606_S0470035_P00.jpg","datePublished":"2026-04-06T02:02:30+00:00","description":"Vous cherchez Aspirateur robot Dreame D20 Pro Plus ? Achetez des produits chez Tupique. Profitez de la livraison gratuite pour obtenir Aspirateur robot Dreame D20 Pro Plus d\u00e8s maintenant.","breadcrumb":{"@id":"https:\/\/tupique.com\/produit\/aspirateur-robot-dreame-d20-pro-plus\/#breadcrumb"},"inLanguage":"pt-PT","potentialAction":[{"@type":"ReadAction","target":["https:\/\/tupique.com\/produit\/aspirateur-robot-dreame-d20-pro-plus\/"]}]},{"@type":"ImageObject","inLanguage":"pt-PT","@id":"https:\/\/tupique.com\/produit\/aspirateur-robot-dreame-d20-pro-plus\/#primaryimage","url":"https:\/\/tupique.com\/wp-content\/uploads\/2026\/04\/6977328068606_S0470035_P00.jpg","contentUrl":"https:\/\/tupique.com\/wp-content\/uploads\/2026\/04\/6977328068606_S0470035_P00.jpg","width":1200,"height":1200,"caption":"S0470035_0"},{"@type":"BreadcrumbList","@id":"https:\/\/tupique.com\/produit\/aspirateur-robot-dreame-d20-pro-plus\/#breadcrumb","itemListElement":[{"@type":"ListItem","position":1,"name":"In\u00edcio","item":"https:\/\/tupique.com\/"},{"@type":"ListItem","position":2,"name":"Boutique","item":"https:\/\/tupique.com\/en\/boutique\/"},{"@type":"ListItem","position":3,"name":"Aspirateur robot Dreame D20 Pro Plus"}]},{"@type":"WebSite","@id":"https:\/\/tupique.com\/#website","url":"https:\/\/tupique.com\/","name":"Tupique","description":"Marketplace","publisher":{"@id":"https:\/\/tupique.com\/#organization"},"potentialAction":[{"@type":"SearchAction","target":{"@type":"EntryPoint","urlTemplate":"https:\/\/tupique.com\/?s={search_term_string}"},"query-input":{"@type":"PropertyValueSpecification","valueRequired":true,"valueName":"search_term_string"}}],"inLanguage":"pt-PT"},{"@type":"Organization","@id":"https:\/\/tupique.com\/#organization","name":"Tupique","url":"https:\/\/tupique.com\/","logo":{"@type":"ImageObject","inLanguage":"pt-PT","@id":"https:\/\/tupique.com\/#\/schema\/logo\/image\/","url":"https:\/\/tupique.com\/wp-content\/uploads\/2024\/09\/logo.png","contentUrl":"https:\/\/tupique.com\/wp-content\/uploads\/2024\/09\/logo.png","width":1118,"height":310,"caption":"Tupique"},"image":{"@id":"https:\/\/tupique.com\/#\/schema\/logo\/image\/"}}]}},"jetpack_sharing_enabled":true,"_links":{"self":[{"href":"https:\/\/tupique.com\/pt\/wp-json\/wp\/v2\/product\/4380869","targetHints":{"allow":["GET"]}}],"collection":[{"href":"https:\/\/tupique.com\/pt\/wp-json\/wp\/v2\/product"}],"about":[{"href":"https:\/\/tupique.com\/pt\/wp-json\/wp\/v2\/types\/product"}],"replies":[{"embeddable":true,"href":"https:\/\/tupique.com\/pt\/wp-json\/wp\/v2\/comments?post=4380869"}],"wp:featuredmedia":[{"embeddable":true,"href":"https:\/\/tupique.com\/pt\/wp-json\/wp\/v2\/media\/4380868"}],"wp:attachment":[{"href":"https:\/\/tupique.com\/pt\/wp-json\/wp\/v2\/media?parent=4380869"}],"wp:term":[{"taxonomy":"product_brand","embeddable":true,"href":"https:\/\/tupique.com\/pt\/wp-json\/wp\/v2\/product_brand?post=4380869"},{"taxonomy":"product_cat","embeddable":true,"href":"https:\/\/tupique.com\/pt\/wp-json\/wp\/v2\/product_cat?post=4380869"},{"taxonomy":"product_tag","embeddable":true,"href":"https:\/\/tupique.com\/pt\/wp-json\/wp\/v2\/product_tag?post=4380869"}],"curies":[{"name":"wp","href":"https:\/\/api.w.org\/{rel}","templated":true}]}}