{"id":4380955,"date":"2026-04-06T03:04:26","date_gmt":"2026-04-06T02:04:26","guid":{"rendered":"https:\/\/tupique.com\/produit\/cuisiniere-a-gaz-meireles-8\/"},"modified":"2026-04-06T03:04:26","modified_gmt":"2026-04-06T02:04:26","slug":"cuisiniere-a-gaz-meireles-8","status":"publish","type":"product","link":"https:\/\/tupique.com\/pt\/produto\/cuisiniere-a-gaz-meireles-8\/","title":{"rendered":"Cuisini\u00e8re \u00e0 Gaz Meireles"},"content":{"rendered":"<p>Se est\u00e1 \u00e0 procura das \u00faltimas tend\u00eancias do mercado, temos tudo o que precisa. <b>Cuisini\u00e8re \u00e0 Gaz Meireles<\/b> !<\/p>\n<p>La cuisini\u00e8re \u00e0 gaz Meireles G801XST NAT est un appareil \u00e9lectrom\u00e9nager con\u00e7u pour ceux qui recherchent fonctionnalit\u00e9 et efficacit\u00e9 dans leur cuisine. Avec un design \u00e9l\u00e9gant et une capacit\u00e9 polyvalente, cette cuisini\u00e8re permet de pr\u00e9parer une vari\u00e9t\u00e9 de plats avec facilit\u00e9. Elle est \u00e9quip\u00e9e de cinq br\u00fbleurs \u00e0 gaz naturel, offrant une excellente r\u00e9partition de la chaleur et permettant de cuisiner plus rapidement et uniform\u00e9ment. La surface de la cuisini\u00e8re est r\u00e9sistante et facile \u00e0 nettoyer, garantissant que son entretien ne soit pas un effort. De plus, son syst\u00e8me d&#8217;allumage est pratique et s\u00fbr, facilitant le d\u00e9marrage de la cuisson sans complications. Cette cuisini\u00e8re \u00e0 gaz est id\u00e9ale pour tout type de cuisine, des espaces r\u00e9duits aux grandes cuisines familiales, et s&#8217;adapte parfaitement \u00e0 vos besoins culinaires.<\/p>\n<p>&#8211; Mod\u00e8le : G801XST NAT<\/p>\n<p>&#8211; Marque : Meireles<\/p>\n<p>&#8211; Type de produit : Cuisini\u00e8re \u00e0 gaz<\/p>\n<p>&#8211; Nombre de br\u00fbleurs : 5<\/p>\n<p>&#8211; Type de gaz : Naturel<\/p>\n<p>&#8211; Design \u00e9l\u00e9gant, facile \u00e0 nettoyer<\/p>\n<p>&#8211; Syst\u00e8me d&#8217;allumage pratique et s\u00fbr<\/p>\n<p>&#8211; Id\u00e9ale pour diverses modalit\u00e9s de cuisson et espaces<\/p>\n<p>&#8211; Excellente r\u00e9partition de la chaleur pour cuisiner uniform\u00e9ment<\/p>\n<ul>\n<li>Type: Cuisini\u00e8re \u00e0 Gaz<\/li>\n<li>Informations importantes: En ce qui concerne le raccordement au gaz, il convient de respecter les r\u00e9glementations nationales en vigueur.<\/li>\n<\/ul>\n<p>Informations importantes: En ce qui concerne le raccordement au gaz, il convient de respecter les r\u00e9glementations nationales en vigueur..<\/p>","protected":false},"excerpt":{"rendered":"<p><span class=\"unit-info\">7.0521 &euro; \/ 1 l<\/span><\/p>","protected":false},"featured_media":4380954,"comment_status":"open","ping_status":"closed","template":"","meta":{"_joinchat":[]},"product_brand":[158097],"product_cat":[157538,158067,157539],"product_tag":[157544],"class_list":{"0":"post-4380955","1":"product","2":"type-product","3":"status-publish","4":"has-post-thumbnail","6":"product_brand-brandp_1637","7":"product_cat-cuisine-gourmet","8":"product_cat-fours","9":"product_cat-petit-electromenager","10":"product_tag-tag_926","12":"first","13":"instock","14":"taxable","15":"shipping-taxable","16":"purchasable","17":"product-type-simple"},"yoast_head":"<!-- This site is optimized with the Yoast SEO plugin v27.2 - https:\/\/yoast.com\/product\/yoast-seo-wordpress\/ -->\n<title>Cuisini\u00e8re \u00e0 Gaz Meireles - Tupique<\/title>\n<meta name=\"description\" content=\"Vous cherchez Cuisini\u00e8re \u00e0 Gaz Meireles ? Achetez des produits chez Tupique. Profitez de la livraison gratuite pour obtenir Cuisini\u00e8re \u00e0 Gaz Meireles d\u00e8s maintenant.\" \/>\n<meta name=\"robots\" content=\"index, follow, max-snippet:-1, max-image-preview:large, max-video-preview:-1\" \/>\n<link rel=\"canonical\" href=\"https:\/\/tupique.com\/pt\/produto\/cuisiniere-a-gaz-meireles-8\/\" \/>\n<meta property=\"og:locale\" content=\"pt_PT\" \/>\n<meta property=\"og:type\" content=\"article\" \/>\n<meta property=\"og:title\" content=\"Cuisini\u00e8re \u00e0 Gaz Meireles - Tupique\" \/>\n<meta property=\"og:description\" content=\"Vous cherchez Cuisini\u00e8re \u00e0 Gaz Meireles ? Achetez des produits chez Tupique. Profitez de la livraison gratuite pour obtenir Cuisini\u00e8re \u00e0 Gaz Meireles d\u00e8s maintenant.\" \/>\n<meta property=\"og:url\" content=\"https:\/\/tupique.com\/pt\/produto\/cuisiniere-a-gaz-meireles-8\/\" \/>\n<meta property=\"og:site_name\" content=\"Tupique\" \/>\n<meta name=\"twitter:card\" content=\"summary_large_image\" \/>\n<meta name=\"twitter:label1\" content=\"Tempo estimado de leitura\" \/>\n\t<meta name=\"twitter:data1\" content=\"1 minuto\" \/>\n<script type=\"application\/ld+json\" class=\"yoast-schema-graph\">{\"@context\":\"https:\/\/schema.org\",\"@graph\":[{\"@type\":\"WebPage\",\"@id\":\"https:\/\/tupique.com\/produit\/cuisiniere-a-gaz-meireles-8\/\",\"url\":\"https:\/\/tupique.com\/produit\/cuisiniere-a-gaz-meireles-8\/\",\"name\":\"Cuisini\u00e8re \u00e0 Gaz Meireles - Tupique\",\"isPartOf\":{\"@id\":\"https:\/\/tupique.com\/#website\"},\"primaryImageOfPage\":{\"@id\":\"https:\/\/tupique.com\/produit\/cuisiniere-a-gaz-meireles-8\/#primaryimage\"},\"image\":{\"@id\":\"https:\/\/tupique.com\/produit\/cuisiniere-a-gaz-meireles-8\/#primaryimage\"},\"thumbnailUrl\":\"https:\/\/tupique.com\/wp-content\/uploads\/2026\/04\/5604409072818_S0463836_P00.jpg\",\"datePublished\":\"2026-04-06T02:04:26+00:00\",\"description\":\"Vous cherchez Cuisini\u00e8re \u00e0 Gaz Meireles ? Achetez des produits chez Tupique. Profitez de la livraison gratuite pour obtenir Cuisini\u00e8re \u00e0 Gaz Meireles d\u00e8s maintenant.\",\"breadcrumb\":{\"@id\":\"https:\/\/tupique.com\/produit\/cuisiniere-a-gaz-meireles-8\/#breadcrumb\"},\"inLanguage\":\"pt-PT\",\"potentialAction\":[{\"@type\":\"ReadAction\",\"target\":[\"https:\/\/tupique.com\/produit\/cuisiniere-a-gaz-meireles-8\/\"]}]},{\"@type\":\"ImageObject\",\"inLanguage\":\"pt-PT\",\"@id\":\"https:\/\/tupique.com\/produit\/cuisiniere-a-gaz-meireles-8\/#primaryimage\",\"url\":\"https:\/\/tupique.com\/wp-content\/uploads\/2026\/04\/5604409072818_S0463836_P00.jpg\",\"contentUrl\":\"https:\/\/tupique.com\/wp-content\/uploads\/2026\/04\/5604409072818_S0463836_P00.jpg\",\"width\":1200,\"height\":1200,\"caption\":\"S0463836_0\"},{\"@type\":\"BreadcrumbList\",\"@id\":\"https:\/\/tupique.com\/produit\/cuisiniere-a-gaz-meireles-8\/#breadcrumb\",\"itemListElement\":[{\"@type\":\"ListItem\",\"position\":1,\"name\":\"In\u00edcio\",\"item\":\"https:\/\/tupique.com\/\"},{\"@type\":\"ListItem\",\"position\":2,\"name\":\"Boutique\",\"item\":\"https:\/\/tupique.com\/en\/boutique\/\"},{\"@type\":\"ListItem\",\"position\":3,\"name\":\"Cuisini\u00e8re \u00e0 Gaz Meireles\"}]},{\"@type\":\"WebSite\",\"@id\":\"https:\/\/tupique.com\/#website\",\"url\":\"https:\/\/tupique.com\/\",\"name\":\"Tupique\",\"description\":\"Marketplace\",\"publisher\":{\"@id\":\"https:\/\/tupique.com\/#organization\"},\"potentialAction\":[{\"@type\":\"SearchAction\",\"target\":{\"@type\":\"EntryPoint\",\"urlTemplate\":\"https:\/\/tupique.com\/?s={search_term_string}\"},\"query-input\":{\"@type\":\"PropertyValueSpecification\",\"valueRequired\":true,\"valueName\":\"search_term_string\"}}],\"inLanguage\":\"pt-PT\"},{\"@type\":\"Organization\",\"@id\":\"https:\/\/tupique.com\/#organization\",\"name\":\"Tupique\",\"url\":\"https:\/\/tupique.com\/\",\"logo\":{\"@type\":\"ImageObject\",\"inLanguage\":\"pt-PT\",\"@id\":\"https:\/\/tupique.com\/#\/schema\/logo\/image\/\",\"url\":\"https:\/\/tupique.com\/wp-content\/uploads\/2024\/09\/logo.png\",\"contentUrl\":\"https:\/\/tupique.com\/wp-content\/uploads\/2024\/09\/logo.png\",\"width\":1118,\"height\":310,\"caption\":\"Tupique\"},\"image\":{\"@id\":\"https:\/\/tupique.com\/#\/schema\/logo\/image\/\"}}]}<\/script>\n<!-- \/ Yoast SEO plugin. -->","yoast_head_json":{"title":"Cuisini\u00e8re \u00e0 Gaz Meireles - Tupique","description":"Vous cherchez Cuisini\u00e8re \u00e0 Gaz Meireles ? Achetez des produits chez Tupique. Profitez de la livraison gratuite pour obtenir Cuisini\u00e8re \u00e0 Gaz Meireles d\u00e8s maintenant.","robots":{"index":"index","follow":"follow","max-snippet":"max-snippet:-1","max-image-preview":"max-image-preview:large","max-video-preview":"max-video-preview:-1"},"canonical":"https:\/\/tupique.com\/pt\/produto\/cuisiniere-a-gaz-meireles-8\/","og_locale":"pt_PT","og_type":"article","og_title":"Cuisini\u00e8re \u00e0 Gaz Meireles - Tupique","og_description":"Vous cherchez Cuisini\u00e8re \u00e0 Gaz Meireles ? Achetez des produits chez Tupique. Profitez de la livraison gratuite pour obtenir Cuisini\u00e8re \u00e0 Gaz Meireles d\u00e8s maintenant.","og_url":"https:\/\/tupique.com\/pt\/produto\/cuisiniere-a-gaz-meireles-8\/","og_site_name":"Tupique","twitter_card":"summary_large_image","twitter_misc":{"Tempo estimado de leitura":"1 minuto"},"schema":{"@context":"https:\/\/schema.org","@graph":[{"@type":"WebPage","@id":"https:\/\/tupique.com\/produit\/cuisiniere-a-gaz-meireles-8\/","url":"https:\/\/tupique.com\/produit\/cuisiniere-a-gaz-meireles-8\/","name":"Cuisini\u00e8re \u00e0 Gaz Meireles - Tupique","isPartOf":{"@id":"https:\/\/tupique.com\/#website"},"primaryImageOfPage":{"@id":"https:\/\/tupique.com\/produit\/cuisiniere-a-gaz-meireles-8\/#primaryimage"},"image":{"@id":"https:\/\/tupique.com\/produit\/cuisiniere-a-gaz-meireles-8\/#primaryimage"},"thumbnailUrl":"https:\/\/tupique.com\/wp-content\/uploads\/2026\/04\/5604409072818_S0463836_P00.jpg","datePublished":"2026-04-06T02:04:26+00:00","description":"Vous cherchez Cuisini\u00e8re \u00e0 Gaz Meireles ? Achetez des produits chez Tupique. Profitez de la livraison gratuite pour obtenir Cuisini\u00e8re \u00e0 Gaz Meireles d\u00e8s maintenant.","breadcrumb":{"@id":"https:\/\/tupique.com\/produit\/cuisiniere-a-gaz-meireles-8\/#breadcrumb"},"inLanguage":"pt-PT","potentialAction":[{"@type":"ReadAction","target":["https:\/\/tupique.com\/produit\/cuisiniere-a-gaz-meireles-8\/"]}]},{"@type":"ImageObject","inLanguage":"pt-PT","@id":"https:\/\/tupique.com\/produit\/cuisiniere-a-gaz-meireles-8\/#primaryimage","url":"https:\/\/tupique.com\/wp-content\/uploads\/2026\/04\/5604409072818_S0463836_P00.jpg","contentUrl":"https:\/\/tupique.com\/wp-content\/uploads\/2026\/04\/5604409072818_S0463836_P00.jpg","width":1200,"height":1200,"caption":"S0463836_0"},{"@type":"BreadcrumbList","@id":"https:\/\/tupique.com\/produit\/cuisiniere-a-gaz-meireles-8\/#breadcrumb","itemListElement":[{"@type":"ListItem","position":1,"name":"In\u00edcio","item":"https:\/\/tupique.com\/"},{"@type":"ListItem","position":2,"name":"Boutique","item":"https:\/\/tupique.com\/en\/boutique\/"},{"@type":"ListItem","position":3,"name":"Cuisini\u00e8re \u00e0 Gaz Meireles"}]},{"@type":"WebSite","@id":"https:\/\/tupique.com\/#website","url":"https:\/\/tupique.com\/","name":"Tupique","description":"Marketplace","publisher":{"@id":"https:\/\/tupique.com\/#organization"},"potentialAction":[{"@type":"SearchAction","target":{"@type":"EntryPoint","urlTemplate":"https:\/\/tupique.com\/?s={search_term_string}"},"query-input":{"@type":"PropertyValueSpecification","valueRequired":true,"valueName":"search_term_string"}}],"inLanguage":"pt-PT"},{"@type":"Organization","@id":"https:\/\/tupique.com\/#organization","name":"Tupique","url":"https:\/\/tupique.com\/","logo":{"@type":"ImageObject","inLanguage":"pt-PT","@id":"https:\/\/tupique.com\/#\/schema\/logo\/image\/","url":"https:\/\/tupique.com\/wp-content\/uploads\/2024\/09\/logo.png","contentUrl":"https:\/\/tupique.com\/wp-content\/uploads\/2024\/09\/logo.png","width":1118,"height":310,"caption":"Tupique"},"image":{"@id":"https:\/\/tupique.com\/#\/schema\/logo\/image\/"}}]}},"jetpack_sharing_enabled":true,"_links":{"self":[{"href":"https:\/\/tupique.com\/pt\/wp-json\/wp\/v2\/product\/4380955","targetHints":{"allow":["GET"]}}],"collection":[{"href":"https:\/\/tupique.com\/pt\/wp-json\/wp\/v2\/product"}],"about":[{"href":"https:\/\/tupique.com\/pt\/wp-json\/wp\/v2\/types\/product"}],"replies":[{"embeddable":true,"href":"https:\/\/tupique.com\/pt\/wp-json\/wp\/v2\/comments?post=4380955"}],"wp:featuredmedia":[{"embeddable":true,"href":"https:\/\/tupique.com\/pt\/wp-json\/wp\/v2\/media\/4380954"}],"wp:attachment":[{"href":"https:\/\/tupique.com\/pt\/wp-json\/wp\/v2\/media?parent=4380955"}],"wp:term":[{"taxonomy":"product_brand","embeddable":true,"href":"https:\/\/tupique.com\/pt\/wp-json\/wp\/v2\/product_brand?post=4380955"},{"taxonomy":"product_cat","embeddable":true,"href":"https:\/\/tupique.com\/pt\/wp-json\/wp\/v2\/product_cat?post=4380955"},{"taxonomy":"product_tag","embeddable":true,"href":"https:\/\/tupique.com\/pt\/wp-json\/wp\/v2\/product_tag?post=4380955"}],"curies":[{"name":"wp","href":"https:\/\/api.w.org\/{rel}","templated":true}]}}