{"id":4380963,"date":"2026-04-06T03:04:39","date_gmt":"2026-04-06T02:04:39","guid":{"rendered":"https:\/\/tupique.com\/produit\/appareil-photo-numerique-insta360-goultracreatorblack-noir\/"},"modified":"2026-04-06T23:58:38","modified_gmt":"2026-04-06T22:58:38","slug":"appareil-photo-numerique-insta360-goultracreatorblack-noir","status":"publish","type":"product","link":"https:\/\/tupique.com\/pt\/produto\/appareil-photo-numerique-insta360-goultracreatorblack-noir\/","title":{"rendered":"Appareil Photo Num\u00e9rique Insta360 GOULTRACREATORBLACK Noir"},"content":{"rendered":"<p>Se \u00e9 apaixonado por\u2019<b>inform\u00e1tica e eletr\u00f3nica<\/b>, Se est\u00e1 na vanguarda da tecnologia e n\u00e3o quer perder nada, compre <b>Appareil Photo Num\u00e9rique Insta360 GOULTRACREATORBLACK Noir<\/b> ao melhor pre\u00e7o.<\/p>\n<ul>\n<li>Produto de encaixe: Sim<\/li>\n<li>Cor: preto<\/li>\n<\/ul>","protected":false},"excerpt":{"rendered":"<p>Si vous \u00eates passionn\u00e9 d&#8217;informatique et d&#8217;\u00e9lectronique, si vous \u00eates \u00e0 la pointe de la technologie et qu&#8217;aucun d\u00e9tail ne<\/p>","protected":false},"featured_media":4380962,"comment_status":"open","ping_status":"closed","template":"","meta":{"_joinchat":[]},"product_brand":[158030],"product_cat":[158152,157899,157516],"product_tag":[157898],"class_list":{"0":"post-4380963","1":"product","2":"type-product","3":"status-publish","4":"has-post-thumbnail","6":"product_brand-brandp_2530","7":"product_cat-appareils-photo-compacts","8":"product_cat-electronique-photo-et-video","9":"product_cat-informatique-electronique","10":"product_tag-tag_27","12":"first","13":"instock","14":"taxable","15":"shipping-taxable","16":"purchasable","17":"product-type-simple"},"yoast_head":"<!-- This site is optimized with the Yoast SEO plugin v27.2 - https:\/\/yoast.com\/product\/yoast-seo-wordpress\/ -->\n<title>Appareil Photo Num\u00e9rique Insta360 GOULTRACREATORBLACK Noir - Tupique<\/title>\n<meta name=\"description\" content=\"Vous cherchez Appareil Photo Num\u00e9rique Insta360 GOULTRACREATORBLACK Noir ? Achetez des produits chez Tupique. Profitez de la livraison gratuite pour obtenir Appareil Photo Num\u00e9rique Insta360 GOULTRACREATORBLACK Noir d\u00e8s maintenant.\" \/>\n<meta name=\"robots\" content=\"index, follow, max-snippet:-1, max-image-preview:large, max-video-preview:-1\" \/>\n<link rel=\"canonical\" href=\"https:\/\/tupique.com\/pt\/produto\/appareil-photo-numerique-insta360-goultracreatorblack-noir\/\" \/>\n<meta property=\"og:locale\" content=\"pt_PT\" \/>\n<meta property=\"og:type\" content=\"article\" \/>\n<meta property=\"og:title\" content=\"Appareil Photo Num\u00e9rique Insta360 GOULTRACREATORBLACK Noir - Tupique\" \/>\n<meta property=\"og:description\" content=\"Vous cherchez Appareil Photo Num\u00e9rique Insta360 GOULTRACREATORBLACK Noir ? Achetez des produits chez Tupique. Profitez de la livraison gratuite pour obtenir Appareil Photo Num\u00e9rique Insta360 GOULTRACREATORBLACK Noir d\u00e8s maintenant.\" \/>\n<meta property=\"og:url\" content=\"https:\/\/tupique.com\/pt\/produto\/appareil-photo-numerique-insta360-goultracreatorblack-noir\/\" \/>\n<meta property=\"og:site_name\" content=\"Tupique\" \/>\n<meta property=\"article:modified_time\" content=\"2026-04-06T22:58:38+00:00\" \/>\n<meta property=\"og:image\" content=\"https:\/\/tupique.com\/wp-content\/uploads\/2026\/04\/6977644765241_S0470398_P00.jpg\" \/>\n\t<meta property=\"og:image:width\" content=\"1200\" \/>\n\t<meta property=\"og:image:height\" content=\"1200\" \/>\n\t<meta property=\"og:image:type\" content=\"image\/jpeg\" \/>\n<meta name=\"twitter:card\" content=\"summary_large_image\" \/>\n<script type=\"application\/ld+json\" class=\"yoast-schema-graph\">{\"@context\":\"https:\/\/schema.org\",\"@graph\":[{\"@type\":\"WebPage\",\"@id\":\"https:\/\/tupique.com\/produit\/appareil-photo-numerique-insta360-goultracreatorblack-noir\/\",\"url\":\"https:\/\/tupique.com\/produit\/appareil-photo-numerique-insta360-goultracreatorblack-noir\/\",\"name\":\"Appareil Photo Num\u00e9rique Insta360 GOULTRACREATORBLACK Noir - Tupique\",\"isPartOf\":{\"@id\":\"https:\/\/tupique.com\/#website\"},\"primaryImageOfPage\":{\"@id\":\"https:\/\/tupique.com\/produit\/appareil-photo-numerique-insta360-goultracreatorblack-noir\/#primaryimage\"},\"image\":{\"@id\":\"https:\/\/tupique.com\/produit\/appareil-photo-numerique-insta360-goultracreatorblack-noir\/#primaryimage\"},\"thumbnailUrl\":\"https:\/\/tupique.com\/wp-content\/uploads\/2026\/04\/6977644765241_S0470398_P00.jpg\",\"datePublished\":\"2026-04-06T02:04:39+00:00\",\"dateModified\":\"2026-04-06T22:58:38+00:00\",\"description\":\"Vous cherchez Appareil Photo Num\u00e9rique Insta360 GOULTRACREATORBLACK Noir ? Achetez des produits chez Tupique. Profitez de la livraison gratuite pour obtenir Appareil Photo Num\u00e9rique Insta360 GOULTRACREATORBLACK Noir d\u00e8s maintenant.\",\"breadcrumb\":{\"@id\":\"https:\/\/tupique.com\/produit\/appareil-photo-numerique-insta360-goultracreatorblack-noir\/#breadcrumb\"},\"inLanguage\":\"pt-PT\",\"potentialAction\":[{\"@type\":\"ReadAction\",\"target\":[\"https:\/\/tupique.com\/produit\/appareil-photo-numerique-insta360-goultracreatorblack-noir\/\"]}]},{\"@type\":\"ImageObject\",\"inLanguage\":\"pt-PT\",\"@id\":\"https:\/\/tupique.com\/produit\/appareil-photo-numerique-insta360-goultracreatorblack-noir\/#primaryimage\",\"url\":\"https:\/\/tupique.com\/wp-content\/uploads\/2026\/04\/6977644765241_S0470398_P00.jpg\",\"contentUrl\":\"https:\/\/tupique.com\/wp-content\/uploads\/2026\/04\/6977644765241_S0470398_P00.jpg\",\"width\":1200,\"height\":1200,\"caption\":\"S0470398_0\"},{\"@type\":\"BreadcrumbList\",\"@id\":\"https:\/\/tupique.com\/produit\/appareil-photo-numerique-insta360-goultracreatorblack-noir\/#breadcrumb\",\"itemListElement\":[{\"@type\":\"ListItem\",\"position\":1,\"name\":\"In\u00edcio\",\"item\":\"https:\/\/tupique.com\/\"},{\"@type\":\"ListItem\",\"position\":2,\"name\":\"Boutique\",\"item\":\"https:\/\/tupique.com\/en\/boutique\/\"},{\"@type\":\"ListItem\",\"position\":3,\"name\":\"Appareil Photo Num\u00e9rique Insta360 GOULTRACREATORBLACK Noir\"}]},{\"@type\":\"WebSite\",\"@id\":\"https:\/\/tupique.com\/#website\",\"url\":\"https:\/\/tupique.com\/\",\"name\":\"Tupique\",\"description\":\"Marketplace\",\"publisher\":{\"@id\":\"https:\/\/tupique.com\/#organization\"},\"potentialAction\":[{\"@type\":\"SearchAction\",\"target\":{\"@type\":\"EntryPoint\",\"urlTemplate\":\"https:\/\/tupique.com\/?s={search_term_string}\"},\"query-input\":{\"@type\":\"PropertyValueSpecification\",\"valueRequired\":true,\"valueName\":\"search_term_string\"}}],\"inLanguage\":\"pt-PT\"},{\"@type\":\"Organization\",\"@id\":\"https:\/\/tupique.com\/#organization\",\"name\":\"Tupique\",\"url\":\"https:\/\/tupique.com\/\",\"logo\":{\"@type\":\"ImageObject\",\"inLanguage\":\"pt-PT\",\"@id\":\"https:\/\/tupique.com\/#\/schema\/logo\/image\/\",\"url\":\"https:\/\/tupique.com\/wp-content\/uploads\/2024\/09\/logo.png\",\"contentUrl\":\"https:\/\/tupique.com\/wp-content\/uploads\/2024\/09\/logo.png\",\"width\":1118,\"height\":310,\"caption\":\"Tupique\"},\"image\":{\"@id\":\"https:\/\/tupique.com\/#\/schema\/logo\/image\/\"}}]}<\/script>\n<!-- \/ Yoast SEO plugin. -->","yoast_head_json":{"title":"Appareil Photo Num\u00e9rique Insta360 GOULTRACREATORBLACK Noir - Tupique","description":"Vous cherchez Appareil Photo Num\u00e9rique Insta360 GOULTRACREATORBLACK Noir ? Achetez des produits chez Tupique. Profitez de la livraison gratuite pour obtenir Appareil Photo Num\u00e9rique Insta360 GOULTRACREATORBLACK Noir d\u00e8s maintenant.","robots":{"index":"index","follow":"follow","max-snippet":"max-snippet:-1","max-image-preview":"max-image-preview:large","max-video-preview":"max-video-preview:-1"},"canonical":"https:\/\/tupique.com\/pt\/produto\/appareil-photo-numerique-insta360-goultracreatorblack-noir\/","og_locale":"pt_PT","og_type":"article","og_title":"Appareil Photo Num\u00e9rique Insta360 GOULTRACREATORBLACK Noir - Tupique","og_description":"Vous cherchez Appareil Photo Num\u00e9rique Insta360 GOULTRACREATORBLACK Noir ? Achetez des produits chez Tupique. Profitez de la livraison gratuite pour obtenir Appareil Photo Num\u00e9rique Insta360 GOULTRACREATORBLACK Noir d\u00e8s maintenant.","og_url":"https:\/\/tupique.com\/pt\/produto\/appareil-photo-numerique-insta360-goultracreatorblack-noir\/","og_site_name":"Tupique","article_modified_time":"2026-04-06T22:58:38+00:00","og_image":[{"width":1200,"height":1200,"url":"https:\/\/tupique.com\/wp-content\/uploads\/2026\/04\/6977644765241_S0470398_P00.jpg","type":"image\/jpeg"}],"twitter_card":"summary_large_image","schema":{"@context":"https:\/\/schema.org","@graph":[{"@type":"WebPage","@id":"https:\/\/tupique.com\/produit\/appareil-photo-numerique-insta360-goultracreatorblack-noir\/","url":"https:\/\/tupique.com\/produit\/appareil-photo-numerique-insta360-goultracreatorblack-noir\/","name":"Appareil Photo Num\u00e9rique Insta360 GOULTRACREATORBLACK Noir - Tupique","isPartOf":{"@id":"https:\/\/tupique.com\/#website"},"primaryImageOfPage":{"@id":"https:\/\/tupique.com\/produit\/appareil-photo-numerique-insta360-goultracreatorblack-noir\/#primaryimage"},"image":{"@id":"https:\/\/tupique.com\/produit\/appareil-photo-numerique-insta360-goultracreatorblack-noir\/#primaryimage"},"thumbnailUrl":"https:\/\/tupique.com\/wp-content\/uploads\/2026\/04\/6977644765241_S0470398_P00.jpg","datePublished":"2026-04-06T02:04:39+00:00","dateModified":"2026-04-06T22:58:38+00:00","description":"Vous cherchez Appareil Photo Num\u00e9rique Insta360 GOULTRACREATORBLACK Noir ? Achetez des produits chez Tupique. Profitez de la livraison gratuite pour obtenir Appareil Photo Num\u00e9rique Insta360 GOULTRACREATORBLACK Noir d\u00e8s maintenant.","breadcrumb":{"@id":"https:\/\/tupique.com\/produit\/appareil-photo-numerique-insta360-goultracreatorblack-noir\/#breadcrumb"},"inLanguage":"pt-PT","potentialAction":[{"@type":"ReadAction","target":["https:\/\/tupique.com\/produit\/appareil-photo-numerique-insta360-goultracreatorblack-noir\/"]}]},{"@type":"ImageObject","inLanguage":"pt-PT","@id":"https:\/\/tupique.com\/produit\/appareil-photo-numerique-insta360-goultracreatorblack-noir\/#primaryimage","url":"https:\/\/tupique.com\/wp-content\/uploads\/2026\/04\/6977644765241_S0470398_P00.jpg","contentUrl":"https:\/\/tupique.com\/wp-content\/uploads\/2026\/04\/6977644765241_S0470398_P00.jpg","width":1200,"height":1200,"caption":"S0470398_0"},{"@type":"BreadcrumbList","@id":"https:\/\/tupique.com\/produit\/appareil-photo-numerique-insta360-goultracreatorblack-noir\/#breadcrumb","itemListElement":[{"@type":"ListItem","position":1,"name":"In\u00edcio","item":"https:\/\/tupique.com\/"},{"@type":"ListItem","position":2,"name":"Boutique","item":"https:\/\/tupique.com\/en\/boutique\/"},{"@type":"ListItem","position":3,"name":"Appareil Photo Num\u00e9rique Insta360 GOULTRACREATORBLACK Noir"}]},{"@type":"WebSite","@id":"https:\/\/tupique.com\/#website","url":"https:\/\/tupique.com\/","name":"Tupique","description":"Marketplace","publisher":{"@id":"https:\/\/tupique.com\/#organization"},"potentialAction":[{"@type":"SearchAction","target":{"@type":"EntryPoint","urlTemplate":"https:\/\/tupique.com\/?s={search_term_string}"},"query-input":{"@type":"PropertyValueSpecification","valueRequired":true,"valueName":"search_term_string"}}],"inLanguage":"pt-PT"},{"@type":"Organization","@id":"https:\/\/tupique.com\/#organization","name":"Tupique","url":"https:\/\/tupique.com\/","logo":{"@type":"ImageObject","inLanguage":"pt-PT","@id":"https:\/\/tupique.com\/#\/schema\/logo\/image\/","url":"https:\/\/tupique.com\/wp-content\/uploads\/2024\/09\/logo.png","contentUrl":"https:\/\/tupique.com\/wp-content\/uploads\/2024\/09\/logo.png","width":1118,"height":310,"caption":"Tupique"},"image":{"@id":"https:\/\/tupique.com\/#\/schema\/logo\/image\/"}}]}},"jetpack_sharing_enabled":true,"_links":{"self":[{"href":"https:\/\/tupique.com\/pt\/wp-json\/wp\/v2\/product\/4380963","targetHints":{"allow":["GET"]}}],"collection":[{"href":"https:\/\/tupique.com\/pt\/wp-json\/wp\/v2\/product"}],"about":[{"href":"https:\/\/tupique.com\/pt\/wp-json\/wp\/v2\/types\/product"}],"replies":[{"embeddable":true,"href":"https:\/\/tupique.com\/pt\/wp-json\/wp\/v2\/comments?post=4380963"}],"wp:featuredmedia":[{"embeddable":true,"href":"https:\/\/tupique.com\/pt\/wp-json\/wp\/v2\/media\/4380962"}],"wp:attachment":[{"href":"https:\/\/tupique.com\/pt\/wp-json\/wp\/v2\/media?parent=4380963"}],"wp:term":[{"taxonomy":"product_brand","embeddable":true,"href":"https:\/\/tupique.com\/pt\/wp-json\/wp\/v2\/product_brand?post=4380963"},{"taxonomy":"product_cat","embeddable":true,"href":"https:\/\/tupique.com\/pt\/wp-json\/wp\/v2\/product_cat?post=4380963"},{"taxonomy":"product_tag","embeddable":true,"href":"https:\/\/tupique.com\/pt\/wp-json\/wp\/v2\/product_tag?post=4380963"}],"curies":[{"name":"wp","href":"https:\/\/api.w.org\/{rel}","templated":true}]}}